{"id":91646,"date":"2023-01-19T15:26:44","date_gmt":"2023-01-19T14:26:44","guid":{"rendered":"https:\/\/swissraft.xyanzkdne.eu\/product\/segelflugzeug-schaenis-einfuehrung-in-das-fliegen-eines-segelflugzeugs\/"},"modified":"2024-10-12T21:35:11","modified_gmt":"2024-10-12T19:35:11","slug":"segelflugzeug-schaenis-einfuehrung-in-das-fliegen-eines-segelflugzeugs","status":"publish","type":"product","link":"https:\/\/www.swissraft.ch\/de\/produkt\/segelflugzeug-schaenis-einfuehrung-in-das-fliegen-eines-segelflugzeugs\/","title":{"rendered":"Segelflugzeug Sch\u00e4nis &#8211; Einf\u00fchrung in das Fliegen eines Segelflugzeugs"},"content":{"rendered":"\t\t<div data-elementor-type=\"wp-post\" data-elementor-id=\"91646\" class=\"elementor elementor-91646 elementor-30580\">\n\t\t\t\t\t\t\t\t\t<section class=\"elementor-section elementor-top-section elementor-element elementor-element-3303a7e3 elementor-section-boxed elementor-section-height-default elementor-section-height-default\" data-id=\"3303a7e3\" data-element_type=\"section\">\n\t\t\t\t\t\t<div class=\"elementor-container elementor-column-gap-default\">\n\t\t\t\t\t<div class=\"elementor-column elementor-col-100 elementor-top-column elementor-element elementor-element-16d72dbf\" data-id=\"16d72dbf\" data-element_type=\"column\">\n\t\t\t<div class=\"elementor-widget-wrap elementor-element-populated\">\n\t\t\t\t\t\t\t\t<div class=\"elementor-element elementor-element-d743c03 elementor-widget elementor-widget-text-editor\" data-id=\"d743c03\" data-element_type=\"widget\" data-widget_type=\"text-editor.default\">\n\t\t\t\t<div class=\"elementor-widget-container\">\n\t\t\t\t\t\t\t<h2>W\u00c4HLEN SIE UNTEN IHRE AKTIVIT\u00c4T AUS, UM GESCHENKGUTSCHEINE \/ TICKETS ZU VERSCHENKEN ODER ZU BUCHEN.<\/h2>\n<table border=\"0\" width=\"580\" cellspacing=\"10\" cellpadding=\"10\">\n<tbody>\n<tr>\n<td width=\"50%\"><strong>1) 60 Min. Einweisung (1 Pers.) in das Segelflugzeug ASK-21 <\/strong><\/td>\n<td><strong>CHF 290<span class=\"productPrice\"><br \/><\/span><\/strong><\/td>\n<\/tr>\n<tr>\n<td>Zus\u00e4tzliche Informationen<\/td>\n<td> <\/td>\n<\/tr>\n<tr>\n<td>A\u00e9roport<\/td>\n<td>Sch\u00e4nis<\/td>\n<\/tr>\n<tr>\n<td>Flugzeit<\/td>\n<td>ca. 1 Stunde<\/td>\n<\/tr>\n<tr>\n<td>Gesamtdauer<\/td>\n<td>ca. 1,5 Stunden<\/td>\n<\/tr>\n<tr>\n<td>Terminvereinbarung<\/td>\n<td>Per Telefon<\/td>\n<\/tr>\n<tr>\n<td>F\u00fcr Reservierungen <a href=\"\/contact\">kontaktieren Sie uns bitte.<\/a><\/td>\n<td><button class=\"elementor-button\" type=\"button\"><a href=\"https:\/\/swissraft.outdoorbooking.ch\/fo\/products\/1149?base_id=28&amp;category_id=4&amp;order_type=gift_voucher&amp;lang=de&amp;campaignid=244015613\" target=\"_blank\" rel=\"noopener\">Kaufen<\/a><\/button><\/td>\n<\/tr>\n<\/tbody>\n<\/table>\n<table border=\"0\" width=\"580\" cellspacing=\"10\" cellpadding=\"10\">\n<tbody>\n<tr>\n<td width=\"50%\"><strong>2) 60 Min. Einf\u00fchrung (1 Pers.) in ein motorisiertes Segelflugzeug <\/strong><\/td>\n<td><strong>CHF 350<span class=\"productPrice\"><br \/><\/span><\/strong><\/td>\n<\/tr>\n<tr>\n<td>Zus\u00e4tzliche Informationen<\/td>\n<td> <\/td>\n<\/tr>\n<tr>\n<td>A\u00e9roport<\/td>\n<td>Sch\u00e4nis<\/td>\n<\/tr>\n<tr>\n<td>Flugzeit<\/td>\n<td>ca. 1 Stunde<\/td>\n<\/tr>\n<tr>\n<td>Gesamtdauer<\/td>\n<td>ca. 1,5 Stunden<\/td>\n<\/tr>\n<tr>\n<td>Terminvereinbarung<\/td>\n<td>Per Telefon<\/td>\n<\/tr>\n<tr>\n<td>F\u00fcr Reservierungen <a href=\"\/contact\">kontaktieren Sie uns bitte.<\/a><\/td>\n<td><button class=\"elementor-button\" type=\"button\"><a href=\"https:\/\/swissraft.outdoorbooking.ch\/fo\/products\/1150?base_id=28&amp;category_id=4&amp;order_type=gift_voucher&amp;lang=de&amp;campaignid=244015613\" target=\"_blank\" rel=\"noopener\">Kaufen<\/a><\/button><\/td>\n<\/tr>\n<\/tbody>\n<\/table>\n\t\t\t\t\t\t<\/div>\n\t\t\t\t<\/div>\n\t\t\t\t\t<\/div>\n\t\t<\/div>\n\t\t\t\t\t\t\t<\/div>\n\t\t<\/section>\n\t\t\t\t\t\t\t<\/div>\n\t\t","protected":false},"excerpt":{"rendered":"<div align=\"justify\">  Ein gutes Geschenk zum Verschenken? Was f\u00fcr eine sch\u00f6ne Idee! Von Sch\u00e4nis im Kanton St. Gallen aus wird die Starterlaubnis erteilt und schon sind Sie am Steuer unseres Segelflugzeuges, das von einem Schleppflugzeug gezogen wird, in der Luft. Nach etwa 10 Minuten Schleppzeit trennen Sie sich von Ihrem Schleppflugzeug und treten ein in die faszinierende Welt des Segelflugs&#8230; Pures Vergn\u00fcgen. Wir bieten auch Einf\u00fchrungen in motorisierte Segelflugzeuge vom Typ Dimona an. Ein Fluglehrer unserer Flugschule wird Ihnen w\u00e4hrend des gesamten Fluges zur Seite stehen. Swissraft bietet Ihnen auch andere Basen, um ein Flugzeug, einen Hubschrauber, einen Gyrocopter oder ein Ultraleichtflugzeug zum ersten Mal zu fliegen: in Bern-Belp f\u00fcr Helikopter und Flugzeug, aber auch im Berner Oberland in Gsteigwiler f\u00fcr Helikopter, im Aargau in Buttwil f\u00fcr Helikopter und Flugzeug, in Grenchen im Kanton Solothurn f\u00fcr Helikopter, aber auch f\u00fcr Motorsegler, im Kanton Neuenburg in La Chaux-de-Fonds mit dem Hubschrauber, im Kanton Luzern in Pfaffnau mit dem Hubschrauber und in Sargans-Balzers mit dem Hubschrauber, im Thurgau in Sitterdorf mit dem Hubschrauber, im Kanton Graub\u00fcnden in St. Moritz mit dem Hubschrauber und in St. Moritz mit dem Hubschrauber. Im Kanton Freiburg in \u00c9pagny mit Hubschrauber und Flugzeug, im Tessin in Locarno mit Hubschrauber und Flugzeug und in Lodrino mit Hubschrauber, in Z\u00fcrich-Kloten und Fehraltorf mit Hubschrauber, in der N\u00e4he von Basel in Freiburg\/Breisgau in Deutschland mit Gyrocopter, sowie Einweisung in Ultraleichtflugzeuge: Ultraleichtflugzeuge (ULM).           <\/div>\n","protected":false},"featured_media":0,"comment_status":"open","ping_status":"closed","template":"","meta":{"inline_featured_image":false,"_mi_skip_tracking":false},"product_cat":[248],"product_tag":[],"class_list":["post-91646","product","type-product","status-publish","hentry","product_cat-non-classifiee"],"yoast_head":"<!-- This site is optimized with the Yoast SEO plugin v23.6 - https:\/\/yoast.com\/wordpress\/plugins\/seo\/ -->\n<title>Segelflugzeug Sch\u00e4nis - Einf\u00fchrung in das Fliegen eines Segelflugzeugs - Swissraft<\/title>\n<meta name=\"robots\" content=\"index, follow, max-snippet:-1, max-image-preview:large, max-video-preview:-1\" \/>\n<link rel=\"canonical\" href=\"https:\/\/www.swissraft.ch\/de\/produkt\/segelflugzeug-schaenis-einfuehrung-in-das-fliegen-eines-segelflugzeugs\/\" \/>\n<meta property=\"og:locale\" content=\"de_DE\" \/>\n<meta property=\"og:type\" content=\"article\" \/>\n<meta property=\"og:title\" content=\"Segelflugzeug Sch\u00e4nis - Einf\u00fchrung in das Fliegen eines Segelflugzeugs - Swissraft\" \/>\n<meta property=\"og:description\" content=\"Ein gutes Geschenk zum Verschenken? Was f\u00fcr eine sch\u00f6ne Idee! Von Sch\u00e4nis im Kanton St. Gallen aus wird die Starterlaubnis erteilt und schon sind Sie am Steuer unseres Segelflugzeuges, das von einem Schleppflugzeug gezogen wird, in der Luft. Nach etwa 10 Minuten Schleppzeit trennen Sie sich von Ihrem Schleppflugzeug und treten ein in die faszinierende Welt des Segelflugs... Pures Vergn\u00fcgen. Wir bieten auch Einf\u00fchrungen in motorisierte Segelflugzeuge vom Typ Dimona an. Ein Fluglehrer unserer Flugschule wird Ihnen w\u00e4hrend des gesamten Fluges zur Seite stehen. Swissraft bietet Ihnen auch andere Basen, um ein Flugzeug, einen Hubschrauber, einen Gyrocopter oder ein Ultraleichtflugzeug zum ersten Mal zu fliegen: in Bern-Belp f\u00fcr Helikopter und Flugzeug, aber auch im Berner Oberland in Gsteigwiler f\u00fcr Helikopter, im Aargau in Buttwil f\u00fcr Helikopter und Flugzeug, in Grenchen im Kanton Solothurn f\u00fcr Helikopter, aber auch f\u00fcr Motorsegler, im Kanton Neuenburg in La Chaux-de-Fonds mit dem Hubschrauber, im Kanton Luzern in Pfaffnau mit dem Hubschrauber und in Sargans-Balzers mit dem Hubschrauber, im Thurgau in Sitterdorf mit dem Hubschrauber, im Kanton Graub\u00fcnden in St. Moritz mit dem Hubschrauber und in St. Moritz mit dem Hubschrauber. Im Kanton Freiburg in \u00c9pagny mit Hubschrauber und Flugzeug, im Tessin in Locarno mit Hubschrauber und Flugzeug und in Lodrino mit Hubschrauber, in Z\u00fcrich-Kloten und Fehraltorf mit Hubschrauber, in der N\u00e4he von Basel in Freiburg\/Breisgau in Deutschland mit Gyrocopter, sowie Einweisung in Ultraleichtflugzeuge: Ultraleichtflugzeuge (ULM).\" \/>\n<meta property=\"og:url\" content=\"https:\/\/www.swissraft.ch\/de\/produkt\/segelflugzeug-schaenis-einfuehrung-in-das-fliegen-eines-segelflugzeugs\/\" \/>\n<meta property=\"og:site_name\" content=\"Swissraft\" \/>\n<meta property=\"article:modified_time\" content=\"2024-10-12T19:35:11+00:00\" \/>\n<meta name=\"twitter:card\" content=\"summary_large_image\" \/>\n<script type=\"application\/ld+json\" class=\"yoast-schema-graph\">{\"@context\":\"https:\/\/schema.org\",\"@graph\":[{\"@type\":\"WebPage\",\"@id\":\"https:\/\/www.swissraft.ch\/de\/produkt\/segelflugzeug-schaenis-einfuehrung-in-das-fliegen-eines-segelflugzeugs\/\",\"url\":\"https:\/\/www.swissraft.ch\/de\/produkt\/segelflugzeug-schaenis-einfuehrung-in-das-fliegen-eines-segelflugzeugs\/\",\"name\":\"Segelflugzeug Sch\u00e4nis - Einf\u00fchrung in das Fliegen eines Segelflugzeugs - Swissraft\",\"isPartOf\":{\"@id\":\"https:\/\/www.swissraft.ch\/de\/#website\"},\"datePublished\":\"2023-01-19T14:26:44+00:00\",\"dateModified\":\"2024-10-12T19:35:11+00:00\",\"breadcrumb\":{\"@id\":\"https:\/\/www.swissraft.ch\/de\/produkt\/segelflugzeug-schaenis-einfuehrung-in-das-fliegen-eines-segelflugzeugs\/#breadcrumb\"},\"inLanguage\":\"de\",\"potentialAction\":[{\"@type\":\"ReadAction\",\"target\":[\"https:\/\/www.swissraft.ch\/de\/produkt\/segelflugzeug-schaenis-einfuehrung-in-das-fliegen-eines-segelflugzeugs\/\"]}]},{\"@type\":\"BreadcrumbList\",\"@id\":\"https:\/\/www.swissraft.ch\/de\/produkt\/segelflugzeug-schaenis-einfuehrung-in-das-fliegen-eines-segelflugzeugs\/#breadcrumb\",\"itemListElement\":[{\"@type\":\"ListItem\",\"position\":1,\"name\":\"Accueil\",\"item\":\"https:\/\/www.swissraft.ch\/de\/\"},{\"@type\":\"ListItem\",\"position\":2,\"name\":\"Shop\",\"item\":\"https:\/\/www.swissraft.ch\/de\/shop\/\"},{\"@type\":\"ListItem\",\"position\":3,\"name\":\"Segelflugzeug Sch\u00e4nis &#8211; Einf\u00fchrung in das Fliegen eines Segelflugzeugs\"}]},{\"@type\":\"WebSite\",\"@id\":\"https:\/\/www.swissraft.ch\/de\/#website\",\"url\":\"https:\/\/www.swissraft.ch\/de\/\",\"name\":\"Swissraft\",\"description\":\"To enjoy nature as it is\",\"publisher\":{\"@id\":\"https:\/\/www.swissraft.ch\/de\/#organization\"},\"potentialAction\":[{\"@type\":\"SearchAction\",\"target\":{\"@type\":\"EntryPoint\",\"urlTemplate\":\"https:\/\/www.swissraft.ch\/de\/?s={search_term_string}\"},\"query-input\":{\"@type\":\"PropertyValueSpecification\",\"valueRequired\":true,\"valueName\":\"search_term_string\"}}],\"inLanguage\":\"de\"},{\"@type\":\"Organization\",\"@id\":\"https:\/\/www.swissraft.ch\/de\/#organization\",\"name\":\"Swissraft\",\"url\":\"https:\/\/www.swissraft.ch\/de\/\",\"logo\":{\"@type\":\"ImageObject\",\"inLanguage\":\"de\",\"@id\":\"https:\/\/www.swissraft.ch\/de\/#\/schema\/logo\/image\/\",\"url\":\"https:\/\/www.swissraft.ch\/wp-content\/uploads\/2025\/09\/Capture.jpg\",\"contentUrl\":\"https:\/\/www.swissraft.ch\/wp-content\/uploads\/2025\/09\/Capture.jpg\",\"width\":293,\"height\":108,\"caption\":\"Swissraft\"},\"image\":{\"@id\":\"https:\/\/www.swissraft.ch\/de\/#\/schema\/logo\/image\/\"}}]}<\/script>\n<!-- \/ Yoast SEO plugin. -->","yoast_head_json":{"title":"Segelflugzeug Sch\u00e4nis - Einf\u00fchrung in das Fliegen eines Segelflugzeugs - Swissraft","robots":{"index":"index","follow":"follow","max-snippet":"max-snippet:-1","max-image-preview":"max-image-preview:large","max-video-preview":"max-video-preview:-1"},"canonical":"https:\/\/www.swissraft.ch\/de\/produkt\/segelflugzeug-schaenis-einfuehrung-in-das-fliegen-eines-segelflugzeugs\/","og_locale":"de_DE","og_type":"article","og_title":"Segelflugzeug Sch\u00e4nis - Einf\u00fchrung in das Fliegen eines Segelflugzeugs - Swissraft","og_description":"Ein gutes Geschenk zum Verschenken? Was f\u00fcr eine sch\u00f6ne Idee! Von Sch\u00e4nis im Kanton St. Gallen aus wird die Starterlaubnis erteilt und schon sind Sie am Steuer unseres Segelflugzeuges, das von einem Schleppflugzeug gezogen wird, in der Luft. Nach etwa 10 Minuten Schleppzeit trennen Sie sich von Ihrem Schleppflugzeug und treten ein in die faszinierende Welt des Segelflugs... Pures Vergn\u00fcgen. Wir bieten auch Einf\u00fchrungen in motorisierte Segelflugzeuge vom Typ Dimona an. Ein Fluglehrer unserer Flugschule wird Ihnen w\u00e4hrend des gesamten Fluges zur Seite stehen. Swissraft bietet Ihnen auch andere Basen, um ein Flugzeug, einen Hubschrauber, einen Gyrocopter oder ein Ultraleichtflugzeug zum ersten Mal zu fliegen: in Bern-Belp f\u00fcr Helikopter und Flugzeug, aber auch im Berner Oberland in Gsteigwiler f\u00fcr Helikopter, im Aargau in Buttwil f\u00fcr Helikopter und Flugzeug, in Grenchen im Kanton Solothurn f\u00fcr Helikopter, aber auch f\u00fcr Motorsegler, im Kanton Neuenburg in La Chaux-de-Fonds mit dem Hubschrauber, im Kanton Luzern in Pfaffnau mit dem Hubschrauber und in Sargans-Balzers mit dem Hubschrauber, im Thurgau in Sitterdorf mit dem Hubschrauber, im Kanton Graub\u00fcnden in St. Moritz mit dem Hubschrauber und in St. Moritz mit dem Hubschrauber. Im Kanton Freiburg in \u00c9pagny mit Hubschrauber und Flugzeug, im Tessin in Locarno mit Hubschrauber und Flugzeug und in Lodrino mit Hubschrauber, in Z\u00fcrich-Kloten und Fehraltorf mit Hubschrauber, in der N\u00e4he von Basel in Freiburg\/Breisgau in Deutschland mit Gyrocopter, sowie Einweisung in Ultraleichtflugzeuge: Ultraleichtflugzeuge (ULM).","og_url":"https:\/\/www.swissraft.ch\/de\/produkt\/segelflugzeug-schaenis-einfuehrung-in-das-fliegen-eines-segelflugzeugs\/","og_site_name":"Swissraft","article_modified_time":"2024-10-12T19:35:11+00:00","twitter_card":"summary_large_image","schema":{"@context":"https:\/\/schema.org","@graph":[{"@type":"WebPage","@id":"https:\/\/www.swissraft.ch\/de\/produkt\/segelflugzeug-schaenis-einfuehrung-in-das-fliegen-eines-segelflugzeugs\/","url":"https:\/\/www.swissraft.ch\/de\/produkt\/segelflugzeug-schaenis-einfuehrung-in-das-fliegen-eines-segelflugzeugs\/","name":"Segelflugzeug Sch\u00e4nis - Einf\u00fchrung in das Fliegen eines Segelflugzeugs - Swissraft","isPartOf":{"@id":"https:\/\/www.swissraft.ch\/de\/#website"},"datePublished":"2023-01-19T14:26:44+00:00","dateModified":"2024-10-12T19:35:11+00:00","breadcrumb":{"@id":"https:\/\/www.swissraft.ch\/de\/produkt\/segelflugzeug-schaenis-einfuehrung-in-das-fliegen-eines-segelflugzeugs\/#breadcrumb"},"inLanguage":"de","potentialAction":[{"@type":"ReadAction","target":["https:\/\/www.swissraft.ch\/de\/produkt\/segelflugzeug-schaenis-einfuehrung-in-das-fliegen-eines-segelflugzeugs\/"]}]},{"@type":"BreadcrumbList","@id":"https:\/\/www.swissraft.ch\/de\/produkt\/segelflugzeug-schaenis-einfuehrung-in-das-fliegen-eines-segelflugzeugs\/#breadcrumb","itemListElement":[{"@type":"ListItem","position":1,"name":"Accueil","item":"https:\/\/www.swissraft.ch\/de\/"},{"@type":"ListItem","position":2,"name":"Shop","item":"https:\/\/www.swissraft.ch\/de\/shop\/"},{"@type":"ListItem","position":3,"name":"Segelflugzeug Sch\u00e4nis &#8211; Einf\u00fchrung in das Fliegen eines Segelflugzeugs"}]},{"@type":"WebSite","@id":"https:\/\/www.swissraft.ch\/de\/#website","url":"https:\/\/www.swissraft.ch\/de\/","name":"Swissraft","description":"To enjoy nature as it is","publisher":{"@id":"https:\/\/www.swissraft.ch\/de\/#organization"},"potentialAction":[{"@type":"SearchAction","target":{"@type":"EntryPoint","urlTemplate":"https:\/\/www.swissraft.ch\/de\/?s={search_term_string}"},"query-input":{"@type":"PropertyValueSpecification","valueRequired":true,"valueName":"search_term_string"}}],"inLanguage":"de"},{"@type":"Organization","@id":"https:\/\/www.swissraft.ch\/de\/#organization","name":"Swissraft","url":"https:\/\/www.swissraft.ch\/de\/","logo":{"@type":"ImageObject","inLanguage":"de","@id":"https:\/\/www.swissraft.ch\/de\/#\/schema\/logo\/image\/","url":"https:\/\/www.swissraft.ch\/wp-content\/uploads\/2025\/09\/Capture.jpg","contentUrl":"https:\/\/www.swissraft.ch\/wp-content\/uploads\/2025\/09\/Capture.jpg","width":293,"height":108,"caption":"Swissraft"},"image":{"@id":"https:\/\/www.swissraft.ch\/de\/#\/schema\/logo\/image\/"}}]}},"_links":{"self":[{"href":"https:\/\/www.swissraft.ch\/de\/wp-json\/wp\/v2\/product\/91646","targetHints":{"allow":["GET"]}}],"collection":[{"href":"https:\/\/www.swissraft.ch\/de\/wp-json\/wp\/v2\/product"}],"about":[{"href":"https:\/\/www.swissraft.ch\/de\/wp-json\/wp\/v2\/types\/product"}],"replies":[{"embeddable":true,"href":"https:\/\/www.swissraft.ch\/de\/wp-json\/wp\/v2\/comments?post=91646"}],"version-history":[{"count":0,"href":"https:\/\/www.swissraft.ch\/de\/wp-json\/wp\/v2\/product\/91646\/revisions"}],"wp:attachment":[{"href":"https:\/\/www.swissraft.ch\/de\/wp-json\/wp\/v2\/media?parent=91646"}],"wp:term":[{"taxonomy":"product_cat","embeddable":true,"href":"https:\/\/www.swissraft.ch\/de\/wp-json\/wp\/v2\/product_cat?post=91646"},{"taxonomy":"product_tag","embeddable":true,"href":"https:\/\/www.swissraft.ch\/de\/wp-json\/wp\/v2\/product_tag?post=91646"}],"curies":[{"name":"wp","href":"https:\/\/api.w.org\/{rel}","templated":true}]}}