{"id":91638,"date":"2023-01-19T14:43:22","date_gmt":"2023-01-19T13:43:22","guid":{"rendered":"https:\/\/swissraft.xyanzkdne.eu\/product\/einfuehrung-in-ein-elektroflugzeug-ab-epagny-velis-electro-chf-199-00\/"},"modified":"2026-05-02T22:29:25","modified_gmt":"2026-05-02T20:29:25","slug":"schnupperflug-electroflugzeug-velis-epagny","status":"publish","type":"product","link":"https:\/\/www.swissraft.ch\/de\/produkt\/schnupperflug-electroflugzeug-velis-epagny\/","title":{"rendered":"Schnupperflug &#8211; Elektroflugzeug &#8211; \u00c9pagny &#8211; Velis Electro &#8211; CHF 199.00"},"content":{"rendered":"\t\t<div data-elementor-type=\"wp-post\" data-elementor-id=\"91638\" class=\"elementor elementor-91638 elementor-30543\">\n\t\t\t\t\t\t\t\t\t<section class=\"elementor-section elementor-top-section elementor-element elementor-element-3303a7e3 elementor-section-boxed elementor-section-height-default elementor-section-height-default\" data-id=\"3303a7e3\" data-element_type=\"section\">\n\t\t\t\t\t\t<div class=\"elementor-container elementor-column-gap-default\">\n\t\t\t\t\t<div class=\"elementor-column elementor-col-100 elementor-top-column elementor-element elementor-element-16d72dbf\" data-id=\"16d72dbf\" data-element_type=\"column\">\n\t\t\t<div class=\"elementor-widget-wrap elementor-element-populated\">\n\t\t\t\t\t\t\t\t<div class=\"elementor-element elementor-element-d743c03 elementor-widget elementor-widget-text-editor\" data-id=\"d743c03\" data-element_type=\"widget\" data-widget_type=\"text-editor.default\">\n\t\t\t\t<div class=\"elementor-widget-container\">\n\t\t\t\t\t\t\t<h2>W\u00c4HLEN SIE UNTEN IHRE AKTIVIT\u00c4T AUS, UM GESCHENKGUTSCHEINE \/ TICKETS ZU VERSCHENKEN ODER ZU BUCHEN.<\/h2><table border=\"0\" width=\"580\" cellspacing=\"10\" cellpadding=\"10\"><tbody><tr><td width=\"50%\"><strong>SCHNUPPERFLUG &#8211; VELIS ELEKTRO &#8211; 1 SCH\u00dcLER &#8211; 30 Min.<\/strong><\/td><td><strong>CHF 199.00 pro Flug<span class=\"productPrice\"><br \/><\/span><\/strong><\/td><\/tr><tr><td>Zus\u00e4tzliche Informationen<\/td><td>&#8211;<span class=\"patt\"> Das Flugzeug steht Ihnen ausschlie\u00dflich f\u00fcr Ihre eigenen Zwecke zur Verf\u00fcgung<br \/><\/span><span class=\"patt\">&#8211; Sie bestimmen Datum und Uhrzeit des Abflugs<br \/>&#8211; Maximum 1 Pers.<br \/><\/span>&#8211; Maximalgewicht : 100 kg<br \/>&#8211; Maximalgr\u00f6\u00dfe : 1,90 m<\/td><\/tr><tr><td>Flugplatz<\/td><td><a href=\"https:\/\/www.google.com\/maps\/place\/46%C2%B035'44.0%22N+7%C2%B005'36.3%22E\/@46.5958455,7.0846888,1551m\/data=!3m1!1e3!4m4!3m3!8m2!3d46.5955556!4d7.0934167?entry=ttu\" target=\"_blank\" rel=\"noopener\">\u00c9pagny<\/a><\/td><\/tr><tr><td>Flugzeit<\/td><td>30 Min.<\/td><\/tr><tr><td>Gesamtdauer<\/td><td>ca. 1 Std.<\/td><\/tr><tr><td>Termin<\/td><td>Per Telefon<\/td><\/tr><tr><td><button class=\"elementor-button\" type=\"button\"><a href=\"https:\/\/swissraft.outdoorbooking.ch\/fo\/products\/1694?base_id=252&amp;category_id=4&amp;order_type=gift_voucher&amp;lang=fr\" target=\"_blank\" rel=\"noopener\">GUTSCHEIN TICKET KAUFEN<\/a><\/button><\/td><td>Um zu buch<strong><em>WICHTIG !<\/em><\/strong><br \/><em>Um zu reservieren, rufen Sie die Nummer an, die sich oben links auf dem Gutschein \/ Ticket befindet.<\/em><\/td><\/tr><\/tbody><\/table>\t\t\t\t\t\t<\/div>\n\t\t\t\t<\/div>\n\t\t\t\t\t<\/div>\n\t\t<\/div>\n\t\t\t\t\t\t\t<\/div>\n\t\t<\/section>\n\t\t\t\t\t\t\t<\/div>\n\t\t","protected":false},"excerpt":{"rendered":"<div align=\"justify\">\n<h2 align=\"justify\">Ab dem Flugplatz von Epagny en Gruy\u00e8re \u00fcbernehmen Sie das Steuer f\u00fcr eine Einf\u00fchrung in VELIS ELECTRO, einem Elektroflugzeug der ersten Generation.<\/h2>\n<h3>Der VELIS ELECTRO ist eines der Elektroflugzeuge der neuen Generation mit einer Flugdauer von einer Stunde (30 Minuten Reserve).<\/h3>\n<\/div>\n<div align=\"justify\">\n<p>Die Umwelt liegt Ihnen am Herzen und Sie beschlie\u00dfen, zum ersten Mal ein Elektroflugzeug zu fliegen. Sie \u00fcbernehmen sofort die Kontrolle \u00fcber das Flugzeug. Ihr Fluglehrer ist w\u00e4hrend des Fluges bei Ihnen. Er ber\u00e4t Sie und korrigiert Sie, wenn n\u00f6tig. Er hat eine doppelte Kontrolle und kann jederzeit eingreifen. Diese Erfahrung wird Sie begeistern und Sie werden sich gerne an Ihre Einf\u00fchrung in das Fliegen eines Elektroflugzeugs erinnern.<\/p>\n<h3>Swissraft bietet Ihnen mehrere Flugpl\u00e4tze und Hubschrauberlandepl\u00e4tze, auf denen Sie das Fliegen eines Flugzeugs oder eines Hubschraubers erlernen k\u00f6nnen.<\/h3>\n<p id=\"textarea\" style=\"display: none;\">Wir bieten Einf\u00fchrungsfl\u00fcge mit dem Flugzeug vom Flughafen Bern-Belp an. Au\u00dferdem werden Einf\u00fchrungsfl\u00fcge vom Flugplatz Buttwil im Kanton Aargau aus angeboten. Swissraft bietet auch Schnupperfl\u00fcge mit Segelflugzeugen auf dem Flugplatz Sch\u00e4nis im Kanton St. Gallen an.\n<\/p>\n<p><a id=\"seeMore\" onclick=\"toggleSeeMore()\" href=\"javascript:void(0);\">Lesen Sie mehr<\/a><\/p>\n","protected":false},"featured_media":88888,"comment_status":"open","ping_status":"closed","template":"","meta":{"inline_featured_image":false,"_mi_skip_tracking":false},"product_cat":[264,267,266],"product_tag":[],"class_list":["post-91638","product","type-product","status-publish","has-post-thumbnail","hentry","product_cat-schnupperflug-flugzeug","product_cat-flugzeug-epagny","product_cat-schnupperflug-in-der-schweiz-selbst-fliegen"],"yoast_head":"<!-- This site is optimized with the Yoast SEO plugin v23.6 - https:\/\/yoast.com\/wordpress\/plugins\/seo\/ -->\n<title>Schnupperflug mit Electroflugzeug aus Epagny<\/title>\n<meta name=\"description\" content=\"Schnupperflug mit Electroflugzeug ab \u00c9pagny, ein Elektroflugzeug, das sich perfekt f\u00fcr Umweltbelange eignet. Es ist leise und verschmutzt nicht\" \/>\n<meta name=\"robots\" content=\"index, follow, max-snippet:-1, max-image-preview:large, max-video-preview:-1\" \/>\n<link rel=\"canonical\" href=\"https:\/\/www.swissraft.ch\/de\/produkt\/schnupperflug-electroflugzeug-velis-epagny\/\" \/>\n<meta property=\"og:locale\" content=\"de_DE\" \/>\n<meta property=\"og:type\" content=\"article\" \/>\n<meta property=\"og:title\" content=\"Schnupperflug mit Electroflugzeug aus Epagny\" \/>\n<meta property=\"og:description\" content=\"Schnupperflug mit Electroflugzeug ab \u00c9pagny, ein Elektroflugzeug, das sich perfekt f\u00fcr Umweltbelange eignet. Es ist leise und verschmutzt nicht\" \/>\n<meta property=\"og:url\" content=\"https:\/\/www.swissraft.ch\/de\/produkt\/schnupperflug-electroflugzeug-velis-epagny\/\" \/>\n<meta property=\"og:site_name\" content=\"Swissraft\" \/>\n<meta property=\"article:modified_time\" content=\"2026-05-02T20:29:25+00:00\" \/>\n<meta property=\"og:image\" content=\"https:\/\/www.swissraft.ch\/wp-content\/uploads\/2023\/01\/VELIS-ELECTRO-776x776-1.jpg\" \/>\n\t<meta property=\"og:image:width\" content=\"776\" \/>\n\t<meta property=\"og:image:height\" content=\"776\" \/>\n\t<meta property=\"og:image:type\" content=\"image\/jpeg\" \/>\n<meta name=\"twitter:card\" content=\"summary_large_image\" \/>\n<meta name=\"twitter:label1\" content=\"Gesch\u00e4tzte Lesezeit\" \/>\n\t<meta name=\"twitter:data1\" content=\"1\u00a0Minute\" \/>\n<script type=\"application\/ld+json\" class=\"yoast-schema-graph\">{\"@context\":\"https:\/\/schema.org\",\"@graph\":[{\"@type\":\"WebPage\",\"@id\":\"https:\/\/www.swissraft.ch\/de\/produkt\/schnupperflug-electroflugzeug-velis-epagny\/\",\"url\":\"https:\/\/www.swissraft.ch\/de\/produkt\/schnupperflug-electroflugzeug-velis-epagny\/\",\"name\":\"Schnupperflug mit Electroflugzeug aus Epagny\",\"isPartOf\":{\"@id\":\"https:\/\/www.swissraft.ch\/de\/#website\"},\"primaryImageOfPage\":{\"@id\":\"https:\/\/www.swissraft.ch\/de\/produkt\/schnupperflug-electroflugzeug-velis-epagny\/#primaryimage\"},\"image\":{\"@id\":\"https:\/\/www.swissraft.ch\/de\/produkt\/schnupperflug-electroflugzeug-velis-epagny\/#primaryimage\"},\"thumbnailUrl\":\"https:\/\/www.swissraft.ch\/wp-content\/uploads\/2023\/01\/VELIS-ELECTRO-776x776-1.jpg\",\"datePublished\":\"2023-01-19T13:43:22+00:00\",\"dateModified\":\"2026-05-02T20:29:25+00:00\",\"description\":\"Schnupperflug mit Electroflugzeug ab \u00c9pagny, ein Elektroflugzeug, das sich perfekt f\u00fcr Umweltbelange eignet. Es ist leise und verschmutzt nicht\",\"breadcrumb\":{\"@id\":\"https:\/\/www.swissraft.ch\/de\/produkt\/schnupperflug-electroflugzeug-velis-epagny\/#breadcrumb\"},\"inLanguage\":\"de\",\"potentialAction\":[{\"@type\":\"ReadAction\",\"target\":[\"https:\/\/www.swissraft.ch\/de\/produkt\/schnupperflug-electroflugzeug-velis-epagny\/\"]}]},{\"@type\":\"ImageObject\",\"inLanguage\":\"de\",\"@id\":\"https:\/\/www.swissraft.ch\/de\/produkt\/schnupperflug-electroflugzeug-velis-epagny\/#primaryimage\",\"url\":\"https:\/\/www.swissraft.ch\/wp-content\/uploads\/2023\/01\/VELIS-ELECTRO-776x776-1.jpg\",\"contentUrl\":\"https:\/\/www.swissraft.ch\/wp-content\/uploads\/2023\/01\/VELIS-ELECTRO-776x776-1.jpg\",\"width\":776,\"height\":776,\"caption\":\"Schnupperflug mit Electroflugzeug ab \u00c9pagny\"},{\"@type\":\"BreadcrumbList\",\"@id\":\"https:\/\/www.swissraft.ch\/de\/produkt\/schnupperflug-electroflugzeug-velis-epagny\/#breadcrumb\",\"itemListElement\":[{\"@type\":\"ListItem\",\"position\":1,\"name\":\"Accueil\",\"item\":\"https:\/\/www.swissraft.ch\/de\/\"},{\"@type\":\"ListItem\",\"position\":2,\"name\":\"Shop\",\"item\":\"https:\/\/www.swissraft.ch\/de\/shop\/\"},{\"@type\":\"ListItem\",\"position\":3,\"name\":\"Schnupperflug &#8211; Elektroflugzeug &#8211; \u00c9pagny &#8211; Velis Electro &#8211; CHF 199.00\"}]},{\"@type\":\"WebSite\",\"@id\":\"https:\/\/www.swissraft.ch\/de\/#website\",\"url\":\"https:\/\/www.swissraft.ch\/de\/\",\"name\":\"Swissraft\",\"description\":\"To enjoy nature as it is\",\"publisher\":{\"@id\":\"https:\/\/www.swissraft.ch\/de\/#organization\"},\"potentialAction\":[{\"@type\":\"SearchAction\",\"target\":{\"@type\":\"EntryPoint\",\"urlTemplate\":\"https:\/\/www.swissraft.ch\/de\/?s={search_term_string}\"},\"query-input\":{\"@type\":\"PropertyValueSpecification\",\"valueRequired\":true,\"valueName\":\"search_term_string\"}}],\"inLanguage\":\"de\"},{\"@type\":\"Organization\",\"@id\":\"https:\/\/www.swissraft.ch\/de\/#organization\",\"name\":\"Swissraft\",\"url\":\"https:\/\/www.swissraft.ch\/de\/\",\"logo\":{\"@type\":\"ImageObject\",\"inLanguage\":\"de\",\"@id\":\"https:\/\/www.swissraft.ch\/de\/#\/schema\/logo\/image\/\",\"url\":\"https:\/\/www.swissraft.ch\/wp-content\/uploads\/2025\/09\/Capture.jpg\",\"contentUrl\":\"https:\/\/www.swissraft.ch\/wp-content\/uploads\/2025\/09\/Capture.jpg\",\"width\":293,\"height\":108,\"caption\":\"Swissraft\"},\"image\":{\"@id\":\"https:\/\/www.swissraft.ch\/de\/#\/schema\/logo\/image\/\"}}]}<\/script>\n<!-- \/ Yoast SEO plugin. -->","yoast_head_json":{"title":"Schnupperflug mit Electroflugzeug aus Epagny","description":"Schnupperflug mit Electroflugzeug ab \u00c9pagny, ein Elektroflugzeug, das sich perfekt f\u00fcr Umweltbelange eignet. Es ist leise und verschmutzt nicht","robots":{"index":"index","follow":"follow","max-snippet":"max-snippet:-1","max-image-preview":"max-image-preview:large","max-video-preview":"max-video-preview:-1"},"canonical":"https:\/\/www.swissraft.ch\/de\/produkt\/schnupperflug-electroflugzeug-velis-epagny\/","og_locale":"de_DE","og_type":"article","og_title":"Schnupperflug mit Electroflugzeug aus Epagny","og_description":"Schnupperflug mit Electroflugzeug ab \u00c9pagny, ein Elektroflugzeug, das sich perfekt f\u00fcr Umweltbelange eignet. Es ist leise und verschmutzt nicht","og_url":"https:\/\/www.swissraft.ch\/de\/produkt\/schnupperflug-electroflugzeug-velis-epagny\/","og_site_name":"Swissraft","article_modified_time":"2026-05-02T20:29:25+00:00","og_image":[{"width":776,"height":776,"url":"https:\/\/www.swissraft.ch\/wp-content\/uploads\/2023\/01\/VELIS-ELECTRO-776x776-1.jpg","type":"image\/jpeg"}],"twitter_card":"summary_large_image","twitter_misc":{"Gesch\u00e4tzte Lesezeit":"1\u00a0Minute"},"schema":{"@context":"https:\/\/schema.org","@graph":[{"@type":"WebPage","@id":"https:\/\/www.swissraft.ch\/de\/produkt\/schnupperflug-electroflugzeug-velis-epagny\/","url":"https:\/\/www.swissraft.ch\/de\/produkt\/schnupperflug-electroflugzeug-velis-epagny\/","name":"Schnupperflug mit Electroflugzeug aus Epagny","isPartOf":{"@id":"https:\/\/www.swissraft.ch\/de\/#website"},"primaryImageOfPage":{"@id":"https:\/\/www.swissraft.ch\/de\/produkt\/schnupperflug-electroflugzeug-velis-epagny\/#primaryimage"},"image":{"@id":"https:\/\/www.swissraft.ch\/de\/produkt\/schnupperflug-electroflugzeug-velis-epagny\/#primaryimage"},"thumbnailUrl":"https:\/\/www.swissraft.ch\/wp-content\/uploads\/2023\/01\/VELIS-ELECTRO-776x776-1.jpg","datePublished":"2023-01-19T13:43:22+00:00","dateModified":"2026-05-02T20:29:25+00:00","description":"Schnupperflug mit Electroflugzeug ab \u00c9pagny, ein Elektroflugzeug, das sich perfekt f\u00fcr Umweltbelange eignet. Es ist leise und verschmutzt nicht","breadcrumb":{"@id":"https:\/\/www.swissraft.ch\/de\/produkt\/schnupperflug-electroflugzeug-velis-epagny\/#breadcrumb"},"inLanguage":"de","potentialAction":[{"@type":"ReadAction","target":["https:\/\/www.swissraft.ch\/de\/produkt\/schnupperflug-electroflugzeug-velis-epagny\/"]}]},{"@type":"ImageObject","inLanguage":"de","@id":"https:\/\/www.swissraft.ch\/de\/produkt\/schnupperflug-electroflugzeug-velis-epagny\/#primaryimage","url":"https:\/\/www.swissraft.ch\/wp-content\/uploads\/2023\/01\/VELIS-ELECTRO-776x776-1.jpg","contentUrl":"https:\/\/www.swissraft.ch\/wp-content\/uploads\/2023\/01\/VELIS-ELECTRO-776x776-1.jpg","width":776,"height":776,"caption":"Schnupperflug mit Electroflugzeug ab \u00c9pagny"},{"@type":"BreadcrumbList","@id":"https:\/\/www.swissraft.ch\/de\/produkt\/schnupperflug-electroflugzeug-velis-epagny\/#breadcrumb","itemListElement":[{"@type":"ListItem","position":1,"name":"Accueil","item":"https:\/\/www.swissraft.ch\/de\/"},{"@type":"ListItem","position":2,"name":"Shop","item":"https:\/\/www.swissraft.ch\/de\/shop\/"},{"@type":"ListItem","position":3,"name":"Schnupperflug &#8211; Elektroflugzeug &#8211; \u00c9pagny &#8211; Velis Electro &#8211; CHF 199.00"}]},{"@type":"WebSite","@id":"https:\/\/www.swissraft.ch\/de\/#website","url":"https:\/\/www.swissraft.ch\/de\/","name":"Swissraft","description":"To enjoy nature as it is","publisher":{"@id":"https:\/\/www.swissraft.ch\/de\/#organization"},"potentialAction":[{"@type":"SearchAction","target":{"@type":"EntryPoint","urlTemplate":"https:\/\/www.swissraft.ch\/de\/?s={search_term_string}"},"query-input":{"@type":"PropertyValueSpecification","valueRequired":true,"valueName":"search_term_string"}}],"inLanguage":"de"},{"@type":"Organization","@id":"https:\/\/www.swissraft.ch\/de\/#organization","name":"Swissraft","url":"https:\/\/www.swissraft.ch\/de\/","logo":{"@type":"ImageObject","inLanguage":"de","@id":"https:\/\/www.swissraft.ch\/de\/#\/schema\/logo\/image\/","url":"https:\/\/www.swissraft.ch\/wp-content\/uploads\/2025\/09\/Capture.jpg","contentUrl":"https:\/\/www.swissraft.ch\/wp-content\/uploads\/2025\/09\/Capture.jpg","width":293,"height":108,"caption":"Swissraft"},"image":{"@id":"https:\/\/www.swissraft.ch\/de\/#\/schema\/logo\/image\/"}}]}},"_links":{"self":[{"href":"https:\/\/www.swissraft.ch\/de\/wp-json\/wp\/v2\/product\/91638","targetHints":{"allow":["GET"]}}],"collection":[{"href":"https:\/\/www.swissraft.ch\/de\/wp-json\/wp\/v2\/product"}],"about":[{"href":"https:\/\/www.swissraft.ch\/de\/wp-json\/wp\/v2\/types\/product"}],"replies":[{"embeddable":true,"href":"https:\/\/www.swissraft.ch\/de\/wp-json\/wp\/v2\/comments?post=91638"}],"version-history":[{"count":10,"href":"https:\/\/www.swissraft.ch\/de\/wp-json\/wp\/v2\/product\/91638\/revisions"}],"predecessor-version":[{"id":143164,"href":"https:\/\/www.swissraft.ch\/de\/wp-json\/wp\/v2\/product\/91638\/revisions\/143164"}],"wp:featuredmedia":[{"embeddable":true,"href":"https:\/\/www.swissraft.ch\/de\/wp-json\/wp\/v2\/media\/88888"}],"wp:attachment":[{"href":"https:\/\/www.swissraft.ch\/de\/wp-json\/wp\/v2\/media?parent=91638"}],"wp:term":[{"taxonomy":"product_cat","embeddable":true,"href":"https:\/\/www.swissraft.ch\/de\/wp-json\/wp\/v2\/product_cat?post=91638"},{"taxonomy":"product_tag","embeddable":true,"href":"https:\/\/www.swissraft.ch\/de\/wp-json\/wp\/v2\/product_tag?post=91638"}],"curies":[{"name":"wp","href":"https:\/\/api.w.org\/{rel}","templated":true}]}}