{"id":91634,"date":"2023-02-16T18:14:36","date_gmt":"2023-02-16T17:14:36","guid":{"rendered":"https:\/\/swissraft.xyanzkdne.eu\/product\/fallschirmspringen-in-beromuenster-tandem-springen-aus-einem-flugzeug-ab-chf-365-00\/"},"modified":"2026-04-04T04:36:40","modified_gmt":"2026-04-04T02:36:40","slug":"beromuensgter-tandemfallschirmsprung-flugzeug","status":"publish","type":"product","link":"https:\/\/www.swissraft.ch\/de\/produkt\/beromuensgter-tandemfallschirmsprung-flugzeug\/","title":{"rendered":"Fallschirmspringen in Berom\u00fcnster &#8211; Tandemsprung aus einem Flugzeug &#8211; Ab CHF 365.00"},"content":{"rendered":"\t\t<div data-elementor-type=\"wp-post\" data-elementor-id=\"91634\" class=\"elementor elementor-91634 elementor-30892\">\n\t\t\t\t\t\t\t\t\t<section class=\"elementor-section elementor-top-section elementor-element elementor-element-3303a7e3 elementor-section-boxed elementor-section-height-default elementor-section-height-default\" data-id=\"3303a7e3\" data-element_type=\"section\">\n\t\t\t\t\t\t<div class=\"elementor-container elementor-column-gap-default\">\n\t\t\t\t\t<div class=\"elementor-column elementor-col-100 elementor-top-column elementor-element elementor-element-16d72dbf\" data-id=\"16d72dbf\" data-element_type=\"column\">\n\t\t\t<div class=\"elementor-widget-wrap elementor-element-populated\">\n\t\t\t\t\t\t\t\t<div class=\"elementor-element elementor-element-d743c03 elementor-widget elementor-widget-text-editor\" data-id=\"d743c03\" data-element_type=\"widget\" data-widget_type=\"text-editor.default\">\n\t\t\t\t<div class=\"elementor-widget-container\">\n\t\t\t\t\t\t\t<h2>W\u00c4HLEN SIE UNTEN IHRE AKTIVIT\u00c4T AUS, UM GESCHENKGUTSCHEINE \/ TICKETS ZU VERSCHENKEN ODER ZU BUCHEN.<\/h2><table border=\"0\" width=\"580\" cellspacing=\"10\" cellpadding=\"10\"><tbody><tr><td width=\"50%\"><strong>1) TANDEMFALLSCHIRMSPRUNG &#8211; BEROM\u00dcNSTER &#8211; DURCH DIE WOCHE<\/strong><\/td><td><strong>CHF 365.00 pro Person<span class=\"productPrice\"><br \/><\/span><\/strong><\/td><\/tr><tr><td>Zus\u00e4tzliche Informationen<\/td><td>&#8211;<span class=\"plbl\"> Sportschuhe ohne Haken<br \/><\/span> &#8211;<span class=\"plbl\"> Nicht n\u00fcchtern sein<br \/>&#8211; Nicht unter dem Einfluss von Alkohol oder anderen Substanzen stehen<br \/><span class=\"patt\">&#8211; Einverst\u00e4ndniserkl\u00e4rung der Eltern f\u00fcr Minderj\u00e4hrige<\/span><br \/>&#8211; Jugendpreis <\/span>: <span class=\"patt\"><strong>CHF 345.00<\/strong>\/Pers. bis 20 j\u00e4hrig<\/span><\/td><\/tr><tr><td>Zeiten<\/td><td>Bei Ihrer Buchung w\u00e4hlen Sie die Uhrzeit aus<\/td><\/tr><tr><td>Dauer des freien Falls<\/td><td>ca. 50 Sekunden<\/td><\/tr><tr><td>Gesamtdauer<\/td><td>ca. 4 Std.<\/td><\/tr><tr><td>Flugplatz<\/td><td><a href=\"https:\/\/www.google.com\/maps\/place\/47%C2%B011'29.8%22N+8%C2%B012'17.9%22E\/@47.1917337,8.1693559,6135m\/data=!3m1!1e3!4m4!3m3!8m2!3d47.1916111!4d8.2049722?entry=ttu\" target=\"_blank\" rel=\"noopener\">Berom\u00fcnster<\/a><\/td><\/tr><tr><td><button class=\"elementor-button\" type=\"button\"><a href=\"https:\/\/swissraft.outdoorbooking.ch\/fo\/products\/1317?base_id=196&amp;category_id=5&amp;order_type=gift_voucher&amp;lang=de\" target=\"_blank\" rel=\"noopener\">GUTSCHEIN \/ TICKET KAUFEN<\/a><\/button><\/td><td><a href=\"https:\/\/swissraft.outdoorbooking.ch\/fo\/products\/2139?base_id=196&amp;category_id=5&amp;order_type=event&amp;lang=de\" target=\"_blank\" rel=\"noopener\">DAS DATUM DES SPRUNGES BUCHEN<\/a> \u00a0<strong>CHF 365.00<\/strong>\/Pers.<\/td><\/tr><tr><td><button class=\"elementor-button\" type=\"button\"><a href=\"https:\/\/swissraft.outdoorbooking.ch\/fo\/products\/1318?base_id=196&amp;category_id=5&amp;order_type=gift_voucher&amp;lang=de\" target=\"_blank\" rel=\"noopener\">GUTSCHEIN \/ TICKET KAUFEN<\/a><\/button><\/td><td><a href=\"https:\/\/swissraft.outdoorbooking.ch\/fo\/products\/1318?base_id=196&amp;category_id=5&amp;order_type=event&amp;lang=de\" target=\"_blank\" rel=\"noopener\">DAS DATUM DES SPRUNGES BUCHEN<\/a>\u00a0 <strong>CHF 525.00<\/strong>\/Pers. mit Fotos oder Video<\/td><\/tr><tr><td><button class=\"elementor-button\" type=\"button\"><a href=\"https:\/\/swissraft.outdoorbooking.ch\/fo\/products\/1319?base_id=196&amp;category_id=5&amp;order_type=gift_voucher&amp;lang=de\" target=\"_blank\" rel=\"noopener\">GUTSCHEIN \/ TICKET KAUFEN<\/a><\/button><\/td><td><a href=\"https:\/\/swissraft.outdoorbooking.ch\/fo\/products\/1319?base_id=196&amp;category_id=5&amp;order_type=event&amp;lang=de\" target=\"_blank\" rel=\"noopener\">DAS DATUM DES SPRUNGES BUCHEN<\/a>\u00a0 <strong>CHF 575.00<\/strong>\/Pers. mit Video &amp; Fotos<\/td><\/tr><tr><td><button class=\"elementor-button\" type=\"button\"><a href=\"https:\/\/swissraft.outdoorbooking.ch\/fo\/products\/1320?base_id=196&amp;category_id=5&amp;order_type=gift_voucher&amp;lang=de\" target=\"_blank\" rel=\"noopener\">GUTSCHEIN \/ TICKET KAUFEN<\/a><\/button><\/td><td><a href=\"https:\/\/swissraft.outdoorbooking.ch\/fo\/products\/1320?base_id=196&amp;category_id=5&amp;order_type=event&amp;lang=de\" target=\"_blank\" rel=\"noopener\">DAS DATUM DES SPRUNGES BUCHEN<\/a>\u00a0 <strong>CHF 475.00<\/strong>\/Pers. mit Fotos oder Video (HCamera)<\/td><\/tr><\/tbody><\/table><table border=\"0\" width=\"580\" cellspacing=\"10\" cellpadding=\"10\"><tbody><tr><td width=\"50%\"><strong>2) TANDEMFALLSCHIRMSPRUNG &#8211; BEROM\u00dcNSTER &#8211; DAS WOCHENENDE<\/strong><\/td><td><strong>CHF 395.00 pro Person<span class=\"productPrice\"><br \/><\/span><\/strong><\/td><\/tr><tr><td>Zus\u00e4tzliche Informationen<\/td><td>&#8211; <span class=\"plbl\"> Sportschuhe ohne Haken<br \/><\/span> &#8211; <span class=\"plbl\"> Nicht n\u00fcchtern sein<br \/>&#8211; Nicht unter dem Einfluss von Alkohol oder anderen Substanzen stehen<br \/><span class=\"patt\">&#8211; Einverst\u00e4ndniserkl\u00e4rung der Eltern f\u00fcr Minderj\u00e4hrige<\/span><br \/>&#8211; Jugendpreis :<\/span>\u00a0<span class=\"patt\"><strong>CHF 375.00<\/strong>\/Pers. bis zu 20 j\u00e4hrig<\/span><\/td><\/tr><tr><td>Zeiten<\/td><td>Bei Ihrer Buchung w\u00e4hlen Sie die Uhrzeit aus<\/td><\/tr><tr><td>Dauer des freien Falls<\/td><td>ca. 50 Sekunden<\/td><\/tr><tr><td>Gesamtdauer<\/td><td>ca. 4 Std.<\/td><\/tr><tr><td>Flugplatz<\/td><td><a href=\"https:\/\/www.google.com\/maps\/place\/47%C2%B011'29.8%22N+8%C2%B012'17.9%22E\/@47.1917337,8.1693559,6135m\/data=!3m1!1e3!4m4!3m3!8m2!3d47.1916111!4d8.2049722?entry=ttu\" target=\"_blank\" rel=\"noopener\">Berom\u00fcnster<\/a><\/td><\/tr><tr><td><button class=\"elementor-button\" type=\"button\"><a href=\"https:\/\/swissraft.outdoorbooking.ch\/fo\/products\/1121?base_id=196&amp;category_id=5&amp;order_type=gift_voucher&amp;lang=de\" target=\"_blank\" rel=\"noopener\">GUTSCHEIN \/ TICKET KAUFEN<\/a><\/button><\/td><td><a href=\"https:\/\/swissraft.outdoorbooking.ch\/fo\/products\/1121?base_id=196&amp;category_id=5&amp;order_type=event&amp;lang=de\" target=\"_blank\" rel=\"noopener\">DAS DATUM DES SPRUNGES BUCHEN<\/a>\u00a0 <strong>CHF 395.00<\/strong>\/Pers.<\/td><\/tr><tr><td><button class=\"elementor-button\" type=\"button\"><a href=\"https:\/\/swissraft.outdoorbooking.ch\/fo\/products\/1122?base_id=196&amp;category_id=5&amp;order_type=gift_voucher&amp;lang=de\" target=\"_blank\" rel=\"noopener\">GUTSCHEIN \/ TICKET KAUFEN<\/a><\/button><\/td><td><a href=\"https:\/\/swissraft.outdoorbooking.ch\/fo\/products\/1122?base_id=196&amp;category_id=5&amp;order_type=event&amp;lang=de\" target=\"_blank\" rel=\"noopener\">DAS DATUM DES SPRUNGES BUCHEN<\/a>\u00a0 <strong>CHF 555.00<\/strong>\/Pers. mit Fotos oder Video<\/td><\/tr><tr><td><button class=\"elementor-button\" type=\"button\"><a href=\"https:\/\/swissraft.outdoorbooking.ch\/fo\/products\/1123?base_id=196&amp;category_id=5&amp;order_type=gift_voucher&amp;lang=de\" target=\"_blank\" rel=\"noopener\">GUTSCHEIN \/ TICKET KAUFEN<\/a><\/button><\/td><td><a href=\"https:\/\/swissraft.outdoorbooking.ch\/fo\/products\/1123?base_id=196&amp;category_id=5&amp;order_type=event&amp;lang=de\" target=\"_blank\" rel=\"noopener\">DAS DATUM DES SPRUNGES BUCHEN<\/a>\u00a0 <strong>CHF 605.00<\/strong>\/Pers. mit Video &amp; Fotos<\/td><\/tr><tr><td><button class=\"elementor-button\" type=\"button\"><a href=\"https:\/\/swissraft.outdoorbooking.ch\/fo\/products\/1124?base_id=196&amp;category_id=5&amp;order_type=gift_voucher&amp;lang=de\" target=\"_blank\" rel=\"noopener\">GUTSCHEIN \/ TICKET KAUFEN<\/a><\/button><\/td><td><a href=\"https:\/\/swissraft.outdoorbooking.ch\/fo\/products\/1124?base_id=196&amp;category_id=5&amp;order_type=event&amp;lang=de\" target=\"_blank\" rel=\"noopener\">DAS DATUM DES SPRUNGES BUCHEN<\/a>\u00a0 <strong>CHF 505.00<\/strong>\/Pers. mit Fotos oder Video (HCamera)<\/td><\/tr><\/tbody><\/table>\t\t\t\t\t\t<\/div>\n\t\t\t\t<\/div>\n\t\t\t\t\t<\/div>\n\t\t<\/div>\n\t\t\t\t\t\t\t<\/div>\n\t\t<\/section>\n\t\t\t\t\t\t\t<\/div>\n\t\t","protected":false},"excerpt":{"rendered":"<div align=\"justify\">\n<h2 align=\"justify\">Tandemsprung in Berom\u00fcnster im Kanton Luzern. Sie springen aus 4000 m H\u00f6he aus einem Flugzeug mit Ihrem Piloten.<\/h2>\n<h3>Ein Erlebnis f\u00fcr alle, die Nervenkitzel und Adrenalin suchen.<\/h3>\n<\/div>\n<div align=\"justify\">\n<p>Wenn Sie in unserer Dropzone auf dem Flugplatz Berom\u00fcnster ankommen, werden Sie sofort von Ihrem Piloten betreut. Gemeinsam mit ihm \u00fcben Sie einige Bewegungen und K\u00f6rperhaltungen, damit Sie sich w\u00e4hrend des Sprungs wohlf\u00fchlen. Danach erhalten Sie von Ihrem Piloten einen Schutzanzug, einen Helm und eine Schutzbrille. Dann sind Sie bereit und gehen mit Ihrem Piloten an Bord unseres Flugzeugs. Dar\u00fcber hinaus haben Sie w\u00e4hrend des gesamten Fluges auf 4000 m eine herrliche Aussicht auf die Seen der Zentralschweiz. Sobald Sie die Absprungh\u00f6he erreicht haben, gibt Ihnen Ihr Pilot die letzten Empfehlungen vor dem Absprung. Ein Nervenkitzel erwartet Sie, wenn Sie aus dem Flugzeug steigen. Denken Sie bei Ihrer Buchung daran, ein Video oder Fotos zu bestellen, um eine Erinnerung an dieses unglaubliche Abenteuer zu behalten. F\u00fcr die weniger Mutigen bieten wir einen Freifallsimulator in Sion und Winterthur an. W\u00e4hrend des Fluges erleben Sie das gleiche Gef\u00fchl wie bei einem echten freien Fall.<\/p>\n<h3>Swissraft bietet auf seiner Website zahlreiche Dropzones an, die \u00fcber die Schweiz und das benachbarte Deutschland verteilt sind.<\/h3>\n<p id=\"textarea\" style=\"display: none;\">Ebenso springen wir vom Flugplatz Triengen aus mit dem Fallschirm ab, ebenfalls im Kanton Luzern. Wir machen auch Tandemspr\u00fcnge von den Flugpl\u00e4tzen Interlaken und Reichenbach im Berner Oberland. Au\u00dferdem machen wir Tandem-Fallschirmspr\u00fcnge auf dem Flugplatz von Grenchen im Kanton Solothurn. Gleichzeitig machen wir Spr\u00fcnge im Kanton Freiburg von den Flugpl\u00e4tzen \u00c9cuvillens und \u00c9pagny aus. Einerseits haben wir eine Dropzone auf dem Flugplatz Colombier im Kanton Neuenburg. Au\u00dferdem machen wir Tandemspr\u00fcnge auf dem Flugplatz von Bex im Kanton Waadt. Im Wallis haben wir eine Dropzone am Flughafen von Sitten und am Flugplatz von Raron. Dar\u00fcber hinaus bieten wir auch Fallschirmspringen in der Ostschweiz im Kanton Thurgau vom Flugplatz Sitterdorf aus an. Aber auch im Tessin vom Flugplatz Locarno aus. Auch in Deutschland in der N\u00e4he von Basel springen wir vom Flugplatz Rottweil aus mit dem Fallschirm ab.<\/p>\n<p><a id=\"seeMore\"><\/a>Lesen Sie mehr<\/p>\n<\/div>\n","protected":false},"featured_media":81712,"comment_status":"open","ping_status":"closed","template":"","meta":{"inline_featured_image":false,"_mi_skip_tracking":false},"product_cat":[292],"product_tag":[],"class_list":["post-91634","product","type-product","status-publish","has-post-thumbnail","hentry","product_cat-tandem-fallschirmsprung-tandemsprung"],"yoast_head":"<!-- This site is optimized with the Yoast SEO plugin v23.6 - https:\/\/yoast.com\/wordpress\/plugins\/seo\/ -->\n<title>Beromuenster Tandemfallschirmsprung Flugzeug<\/title>\n<meta name=\"description\" content=\"Beromuenster Tandemfallschirmsprung Flugzeug. Sie springen aus 4000 m H\u00f6he mit Ihrem Piloten und Lehrer f\u00fcr einen freien Fall von 50 Sekunden ab.\" \/>\n<meta name=\"robots\" content=\"index, follow, max-snippet:-1, max-image-preview:large, max-video-preview:-1\" \/>\n<link rel=\"canonical\" href=\"https:\/\/www.swissraft.ch\/de\/produkt\/beromuensgter-tandemfallschirmsprung-flugzeug\/\" \/>\n<meta property=\"og:locale\" content=\"de_DE\" \/>\n<meta property=\"og:type\" content=\"article\" \/>\n<meta property=\"og:title\" content=\"Beromuenster Tandemfallschirmsprung Flugzeug\" \/>\n<meta property=\"og:description\" content=\"Beromuenster Tandemfallschirmsprung Flugzeug. Sie springen aus 4000 m H\u00f6he mit Ihrem Piloten und Lehrer f\u00fcr einen freien Fall von 50 Sekunden ab.\" \/>\n<meta property=\"og:url\" content=\"https:\/\/www.swissraft.ch\/de\/produkt\/beromuensgter-tandemfallschirmsprung-flugzeug\/\" \/>\n<meta property=\"og:site_name\" content=\"Swissraft\" \/>\n<meta property=\"article:modified_time\" content=\"2026-04-04T02:36:40+00:00\" \/>\n<meta property=\"og:image\" content=\"https:\/\/www.swissraft.ch\/wp-content\/uploads\/2023\/02\/fallschirmspringen-beromunster-1.jpg\" \/>\n\t<meta property=\"og:image:width\" content=\"776\" \/>\n\t<meta property=\"og:image:height\" content=\"776\" \/>\n\t<meta property=\"og:image:type\" content=\"image\/jpeg\" \/>\n<meta name=\"twitter:card\" content=\"summary_large_image\" \/>\n<meta name=\"twitter:label1\" content=\"Gesch\u00e4tzte Lesezeit\" \/>\n\t<meta name=\"twitter:data1\" content=\"2\u00a0Minuten\" \/>\n<script type=\"application\/ld+json\" class=\"yoast-schema-graph\">{\"@context\":\"https:\/\/schema.org\",\"@graph\":[{\"@type\":\"WebPage\",\"@id\":\"https:\/\/www.swissraft.ch\/de\/produkt\/beromuensgter-tandemfallschirmsprung-flugzeug\/\",\"url\":\"https:\/\/www.swissraft.ch\/de\/produkt\/beromuensgter-tandemfallschirmsprung-flugzeug\/\",\"name\":\"Beromuenster Tandemfallschirmsprung Flugzeug\",\"isPartOf\":{\"@id\":\"https:\/\/www.swissraft.ch\/de\/#website\"},\"primaryImageOfPage\":{\"@id\":\"https:\/\/www.swissraft.ch\/de\/produkt\/beromuensgter-tandemfallschirmsprung-flugzeug\/#primaryimage\"},\"image\":{\"@id\":\"https:\/\/www.swissraft.ch\/de\/produkt\/beromuensgter-tandemfallschirmsprung-flugzeug\/#primaryimage\"},\"thumbnailUrl\":\"https:\/\/www.swissraft.ch\/wp-content\/uploads\/2023\/02\/fallschirmspringen-beromunster-1.jpg\",\"datePublished\":\"2023-02-16T17:14:36+00:00\",\"dateModified\":\"2026-04-04T02:36:40+00:00\",\"description\":\"Beromuenster Tandemfallschirmsprung Flugzeug. Sie springen aus 4000 m H\u00f6he mit Ihrem Piloten und Lehrer f\u00fcr einen freien Fall von 50 Sekunden ab.\",\"breadcrumb\":{\"@id\":\"https:\/\/www.swissraft.ch\/de\/produkt\/beromuensgter-tandemfallschirmsprung-flugzeug\/#breadcrumb\"},\"inLanguage\":\"de\",\"potentialAction\":[{\"@type\":\"ReadAction\",\"target\":[\"https:\/\/www.swissraft.ch\/de\/produkt\/beromuensgter-tandemfallschirmsprung-flugzeug\/\"]}]},{\"@type\":\"ImageObject\",\"inLanguage\":\"de\",\"@id\":\"https:\/\/www.swissraft.ch\/de\/produkt\/beromuensgter-tandemfallschirmsprung-flugzeug\/#primaryimage\",\"url\":\"https:\/\/www.swissraft.ch\/wp-content\/uploads\/2023\/02\/fallschirmspringen-beromunster-1.jpg\",\"contentUrl\":\"https:\/\/www.swissraft.ch\/wp-content\/uploads\/2023\/02\/fallschirmspringen-beromunster-1.jpg\",\"width\":776,\"height\":776,\"caption\":\"Beromuenster Tandemfallschirmsprung flugzeug\"},{\"@type\":\"BreadcrumbList\",\"@id\":\"https:\/\/www.swissraft.ch\/de\/produkt\/beromuensgter-tandemfallschirmsprung-flugzeug\/#breadcrumb\",\"itemListElement\":[{\"@type\":\"ListItem\",\"position\":1,\"name\":\"Accueil\",\"item\":\"https:\/\/www.swissraft.ch\/de\/\"},{\"@type\":\"ListItem\",\"position\":2,\"name\":\"Shop\",\"item\":\"https:\/\/www.swissraft.ch\/de\/shop\/\"},{\"@type\":\"ListItem\",\"position\":3,\"name\":\"Fallschirmspringen in Berom\u00fcnster &#8211; Tandemsprung aus einem Flugzeug &#8211; Ab CHF 365.00\"}]},{\"@type\":\"WebSite\",\"@id\":\"https:\/\/www.swissraft.ch\/de\/#website\",\"url\":\"https:\/\/www.swissraft.ch\/de\/\",\"name\":\"Swissraft\",\"description\":\"To enjoy nature as it is\",\"publisher\":{\"@id\":\"https:\/\/www.swissraft.ch\/de\/#organization\"},\"potentialAction\":[{\"@type\":\"SearchAction\",\"target\":{\"@type\":\"EntryPoint\",\"urlTemplate\":\"https:\/\/www.swissraft.ch\/de\/?s={search_term_string}\"},\"query-input\":{\"@type\":\"PropertyValueSpecification\",\"valueRequired\":true,\"valueName\":\"search_term_string\"}}],\"inLanguage\":\"de\"},{\"@type\":\"Organization\",\"@id\":\"https:\/\/www.swissraft.ch\/de\/#organization\",\"name\":\"Swissraft\",\"url\":\"https:\/\/www.swissraft.ch\/de\/\",\"logo\":{\"@type\":\"ImageObject\",\"inLanguage\":\"de\",\"@id\":\"https:\/\/www.swissraft.ch\/de\/#\/schema\/logo\/image\/\",\"url\":\"https:\/\/www.swissraft.ch\/wp-content\/uploads\/2025\/09\/Capture.jpg\",\"contentUrl\":\"https:\/\/www.swissraft.ch\/wp-content\/uploads\/2025\/09\/Capture.jpg\",\"width\":293,\"height\":108,\"caption\":\"Swissraft\"},\"image\":{\"@id\":\"https:\/\/www.swissraft.ch\/de\/#\/schema\/logo\/image\/\"}}]}<\/script>\n<!-- \/ Yoast SEO plugin. -->","yoast_head_json":{"title":"Beromuenster Tandemfallschirmsprung Flugzeug","description":"Beromuenster Tandemfallschirmsprung Flugzeug. Sie springen aus 4000 m H\u00f6he mit Ihrem Piloten und Lehrer f\u00fcr einen freien Fall von 50 Sekunden ab.","robots":{"index":"index","follow":"follow","max-snippet":"max-snippet:-1","max-image-preview":"max-image-preview:large","max-video-preview":"max-video-preview:-1"},"canonical":"https:\/\/www.swissraft.ch\/de\/produkt\/beromuensgter-tandemfallschirmsprung-flugzeug\/","og_locale":"de_DE","og_type":"article","og_title":"Beromuenster Tandemfallschirmsprung Flugzeug","og_description":"Beromuenster Tandemfallschirmsprung Flugzeug. Sie springen aus 4000 m H\u00f6he mit Ihrem Piloten und Lehrer f\u00fcr einen freien Fall von 50 Sekunden ab.","og_url":"https:\/\/www.swissraft.ch\/de\/produkt\/beromuensgter-tandemfallschirmsprung-flugzeug\/","og_site_name":"Swissraft","article_modified_time":"2026-04-04T02:36:40+00:00","og_image":[{"width":776,"height":776,"url":"https:\/\/www.swissraft.ch\/wp-content\/uploads\/2023\/02\/fallschirmspringen-beromunster-1.jpg","type":"image\/jpeg"}],"twitter_card":"summary_large_image","twitter_misc":{"Gesch\u00e4tzte Lesezeit":"2\u00a0Minuten"},"schema":{"@context":"https:\/\/schema.org","@graph":[{"@type":"WebPage","@id":"https:\/\/www.swissraft.ch\/de\/produkt\/beromuensgter-tandemfallschirmsprung-flugzeug\/","url":"https:\/\/www.swissraft.ch\/de\/produkt\/beromuensgter-tandemfallschirmsprung-flugzeug\/","name":"Beromuenster Tandemfallschirmsprung Flugzeug","isPartOf":{"@id":"https:\/\/www.swissraft.ch\/de\/#website"},"primaryImageOfPage":{"@id":"https:\/\/www.swissraft.ch\/de\/produkt\/beromuensgter-tandemfallschirmsprung-flugzeug\/#primaryimage"},"image":{"@id":"https:\/\/www.swissraft.ch\/de\/produkt\/beromuensgter-tandemfallschirmsprung-flugzeug\/#primaryimage"},"thumbnailUrl":"https:\/\/www.swissraft.ch\/wp-content\/uploads\/2023\/02\/fallschirmspringen-beromunster-1.jpg","datePublished":"2023-02-16T17:14:36+00:00","dateModified":"2026-04-04T02:36:40+00:00","description":"Beromuenster Tandemfallschirmsprung Flugzeug. Sie springen aus 4000 m H\u00f6he mit Ihrem Piloten und Lehrer f\u00fcr einen freien Fall von 50 Sekunden ab.","breadcrumb":{"@id":"https:\/\/www.swissraft.ch\/de\/produkt\/beromuensgter-tandemfallschirmsprung-flugzeug\/#breadcrumb"},"inLanguage":"de","potentialAction":[{"@type":"ReadAction","target":["https:\/\/www.swissraft.ch\/de\/produkt\/beromuensgter-tandemfallschirmsprung-flugzeug\/"]}]},{"@type":"ImageObject","inLanguage":"de","@id":"https:\/\/www.swissraft.ch\/de\/produkt\/beromuensgter-tandemfallschirmsprung-flugzeug\/#primaryimage","url":"https:\/\/www.swissraft.ch\/wp-content\/uploads\/2023\/02\/fallschirmspringen-beromunster-1.jpg","contentUrl":"https:\/\/www.swissraft.ch\/wp-content\/uploads\/2023\/02\/fallschirmspringen-beromunster-1.jpg","width":776,"height":776,"caption":"Beromuenster Tandemfallschirmsprung flugzeug"},{"@type":"BreadcrumbList","@id":"https:\/\/www.swissraft.ch\/de\/produkt\/beromuensgter-tandemfallschirmsprung-flugzeug\/#breadcrumb","itemListElement":[{"@type":"ListItem","position":1,"name":"Accueil","item":"https:\/\/www.swissraft.ch\/de\/"},{"@type":"ListItem","position":2,"name":"Shop","item":"https:\/\/www.swissraft.ch\/de\/shop\/"},{"@type":"ListItem","position":3,"name":"Fallschirmspringen in Berom\u00fcnster &#8211; Tandemsprung aus einem Flugzeug &#8211; Ab CHF 365.00"}]},{"@type":"WebSite","@id":"https:\/\/www.swissraft.ch\/de\/#website","url":"https:\/\/www.swissraft.ch\/de\/","name":"Swissraft","description":"To enjoy nature as it is","publisher":{"@id":"https:\/\/www.swissraft.ch\/de\/#organization"},"potentialAction":[{"@type":"SearchAction","target":{"@type":"EntryPoint","urlTemplate":"https:\/\/www.swissraft.ch\/de\/?s={search_term_string}"},"query-input":{"@type":"PropertyValueSpecification","valueRequired":true,"valueName":"search_term_string"}}],"inLanguage":"de"},{"@type":"Organization","@id":"https:\/\/www.swissraft.ch\/de\/#organization","name":"Swissraft","url":"https:\/\/www.swissraft.ch\/de\/","logo":{"@type":"ImageObject","inLanguage":"de","@id":"https:\/\/www.swissraft.ch\/de\/#\/schema\/logo\/image\/","url":"https:\/\/www.swissraft.ch\/wp-content\/uploads\/2025\/09\/Capture.jpg","contentUrl":"https:\/\/www.swissraft.ch\/wp-content\/uploads\/2025\/09\/Capture.jpg","width":293,"height":108,"caption":"Swissraft"},"image":{"@id":"https:\/\/www.swissraft.ch\/de\/#\/schema\/logo\/image\/"}}]}},"_links":{"self":[{"href":"https:\/\/www.swissraft.ch\/de\/wp-json\/wp\/v2\/product\/91634","targetHints":{"allow":["GET"]}}],"collection":[{"href":"https:\/\/www.swissraft.ch\/de\/wp-json\/wp\/v2\/product"}],"about":[{"href":"https:\/\/www.swissraft.ch\/de\/wp-json\/wp\/v2\/types\/product"}],"replies":[{"embeddable":true,"href":"https:\/\/www.swissraft.ch\/de\/wp-json\/wp\/v2\/comments?post=91634"}],"version-history":[{"count":35,"href":"https:\/\/www.swissraft.ch\/de\/wp-json\/wp\/v2\/product\/91634\/revisions"}],"predecessor-version":[{"id":136729,"href":"https:\/\/www.swissraft.ch\/de\/wp-json\/wp\/v2\/product\/91634\/revisions\/136729"}],"wp:featuredmedia":[{"embeddable":true,"href":"https:\/\/www.swissraft.ch\/de\/wp-json\/wp\/v2\/media\/81712"}],"wp:attachment":[{"href":"https:\/\/www.swissraft.ch\/de\/wp-json\/wp\/v2\/media?parent=91634"}],"wp:term":[{"taxonomy":"product_cat","embeddable":true,"href":"https:\/\/www.swissraft.ch\/de\/wp-json\/wp\/v2\/product_cat?post=91634"},{"taxonomy":"product_tag","embeddable":true,"href":"https:\/\/www.swissraft.ch\/de\/wp-json\/wp\/v2\/product_tag?post=91634"}],"curies":[{"name":"wp","href":"https:\/\/api.w.org\/{rel}","templated":true}]}}