{"id":91630,"date":"2023-02-16T18:06:20","date_gmt":"2023-02-16T17:06:20","guid":{"rendered":"https:\/\/swissraft.xyanzkdne.eu\/product\/fallschirmspringen-in-epagny-tandem-springen-aus-einem-flugzeug-ab-chf-430-00\/"},"modified":"2026-04-26T18:53:44","modified_gmt":"2026-04-26T16:53:44","slug":"epagny-tandemfallschirmsprung","status":"publish","type":"product","link":"https:\/\/www.swissraft.ch\/de\/produkt\/epagny-tandemfallschirmsprung\/","title":{"rendered":"Fallschirmspringen &#8211; \u00c9pagny &#8211; Tandemsprung aus einem Flugzeug &#8211; Ab CHF 430.00"},"content":{"rendered":"\t\t<div data-elementor-type=\"wp-post\" data-elementor-id=\"91630\" class=\"elementor elementor-91630 elementor-30887\">\n\t\t\t\t\t\t\t\t\t<section class=\"elementor-section elementor-top-section elementor-element elementor-element-3303a7e3 elementor-section-boxed elementor-section-height-default elementor-section-height-default\" data-id=\"3303a7e3\" data-element_type=\"section\">\n\t\t\t\t\t\t<div class=\"elementor-container elementor-column-gap-default\">\n\t\t\t\t\t<div class=\"elementor-column elementor-col-100 elementor-top-column elementor-element elementor-element-16d72dbf\" data-id=\"16d72dbf\" data-element_type=\"column\">\n\t\t\t<div class=\"elementor-widget-wrap elementor-element-populated\">\n\t\t\t\t\t\t\t\t<div class=\"elementor-element elementor-element-d743c03 elementor-widget elementor-widget-text-editor\" data-id=\"d743c03\" data-element_type=\"widget\" data-widget_type=\"text-editor.default\">\n\t\t\t\t<div class=\"elementor-widget-container\">\n\t\t\t\t\t\t\t<h2>W\u00c4HLEN SIE UNTEN IHRE AKTIVIT\u00c4T AUS, UM GESCHENKGUTSCHEINE \/ TICKETS ZU VERSCHENKEN ODER ZU BUCHEN<\/h2><table border=\"0\" width=\"580\" cellspacing=\"10\" cellpadding=\"10\"><tbody><tr><td width=\"50%\"><strong>TANDEMFALLSCHIRMSPRUNG &#8211; \u00c9PAGNY<\/strong><\/td><td><strong>Ab CHF 430.00 pro Person<span class=\"productPrice\"><br \/><\/span><\/strong><\/td><\/tr><tr><td>Zus\u00e4tzliche Informationen<\/td><td>&#8211;<span class=\"plbl\"><span class=\"patt\"> Sportschuhe ohne Haken<br \/><\/span><\/span> &#8211;<span class=\"plbl\"><span class=\"patt\"> Nicht n\u00fcchtern sein<br \/>&#8211; Nicht unter dem Einfluss von Alkohol oder anderen Substanzen stehen<br \/>&#8211; Einverst\u00e4ndniserkl\u00e4rung der Eltern f\u00fcr Minderj\u00e4hrige<\/span><br \/>&#8211; Rabatt <\/span>: <span class=\"patt\">11 Tandemspr\u00fcnge (11te gratis)<\/span><\/td><\/tr><tr><td>Zeiten<\/td><td>Bei Ihrer Buchung w\u00e4hlen Sie die Uhrzeit aus<\/td><\/tr><tr><td>Dauer des freien Falls<\/td><td>ca. 50 Sekunden<\/td><\/tr><tr><td>Gesamtdauer<\/td><td>ca. 4 Std.<\/td><\/tr><tr><td>Flugplatz<\/td><td><a href=\"https:\/\/www.google.com\/maps\/place\/46%C2%B035'41.2%22N+7%C2%B005'35.6%22E\/@46.5951031,7.0751367,3102m\/data=!3m1!1e3!4m4!3m3!8m2!3d46.5947778!4d7.0932222?entry=ttu\" target=\"_blank\" rel=\"noopener\">\u00c9pagny<\/a><\/td><\/tr><tr><td><button class=\"elementor-button\" type=\"button\"><a href=\"https:\/\/swissraft.outdoorbooking.ch\/fo\/products\/128?base_id=42&amp;category_id=5&amp;order_type=gift_voucher&amp;lang=de\" target=\"_blank\" rel=\"noopener\">GUTSCHEIN \/ TICKET KAUFEN<\/a><\/button><\/td><td><a href=\"https:\/\/swissraft.outdoorbooking.ch\/fo\/products\/128?base_id=42&amp;category_id=5&amp;order_type=event&amp;lang=fr\" target=\"_blank\" rel=\"noopener\">DAS DATUM DES SPRUNGES BUCHEN<\/a>\u00a0 <strong>CHF 430.00<\/strong>\/Pers.<\/td><\/tr><tr><td><button class=\"elementor-button\" type=\"button\"><a href=\"https:\/\/swissraft.outdoorbooking.ch\/fo\/products\/258?base_id=42&amp;category_id=5&amp;order_type=gift_voucher&amp;lang=de\" target=\"_blank\" rel=\"noopener\">GUTSCHEIN \/ TICKET KAUFEN<\/a><\/button><\/td><td><a href=\"https:\/\/swissraft.outdoorbooking.ch\/fo\/products\/258?base_id=42&amp;category_id=5&amp;order_type=event&amp;lang=fr\" target=\"_blank\" rel=\"noopener\">DAS DATUM DES SPRUNGES BUCHEN<\/a>\u00a0 <strong>CHF 550.00<\/strong>\/Pers. mit Video oder Fotos<\/td><\/tr><tr><td><button class=\"elementor-button\" type=\"button\"><a href=\"https:\/\/swissraft.outdoorbooking.ch\/fo\/products\/259?base_id=42&amp;category_id=5&amp;order_type=gift_voucher&amp;lang=de\" target=\"_blank\" rel=\"noopener\">GUTSCHEIN \/ TICKET KAUFEN<\/a><\/button><\/td><td><a href=\"https:\/\/swissraft.outdoorbooking.ch\/fo\/products\/259?base_id=42&amp;category_id=5&amp;order_type=event&amp;lang=fr\" target=\"_blank\" rel=\"noopener\">DAS DATUM DES SPRUNGES BUCHEN<\/a>\u00a0 <strong>CHF 580.00<\/strong>\/Pers. mit Video &amp; Fotos<\/td><\/tr><\/tbody><\/table>\t\t\t\t\t\t<\/div>\n\t\t\t\t<\/div>\n\t\t\t\t\t<\/div>\n\t\t<\/div>\n\t\t\t\t\t\t\t<\/div>\n\t\t<\/section>\n\t\t\t\t\t\t\t<\/div>\n\t\t","protected":false},"excerpt":{"rendered":"<div align=\"justify\">\n<h2 align=\"justify\">In \u00c9pagny im Greyerzerland im Kanton Freiburg machen Sie einen Tandemsprung mit einem erfahrenen Piloten.<\/h2>\n<h3>Tandem-Fallschirmspringen ist ein Abenteuer, das Sie mit einem Gef\u00fchl der Erf\u00fcllung und Aufregung zur\u00fcckl\u00e4sst.<\/h3>\n<\/div>\n<div align=\"justify\">\n<p>Ihr Fluglehrer und Pilot begr\u00fc\u00dft Sie auf unserer Dropzone auf dem Flugplatz von Epagny. Sie begleiten ihn w\u00e4hrend des gesamten Abenteuers, von der Ausr\u00fcstung \u00fcber die Einweisung bis zur Landung. Zun\u00e4chst erhalten Sie einen Klettergurt, einen Helm und eine Schutzbrille. Zweitens f\u00fchren Sie mit ihm einige \u00dcbungen durch; insbesondere lernen Sie, Ihre Arme und Ihren Kopf in eine bestimmte Position zu bringen. Dann setzen Sie sich mit Ihrem Piloten in das Flugzeug. Sie sind etwas angespannt, was normal ist. Das Flugzeug hebt ab und Sie entspannen sich, w\u00e4hrend Sie die sch\u00f6ne Aussicht genie\u00dfen. Sie haben den Greyerzersee und die Freiburger Voralpen unter sich. Das Flugzeug erreicht nach 20 Minuten Aufstieg 4000 m und es ist Zeit f\u00fcr den letzten Check vor dem Absprung. Sie und Ihr Pilot n\u00e4hern sich der T\u00fcr und sto\u00dfen sich gegenseitig aus dem Flugzeug. Der freie Fall dauert etwa 50 Sekunden. Dann kommt der Moment, in dem der Pilot den Fallschirm \u00f6ffnet. Genie\u00dfen Sie den ruhigen Flug unter einem Fallschirm, bevor Sie auf dem Flugplatz von Epagny sanft landen. Vergessen Sie nicht, eine Erinnerung an Ihren Tandemsprung zu behalten, indem Sie bei Ihrer Buchung ein Video bestellen. Wenn Sie eine \u00e4hnliche Erfahrung mit weniger Stress machen m\u00f6chten, haben wir genau das Richtige f\u00fcr Sie. Der Freifallsimulator bietet Ihnen fast das gleiche Gef\u00fchl, ohne das geringste Risiko.<\/p>\n<h3>Wir haben mehr als ein Dutzend Orte in der Schweiz, an denen wir Tandemspr\u00fcnge mit dem Fallschirm durchf\u00fchren.<\/h3>\n<p id=\"textarea\" style=\"display: none;\">\nEbenfalls im Kanton Freiburg springen wir auf dem Flugplatz von \u00c9cuvillens ab. Im Berner Oberland machen wir Tandem-Fallschirmspr\u00fcnge in Interlaken aus dem Hubschrauber und in Reichenbach aus dem Flugzeug. Aber auch im Kanton Luzern springen wir von den Flugpl\u00e4tzen Berom\u00fcnster und Triengen ab. In Colombier springen wir \u00fcbrigens auch in den Kanton Neuenburg. Anschlie\u00dfend springen wir in Bex im Kanton Waadt mit dem Fallschirm ab. Au\u00dferdem bieten wir Tandemspr\u00fcnge auf dem Flugplatz von Grenchen an. Einerseits machen wir Tandemspr\u00fcnge im Wallis auf dem Flugplatz von Raron und dem Flughafen von Sitten. Au\u00dferdem haben wir eine Dropzone auf dem Flugplatz Sitterdorf in Thurgau. Aber auch eine Dropzone im Tessin auf dem Flugplatz von Locarno. Und in der N\u00e4he von Basel in Deutschland springen wir auf dem Flugplatz Rottweil mit dem Fallschirm ab.\n<\/p>\n<p><a id=\"seeMore\" onclick=\"toggleSeeMore()\" href=\"javascript:void(0);\">Lesen Sie mehr<\/a><\/p>\n","protected":false},"featured_media":87853,"comment_status":"open","ping_status":"closed","template":"","meta":{"inline_featured_image":false,"_mi_skip_tracking":false},"product_cat":[292],"product_tag":[],"class_list":["post-91630","product","type-product","status-publish","has-post-thumbnail","hentry","product_cat-tandem-fallschirmsprung-tandemsprung"],"yoast_head":"<!-- This site is optimized with the Yoast SEO plugin v23.6 - https:\/\/yoast.com\/wordpress\/plugins\/seo\/ -->\n<title>\u00c9pagny-Tandemfallschirmsprung mit freiem Fall<\/title>\n<meta name=\"description\" content=\"\u00c9pagny-Tandemfallschirmsprung mit einem freien Fall von ca. 50 Sekunden. F\u00fcr diejenigen, die einen unvergleichlichen Adrenalinsto\u00df lieben.\" \/>\n<meta name=\"robots\" content=\"index, follow, max-snippet:-1, max-image-preview:large, max-video-preview:-1\" \/>\n<link rel=\"canonical\" href=\"https:\/\/www.swissraft.ch\/de\/produkt\/epagny-tandemfallschirmsprung\/\" \/>\n<meta property=\"og:locale\" content=\"de_DE\" \/>\n<meta property=\"og:type\" content=\"article\" \/>\n<meta property=\"og:title\" content=\"\u00c9pagny-Tandemfallschirmsprung mit freiem Fall\" \/>\n<meta property=\"og:description\" content=\"\u00c9pagny-Tandemfallschirmsprung mit einem freien Fall von ca. 50 Sekunden. F\u00fcr diejenigen, die einen unvergleichlichen Adrenalinsto\u00df lieben.\" \/>\n<meta property=\"og:url\" content=\"https:\/\/www.swissraft.ch\/de\/produkt\/epagny-tandemfallschirmsprung\/\" \/>\n<meta property=\"og:site_name\" content=\"Swissraft\" \/>\n<meta property=\"article:modified_time\" content=\"2026-04-26T16:53:44+00:00\" \/>\n<meta property=\"og:image\" content=\"https:\/\/www.swissraft.ch\/wp-content\/uploads\/2023\/02\/1-EPAGNY-776x776-1.jpg\" \/>\n\t<meta property=\"og:image:width\" content=\"776\" \/>\n\t<meta property=\"og:image:height\" content=\"776\" \/>\n\t<meta property=\"og:image:type\" content=\"image\/jpeg\" \/>\n<meta name=\"twitter:card\" content=\"summary_large_image\" \/>\n<meta name=\"twitter:label1\" content=\"Gesch\u00e4tzte Lesezeit\" \/>\n\t<meta name=\"twitter:data1\" content=\"1\u00a0Minute\" \/>\n<script type=\"application\/ld+json\" class=\"yoast-schema-graph\">{\"@context\":\"https:\/\/schema.org\",\"@graph\":[{\"@type\":\"WebPage\",\"@id\":\"https:\/\/www.swissraft.ch\/de\/produkt\/epagny-tandemfallschirmsprung\/\",\"url\":\"https:\/\/www.swissraft.ch\/de\/produkt\/epagny-tandemfallschirmsprung\/\",\"name\":\"\u00c9pagny-Tandemfallschirmsprung mit freiem Fall\",\"isPartOf\":{\"@id\":\"https:\/\/www.swissraft.ch\/de\/#website\"},\"primaryImageOfPage\":{\"@id\":\"https:\/\/www.swissraft.ch\/de\/produkt\/epagny-tandemfallschirmsprung\/#primaryimage\"},\"image\":{\"@id\":\"https:\/\/www.swissraft.ch\/de\/produkt\/epagny-tandemfallschirmsprung\/#primaryimage\"},\"thumbnailUrl\":\"https:\/\/www.swissraft.ch\/wp-content\/uploads\/2023\/02\/1-EPAGNY-776x776-1.jpg\",\"datePublished\":\"2023-02-16T17:06:20+00:00\",\"dateModified\":\"2026-04-26T16:53:44+00:00\",\"description\":\"\u00c9pagny-Tandemfallschirmsprung mit einem freien Fall von ca. 50 Sekunden. F\u00fcr diejenigen, die einen unvergleichlichen Adrenalinsto\u00df lieben.\",\"breadcrumb\":{\"@id\":\"https:\/\/www.swissraft.ch\/de\/produkt\/epagny-tandemfallschirmsprung\/#breadcrumb\"},\"inLanguage\":\"de\",\"potentialAction\":[{\"@type\":\"ReadAction\",\"target\":[\"https:\/\/www.swissraft.ch\/de\/produkt\/epagny-tandemfallschirmsprung\/\"]}]},{\"@type\":\"ImageObject\",\"inLanguage\":\"de\",\"@id\":\"https:\/\/www.swissraft.ch\/de\/produkt\/epagny-tandemfallschirmsprung\/#primaryimage\",\"url\":\"https:\/\/www.swissraft.ch\/wp-content\/uploads\/2023\/02\/1-EPAGNY-776x776-1.jpg\",\"contentUrl\":\"https:\/\/www.swissraft.ch\/wp-content\/uploads\/2023\/02\/1-EPAGNY-776x776-1.jpg\",\"width\":776,\"height\":776,\"caption\":\"Tandem-Fallschirmsprung in \u00c9pagny\"},{\"@type\":\"BreadcrumbList\",\"@id\":\"https:\/\/www.swissraft.ch\/de\/produkt\/epagny-tandemfallschirmsprung\/#breadcrumb\",\"itemListElement\":[{\"@type\":\"ListItem\",\"position\":1,\"name\":\"Accueil\",\"item\":\"https:\/\/www.swissraft.ch\/de\/\"},{\"@type\":\"ListItem\",\"position\":2,\"name\":\"Shop\",\"item\":\"https:\/\/www.swissraft.ch\/de\/shop\/\"},{\"@type\":\"ListItem\",\"position\":3,\"name\":\"Fallschirmspringen &#8211; \u00c9pagny &#8211; Tandemsprung aus einem Flugzeug &#8211; Ab CHF 430.00\"}]},{\"@type\":\"WebSite\",\"@id\":\"https:\/\/www.swissraft.ch\/de\/#website\",\"url\":\"https:\/\/www.swissraft.ch\/de\/\",\"name\":\"Swissraft\",\"description\":\"To enjoy nature as it is\",\"publisher\":{\"@id\":\"https:\/\/www.swissraft.ch\/de\/#organization\"},\"potentialAction\":[{\"@type\":\"SearchAction\",\"target\":{\"@type\":\"EntryPoint\",\"urlTemplate\":\"https:\/\/www.swissraft.ch\/de\/?s={search_term_string}\"},\"query-input\":{\"@type\":\"PropertyValueSpecification\",\"valueRequired\":true,\"valueName\":\"search_term_string\"}}],\"inLanguage\":\"de\"},{\"@type\":\"Organization\",\"@id\":\"https:\/\/www.swissraft.ch\/de\/#organization\",\"name\":\"Swissraft\",\"url\":\"https:\/\/www.swissraft.ch\/de\/\",\"logo\":{\"@type\":\"ImageObject\",\"inLanguage\":\"de\",\"@id\":\"https:\/\/www.swissraft.ch\/de\/#\/schema\/logo\/image\/\",\"url\":\"https:\/\/www.swissraft.ch\/wp-content\/uploads\/2025\/09\/Capture.jpg\",\"contentUrl\":\"https:\/\/www.swissraft.ch\/wp-content\/uploads\/2025\/09\/Capture.jpg\",\"width\":293,\"height\":108,\"caption\":\"Swissraft\"},\"image\":{\"@id\":\"https:\/\/www.swissraft.ch\/de\/#\/schema\/logo\/image\/\"}}]}<\/script>\n<!-- \/ Yoast SEO plugin. -->","yoast_head_json":{"title":"\u00c9pagny-Tandemfallschirmsprung mit freiem Fall","description":"\u00c9pagny-Tandemfallschirmsprung mit einem freien Fall von ca. 50 Sekunden. F\u00fcr diejenigen, die einen unvergleichlichen Adrenalinsto\u00df lieben.","robots":{"index":"index","follow":"follow","max-snippet":"max-snippet:-1","max-image-preview":"max-image-preview:large","max-video-preview":"max-video-preview:-1"},"canonical":"https:\/\/www.swissraft.ch\/de\/produkt\/epagny-tandemfallschirmsprung\/","og_locale":"de_DE","og_type":"article","og_title":"\u00c9pagny-Tandemfallschirmsprung mit freiem Fall","og_description":"\u00c9pagny-Tandemfallschirmsprung mit einem freien Fall von ca. 50 Sekunden. F\u00fcr diejenigen, die einen unvergleichlichen Adrenalinsto\u00df lieben.","og_url":"https:\/\/www.swissraft.ch\/de\/produkt\/epagny-tandemfallschirmsprung\/","og_site_name":"Swissraft","article_modified_time":"2026-04-26T16:53:44+00:00","og_image":[{"width":776,"height":776,"url":"https:\/\/www.swissraft.ch\/wp-content\/uploads\/2023\/02\/1-EPAGNY-776x776-1.jpg","type":"image\/jpeg"}],"twitter_card":"summary_large_image","twitter_misc":{"Gesch\u00e4tzte Lesezeit":"1\u00a0Minute"},"schema":{"@context":"https:\/\/schema.org","@graph":[{"@type":"WebPage","@id":"https:\/\/www.swissraft.ch\/de\/produkt\/epagny-tandemfallschirmsprung\/","url":"https:\/\/www.swissraft.ch\/de\/produkt\/epagny-tandemfallschirmsprung\/","name":"\u00c9pagny-Tandemfallschirmsprung mit freiem Fall","isPartOf":{"@id":"https:\/\/www.swissraft.ch\/de\/#website"},"primaryImageOfPage":{"@id":"https:\/\/www.swissraft.ch\/de\/produkt\/epagny-tandemfallschirmsprung\/#primaryimage"},"image":{"@id":"https:\/\/www.swissraft.ch\/de\/produkt\/epagny-tandemfallschirmsprung\/#primaryimage"},"thumbnailUrl":"https:\/\/www.swissraft.ch\/wp-content\/uploads\/2023\/02\/1-EPAGNY-776x776-1.jpg","datePublished":"2023-02-16T17:06:20+00:00","dateModified":"2026-04-26T16:53:44+00:00","description":"\u00c9pagny-Tandemfallschirmsprung mit einem freien Fall von ca. 50 Sekunden. F\u00fcr diejenigen, die einen unvergleichlichen Adrenalinsto\u00df lieben.","breadcrumb":{"@id":"https:\/\/www.swissraft.ch\/de\/produkt\/epagny-tandemfallschirmsprung\/#breadcrumb"},"inLanguage":"de","potentialAction":[{"@type":"ReadAction","target":["https:\/\/www.swissraft.ch\/de\/produkt\/epagny-tandemfallschirmsprung\/"]}]},{"@type":"ImageObject","inLanguage":"de","@id":"https:\/\/www.swissraft.ch\/de\/produkt\/epagny-tandemfallschirmsprung\/#primaryimage","url":"https:\/\/www.swissraft.ch\/wp-content\/uploads\/2023\/02\/1-EPAGNY-776x776-1.jpg","contentUrl":"https:\/\/www.swissraft.ch\/wp-content\/uploads\/2023\/02\/1-EPAGNY-776x776-1.jpg","width":776,"height":776,"caption":"Tandem-Fallschirmsprung in \u00c9pagny"},{"@type":"BreadcrumbList","@id":"https:\/\/www.swissraft.ch\/de\/produkt\/epagny-tandemfallschirmsprung\/#breadcrumb","itemListElement":[{"@type":"ListItem","position":1,"name":"Accueil","item":"https:\/\/www.swissraft.ch\/de\/"},{"@type":"ListItem","position":2,"name":"Shop","item":"https:\/\/www.swissraft.ch\/de\/shop\/"},{"@type":"ListItem","position":3,"name":"Fallschirmspringen &#8211; \u00c9pagny &#8211; Tandemsprung aus einem Flugzeug &#8211; Ab CHF 430.00"}]},{"@type":"WebSite","@id":"https:\/\/www.swissraft.ch\/de\/#website","url":"https:\/\/www.swissraft.ch\/de\/","name":"Swissraft","description":"To enjoy nature as it is","publisher":{"@id":"https:\/\/www.swissraft.ch\/de\/#organization"},"potentialAction":[{"@type":"SearchAction","target":{"@type":"EntryPoint","urlTemplate":"https:\/\/www.swissraft.ch\/de\/?s={search_term_string}"},"query-input":{"@type":"PropertyValueSpecification","valueRequired":true,"valueName":"search_term_string"}}],"inLanguage":"de"},{"@type":"Organization","@id":"https:\/\/www.swissraft.ch\/de\/#organization","name":"Swissraft","url":"https:\/\/www.swissraft.ch\/de\/","logo":{"@type":"ImageObject","inLanguage":"de","@id":"https:\/\/www.swissraft.ch\/de\/#\/schema\/logo\/image\/","url":"https:\/\/www.swissraft.ch\/wp-content\/uploads\/2025\/09\/Capture.jpg","contentUrl":"https:\/\/www.swissraft.ch\/wp-content\/uploads\/2025\/09\/Capture.jpg","width":293,"height":108,"caption":"Swissraft"},"image":{"@id":"https:\/\/www.swissraft.ch\/de\/#\/schema\/logo\/image\/"}}]}},"_links":{"self":[{"href":"https:\/\/www.swissraft.ch\/de\/wp-json\/wp\/v2\/product\/91630","targetHints":{"allow":["GET"]}}],"collection":[{"href":"https:\/\/www.swissraft.ch\/de\/wp-json\/wp\/v2\/product"}],"about":[{"href":"https:\/\/www.swissraft.ch\/de\/wp-json\/wp\/v2\/types\/product"}],"replies":[{"embeddable":true,"href":"https:\/\/www.swissraft.ch\/de\/wp-json\/wp\/v2\/comments?post=91630"}],"version-history":[{"count":21,"href":"https:\/\/www.swissraft.ch\/de\/wp-json\/wp\/v2\/product\/91630\/revisions"}],"predecessor-version":[{"id":142148,"href":"https:\/\/www.swissraft.ch\/de\/wp-json\/wp\/v2\/product\/91630\/revisions\/142148"}],"wp:featuredmedia":[{"embeddable":true,"href":"https:\/\/www.swissraft.ch\/de\/wp-json\/wp\/v2\/media\/87853"}],"wp:attachment":[{"href":"https:\/\/www.swissraft.ch\/de\/wp-json\/wp\/v2\/media?parent=91630"}],"wp:term":[{"taxonomy":"product_cat","embeddable":true,"href":"https:\/\/www.swissraft.ch\/de\/wp-json\/wp\/v2\/product_cat?post=91630"},{"taxonomy":"product_tag","embeddable":true,"href":"https:\/\/www.swissraft.ch\/de\/wp-json\/wp\/v2\/product_tag?post=91630"}],"curies":[{"name":"wp","href":"https:\/\/api.w.org\/{rel}","templated":true}]}}