{"id":91626,"date":"2023-02-16T17:53:50","date_gmt":"2023-02-16T16:53:50","guid":{"rendered":"https:\/\/swissraft.xyanzkdne.eu\/product\/fallschirmsprung-in-ecuvillens-tandem-sprung-aus-einem-flugzeug-ab-chf-430-00\/"},"modified":"2026-04-26T18:53:36","modified_gmt":"2026-04-26T16:53:36","slug":"ecuvillens-tandemfallschirmsprung","status":"publish","type":"product","link":"https:\/\/www.swissraft.ch\/de\/produkt\/ecuvillens-tandemfallschirmsprung\/","title":{"rendered":"Fallschirmspringen &#8211; \u00c9cuvillens &#8211; Tandemsprung aus einem Flugzeug &#8211; Ab CHF 430.00"},"content":{"rendered":"\t\t<div data-elementor-type=\"wp-post\" data-elementor-id=\"91626\" class=\"elementor elementor-91626 elementor-30881\">\n\t\t\t\t\t\t\t\t\t<section class=\"elementor-section elementor-top-section elementor-element elementor-element-3303a7e3 elementor-section-boxed elementor-section-height-default elementor-section-height-default\" data-id=\"3303a7e3\" data-element_type=\"section\">\n\t\t\t\t\t\t<div class=\"elementor-container elementor-column-gap-default\">\n\t\t\t\t\t<div class=\"elementor-column elementor-col-100 elementor-top-column elementor-element elementor-element-16d72dbf\" data-id=\"16d72dbf\" data-element_type=\"column\">\n\t\t\t<div class=\"elementor-widget-wrap elementor-element-populated\">\n\t\t\t\t\t\t\t\t<div class=\"elementor-element elementor-element-d743c03 elementor-widget elementor-widget-text-editor\" data-id=\"d743c03\" data-element_type=\"widget\" data-widget_type=\"text-editor.default\">\n\t\t\t\t<div class=\"elementor-widget-container\">\n\t\t\t\t\t\t\t<h2>W\u00c4HLEN SIE UNTEN IHRE AKTIVIT\u00c4T AUS, UM GESCHENKGUTSCHEINE \/ TICKETS ZU VERSCHENKEN ODER ZU BUCHEN<\/h2><table border=\"0\" width=\"580\" cellspacing=\"10\" cellpadding=\"10\"><tbody><tr><td width=\"50%\"><strong>TANDEMFALLSCHIRMSPRUNG &#8211; \u00c9CUVILLENS<\/strong><\/td><td><strong>CHF 430.00 pro Person<span class=\"productPrice\"><br \/><\/span><\/strong><\/td><\/tr><tr><td>Zus\u00e4tzliche Informationen<\/td><td>&#8211;<span class=\"plbl\"><span class=\"patt\"> Sportschuhe ohne Haken<br \/><\/span><\/span> &#8211;<span class=\"plbl\"><span class=\"patt\"> Nicht n\u00fcchtern sein<br \/>&#8211; Nicht unter dem Einfluss von Alkohol oder anderen Substanzen stehen<br \/>&#8211; Einverst\u00e4ndniserkl\u00e4rung der Eltern f\u00fcr Minderj\u00e4hrige<\/span><br \/>&#8211; Rabatt <\/span>: <span class=\"patt\">11 Tandemspr\u00fcnge (11te gratis)<\/span><\/td><\/tr><tr><td>Zeiten<\/td><td>Bei Ihrer Buchung w\u00e4hlen Sie die Uhrzeit aus<\/td><\/tr><tr><td>Dauer des freien Falls<\/td><td>ca. 50 Sekunden<\/td><\/tr><tr><td>Gesamtdauer<\/td><td>ca. 4 Std.<\/td><\/tr><tr><td>Flugplatz<\/td><td><a href=\"https:\/\/www.google.com\/maps\/place\/46%C2%B045'15.2%22N+7%C2%B004'33.1%22E\/@46.7546241,7.0568888,3093m\/data=!3m1!1e3!4m4!3m3!8m2!3d46.7542222!4d7.0758611?entry=ttu\" target=\"_blank\" rel=\"noopener\">\u00c9cuvillens<\/a><\/td><\/tr><tr><td><button class=\"elementor-button\" type=\"button\"><a href=\"https:\/\/swissraft.outdoorbooking.ch\/fo\/products\/872?base_id=38&amp;category_id=5&amp;order_type=gift_voucher&amp;lang=de\" target=\"_blank\" rel=\"noopener\">GUTSCHEIN \/ TICKET KAUFEN<\/a><\/button><\/td><td><strong><br \/><\/strong><a href=\"https:\/\/swissraft.outdoorbooking.ch\/fo\/products\/872?base_id=38&amp;category_id=5&amp;order_type=event&amp;lang=de\" target=\"_blank\" rel=\"noopener\">DAS DATUM DES SPRUNGES BUCHEN<\/a>\u00a0 <strong>CHF 430.00<\/strong>\/Pers.<\/td><\/tr><tr><td><button class=\"elementor-button\" type=\"button\"><a href=\"https:\/\/swissraft.outdoorbooking.ch\/fo\/products\/871?base_id=38&amp;category_id=5&amp;order_type=gift_voucher&amp;lang=de\" target=\"_blank\" rel=\"noopener\">GUTSCHEIN \/ TICKET KAUFEN<\/a><\/button><\/td><td><a href=\"https:\/\/swissraft.outdoorbooking.ch\/fo\/products\/871?base_id=38&amp;category_id=5&amp;order_type=event&amp;lang=de\" target=\"_blank\" rel=\"noopener\">DAS DATUM DES SPRUNGES BUCHEN<\/a>\u00a0 <strong>CHF 550.00<\/strong>\/Pers. mit Video<\/td><\/tr><tr><td><button class=\"elementor-button\" type=\"button\"><a href=\"https:\/\/swissraft.outdoorbooking.ch\/fo\/products\/870?base_id=38&amp;category_id=5&amp;order_type=gift_voucher&amp;lang=de\" target=\"_blank\" rel=\"noopener\">GUTSCHEIN \/ TICKET KAUFEN<\/a><\/button><\/td><td><a href=\"https:\/\/swissraft.outdoorbooking.ch\/fo\/products\/870?base_id=38&amp;category_id=5&amp;order_type=event&amp;lang=de\" target=\"_blank\" rel=\"noopener\">DAS DATUM DES SPRUNGES BUCHEN<\/a>\u00a0 <strong>CHF 580.00<\/strong>\/Pers. mit Video &amp; Fotos<\/td><\/tr><\/tbody><\/table>\t\t\t\t\t\t<\/div>\n\t\t\t\t<\/div>\n\t\t\t\t\t<\/div>\n\t\t<\/div>\n\t\t\t\t\t\t\t<\/div>\n\t\t<\/section>\n\t\t\t\t\t\t\t<\/div>\n\t\t","protected":false},"excerpt":{"rendered":"<div align=\"justify\">\n<h2 align=\"justify\">Im Kanton Freiburg auf dem Flugplatz von \u00c9cuvillens machen Sie einen Tandemsprung mit dem Fallschirm, der Ihnen in Erinnerung bleiben wird.<\/h2>\n<h3>Fallschirmspringen ist eine Erfahrung, die Ihr Leben ver\u00e4ndern und Sie andere Leidenschaften entdecken lassen kann.<\/h3>\n<\/div>\n<div align=\"justify\">\n<p>Ihr Fluglehrer und Pilot begr\u00fc\u00dft Sie auf unserer Dropzone auf dem Flugplatz von \u00c9cuvillens. Zun\u00e4chst machen Sie einige \u00dcbungen, um herauszufinden, wie Sie sich w\u00e4hrend des Sprungs verhalten sollen. Danach erhalten Sie eine Schutzbrille, einen Helm und eventuell einen Overall. Sie sind etwas nerv\u00f6s, das ist normal. Ihre Sorge ist verflogen, sobald Sie mit Ihrem Piloten in das Flugzeug steigen. Dieser hat einige tausend Spr\u00fcnge hinter sich und das gibt Ihnen Sicherheit. W\u00e4hrend des Aufstiegs genie\u00dfen Sie die Aussicht auf die Freiburger Voralpen. Nach etwa 20 Minuten Aufstieg ist es Zeit f\u00fcr den Sprung ins Leere. Sie n\u00e4hern sich der Flugzeugt\u00fcr. Ihr Pilot f\u00fchrt einen letzten Check durch, bevor er sich selbst und Sie aus dem Flugzeug katapultiert. Sie machen einen beeindruckenden freien Fall von ca. 50 Sekunden Dauer, w\u00e4hrend dessen Sie einen unvergleichlichen Adrenalinschub erleben. Sie genie\u00dfen den Rest des Fluges ohne Stress und landen sanft auf der Dropzone von \u00c9cuvillens. Vergessen Sie vor allem nicht, Ihr Video zu bestellen, um eine Erinnerung an dieses au\u00dfergew\u00f6hnliche Erlebnis zu behalten. F\u00fcr diejenigen, die eine \u00e4hnliche Erfahrung ohne Risiko machen m\u00f6chten, bieten wir einen Freifallsimulator an. Ein Freifallsimulator befindet sich im Wallis in Sion und ein weiterer in Winterthur bei Z\u00fcrich.<\/p>\n<h3>Wir haben zahlreiche Dropzones in der franz\u00f6sischen, deutschen und italienischen Schweiz.<\/h3>\n<p id=\"textarea\" style=\"display: none;\">\nNoch im Kanton Freiburg springen wir auf dem Flugplatz von \u00c9pagny im Greyerzerland ab. Auch im Berner Oberland springen wir in Interlaken aus einem Helikopter und in Reichenbach aus einem Flugzeug ab. Aber auch im Kanton Luzern von den Flugpl\u00e4tzen Berom\u00fcnster und Triengen aus. Einerseits haben wir eine Dropzone im Kanton Neuenburg auf dem Flugplatz Colombier. Andererseits springen wir vom Flugplatz Bex im Kanton Waadt ab. Au\u00dferdem haben wir Tandemspr\u00fcnge im Kanton Solothurn vom Flugplatz Grenchen aus. Au\u00dferdem machen wir Tandemspr\u00fcnge im Wallis auf dem Flugplatz von Raron und dem Flughafen von Sion. Dann haben wir auch noch eine Dropzone in der Ostschweiz auf dem Flugplatz Sitterdorf. Au\u00dferdem gibt es eine Dropzone im Tessin auf dem Flugplatz Locarno-Magadino. Aber auch in Deutschland in der N\u00e4he von Basel, wo wir vom Flugplatz Rottweil aus einen Tandem-Fallschirmsprung machen.\n<\/p>\n<p><a id=\"seeMore\" onclick=\"toggleSeeMore()\" href=\"javascript:void(0);\">Lesen Sie mehr<\/a><\/p>\n","protected":false},"featured_media":87841,"comment_status":"open","ping_status":"closed","template":"","meta":{"inline_featured_image":false,"_mi_skip_tracking":false},"product_cat":[292],"product_tag":[],"class_list":["post-91626","product","type-product","status-publish","has-post-thumbnail","hentry","product_cat-tandem-fallschirmsprung-tandemsprung"],"yoast_head":"<!-- This site is optimized with the Yoast SEO plugin v23.6 - https:\/\/yoast.com\/wordpress\/plugins\/seo\/ -->\n<title>\u00c9cuvillens-Tandemfallschirmsprung mit einem freien Fall<\/title>\n<meta name=\"description\" content=\"\u00c9cuvillens-Tandemfallschirmsprung mit einem freien Fall von ca. 50 Sekunden. Wenn Sie einen unvergleichlichen Adrenalinsto\u00df w\u00fcnschen\" \/>\n<meta name=\"robots\" content=\"index, follow, max-snippet:-1, max-image-preview:large, max-video-preview:-1\" \/>\n<link rel=\"canonical\" href=\"https:\/\/www.swissraft.ch\/de\/produkt\/ecuvillens-tandemfallschirmsprung\/\" \/>\n<meta property=\"og:locale\" content=\"de_DE\" \/>\n<meta property=\"og:type\" content=\"article\" \/>\n<meta property=\"og:title\" content=\"\u00c9cuvillens-Tandemfallschirmsprung mit einem freien Fall\" \/>\n<meta property=\"og:description\" content=\"\u00c9cuvillens-Tandemfallschirmsprung mit einem freien Fall von ca. 50 Sekunden. Wenn Sie einen unvergleichlichen Adrenalinsto\u00df w\u00fcnschen\" \/>\n<meta property=\"og:url\" content=\"https:\/\/www.swissraft.ch\/de\/produkt\/ecuvillens-tandemfallschirmsprung\/\" \/>\n<meta property=\"og:site_name\" content=\"Swissraft\" \/>\n<meta property=\"article:modified_time\" content=\"2026-04-26T16:53:36+00:00\" \/>\n<meta property=\"og:image\" content=\"https:\/\/www.swissraft.ch\/wp-content\/uploads\/2023\/02\/1-ECUVILLENS-776x776-1.jpg\" \/>\n\t<meta property=\"og:image:width\" content=\"776\" \/>\n\t<meta property=\"og:image:height\" content=\"776\" \/>\n\t<meta property=\"og:image:type\" content=\"image\/jpeg\" \/>\n<meta name=\"twitter:card\" content=\"summary_large_image\" \/>\n<meta name=\"twitter:label1\" content=\"Gesch\u00e4tzte Lesezeit\" \/>\n\t<meta name=\"twitter:data1\" content=\"1\u00a0Minute\" \/>\n<script type=\"application\/ld+json\" class=\"yoast-schema-graph\">{\"@context\":\"https:\/\/schema.org\",\"@graph\":[{\"@type\":\"WebPage\",\"@id\":\"https:\/\/www.swissraft.ch\/de\/produkt\/ecuvillens-tandemfallschirmsprung\/\",\"url\":\"https:\/\/www.swissraft.ch\/de\/produkt\/ecuvillens-tandemfallschirmsprung\/\",\"name\":\"\u00c9cuvillens-Tandemfallschirmsprung mit einem freien Fall\",\"isPartOf\":{\"@id\":\"https:\/\/www.swissraft.ch\/de\/#website\"},\"primaryImageOfPage\":{\"@id\":\"https:\/\/www.swissraft.ch\/de\/produkt\/ecuvillens-tandemfallschirmsprung\/#primaryimage\"},\"image\":{\"@id\":\"https:\/\/www.swissraft.ch\/de\/produkt\/ecuvillens-tandemfallschirmsprung\/#primaryimage\"},\"thumbnailUrl\":\"https:\/\/www.swissraft.ch\/wp-content\/uploads\/2023\/02\/1-ECUVILLENS-776x776-1.jpg\",\"datePublished\":\"2023-02-16T16:53:50+00:00\",\"dateModified\":\"2026-04-26T16:53:36+00:00\",\"description\":\"\u00c9cuvillens-Tandemfallschirmsprung mit einem freien Fall von ca. 50 Sekunden. Wenn Sie einen unvergleichlichen Adrenalinsto\u00df w\u00fcnschen\",\"breadcrumb\":{\"@id\":\"https:\/\/www.swissraft.ch\/de\/produkt\/ecuvillens-tandemfallschirmsprung\/#breadcrumb\"},\"inLanguage\":\"de\",\"potentialAction\":[{\"@type\":\"ReadAction\",\"target\":[\"https:\/\/www.swissraft.ch\/de\/produkt\/ecuvillens-tandemfallschirmsprung\/\"]}]},{\"@type\":\"ImageObject\",\"inLanguage\":\"de\",\"@id\":\"https:\/\/www.swissraft.ch\/de\/produkt\/ecuvillens-tandemfallschirmsprung\/#primaryimage\",\"url\":\"https:\/\/www.swissraft.ch\/wp-content\/uploads\/2023\/02\/1-ECUVILLENS-776x776-1.jpg\",\"contentUrl\":\"https:\/\/www.swissraft.ch\/wp-content\/uploads\/2023\/02\/1-ECUVILLENS-776x776-1.jpg\",\"width\":776,\"height\":776,\"caption\":\"\u00c9cuvillens Tandemsprung mit dem Fallschirm\"},{\"@type\":\"BreadcrumbList\",\"@id\":\"https:\/\/www.swissraft.ch\/de\/produkt\/ecuvillens-tandemfallschirmsprung\/#breadcrumb\",\"itemListElement\":[{\"@type\":\"ListItem\",\"position\":1,\"name\":\"Accueil\",\"item\":\"https:\/\/www.swissraft.ch\/de\/\"},{\"@type\":\"ListItem\",\"position\":2,\"name\":\"Shop\",\"item\":\"https:\/\/www.swissraft.ch\/de\/shop\/\"},{\"@type\":\"ListItem\",\"position\":3,\"name\":\"Fallschirmspringen &#8211; \u00c9cuvillens &#8211; Tandemsprung aus einem Flugzeug &#8211; Ab CHF 430.00\"}]},{\"@type\":\"WebSite\",\"@id\":\"https:\/\/www.swissraft.ch\/de\/#website\",\"url\":\"https:\/\/www.swissraft.ch\/de\/\",\"name\":\"Swissraft\",\"description\":\"To enjoy nature as it is\",\"publisher\":{\"@id\":\"https:\/\/www.swissraft.ch\/de\/#organization\"},\"potentialAction\":[{\"@type\":\"SearchAction\",\"target\":{\"@type\":\"EntryPoint\",\"urlTemplate\":\"https:\/\/www.swissraft.ch\/de\/?s={search_term_string}\"},\"query-input\":{\"@type\":\"PropertyValueSpecification\",\"valueRequired\":true,\"valueName\":\"search_term_string\"}}],\"inLanguage\":\"de\"},{\"@type\":\"Organization\",\"@id\":\"https:\/\/www.swissraft.ch\/de\/#organization\",\"name\":\"Swissraft\",\"url\":\"https:\/\/www.swissraft.ch\/de\/\",\"logo\":{\"@type\":\"ImageObject\",\"inLanguage\":\"de\",\"@id\":\"https:\/\/www.swissraft.ch\/de\/#\/schema\/logo\/image\/\",\"url\":\"https:\/\/www.swissraft.ch\/wp-content\/uploads\/2025\/09\/Capture.jpg\",\"contentUrl\":\"https:\/\/www.swissraft.ch\/wp-content\/uploads\/2025\/09\/Capture.jpg\",\"width\":293,\"height\":108,\"caption\":\"Swissraft\"},\"image\":{\"@id\":\"https:\/\/www.swissraft.ch\/de\/#\/schema\/logo\/image\/\"}}]}<\/script>\n<!-- \/ Yoast SEO plugin. -->","yoast_head_json":{"title":"\u00c9cuvillens-Tandemfallschirmsprung mit einem freien Fall","description":"\u00c9cuvillens-Tandemfallschirmsprung mit einem freien Fall von ca. 50 Sekunden. Wenn Sie einen unvergleichlichen Adrenalinsto\u00df w\u00fcnschen","robots":{"index":"index","follow":"follow","max-snippet":"max-snippet:-1","max-image-preview":"max-image-preview:large","max-video-preview":"max-video-preview:-1"},"canonical":"https:\/\/www.swissraft.ch\/de\/produkt\/ecuvillens-tandemfallschirmsprung\/","og_locale":"de_DE","og_type":"article","og_title":"\u00c9cuvillens-Tandemfallschirmsprung mit einem freien Fall","og_description":"\u00c9cuvillens-Tandemfallschirmsprung mit einem freien Fall von ca. 50 Sekunden. Wenn Sie einen unvergleichlichen Adrenalinsto\u00df w\u00fcnschen","og_url":"https:\/\/www.swissraft.ch\/de\/produkt\/ecuvillens-tandemfallschirmsprung\/","og_site_name":"Swissraft","article_modified_time":"2026-04-26T16:53:36+00:00","og_image":[{"width":776,"height":776,"url":"https:\/\/www.swissraft.ch\/wp-content\/uploads\/2023\/02\/1-ECUVILLENS-776x776-1.jpg","type":"image\/jpeg"}],"twitter_card":"summary_large_image","twitter_misc":{"Gesch\u00e4tzte Lesezeit":"1\u00a0Minute"},"schema":{"@context":"https:\/\/schema.org","@graph":[{"@type":"WebPage","@id":"https:\/\/www.swissraft.ch\/de\/produkt\/ecuvillens-tandemfallschirmsprung\/","url":"https:\/\/www.swissraft.ch\/de\/produkt\/ecuvillens-tandemfallschirmsprung\/","name":"\u00c9cuvillens-Tandemfallschirmsprung mit einem freien Fall","isPartOf":{"@id":"https:\/\/www.swissraft.ch\/de\/#website"},"primaryImageOfPage":{"@id":"https:\/\/www.swissraft.ch\/de\/produkt\/ecuvillens-tandemfallschirmsprung\/#primaryimage"},"image":{"@id":"https:\/\/www.swissraft.ch\/de\/produkt\/ecuvillens-tandemfallschirmsprung\/#primaryimage"},"thumbnailUrl":"https:\/\/www.swissraft.ch\/wp-content\/uploads\/2023\/02\/1-ECUVILLENS-776x776-1.jpg","datePublished":"2023-02-16T16:53:50+00:00","dateModified":"2026-04-26T16:53:36+00:00","description":"\u00c9cuvillens-Tandemfallschirmsprung mit einem freien Fall von ca. 50 Sekunden. Wenn Sie einen unvergleichlichen Adrenalinsto\u00df w\u00fcnschen","breadcrumb":{"@id":"https:\/\/www.swissraft.ch\/de\/produkt\/ecuvillens-tandemfallschirmsprung\/#breadcrumb"},"inLanguage":"de","potentialAction":[{"@type":"ReadAction","target":["https:\/\/www.swissraft.ch\/de\/produkt\/ecuvillens-tandemfallschirmsprung\/"]}]},{"@type":"ImageObject","inLanguage":"de","@id":"https:\/\/www.swissraft.ch\/de\/produkt\/ecuvillens-tandemfallschirmsprung\/#primaryimage","url":"https:\/\/www.swissraft.ch\/wp-content\/uploads\/2023\/02\/1-ECUVILLENS-776x776-1.jpg","contentUrl":"https:\/\/www.swissraft.ch\/wp-content\/uploads\/2023\/02\/1-ECUVILLENS-776x776-1.jpg","width":776,"height":776,"caption":"\u00c9cuvillens Tandemsprung mit dem Fallschirm"},{"@type":"BreadcrumbList","@id":"https:\/\/www.swissraft.ch\/de\/produkt\/ecuvillens-tandemfallschirmsprung\/#breadcrumb","itemListElement":[{"@type":"ListItem","position":1,"name":"Accueil","item":"https:\/\/www.swissraft.ch\/de\/"},{"@type":"ListItem","position":2,"name":"Shop","item":"https:\/\/www.swissraft.ch\/de\/shop\/"},{"@type":"ListItem","position":3,"name":"Fallschirmspringen &#8211; \u00c9cuvillens &#8211; Tandemsprung aus einem Flugzeug &#8211; Ab CHF 430.00"}]},{"@type":"WebSite","@id":"https:\/\/www.swissraft.ch\/de\/#website","url":"https:\/\/www.swissraft.ch\/de\/","name":"Swissraft","description":"To enjoy nature as it is","publisher":{"@id":"https:\/\/www.swissraft.ch\/de\/#organization"},"potentialAction":[{"@type":"SearchAction","target":{"@type":"EntryPoint","urlTemplate":"https:\/\/www.swissraft.ch\/de\/?s={search_term_string}"},"query-input":{"@type":"PropertyValueSpecification","valueRequired":true,"valueName":"search_term_string"}}],"inLanguage":"de"},{"@type":"Organization","@id":"https:\/\/www.swissraft.ch\/de\/#organization","name":"Swissraft","url":"https:\/\/www.swissraft.ch\/de\/","logo":{"@type":"ImageObject","inLanguage":"de","@id":"https:\/\/www.swissraft.ch\/de\/#\/schema\/logo\/image\/","url":"https:\/\/www.swissraft.ch\/wp-content\/uploads\/2025\/09\/Capture.jpg","contentUrl":"https:\/\/www.swissraft.ch\/wp-content\/uploads\/2025\/09\/Capture.jpg","width":293,"height":108,"caption":"Swissraft"},"image":{"@id":"https:\/\/www.swissraft.ch\/de\/#\/schema\/logo\/image\/"}}]}},"_links":{"self":[{"href":"https:\/\/www.swissraft.ch\/de\/wp-json\/wp\/v2\/product\/91626","targetHints":{"allow":["GET"]}}],"collection":[{"href":"https:\/\/www.swissraft.ch\/de\/wp-json\/wp\/v2\/product"}],"about":[{"href":"https:\/\/www.swissraft.ch\/de\/wp-json\/wp\/v2\/types\/product"}],"replies":[{"embeddable":true,"href":"https:\/\/www.swissraft.ch\/de\/wp-json\/wp\/v2\/comments?post=91626"}],"version-history":[{"count":24,"href":"https:\/\/www.swissraft.ch\/de\/wp-json\/wp\/v2\/product\/91626\/revisions"}],"predecessor-version":[{"id":142145,"href":"https:\/\/www.swissraft.ch\/de\/wp-json\/wp\/v2\/product\/91626\/revisions\/142145"}],"wp:featuredmedia":[{"embeddable":true,"href":"https:\/\/www.swissraft.ch\/de\/wp-json\/wp\/v2\/media\/87841"}],"wp:attachment":[{"href":"https:\/\/www.swissraft.ch\/de\/wp-json\/wp\/v2\/media?parent=91626"}],"wp:term":[{"taxonomy":"product_cat","embeddable":true,"href":"https:\/\/www.swissraft.ch\/de\/wp-json\/wp\/v2\/product_cat?post=91626"},{"taxonomy":"product_tag","embeddable":true,"href":"https:\/\/www.swissraft.ch\/de\/wp-json\/wp\/v2\/product_tag?post=91626"}],"curies":[{"name":"wp","href":"https:\/\/api.w.org\/{rel}","templated":true}]}}