{"id":91622,"date":"2023-02-16T14:31:04","date_gmt":"2023-02-16T13:31:04","guid":{"rendered":"https:\/\/swissraft.xyanzkdne.eu\/product\/fallschirmspringen-in-reichenbach-tandem-springen-aus-einem-flugzeug-ab-chf-420-00\/"},"modified":"2026-04-04T04:03:10","modified_gmt":"2026-04-04T02:03:10","slug":"reichenbach-tandemsprung-fallschirm","status":"publish","type":"product","link":"https:\/\/www.swissraft.ch\/de\/produkt\/reichenbach-tandemsprung-fallschirm\/","title":{"rendered":"Fallschirmspringen in Reichenbach &#8211; Tandemsprung aus einem Flugzeug &#8211; Ab CHF 420.00"},"content":{"rendered":"\t\t<div data-elementor-type=\"wp-post\" data-elementor-id=\"91622\" class=\"elementor elementor-91622 elementor-30869\">\n\t\t\t\t\t\t\t\t\t<section class=\"elementor-section elementor-top-section elementor-element elementor-element-3303a7e3 elementor-section-boxed elementor-section-height-default elementor-section-height-default\" data-id=\"3303a7e3\" data-element_type=\"section\">\n\t\t\t\t\t\t<div class=\"elementor-container elementor-column-gap-default\">\n\t\t\t\t\t<div class=\"elementor-column elementor-col-100 elementor-top-column elementor-element elementor-element-16d72dbf\" data-id=\"16d72dbf\" data-element_type=\"column\">\n\t\t\t<div class=\"elementor-widget-wrap elementor-element-populated\">\n\t\t\t\t\t\t\t\t<div class=\"elementor-element elementor-element-d743c03 elementor-widget elementor-widget-text-editor\" data-id=\"d743c03\" data-element_type=\"widget\" data-widget_type=\"text-editor.default\">\n\t\t\t\t<div class=\"elementor-widget-container\">\n\t\t\t\t\t\t\t<h2>W\u00c4HLEN SIE UNTEN IHRE AKTIVIT\u00c4T AUS, UM GESCHENKGUTSCHEINE \/ TICKETS ZU VERSCHENKEN ODER ZU BUCHEN<\/h2><table border=\"0\" width=\"580\" cellspacing=\"10\" cellpadding=\"10\"><tbody><tr><td width=\"50%\"><strong>TANDEMFALLSCHIRMSPRUNG &#8211; REICHENBACH<\/strong><\/td><td><strong>CHF 420.00 pro Person<span class=\"productPrice\"><br \/><\/span><\/strong><\/td><\/tr><tr><td>Zus\u00e4tzliche Informationen<\/td><td><span class=\"patt\"><span class=\"plbl\">&#8211; Sportschuhe ohne Haken<br \/>&#8211; Sie d\u00fcrfen nicht n\u00fcchtern sein<br \/>&#8211; Nicht unter dem Einfluss von Alkohol oder anderen Substanzen sein<br \/>&#8211; Einverst\u00e4ndniserkl\u00e4rung der Eltern f\u00fcr Minderj\u00e4hrige<\/span><br \/><\/span><\/td><\/tr><tr><td>Zeiten<\/td><td>Bei Ihrer Buchung w\u00e4hlen Sie die Uhrzeit aus<\/td><\/tr><tr><td>Dauer des freien Falls<\/td><td>ca. 45 Sekunden<\/td><\/tr><tr><td>Gesamtdauer<\/td><td>ca. 4 Std.<\/td><\/tr><tr><td>Treffpunkt<\/td><td><a href=\"https:\/\/www.google.com\/maps\/place\/46%C2%B040'15.8%22N+7%C2%B052'42.2%22E\/@46.6710056,7.8697297,1722m\/data=!3m1!1e3!4m12!1m7!3m6!1s0x478fa39d4c79741d:0xe1388a661824dff1!2sIndustriestrasse+17,+3812+Wilderswil,+Suisse!3b1!8m2!3d46.6699882!4d7.8740105!3m3!8m2!3d46.671066!4d7.878399?entry=ttu&amp;g_ep=EgoyMDI2MDMwOS4wIKXMDSoASAFQAw%3D%3D\" target=\"_blank\" rel=\"noopener\">Interlaken-Wilderswil<\/a><\/td><\/tr><tr><td><button class=\"elementor-button\" type=\"button\"><a href=\"https:\/\/swissraft.outdoorbooking.ch\/fo\/products\/1676?base_id=248&amp;category_id=5&amp;order_type=gift_voucher&amp;lang=de\" target=\"_blank\" rel=\"noopener\">GUTSCHEIN \/ TICKET KAUFEN<\/a><br \/><\/button><\/td><td><a href=\"https:\/\/swissraft.outdoorbooking.ch\/fo\/products\/1676?base_id=248&amp;category_id=5&amp;order_type=event&amp;lang=de\" target=\"_blank\" rel=\"noopener\">DAS DATUM DES SPRUNGES BUCHEN<\/a>\u00a0 <strong>CHF 420.00<\/strong>\/pers.<\/td><\/tr><tr><td><button class=\"elementor-button\" type=\"button\"><a href=\"https:\/\/swissraft.outdoorbooking.ch\/fo\/products\/1679?base_id=248&amp;category_id=5&amp;order_type=gift_voucher&amp;lang=de\" target=\"_blank\" rel=\"noopener\">GUTSCHEIN \/ TICKET KAUFEN<\/a><br \/><\/button><\/td><td><a href=\"https:\/\/swissraft.outdoorbooking.ch\/fo\/products\/1679?base_id=248&amp;category_id=5&amp;order_type=event&amp;lang=de\" target=\"_blank\" rel=\"noopener\">DAS DATUM DES SPRUNGES BUCHEN<\/a>\u00a0 <strong>CHF 560.00<\/strong>\/Pers. mit Video oder Fotos (Hcamera)<\/td><\/tr><tr><td><button class=\"elementor-button\" type=\"button\"><a href=\"https:\/\/swissraft.outdoorbooking.ch\/fo\/products\/1680?base_id=248&amp;category_id=5&amp;order_type=gift_voucher&amp;lang=de\" target=\"_blank\" rel=\"noopener\">GUTSCHEIN \/ TICKET KAUFEN<\/a><\/button><\/td><td><a href=\"https:\/\/swissraft.outdoorbooking.ch\/fo\/products\/1680?base_id=248&amp;category_id=5&amp;order_type=event&amp;lang=de\" target=\"_blank\" rel=\"noopener\">DAS DATUM DES SPRUNGES BUCHEN<\/a>\u00a0 <strong>CHF 590.00<\/strong>\/Pers. mit Video &amp; Fotos (Hcamera)<\/td><\/tr><\/tbody><\/table>\t\t\t\t\t\t<\/div>\n\t\t\t\t<\/div>\n\t\t\t\t\t<\/div>\n\t\t<\/div>\n\t\t\t\t\t\t\t<\/div>\n\t\t<\/section>\n\t\t\t\t\t\t\t<\/div>\n\t\t","protected":false},"excerpt":{"rendered":"<div align=\"justify\">\n<h2 align=\"justify\">Im Berner Oberland im Kandertal auf der ehemaligen Milit\u00e4rbasis machen Sie einen Tandemsprung mit dem Fallschirm auf dem Flugplatz von Reichenbach.<\/h2>\n<h3>Es ist eine Gelegenheit, sich vom Alltag zu befreien und eine atemberaubende Erfahrung zu machen.<\/h3>\n<\/div>\n<div align=\"justify\">\n<p>In Reichenbach werden Sie von Ihrem Piloten begr\u00fc\u00dft. Sie machen einige \u00dcbungen unter den wachsamen Augen Ihres Piloten. Dann ziehen Sie sich einen Helm und eine Schutzbrille an. Sie sind bereit, mit Ihrem Piloten in das Flugzeug zu steigen. Ein wenig Angst kommt auf, aber dank der Gelassenheit Ihres Fluglehrers sinkt die Anspannung. Sie steigen ohne Bedenken in das Flugzeug ein, da Ihr Pilot ein erfahrener Pilot ist. W\u00e4hrend des Aufstiegs, der etwa 20 Minuten dauert, haben Sie einen herrlichen Ausblick. Panorama \u00fcber Interlaken, die beiden Seen und die Berner Alpen mit dem ber\u00fchmten Eigermassiv, M\u00f6nch und Jungfraujoch. Das Flugzeug erreicht eine H\u00f6he von 4000 m und der Pilot gibt das GO zum Absprung. Letzter Check vor dem gro\u00dfen Sprung in einer au\u00dfergew\u00f6hnlichen Berglandschaft. Nach etwa 45 Sekunden freien Falls \u00f6ffnet sich der Fallschirm und alles wird ruhig. Sie genie\u00dfen den ruhigen und leisen Abstieg zum Flugplatz Reichenbach, wo Sie sanft landen. Vergessen Sie nicht, ein Video oder Fotos zu bestellen, um diesen wichtigen Moment in Ihrem Leben festzuhalten. F\u00fcr diejenigen, die vor dieser Aktivit\u00e4t etwas zur\u00fcckschrecken, bieten wir einen Freifallsimulator an. Swissraft bietet einen Freifallsimulator im Wallis in Sitten und einen weiteren in Winterthur in der Deutschschweiz an.<\/p>\n<h3>Auf der Swissraft-Website bieten wir fast 15 Orte f\u00fcr einen Tandemfallschirmsprung an.<\/h3>\n<p id=\"textarea\" style=\"display: none;\">\nEbenfalls im Berner Oberland springen wir in Interlaken aus einem Helikopter ab. Aber auch von den Flugpl\u00e4tzen Berom\u00fcnster und Triengen im Kanton Luzern springen wir mit dem Fallschirm ab. Einerseits haben wir eine Dropzone in \u00c9cuvillens und eine in \u00c9pagny im Greyerzerland. Au\u00dferdem haben wir eine Dropzone im Kanton Neuenburg auf dem Flugplatz Colombier. Au\u00dferdem springen wir nach Bex im Kanton Waadt. Aber wir haben auch Tandemspr\u00fcnge auf dem Flugplatz Grenchen im Kanton Solothurn. Wir machen auch Tandemspr\u00fcnge im Wallis auf dem Flugplatz von Raron und dem Flughafen von Sitten. Dar\u00fcber hinaus haben wir auch eine Dropzone in der Ostschweiz auf dem Flugplatz Sitterdorf. Au\u00dferdem machen wir einen Tandemsprung im Tessin in Locarno. Parallel dazu machen wir in Deutschland in der N\u00e4he von Basel Tandemspr\u00fcnge vom Flugplatz Rottweil aus, wo wir eine Dropzone haben.\n<\/p>\n<p><a id=\"seeMore\" onclick=\"toggleSeeMore()\" href=\"javascript:void(0);\">Lesen Sie mehr<\/a><\/p>\n","protected":false},"featured_media":87826,"comment_status":"open","ping_status":"closed","template":"","meta":{"inline_featured_image":false,"_mi_skip_tracking":false},"product_cat":[292],"product_tag":[],"class_list":["post-91622","product","type-product","status-publish","has-post-thumbnail","hentry","product_cat-tandem-fallschirmsprung-tandemsprung"],"yoast_head":"<!-- This site is optimized with the Yoast SEO plugin v23.6 - https:\/\/yoast.com\/wordpress\/plugins\/seo\/ -->\n<title>Reichenbach Tandemsprung mit Fallschirm aus 4000 m H\u00f6he<\/title>\n<meta name=\"description\" content=\"Reichenbach Tandemsprung mit Fallschirm aus einer H\u00f6he von 4000 m. Sie fallen mindestens 45 Sekunden lang mit einer Geschwindigkeit von fast 200 km\/h frei.\" \/>\n<meta name=\"robots\" content=\"index, follow, max-snippet:-1, max-image-preview:large, max-video-preview:-1\" \/>\n<link rel=\"canonical\" href=\"https:\/\/www.swissraft.ch\/de\/produkt\/reichenbach-tandemsprung-fallschirm\/\" \/>\n<meta property=\"og:locale\" content=\"de_DE\" \/>\n<meta property=\"og:type\" content=\"article\" \/>\n<meta property=\"og:title\" content=\"Reichenbach Tandemsprung mit Fallschirm aus 4000 m H\u00f6he\" \/>\n<meta property=\"og:description\" content=\"Reichenbach Tandemsprung mit Fallschirm aus einer H\u00f6he von 4000 m. Sie fallen mindestens 45 Sekunden lang mit einer Geschwindigkeit von fast 200 km\/h frei.\" \/>\n<meta property=\"og:url\" content=\"https:\/\/www.swissraft.ch\/de\/produkt\/reichenbach-tandemsprung-fallschirm\/\" \/>\n<meta property=\"og:site_name\" content=\"Swissraft\" \/>\n<meta property=\"article:modified_time\" content=\"2026-04-04T02:03:10+00:00\" \/>\n<meta property=\"og:image\" content=\"https:\/\/www.swissraft.ch\/wp-content\/uploads\/2023\/02\/1-REICHENBACH-776x776-1.jpg\" \/>\n\t<meta property=\"og:image:width\" content=\"776\" \/>\n\t<meta property=\"og:image:height\" content=\"776\" \/>\n\t<meta property=\"og:image:type\" content=\"image\/jpeg\" \/>\n<meta name=\"twitter:card\" content=\"summary_large_image\" \/>\n<meta name=\"twitter:label1\" content=\"Gesch\u00e4tzte Lesezeit\" \/>\n\t<meta name=\"twitter:data1\" content=\"1\u00a0Minute\" \/>\n<script type=\"application\/ld+json\" class=\"yoast-schema-graph\">{\"@context\":\"https:\/\/schema.org\",\"@graph\":[{\"@type\":\"WebPage\",\"@id\":\"https:\/\/www.swissraft.ch\/de\/produkt\/reichenbach-tandemsprung-fallschirm\/\",\"url\":\"https:\/\/www.swissraft.ch\/de\/produkt\/reichenbach-tandemsprung-fallschirm\/\",\"name\":\"Reichenbach Tandemsprung mit Fallschirm aus 4000 m H\u00f6he\",\"isPartOf\":{\"@id\":\"https:\/\/www.swissraft.ch\/de\/#website\"},\"primaryImageOfPage\":{\"@id\":\"https:\/\/www.swissraft.ch\/de\/produkt\/reichenbach-tandemsprung-fallschirm\/#primaryimage\"},\"image\":{\"@id\":\"https:\/\/www.swissraft.ch\/de\/produkt\/reichenbach-tandemsprung-fallschirm\/#primaryimage\"},\"thumbnailUrl\":\"https:\/\/www.swissraft.ch\/wp-content\/uploads\/2023\/02\/1-REICHENBACH-776x776-1.jpg\",\"datePublished\":\"2023-02-16T13:31:04+00:00\",\"dateModified\":\"2026-04-04T02:03:10+00:00\",\"description\":\"Reichenbach Tandemsprung mit Fallschirm aus einer H\u00f6he von 4000 m. Sie fallen mindestens 45 Sekunden lang mit einer Geschwindigkeit von fast 200 km\/h frei.\",\"breadcrumb\":{\"@id\":\"https:\/\/www.swissraft.ch\/de\/produkt\/reichenbach-tandemsprung-fallschirm\/#breadcrumb\"},\"inLanguage\":\"de\",\"potentialAction\":[{\"@type\":\"ReadAction\",\"target\":[\"https:\/\/www.swissraft.ch\/de\/produkt\/reichenbach-tandemsprung-fallschirm\/\"]}]},{\"@type\":\"ImageObject\",\"inLanguage\":\"de\",\"@id\":\"https:\/\/www.swissraft.ch\/de\/produkt\/reichenbach-tandemsprung-fallschirm\/#primaryimage\",\"url\":\"https:\/\/www.swissraft.ch\/wp-content\/uploads\/2023\/02\/1-REICHENBACH-776x776-1.jpg\",\"contentUrl\":\"https:\/\/www.swissraft.ch\/wp-content\/uploads\/2023\/02\/1-REICHENBACH-776x776-1.jpg\",\"width\":776,\"height\":776,\"caption\":\"Tandemsprung in Reichenbach\"},{\"@type\":\"BreadcrumbList\",\"@id\":\"https:\/\/www.swissraft.ch\/de\/produkt\/reichenbach-tandemsprung-fallschirm\/#breadcrumb\",\"itemListElement\":[{\"@type\":\"ListItem\",\"position\":1,\"name\":\"Accueil\",\"item\":\"https:\/\/www.swissraft.ch\/de\/\"},{\"@type\":\"ListItem\",\"position\":2,\"name\":\"Shop\",\"item\":\"https:\/\/www.swissraft.ch\/de\/shop\/\"},{\"@type\":\"ListItem\",\"position\":3,\"name\":\"Fallschirmspringen in Reichenbach &#8211; Tandemsprung aus einem Flugzeug &#8211; Ab CHF 420.00\"}]},{\"@type\":\"WebSite\",\"@id\":\"https:\/\/www.swissraft.ch\/de\/#website\",\"url\":\"https:\/\/www.swissraft.ch\/de\/\",\"name\":\"Swissraft\",\"description\":\"To enjoy nature as it is\",\"publisher\":{\"@id\":\"https:\/\/www.swissraft.ch\/de\/#organization\"},\"potentialAction\":[{\"@type\":\"SearchAction\",\"target\":{\"@type\":\"EntryPoint\",\"urlTemplate\":\"https:\/\/www.swissraft.ch\/de\/?s={search_term_string}\"},\"query-input\":{\"@type\":\"PropertyValueSpecification\",\"valueRequired\":true,\"valueName\":\"search_term_string\"}}],\"inLanguage\":\"de\"},{\"@type\":\"Organization\",\"@id\":\"https:\/\/www.swissraft.ch\/de\/#organization\",\"name\":\"Swissraft\",\"url\":\"https:\/\/www.swissraft.ch\/de\/\",\"logo\":{\"@type\":\"ImageObject\",\"inLanguage\":\"de\",\"@id\":\"https:\/\/www.swissraft.ch\/de\/#\/schema\/logo\/image\/\",\"url\":\"https:\/\/www.swissraft.ch\/wp-content\/uploads\/2025\/09\/Capture.jpg\",\"contentUrl\":\"https:\/\/www.swissraft.ch\/wp-content\/uploads\/2025\/09\/Capture.jpg\",\"width\":293,\"height\":108,\"caption\":\"Swissraft\"},\"image\":{\"@id\":\"https:\/\/www.swissraft.ch\/de\/#\/schema\/logo\/image\/\"}}]}<\/script>\n<!-- \/ Yoast SEO plugin. -->","yoast_head_json":{"title":"Reichenbach Tandemsprung mit Fallschirm aus 4000 m H\u00f6he","description":"Reichenbach Tandemsprung mit Fallschirm aus einer H\u00f6he von 4000 m. Sie fallen mindestens 45 Sekunden lang mit einer Geschwindigkeit von fast 200 km\/h frei.","robots":{"index":"index","follow":"follow","max-snippet":"max-snippet:-1","max-image-preview":"max-image-preview:large","max-video-preview":"max-video-preview:-1"},"canonical":"https:\/\/www.swissraft.ch\/de\/produkt\/reichenbach-tandemsprung-fallschirm\/","og_locale":"de_DE","og_type":"article","og_title":"Reichenbach Tandemsprung mit Fallschirm aus 4000 m H\u00f6he","og_description":"Reichenbach Tandemsprung mit Fallschirm aus einer H\u00f6he von 4000 m. Sie fallen mindestens 45 Sekunden lang mit einer Geschwindigkeit von fast 200 km\/h frei.","og_url":"https:\/\/www.swissraft.ch\/de\/produkt\/reichenbach-tandemsprung-fallschirm\/","og_site_name":"Swissraft","article_modified_time":"2026-04-04T02:03:10+00:00","og_image":[{"width":776,"height":776,"url":"https:\/\/www.swissraft.ch\/wp-content\/uploads\/2023\/02\/1-REICHENBACH-776x776-1.jpg","type":"image\/jpeg"}],"twitter_card":"summary_large_image","twitter_misc":{"Gesch\u00e4tzte Lesezeit":"1\u00a0Minute"},"schema":{"@context":"https:\/\/schema.org","@graph":[{"@type":"WebPage","@id":"https:\/\/www.swissraft.ch\/de\/produkt\/reichenbach-tandemsprung-fallschirm\/","url":"https:\/\/www.swissraft.ch\/de\/produkt\/reichenbach-tandemsprung-fallschirm\/","name":"Reichenbach Tandemsprung mit Fallschirm aus 4000 m H\u00f6he","isPartOf":{"@id":"https:\/\/www.swissraft.ch\/de\/#website"},"primaryImageOfPage":{"@id":"https:\/\/www.swissraft.ch\/de\/produkt\/reichenbach-tandemsprung-fallschirm\/#primaryimage"},"image":{"@id":"https:\/\/www.swissraft.ch\/de\/produkt\/reichenbach-tandemsprung-fallschirm\/#primaryimage"},"thumbnailUrl":"https:\/\/www.swissraft.ch\/wp-content\/uploads\/2023\/02\/1-REICHENBACH-776x776-1.jpg","datePublished":"2023-02-16T13:31:04+00:00","dateModified":"2026-04-04T02:03:10+00:00","description":"Reichenbach Tandemsprung mit Fallschirm aus einer H\u00f6he von 4000 m. Sie fallen mindestens 45 Sekunden lang mit einer Geschwindigkeit von fast 200 km\/h frei.","breadcrumb":{"@id":"https:\/\/www.swissraft.ch\/de\/produkt\/reichenbach-tandemsprung-fallschirm\/#breadcrumb"},"inLanguage":"de","potentialAction":[{"@type":"ReadAction","target":["https:\/\/www.swissraft.ch\/de\/produkt\/reichenbach-tandemsprung-fallschirm\/"]}]},{"@type":"ImageObject","inLanguage":"de","@id":"https:\/\/www.swissraft.ch\/de\/produkt\/reichenbach-tandemsprung-fallschirm\/#primaryimage","url":"https:\/\/www.swissraft.ch\/wp-content\/uploads\/2023\/02\/1-REICHENBACH-776x776-1.jpg","contentUrl":"https:\/\/www.swissraft.ch\/wp-content\/uploads\/2023\/02\/1-REICHENBACH-776x776-1.jpg","width":776,"height":776,"caption":"Tandemsprung in Reichenbach"},{"@type":"BreadcrumbList","@id":"https:\/\/www.swissraft.ch\/de\/produkt\/reichenbach-tandemsprung-fallschirm\/#breadcrumb","itemListElement":[{"@type":"ListItem","position":1,"name":"Accueil","item":"https:\/\/www.swissraft.ch\/de\/"},{"@type":"ListItem","position":2,"name":"Shop","item":"https:\/\/www.swissraft.ch\/de\/shop\/"},{"@type":"ListItem","position":3,"name":"Fallschirmspringen in Reichenbach &#8211; Tandemsprung aus einem Flugzeug &#8211; Ab CHF 420.00"}]},{"@type":"WebSite","@id":"https:\/\/www.swissraft.ch\/de\/#website","url":"https:\/\/www.swissraft.ch\/de\/","name":"Swissraft","description":"To enjoy nature as it is","publisher":{"@id":"https:\/\/www.swissraft.ch\/de\/#organization"},"potentialAction":[{"@type":"SearchAction","target":{"@type":"EntryPoint","urlTemplate":"https:\/\/www.swissraft.ch\/de\/?s={search_term_string}"},"query-input":{"@type":"PropertyValueSpecification","valueRequired":true,"valueName":"search_term_string"}}],"inLanguage":"de"},{"@type":"Organization","@id":"https:\/\/www.swissraft.ch\/de\/#organization","name":"Swissraft","url":"https:\/\/www.swissraft.ch\/de\/","logo":{"@type":"ImageObject","inLanguage":"de","@id":"https:\/\/www.swissraft.ch\/de\/#\/schema\/logo\/image\/","url":"https:\/\/www.swissraft.ch\/wp-content\/uploads\/2025\/09\/Capture.jpg","contentUrl":"https:\/\/www.swissraft.ch\/wp-content\/uploads\/2025\/09\/Capture.jpg","width":293,"height":108,"caption":"Swissraft"},"image":{"@id":"https:\/\/www.swissraft.ch\/de\/#\/schema\/logo\/image\/"}}]}},"_links":{"self":[{"href":"https:\/\/www.swissraft.ch\/de\/wp-json\/wp\/v2\/product\/91622","targetHints":{"allow":["GET"]}}],"collection":[{"href":"https:\/\/www.swissraft.ch\/de\/wp-json\/wp\/v2\/product"}],"about":[{"href":"https:\/\/www.swissraft.ch\/de\/wp-json\/wp\/v2\/types\/product"}],"replies":[{"embeddable":true,"href":"https:\/\/www.swissraft.ch\/de\/wp-json\/wp\/v2\/comments?post=91622"}],"version-history":[{"count":64,"href":"https:\/\/www.swissraft.ch\/de\/wp-json\/wp\/v2\/product\/91622\/revisions"}],"predecessor-version":[{"id":136661,"href":"https:\/\/www.swissraft.ch\/de\/wp-json\/wp\/v2\/product\/91622\/revisions\/136661"}],"wp:featuredmedia":[{"embeddable":true,"href":"https:\/\/www.swissraft.ch\/de\/wp-json\/wp\/v2\/media\/87826"}],"wp:attachment":[{"href":"https:\/\/www.swissraft.ch\/de\/wp-json\/wp\/v2\/media?parent=91622"}],"wp:term":[{"taxonomy":"product_cat","embeddable":true,"href":"https:\/\/www.swissraft.ch\/de\/wp-json\/wp\/v2\/product_cat?post=91622"},{"taxonomy":"product_tag","embeddable":true,"href":"https:\/\/www.swissraft.ch\/de\/wp-json\/wp\/v2\/product_tag?post=91622"}],"curies":[{"name":"wp","href":"https:\/\/api.w.org\/{rel}","templated":true}]}}