{"id":91621,"date":"2023-02-15T17:13:09","date_gmt":"2023-02-15T16:13:09","guid":{"rendered":"https:\/\/swissraft.xyanzkdne.eu\/product\/tandemflug-mit-gleitschirm-in-flims-grisons-chf-180-00\/"},"modified":"2026-04-04T23:29:24","modified_gmt":"2026-04-04T21:29:24","slug":"gleitschirmpassagierflug-flims-graubuenden","status":"publish","type":"product","link":"https:\/\/www.swissraft.ch\/de\/produkt\/gleitschirmpassagierflug-flims-graubuenden\/","title":{"rendered":"Gleitschirmpassagierflug in Fims &#8211; Graub\u00fcnden &#8211; CHF 180.00"},"content":{"rendered":"\t\t<div data-elementor-type=\"wp-post\" data-elementor-id=\"91621\" class=\"elementor elementor-91621 elementor-30841\">\n\t\t\t\t\t\t\t\t\t<section class=\"elementor-section elementor-top-section elementor-element elementor-element-3303a7e3 elementor-section-boxed elementor-section-height-default elementor-section-height-default\" data-id=\"3303a7e3\" data-element_type=\"section\">\n\t\t\t\t\t\t<div class=\"elementor-container elementor-column-gap-default\">\n\t\t\t\t\t<div class=\"elementor-column elementor-col-100 elementor-top-column elementor-element elementor-element-16d72dbf\" data-id=\"16d72dbf\" data-element_type=\"column\">\n\t\t\t<div class=\"elementor-widget-wrap elementor-element-populated\">\n\t\t\t\t\t\t\t\t<div class=\"elementor-element elementor-element-d743c03 elementor-widget elementor-widget-text-editor\" data-id=\"d743c03\" data-element_type=\"widget\" data-widget_type=\"text-editor.default\">\n\t\t\t\t<div class=\"elementor-widget-container\">\n\t\t\t\t\t\t\t<h2>W\u00c4HLEN SIE UNTEN IHRE AKTIVIT\u00c4T AUS, UM GESCHENKGUTSCHEINE \/ TICKETS ZU VERSCHENKEN ODER ZU BUCHEN<\/h2><table border=\"0\" width=\"580\" cellspacing=\"10\" cellpadding=\"10\"><tbody><tr><td width=\"50%\"><strong>GLEITSCHIRM &#8211; PASSAGIERFLUG &#8211; FLIMS<\/strong><\/td><td><strong>CHF 180.00 pro Flug<span class=\"productPrice\"><br \/><\/span><\/strong><\/td><\/tr><tr><td>Zus\u00e4tzliche Informationen<\/td><td>&#8211; Elterliche Genehmigung f\u00fcr Minderj\u00e4hrige<br \/>&#8211;<span class=\"patt\"> Die Kosten f\u00fcr den Transport mit dem Sessellift sind nicht inbegriffen.<br \/>&#8211; Fotos : <strong>CHF 30.00<\/strong><\/span><\/td><\/tr><tr><td>Startpl\u00e4tze<\/td><td>&#8211; Falera<br \/>&#8211; Crap Sogn Gion<br \/>&#8211; Naraus<br \/>&#8211; B\u00fcndner Rigi (Ilanz)<\/td><\/tr><tr><td>Dauer des Fluges<\/td><td>ca. 20 Min.<\/td><\/tr><tr><td>Gesamtdauer<\/td><td>ca. 1,5 bis 2 Std.<\/td><\/tr><tr><td>Termin<\/td><td>Per Telefon<\/td><\/tr><tr><td><a href=\"https:\/\/swissraft.outdoorbooking.ch\/fo\/products\/84?base_id=56&amp;category_id=3&amp;order_type=gift_voucher&amp;lang=de\" target=\"_blank\" rel=\"noopener\"><button class=\"elementor-button\" type=\"button\">GUTSCHEIN \/ TICKET KAUFEN<\/button><\/a><\/td><td><strong>&#8211; CHF 180.00 &#8211; ca. 20 Min. Flug mit dem GLEITSCHIRM <\/strong><\/td><\/tr><tr><td><button class=\"elementor-button\" type=\"button\"><a href=\"https:\/\/swissraft.outdoorbooking.ch\/fo\/products\/85?base_id=56&amp;category_id=3&amp;order_type=gift_voucher&amp;lang=de\" target=\"_blank\" rel=\"noopener\">GUTSCHEIN \/ TICKET KAUFEN<\/a><\/button><\/td><td><strong>&#8211; CHF 220.00 &#8211; ca. 20 Min. Flug mit dem DELTA <\/strong><\/td><\/tr><tr><td>\u00a0<\/td><td><strong><em>WICHTIG !<\/em><\/strong><br \/><em>Um zu reservieren, rufen Sie die Nummer an, die sich oben links auf dem Gutschein \/ Ticket befindet.<\/em><\/td><\/tr><\/tbody><\/table>\t\t\t\t\t\t<\/div>\n\t\t\t\t<\/div>\n\t\t\t\t\t<\/div>\n\t\t<\/div>\n\t\t\t\t\t\t\t<\/div>\n\t\t<\/section>\n\t\t\t\t\t\t\t<\/div>\n\t\t","protected":false},"excerpt":{"rendered":"<div align=\"justify\">\n<h2 align=\"justify\">Je nach Windrichtung haben wir mehrere Startpl\u00e4tze in der Region Flims-Laax-Falera.<\/h2>\n<h3>Ein Tandemflug mit dem Gleitschirm in Graub\u00fcnden l\u00e4sst keinen kalt.<\/h3>\n<\/div>\n<div align=\"justify\">\n<p>St\u00fcrzen Sie sich in das Abenteuer des Gleitschirmfliegens in der Region &#8222;La Weisse Arena&#8220; in Flims-Laax-Falera, Graub\u00fcnden. Heben Sie von den herrlichen Gipfeln dieser Schweizer Alpenregion ab. Erkunden Sie den Himmel mit Ihrem Piloten. Gleiten Sie in Harmonie mit den leichten Winden und den atemberaubenden Panoramen. Atmen Sie die klare Luft der B\u00fcndner Berge und sp\u00fcren Sie, wie die Aufregung in Ihnen steigt. Schweben Sie \u00fcber majest\u00e4tischen Gipfeln und \u00fcppigen W\u00e4ldern. Betrachten Sie die nat\u00fcrliche Sch\u00f6nheit, so weit das Auge reicht. Erleben Sie die Euphorie der Freiheit in der Luft mit einem Tandemflug. Genie\u00dfen Sie die Ruhe und Gelassenheit dieser einzigartigen Alpenlandschaft. Vertrauen Sie sich Ihrem erfahrenen Piloten f\u00fcr ein sicheres und unvergessliches Erlebnis an. Halten Sie Erinnerungen fest, die f\u00fcr immer in Ihrem Ged\u00e4chtnis bleiben werden. Ein Flug \u00fcber die &#8222;Weisse Arena&#8220; ist ein Abenteuer, das man in vollen Z\u00fcgen genie\u00dfen kann.<\/p>\n<h3>Swissraft bietet Ihnen auf seiner Website die sch\u00f6nsten Orte f\u00fcr einen Tandemflug mit dem Gleitschirm.<\/h3>\n<p id=\"textarea\" style=\"display: none;\">\nIm Pays d&#8217;Enhaut in Ch\u00e2teau d&#8217;Oex bieten wir Tandemfl\u00fcge zwischen Gstaad und dem Pays d&#8217;Enhaut an. Auch im Kanton Freiburg bieten wir Tandemfl\u00fcge von Charmey en Gruy\u00e8re aus an. Au\u00dferdem gibt es im Tessin viele Fl\u00fcge mit Tandem-Gleitschirmen, sowohl im Sommer als auch im Winter. Aber auch von Interlaken im Berner Oberland aus bieten wir Tandemfl\u00fcge mit Gleitschirmen an. Im Wallis bieten wir Tandemfl\u00fcge von Verbier und Umgebung an.\n<\/p>\n<p><a id=\"seeMore\" onclick=\"toggleSeeMore()\" href=\"javascript:void(0);\">Lesen Sie mehr<\/a><\/p>\n","protected":false},"featured_media":89971,"comment_status":"open","ping_status":"closed","template":"","meta":{"inline_featured_image":false,"_mi_skip_tracking":false},"product_cat":[296],"product_tag":[],"class_list":["post-91621","product","type-product","status-publish","has-post-thumbnail","hentry","product_cat-passagierflug-mit-gleitschirmen-und-delta"],"yoast_head":"<!-- This site is optimized with the Yoast SEO plugin v23.6 - https:\/\/yoast.com\/wordpress\/plugins\/seo\/ -->\n<title>Gleitschirmpassagierflug in Flims. Entdecken Sie die Weisse Arena<\/title>\n<meta name=\"description\" content=\"Gleitschirmpassagierflug in Flims. Erleben Sie die Weisse Arena aus der Luft. Wundersch\u00f6ne Tandemfl\u00fcge mit dem Gleitschirm von vielen Startpl\u00e4tzen aus\" \/>\n<meta name=\"robots\" content=\"index, follow, max-snippet:-1, max-image-preview:large, max-video-preview:-1\" \/>\n<link rel=\"canonical\" href=\"https:\/\/www.swissraft.ch\/de\/produkt\/gleitschirmpassagierflug-flims-graubuenden\/\" \/>\n<meta property=\"og:locale\" content=\"de_DE\" \/>\n<meta property=\"og:type\" content=\"article\" \/>\n<meta property=\"og:title\" content=\"Gleitschirmpassagierflug in Flims. Entdecken Sie die Weisse Arena\" \/>\n<meta property=\"og:description\" content=\"Gleitschirmpassagierflug in Flims. Erleben Sie die Weisse Arena aus der Luft. Wundersch\u00f6ne Tandemfl\u00fcge mit dem Gleitschirm von vielen Startpl\u00e4tzen aus\" \/>\n<meta property=\"og:url\" content=\"https:\/\/www.swissraft.ch\/de\/produkt\/gleitschirmpassagierflug-flims-graubuenden\/\" \/>\n<meta property=\"og:site_name\" content=\"Swissraft\" \/>\n<meta property=\"article:modified_time\" content=\"2026-04-04T21:29:24+00:00\" \/>\n<meta property=\"og:image\" content=\"https:\/\/www.swissraft.ch\/wp-content\/uploads\/2023\/02\/1-1-Flims-biplace-776x776-1.jpg\" \/>\n\t<meta property=\"og:image:width\" content=\"776\" \/>\n\t<meta property=\"og:image:height\" content=\"776\" \/>\n\t<meta property=\"og:image:type\" content=\"image\/jpeg\" \/>\n<meta name=\"twitter:card\" content=\"summary_large_image\" \/>\n<meta name=\"twitter:label1\" content=\"Gesch\u00e4tzte Lesezeit\" \/>\n\t<meta name=\"twitter:data1\" content=\"1\u00a0Minute\" \/>\n<script type=\"application\/ld+json\" class=\"yoast-schema-graph\">{\"@context\":\"https:\/\/schema.org\",\"@graph\":[{\"@type\":\"WebPage\",\"@id\":\"https:\/\/www.swissraft.ch\/de\/produkt\/gleitschirmpassagierflug-flims-graubuenden\/\",\"url\":\"https:\/\/www.swissraft.ch\/de\/produkt\/gleitschirmpassagierflug-flims-graubuenden\/\",\"name\":\"Gleitschirmpassagierflug in Flims. Entdecken Sie die Weisse Arena\",\"isPartOf\":{\"@id\":\"https:\/\/www.swissraft.ch\/de\/#website\"},\"primaryImageOfPage\":{\"@id\":\"https:\/\/www.swissraft.ch\/de\/produkt\/gleitschirmpassagierflug-flims-graubuenden\/#primaryimage\"},\"image\":{\"@id\":\"https:\/\/www.swissraft.ch\/de\/produkt\/gleitschirmpassagierflug-flims-graubuenden\/#primaryimage\"},\"thumbnailUrl\":\"https:\/\/www.swissraft.ch\/wp-content\/uploads\/2023\/02\/1-1-Flims-biplace-776x776-1.jpg\",\"datePublished\":\"2023-02-15T16:13:09+00:00\",\"dateModified\":\"2026-04-04T21:29:24+00:00\",\"description\":\"Gleitschirmpassagierflug in Flims. Erleben Sie die Weisse Arena aus der Luft. Wundersch\u00f6ne Tandemfl\u00fcge mit dem Gleitschirm von vielen Startpl\u00e4tzen aus\",\"breadcrumb\":{\"@id\":\"https:\/\/www.swissraft.ch\/de\/produkt\/gleitschirmpassagierflug-flims-graubuenden\/#breadcrumb\"},\"inLanguage\":\"de\",\"potentialAction\":[{\"@type\":\"ReadAction\",\"target\":[\"https:\/\/www.swissraft.ch\/de\/produkt\/gleitschirmpassagierflug-flims-graubuenden\/\"]}]},{\"@type\":\"ImageObject\",\"inLanguage\":\"de\",\"@id\":\"https:\/\/www.swissraft.ch\/de\/produkt\/gleitschirmpassagierflug-flims-graubuenden\/#primaryimage\",\"url\":\"https:\/\/www.swissraft.ch\/wp-content\/uploads\/2023\/02\/1-1-Flims-biplace-776x776-1.jpg\",\"contentUrl\":\"https:\/\/www.swissraft.ch\/wp-content\/uploads\/2023\/02\/1-1-Flims-biplace-776x776-1.jpg\",\"width\":776,\"height\":776,\"caption\":\"Gleitschirm-Tandemflug in Flims\"},{\"@type\":\"BreadcrumbList\",\"@id\":\"https:\/\/www.swissraft.ch\/de\/produkt\/gleitschirmpassagierflug-flims-graubuenden\/#breadcrumb\",\"itemListElement\":[{\"@type\":\"ListItem\",\"position\":1,\"name\":\"Accueil\",\"item\":\"https:\/\/www.swissraft.ch\/de\/\"},{\"@type\":\"ListItem\",\"position\":2,\"name\":\"Shop\",\"item\":\"https:\/\/www.swissraft.ch\/de\/shop\/\"},{\"@type\":\"ListItem\",\"position\":3,\"name\":\"Gleitschirmpassagierflug in Fims &#8211; Graub\u00fcnden &#8211; CHF 180.00\"}]},{\"@type\":\"WebSite\",\"@id\":\"https:\/\/www.swissraft.ch\/de\/#website\",\"url\":\"https:\/\/www.swissraft.ch\/de\/\",\"name\":\"Swissraft\",\"description\":\"To enjoy nature as it is\",\"publisher\":{\"@id\":\"https:\/\/www.swissraft.ch\/de\/#organization\"},\"potentialAction\":[{\"@type\":\"SearchAction\",\"target\":{\"@type\":\"EntryPoint\",\"urlTemplate\":\"https:\/\/www.swissraft.ch\/de\/?s={search_term_string}\"},\"query-input\":{\"@type\":\"PropertyValueSpecification\",\"valueRequired\":true,\"valueName\":\"search_term_string\"}}],\"inLanguage\":\"de\"},{\"@type\":\"Organization\",\"@id\":\"https:\/\/www.swissraft.ch\/de\/#organization\",\"name\":\"Swissraft\",\"url\":\"https:\/\/www.swissraft.ch\/de\/\",\"logo\":{\"@type\":\"ImageObject\",\"inLanguage\":\"de\",\"@id\":\"https:\/\/www.swissraft.ch\/de\/#\/schema\/logo\/image\/\",\"url\":\"https:\/\/www.swissraft.ch\/wp-content\/uploads\/2025\/09\/Capture.jpg\",\"contentUrl\":\"https:\/\/www.swissraft.ch\/wp-content\/uploads\/2025\/09\/Capture.jpg\",\"width\":293,\"height\":108,\"caption\":\"Swissraft\"},\"image\":{\"@id\":\"https:\/\/www.swissraft.ch\/de\/#\/schema\/logo\/image\/\"}}]}<\/script>\n<!-- \/ Yoast SEO plugin. -->","yoast_head_json":{"title":"Gleitschirmpassagierflug in Flims. Entdecken Sie die Weisse Arena","description":"Gleitschirmpassagierflug in Flims. Erleben Sie die Weisse Arena aus der Luft. Wundersch\u00f6ne Tandemfl\u00fcge mit dem Gleitschirm von vielen Startpl\u00e4tzen aus","robots":{"index":"index","follow":"follow","max-snippet":"max-snippet:-1","max-image-preview":"max-image-preview:large","max-video-preview":"max-video-preview:-1"},"canonical":"https:\/\/www.swissraft.ch\/de\/produkt\/gleitschirmpassagierflug-flims-graubuenden\/","og_locale":"de_DE","og_type":"article","og_title":"Gleitschirmpassagierflug in Flims. Entdecken Sie die Weisse Arena","og_description":"Gleitschirmpassagierflug in Flims. Erleben Sie die Weisse Arena aus der Luft. Wundersch\u00f6ne Tandemfl\u00fcge mit dem Gleitschirm von vielen Startpl\u00e4tzen aus","og_url":"https:\/\/www.swissraft.ch\/de\/produkt\/gleitschirmpassagierflug-flims-graubuenden\/","og_site_name":"Swissraft","article_modified_time":"2026-04-04T21:29:24+00:00","og_image":[{"width":776,"height":776,"url":"https:\/\/www.swissraft.ch\/wp-content\/uploads\/2023\/02\/1-1-Flims-biplace-776x776-1.jpg","type":"image\/jpeg"}],"twitter_card":"summary_large_image","twitter_misc":{"Gesch\u00e4tzte Lesezeit":"1\u00a0Minute"},"schema":{"@context":"https:\/\/schema.org","@graph":[{"@type":"WebPage","@id":"https:\/\/www.swissraft.ch\/de\/produkt\/gleitschirmpassagierflug-flims-graubuenden\/","url":"https:\/\/www.swissraft.ch\/de\/produkt\/gleitschirmpassagierflug-flims-graubuenden\/","name":"Gleitschirmpassagierflug in Flims. Entdecken Sie die Weisse Arena","isPartOf":{"@id":"https:\/\/www.swissraft.ch\/de\/#website"},"primaryImageOfPage":{"@id":"https:\/\/www.swissraft.ch\/de\/produkt\/gleitschirmpassagierflug-flims-graubuenden\/#primaryimage"},"image":{"@id":"https:\/\/www.swissraft.ch\/de\/produkt\/gleitschirmpassagierflug-flims-graubuenden\/#primaryimage"},"thumbnailUrl":"https:\/\/www.swissraft.ch\/wp-content\/uploads\/2023\/02\/1-1-Flims-biplace-776x776-1.jpg","datePublished":"2023-02-15T16:13:09+00:00","dateModified":"2026-04-04T21:29:24+00:00","description":"Gleitschirmpassagierflug in Flims. Erleben Sie die Weisse Arena aus der Luft. Wundersch\u00f6ne Tandemfl\u00fcge mit dem Gleitschirm von vielen Startpl\u00e4tzen aus","breadcrumb":{"@id":"https:\/\/www.swissraft.ch\/de\/produkt\/gleitschirmpassagierflug-flims-graubuenden\/#breadcrumb"},"inLanguage":"de","potentialAction":[{"@type":"ReadAction","target":["https:\/\/www.swissraft.ch\/de\/produkt\/gleitschirmpassagierflug-flims-graubuenden\/"]}]},{"@type":"ImageObject","inLanguage":"de","@id":"https:\/\/www.swissraft.ch\/de\/produkt\/gleitschirmpassagierflug-flims-graubuenden\/#primaryimage","url":"https:\/\/www.swissraft.ch\/wp-content\/uploads\/2023\/02\/1-1-Flims-biplace-776x776-1.jpg","contentUrl":"https:\/\/www.swissraft.ch\/wp-content\/uploads\/2023\/02\/1-1-Flims-biplace-776x776-1.jpg","width":776,"height":776,"caption":"Gleitschirm-Tandemflug in Flims"},{"@type":"BreadcrumbList","@id":"https:\/\/www.swissraft.ch\/de\/produkt\/gleitschirmpassagierflug-flims-graubuenden\/#breadcrumb","itemListElement":[{"@type":"ListItem","position":1,"name":"Accueil","item":"https:\/\/www.swissraft.ch\/de\/"},{"@type":"ListItem","position":2,"name":"Shop","item":"https:\/\/www.swissraft.ch\/de\/shop\/"},{"@type":"ListItem","position":3,"name":"Gleitschirmpassagierflug in Fims &#8211; Graub\u00fcnden &#8211; CHF 180.00"}]},{"@type":"WebSite","@id":"https:\/\/www.swissraft.ch\/de\/#website","url":"https:\/\/www.swissraft.ch\/de\/","name":"Swissraft","description":"To enjoy nature as it is","publisher":{"@id":"https:\/\/www.swissraft.ch\/de\/#organization"},"potentialAction":[{"@type":"SearchAction","target":{"@type":"EntryPoint","urlTemplate":"https:\/\/www.swissraft.ch\/de\/?s={search_term_string}"},"query-input":{"@type":"PropertyValueSpecification","valueRequired":true,"valueName":"search_term_string"}}],"inLanguage":"de"},{"@type":"Organization","@id":"https:\/\/www.swissraft.ch\/de\/#organization","name":"Swissraft","url":"https:\/\/www.swissraft.ch\/de\/","logo":{"@type":"ImageObject","inLanguage":"de","@id":"https:\/\/www.swissraft.ch\/de\/#\/schema\/logo\/image\/","url":"https:\/\/www.swissraft.ch\/wp-content\/uploads\/2025\/09\/Capture.jpg","contentUrl":"https:\/\/www.swissraft.ch\/wp-content\/uploads\/2025\/09\/Capture.jpg","width":293,"height":108,"caption":"Swissraft"},"image":{"@id":"https:\/\/www.swissraft.ch\/de\/#\/schema\/logo\/image\/"}}]}},"_links":{"self":[{"href":"https:\/\/www.swissraft.ch\/de\/wp-json\/wp\/v2\/product\/91621","targetHints":{"allow":["GET"]}}],"collection":[{"href":"https:\/\/www.swissraft.ch\/de\/wp-json\/wp\/v2\/product"}],"about":[{"href":"https:\/\/www.swissraft.ch\/de\/wp-json\/wp\/v2\/types\/product"}],"replies":[{"embeddable":true,"href":"https:\/\/www.swissraft.ch\/de\/wp-json\/wp\/v2\/comments?post=91621"}],"version-history":[{"count":21,"href":"https:\/\/www.swissraft.ch\/de\/wp-json\/wp\/v2\/product\/91621\/revisions"}],"predecessor-version":[{"id":137212,"href":"https:\/\/www.swissraft.ch\/de\/wp-json\/wp\/v2\/product\/91621\/revisions\/137212"}],"wp:featuredmedia":[{"embeddable":true,"href":"https:\/\/www.swissraft.ch\/de\/wp-json\/wp\/v2\/media\/89971"}],"wp:attachment":[{"href":"https:\/\/www.swissraft.ch\/de\/wp-json\/wp\/v2\/media?parent=91621"}],"wp:term":[{"taxonomy":"product_cat","embeddable":true,"href":"https:\/\/www.swissraft.ch\/de\/wp-json\/wp\/v2\/product_cat?post=91621"},{"taxonomy":"product_tag","embeddable":true,"href":"https:\/\/www.swissraft.ch\/de\/wp-json\/wp\/v2\/product_tag?post=91621"}],"curies":[{"name":"wp","href":"https:\/\/api.w.org\/{rel}","templated":true}]}}