{"id":91617,"date":"2023-02-15T16:31:03","date_gmt":"2023-02-15T15:31:03","guid":{"rendered":"https:\/\/swissraft.xyanzkdne.eu\/product\/gleitschirm-tandemflug-in-charmey-gruyere-ab-chf-100-00\/"},"modified":"2026-04-04T23:46:01","modified_gmt":"2026-04-04T21:46:01","slug":"gleitschirmpassagierflug-charmey-greyerzerland","status":"publish","type":"product","link":"https:\/\/www.swissraft.ch\/de\/produkt\/gleitschirmpassagierflug-charmey-greyerzerland\/","title":{"rendered":"Gleitschirmpassagierflug in Charmey &#8211; Greyerzerland &#8211; Ab CHF 100.00"},"content":{"rendered":"\t\t<div data-elementor-type=\"wp-post\" data-elementor-id=\"91617\" class=\"elementor elementor-91617 elementor-30835\">\n\t\t\t\t\t\t\t\t\t<section class=\"elementor-section elementor-top-section elementor-element elementor-element-3303a7e3 elementor-section-boxed elementor-section-height-default elementor-section-height-default\" data-id=\"3303a7e3\" data-element_type=\"section\">\n\t\t\t\t\t\t<div class=\"elementor-container elementor-column-gap-default\">\n\t\t\t\t\t<div class=\"elementor-column elementor-col-100 elementor-top-column elementor-element elementor-element-16d72dbf\" data-id=\"16d72dbf\" data-element_type=\"column\">\n\t\t\t<div class=\"elementor-widget-wrap elementor-element-populated\">\n\t\t\t\t\t\t\t\t<div class=\"elementor-element elementor-element-d743c03 elementor-widget elementor-widget-text-editor\" data-id=\"d743c03\" data-element_type=\"widget\" data-widget_type=\"text-editor.default\">\n\t\t\t\t<div class=\"elementor-widget-container\">\n\t\t\t\t\t\t\t<h2>W\u00c4HLEN SIE UNTEN IHRE AKTIVIT\u00c4T AUS, UM GESCHENKGUTSCHEINE \/ TICKETS ZU VERSCHENKEN ODER ZU BUCHEN<\/h2><table border=\"0\" width=\"580\" cellspacing=\"10\" cellpadding=\"10\"><tbody><tr><td width=\"50%\"><strong>GLEITSCHIRM &#8211; PASSAGIERFLUG &#8211; CHARMEY<\/strong><\/td><td><strong>Ab CHF 100.00 pro Flug<span class=\"productPrice\"><br \/><\/span><\/strong><\/td><\/tr><tr><td>Zus\u00e4tzliche Informationen<\/td><td><span class=\"plbl\">&#8211; <\/span><span class=\"patt\">Elterliche Genehmigung f\u00fcr Minderj\u00e4hrige<br \/>&#8211; Transportkosten sind nicht inbegriffen<\/span><\/td><\/tr><tr><td>Startpl\u00e4tze<\/td><td>&#8211; <span class=\"patt\">Vounetz<br \/><\/span> &#8211; <span class=\"patt\">Grandvilllard<\/span><\/td><\/tr><tr><td>Flugdauer<\/td><td>ca. 10 \/ 25 \/ 30 Min.<\/td><\/tr><tr><td>Gesamtdauer<\/td><td>ca. 1,5 bis 2 Std. abh\u00e4ngig von der Anzahl der Minuten<\/td><\/tr><tr><td>Termin<\/td><td>Per Telefon<\/td><\/tr><tr><td><button class=\"elementor-button\" type=\"button\"><a href=\"https:\/\/swissraft.outdoorbooking.ch\/fo\/products\/2063?base_id=70&amp;category_id=3&amp;order_type=gift_voucher&amp;lang=de\" target=\"_blank\" rel=\"noopener\">GUTSCHEIN \/ TICKET KAUFEN<\/a><\/button><\/td><td><strong>&#8211; CHF 100.00 &#8211; ca. 10 Min. Flug (Kinder von 6-12 j\u00e4hrig) <\/strong><\/td><\/tr><tr><td><button class=\"elementor-button\" type=\"button\"><a href=\"https:\/\/swissraft.outdoorbooking.ch\/fo\/products\/278?base_id=70&amp;category_id=3&amp;order_type=gift_voucher&amp;lang=de\" target=\"_blank\" rel=\"noopener\">GUTSCHEIN \/ TICKET KAUFEN<\/a><\/button><\/td><td><strong>&#8211; CHF 120.00 &#8211; ca. 10 Min. Flug (Flugtaufe f\u00fcr Erwachsene) <\/strong><\/td><\/tr><tr><td><button class=\"elementor-button\" type=\"button\"><a href=\"https:\/\/swissraft.outdoorbooking.ch\/fo\/products\/279?base_id=70&amp;category_id=3&amp;order_type=gift_voucher&amp;lang=de\" target=\"_blank\" rel=\"noopener\">GUTSCHEIN \/ TICKET KAUFEN<\/a><\/button><\/td><td><strong>&#8211; CHF 190.00 &#8211; ca. 25 Min. Flug (grosser Flug) <\/strong><\/td><\/tr><tr><td><button class=\"elementor-button\" type=\"button\"><a href=\"https:\/\/swissraft.outdoorbooking.ch\/fo\/products\/317?base_id=70&amp;category_id=3&amp;order_type=gift_voucher&amp;lang=de\" target=\"_blank\" rel=\"noopener\">GUTSCHEIN \/ TICKET KAUFEN<\/a><\/button><\/td><td><strong>&#8211; CHF 220.00 &#8211; ca. 30 Min. Flug (davon 20 Min. Akrobatik) <\/strong><\/td><\/tr><tr><td>\u00a0<\/td><td><strong><em>WICHTIG !<\/em><\/strong><br \/><em>Um zu reservieren, rufen Sie die Nummer an, die sich oben links auf dem Gutschein \/ Ticket befindet.<\/em><\/td><\/tr><\/tbody><\/table>\t\t\t\t\t\t<\/div>\n\t\t\t\t<\/div>\n\t\t\t\t\t<\/div>\n\t\t<\/div>\n\t\t\t\t\t\t\t<\/div>\n\t\t<\/section>\n\t\t\t\t\t\t\t<\/div>\n\t\t","protected":false},"excerpt":{"rendered":"<div align=\"justify\">\n<h2 align=\"justify\">Im Greyerzerland gibt es mehrere Startpl\u00e4tze f\u00fcr einen Flug mit einem Tandem-Gleitschirm.<\/h2>\n<h3>Vom Schnupperflug bis zum gro\u00dfen Flug ist ein Tandemflug ein Erlebnis, das Sie nicht missen m\u00f6chten.<\/h3>\n<\/div>\n<div align=\"justify\">\n<p>In den Himmeln vom Greyerzerland verspricht ein Tandemflug mit einem Gleitschirm ein fesselndes Erlebnis. Zun\u00e4chst bereiten die Lehrer die Ausr\u00fcstung sorgf\u00e4ltig vor. Danach bereiten sich die Passagiere aufgeregt und ungeduldig auf den Abflug vor. Wenn der Wind g\u00fcnstig steht, ist der Start sanft. Danach steigt der Gleitschirm anmutig in die Luft und bietet eine spektakul\u00e4re Aussicht auf die umliegenden Landschaften. W\u00e4hrend des Fluges erleben die Passagiere eine Mischung aus Euphorie und Ruhe. Au\u00dferdem ist das Gef\u00fchl der Freiheit unbeschreiblich. Die Fluglehrer lenken den Gleitschirm geschickt durch die Luftstr\u00f6mungen. Nachdem Sie den Himmel \u00fcber Greyerzerland erkundet haben, r\u00fcckt der Zeitpunkt der Landung n\u00e4her. Der Fluglehrer steuert den Gleitschirm mit Pr\u00e4zision zum Boden. Nach der Landung schlie\u00dflich erleben die Passagiere eine Mischung aus Emotionen, aber vor allem eine gro\u00dfe Zufriedenheit. Zusammenfassend l\u00e4sst sich sagen, dass ein Tandemflug mit dem Gleitschirm in Gruy\u00e8re ein unvergessliches Abenteuer ist, das Sie unbedingt erleben sollten.<\/p>\n<h3>Swissraft bietet auf seiner Website mehrere Orte, an denen Sie einen Gleitschirmflug machen oder praktizieren k\u00f6nnen.<\/h3>\n<p id=\"textarea\" style=\"display: none;\">\nIn Graub\u00fcnden bieten wir Einf\u00fchrungen und gro\u00dfe Tandemfl\u00fcge mit Gleitschirmen und Deltas an. Aber auch in Ch\u00e2teau d&#8217;Oex im Pays d&#8217;Enhaut gibt es sowohl im Sommer als auch im Winter Fl\u00fcge. Au\u00dferdem fliegen wir von Verbier aus Tandemfl\u00fcge im Wallis. Aber auch in das Berner Oberland von Interlaken aus. Im Tessin bieten wir auch zahlreiche Tandemfl\u00fcge im Sommer und im Winter an.\n<\/p>\n<p><a id=\"seeMore\" onclick=\"toggleSeeMore()\" href=\"javascript:void(0);\">Lesen Sie mehr<\/a><\/p>\n","protected":false},"featured_media":89920,"comment_status":"open","ping_status":"closed","template":"","meta":{"inline_featured_image":false,"_mi_skip_tracking":false},"product_cat":[296],"product_tag":[],"class_list":["post-91617","product","type-product","status-publish","has-post-thumbnail","hentry","product_cat-passagierflug-mit-gleitschirmen-und-delta"],"yoast_head":"<!-- This site is optimized with the Yoast SEO plugin v23.6 - https:\/\/yoast.com\/wordpress\/plugins\/seo\/ -->\n<title>Gleitschirmpassagierflug - Charmey<\/title>\n<meta name=\"description\" content=\"Gleitschirmpassagierflug - Charmey. Sie k\u00f6nnen entweder eine Taufe oder einen gro\u00dfen Flug mit oder ohne Akrobatik w\u00e4hlen, wenn Sie m\u00f6chten.\" \/>\n<meta name=\"robots\" content=\"index, follow, max-snippet:-1, max-image-preview:large, max-video-preview:-1\" \/>\n<link rel=\"canonical\" href=\"https:\/\/www.swissraft.ch\/de\/produkt\/gleitschirmpassagierflug-charmey-greyerzerland\/\" \/>\n<meta property=\"og:locale\" content=\"de_DE\" \/>\n<meta property=\"og:type\" content=\"article\" \/>\n<meta property=\"og:title\" content=\"Gleitschirmpassagierflug - Charmey\" \/>\n<meta property=\"og:description\" content=\"Gleitschirmpassagierflug - Charmey. Sie k\u00f6nnen entweder eine Taufe oder einen gro\u00dfen Flug mit oder ohne Akrobatik w\u00e4hlen, wenn Sie m\u00f6chten.\" \/>\n<meta property=\"og:url\" content=\"https:\/\/www.swissraft.ch\/de\/produkt\/gleitschirmpassagierflug-charmey-greyerzerland\/\" \/>\n<meta property=\"og:site_name\" content=\"Swissraft\" \/>\n<meta property=\"article:modified_time\" content=\"2026-04-04T21:46:01+00:00\" \/>\n<meta property=\"og:image\" content=\"https:\/\/www.swissraft.ch\/wp-content\/uploads\/2023\/02\/1-1-Charmey-Vol-enfant-776x776-1.jpg\" \/>\n\t<meta property=\"og:image:width\" content=\"776\" \/>\n\t<meta property=\"og:image:height\" content=\"776\" \/>\n\t<meta property=\"og:image:type\" content=\"image\/jpeg\" \/>\n<meta name=\"twitter:card\" content=\"summary_large_image\" \/>\n<meta name=\"twitter:label1\" content=\"Gesch\u00e4tzte Lesezeit\" \/>\n\t<meta name=\"twitter:data1\" content=\"1\u00a0Minute\" \/>\n<script type=\"application\/ld+json\" class=\"yoast-schema-graph\">{\"@context\":\"https:\/\/schema.org\",\"@graph\":[{\"@type\":\"WebPage\",\"@id\":\"https:\/\/www.swissraft.ch\/de\/produkt\/gleitschirmpassagierflug-charmey-greyerzerland\/\",\"url\":\"https:\/\/www.swissraft.ch\/de\/produkt\/gleitschirmpassagierflug-charmey-greyerzerland\/\",\"name\":\"Gleitschirmpassagierflug - Charmey\",\"isPartOf\":{\"@id\":\"https:\/\/www.swissraft.ch\/de\/#website\"},\"primaryImageOfPage\":{\"@id\":\"https:\/\/www.swissraft.ch\/de\/produkt\/gleitschirmpassagierflug-charmey-greyerzerland\/#primaryimage\"},\"image\":{\"@id\":\"https:\/\/www.swissraft.ch\/de\/produkt\/gleitschirmpassagierflug-charmey-greyerzerland\/#primaryimage\"},\"thumbnailUrl\":\"https:\/\/www.swissraft.ch\/wp-content\/uploads\/2023\/02\/1-1-Charmey-Vol-enfant-776x776-1.jpg\",\"datePublished\":\"2023-02-15T15:31:03+00:00\",\"dateModified\":\"2026-04-04T21:46:01+00:00\",\"description\":\"Gleitschirmpassagierflug - Charmey. Sie k\u00f6nnen entweder eine Taufe oder einen gro\u00dfen Flug mit oder ohne Akrobatik w\u00e4hlen, wenn Sie m\u00f6chten.\",\"breadcrumb\":{\"@id\":\"https:\/\/www.swissraft.ch\/de\/produkt\/gleitschirmpassagierflug-charmey-greyerzerland\/#breadcrumb\"},\"inLanguage\":\"de\",\"potentialAction\":[{\"@type\":\"ReadAction\",\"target\":[\"https:\/\/www.swissraft.ch\/de\/produkt\/gleitschirmpassagierflug-charmey-greyerzerland\/\"]}]},{\"@type\":\"ImageObject\",\"inLanguage\":\"de\",\"@id\":\"https:\/\/www.swissraft.ch\/de\/produkt\/gleitschirmpassagierflug-charmey-greyerzerland\/#primaryimage\",\"url\":\"https:\/\/www.swissraft.ch\/wp-content\/uploads\/2023\/02\/1-1-Charmey-Vol-enfant-776x776-1.jpg\",\"contentUrl\":\"https:\/\/www.swissraft.ch\/wp-content\/uploads\/2023\/02\/1-1-Charmey-Vol-enfant-776x776-1.jpg\",\"width\":776,\"height\":776,\"caption\":\"Tandemflug in Charmey en Gruy\u00e8re\"},{\"@type\":\"BreadcrumbList\",\"@id\":\"https:\/\/www.swissraft.ch\/de\/produkt\/gleitschirmpassagierflug-charmey-greyerzerland\/#breadcrumb\",\"itemListElement\":[{\"@type\":\"ListItem\",\"position\":1,\"name\":\"Accueil\",\"item\":\"https:\/\/www.swissraft.ch\/de\/\"},{\"@type\":\"ListItem\",\"position\":2,\"name\":\"Shop\",\"item\":\"https:\/\/www.swissraft.ch\/de\/shop\/\"},{\"@type\":\"ListItem\",\"position\":3,\"name\":\"Gleitschirmpassagierflug in Charmey &#8211; Greyerzerland &#8211; Ab CHF 100.00\"}]},{\"@type\":\"WebSite\",\"@id\":\"https:\/\/www.swissraft.ch\/de\/#website\",\"url\":\"https:\/\/www.swissraft.ch\/de\/\",\"name\":\"Swissraft\",\"description\":\"To enjoy nature as it is\",\"publisher\":{\"@id\":\"https:\/\/www.swissraft.ch\/de\/#organization\"},\"potentialAction\":[{\"@type\":\"SearchAction\",\"target\":{\"@type\":\"EntryPoint\",\"urlTemplate\":\"https:\/\/www.swissraft.ch\/de\/?s={search_term_string}\"},\"query-input\":{\"@type\":\"PropertyValueSpecification\",\"valueRequired\":true,\"valueName\":\"search_term_string\"}}],\"inLanguage\":\"de\"},{\"@type\":\"Organization\",\"@id\":\"https:\/\/www.swissraft.ch\/de\/#organization\",\"name\":\"Swissraft\",\"url\":\"https:\/\/www.swissraft.ch\/de\/\",\"logo\":{\"@type\":\"ImageObject\",\"inLanguage\":\"de\",\"@id\":\"https:\/\/www.swissraft.ch\/de\/#\/schema\/logo\/image\/\",\"url\":\"https:\/\/www.swissraft.ch\/wp-content\/uploads\/2025\/09\/Capture.jpg\",\"contentUrl\":\"https:\/\/www.swissraft.ch\/wp-content\/uploads\/2025\/09\/Capture.jpg\",\"width\":293,\"height\":108,\"caption\":\"Swissraft\"},\"image\":{\"@id\":\"https:\/\/www.swissraft.ch\/de\/#\/schema\/logo\/image\/\"}}]}<\/script>\n<!-- \/ Yoast SEO plugin. -->","yoast_head_json":{"title":"Gleitschirmpassagierflug - Charmey","description":"Gleitschirmpassagierflug - Charmey. Sie k\u00f6nnen entweder eine Taufe oder einen gro\u00dfen Flug mit oder ohne Akrobatik w\u00e4hlen, wenn Sie m\u00f6chten.","robots":{"index":"index","follow":"follow","max-snippet":"max-snippet:-1","max-image-preview":"max-image-preview:large","max-video-preview":"max-video-preview:-1"},"canonical":"https:\/\/www.swissraft.ch\/de\/produkt\/gleitschirmpassagierflug-charmey-greyerzerland\/","og_locale":"de_DE","og_type":"article","og_title":"Gleitschirmpassagierflug - Charmey","og_description":"Gleitschirmpassagierflug - Charmey. Sie k\u00f6nnen entweder eine Taufe oder einen gro\u00dfen Flug mit oder ohne Akrobatik w\u00e4hlen, wenn Sie m\u00f6chten.","og_url":"https:\/\/www.swissraft.ch\/de\/produkt\/gleitschirmpassagierflug-charmey-greyerzerland\/","og_site_name":"Swissraft","article_modified_time":"2026-04-04T21:46:01+00:00","og_image":[{"width":776,"height":776,"url":"https:\/\/www.swissraft.ch\/wp-content\/uploads\/2023\/02\/1-1-Charmey-Vol-enfant-776x776-1.jpg","type":"image\/jpeg"}],"twitter_card":"summary_large_image","twitter_misc":{"Gesch\u00e4tzte Lesezeit":"1\u00a0Minute"},"schema":{"@context":"https:\/\/schema.org","@graph":[{"@type":"WebPage","@id":"https:\/\/www.swissraft.ch\/de\/produkt\/gleitschirmpassagierflug-charmey-greyerzerland\/","url":"https:\/\/www.swissraft.ch\/de\/produkt\/gleitschirmpassagierflug-charmey-greyerzerland\/","name":"Gleitschirmpassagierflug - Charmey","isPartOf":{"@id":"https:\/\/www.swissraft.ch\/de\/#website"},"primaryImageOfPage":{"@id":"https:\/\/www.swissraft.ch\/de\/produkt\/gleitschirmpassagierflug-charmey-greyerzerland\/#primaryimage"},"image":{"@id":"https:\/\/www.swissraft.ch\/de\/produkt\/gleitschirmpassagierflug-charmey-greyerzerland\/#primaryimage"},"thumbnailUrl":"https:\/\/www.swissraft.ch\/wp-content\/uploads\/2023\/02\/1-1-Charmey-Vol-enfant-776x776-1.jpg","datePublished":"2023-02-15T15:31:03+00:00","dateModified":"2026-04-04T21:46:01+00:00","description":"Gleitschirmpassagierflug - Charmey. Sie k\u00f6nnen entweder eine Taufe oder einen gro\u00dfen Flug mit oder ohne Akrobatik w\u00e4hlen, wenn Sie m\u00f6chten.","breadcrumb":{"@id":"https:\/\/www.swissraft.ch\/de\/produkt\/gleitschirmpassagierflug-charmey-greyerzerland\/#breadcrumb"},"inLanguage":"de","potentialAction":[{"@type":"ReadAction","target":["https:\/\/www.swissraft.ch\/de\/produkt\/gleitschirmpassagierflug-charmey-greyerzerland\/"]}]},{"@type":"ImageObject","inLanguage":"de","@id":"https:\/\/www.swissraft.ch\/de\/produkt\/gleitschirmpassagierflug-charmey-greyerzerland\/#primaryimage","url":"https:\/\/www.swissraft.ch\/wp-content\/uploads\/2023\/02\/1-1-Charmey-Vol-enfant-776x776-1.jpg","contentUrl":"https:\/\/www.swissraft.ch\/wp-content\/uploads\/2023\/02\/1-1-Charmey-Vol-enfant-776x776-1.jpg","width":776,"height":776,"caption":"Tandemflug in Charmey en Gruy\u00e8re"},{"@type":"BreadcrumbList","@id":"https:\/\/www.swissraft.ch\/de\/produkt\/gleitschirmpassagierflug-charmey-greyerzerland\/#breadcrumb","itemListElement":[{"@type":"ListItem","position":1,"name":"Accueil","item":"https:\/\/www.swissraft.ch\/de\/"},{"@type":"ListItem","position":2,"name":"Shop","item":"https:\/\/www.swissraft.ch\/de\/shop\/"},{"@type":"ListItem","position":3,"name":"Gleitschirmpassagierflug in Charmey &#8211; Greyerzerland &#8211; Ab CHF 100.00"}]},{"@type":"WebSite","@id":"https:\/\/www.swissraft.ch\/de\/#website","url":"https:\/\/www.swissraft.ch\/de\/","name":"Swissraft","description":"To enjoy nature as it is","publisher":{"@id":"https:\/\/www.swissraft.ch\/de\/#organization"},"potentialAction":[{"@type":"SearchAction","target":{"@type":"EntryPoint","urlTemplate":"https:\/\/www.swissraft.ch\/de\/?s={search_term_string}"},"query-input":{"@type":"PropertyValueSpecification","valueRequired":true,"valueName":"search_term_string"}}],"inLanguage":"de"},{"@type":"Organization","@id":"https:\/\/www.swissraft.ch\/de\/#organization","name":"Swissraft","url":"https:\/\/www.swissraft.ch\/de\/","logo":{"@type":"ImageObject","inLanguage":"de","@id":"https:\/\/www.swissraft.ch\/de\/#\/schema\/logo\/image\/","url":"https:\/\/www.swissraft.ch\/wp-content\/uploads\/2025\/09\/Capture.jpg","contentUrl":"https:\/\/www.swissraft.ch\/wp-content\/uploads\/2025\/09\/Capture.jpg","width":293,"height":108,"caption":"Swissraft"},"image":{"@id":"https:\/\/www.swissraft.ch\/de\/#\/schema\/logo\/image\/"}}]}},"_links":{"self":[{"href":"https:\/\/www.swissraft.ch\/de\/wp-json\/wp\/v2\/product\/91617","targetHints":{"allow":["GET"]}}],"collection":[{"href":"https:\/\/www.swissraft.ch\/de\/wp-json\/wp\/v2\/product"}],"about":[{"href":"https:\/\/www.swissraft.ch\/de\/wp-json\/wp\/v2\/types\/product"}],"replies":[{"embeddable":true,"href":"https:\/\/www.swissraft.ch\/de\/wp-json\/wp\/v2\/comments?post=91617"}],"version-history":[{"count":27,"href":"https:\/\/www.swissraft.ch\/de\/wp-json\/wp\/v2\/product\/91617\/revisions"}],"predecessor-version":[{"id":137253,"href":"https:\/\/www.swissraft.ch\/de\/wp-json\/wp\/v2\/product\/91617\/revisions\/137253"}],"wp:featuredmedia":[{"embeddable":true,"href":"https:\/\/www.swissraft.ch\/de\/wp-json\/wp\/v2\/media\/89920"}],"wp:attachment":[{"href":"https:\/\/www.swissraft.ch\/de\/wp-json\/wp\/v2\/media?parent=91617"}],"wp:term":[{"taxonomy":"product_cat","embeddable":true,"href":"https:\/\/www.swissraft.ch\/de\/wp-json\/wp\/v2\/product_cat?post=91617"},{"taxonomy":"product_tag","embeddable":true,"href":"https:\/\/www.swissraft.ch\/de\/wp-json\/wp\/v2\/product_tag?post=91617"}],"curies":[{"name":"wp","href":"https:\/\/api.w.org\/{rel}","templated":true}]}}