{"id":91614,"date":"2023-02-14T23:52:12","date_gmt":"2023-02-14T22:52:12","guid":{"rendered":"https:\/\/swissraft.xyanzkdne.eu\/product\/ballonfahrt-im-kanton-soleure-ueberflug-ueber-die-region-soleure-ab-chf-270-00\/"},"modified":"2026-03-31T04:22:35","modified_gmt":"2026-03-31T02:22:35","slug":"ballonfahrt-heissluftballonfahrt-solothurn","status":"publish","type":"product","link":"https:\/\/www.swissraft.ch\/de\/produkt\/ballonfahrt-heissluftballonfahrt-solothurn\/","title":{"rendered":"Ballonfahrt oder Heissluftballonfahrt im Kanton Solothurn &#8211; Ab CHF 270.00"},"content":{"rendered":"\t\t<div data-elementor-type=\"wp-post\" data-elementor-id=\"91614\" class=\"elementor elementor-91614 elementor-30794\">\n\t\t\t\t\t\t\t\t\t<section class=\"elementor-section elementor-top-section elementor-element elementor-element-3303a7e3 elementor-section-boxed elementor-section-height-default elementor-section-height-default\" data-id=\"3303a7e3\" data-element_type=\"section\">\n\t\t\t\t\t\t<div class=\"elementor-container elementor-column-gap-default\">\n\t\t\t\t\t<div class=\"elementor-column elementor-col-100 elementor-top-column elementor-element elementor-element-16d72dbf\" data-id=\"16d72dbf\" data-element_type=\"column\">\n\t\t\t<div class=\"elementor-widget-wrap elementor-element-populated\">\n\t\t\t\t\t\t\t\t<div class=\"elementor-element elementor-element-d743c03 elementor-widget elementor-widget-text-editor\" data-id=\"d743c03\" data-element_type=\"widget\" data-widget_type=\"text-editor.default\">\n\t\t\t\t<div class=\"elementor-widget-container\">\n\t\t\t\t\t\t\t<h2>W\u00c4HLEN SIE UNTEN IHRE AKTIVIT\u00c4T AUS, UM GESCHENKGUTSCHEINE \/ TICKETS ZU VERSCHENKEN ODER ZU BUCHEN<\/h2><table border=\"0\" width=\"580\" cellspacing=\"10\" cellpadding=\"10\"><tbody><tr><td width=\"50%\"><strong>1) BALLONFAHRT &#8211; HEISSLUFTBALLONFAHRT &#8211; IN SOLOTHURN &#8211; ca. 1,5 bis 2 Std.<\/strong><\/td><td><strong>CHF 420.00 pro Person<span class=\"productPrice\"><br \/><\/span><\/strong><\/td><\/tr><tr><td>Zus\u00e4tzliche Informationen<\/td><td>&#8211;<span class=\"plbl\"> Jugendpreis <\/span>: <span class=\"patt\">Kinder von 7 bis 12 j\u00e4hrig : <strong>CHF 270.00<\/strong>\/Kind<br \/><\/span> &#8211; Start<span class=\"patt\">\u00a0am fr\u00fchen Morgen oder am sp\u00e4ten Nachmittag<br \/><\/span> &#8211; <span class=\"patt\">Sie werden mit anderen Passagieren zusammen sein<\/span><\/td><\/tr><tr><td>Orte<\/td><td>&#8211; Solothurn<br \/>&#8211; Egerkingen etc.<\/td><\/tr><tr><td>Fahrtdauer<\/td><td>ca. 1,5 bis 2 Std.<\/td><\/tr><tr><td>Gesamtdauer<\/td><td>ca. 4 Std.<\/td><\/tr><tr><td>Termin<\/td><td>Per Telefon<\/td><\/tr><tr><td><button class=\"elementor-button\" type=\"button\"><a href=\"https:\/\/swissraft.outdoorbooking.ch\/fo\/products\/1227?base_id=51&amp;category_id=7&amp;order_type=gift_voucher&amp;lang=de\" target=\"_blank\" rel=\"noopener\">GUTSCHEIN \/ TICKET KAUFEN<\/a><\/button><\/td><td><strong>CHF 420.00 &#8211; 1 Pers.<\/strong><\/td><\/tr><tr><td><button class=\"elementor-button\" type=\"button\"><a href=\"https:\/\/swissraft.outdoorbooking.ch\/fo\/products\/1228?base_id=51&amp;category_id=7&amp;order_type=gift_voucher&amp;lang=de\" target=\"_blank\" rel=\"noopener\">GUTSCHEIN \/ TICKET KAUFEN<\/a><\/button><\/td><td><strong>CHF 800.00 &#8211; 2 Pers.<\/strong><\/td><\/tr><tr><td><button class=\"elementor-button\" type=\"button\"><a href=\"https:\/\/swissraft.outdoorbooking.ch\/fo\/products\/1229?base_id=51&amp;category_id=7&amp;order_type=gift_voucher&amp;lang=de\" target=\"_blank\" rel=\"noopener\">GUTSCHEIN \/ TICKET KAUFEN<\/a><\/button><\/td><td><strong>CHF 1&#8217;200.00 &#8211; 3 Pers.<\/strong><\/td><\/tr><tr><td><button class=\"elementor-button\" type=\"button\"><a href=\"https:\/\/swissraft.outdoorbooking.ch\/fo\/products\/1230?base_id=51&amp;category_id=7&amp;order_type=gift_voucher&amp;lang=de\" target=\"_blank\" rel=\"noopener\">GUTSCHEIN \/ TICKET KAUFEN<\/a><\/button><\/td><td><strong>CHF 1&#8217;600.00 &#8211; 4 Pers.<\/strong><\/td><\/tr><tr><td><button class=\"elementor-button\" type=\"button\"><a href=\"https:\/\/swissraft.outdoorbooking.ch\/fo\/products\/1231?base_id=51&amp;category_id=7&amp;order_type=gift_voucher&amp;lang=de\" target=\"_blank\" rel=\"noopener\">GUTSCHEIN \/ TICKET KAUFEN<\/a><\/button><\/td><td><strong>CHF 1&#8217;900.00 &#8211; 5 Pers.<\/strong><\/td><\/tr><tr><td>\u00a0<\/td><td><strong><em>WICHTIG !<\/em><\/strong><br \/><em>Um zu reservieren, rufen Sie die Nummer an, die sich oben links auf dem Gutschein \/ Ticket befindet.<\/em><\/td><\/tr><\/tbody><\/table><table border=\"0\" width=\"580\" cellspacing=\"10\" cellpadding=\"10\"><tbody><tr><td width=\"50%\"><strong>2) BALLONFAHRT &#8211; HEISSLUFTBALLONFAHRT &#8211; IN SOLOTHURN &#8211; PRIVATFAHRT &#8211; ca. 1,5 bis 2 Std. <\/strong><\/td><td><strong>CHF 1&#8217;700.00 f\u00fcr 2 Pers. &#8211; Privatfahrt <span class=\"productPrice\"><br \/><\/span><\/strong><\/td><\/tr><tr><td>Zus\u00e4tzliche Informationen<\/td><td>&#8211; <span class=\"patt\"> Start am fr\u00fchen Morgen oder am sp\u00e4ten Nachmittag<br \/><\/span>&#8211; Privatballon<br \/>&#8211; Ab 11 Pers. : <span class=\"patt\" style=\"font-family: inherit; font-size: inherit;\"><span class=\"plbl\"><span class=\"patt\"><a href=\"https:\/\/www.swissraft.ch\/de\/kontakt\/\">Kontaktieren Sie uns<\/a><\/span><\/span><\/span><\/td><\/tr><tr><td>Orte<\/td><td>&#8211; Solothurn<br \/>&#8211; Egerkingen etc.<\/td><\/tr><tr><td>Fahrtdauer<\/td><td>ca. 1,5 bis 2 Std.<\/td><\/tr><tr><td>Gesamtdauer<\/td><td>ca. 4 Std.<\/td><\/tr><tr><td>Termin<\/td><td>Per Telefon<\/td><\/tr><tr><td><button class=\"elementor-button\" type=\"button\"><a href=\"https:\/\/swissraft.outdoorbooking.ch\/fo\/products\/1232?base_id=51&amp;category_id=7&amp;order_type=gift_voucher&amp;lang=de\" target=\"_blank\" rel=\"noopener\">GUTSCHEIN \/ TICKET KAUFEN<\/a><\/button><\/td><td><strong>CHF 1&#8217;700.00 &#8211; Privatfahrt (2 Pers.)<\/strong><\/td><\/tr><tr><td><button class=\"elementor-button\" type=\"button\"><a href=\"https:\/\/swissraft.outdoorbooking.ch\/fo\/products\/1233?base_id=51&amp;category_id=7&amp;order_type=gift_voucher&amp;lang=de\" target=\"_blank\" rel=\"noopener\">GUTSCHEIN \/ TICKET KAUFEN<\/a><\/button><\/td><td><strong>CHF 2&#8217;000.00 &#8211; Privatfahrt (3-4 Pers.)<\/strong><\/td><\/tr><tr><td><button class=\"elementor-button\" type=\"button\"><a href=\"https:\/\/swissraft.outdoorbooking.ch\/fo\/products\/1234?base_id=51&amp;category_id=7&amp;order_type=gift_voucher&amp;lang=de\" target=\"_blank\" rel=\"noopener\">GUTSCHEIN \/ TICKET KAUFEN<\/a><\/button><\/td><td><strong>CHF 2&#8217;400.00 &#8211; Privatfahrt (5-6 Pers.)<\/strong><\/td><\/tr><tr><td><button class=\"elementor-button\" type=\"button\"><a href=\"https:\/\/swissraft.outdoorbooking.ch\/fo\/products\/1235?base_id=51&amp;category_id=7&amp;order_type=gift_voucher&amp;lang=de\" target=\"_blank\" rel=\"noopener\">GUTSCHEIN \/ TICKET KAUFEN<\/a><\/button><\/td><td><strong>CHF 2&#8217;900.00 &#8211; Privatfahrt (7-8 Pers.)<\/strong><\/td><\/tr><tr><td><button class=\"elementor-button\" type=\"button\"><a href=\"https:\/\/swissraft.outdoorbooking.ch\/fo\/products\/1236?base_id=51&amp;category_id=7&amp;order_type=gift_voucher&amp;lang=de\" target=\"_blank\" rel=\"noopener\">GUTSCHEIN \/ TICKET KAUFEN<\/a><\/button><\/td><td><strong>CHF 3&#8217;400.00 &#8211; Privatfahrt (9-10 Pers.)<\/strong><\/td><\/tr><tr><td><button class=\"elementor-button\" type=\"button\"><a href=\"https:\/\/swissraft.outdoorbooking.ch\/fo\/products\/1237?base_id=51&amp;category_id=7&amp;order_type=gift_voucher&amp;lang=de\" target=\"_blank\" rel=\"noopener\">GUTSCHEIN \/ TICKET KAUFEN<\/a><\/button><\/td><td><strong>CHF 3&#8217;700.00 &#8211; Privatfahrt (11 Pers.)<\/strong><\/td><\/tr><tr><td>\u00a0<\/td><td><strong><em>WICHTIG !<\/em><\/strong><br \/><em>Um zu reservieren, rufen Sie die Nummer an, die sich oben links auf dem Gutschein \/ Ticket befindet.<\/em><\/td><\/tr><\/tbody><\/table>\t\t\t\t\t\t<\/div>\n\t\t\t\t<\/div>\n\t\t\t\t\t<\/div>\n\t\t<\/div>\n\t\t\t\t\t\t\t<\/div>\n\t\t<\/section>\n\t\t\t\t\t\t\t<\/div>\n\t\t","protected":false},"excerpt":{"rendered":"<div align=\"justify\">\n<h2 align=\"justify\">Zweist\u00fcndige Fahrt im Hei\u00dfluftballon im Kanton Solothurn<\/h2>\n<h3>Sie fahren zwischen dem Drei-Seeland Gebiet im S\u00fcdwesten, im Norden Basel, im Osten Z\u00fcrich und im S\u00fcden Bern. Relativ flaches Relief, wir befinden uns auf dem Schweizer Plateau, das auch Mittelgebirge genannt wird.<\/h3>\n<\/div>\n<div align=\"justify\">\n<p>Die Teilnahme aller ist erforderlich. Zun\u00e4chst helfen Sie beim Ausladen der Ausr\u00fcstung und verteilen den Ballon auf dem Boden. Der Pilot betreibt den Ventilator, um kalte Luft in den Umschlag zu blasen. Dann \u00fcbernimmt er die Steuerung der Brennerhebel, um die Luft im Inneren der H\u00fclle zu erw\u00e4rmen. Der Ballon richtet sich langsam auf, bis er vollst\u00e4ndig steht. Sind alle an Bord? Ihr Pilot f\u00fchrt einen letzten Check durch und schaltet f\u00fcr einen Moment die Brenner ein, um die Luft auf etwa 80 Grad zu erhitzen. Los geht&#8217;s! Der Korb l\u00f6st sich langsam vom Boden und Sie beginnen mit dem Aufstieg. Die Sonnenstrahlen erscheinen und streicheln Ihr Gesicht. Eine Ballonfahrt ist ein ganz besonderes Abenteuer, das zur Ruhe und, warum nicht, zur Meditation einl\u00e4dt. Lassen Sie Ihre Lieben an diesem besonderen halben Tag teilhaben, indem Sie eine Kamera mitbringen.<\/p>\n<h3>Mit seiner langj\u00e4hrigen Erfahrung im Bereich der Luftfahrt garantiert Ihnen Swissraft einen sicheren Flugbetrieb.<\/h3>\n<p id=\"textarea\" style=\"display: none;\">\nWir fliegen in die Ostschweiz, in die Kantone St. St. Gallen und Thurgau. Aber auch im Pays d&#8217;Enhaut im Kanton Waadt von Ch\u00e2teau d&#8217;Oex aus. Ebenso f\u00fchren wir Ballonfahrten im Berner Oberland durch. Wir starten auch in der Umgebung von Basel und im Kanton Baselland. Au\u00dferdem f\u00fchren wir Ballonfahrten im Aargau und in der Umgebung der Stadt Z\u00fcrich durch. Weiter westlich bieten wir Ballonfahrten in der Drei-Seeland Gebiet an. Sowie Diebst\u00e4hle in den Kantonen Neuenburg, Luzern und Zug. Wir haben auch Ballonfahrten im Greyerzerland im Kanton Freiburg und in den Freibergen.<br \/>\nDar\u00fcber hinaus bieten wir Ballonfahrten im Tessin von Lugano und Umgebung aus an.\n<\/p>\n<p><a id=\"seeMore\" onclick=\"toggleSeeMore()\" href=\"javascript:void(0);\">Lesen Sie mehr<\/a><\/p>\n","protected":false},"featured_media":88822,"comment_status":"open","ping_status":"closed","template":"","meta":{"inline_featured_image":false,"_mi_skip_tracking":false},"product_cat":[345],"product_tag":[],"class_list":["post-91614","product","type-product","status-publish","has-post-thumbnail","hentry","product_cat-ballonfahrt"],"yoast_head":"<!-- This site is optimized with the Yoast SEO plugin v23.6 - https:\/\/yoast.com\/wordpress\/plugins\/seo\/ -->\n<title>Ballonfahrt Heissluftballonfahrt in Solothurn. Etwa zwei Stunden<\/title>\n<meta name=\"description\" content=\"Ballonfahrt Heissluftballonfahrt in Solothurn. Ein etwa zweist\u00fcndiger Flug \u00fcber den Kanton Solothurn. Dieser Flug wird Ihnen in bester Erinnerung bleiben\" \/>\n<meta name=\"robots\" content=\"index, follow, max-snippet:-1, max-image-preview:large, max-video-preview:-1\" \/>\n<link rel=\"canonical\" href=\"https:\/\/www.swissraft.ch\/de\/produkt\/ballonfahrt-heissluftballonfahrt-solothurn\/\" \/>\n<meta property=\"og:locale\" content=\"de_DE\" \/>\n<meta property=\"og:type\" content=\"article\" \/>\n<meta property=\"og:title\" content=\"Ballonfahrt Heissluftballonfahrt in Solothurn. Etwa zwei Stunden\" \/>\n<meta property=\"og:description\" content=\"Ballonfahrt Heissluftballonfahrt in Solothurn. Ein etwa zweist\u00fcndiger Flug \u00fcber den Kanton Solothurn. Dieser Flug wird Ihnen in bester Erinnerung bleiben\" \/>\n<meta property=\"og:url\" content=\"https:\/\/www.swissraft.ch\/de\/produkt\/ballonfahrt-heissluftballonfahrt-solothurn\/\" \/>\n<meta property=\"og:site_name\" content=\"Swissraft\" \/>\n<meta property=\"article:modified_time\" content=\"2026-03-31T02:22:35+00:00\" \/>\n<meta property=\"og:image\" content=\"https:\/\/www.swissraft.ch\/wp-content\/uploads\/2023\/02\/1-Solothurn-776x776-1.jpg\" \/>\n\t<meta property=\"og:image:width\" content=\"776\" \/>\n\t<meta property=\"og:image:height\" content=\"776\" \/>\n\t<meta property=\"og:image:type\" content=\"image\/jpeg\" \/>\n<meta name=\"twitter:card\" content=\"summary_large_image\" \/>\n<meta name=\"twitter:label1\" content=\"Gesch\u00e4tzte Lesezeit\" \/>\n\t<meta name=\"twitter:data1\" content=\"2\u00a0Minuten\" \/>\n<script type=\"application\/ld+json\" class=\"yoast-schema-graph\">{\"@context\":\"https:\/\/schema.org\",\"@graph\":[{\"@type\":\"WebPage\",\"@id\":\"https:\/\/www.swissraft.ch\/de\/produkt\/ballonfahrt-heissluftballonfahrt-solothurn\/\",\"url\":\"https:\/\/www.swissraft.ch\/de\/produkt\/ballonfahrt-heissluftballonfahrt-solothurn\/\",\"name\":\"Ballonfahrt Heissluftballonfahrt in Solothurn. Etwa zwei Stunden\",\"isPartOf\":{\"@id\":\"https:\/\/www.swissraft.ch\/de\/#website\"},\"primaryImageOfPage\":{\"@id\":\"https:\/\/www.swissraft.ch\/de\/produkt\/ballonfahrt-heissluftballonfahrt-solothurn\/#primaryimage\"},\"image\":{\"@id\":\"https:\/\/www.swissraft.ch\/de\/produkt\/ballonfahrt-heissluftballonfahrt-solothurn\/#primaryimage\"},\"thumbnailUrl\":\"https:\/\/www.swissraft.ch\/wp-content\/uploads\/2023\/02\/1-Solothurn-776x776-1.jpg\",\"datePublished\":\"2023-02-14T22:52:12+00:00\",\"dateModified\":\"2026-03-31T02:22:35+00:00\",\"description\":\"Ballonfahrt Heissluftballonfahrt in Solothurn. Ein etwa zweist\u00fcndiger Flug \u00fcber den Kanton Solothurn. Dieser Flug wird Ihnen in bester Erinnerung bleiben\",\"breadcrumb\":{\"@id\":\"https:\/\/www.swissraft.ch\/de\/produkt\/ballonfahrt-heissluftballonfahrt-solothurn\/#breadcrumb\"},\"inLanguage\":\"de\",\"potentialAction\":[{\"@type\":\"ReadAction\",\"target\":[\"https:\/\/www.swissraft.ch\/de\/produkt\/ballonfahrt-heissluftballonfahrt-solothurn\/\"]}]},{\"@type\":\"ImageObject\",\"inLanguage\":\"de\",\"@id\":\"https:\/\/www.swissraft.ch\/de\/produkt\/ballonfahrt-heissluftballonfahrt-solothurn\/#primaryimage\",\"url\":\"https:\/\/www.swissraft.ch\/wp-content\/uploads\/2023\/02\/1-Solothurn-776x776-1.jpg\",\"contentUrl\":\"https:\/\/www.swissraft.ch\/wp-content\/uploads\/2023\/02\/1-Solothurn-776x776-1.jpg\",\"width\":776,\"height\":776,\"caption\":\"Ballonfahrt im Kanton Solothurn\"},{\"@type\":\"BreadcrumbList\",\"@id\":\"https:\/\/www.swissraft.ch\/de\/produkt\/ballonfahrt-heissluftballonfahrt-solothurn\/#breadcrumb\",\"itemListElement\":[{\"@type\":\"ListItem\",\"position\":1,\"name\":\"Accueil\",\"item\":\"https:\/\/www.swissraft.ch\/de\/\"},{\"@type\":\"ListItem\",\"position\":2,\"name\":\"Shop\",\"item\":\"https:\/\/www.swissraft.ch\/de\/shop\/\"},{\"@type\":\"ListItem\",\"position\":3,\"name\":\"Ballonfahrt oder Heissluftballonfahrt im Kanton Solothurn &#8211; Ab CHF 270.00\"}]},{\"@type\":\"WebSite\",\"@id\":\"https:\/\/www.swissraft.ch\/de\/#website\",\"url\":\"https:\/\/www.swissraft.ch\/de\/\",\"name\":\"Swissraft\",\"description\":\"To enjoy nature as it is\",\"publisher\":{\"@id\":\"https:\/\/www.swissraft.ch\/de\/#organization\"},\"potentialAction\":[{\"@type\":\"SearchAction\",\"target\":{\"@type\":\"EntryPoint\",\"urlTemplate\":\"https:\/\/www.swissraft.ch\/de\/?s={search_term_string}\"},\"query-input\":{\"@type\":\"PropertyValueSpecification\",\"valueRequired\":true,\"valueName\":\"search_term_string\"}}],\"inLanguage\":\"de\"},{\"@type\":\"Organization\",\"@id\":\"https:\/\/www.swissraft.ch\/de\/#organization\",\"name\":\"Swissraft\",\"url\":\"https:\/\/www.swissraft.ch\/de\/\",\"logo\":{\"@type\":\"ImageObject\",\"inLanguage\":\"de\",\"@id\":\"https:\/\/www.swissraft.ch\/de\/#\/schema\/logo\/image\/\",\"url\":\"https:\/\/www.swissraft.ch\/wp-content\/uploads\/2025\/09\/Capture.jpg\",\"contentUrl\":\"https:\/\/www.swissraft.ch\/wp-content\/uploads\/2025\/09\/Capture.jpg\",\"width\":293,\"height\":108,\"caption\":\"Swissraft\"},\"image\":{\"@id\":\"https:\/\/www.swissraft.ch\/de\/#\/schema\/logo\/image\/\"}}]}<\/script>\n<!-- \/ Yoast SEO plugin. -->","yoast_head_json":{"title":"Ballonfahrt Heissluftballonfahrt in Solothurn. Etwa zwei Stunden","description":"Ballonfahrt Heissluftballonfahrt in Solothurn. Ein etwa zweist\u00fcndiger Flug \u00fcber den Kanton Solothurn. Dieser Flug wird Ihnen in bester Erinnerung bleiben","robots":{"index":"index","follow":"follow","max-snippet":"max-snippet:-1","max-image-preview":"max-image-preview:large","max-video-preview":"max-video-preview:-1"},"canonical":"https:\/\/www.swissraft.ch\/de\/produkt\/ballonfahrt-heissluftballonfahrt-solothurn\/","og_locale":"de_DE","og_type":"article","og_title":"Ballonfahrt Heissluftballonfahrt in Solothurn. Etwa zwei Stunden","og_description":"Ballonfahrt Heissluftballonfahrt in Solothurn. Ein etwa zweist\u00fcndiger Flug \u00fcber den Kanton Solothurn. Dieser Flug wird Ihnen in bester Erinnerung bleiben","og_url":"https:\/\/www.swissraft.ch\/de\/produkt\/ballonfahrt-heissluftballonfahrt-solothurn\/","og_site_name":"Swissraft","article_modified_time":"2026-03-31T02:22:35+00:00","og_image":[{"width":776,"height":776,"url":"https:\/\/www.swissraft.ch\/wp-content\/uploads\/2023\/02\/1-Solothurn-776x776-1.jpg","type":"image\/jpeg"}],"twitter_card":"summary_large_image","twitter_misc":{"Gesch\u00e4tzte Lesezeit":"2\u00a0Minuten"},"schema":{"@context":"https:\/\/schema.org","@graph":[{"@type":"WebPage","@id":"https:\/\/www.swissraft.ch\/de\/produkt\/ballonfahrt-heissluftballonfahrt-solothurn\/","url":"https:\/\/www.swissraft.ch\/de\/produkt\/ballonfahrt-heissluftballonfahrt-solothurn\/","name":"Ballonfahrt Heissluftballonfahrt in Solothurn. Etwa zwei Stunden","isPartOf":{"@id":"https:\/\/www.swissraft.ch\/de\/#website"},"primaryImageOfPage":{"@id":"https:\/\/www.swissraft.ch\/de\/produkt\/ballonfahrt-heissluftballonfahrt-solothurn\/#primaryimage"},"image":{"@id":"https:\/\/www.swissraft.ch\/de\/produkt\/ballonfahrt-heissluftballonfahrt-solothurn\/#primaryimage"},"thumbnailUrl":"https:\/\/www.swissraft.ch\/wp-content\/uploads\/2023\/02\/1-Solothurn-776x776-1.jpg","datePublished":"2023-02-14T22:52:12+00:00","dateModified":"2026-03-31T02:22:35+00:00","description":"Ballonfahrt Heissluftballonfahrt in Solothurn. Ein etwa zweist\u00fcndiger Flug \u00fcber den Kanton Solothurn. Dieser Flug wird Ihnen in bester Erinnerung bleiben","breadcrumb":{"@id":"https:\/\/www.swissraft.ch\/de\/produkt\/ballonfahrt-heissluftballonfahrt-solothurn\/#breadcrumb"},"inLanguage":"de","potentialAction":[{"@type":"ReadAction","target":["https:\/\/www.swissraft.ch\/de\/produkt\/ballonfahrt-heissluftballonfahrt-solothurn\/"]}]},{"@type":"ImageObject","inLanguage":"de","@id":"https:\/\/www.swissraft.ch\/de\/produkt\/ballonfahrt-heissluftballonfahrt-solothurn\/#primaryimage","url":"https:\/\/www.swissraft.ch\/wp-content\/uploads\/2023\/02\/1-Solothurn-776x776-1.jpg","contentUrl":"https:\/\/www.swissraft.ch\/wp-content\/uploads\/2023\/02\/1-Solothurn-776x776-1.jpg","width":776,"height":776,"caption":"Ballonfahrt im Kanton Solothurn"},{"@type":"BreadcrumbList","@id":"https:\/\/www.swissraft.ch\/de\/produkt\/ballonfahrt-heissluftballonfahrt-solothurn\/#breadcrumb","itemListElement":[{"@type":"ListItem","position":1,"name":"Accueil","item":"https:\/\/www.swissraft.ch\/de\/"},{"@type":"ListItem","position":2,"name":"Shop","item":"https:\/\/www.swissraft.ch\/de\/shop\/"},{"@type":"ListItem","position":3,"name":"Ballonfahrt oder Heissluftballonfahrt im Kanton Solothurn &#8211; Ab CHF 270.00"}]},{"@type":"WebSite","@id":"https:\/\/www.swissraft.ch\/de\/#website","url":"https:\/\/www.swissraft.ch\/de\/","name":"Swissraft","description":"To enjoy nature as it is","publisher":{"@id":"https:\/\/www.swissraft.ch\/de\/#organization"},"potentialAction":[{"@type":"SearchAction","target":{"@type":"EntryPoint","urlTemplate":"https:\/\/www.swissraft.ch\/de\/?s={search_term_string}"},"query-input":{"@type":"PropertyValueSpecification","valueRequired":true,"valueName":"search_term_string"}}],"inLanguage":"de"},{"@type":"Organization","@id":"https:\/\/www.swissraft.ch\/de\/#organization","name":"Swissraft","url":"https:\/\/www.swissraft.ch\/de\/","logo":{"@type":"ImageObject","inLanguage":"de","@id":"https:\/\/www.swissraft.ch\/de\/#\/schema\/logo\/image\/","url":"https:\/\/www.swissraft.ch\/wp-content\/uploads\/2025\/09\/Capture.jpg","contentUrl":"https:\/\/www.swissraft.ch\/wp-content\/uploads\/2025\/09\/Capture.jpg","width":293,"height":108,"caption":"Swissraft"},"image":{"@id":"https:\/\/www.swissraft.ch\/de\/#\/schema\/logo\/image\/"}}]}},"_links":{"self":[{"href":"https:\/\/www.swissraft.ch\/de\/wp-json\/wp\/v2\/product\/91614","targetHints":{"allow":["GET"]}}],"collection":[{"href":"https:\/\/www.swissraft.ch\/de\/wp-json\/wp\/v2\/product"}],"about":[{"href":"https:\/\/www.swissraft.ch\/de\/wp-json\/wp\/v2\/types\/product"}],"replies":[{"embeddable":true,"href":"https:\/\/www.swissraft.ch\/de\/wp-json\/wp\/v2\/comments?post=91614"}],"version-history":[{"count":34,"href":"https:\/\/www.swissraft.ch\/de\/wp-json\/wp\/v2\/product\/91614\/revisions"}],"predecessor-version":[{"id":135545,"href":"https:\/\/www.swissraft.ch\/de\/wp-json\/wp\/v2\/product\/91614\/revisions\/135545"}],"wp:featuredmedia":[{"embeddable":true,"href":"https:\/\/www.swissraft.ch\/de\/wp-json\/wp\/v2\/media\/88822"}],"wp:attachment":[{"href":"https:\/\/www.swissraft.ch\/de\/wp-json\/wp\/v2\/media?parent=91614"}],"wp:term":[{"taxonomy":"product_cat","embeddable":true,"href":"https:\/\/www.swissraft.ch\/de\/wp-json\/wp\/v2\/product_cat?post=91614"},{"taxonomy":"product_tag","embeddable":true,"href":"https:\/\/www.swissraft.ch\/de\/wp-json\/wp\/v2\/product_tag?post=91614"}],"curies":[{"name":"wp","href":"https:\/\/api.w.org\/{rel}","templated":true}]}}