{"id":91613,"date":"2023-02-15T15:36:59","date_gmt":"2023-02-15T14:36:59","guid":{"rendered":"https:\/\/swissraft.xyanzkdne.eu\/product\/gleitschirm-tandemflug-in-interlaken-oberland-bernois-ab-chf-160-00\/"},"modified":"2026-04-04T23:55:27","modified_gmt":"2026-04-04T21:55:27","slug":"gleitschirmpassagierflug-interlaken-berner-oberland","status":"publish","type":"product","link":"https:\/\/www.swissraft.ch\/de\/produkt\/gleitschirmpassagierflug-interlaken-berner-oberland\/","title":{"rendered":"Gleitschirmpassagierflug in Interlaken &#8211; Berner oberland- Ab CHF 160.00"},"content":{"rendered":"\t\t<div data-elementor-type=\"wp-post\" data-elementor-id=\"91613\" class=\"elementor elementor-91613 elementor-30829\">\n\t\t\t\t\t\t\t\t\t<section class=\"elementor-section elementor-top-section elementor-element elementor-element-3303a7e3 elementor-section-boxed elementor-section-height-default elementor-section-height-default\" data-id=\"3303a7e3\" data-element_type=\"section\">\n\t\t\t\t\t\t<div class=\"elementor-container elementor-column-gap-default\">\n\t\t\t\t\t<div class=\"elementor-column elementor-col-100 elementor-top-column elementor-element elementor-element-16d72dbf\" data-id=\"16d72dbf\" data-element_type=\"column\">\n\t\t\t<div class=\"elementor-widget-wrap elementor-element-populated\">\n\t\t\t\t\t\t\t\t<div class=\"elementor-element elementor-element-d743c03 elementor-widget elementor-widget-text-editor\" data-id=\"d743c03\" data-element_type=\"widget\" data-widget_type=\"text-editor.default\">\n\t\t\t\t<div class=\"elementor-widget-container\">\n\t\t\t\t\t\t\t<h2>W\u00c4HLEN SIE UNTEN IHRE AKTIVIT\u00c4T AUS, UM GESCHENKGUTSCHEINE \/ TICKETS ZU VERSCHENKEN ODER ZU BUCHEN.<\/h2><table border=\"0\" width=\"580\" cellspacing=\"10\" cellpadding=\"10\"><tbody><tr><td width=\"50%\"><strong>GLEITSCHIRM &#8211; PASSAGIERFLUG &#8211; INTERLAKEN<\/strong><\/td><td><strong>Ab CHF 160.00 pro Flug<span class=\"productPrice\"><br \/><\/span><\/strong><\/td><\/tr><tr><td>Zus\u00e4tzliche Informationen<\/td><td><span class=\"plbl\">&#8211; <\/span><span class=\"patt\">Vor Ort Video + Fotos : <strong>CHF 40.00<\/strong><br \/>&#8211; Elterliche Erlaubnis f\u00fcr Minderj\u00e4hrige<\/span><\/td><\/tr><tr><td>Startpl\u00e4tze<\/td><td>&#8211; Beatenberg-Luegibr\u00fcggli<br \/>&#8211; Beatenberg-Amisb\u00fchl<\/td><\/tr><tr><td>Dauer des Fluges<\/td><td>ca. 10 \/ 25 Min.<\/td><\/tr><tr><td>Gesamtdauer<\/td><td>ca. 1,5 bis 2 Std. abh\u00e4ngig von der Anzahl der Minuten<\/td><\/tr><tr><td>Termin<\/td><td>Per Telefon<\/td><\/tr><tr><td><button class=\"elementor-button\" type=\"button\"><a href=\"https:\/\/swissraft.outdoorbooking.ch\/fo\/products\/175?base_id=57&amp;category_id=3&amp;order_type=gift_voucher&amp;lang=de\" target=\"_blank\" rel=\"noopener\">GUTSCHEIN \/ TICKET KAUFEN<\/a><\/button><\/td><td><strong>&#8211; CHF 160.00 &#8211; ca. 10 Min. Flug &#8211; Luegibr\u00fcggli (1050m) <\/strong><\/td><\/tr><tr><td><button class=\"elementor-button\" type=\"button\"><a href=\"https:\/\/swissraft.outdoorbooking.ch\/fo\/products\/331?base_id=57&amp;category_id=3&amp;order_type=gift_voucher&amp;lang=de\" target=\"_blank\" rel=\"noopener\">GUTSCHEIN \/ TICKET KAUFEN<\/a><\/button><\/td><td><strong>&#8211; CHF 170.00 &#8211; ca. 25 Min. Flug &#8211; Amisb\u00fchl (1370m) <\/strong><\/td><\/tr><tr><td>\u00a0<\/td><td><strong><em>WICHTIG !<\/em><\/strong><br \/><em>Um zu reservieren, rufen Sie die Nummer an, die sich oben links auf dem Gutschein \/ Ticket befindet.<\/em><\/td><\/tr><\/tbody><\/table>\t\t\t\t\t\t<\/div>\n\t\t\t\t<\/div>\n\t\t\t\t\t<\/div>\n\t\t<\/div>\n\t\t\t\t\t\t\t<\/div>\n\t\t<\/section>\n\t\t\t\t\t\t\t<\/div>\n\t\t","protected":false},"excerpt":{"rendered":"<div align=\"justify\">\n<h2 align=\"justify\">Von Interlaken auf dem Beatenberg starten Sie mit einem Tandem-Gleitschirm und landen im Zentrum von Interlaken.<\/h2>\n<h3>Sie haben die Wahl zwischen einem Start auf 1050 m und einem Start auf 1370 m f\u00fcr einen Flug von etwa 25 Minuten ab Amisb\u00fchl.<\/h3>\n<\/div>\n<div align=\"justify\"><\/div>\n<div align=\"justify\">\n<p>Ein Gleitschirm-Tandemflug von Interlaken in den Himmel des Berner Oberlandes verspricht ein aufregendes Erlebnis. Zun\u00e4chst bereiten die Lehrer die notwendige Ausr\u00fcstung sorgf\u00e4ltig vor. Danach bereiten sich die Passagiere aufgeregt auf den bevorstehenden Start vor. Bei g\u00fcnstigen Wetterbedingungen erfolgt der Start sanft. Danach steigt der Gleitschirm anmutig in die Luft und bietet einen atemberaubenden Blick auf die umliegenden Berge. W\u00e4hrend des Fluges erleben die Passagiere eine Mischung aus Adrenalin und Gelassenheit. Au\u00dferdem ist das Gef\u00fchl der Freiheit unbeschreiblich. Die Fluglehrer lenken den Gleitschirm geschickt durch die Luftstr\u00f6me und bieten ein sicheres und aufregendes Erlebnis. Nachdem Sie den Himmel \u00fcber dem Berner Oberland erkundet haben, n\u00e4hert sich der Zeitpunkt der Landung. Der Fluglehrer f\u00fchrt den Gleitschirm mit Pr\u00e4zision zum Boden, um einen sanften Abstieg zu gew\u00e4hrleisten. Wenn die Passagiere schlie\u00dflich an Land gehen, sind sie voller Emotionen, aber vor allem zufrieden. Zusammenfassend l\u00e4sst sich sagen, dass ein Tandemflug mit dem Gleitschirm von Interlaken aus ein unvergessliches Abenteuer ist, das Sie nicht verpassen sollten.<\/p>\n<h3>Swissraft bietet Ihnen 6 Regionen in der Schweiz, in denen Sie einen Gleitschirm-Tandemflug machen k\u00f6nnen.<\/h3>\n<p id=\"textarea\" style=\"display: none;\">\nIn Graub\u00fcnden bieten wir Einf\u00fchrungen und Tandemfl\u00fcge mit Gleitschirmen und Deltas an. Auch in Ch\u00e2teau d&#8217;Oex im Pays d&#8217;Enhaut bieten wir Gleitschirmfl\u00fcge an. Im Wallis machen wir Tandemfl\u00fcge von den Gipfeln von Verbier aus. Aber auch im Kanton Freiburg in Charmey im Greyerzerland. Au\u00dferdem bieten wir im Tessin das ganze Jahr \u00fcber zahlreiche Tandemfl\u00fcge mit Gleitschirmen an.\n<\/p>\n<p><a id=\"seeMore\" onclick=\"toggleSeeMore()\" href=\"javascript:void(0);\">Lesen Sie mehr<\/a><\/p>\n","protected":false},"featured_media":89926,"comment_status":"open","ping_status":"closed","template":"","meta":{"inline_featured_image":false,"_mi_skip_tracking":false},"product_cat":[296],"product_tag":[],"class_list":["post-91613","product","type-product","status-publish","has-post-thumbnail","hentry","product_cat-passagierflug-mit-gleitschirmen-und-delta"],"yoast_head":"<!-- This site is optimized with the Yoast SEO plugin v23.6 - https:\/\/yoast.com\/wordpress\/plugins\/seo\/ -->\n<title>Gleitschirmpassagierflug in Interlaken \u00fcber den Beatenberg<\/title>\n<meta name=\"description\" content=\"Gleitschirmpassagierflug in Interlaken aus ab Beatenberg. Sie haben die Wahl zwischen einem 10-min. oder 25-min. Flug. Sie landen im Zentrum von Interlaken\" \/>\n<meta name=\"robots\" content=\"index, follow, max-snippet:-1, max-image-preview:large, max-video-preview:-1\" \/>\n<link rel=\"canonical\" href=\"https:\/\/www.swissraft.ch\/de\/produkt\/gleitschirmpassagierflug-interlaken-berner-oberland\/\" \/>\n<meta property=\"og:locale\" content=\"de_DE\" \/>\n<meta property=\"og:type\" content=\"article\" \/>\n<meta property=\"og:title\" content=\"Gleitschirmpassagierflug in Interlaken \u00fcber den Beatenberg\" \/>\n<meta property=\"og:description\" content=\"Gleitschirmpassagierflug in Interlaken aus ab Beatenberg. Sie haben die Wahl zwischen einem 10-min. oder 25-min. Flug. Sie landen im Zentrum von Interlaken\" \/>\n<meta property=\"og:url\" content=\"https:\/\/www.swissraft.ch\/de\/produkt\/gleitschirmpassagierflug-interlaken-berner-oberland\/\" \/>\n<meta property=\"og:site_name\" content=\"Swissraft\" \/>\n<meta property=\"article:modified_time\" content=\"2026-04-04T21:55:27+00:00\" \/>\n<meta property=\"og:image\" content=\"https:\/\/www.swissraft.ch\/wp-content\/uploads\/2023\/02\/1-1-Interlaken-Biplace-776x776-1.jpg\" \/>\n\t<meta property=\"og:image:width\" content=\"776\" \/>\n\t<meta property=\"og:image:height\" content=\"776\" \/>\n\t<meta property=\"og:image:type\" content=\"image\/jpeg\" \/>\n<meta name=\"twitter:card\" content=\"summary_large_image\" \/>\n<meta name=\"twitter:label1\" content=\"Gesch\u00e4tzte Lesezeit\" \/>\n\t<meta name=\"twitter:data1\" content=\"1\u00a0Minute\" \/>\n<script type=\"application\/ld+json\" class=\"yoast-schema-graph\">{\"@context\":\"https:\/\/schema.org\",\"@graph\":[{\"@type\":\"WebPage\",\"@id\":\"https:\/\/www.swissraft.ch\/de\/produkt\/gleitschirmpassagierflug-interlaken-berner-oberland\/\",\"url\":\"https:\/\/www.swissraft.ch\/de\/produkt\/gleitschirmpassagierflug-interlaken-berner-oberland\/\",\"name\":\"Gleitschirmpassagierflug in Interlaken \u00fcber den Beatenberg\",\"isPartOf\":{\"@id\":\"https:\/\/www.swissraft.ch\/de\/#website\"},\"primaryImageOfPage\":{\"@id\":\"https:\/\/www.swissraft.ch\/de\/produkt\/gleitschirmpassagierflug-interlaken-berner-oberland\/#primaryimage\"},\"image\":{\"@id\":\"https:\/\/www.swissraft.ch\/de\/produkt\/gleitschirmpassagierflug-interlaken-berner-oberland\/#primaryimage\"},\"thumbnailUrl\":\"https:\/\/www.swissraft.ch\/wp-content\/uploads\/2023\/02\/1-1-Interlaken-Biplace-776x776-1.jpg\",\"datePublished\":\"2023-02-15T14:36:59+00:00\",\"dateModified\":\"2026-04-04T21:55:27+00:00\",\"description\":\"Gleitschirmpassagierflug in Interlaken aus ab Beatenberg. Sie haben die Wahl zwischen einem 10-min. oder 25-min. Flug. Sie landen im Zentrum von Interlaken\",\"breadcrumb\":{\"@id\":\"https:\/\/www.swissraft.ch\/de\/produkt\/gleitschirmpassagierflug-interlaken-berner-oberland\/#breadcrumb\"},\"inLanguage\":\"de\",\"potentialAction\":[{\"@type\":\"ReadAction\",\"target\":[\"https:\/\/www.swissraft.ch\/de\/produkt\/gleitschirmpassagierflug-interlaken-berner-oberland\/\"]}]},{\"@type\":\"ImageObject\",\"inLanguage\":\"de\",\"@id\":\"https:\/\/www.swissraft.ch\/de\/produkt\/gleitschirmpassagierflug-interlaken-berner-oberland\/#primaryimage\",\"url\":\"https:\/\/www.swissraft.ch\/wp-content\/uploads\/2023\/02\/1-1-Interlaken-Biplace-776x776-1.jpg\",\"contentUrl\":\"https:\/\/www.swissraft.ch\/wp-content\/uploads\/2023\/02\/1-1-Interlaken-Biplace-776x776-1.jpg\",\"width\":776,\"height\":776,\"caption\":\"Gleitschirmpassagierflug in Interlaken\"},{\"@type\":\"BreadcrumbList\",\"@id\":\"https:\/\/www.swissraft.ch\/de\/produkt\/gleitschirmpassagierflug-interlaken-berner-oberland\/#breadcrumb\",\"itemListElement\":[{\"@type\":\"ListItem\",\"position\":1,\"name\":\"Accueil\",\"item\":\"https:\/\/www.swissraft.ch\/de\/\"},{\"@type\":\"ListItem\",\"position\":2,\"name\":\"Shop\",\"item\":\"https:\/\/www.swissraft.ch\/de\/shop\/\"},{\"@type\":\"ListItem\",\"position\":3,\"name\":\"Gleitschirmpassagierflug in Interlaken &#8211; Berner oberland- Ab CHF 160.00\"}]},{\"@type\":\"WebSite\",\"@id\":\"https:\/\/www.swissraft.ch\/de\/#website\",\"url\":\"https:\/\/www.swissraft.ch\/de\/\",\"name\":\"Swissraft\",\"description\":\"To enjoy nature as it is\",\"publisher\":{\"@id\":\"https:\/\/www.swissraft.ch\/de\/#organization\"},\"potentialAction\":[{\"@type\":\"SearchAction\",\"target\":{\"@type\":\"EntryPoint\",\"urlTemplate\":\"https:\/\/www.swissraft.ch\/de\/?s={search_term_string}\"},\"query-input\":{\"@type\":\"PropertyValueSpecification\",\"valueRequired\":true,\"valueName\":\"search_term_string\"}}],\"inLanguage\":\"de\"},{\"@type\":\"Organization\",\"@id\":\"https:\/\/www.swissraft.ch\/de\/#organization\",\"name\":\"Swissraft\",\"url\":\"https:\/\/www.swissraft.ch\/de\/\",\"logo\":{\"@type\":\"ImageObject\",\"inLanguage\":\"de\",\"@id\":\"https:\/\/www.swissraft.ch\/de\/#\/schema\/logo\/image\/\",\"url\":\"https:\/\/www.swissraft.ch\/wp-content\/uploads\/2025\/09\/Capture.jpg\",\"contentUrl\":\"https:\/\/www.swissraft.ch\/wp-content\/uploads\/2025\/09\/Capture.jpg\",\"width\":293,\"height\":108,\"caption\":\"Swissraft\"},\"image\":{\"@id\":\"https:\/\/www.swissraft.ch\/de\/#\/schema\/logo\/image\/\"}}]}<\/script>\n<!-- \/ Yoast SEO plugin. -->","yoast_head_json":{"title":"Gleitschirmpassagierflug in Interlaken \u00fcber den Beatenberg","description":"Gleitschirmpassagierflug in Interlaken aus ab Beatenberg. Sie haben die Wahl zwischen einem 10-min. oder 25-min. Flug. Sie landen im Zentrum von Interlaken","robots":{"index":"index","follow":"follow","max-snippet":"max-snippet:-1","max-image-preview":"max-image-preview:large","max-video-preview":"max-video-preview:-1"},"canonical":"https:\/\/www.swissraft.ch\/de\/produkt\/gleitschirmpassagierflug-interlaken-berner-oberland\/","og_locale":"de_DE","og_type":"article","og_title":"Gleitschirmpassagierflug in Interlaken \u00fcber den Beatenberg","og_description":"Gleitschirmpassagierflug in Interlaken aus ab Beatenberg. Sie haben die Wahl zwischen einem 10-min. oder 25-min. Flug. Sie landen im Zentrum von Interlaken","og_url":"https:\/\/www.swissraft.ch\/de\/produkt\/gleitschirmpassagierflug-interlaken-berner-oberland\/","og_site_name":"Swissraft","article_modified_time":"2026-04-04T21:55:27+00:00","og_image":[{"width":776,"height":776,"url":"https:\/\/www.swissraft.ch\/wp-content\/uploads\/2023\/02\/1-1-Interlaken-Biplace-776x776-1.jpg","type":"image\/jpeg"}],"twitter_card":"summary_large_image","twitter_misc":{"Gesch\u00e4tzte Lesezeit":"1\u00a0Minute"},"schema":{"@context":"https:\/\/schema.org","@graph":[{"@type":"WebPage","@id":"https:\/\/www.swissraft.ch\/de\/produkt\/gleitschirmpassagierflug-interlaken-berner-oberland\/","url":"https:\/\/www.swissraft.ch\/de\/produkt\/gleitschirmpassagierflug-interlaken-berner-oberland\/","name":"Gleitschirmpassagierflug in Interlaken \u00fcber den Beatenberg","isPartOf":{"@id":"https:\/\/www.swissraft.ch\/de\/#website"},"primaryImageOfPage":{"@id":"https:\/\/www.swissraft.ch\/de\/produkt\/gleitschirmpassagierflug-interlaken-berner-oberland\/#primaryimage"},"image":{"@id":"https:\/\/www.swissraft.ch\/de\/produkt\/gleitschirmpassagierflug-interlaken-berner-oberland\/#primaryimage"},"thumbnailUrl":"https:\/\/www.swissraft.ch\/wp-content\/uploads\/2023\/02\/1-1-Interlaken-Biplace-776x776-1.jpg","datePublished":"2023-02-15T14:36:59+00:00","dateModified":"2026-04-04T21:55:27+00:00","description":"Gleitschirmpassagierflug in Interlaken aus ab Beatenberg. Sie haben die Wahl zwischen einem 10-min. oder 25-min. Flug. Sie landen im Zentrum von Interlaken","breadcrumb":{"@id":"https:\/\/www.swissraft.ch\/de\/produkt\/gleitschirmpassagierflug-interlaken-berner-oberland\/#breadcrumb"},"inLanguage":"de","potentialAction":[{"@type":"ReadAction","target":["https:\/\/www.swissraft.ch\/de\/produkt\/gleitschirmpassagierflug-interlaken-berner-oberland\/"]}]},{"@type":"ImageObject","inLanguage":"de","@id":"https:\/\/www.swissraft.ch\/de\/produkt\/gleitschirmpassagierflug-interlaken-berner-oberland\/#primaryimage","url":"https:\/\/www.swissraft.ch\/wp-content\/uploads\/2023\/02\/1-1-Interlaken-Biplace-776x776-1.jpg","contentUrl":"https:\/\/www.swissraft.ch\/wp-content\/uploads\/2023\/02\/1-1-Interlaken-Biplace-776x776-1.jpg","width":776,"height":776,"caption":"Gleitschirmpassagierflug in Interlaken"},{"@type":"BreadcrumbList","@id":"https:\/\/www.swissraft.ch\/de\/produkt\/gleitschirmpassagierflug-interlaken-berner-oberland\/#breadcrumb","itemListElement":[{"@type":"ListItem","position":1,"name":"Accueil","item":"https:\/\/www.swissraft.ch\/de\/"},{"@type":"ListItem","position":2,"name":"Shop","item":"https:\/\/www.swissraft.ch\/de\/shop\/"},{"@type":"ListItem","position":3,"name":"Gleitschirmpassagierflug in Interlaken &#8211; Berner oberland- Ab CHF 160.00"}]},{"@type":"WebSite","@id":"https:\/\/www.swissraft.ch\/de\/#website","url":"https:\/\/www.swissraft.ch\/de\/","name":"Swissraft","description":"To enjoy nature as it is","publisher":{"@id":"https:\/\/www.swissraft.ch\/de\/#organization"},"potentialAction":[{"@type":"SearchAction","target":{"@type":"EntryPoint","urlTemplate":"https:\/\/www.swissraft.ch\/de\/?s={search_term_string}"},"query-input":{"@type":"PropertyValueSpecification","valueRequired":true,"valueName":"search_term_string"}}],"inLanguage":"de"},{"@type":"Organization","@id":"https:\/\/www.swissraft.ch\/de\/#organization","name":"Swissraft","url":"https:\/\/www.swissraft.ch\/de\/","logo":{"@type":"ImageObject","inLanguage":"de","@id":"https:\/\/www.swissraft.ch\/de\/#\/schema\/logo\/image\/","url":"https:\/\/www.swissraft.ch\/wp-content\/uploads\/2025\/09\/Capture.jpg","contentUrl":"https:\/\/www.swissraft.ch\/wp-content\/uploads\/2025\/09\/Capture.jpg","width":293,"height":108,"caption":"Swissraft"},"image":{"@id":"https:\/\/www.swissraft.ch\/de\/#\/schema\/logo\/image\/"}}]}},"_links":{"self":[{"href":"https:\/\/www.swissraft.ch\/de\/wp-json\/wp\/v2\/product\/91613","targetHints":{"allow":["GET"]}}],"collection":[{"href":"https:\/\/www.swissraft.ch\/de\/wp-json\/wp\/v2\/product"}],"about":[{"href":"https:\/\/www.swissraft.ch\/de\/wp-json\/wp\/v2\/types\/product"}],"replies":[{"embeddable":true,"href":"https:\/\/www.swissraft.ch\/de\/wp-json\/wp\/v2\/comments?post=91613"}],"version-history":[{"count":18,"href":"https:\/\/www.swissraft.ch\/de\/wp-json\/wp\/v2\/product\/91613\/revisions"}],"predecessor-version":[{"id":137286,"href":"https:\/\/www.swissraft.ch\/de\/wp-json\/wp\/v2\/product\/91613\/revisions\/137286"}],"wp:featuredmedia":[{"embeddable":true,"href":"https:\/\/www.swissraft.ch\/de\/wp-json\/wp\/v2\/media\/89926"}],"wp:attachment":[{"href":"https:\/\/www.swissraft.ch\/de\/wp-json\/wp\/v2\/media?parent=91613"}],"wp:term":[{"taxonomy":"product_cat","embeddable":true,"href":"https:\/\/www.swissraft.ch\/de\/wp-json\/wp\/v2\/product_cat?post=91613"},{"taxonomy":"product_tag","embeddable":true,"href":"https:\/\/www.swissraft.ch\/de\/wp-json\/wp\/v2\/product_tag?post=91613"}],"curies":[{"name":"wp","href":"https:\/\/api.w.org\/{rel}","templated":true}]}}