{"id":91610,"date":"2023-02-14T23:34:37","date_gmt":"2023-02-14T22:34:37","guid":{"rendered":"https:\/\/swissraft.xyanzkdne.eu\/product\/ballonfahrt-im-kanton-st-gallen-flug-in-die-ostschweiz-ab-chf-270-00\/"},"modified":"2026-04-26T20:23:01","modified_gmt":"2026-04-26T18:23:01","slug":"ballonfahrt-heissluftballonfahrt-st-gallen-ostschweiz","status":"publish","type":"product","link":"https:\/\/www.swissraft.ch\/de\/produkt\/ballonfahrt-heissluftballonfahrt-st-gallen-ostschweiz\/","title":{"rendered":"Ballonfahrt oder Heissluftballonfahrt &#8211; St. Gallen &#8211; Ostschweiz &#8211; Ab CHF 270.00"},"content":{"rendered":"\t\t<div data-elementor-type=\"wp-post\" data-elementor-id=\"91610\" class=\"elementor elementor-91610 elementor-30782\">\n\t\t\t\t\t\t\t\t\t<section class=\"elementor-section elementor-top-section elementor-element elementor-element-3303a7e3 elementor-section-boxed elementor-section-height-default elementor-section-height-default\" data-id=\"3303a7e3\" data-element_type=\"section\">\n\t\t\t\t\t\t<div class=\"elementor-container elementor-column-gap-default\">\n\t\t\t\t\t<div class=\"elementor-column elementor-col-100 elementor-top-column elementor-element elementor-element-16d72dbf\" data-id=\"16d72dbf\" data-element_type=\"column\">\n\t\t\t<div class=\"elementor-widget-wrap elementor-element-populated\">\n\t\t\t\t\t\t\t\t<div class=\"elementor-element elementor-element-d743c03 elementor-widget elementor-widget-text-editor\" data-id=\"d743c03\" data-element_type=\"widget\" data-widget_type=\"text-editor.default\">\n\t\t\t\t<div class=\"elementor-widget-container\">\n\t\t\t\t\t\t\t<h2>W\u00c4HLEN SIE UNTEN IHRE AKTIVIT\u00c4T AUS, UM GESCHENKGUTSCHEINE \/ TICKETS ZU VERSCHENKEN ODER ZU BUCHEN<\/h2>\n<table border=\"0\" width=\"580\" cellspacing=\"10\" cellpadding=\"10\">\n<tbody>\n<tr>\n<td width=\"50%\"><strong>1) BALLONFAHRT &#8211; HEISSLUFTBALLONFAHRT &#8211; IN ST. GALLEN &#8211; ca. 1,5 bis 2 Std. <\/strong><\/td>\n<td><strong>CHF 420.00 pro Person<span class=\"productPrice\">\n<\/span><\/strong><\/td>\n<\/tr>\n<tr>\n<td>Zus\u00e4tzliche Informationen<\/td>\n<td>&#8211;<span class=\"plbl\"> Jugendpreis <\/span>: <span class=\"patt\">Kinder von 7 bis 12 j\u00e4hrig : <strong>CHF 270.00<\/strong>\/Kind\n<\/span>&#8211; <span class=\"patt\">Start am fr\u00fchen Morgen oder am sp\u00e4ten Nachmittag\n<\/span> &#8211; <span class=\"patt\">Sie werden mit anderen Passagieren zusammen sein<\/span><\/td>\n<\/tr>\n<tr>\n<td>Orte<\/td>\n<td>&#8211; Wil\n&#8211; Gossau\n&#8211; St. Gall\n&#8211; Rapperswil usw.<\/td>\n<\/tr>\n<tr>\n<td>Fahrtdauer<\/td>\n<td>ca. 1,5 bis 2 Std.<\/td>\n<\/tr>\n<tr>\n<td>Gesamtdauer<\/td>\n<td>ca. 4 Std.<\/td>\n<\/tr>\n<tr>\n<td>Termin<\/td>\n<td>Per Telefon<\/td>\n<\/tr>\n<tr>\n<td><button class=\"elementor-button\" type=\"button\"><a href=\"https:\/\/swissraft.outdoorbooking.ch\/fo\/products\/110?base_id=54&amp;category_id=7&amp;order_type=gift_voucher&amp;lang=de\" target=\"_blank\" rel=\"noopener\">GUTSCHEIN \/ TICKET KAUFEN<\/a><\/button><\/td>\n<td><strong>CHF 420.00 &#8211; 1 Pers.<\/strong><\/td>\n<\/tr>\n<tr>\n<td><button class=\"elementor-button\" type=\"button\"><a href=\"https:\/\/swissraft.outdoorbooking.ch\/fo\/products\/111?base_id=54&amp;category_id=7&amp;order_type=gift_voucher&amp;lang=de\" target=\"_blank\" rel=\"noopener\">GUTSCHEIN \/ TICKET KAUFEN<\/a><\/button><\/td>\n<td><strong>CHF 800.00 &#8211; 2 Pers.<\/strong><\/td>\n<\/tr>\n<tr>\n<td><button class=\"elementor-button\" type=\"button\"><a href=\"https:\/\/swissraft.outdoorbooking.ch\/fo\/products\/354?base_id=54&amp;category_id=7&amp;order_type=gift_voucher&amp;lang=de\" target=\"_blank\" rel=\"noopener\">GUTSCHEIN \/ TICKET KAUFEN<\/a><\/button><\/td>\n<td><strong>CHF 1&#8217;200.00 &#8211; 3 Pers.<\/strong><\/td>\n<\/tr>\n<tr>\n<td><button class=\"elementor-button\" type=\"button\"><a href=\"https:\/\/swissraft.outdoorbooking.ch\/fo\/products\/355?base_id=54&amp;category_id=7&amp;order_type=gift_voucher&amp;lang=de\" target=\"_blank\" rel=\"noopener\">GUTSCHEIN \/ TICKET KAUFEN<\/a><\/button><\/td>\n<td><strong>CHF 1&#8217;600.00 &#8211; 4 Pers.<\/strong><\/td>\n<\/tr>\n<tr>\n<td><button class=\"elementor-button\" type=\"button\"><a href=\"https:\/\/swissraft.outdoorbooking.ch\/fo\/products\/356?base_id=54&amp;category_id=7&amp;order_type=gift_voucher&amp;lang=de\" target=\"_blank\" rel=\"noopener\">GUTSCHEIN \/ TICKET KAUFEN<\/a><\/button><\/td>\n<td><strong>CHF 1&#8217;900.00 &#8211; 5 Pers.<\/strong><\/td>\n<\/tr>\n<tr>\n<td><\/td>\n<td><strong><em>WICHTIG !<\/em><\/strong>\n<em>Um zu reservieren, rufen Sie die Nummer an, die sich oben links auf dem Gutschein \/ Ticket befindet.<\/em><\/td>\n<\/tr>\n<\/tbody>\n<\/table>\n<table border=\"0\" width=\"580\" cellspacing=\"10\" cellpadding=\"10\">\n<tbody>\n<tr>\n<td width=\"50%\"><strong>2) BALLONFAHRT &#8211; HEISSLUFTBALLONFAHRT &#8211; IN ST. GALLEN &#8211; PRIVATFAHRT &#8211; ca. 1,5 bis 2 Std. <\/strong><\/td>\n<td><strong>CHF 1&#8217;700.00 f\u00fcr 2 Pers. &#8211; Privatfahrt <span class=\"productPrice\">\n<\/span><\/strong><\/td>\n<\/tr>\n<tr>\n<td>Zus\u00e4tzliche Informationen<\/td>\n<td>&#8211; <span class=\"patt\"> Start am fr\u00fchen Morgen oder am sp\u00e4ten Nachmittag\n<\/span>&#8211; Privatballon\n&#8211; Ab 11 Pers. : <span class=\"patt\" style=\"font-family: inherit; font-size: inherit;\"><span class=\"plbl\"><span class=\"patt\"><a href=\"https:\/\/www.swissraft.ch\/de\/kontakt\/\">Kontaktieren Sie uns<\/a><\/span><\/span><\/span><\/td>\n<\/tr>\n<tr>\n<td><\/td>\n<td>&#8211; Wil\n&#8211; Gossau\n&#8211; St. Gall\n&#8211; Rapperswil usw.<\/td>\n<\/tr>\n<tr>\n<td>Fahrtdauer<\/td>\n<td>ca. 1,5 bis 2 Std.<\/td>\n<\/tr>\n<tr>\n<td>Gesamtdauer<\/td>\n<td>ca. 4 Std.<\/td>\n<\/tr>\n<tr>\n<td>Termin<\/td>\n<td>Per Telefon<\/td>\n<\/tr>\n<tr>\n<td><button class=\"elementor-button\" type=\"button\"><a href=\"https:\/\/swissraft.outdoorbooking.ch\/fo\/products\/365?base_id=54&amp;category_id=7&amp;order_type=gift_voucher&amp;lang=de\" target=\"_blank\" rel=\"noopener\">GUTSCHEIN \/ TICKET KAUFEN<\/a><\/button><\/td>\n<td><strong>CHF 1&#8217;700.00 &#8211; Privatfahrt (2 Pers.)<\/strong><\/td>\n<\/tr>\n<tr>\n<td><button class=\"elementor-button\" type=\"button\"><a href=\"https:\/\/swissraft.outdoorbooking.ch\/fo\/products\/520?base_id=54&amp;category_id=7&amp;order_type=gift_voucher&amp;lang=de\" target=\"_blank\" rel=\"noopener\">GUTSCHEIN\/ TICKET KAUFEN<\/a><\/button><\/td>\n<td><strong>CHF 2&#8217;000.00 &#8211; Privatfahrt (3-4 Pers.)<\/strong><\/td>\n<\/tr>\n<tr>\n<td><button class=\"elementor-button\" type=\"button\"><a href=\"https:\/\/swissraft.outdoorbooking.ch\/fo\/products\/753?base_id=54&amp;category_id=7&amp;order_type=gift_voucher&amp;lang=de\" target=\"_blank\" rel=\"noopener\">GUTSCHEIN \/ TICKET KAUFEN<\/a><\/button><\/td>\n<td><strong>CHF 2&#8217;400.00 &#8211; Privatfahrt (5-6 Pers.)<\/strong><\/td>\n<\/tr>\n<tr>\n<td><button class=\"elementor-button\" type=\"button\"><a href=\"https:\/\/swissraft.outdoorbooking.ch\/fo\/products\/1238?base_id=54&amp;category_id=7&amp;order_type=gift_voucher&amp;lang=de\" target=\"_blank\" rel=\"noopener\">GUTSCHEIN \/ TICKET KAUFEN<\/a><\/button><\/td>\n<td><strong>CHF 2&#8217;900.00 &#8211; Privatfahrt (7-8 Pers.)<\/strong><\/td>\n<\/tr>\n<tr>\n<td><button class=\"elementor-button\" type=\"button\"><a href=\"https:\/\/swissraft.outdoorbooking.ch\/fo\/products\/1239?base_id=54&amp;category_id=7&amp;order_type=gift_voucher&amp;lang=de\" target=\"_blank\" rel=\"noopener\">GUTSCHEIN \/ TICKET KAUFEN<\/a><\/button><\/td>\n<td><strong>CHF 3&#8217;400.00 &#8211; Privatfahrt (9-10 Pers.)<\/strong><\/td>\n<\/tr>\n<tr>\n<td><button class=\"elementor-button\" type=\"button\"><a href=\"https:\/\/swissraft.outdoorbooking.ch\/fo\/products\/1240?base_id=54&amp;category_id=7&amp;order_type=gift_voucher&amp;lang=de\" target=\"_blank\" rel=\"noopener\">GUTSCHEIN \/ TICKET KAUFEN<\/a><\/button><\/td>\n<td><strong>CHF 3&#8217;700.00 &#8211; Privatfahrt (11 Pers.)<\/strong><\/td>\n<\/tr>\n<tr>\n<td><\/td>\n<td><strong><em>WICHTIG !<\/em><\/strong>\n<em>Um zu reservieren, rufen Sie die Nummer an, die sich oben links auf dem Gutschein \/ Ticket befindet.<\/em><\/td>\n<\/tr>\n<\/tbody>\n<\/table>\t\t\t\t\t\t<\/div>\n\t\t\t\t<\/div>\n\t\t\t\t\t<\/div>\n\t\t<\/div>\n\t\t\t\t\t\t\t<\/div>\n\t\t<\/section>\n\t\t\t\t\t\t\t<\/div>\n\t\t","protected":false},"excerpt":{"rendered":"<div align=\"justify\">\n<h2 align=\"justify\">Machen Sie eine zweist\u00fcndige Ballonfahrt \u00fcber die Ostschweiz.<\/h2>\n<h3>Wenn Sie in der N\u00e4he von St. Gallen starten, haben Sie im Norden einen Blick auf den Bodensee. Im Osten in der Ferne auf die \u00f6sterreichischen Alpen und im S\u00fcden auf Appenzell und Liechtenstein.<\/h3>\n<\/div>\n<div align=\"justify\">\n<p>Sie helfen beim Entladen der Gondel und des Umschlags vom Anh\u00e4nger. Dann breiten Sie die Ballonh\u00fclle, die \u00fcber 5000 m3 gro\u00df ist, auf dem Boden aus. Ein Mitarbeiter startet den leistungsstarken Ventilator, um kalte Luft in die Ballonh\u00fclle zu blasen. Der Pilot sitzt an den Brennern. Die H\u00fclle steht nun \u00fcber Ihrem Kopf. Die Passagiere steigen nacheinander in den Korb ein. Der Pilot bet\u00e4tigt die Brenner l\u00e4nger und der Ballon verl\u00e4sst den Nebel und die K\u00fchle des Morgens. Sie sp\u00fcren bereits die W\u00e4rme der ersten Sonnenstrahlen. Die Ger\u00e4usche der Landschaft oder einer erwachenden Stadt dringen kaum zu Ihnen durch. Das Zischen der Pilotflammen der Brenner begleitet uns diskret als Hintergrundger\u00e4usch. Der Pilot aktiviert regelm\u00e4\u00dfig die Brenner, die einzigen St\u00f6rfaktoren in dieser ruhigen und ungew\u00f6hnlichen Reise. Denken Sie daran, einen Fotoapparat mitzunehmen, damit Sie Ihr Ballonabenteuer mit Ihren Freunden teilen und in Bildern festhalten k\u00f6nnen.<\/p>\n<h3>Auf unserer Website haben Sie eine Auswahl von etwa 25 Ballonfahrten und mehr, die \u00fcber die ganze Schweiz verteilt sind.<\/h3>\n<p id=\"textarea\" style=\"display: none;\">\nWir f\u00fchren auch Ballonfahrten im Thurgau durch. Aber auch ab Ch\u00e2teau d&#8217;Oex im Kanton Waadt und im Berner Oberland. Dar\u00fcber hinaus f\u00fchren wir Ballonfahrten in der Region Basel-Landschaft sowie im Aargau und in der Umgebung von Z\u00fcrich durch. Au\u00dferdem starten wir mit dem Hei\u00dfluftballon aus dem Drei-Seeland Gebiet, in Murten und Kerzers. Zum einen starten wir im Greyerzerland im Kanton Freiburg. Au\u00dferdem bieten wir Ballonfahrten in den Freibergen an. Wir fahren \u00fcbrigens in den Kantonen Neuenburg, Luzern und Zug mit dem Ballon. Au\u00dferdem starten wir mit dem Ballon im Kanton Solothurn. Aber wir bieten auch Ballonfahrten vom Tessin nach Lombardi an.\n<\/p>\n<p><a id=\"seeMore\" onclick=\"toggleSeeMore()\" href=\"javascript:void(0);\">Lesen Sie mehr<\/a><\/p>\n","protected":false},"featured_media":88819,"comment_status":"open","ping_status":"closed","template":"","meta":{"inline_featured_image":false,"_mi_skip_tracking":false},"product_cat":[345],"product_tag":[],"class_list":["post-91610","product","type-product","status-publish","has-post-thumbnail","hentry","product_cat-ballonfahrt"],"yoast_head":"<!-- This site is optimized with the Yoast SEO plugin v23.6 - https:\/\/yoast.com\/wordpress\/plugins\/seo\/ -->\n<title>Ballonfahrt Heissluftballonfahrt St. Gallen und Umgebung<\/title>\n<meta name=\"description\" content=\"Ballonfahrt Heissluftballonfahrt in St. Gallen f\u00fcr einen Flug von ca. 2 Stunden. Atemberaubende Aussicht auf den Bodensee und die \u00f6sterreichischen Alpen\" \/>\n<meta name=\"robots\" content=\"index, follow, max-snippet:-1, max-image-preview:large, max-video-preview:-1\" \/>\n<link rel=\"canonical\" href=\"https:\/\/www.swissraft.ch\/de\/produkt\/ballonfahrt-heissluftballonfahrt-st-gallen-ostschweiz\/\" \/>\n<meta property=\"og:locale\" content=\"de_DE\" \/>\n<meta property=\"og:type\" content=\"article\" \/>\n<meta property=\"og:title\" content=\"Ballonfahrt Heissluftballonfahrt St. Gallen und Umgebung\" \/>\n<meta property=\"og:description\" content=\"Ballonfahrt Heissluftballonfahrt in St. Gallen f\u00fcr einen Flug von ca. 2 Stunden. Atemberaubende Aussicht auf den Bodensee und die \u00f6sterreichischen Alpen\" \/>\n<meta property=\"og:url\" content=\"https:\/\/www.swissraft.ch\/de\/produkt\/ballonfahrt-heissluftballonfahrt-st-gallen-ostschweiz\/\" \/>\n<meta property=\"og:site_name\" content=\"Swissraft\" \/>\n<meta property=\"article:modified_time\" content=\"2026-04-26T18:23:01+00:00\" \/>\n<meta property=\"og:image\" content=\"https:\/\/www.swissraft.ch\/wp-content\/uploads\/2023\/02\/1-St.-gallen-776x776-2.jpg\" \/>\n\t<meta property=\"og:image:width\" content=\"776\" \/>\n\t<meta property=\"og:image:height\" content=\"776\" \/>\n\t<meta property=\"og:image:type\" content=\"image\/jpeg\" \/>\n<meta name=\"twitter:card\" content=\"summary_large_image\" \/>\n<meta name=\"twitter:label1\" content=\"Gesch\u00e4tzte Lesezeit\" \/>\n\t<meta name=\"twitter:data1\" content=\"2\u00a0Minuten\" \/>\n<script type=\"application\/ld+json\" class=\"yoast-schema-graph\">{\"@context\":\"https:\/\/schema.org\",\"@graph\":[{\"@type\":\"WebPage\",\"@id\":\"https:\/\/www.swissraft.ch\/de\/produkt\/ballonfahrt-heissluftballonfahrt-st-gallen-ostschweiz\/\",\"url\":\"https:\/\/www.swissraft.ch\/de\/produkt\/ballonfahrt-heissluftballonfahrt-st-gallen-ostschweiz\/\",\"name\":\"Ballonfahrt Heissluftballonfahrt St. Gallen und Umgebung\",\"isPartOf\":{\"@id\":\"https:\/\/www.swissraft.ch\/de\/#website\"},\"primaryImageOfPage\":{\"@id\":\"https:\/\/www.swissraft.ch\/de\/produkt\/ballonfahrt-heissluftballonfahrt-st-gallen-ostschweiz\/#primaryimage\"},\"image\":{\"@id\":\"https:\/\/www.swissraft.ch\/de\/produkt\/ballonfahrt-heissluftballonfahrt-st-gallen-ostschweiz\/#primaryimage\"},\"thumbnailUrl\":\"https:\/\/www.swissraft.ch\/wp-content\/uploads\/2023\/02\/1-St.-gallen-776x776-2.jpg\",\"datePublished\":\"2023-02-14T22:34:37+00:00\",\"dateModified\":\"2026-04-26T18:23:01+00:00\",\"description\":\"Ballonfahrt Heissluftballonfahrt in St. Gallen f\u00fcr einen Flug von ca. 2 Stunden. Atemberaubende Aussicht auf den Bodensee und die \u00f6sterreichischen Alpen\",\"breadcrumb\":{\"@id\":\"https:\/\/www.swissraft.ch\/de\/produkt\/ballonfahrt-heissluftballonfahrt-st-gallen-ostschweiz\/#breadcrumb\"},\"inLanguage\":\"de\",\"potentialAction\":[{\"@type\":\"ReadAction\",\"target\":[\"https:\/\/www.swissraft.ch\/de\/produkt\/ballonfahrt-heissluftballonfahrt-st-gallen-ostschweiz\/\"]}]},{\"@type\":\"ImageObject\",\"inLanguage\":\"de\",\"@id\":\"https:\/\/www.swissraft.ch\/de\/produkt\/ballonfahrt-heissluftballonfahrt-st-gallen-ostschweiz\/#primaryimage\",\"url\":\"https:\/\/www.swissraft.ch\/wp-content\/uploads\/2023\/02\/1-St.-gallen-776x776-2.jpg\",\"contentUrl\":\"https:\/\/www.swissraft.ch\/wp-content\/uploads\/2023\/02\/1-St.-gallen-776x776-2.jpg\",\"width\":776,\"height\":776,\"caption\":\"Ballonfahrt ab St. Gallen\"},{\"@type\":\"BreadcrumbList\",\"@id\":\"https:\/\/www.swissraft.ch\/de\/produkt\/ballonfahrt-heissluftballonfahrt-st-gallen-ostschweiz\/#breadcrumb\",\"itemListElement\":[{\"@type\":\"ListItem\",\"position\":1,\"name\":\"Accueil\",\"item\":\"https:\/\/www.swissraft.ch\/de\/\"},{\"@type\":\"ListItem\",\"position\":2,\"name\":\"Shop\",\"item\":\"https:\/\/www.swissraft.ch\/de\/shop\/\"},{\"@type\":\"ListItem\",\"position\":3,\"name\":\"Ballonfahrt oder Heissluftballonfahrt &#8211; St. Gallen &#8211; Ostschweiz &#8211; Ab CHF 270.00\"}]},{\"@type\":\"WebSite\",\"@id\":\"https:\/\/www.swissraft.ch\/de\/#website\",\"url\":\"https:\/\/www.swissraft.ch\/de\/\",\"name\":\"Swissraft\",\"description\":\"To enjoy nature as it is\",\"publisher\":{\"@id\":\"https:\/\/www.swissraft.ch\/de\/#organization\"},\"potentialAction\":[{\"@type\":\"SearchAction\",\"target\":{\"@type\":\"EntryPoint\",\"urlTemplate\":\"https:\/\/www.swissraft.ch\/de\/?s={search_term_string}\"},\"query-input\":{\"@type\":\"PropertyValueSpecification\",\"valueRequired\":true,\"valueName\":\"search_term_string\"}}],\"inLanguage\":\"de\"},{\"@type\":\"Organization\",\"@id\":\"https:\/\/www.swissraft.ch\/de\/#organization\",\"name\":\"Swissraft\",\"url\":\"https:\/\/www.swissraft.ch\/de\/\",\"logo\":{\"@type\":\"ImageObject\",\"inLanguage\":\"de\",\"@id\":\"https:\/\/www.swissraft.ch\/de\/#\/schema\/logo\/image\/\",\"url\":\"https:\/\/www.swissraft.ch\/wp-content\/uploads\/2025\/09\/Capture.jpg\",\"contentUrl\":\"https:\/\/www.swissraft.ch\/wp-content\/uploads\/2025\/09\/Capture.jpg\",\"width\":293,\"height\":108,\"caption\":\"Swissraft\"},\"image\":{\"@id\":\"https:\/\/www.swissraft.ch\/de\/#\/schema\/logo\/image\/\"}}]}<\/script>\n<!-- \/ Yoast SEO plugin. -->","yoast_head_json":{"title":"Ballonfahrt Heissluftballonfahrt St. Gallen und Umgebung","description":"Ballonfahrt Heissluftballonfahrt in St. Gallen f\u00fcr einen Flug von ca. 2 Stunden. Atemberaubende Aussicht auf den Bodensee und die \u00f6sterreichischen Alpen","robots":{"index":"index","follow":"follow","max-snippet":"max-snippet:-1","max-image-preview":"max-image-preview:large","max-video-preview":"max-video-preview:-1"},"canonical":"https:\/\/www.swissraft.ch\/de\/produkt\/ballonfahrt-heissluftballonfahrt-st-gallen-ostschweiz\/","og_locale":"de_DE","og_type":"article","og_title":"Ballonfahrt Heissluftballonfahrt St. Gallen und Umgebung","og_description":"Ballonfahrt Heissluftballonfahrt in St. Gallen f\u00fcr einen Flug von ca. 2 Stunden. Atemberaubende Aussicht auf den Bodensee und die \u00f6sterreichischen Alpen","og_url":"https:\/\/www.swissraft.ch\/de\/produkt\/ballonfahrt-heissluftballonfahrt-st-gallen-ostschweiz\/","og_site_name":"Swissraft","article_modified_time":"2026-04-26T18:23:01+00:00","og_image":[{"width":776,"height":776,"url":"https:\/\/www.swissraft.ch\/wp-content\/uploads\/2023\/02\/1-St.-gallen-776x776-2.jpg","type":"image\/jpeg"}],"twitter_card":"summary_large_image","twitter_misc":{"Gesch\u00e4tzte Lesezeit":"2\u00a0Minuten"},"schema":{"@context":"https:\/\/schema.org","@graph":[{"@type":"WebPage","@id":"https:\/\/www.swissraft.ch\/de\/produkt\/ballonfahrt-heissluftballonfahrt-st-gallen-ostschweiz\/","url":"https:\/\/www.swissraft.ch\/de\/produkt\/ballonfahrt-heissluftballonfahrt-st-gallen-ostschweiz\/","name":"Ballonfahrt Heissluftballonfahrt St. Gallen und Umgebung","isPartOf":{"@id":"https:\/\/www.swissraft.ch\/de\/#website"},"primaryImageOfPage":{"@id":"https:\/\/www.swissraft.ch\/de\/produkt\/ballonfahrt-heissluftballonfahrt-st-gallen-ostschweiz\/#primaryimage"},"image":{"@id":"https:\/\/www.swissraft.ch\/de\/produkt\/ballonfahrt-heissluftballonfahrt-st-gallen-ostschweiz\/#primaryimage"},"thumbnailUrl":"https:\/\/www.swissraft.ch\/wp-content\/uploads\/2023\/02\/1-St.-gallen-776x776-2.jpg","datePublished":"2023-02-14T22:34:37+00:00","dateModified":"2026-04-26T18:23:01+00:00","description":"Ballonfahrt Heissluftballonfahrt in St. Gallen f\u00fcr einen Flug von ca. 2 Stunden. Atemberaubende Aussicht auf den Bodensee und die \u00f6sterreichischen Alpen","breadcrumb":{"@id":"https:\/\/www.swissraft.ch\/de\/produkt\/ballonfahrt-heissluftballonfahrt-st-gallen-ostschweiz\/#breadcrumb"},"inLanguage":"de","potentialAction":[{"@type":"ReadAction","target":["https:\/\/www.swissraft.ch\/de\/produkt\/ballonfahrt-heissluftballonfahrt-st-gallen-ostschweiz\/"]}]},{"@type":"ImageObject","inLanguage":"de","@id":"https:\/\/www.swissraft.ch\/de\/produkt\/ballonfahrt-heissluftballonfahrt-st-gallen-ostschweiz\/#primaryimage","url":"https:\/\/www.swissraft.ch\/wp-content\/uploads\/2023\/02\/1-St.-gallen-776x776-2.jpg","contentUrl":"https:\/\/www.swissraft.ch\/wp-content\/uploads\/2023\/02\/1-St.-gallen-776x776-2.jpg","width":776,"height":776,"caption":"Ballonfahrt ab St. Gallen"},{"@type":"BreadcrumbList","@id":"https:\/\/www.swissraft.ch\/de\/produkt\/ballonfahrt-heissluftballonfahrt-st-gallen-ostschweiz\/#breadcrumb","itemListElement":[{"@type":"ListItem","position":1,"name":"Accueil","item":"https:\/\/www.swissraft.ch\/de\/"},{"@type":"ListItem","position":2,"name":"Shop","item":"https:\/\/www.swissraft.ch\/de\/shop\/"},{"@type":"ListItem","position":3,"name":"Ballonfahrt oder Heissluftballonfahrt &#8211; St. Gallen &#8211; Ostschweiz &#8211; Ab CHF 270.00"}]},{"@type":"WebSite","@id":"https:\/\/www.swissraft.ch\/de\/#website","url":"https:\/\/www.swissraft.ch\/de\/","name":"Swissraft","description":"To enjoy nature as it is","publisher":{"@id":"https:\/\/www.swissraft.ch\/de\/#organization"},"potentialAction":[{"@type":"SearchAction","target":{"@type":"EntryPoint","urlTemplate":"https:\/\/www.swissraft.ch\/de\/?s={search_term_string}"},"query-input":{"@type":"PropertyValueSpecification","valueRequired":true,"valueName":"search_term_string"}}],"inLanguage":"de"},{"@type":"Organization","@id":"https:\/\/www.swissraft.ch\/de\/#organization","name":"Swissraft","url":"https:\/\/www.swissraft.ch\/de\/","logo":{"@type":"ImageObject","inLanguage":"de","@id":"https:\/\/www.swissraft.ch\/de\/#\/schema\/logo\/image\/","url":"https:\/\/www.swissraft.ch\/wp-content\/uploads\/2025\/09\/Capture.jpg","contentUrl":"https:\/\/www.swissraft.ch\/wp-content\/uploads\/2025\/09\/Capture.jpg","width":293,"height":108,"caption":"Swissraft"},"image":{"@id":"https:\/\/www.swissraft.ch\/de\/#\/schema\/logo\/image\/"}}]}},"_links":{"self":[{"href":"https:\/\/www.swissraft.ch\/de\/wp-json\/wp\/v2\/product\/91610","targetHints":{"allow":["GET"]}}],"collection":[{"href":"https:\/\/www.swissraft.ch\/de\/wp-json\/wp\/v2\/product"}],"about":[{"href":"https:\/\/www.swissraft.ch\/de\/wp-json\/wp\/v2\/types\/product"}],"replies":[{"embeddable":true,"href":"https:\/\/www.swissraft.ch\/de\/wp-json\/wp\/v2\/comments?post=91610"}],"version-history":[{"count":40,"href":"https:\/\/www.swissraft.ch\/de\/wp-json\/wp\/v2\/product\/91610\/revisions"}],"predecessor-version":[{"id":142234,"href":"https:\/\/www.swissraft.ch\/de\/wp-json\/wp\/v2\/product\/91610\/revisions\/142234"}],"wp:featuredmedia":[{"embeddable":true,"href":"https:\/\/www.swissraft.ch\/de\/wp-json\/wp\/v2\/media\/88819"}],"wp:attachment":[{"href":"https:\/\/www.swissraft.ch\/de\/wp-json\/wp\/v2\/media?parent=91610"}],"wp:term":[{"taxonomy":"product_cat","embeddable":true,"href":"https:\/\/www.swissraft.ch\/de\/wp-json\/wp\/v2\/product_cat?post=91610"},{"taxonomy":"product_tag","embeddable":true,"href":"https:\/\/www.swissraft.ch\/de\/wp-json\/wp\/v2\/product_tag?post=91610"}],"curies":[{"name":"wp","href":"https:\/\/api.w.org\/{rel}","templated":true}]}}