{"id":91609,"date":"2023-02-15T15:18:25","date_gmt":"2023-02-15T14:18:25","guid":{"rendered":"https:\/\/swissraft.xyanzkdne.eu\/product\/ballonfahrt-im-kanton-zuerich-ueber-den-zuericher-see-ab-chf-270-00\/"},"modified":"2026-04-26T20:20:10","modified_gmt":"2026-04-26T18:20:10","slug":"ballonfahrt-heissluftballonfahrt-in-zuerich","status":"publish","type":"product","link":"https:\/\/www.swissraft.ch\/de\/produkt\/ballonfahrt-heissluftballonfahrt-in-zuerich\/","title":{"rendered":"Ballonfahrt oder Heissluftballonfahrt &#8211; Z\u00fcrich &#8211; Ab CHF 270.00"},"content":{"rendered":"\t\t<div data-elementor-type=\"wp-post\" data-elementor-id=\"91609\" class=\"elementor elementor-91609 elementor-30823\">\n\t\t\t\t\t\t\t\t\t<section class=\"elementor-section elementor-top-section elementor-element elementor-element-3303a7e3 elementor-section-boxed elementor-section-height-default elementor-section-height-default\" data-id=\"3303a7e3\" data-element_type=\"section\">\n\t\t\t\t\t\t<div class=\"elementor-container elementor-column-gap-default\">\n\t\t\t\t\t<div class=\"elementor-column elementor-col-100 elementor-top-column elementor-element elementor-element-16d72dbf\" data-id=\"16d72dbf\" data-element_type=\"column\">\n\t\t\t<div class=\"elementor-widget-wrap elementor-element-populated\">\n\t\t\t\t\t\t\t\t<div class=\"elementor-element elementor-element-d743c03 elementor-widget elementor-widget-text-editor\" data-id=\"d743c03\" data-element_type=\"widget\" data-widget_type=\"text-editor.default\">\n\t\t\t\t<div class=\"elementor-widget-container\">\n\t\t\t\t\t\t\t<h2>W\u00c4HLEN SIE UNTEN IHRE AKTIVIT\u00c4T AUS, UM GESCHENKGUTSCHEINE \/ TICKETS ZU VERSCHENKEN ODER ZU BUCHEN<\/h2><table border=\"0\" width=\"580\" cellspacing=\"10\" cellpadding=\"10\"><tbody><tr><td width=\"50%\"><strong>1) BALLONFAHRT &#8211; HEISSLUFTBALLONFAHRT &#8211; Z\u00dcRICH &#8211; ca. 1,5 bis 2 Std.<\/strong><\/td><td><strong>CHF 420.00 pro Person<span class=\"productPrice\"><br \/><\/span><\/strong><\/td><\/tr><tr><td>Zus\u00e4tzliche Informationen<\/td><td>&#8211;<span class=\"plbl\"> Jugendpreis <\/span>: <span class=\"patt\">Kinder von 7 bis 12 j\u00e4hrig : <strong>CHF 270.00<\/strong>\/Kind<br \/><\/span> &#8211; <span class=\"patt\">Start am fr\u00fchen Morgen oder am sp\u00e4ten Nachmittag<br \/>&#8211; Sie werden mit anderen Passagieren zusammen sein<\/span><\/td><\/tr><tr><td>Orte<\/td><td>&#8211; Uster, Horgen<br \/>&#8211; R\u00fcti, W\u00e4denswil<br \/>&#8211; Winterthur<br \/>&#8211; Rapperswil\/D\u00fcrnten usw.<\/td><\/tr><tr><td>Fahrtdauer<\/td><td>ca. 1,5 bis 2 Std.<\/td><\/tr><tr><td>Gesamtdauer<\/td><td>ca. 4 Std.<\/td><\/tr><tr><td>Termin<\/td><td>Per Telefon<\/td><\/tr><tr><td><button class=\"elementor-button\" type=\"button\"><a href=\"https:\/\/swissraft.outdoorbooking.ch\/fo\/products\/114?base_id=49&amp;category_id=7&amp;order_type=gift_voucher&amp;lang=de\" target=\"_blank\" rel=\"noopener\">GUTSCHEIN \/ TICKET KAUFEN<\/a><\/button><\/td><td><strong>CHF 420.00 &#8211; 1 Pers.<\/strong><\/td><\/tr><tr><td><button class=\"elementor-button\" type=\"button\"><a href=\"https:\/\/swissraft.outdoorbooking.ch\/fo\/products\/423?base_id=49&amp;category_id=7&amp;order_type=gift_voucher&amp;lang=de\" target=\"_blank\" rel=\"noopener\">GUTSCHEIN \/ TICKET KAUFEN<\/a><\/button><\/td><td><strong>CHF 800.00 &#8211; 2 Pers.<\/strong><\/td><\/tr><tr><td><button class=\"elementor-button\" type=\"button\"><a href=\"https:\/\/swissraft.outdoorbooking.ch\/fo\/products\/434?base_id=49&amp;category_id=7&amp;order_type=gift_voucher&amp;lang=de\" target=\"_blank\" rel=\"noopener\">GUTSCHEIN \/ TICKET KAUFEN<\/a><\/button><\/td><td><strong>CHF 1&#8217;200.00 &#8211; 3 Pers.<\/strong><\/td><\/tr><tr><td><button class=\"elementor-button\" type=\"button\"><a href=\"https:\/\/swissraft.outdoorbooking.ch\/fo\/products\/489?base_id=49&amp;category_id=7&amp;order_type=gift_voucher&amp;lang=de\" target=\"_blank\" rel=\"noopener\">GUTSCHEIN \/ TICKET KAUFEN<\/a><\/button><\/td><td><strong>CHF 1&#8217;600.00 &#8211; 4 Pers.<\/strong><\/td><\/tr><tr><td><a href=\"https:\/\/swissraft.outdoorbooking.ch\/fo\/products\/491?base_id=49&amp;category_id=7&amp;order_type=gift_voucher&amp;lang=de\" target=\"_blank\" rel=\"noopener\"><button class=\"elementor-button\" type=\"button\">GUTSCHEIN \/ TICKET KAUFEN<\/button><\/a><\/td><td><strong>CHF 1&#8217;900.00 &#8211; 5 Pers.<\/strong><\/td><\/tr><tr><td>\u00a0<\/td><td><strong><em>WICHTIG !<\/em><\/strong><br \/><em>Um zu reservieren, rufen Sie die Nummer an, die sich oben links auf dem Gutschein \/ Ticket befindet.<\/em><\/td><\/tr><\/tbody><\/table><table border=\"0\" width=\"580\" cellspacing=\"10\" cellpadding=\"10\"><tbody><tr><td width=\"50%\"><strong>2) BALLONFAHRT &#8211; HEISSLUFTBALLONFAHRT &#8211; Z\u00dcRICH &#8211; Privatfahrt &#8211; ca. 1,5 bis 2 Std. <\/strong><\/td><td><strong>CHF 1&#8217;700.00 f\u00fcr 2 Pers. &#8211; Privatfahrt <span class=\"productPrice\"><br \/><\/span><\/strong><\/td><\/tr><tr><td>Zus\u00e4tzliche Informationen<\/td><td>&#8211; <span class=\"patt\"> Start am fr\u00fchen Morgen oder am sp\u00e4ten Nachmittag<br \/><\/span>&#8211; Privatballon<br \/>&#8211; Ab 11 Pers. : <span class=\"patt\" style=\"font-family: inherit; font-size: inherit;\"><span class=\"plbl\"><span class=\"patt\"><a href=\"https:\/\/www.swissraft.ch\/de\/kontakt\/\">Kontaktieren Sie uns<\/a><\/span><\/span><\/span><\/td><\/tr><tr><td>Orte<\/td><td>&#8211; Uster, Horgen<br \/>&#8211; R\u00fcti, W\u00e4denswil<br \/>&#8211; Winterthur<br \/>&#8211; Rapperswil\/D\u00fcrnten etc.<\/td><\/tr><tr><td>Fahrtdauer<\/td><td>ca. 1,5 bis 2 Std.<\/td><\/tr><tr><td>Gesamtdauer<\/td><td>ca. 4 Std.<\/td><\/tr><tr><td>Termin<\/td><td>Per Telefon<\/td><\/tr><tr><td><a href=\"https:\/\/swissraft.outdoorbooking.ch\/fo\/products\/492?base_id=49&amp;category_id=7&amp;order_type=gift_voucher&amp;lang=de\" target=\"_blank\" rel=\"noopener\"><button class=\"elementor-button\" type=\"button\">GUTSCHEIN \/ TICKET KAUFEN<\/button><\/a><\/td><td><strong>CHF 1&#8217;700.00 &#8211; Privatfahrt (2 Pers.)<\/strong><\/td><\/tr><tr><td><button class=\"elementor-button\" type=\"button\"><a href=\"https:\/\/swissraft.outdoorbooking.ch\/fo\/products\/1005?base_id=49&amp;category_id=7&amp;order_type=gift_voucher&amp;lang=de\" target=\"_blank\" rel=\"noopener\">GUTSCHEIN \/ TICKET KAUFEN<\/a><\/button><\/td><td><strong>CHF 2&#8217;000.00 &#8211; Privatfahrt (3-4 Pers.)<\/strong><\/td><\/tr><tr><td><button class=\"elementor-button\" type=\"button\"><a href=\"https:\/\/swissraft.outdoorbooking.ch\/fo\/products\/1208?base_id=49&amp;category_id=7&amp;order_type=gift_voucher&amp;lang=de\" target=\"_blank\" rel=\"noopener\">GUTSCHEIN \/ TICKET KAUFEN<\/a><\/button><\/td><td><strong>CHF 2&#8217;400.00 &#8211; Privatfahrt (5-6 Pers.)<\/strong><\/td><\/tr><tr><td><button class=\"elementor-button\" type=\"button\"><a href=\"https:\/\/swissraft.outdoorbooking.ch\/fo\/products\/1209?base_id=49&amp;category_id=7&amp;order_type=gift_voucher&amp;lang=de\" target=\"_blank\" rel=\"noopener\">GUTSCHEIN \/ TICKET KAUFEN<\/a><\/button><\/td><td><strong>CHF 2&#8217;900.00 &#8211; Privatfahrt (7-8 Pers.)<\/strong><\/td><\/tr><tr><td><a href=\"https:\/\/swissraft.outdoorbooking.ch\/fo\/products\/1210?base_id=49&amp;category_id=7&amp;order_type=gift_voucher&amp;lang=de\" target=\"_blank\" rel=\"noopener\"><button class=\"elementor-button\" type=\"button\">GUTSCHEIN \/ TICKET KAUFEN<\/button><\/a><\/td><td><strong>CHF 3&#8217;400.00 &#8211; Privatfahrt (9-10 Pers.)<\/strong><\/td><\/tr><tr><td><button class=\"elementor-button\" type=\"button\"><a href=\"https:\/\/swissraft.outdoorbooking.ch\/fo\/products\/1211?base_id=49&amp;category_id=7&amp;order_type=gift_voucher&amp;lang=de\" target=\"_blank\" rel=\"noopener\">GUTSCHEIN \/ TICKET KAUFEN<\/a><\/button><\/td><td><strong>CHF 3&#8217;700.00 &#8211; Privatfahrt (11 Pers.)<\/strong><\/td><\/tr><tr><td>\u00a0<\/td><td><strong><em>WICHTIG !<\/em><\/strong><br \/><em>Um zu reservieren, rufen Sie die Nummer an, die sich oben links auf dem Gutschein \/ Ticket befindet.<\/em><\/td><\/tr><\/tbody><\/table>\t\t\t\t\t\t<\/div>\n\t\t\t\t<\/div>\n\t\t\t\t\t<\/div>\n\t\t<\/div>\n\t\t\t\t\t\t\t<\/div>\n\t\t<\/section>\n\t\t\t\t\t\t\t<\/div>\n\t\t","protected":false},"excerpt":{"rendered":"<div align=\"justify\">\n<h2 align=\"justify\">Sie starten in der N\u00e4he von Z\u00fcrich zu einer ca. 2-st\u00fcndigen Ballonfahrt mit atemberaubender Aussicht auf den Z\u00fcrichsee.<\/h2>\n<h3>Wir haben viele m\u00f6gliche Startorte f\u00fcr eine Ballonfahrt im Kanton Z\u00fcrich und Umgebung.<\/h3>\n<\/div>\n<div align=\"justify\">\n<p>Nach der Begr\u00fc\u00dfung begeben Sie sich zum Startplatz. Sie breiten den Ballon auf dem Boden aus, w\u00e4hrend der Pilot mit dem Korb arbeitet und die Brenner vorbereitet. Der Pilot bedient die Brenner und aktiviert sie, um die Luft im Ballon zu erw\u00e4rmen. Allm\u00e4hlich richten sich der Korb und der gesamte Ballon auf. Der Pilot l\u00e4dt Sie nacheinander in den Korb ein. Der Pilot erhitzt die Luft weiterhin, indem er die Brenner bet\u00e4tigt, bis der Hei\u00dfluftballon den Boden verl\u00e4sst. Es ist ein magischer Moment, der alle, die an der Reise teilnehmen, fasziniert. Aber auch die Zuschauer, die bei einer Ballonansammlung am Boden bleiben. Nach etwa zwei Stunden Flug landen Sie sanft auf einem brachliegenden Feld. Wir starten von Uster, Horgen, R\u00fcti, D\u00fcrnten, W\u00e4denswil, Winterthur, Rapperswil etc.<\/p>\n<h3>Rufen Sie uns an, wenn Sie Fragen haben. Unsere Mitarbeiter werden sie gerne beantworten.<\/h3>\n<p id=\"textarea\" style=\"display: none;\">Wir haben Fl\u00fcge in Aargau. Dar\u00fcber hinaus bieten wir Ballonfahrten in der Umgebung von Luzern und Zug an. Aber auch im Saanenland und ab Ch\u00e2teau d&#8217;Oex im Kanton Waadt. Au\u00dferdem starten wir mit einem Hei\u00dfluftballon in der Region Baselland. Wir fahren \u00fcbrigens von Murten oder Kerzers aus mit dem Ballon in die Drei-Seeland Region. Wir starten auch im Greyerzerland im Kanton Freiburg und im Kanton Neuenburg. Einerseits haben wir Ballonfahrten in den Freibergen. Au\u00dferdem starten wir mit dem Ballon in den Kantonen Solothurn und Thurgau. Au\u00dferdem bieten wir Hei\u00dfluftballonfahrten vom Tessin in die Lombardei in Italien an.<\/p>\n<p><a id=\"seeMore\"><\/a>Lesen Sie mehr<\/p>\n<\/div>\n","protected":false},"featured_media":88846,"comment_status":"open","ping_status":"closed","template":"","meta":{"inline_featured_image":false,"_mi_skip_tracking":false},"product_cat":[345],"product_tag":[],"class_list":["post-91609","product","type-product","status-publish","has-post-thumbnail","hentry","product_cat-ballonfahrt"],"yoast_head":"<!-- This site is optimized with the Yoast SEO plugin v23.6 - https:\/\/yoast.com\/wordpress\/plugins\/seo\/ -->\n<title>Ballonfahrt Heissluftballonfahrt in Z\u00fcrich \u00fcber den Z\u00fcrichsee<\/title>\n<meta name=\"description\" content=\"Ballonfahrt Heissluftballonfahrt in Z\u00fcrich. Eine zweist\u00fcndige Ballonfahrt in Z\u00fcrich. Wir haben viele m\u00f6gliche Startpl\u00e4tze f\u00fcr Ballonfahrten im Kanton Z\u00fcrich\" \/>\n<meta name=\"robots\" content=\"index, follow, max-snippet:-1, max-image-preview:large, max-video-preview:-1\" \/>\n<link rel=\"canonical\" href=\"https:\/\/www.swissraft.ch\/de\/produkt\/ballonfahrt-heissluftballonfahrt-in-zuerich\/\" \/>\n<meta property=\"og:locale\" content=\"de_DE\" \/>\n<meta property=\"og:type\" content=\"article\" \/>\n<meta property=\"og:title\" content=\"Ballonfahrt Heissluftballonfahrt in Z\u00fcrich \u00fcber den Z\u00fcrichsee\" \/>\n<meta property=\"og:description\" content=\"Ballonfahrt Heissluftballonfahrt in Z\u00fcrich. Eine zweist\u00fcndige Ballonfahrt in Z\u00fcrich. Wir haben viele m\u00f6gliche Startpl\u00e4tze f\u00fcr Ballonfahrten im Kanton Z\u00fcrich\" \/>\n<meta property=\"og:url\" content=\"https:\/\/www.swissraft.ch\/de\/produkt\/ballonfahrt-heissluftballonfahrt-in-zuerich\/\" \/>\n<meta property=\"og:site_name\" content=\"Swissraft\" \/>\n<meta property=\"article:modified_time\" content=\"2026-04-26T18:20:10+00:00\" \/>\n<meta property=\"og:image\" content=\"https:\/\/www.swissraft.ch\/wp-content\/uploads\/2023\/02\/1-Zurich-776x776-1.jpg\" \/>\n\t<meta property=\"og:image:width\" content=\"776\" \/>\n\t<meta property=\"og:image:height\" content=\"776\" \/>\n\t<meta property=\"og:image:type\" content=\"image\/jpeg\" \/>\n<meta name=\"twitter:card\" content=\"summary_large_image\" \/>\n<meta name=\"twitter:label1\" content=\"Gesch\u00e4tzte Lesezeit\" \/>\n\t<meta name=\"twitter:data1\" content=\"2\u00a0Minuten\" \/>\n<script type=\"application\/ld+json\" class=\"yoast-schema-graph\">{\"@context\":\"https:\/\/schema.org\",\"@graph\":[{\"@type\":\"WebPage\",\"@id\":\"https:\/\/www.swissraft.ch\/de\/produkt\/ballonfahrt-heissluftballonfahrt-in-zuerich\/\",\"url\":\"https:\/\/www.swissraft.ch\/de\/produkt\/ballonfahrt-heissluftballonfahrt-in-zuerich\/\",\"name\":\"Ballonfahrt Heissluftballonfahrt in Z\u00fcrich \u00fcber den Z\u00fcrichsee\",\"isPartOf\":{\"@id\":\"https:\/\/www.swissraft.ch\/de\/#website\"},\"primaryImageOfPage\":{\"@id\":\"https:\/\/www.swissraft.ch\/de\/produkt\/ballonfahrt-heissluftballonfahrt-in-zuerich\/#primaryimage\"},\"image\":{\"@id\":\"https:\/\/www.swissraft.ch\/de\/produkt\/ballonfahrt-heissluftballonfahrt-in-zuerich\/#primaryimage\"},\"thumbnailUrl\":\"https:\/\/www.swissraft.ch\/wp-content\/uploads\/2023\/02\/1-Zurich-776x776-1.jpg\",\"datePublished\":\"2023-02-15T14:18:25+00:00\",\"dateModified\":\"2026-04-26T18:20:10+00:00\",\"description\":\"Ballonfahrt Heissluftballonfahrt in Z\u00fcrich. Eine zweist\u00fcndige Ballonfahrt in Z\u00fcrich. Wir haben viele m\u00f6gliche Startpl\u00e4tze f\u00fcr Ballonfahrten im Kanton Z\u00fcrich\",\"breadcrumb\":{\"@id\":\"https:\/\/www.swissraft.ch\/de\/produkt\/ballonfahrt-heissluftballonfahrt-in-zuerich\/#breadcrumb\"},\"inLanguage\":\"de\",\"potentialAction\":[{\"@type\":\"ReadAction\",\"target\":[\"https:\/\/www.swissraft.ch\/de\/produkt\/ballonfahrt-heissluftballonfahrt-in-zuerich\/\"]}]},{\"@type\":\"ImageObject\",\"inLanguage\":\"de\",\"@id\":\"https:\/\/www.swissraft.ch\/de\/produkt\/ballonfahrt-heissluftballonfahrt-in-zuerich\/#primaryimage\",\"url\":\"https:\/\/www.swissraft.ch\/wp-content\/uploads\/2023\/02\/1-Zurich-776x776-1.jpg\",\"contentUrl\":\"https:\/\/www.swissraft.ch\/wp-content\/uploads\/2023\/02\/1-Zurich-776x776-1.jpg\",\"width\":776,\"height\":776,\"caption\":\"Ballonfahrt in Z\u00fcrich\"},{\"@type\":\"BreadcrumbList\",\"@id\":\"https:\/\/www.swissraft.ch\/de\/produkt\/ballonfahrt-heissluftballonfahrt-in-zuerich\/#breadcrumb\",\"itemListElement\":[{\"@type\":\"ListItem\",\"position\":1,\"name\":\"Accueil\",\"item\":\"https:\/\/www.swissraft.ch\/de\/\"},{\"@type\":\"ListItem\",\"position\":2,\"name\":\"Shop\",\"item\":\"https:\/\/www.swissraft.ch\/de\/shop\/\"},{\"@type\":\"ListItem\",\"position\":3,\"name\":\"Ballonfahrt oder Heissluftballonfahrt &#8211; Z\u00fcrich &#8211; Ab CHF 270.00\"}]},{\"@type\":\"WebSite\",\"@id\":\"https:\/\/www.swissraft.ch\/de\/#website\",\"url\":\"https:\/\/www.swissraft.ch\/de\/\",\"name\":\"Swissraft\",\"description\":\"To enjoy nature as it is\",\"publisher\":{\"@id\":\"https:\/\/www.swissraft.ch\/de\/#organization\"},\"potentialAction\":[{\"@type\":\"SearchAction\",\"target\":{\"@type\":\"EntryPoint\",\"urlTemplate\":\"https:\/\/www.swissraft.ch\/de\/?s={search_term_string}\"},\"query-input\":{\"@type\":\"PropertyValueSpecification\",\"valueRequired\":true,\"valueName\":\"search_term_string\"}}],\"inLanguage\":\"de\"},{\"@type\":\"Organization\",\"@id\":\"https:\/\/www.swissraft.ch\/de\/#organization\",\"name\":\"Swissraft\",\"url\":\"https:\/\/www.swissraft.ch\/de\/\",\"logo\":{\"@type\":\"ImageObject\",\"inLanguage\":\"de\",\"@id\":\"https:\/\/www.swissraft.ch\/de\/#\/schema\/logo\/image\/\",\"url\":\"https:\/\/www.swissraft.ch\/wp-content\/uploads\/2025\/09\/Capture.jpg\",\"contentUrl\":\"https:\/\/www.swissraft.ch\/wp-content\/uploads\/2025\/09\/Capture.jpg\",\"width\":293,\"height\":108,\"caption\":\"Swissraft\"},\"image\":{\"@id\":\"https:\/\/www.swissraft.ch\/de\/#\/schema\/logo\/image\/\"}}]}<\/script>\n<!-- \/ Yoast SEO plugin. -->","yoast_head_json":{"title":"Ballonfahrt Heissluftballonfahrt in Z\u00fcrich \u00fcber den Z\u00fcrichsee","description":"Ballonfahrt Heissluftballonfahrt in Z\u00fcrich. Eine zweist\u00fcndige Ballonfahrt in Z\u00fcrich. Wir haben viele m\u00f6gliche Startpl\u00e4tze f\u00fcr Ballonfahrten im Kanton Z\u00fcrich","robots":{"index":"index","follow":"follow","max-snippet":"max-snippet:-1","max-image-preview":"max-image-preview:large","max-video-preview":"max-video-preview:-1"},"canonical":"https:\/\/www.swissraft.ch\/de\/produkt\/ballonfahrt-heissluftballonfahrt-in-zuerich\/","og_locale":"de_DE","og_type":"article","og_title":"Ballonfahrt Heissluftballonfahrt in Z\u00fcrich \u00fcber den Z\u00fcrichsee","og_description":"Ballonfahrt Heissluftballonfahrt in Z\u00fcrich. Eine zweist\u00fcndige Ballonfahrt in Z\u00fcrich. Wir haben viele m\u00f6gliche Startpl\u00e4tze f\u00fcr Ballonfahrten im Kanton Z\u00fcrich","og_url":"https:\/\/www.swissraft.ch\/de\/produkt\/ballonfahrt-heissluftballonfahrt-in-zuerich\/","og_site_name":"Swissraft","article_modified_time":"2026-04-26T18:20:10+00:00","og_image":[{"width":776,"height":776,"url":"https:\/\/www.swissraft.ch\/wp-content\/uploads\/2023\/02\/1-Zurich-776x776-1.jpg","type":"image\/jpeg"}],"twitter_card":"summary_large_image","twitter_misc":{"Gesch\u00e4tzte Lesezeit":"2\u00a0Minuten"},"schema":{"@context":"https:\/\/schema.org","@graph":[{"@type":"WebPage","@id":"https:\/\/www.swissraft.ch\/de\/produkt\/ballonfahrt-heissluftballonfahrt-in-zuerich\/","url":"https:\/\/www.swissraft.ch\/de\/produkt\/ballonfahrt-heissluftballonfahrt-in-zuerich\/","name":"Ballonfahrt Heissluftballonfahrt in Z\u00fcrich \u00fcber den Z\u00fcrichsee","isPartOf":{"@id":"https:\/\/www.swissraft.ch\/de\/#website"},"primaryImageOfPage":{"@id":"https:\/\/www.swissraft.ch\/de\/produkt\/ballonfahrt-heissluftballonfahrt-in-zuerich\/#primaryimage"},"image":{"@id":"https:\/\/www.swissraft.ch\/de\/produkt\/ballonfahrt-heissluftballonfahrt-in-zuerich\/#primaryimage"},"thumbnailUrl":"https:\/\/www.swissraft.ch\/wp-content\/uploads\/2023\/02\/1-Zurich-776x776-1.jpg","datePublished":"2023-02-15T14:18:25+00:00","dateModified":"2026-04-26T18:20:10+00:00","description":"Ballonfahrt Heissluftballonfahrt in Z\u00fcrich. Eine zweist\u00fcndige Ballonfahrt in Z\u00fcrich. Wir haben viele m\u00f6gliche Startpl\u00e4tze f\u00fcr Ballonfahrten im Kanton Z\u00fcrich","breadcrumb":{"@id":"https:\/\/www.swissraft.ch\/de\/produkt\/ballonfahrt-heissluftballonfahrt-in-zuerich\/#breadcrumb"},"inLanguage":"de","potentialAction":[{"@type":"ReadAction","target":["https:\/\/www.swissraft.ch\/de\/produkt\/ballonfahrt-heissluftballonfahrt-in-zuerich\/"]}]},{"@type":"ImageObject","inLanguage":"de","@id":"https:\/\/www.swissraft.ch\/de\/produkt\/ballonfahrt-heissluftballonfahrt-in-zuerich\/#primaryimage","url":"https:\/\/www.swissraft.ch\/wp-content\/uploads\/2023\/02\/1-Zurich-776x776-1.jpg","contentUrl":"https:\/\/www.swissraft.ch\/wp-content\/uploads\/2023\/02\/1-Zurich-776x776-1.jpg","width":776,"height":776,"caption":"Ballonfahrt in Z\u00fcrich"},{"@type":"BreadcrumbList","@id":"https:\/\/www.swissraft.ch\/de\/produkt\/ballonfahrt-heissluftballonfahrt-in-zuerich\/#breadcrumb","itemListElement":[{"@type":"ListItem","position":1,"name":"Accueil","item":"https:\/\/www.swissraft.ch\/de\/"},{"@type":"ListItem","position":2,"name":"Shop","item":"https:\/\/www.swissraft.ch\/de\/shop\/"},{"@type":"ListItem","position":3,"name":"Ballonfahrt oder Heissluftballonfahrt &#8211; Z\u00fcrich &#8211; Ab CHF 270.00"}]},{"@type":"WebSite","@id":"https:\/\/www.swissraft.ch\/de\/#website","url":"https:\/\/www.swissraft.ch\/de\/","name":"Swissraft","description":"To enjoy nature as it is","publisher":{"@id":"https:\/\/www.swissraft.ch\/de\/#organization"},"potentialAction":[{"@type":"SearchAction","target":{"@type":"EntryPoint","urlTemplate":"https:\/\/www.swissraft.ch\/de\/?s={search_term_string}"},"query-input":{"@type":"PropertyValueSpecification","valueRequired":true,"valueName":"search_term_string"}}],"inLanguage":"de"},{"@type":"Organization","@id":"https:\/\/www.swissraft.ch\/de\/#organization","name":"Swissraft","url":"https:\/\/www.swissraft.ch\/de\/","logo":{"@type":"ImageObject","inLanguage":"de","@id":"https:\/\/www.swissraft.ch\/de\/#\/schema\/logo\/image\/","url":"https:\/\/www.swissraft.ch\/wp-content\/uploads\/2025\/09\/Capture.jpg","contentUrl":"https:\/\/www.swissraft.ch\/wp-content\/uploads\/2025\/09\/Capture.jpg","width":293,"height":108,"caption":"Swissraft"},"image":{"@id":"https:\/\/www.swissraft.ch\/de\/#\/schema\/logo\/image\/"}}]}},"_links":{"self":[{"href":"https:\/\/www.swissraft.ch\/de\/wp-json\/wp\/v2\/product\/91609","targetHints":{"allow":["GET"]}}],"collection":[{"href":"https:\/\/www.swissraft.ch\/de\/wp-json\/wp\/v2\/product"}],"about":[{"href":"https:\/\/www.swissraft.ch\/de\/wp-json\/wp\/v2\/types\/product"}],"replies":[{"embeddable":true,"href":"https:\/\/www.swissraft.ch\/de\/wp-json\/wp\/v2\/comments?post=91609"}],"version-history":[{"count":35,"href":"https:\/\/www.swissraft.ch\/de\/wp-json\/wp\/v2\/product\/91609\/revisions"}],"predecessor-version":[{"id":142218,"href":"https:\/\/www.swissraft.ch\/de\/wp-json\/wp\/v2\/product\/91609\/revisions\/142218"}],"wp:featuredmedia":[{"embeddable":true,"href":"https:\/\/www.swissraft.ch\/de\/wp-json\/wp\/v2\/media\/88846"}],"wp:attachment":[{"href":"https:\/\/www.swissraft.ch\/de\/wp-json\/wp\/v2\/media?parent=91609"}],"wp:term":[{"taxonomy":"product_cat","embeddable":true,"href":"https:\/\/www.swissraft.ch\/de\/wp-json\/wp\/v2\/product_cat?post=91609"},{"taxonomy":"product_tag","embeddable":true,"href":"https:\/\/www.swissraft.ch\/de\/wp-json\/wp\/v2\/product_tag?post=91609"}],"curies":[{"name":"wp","href":"https:\/\/api.w.org\/{rel}","templated":true}]}}