{"id":91601,"date":"2023-02-15T00:22:59","date_gmt":"2023-02-14T23:22:59","guid":{"rendered":"https:\/\/swissraft.xyanzkdne.eu\/product\/ballonfahrt-ab-tessin-flug-nach-italien-ab-chf-280-00\/"},"modified":"2026-04-26T20:27:21","modified_gmt":"2026-04-26T18:27:21","slug":"ballonfahrt-heissluftballonfahrt-tessin-italien","status":"publish","type":"product","link":"https:\/\/www.swissraft.ch\/de\/produkt\/ballonfahrt-heissluftballonfahrt-tessin-italien\/","title":{"rendered":"Ballonfahrt oder Heissluftballonfahrt &#8211; Tessin-Italien &#8211; ab CHF 280.00"},"content":{"rendered":"\t\t<div data-elementor-type=\"wp-post\" data-elementor-id=\"91601\" class=\"elementor elementor-91601 elementor-30806\">\n\t\t\t\t\t\t\t\t\t<section class=\"elementor-section elementor-top-section elementor-element elementor-element-3303a7e3 elementor-section-boxed elementor-section-height-default elementor-section-height-default\" data-id=\"3303a7e3\" data-element_type=\"section\">\n\t\t\t\t\t\t<div class=\"elementor-container elementor-column-gap-default\">\n\t\t\t\t\t<div class=\"elementor-column elementor-col-100 elementor-top-column elementor-element elementor-element-16d72dbf\" data-id=\"16d72dbf\" data-element_type=\"column\">\n\t\t\t<div class=\"elementor-widget-wrap elementor-element-populated\">\n\t\t\t\t\t\t\t\t<div class=\"elementor-element elementor-element-d743c03 elementor-widget elementor-widget-text-editor\" data-id=\"d743c03\" data-element_type=\"widget\" data-widget_type=\"text-editor.default\">\n\t\t\t\t<div class=\"elementor-widget-container\">\n\t\t\t\t\t\t\t<h2>W\u00c4HLEN SIE UNTEN IHRE AKTIVIT\u00c4T AUS, UM GESCHENKGUTSCHEINE \/ TICKETS ZU VERSCHENKEN ODER ZU BUCHEN<\/h2><table border=\"0\" width=\"580\" cellspacing=\"10\" cellpadding=\"10\"><tbody><tr><td width=\"50%\"><strong>1) BALLONFAHRT &#8211; HEISSLUFTBALLONFAHRT &#8211; IM TESSIN &#8211; ca. 1,5 bis 2 Std.<\/strong><\/td><td><strong>CHF 450.00 pro Person<span class=\"productPrice\"><br \/><\/span><\/strong><\/td><\/tr><tr><td>Zus\u00e4tzliche Informationen<\/td><td><span class=\"patt\">&#8211;<span class=\"plbl\"> Jugendpreis <\/span>: Kinder von 8 bis 14 j\u00e4hrig : <strong>CHF 200.00<\/strong>\/Kind<br \/>&#8211; Start am fr\u00fchen Morgen<br \/>&#8211; Sie werden mit anderen Passagieren zusammen sein<\/span><\/td><\/tr><tr><td>Ort<\/td><td>Lugano<\/td><\/tr><tr><td>Fahrtdauer<\/td><td>ca. 1,5 bis 2 Std.<\/td><\/tr><tr><td>Gesamtdauer<\/td><td>ca. 4,5 Std.<\/td><\/tr><tr><td>Termin<\/td><td>Per Telefon<\/td><\/tr><tr><td><button class=\"elementor-button\" type=\"button\"><a href=\"https:\/\/swissraft.outdoorbooking.ch\/fo\/products\/115?base_id=55&amp;category_id=7&amp;order_type=gift_voucher&amp;lang=de\" target=\"_blank\" rel=\"noopener\">GUTSCHEIN \/ TICKET KAUFEN<\/a><\/button><\/td><td><strong>CHF<\/strong> <strong>450.00\/Pers<\/strong>.<\/td><\/tr><tr><td><button class=\"elementor-button\" type=\"button\"><a href=\"https:\/\/swissraft.outdoorbooking.ch\/fo\/products\/351?base_id=55&amp;category_id=7&amp;order_type=gift_voucher&amp;lang=de\" target=\"_blank\" rel=\"noopener\">GUTSCHEIN \/ TICKET KAUFEN<\/a><\/button><\/td><td>&#8211; Fahrt mit Brunch : <strong>CHF 530.00<\/strong>\/Pers.<br \/>&#8211;<span class=\"patt\"><span class=\"plbl\"> Jugendpreis <\/span>: Kinder von 8 bis 14 j\u00e4hrig : <strong>CHF 280.00<\/strong>\/Kind<\/span><\/td><\/tr><tr><td><button class=\"elementor-button\" type=\"button\"><a href=\"https:\/\/swissraft.outdoorbooking.ch\/fo\/products\/496?base_id=55&amp;category_id=7&amp;order_type=gift_voucher&amp;lang=de\" target=\"_blank\" rel=\"noopener\">GUTSCHEIN \/ TICKET KAUFEN<\/a><\/button><\/td><td>&#8211; Nachtfahrt : <strong>CHF 640.00<\/strong>\/Pers.<br \/>&#8211;<span class=\"patt\"><span class=\"plbl\"> Jugendpreis <\/span>: Kinder von 8 bis 14 j\u00e4hrig : <strong>CHF 350.00<\/strong>\/Kind<br \/><\/span><\/td><\/tr><tr><td><button class=\"elementor-button\" type=\"button\"><a href=\"https:\/\/swissraft.outdoorbooking.ch\/fo\/products\/497?base_id=55&amp;category_id=7&amp;order_type=gift_voucher&amp;lang=de\" target=\"_blank\" rel=\"noopener\">GUTSCHEIN \/ TICKET KAUFEN<\/a><\/button><\/td><td>&#8211; Fahrt mit Fr\u00fchst\u00fcck an Bord : <strong>CHF 750.00<\/strong>\/Pers.<br \/>&#8211;<span class=\"patt\"><span class=\"plbl\"> Jugendpreis <\/span>: Kinder von 8 bis 14 j\u00e4hrig : <strong>CHF 400.00<\/strong>\/Kind<\/span>.<\/td><\/tr><tr><td>\u00a0<\/td><td><strong><em>WICHTIG !<\/em><\/strong><br \/><em>Um zu reservieren, rufen Sie die Nummer an, die sich oben links auf dem Gutschein \/ Ticket befindet.<\/em><\/td><\/tr><\/tbody><\/table><table border=\"0\" width=\"580\" cellspacing=\"10\" cellpadding=\"10\"><tbody><tr><td width=\"50%\"><strong>2) BALLONFAHRT &#8211; HEISSLUFTBALLONFAHRT &#8211; IM TESSIN &#8211; PRIVATFAHRT &#8211; ca. 1,5 bis 2 Std.<\/strong><\/td><td><strong>Ab CHF 2&#8217;600.00 pro Privatfahrt<span class=\"productPrice\"><br \/><\/span><\/strong><\/td><\/tr><tr><td>Zus\u00e4tzliche Informationen<\/td><td><span class=\"patt\">&#8211; Start am fr\u00fchen Morgen<br \/>&#8211; Privatballon<br \/><\/span><span class=\"patt\">&#8211; Maximum 5 Pers.<\/span><\/td><\/tr><tr><td>Ort<\/td><td>Lugano<\/td><\/tr><tr><td>Fahrtdauer<\/td><td>ca. 1,5 bis 2 Std.<\/td><\/tr><tr><td>Gesamtdauer<\/td><td>ca. 5 Std.<\/td><\/tr><tr><td>Termin<\/td><td>Per Telefon<\/td><\/tr><tr><td><button class=\"elementor-button\" type=\"button\"><a href=\"https:\/\/swissraft.outdoorbooking.ch\/fo\/products\/499?base_id=55&amp;category_id=7&amp;order_type=gift_voucher&amp;lang=de\" target=\"_blank\" rel=\"noopener\">GUTSCHEIN \/ TICKET KAUFEN<\/a><\/button><\/td><td>&#8211; <strong>CHF 2&#8217;600.00 &#8211; Privatfahrt (1-3 Pers.)<\/strong><\/td><\/tr><tr><td><button class=\"elementor-button\" type=\"button\"><a href=\"https:\/\/swissraft.outdoorbooking.ch\/fo\/products\/500?base_id=55&amp;category_id=7&amp;order_type=gift_voucher&amp;lang=de\" target=\"_blank\" rel=\"noopener\">GUTSCHEIN \/ TICKET KAUFEN<\/a><\/button><\/td><td>&#8211; <strong>CHF 3&#8217;100.00 &#8211; Privatfahrt (4-5 Pers.)<\/strong><\/td><\/tr><tr><td>\u00a0<\/td><td><strong><em>WICHTIG !<\/em><\/strong><br \/><em>Um zu reservieren, rufen Sie die Nummer an, die sich oben links auf dem Gutschein \/ Ticket befindet.<\/em><\/td><\/tr><\/tbody><\/table>\t\t\t\t\t\t<\/div>\n\t\t\t\t<\/div>\n\t\t\t\t\t<\/div>\n\t\t<\/div>\n\t\t\t\t\t\t\t<\/div>\n\t\t<\/section>\n\t\t\t\t\t\t\t<\/div>\n\t\t","protected":false},"excerpt":{"rendered":"<div align=\"justify\">\n<h2 align=\"justify\">Auf dem Weg zum Dolce Vita. Diese 1,5 bis 2 Stunden dauernde Ballonfahrt im Tessin f\u00fchrt Sie nach Italien.<\/h2>\n<h3>Bei einem m\u00e4\u00dfigen Nordwind f\u00fchrt Sie Ihre Ballonfahrt \u00fcber die Grenze in die Lombardei. Fr\u00fchst\u00fcck an Bord, falls gew\u00fcnscht<\/h3>\n<\/div>\n<div align=\"justify\">\n<p>Der Termin ist vereinbart und unser Team hei\u00dft Sie am Tag des Fluges am vereinbarten Ort willkommen. Nachdem die H\u00fclle auf dem Boden ausgebreitet wurde, schaltet der Pilot den Ventilator ein, um den Ballon aufzublasen. Dann \u00fcbernimmt der Pilot die Steuerung der Brenner und beginnt, sie zu bedienen, um die Luft in der H\u00fclle zu erhitzen. Der Hei\u00dfluftballon erhebt sich stolz mit einer H\u00f6he von 30 Metern \u00fcber Ihrem Kopf. Der Pilot fordert Sie auf, an Bord zu gehen. Danach f\u00e4hrt er f\u00fcr einige Zeit fort, die Brenner zu bedienen. Sie lehnen sich an den Rand des Korbs, und pl\u00f6tzlich sehen Sie, wie der Boden sich langsam von Ihnen entfernt. Wir f\u00fchren auch Nachtfl\u00fcge durch und servieren Ihnen auf Wunsch ein Fr\u00fchst\u00fcck an Bord. Denken Sie an Ihre Kamera!<\/p>\n<h3>Swissraft verf\u00fcgt \u00fcber eine gro\u00dfe Flotte von Hei\u00dfluftballons, die bis zu 200 Personen bef\u00f6rdern k\u00f6nnen.<\/h3>\n<p id=\"textarea\" style=\"display: none;\">\nWir f\u00fchren Ballonfahrten in den Kantonen Luzern und Zug durch. Ebenso fliegen wir mit Hei\u00dfluftballons im Kanton Z\u00fcrich und im Aargau. Au\u00dferdem machen wir eine Ballonfahrt im Berner Oberland, genauer gesagt im Saanenland in der N\u00e4he von Gstaad. Aber auch im Kanton Waadt und in den Waadtl\u00e4nder Alpen von Ch\u00e2teau d&#8217;Oex aus. Wir fliegen auch im Greyerzerland nach Bulle und in den Kanton Neuenburg. \u00dcbrigens starten wir auch in der Region Baselland mit dem Ballon. Sowie in der Drei-Seeland Region von Murten oder Kerzers aus. Dar\u00fcber hinaus haben wir Ballonfahrten in die Freibergen im Jura. Aber auch in den Kantonen Solothurn und Thurgau in der Ostschweiz.\n<\/p>\n<p><a id=\"seeMore\" onclick=\"toggleSeeMore()\" href=\"javascript:void(0);\">Lesen Sie mehr<\/a><\/p>\n","protected":false},"featured_media":88858,"comment_status":"open","ping_status":"closed","template":"","meta":{"inline_featured_image":false,"_mi_skip_tracking":false},"product_cat":[345],"product_tag":[],"class_list":["post-91601","product","type-product","status-publish","has-post-thumbnail","hentry","product_cat-ballonfahrt"],"yoast_head":"<!-- This site is optimized with the Yoast SEO plugin v23.6 - https:\/\/yoast.com\/wordpress\/plugins\/seo\/ -->\n<title>Ballonfahrt Heissluftballonfahrt im Tessin. Ab Lugano 1,5 bis 2 Std.<\/title>\n<meta name=\"description\" content=\"Ballonfahrt Heissluftballonfahrt im Tessin. Ab Lugano, ein Fahrt von 1,5 bis 2 Stunden in Richtung Italien. Auf Wunsch Fahren wir mit Fr\u00fchst\u00fcck an Bord\" \/>\n<meta name=\"robots\" content=\"index, follow, max-snippet:-1, max-image-preview:large, max-video-preview:-1\" \/>\n<link rel=\"canonical\" href=\"https:\/\/www.swissraft.ch\/de\/produkt\/ballonfahrt-heissluftballonfahrt-tessin-italien\/\" \/>\n<meta property=\"og:locale\" content=\"de_DE\" \/>\n<meta property=\"og:type\" content=\"article\" \/>\n<meta property=\"og:title\" content=\"Ballonfahrt Heissluftballonfahrt im Tessin. Ab Lugano 1,5 bis 2 Std.\" \/>\n<meta property=\"og:description\" content=\"Ballonfahrt Heissluftballonfahrt im Tessin. Ab Lugano, ein Fahrt von 1,5 bis 2 Stunden in Richtung Italien. Auf Wunsch Fahren wir mit Fr\u00fchst\u00fcck an Bord\" \/>\n<meta property=\"og:url\" content=\"https:\/\/www.swissraft.ch\/de\/produkt\/ballonfahrt-heissluftballonfahrt-tessin-italien\/\" \/>\n<meta property=\"og:site_name\" content=\"Swissraft\" \/>\n<meta property=\"article:modified_time\" content=\"2026-04-26T18:27:21+00:00\" \/>\n<meta property=\"og:image\" content=\"https:\/\/www.swissraft.ch\/wp-content\/uploads\/2023\/02\/1-Tessin-776x776-1.jpg\" \/>\n\t<meta property=\"og:image:width\" content=\"776\" \/>\n\t<meta property=\"og:image:height\" content=\"776\" \/>\n\t<meta property=\"og:image:type\" content=\"image\/jpeg\" \/>\n<meta name=\"twitter:card\" content=\"summary_large_image\" \/>\n<meta name=\"twitter:label1\" content=\"Gesch\u00e4tzte Lesezeit\" \/>\n\t<meta name=\"twitter:data1\" content=\"2\u00a0Minuten\" \/>\n<script type=\"application\/ld+json\" class=\"yoast-schema-graph\">{\"@context\":\"https:\/\/schema.org\",\"@graph\":[{\"@type\":\"WebPage\",\"@id\":\"https:\/\/www.swissraft.ch\/de\/produkt\/ballonfahrt-heissluftballonfahrt-tessin-italien\/\",\"url\":\"https:\/\/www.swissraft.ch\/de\/produkt\/ballonfahrt-heissluftballonfahrt-tessin-italien\/\",\"name\":\"Ballonfahrt Heissluftballonfahrt im Tessin. Ab Lugano 1,5 bis 2 Std.\",\"isPartOf\":{\"@id\":\"https:\/\/www.swissraft.ch\/de\/#website\"},\"primaryImageOfPage\":{\"@id\":\"https:\/\/www.swissraft.ch\/de\/produkt\/ballonfahrt-heissluftballonfahrt-tessin-italien\/#primaryimage\"},\"image\":{\"@id\":\"https:\/\/www.swissraft.ch\/de\/produkt\/ballonfahrt-heissluftballonfahrt-tessin-italien\/#primaryimage\"},\"thumbnailUrl\":\"https:\/\/www.swissraft.ch\/wp-content\/uploads\/2023\/02\/1-Tessin-776x776-1.jpg\",\"datePublished\":\"2023-02-14T23:22:59+00:00\",\"dateModified\":\"2026-04-26T18:27:21+00:00\",\"description\":\"Ballonfahrt Heissluftballonfahrt im Tessin. Ab Lugano, ein Fahrt von 1,5 bis 2 Stunden in Richtung Italien. Auf Wunsch Fahren wir mit Fr\u00fchst\u00fcck an Bord\",\"breadcrumb\":{\"@id\":\"https:\/\/www.swissraft.ch\/de\/produkt\/ballonfahrt-heissluftballonfahrt-tessin-italien\/#breadcrumb\"},\"inLanguage\":\"de\",\"potentialAction\":[{\"@type\":\"ReadAction\",\"target\":[\"https:\/\/www.swissraft.ch\/de\/produkt\/ballonfahrt-heissluftballonfahrt-tessin-italien\/\"]}]},{\"@type\":\"ImageObject\",\"inLanguage\":\"de\",\"@id\":\"https:\/\/www.swissraft.ch\/de\/produkt\/ballonfahrt-heissluftballonfahrt-tessin-italien\/#primaryimage\",\"url\":\"https:\/\/www.swissraft.ch\/wp-content\/uploads\/2023\/02\/1-Tessin-776x776-1.jpg\",\"contentUrl\":\"https:\/\/www.swissraft.ch\/wp-content\/uploads\/2023\/02\/1-Tessin-776x776-1.jpg\",\"width\":776,\"height\":776,\"caption\":\"Ballonfahrt im Tessin\"},{\"@type\":\"BreadcrumbList\",\"@id\":\"https:\/\/www.swissraft.ch\/de\/produkt\/ballonfahrt-heissluftballonfahrt-tessin-italien\/#breadcrumb\",\"itemListElement\":[{\"@type\":\"ListItem\",\"position\":1,\"name\":\"Accueil\",\"item\":\"https:\/\/www.swissraft.ch\/de\/\"},{\"@type\":\"ListItem\",\"position\":2,\"name\":\"Shop\",\"item\":\"https:\/\/www.swissraft.ch\/de\/shop\/\"},{\"@type\":\"ListItem\",\"position\":3,\"name\":\"Ballonfahrt oder Heissluftballonfahrt &#8211; Tessin-Italien &#8211; ab CHF 280.00\"}]},{\"@type\":\"WebSite\",\"@id\":\"https:\/\/www.swissraft.ch\/de\/#website\",\"url\":\"https:\/\/www.swissraft.ch\/de\/\",\"name\":\"Swissraft\",\"description\":\"To enjoy nature as it is\",\"publisher\":{\"@id\":\"https:\/\/www.swissraft.ch\/de\/#organization\"},\"potentialAction\":[{\"@type\":\"SearchAction\",\"target\":{\"@type\":\"EntryPoint\",\"urlTemplate\":\"https:\/\/www.swissraft.ch\/de\/?s={search_term_string}\"},\"query-input\":{\"@type\":\"PropertyValueSpecification\",\"valueRequired\":true,\"valueName\":\"search_term_string\"}}],\"inLanguage\":\"de\"},{\"@type\":\"Organization\",\"@id\":\"https:\/\/www.swissraft.ch\/de\/#organization\",\"name\":\"Swissraft\",\"url\":\"https:\/\/www.swissraft.ch\/de\/\",\"logo\":{\"@type\":\"ImageObject\",\"inLanguage\":\"de\",\"@id\":\"https:\/\/www.swissraft.ch\/de\/#\/schema\/logo\/image\/\",\"url\":\"https:\/\/www.swissraft.ch\/wp-content\/uploads\/2025\/09\/Capture.jpg\",\"contentUrl\":\"https:\/\/www.swissraft.ch\/wp-content\/uploads\/2025\/09\/Capture.jpg\",\"width\":293,\"height\":108,\"caption\":\"Swissraft\"},\"image\":{\"@id\":\"https:\/\/www.swissraft.ch\/de\/#\/schema\/logo\/image\/\"}}]}<\/script>\n<!-- \/ Yoast SEO plugin. -->","yoast_head_json":{"title":"Ballonfahrt Heissluftballonfahrt im Tessin. Ab Lugano 1,5 bis 2 Std.","description":"Ballonfahrt Heissluftballonfahrt im Tessin. Ab Lugano, ein Fahrt von 1,5 bis 2 Stunden in Richtung Italien. Auf Wunsch Fahren wir mit Fr\u00fchst\u00fcck an Bord","robots":{"index":"index","follow":"follow","max-snippet":"max-snippet:-1","max-image-preview":"max-image-preview:large","max-video-preview":"max-video-preview:-1"},"canonical":"https:\/\/www.swissraft.ch\/de\/produkt\/ballonfahrt-heissluftballonfahrt-tessin-italien\/","og_locale":"de_DE","og_type":"article","og_title":"Ballonfahrt Heissluftballonfahrt im Tessin. Ab Lugano 1,5 bis 2 Std.","og_description":"Ballonfahrt Heissluftballonfahrt im Tessin. Ab Lugano, ein Fahrt von 1,5 bis 2 Stunden in Richtung Italien. Auf Wunsch Fahren wir mit Fr\u00fchst\u00fcck an Bord","og_url":"https:\/\/www.swissraft.ch\/de\/produkt\/ballonfahrt-heissluftballonfahrt-tessin-italien\/","og_site_name":"Swissraft","article_modified_time":"2026-04-26T18:27:21+00:00","og_image":[{"width":776,"height":776,"url":"https:\/\/www.swissraft.ch\/wp-content\/uploads\/2023\/02\/1-Tessin-776x776-1.jpg","type":"image\/jpeg"}],"twitter_card":"summary_large_image","twitter_misc":{"Gesch\u00e4tzte Lesezeit":"2\u00a0Minuten"},"schema":{"@context":"https:\/\/schema.org","@graph":[{"@type":"WebPage","@id":"https:\/\/www.swissraft.ch\/de\/produkt\/ballonfahrt-heissluftballonfahrt-tessin-italien\/","url":"https:\/\/www.swissraft.ch\/de\/produkt\/ballonfahrt-heissluftballonfahrt-tessin-italien\/","name":"Ballonfahrt Heissluftballonfahrt im Tessin. Ab Lugano 1,5 bis 2 Std.","isPartOf":{"@id":"https:\/\/www.swissraft.ch\/de\/#website"},"primaryImageOfPage":{"@id":"https:\/\/www.swissraft.ch\/de\/produkt\/ballonfahrt-heissluftballonfahrt-tessin-italien\/#primaryimage"},"image":{"@id":"https:\/\/www.swissraft.ch\/de\/produkt\/ballonfahrt-heissluftballonfahrt-tessin-italien\/#primaryimage"},"thumbnailUrl":"https:\/\/www.swissraft.ch\/wp-content\/uploads\/2023\/02\/1-Tessin-776x776-1.jpg","datePublished":"2023-02-14T23:22:59+00:00","dateModified":"2026-04-26T18:27:21+00:00","description":"Ballonfahrt Heissluftballonfahrt im Tessin. Ab Lugano, ein Fahrt von 1,5 bis 2 Stunden in Richtung Italien. Auf Wunsch Fahren wir mit Fr\u00fchst\u00fcck an Bord","breadcrumb":{"@id":"https:\/\/www.swissraft.ch\/de\/produkt\/ballonfahrt-heissluftballonfahrt-tessin-italien\/#breadcrumb"},"inLanguage":"de","potentialAction":[{"@type":"ReadAction","target":["https:\/\/www.swissraft.ch\/de\/produkt\/ballonfahrt-heissluftballonfahrt-tessin-italien\/"]}]},{"@type":"ImageObject","inLanguage":"de","@id":"https:\/\/www.swissraft.ch\/de\/produkt\/ballonfahrt-heissluftballonfahrt-tessin-italien\/#primaryimage","url":"https:\/\/www.swissraft.ch\/wp-content\/uploads\/2023\/02\/1-Tessin-776x776-1.jpg","contentUrl":"https:\/\/www.swissraft.ch\/wp-content\/uploads\/2023\/02\/1-Tessin-776x776-1.jpg","width":776,"height":776,"caption":"Ballonfahrt im Tessin"},{"@type":"BreadcrumbList","@id":"https:\/\/www.swissraft.ch\/de\/produkt\/ballonfahrt-heissluftballonfahrt-tessin-italien\/#breadcrumb","itemListElement":[{"@type":"ListItem","position":1,"name":"Accueil","item":"https:\/\/www.swissraft.ch\/de\/"},{"@type":"ListItem","position":2,"name":"Shop","item":"https:\/\/www.swissraft.ch\/de\/shop\/"},{"@type":"ListItem","position":3,"name":"Ballonfahrt oder Heissluftballonfahrt &#8211; Tessin-Italien &#8211; ab CHF 280.00"}]},{"@type":"WebSite","@id":"https:\/\/www.swissraft.ch\/de\/#website","url":"https:\/\/www.swissraft.ch\/de\/","name":"Swissraft","description":"To enjoy nature as it is","publisher":{"@id":"https:\/\/www.swissraft.ch\/de\/#organization"},"potentialAction":[{"@type":"SearchAction","target":{"@type":"EntryPoint","urlTemplate":"https:\/\/www.swissraft.ch\/de\/?s={search_term_string}"},"query-input":{"@type":"PropertyValueSpecification","valueRequired":true,"valueName":"search_term_string"}}],"inLanguage":"de"},{"@type":"Organization","@id":"https:\/\/www.swissraft.ch\/de\/#organization","name":"Swissraft","url":"https:\/\/www.swissraft.ch\/de\/","logo":{"@type":"ImageObject","inLanguage":"de","@id":"https:\/\/www.swissraft.ch\/de\/#\/schema\/logo\/image\/","url":"https:\/\/www.swissraft.ch\/wp-content\/uploads\/2025\/09\/Capture.jpg","contentUrl":"https:\/\/www.swissraft.ch\/wp-content\/uploads\/2025\/09\/Capture.jpg","width":293,"height":108,"caption":"Swissraft"},"image":{"@id":"https:\/\/www.swissraft.ch\/de\/#\/schema\/logo\/image\/"}}]}},"_links":{"self":[{"href":"https:\/\/www.swissraft.ch\/de\/wp-json\/wp\/v2\/product\/91601","targetHints":{"allow":["GET"]}}],"collection":[{"href":"https:\/\/www.swissraft.ch\/de\/wp-json\/wp\/v2\/product"}],"about":[{"href":"https:\/\/www.swissraft.ch\/de\/wp-json\/wp\/v2\/types\/product"}],"replies":[{"embeddable":true,"href":"https:\/\/www.swissraft.ch\/de\/wp-json\/wp\/v2\/comments?post=91601"}],"version-history":[{"count":34,"href":"https:\/\/www.swissraft.ch\/de\/wp-json\/wp\/v2\/product\/91601\/revisions"}],"predecessor-version":[{"id":142255,"href":"https:\/\/www.swissraft.ch\/de\/wp-json\/wp\/v2\/product\/91601\/revisions\/142255"}],"wp:featuredmedia":[{"embeddable":true,"href":"https:\/\/www.swissraft.ch\/de\/wp-json\/wp\/v2\/media\/88858"}],"wp:attachment":[{"href":"https:\/\/www.swissraft.ch\/de\/wp-json\/wp\/v2\/media?parent=91601"}],"wp:term":[{"taxonomy":"product_cat","embeddable":true,"href":"https:\/\/www.swissraft.ch\/de\/wp-json\/wp\/v2\/product_cat?post=91601"},{"taxonomy":"product_tag","embeddable":true,"href":"https:\/\/www.swissraft.ch\/de\/wp-json\/wp\/v2\/product_tag?post=91601"}],"curies":[{"name":"wp","href":"https:\/\/api.w.org\/{rel}","templated":true}]}}