{"id":91598,"date":"2023-02-15T00:11:45","date_gmt":"2023-02-14T23:11:45","guid":{"rendered":"https:\/\/swissraft.xyanzkdne.eu\/product\/ballonfahrt-in-thurgovie-ab-chf-270-00\/"},"modified":"2026-04-01T00:26:18","modified_gmt":"2026-03-31T22:26:18","slug":"ballonfahrt-heissluftballonfahrt-thurgau","status":"publish","type":"product","link":"https:\/\/www.swissraft.ch\/de\/produkt\/ballonfahrt-heissluftballonfahrt-thurgau\/","title":{"rendered":"Ballonfahrt oder Heissluftballonfahrt in Thurgau &#8211; Ab CHF 270.00"},"content":{"rendered":"\t\t<div data-elementor-type=\"wp-post\" data-elementor-id=\"91598\" class=\"elementor elementor-91598 elementor-30800\">\n\t\t\t\t\t\t\t\t\t<section class=\"elementor-section elementor-top-section elementor-element elementor-element-3303a7e3 elementor-section-boxed elementor-section-height-default elementor-section-height-default\" data-id=\"3303a7e3\" data-element_type=\"section\">\n\t\t\t\t\t\t<div class=\"elementor-container elementor-column-gap-default\">\n\t\t\t\t\t<div class=\"elementor-column elementor-col-100 elementor-top-column elementor-element elementor-element-16d72dbf\" data-id=\"16d72dbf\" data-element_type=\"column\">\n\t\t\t<div class=\"elementor-widget-wrap elementor-element-populated\">\n\t\t\t\t\t\t\t\t<div class=\"elementor-element elementor-element-d743c03 elementor-widget elementor-widget-text-editor\" data-id=\"d743c03\" data-element_type=\"widget\" data-widget_type=\"text-editor.default\">\n\t\t\t\t<div class=\"elementor-widget-container\">\n\t\t\t\t\t\t\t<h2>W\u00c4HLEN SIE UNTEN IHRE AKTIVIT\u00c4T AUS, UM GESCHENKGUTSCHEINE \/ TICKETS ZU VERSCHENKEN ODER ZU BUCHEN<\/h2><table border=\"0\" width=\"580\" cellspacing=\"10\" cellpadding=\"10\"><tbody><tr><td width=\"50%\"><strong>1) BALLONFAHRT &#8211; HEISSLUFTBALLONFAHRT &#8211; THURGAU &#8211; ca. 1,5 bis 2 Std.<\/strong><\/td><td><strong>CHF 420.00 pro Person<span class=\"productPrice\"><br \/><\/span><\/strong><\/td><\/tr><tr><td>Zus\u00e4tzliche Informationen<\/td><td>&#8211;<span class=\"plbl\"> Jugendpreis <\/span>: <span class=\"patt\">Kinder von 7 bis 12 j\u00e4hrig :<strong> CHF 270.00<\/strong>\/Kind<br \/><\/span> &#8211; <span class=\"patt\">Start am fr\u00fchen Morgen oder am sp\u00e4ten Nachmittag<br \/>&#8211; Sie werden mit anderen Passagieren zusammen sein<\/span><\/td><\/tr><tr><td>Orte<\/td><td>&#8211; Frauenfeld<br \/>&#8211; Weinfelden usw.<\/td><\/tr><tr><td>Fahrtdauer<\/td><td>ca. 1,5 bis 2 Std.<\/td><\/tr><tr><td>Gesamtdauer<\/td><td>ca. 4 Std.<\/td><\/tr><tr><td>Termin<\/td><td>Per Telefon<\/td><\/tr><tr><td><button class=\"elementor-button\" type=\"button\"><a href=\"https:\/\/swissraft.outdoorbooking.ch\/fo\/products\/1216?base_id=167&amp;category_id=7&amp;order_type=gift_voucher&amp;lang=de\" target=\"_blank\" rel=\"noopener\">GUTSCHEIN \/ TICKET KAUFEN<\/a><\/button><\/td><td><strong>CHF 420.00 &#8211; 1 Pers.<\/strong><\/td><\/tr><tr><td><button class=\"elementor-button\" type=\"button\"><a href=\"https:\/\/swissraft.outdoorbooking.ch\/fo\/products\/1217?base_id=167&amp;category_id=7&amp;order_type=gift_voucher&amp;lang=de\" target=\"_blank\" rel=\"noopener\">GUTSCHEIN \/ TICKETKAUFEN<\/a><\/button><\/td><td><strong>CHF 800.00 &#8211; 2 Pers.<\/strong><\/td><\/tr><tr><td><button class=\"elementor-button\" type=\"button\"><a href=\"https:\/\/swissraft.outdoorbooking.ch\/fo\/products\/1218?base_id=167&amp;category_id=7&amp;order_type=gift_voucher&amp;lang=de\" target=\"_blank\" rel=\"noopener\">GUTSCHEIN \/ TICKET KAUFEN<\/a><\/button><\/td><td><strong>CHF 1&#8217;200.00 &#8211; 3 Pers.<\/strong><\/td><\/tr><tr><td><button class=\"elementor-button\" type=\"button\"><a href=\"https:\/\/swissraft.outdoorbooking.ch\/fo\/products\/1219?base_id=167&amp;category_id=7&amp;order_type=gift_voucher&amp;lang=de\" target=\"_blank\" rel=\"noopener\">GUTSCHEIN \/ TICKET KAUFEN<\/a><\/button><\/td><td><strong>CHF 1&#8217;600.00 &#8211; 4 Pers.<\/strong><\/td><\/tr><tr><td><a href=\"https:\/\/swissraft.outdoorbooking.ch\/fo\/products\/1220?base_id=167&amp;category_id=7&amp;order_type=gift_voucher&amp;lang=de\" target=\"_blank\" rel=\"noopener\"><button class=\"elementor-button\" type=\"button\">GUTSCHEIN \/ TICKET KAUFEN<\/button><\/a><\/td><td><strong>CHF 1&#8217;900.00 &#8211; 5 Pers.<\/strong><\/td><\/tr><tr><td>\u00a0<\/td><td><strong><em>WICHTIG !<\/em><\/strong><br \/><em>Um zu reservieren, rufen Sie die Nummer an, die sich oben links auf dem Gutschein \/ Ticket befindet.<\/em><\/td><\/tr><\/tbody><\/table><table border=\"0\" width=\"580\" cellspacing=\"10\" cellpadding=\"10\"><tbody><tr><td width=\"50%\"><strong>2) BALLONFAHRT &#8211; HEISSLUFTBALLONFAHRT &#8211; THURGAU &#8211; PRIVATFAHRT &#8211; ca. 1,5 bis 2 Std. <\/strong><\/td><td><strong>CHF 1&#8217;700.00 f\u00fcr 2 Pers. &#8211; Privatfahrt <span class=\"productPrice\"><br \/><\/span><\/strong><\/td><\/tr><tr><td>Zus\u00e4tzliche Informationen<\/td><td>&#8211; <span class=\"patt\"> Start am fr\u00fchen Morgen oder am sp\u00e4ten Nachmittag<br \/><\/span>&#8211; Privatballon<br \/>&#8211; Ab 11 Pers. : <span class=\"patt\" style=\"font-family: inherit; font-size: inherit;\"><span class=\"plbl\"><span class=\"patt\"><a href=\"https:\/\/www.swissraft.ch\/de\/kontakt\/\">Kontaktieren Sie uns<\/a><\/span><\/span><\/span><\/td><\/tr><tr><td>Orte<\/td><td>&#8211; Frauenfeld<br \/>&#8211; Weinfelden usw.<\/td><\/tr><tr><td>Fahrtdauer<\/td><td>ca. 1,5 bis 2 Std.<\/td><\/tr><tr><td>Gesamtdauer<\/td><td>ca. 4 Std.<\/td><\/tr><tr><td>Termin<\/td><td>Per Telefon<\/td><\/tr><tr><td><a href=\"https:\/\/swissraft.outdoorbooking.ch\/fo\/products\/1221?base_id=167&amp;category_id=7&amp;order_type=gift_voucher&amp;lang=de\" target=\"_blank\" rel=\"noopener\"><button class=\"elementor-button\" type=\"button\">GUTSCHEIN \/ TICKET KAUFEN<\/button><\/a><\/td><td><strong>CHF 1&#8217;700.00 &#8211; Privatfahrt (2 Pers.)<\/strong><\/td><\/tr><tr><td><button class=\"elementor-button\" type=\"button\"><a href=\"https:\/\/swissraft.outdoorbooking.ch\/fo\/products\/1222?base_id=167&amp;category_id=7&amp;order_type=gift_voucher&amp;lang=de\" target=\"_blank\" rel=\"noopener\">GUTSCHEIN \/ TICKET KAUFEN<\/a><\/button><\/td><td><strong>CHF 2&#8217;000.00 &#8211; Privatfahrt (3-4 Pers.)<\/strong><\/td><\/tr><tr><td><button class=\"elementor-button\" type=\"button\"><a href=\"https:\/\/swissraft.outdoorbooking.ch\/fo\/products\/1223?base_id=167&amp;category_id=7&amp;order_type=gift_voucher&amp;lang=de\" target=\"_blank\" rel=\"noopener\">GUTSCHEIN \/ TICKET KAUFEN<\/a><\/button><\/td><td><strong>CHF 2&#8217;400.00 &#8211; Privatfahrt (5-6 Pers.)<\/strong><\/td><\/tr><tr><td><button class=\"elementor-button\" type=\"button\"><a href=\"https:\/\/swissraft.outdoorbooking.ch\/fo\/products\/1224?base_id=167&amp;category_id=7&amp;order_type=gift_voucher&amp;lang=de\" target=\"_blank\" rel=\"noopener\">GUTSCHEIN \/ TICKET KAUFEN<\/a><\/button><\/td><td><strong>CHF 2&#8217;900.00 &#8211; Privatfahrt (7-8 Pers.)<\/strong><\/td><\/tr><tr><td><button class=\"elementor-button\" type=\"button\"><a href=\"https:\/\/swissraft.outdoorbooking.ch\/fo\/products\/1225?base_id=167&amp;category_id=7&amp;order_type=gift_voucher&amp;lang=de\" target=\"_blank\" rel=\"noopener\">GUTSCHEIN \/ TICKET KAUFEN<\/a><\/button><\/td><td><strong>CHF 3&#8217;400.00 &#8211; Privatfahrt (9-10 Pers.)<\/strong><\/td><\/tr><tr><td><button class=\"elementor-button\" type=\"button\"><a href=\"https:\/\/swissraft.outdoorbooking.ch\/fo\/products\/1226?base_id=167&amp;category_id=7&amp;order_type=gift_voucher&amp;lang=de\" target=\"_blank\" rel=\"noopener\">GUTSCHEIN \/ TICKET KAUFEN<\/a><\/button><\/td><td><strong>CHF 3&#8217;700.00 &#8211; Privatfahrt (11 Pers.)<\/strong><\/td><\/tr><tr><td>\u00a0<\/td><td><strong><em>WICHTIG !<\/em><\/strong><br \/><em>Um zu reservieren, rufen Sie die Nummer an, die sich oben links auf dem Gutschein \/ Ticket befindet.<\/em><\/td><\/tr><\/tbody><\/table>\t\t\t\t\t\t<\/div>\n\t\t\t\t<\/div>\n\t\t\t\t\t<\/div>\n\t\t<\/div>\n\t\t\t\t\t\t\t<\/div>\n\t\t<\/section>\n\t\t\t\t\t\t\t<\/div>\n\t\t","protected":false},"excerpt":{"rendered":"<div align=\"justify\">\n<h2 align=\"justify\">Zweist\u00fcndige Ballonfahrt mit Start in Thurgau in der Ostschweiz<\/h2>\n<h3>Der Thurgau ist ein idealer Ort in der Schweiz, um eine Ballonfahrt zu machen. W\u00e4hrend der Fahrt \u00fcberblicken Sie unter anderem einen gro\u00dfen Teil des Bodensees.<\/h3>\n<\/div>\n<div align=\"justify\">\n<p>Heute sind die Wetterbedingungen perfekt. Kein Wind auf dem Boden, der mit leichtem Tau bedeckt ist, was auf einen sehr sch\u00f6nen Herbsttag hindeutet. Sie klettern \u00fcber den Korb und gehen an Bord. Jetzt ist es Zeit zu starten, und Ihr Pilot aktiviert mehrere Sekunden lang die Brenner. Der Ballon steigt langsam auf und verl\u00e4sst den Boden der K\u00fche. W\u00e4hrend Sie aufsteigen, sp\u00fcren Sie die W\u00e4rme der Sonnenstrahlen, die am Horizont erscheinen.<br \/>\nDas \u00dcberraschendste an einer Ballonfahrt ist die Stille an Bord und au\u00dferhalb des Ballons. Der L\u00e4rm der D\u00f6rfer auf dem Land und der St\u00e4dte dringt nicht zu Ihnen durch. Nur das Zischen der Pilotflammen der Brenner begleitet Sie. Keine andere Flugaktivit\u00e4t ist mit einer Fahrt in einem Hei\u00dfluftballon vergleichbar. Vergessen Sie nicht, eine GoPro mitzunehmen, um Ihre Ballonfahrt festzuhalten.<\/p>\n<h3>Swissraft kann bis zu 200 Personen mit mehreren Hei\u00dfluftballons bef\u00f6rdern, z.B. f\u00fcr Ihr Firmenjubil\u00e4um.<\/h3>\n<p id=\"textarea\" style=\"display: none;\">\nWir fliegen auch in der N\u00e4he von St. St. Gallen in der Ostschweiz. Aber auch von Ch\u00e2teau d&#8217;Oex im Pays d&#8217;Enhaut. Wir bieten auch Ballonfahrten im Berner Oberland an. Au\u00dferdem f\u00fchren wir Ballonfahrten in der Region Baselland durch. Wir starten auch im Aargau und in der Umgebung der Stadt Z\u00fcrich. Parallel dazu haben wir Abfahrten von Murten und Kerzers in der Drei-Seeland Region. Einerseits fahren wir Ballon im Greyrzerland und andererseits in den Freibergen im Jura. Ebenso fliegen wir in den Kantonen Neuenburg, Luzern und Zug im Hei\u00dfluftballon. Anschlie\u00dfend fliegen wir mit dem Hei\u00dfluftballon in den Kanton Solothurn. Aber auch im Tessin f\u00fcr Ballonfahrten nach Italien.\n<\/p>\n<p><a id=\"seeMore\" onclick=\"toggleSeeMore()\" href=\"javascript:void(0);\">Lesen Sie mehr<\/a><\/p>\n","protected":false},"featured_media":88834,"comment_status":"open","ping_status":"closed","template":"","meta":{"inline_featured_image":false,"_mi_skip_tracking":false},"product_cat":[345],"product_tag":[],"class_list":["post-91598","product","type-product","status-publish","has-post-thumbnail","hentry","product_cat-ballonfahrt"],"yoast_head":"<!-- This site is optimized with the Yoast SEO plugin v23.6 - https:\/\/yoast.com\/wordpress\/plugins\/seo\/ -->\n<title>Ballonfahrt Heissluftballonfahrt in Thurgau. Flug von etwa 2 Std.<\/title>\n<meta name=\"description\" content=\"Ballonfahrt Heissluftballonfahrt in Thurgau. Etwa zweist\u00fcndige Fahrt im Ballon. Bei Nordwestwind fahren Sie w\u00e4hrend der Fahrt am Ufer des Bodensees entlang.\" \/>\n<meta name=\"robots\" content=\"index, follow, max-snippet:-1, max-image-preview:large, max-video-preview:-1\" \/>\n<link rel=\"canonical\" href=\"https:\/\/www.swissraft.ch\/de\/produkt\/ballonfahrt-heissluftballonfahrt-thurgau\/\" \/>\n<meta property=\"og:locale\" content=\"de_DE\" \/>\n<meta property=\"og:type\" content=\"article\" \/>\n<meta property=\"og:title\" content=\"Ballonfahrt Heissluftballonfahrt in Thurgau. Flug von etwa 2 Std.\" \/>\n<meta property=\"og:description\" content=\"Ballonfahrt Heissluftballonfahrt in Thurgau. Etwa zweist\u00fcndige Fahrt im Ballon. Bei Nordwestwind fahren Sie w\u00e4hrend der Fahrt am Ufer des Bodensees entlang.\" \/>\n<meta property=\"og:url\" content=\"https:\/\/www.swissraft.ch\/de\/produkt\/ballonfahrt-heissluftballonfahrt-thurgau\/\" \/>\n<meta property=\"og:site_name\" content=\"Swissraft\" \/>\n<meta property=\"article:modified_time\" content=\"2026-03-31T22:26:18+00:00\" \/>\n<meta property=\"og:image\" content=\"https:\/\/www.swissraft.ch\/wp-content\/uploads\/2023\/02\/1-Thurgau-Ballonfahrt-776x776-1.jpg\" \/>\n\t<meta property=\"og:image:width\" content=\"776\" \/>\n\t<meta property=\"og:image:height\" content=\"776\" \/>\n\t<meta property=\"og:image:type\" content=\"image\/jpeg\" \/>\n<meta name=\"twitter:card\" content=\"summary_large_image\" \/>\n<meta name=\"twitter:label1\" content=\"Gesch\u00e4tzte Lesezeit\" \/>\n\t<meta name=\"twitter:data1\" content=\"2\u00a0Minuten\" \/>\n<script type=\"application\/ld+json\" class=\"yoast-schema-graph\">{\"@context\":\"https:\/\/schema.org\",\"@graph\":[{\"@type\":\"WebPage\",\"@id\":\"https:\/\/www.swissraft.ch\/de\/produkt\/ballonfahrt-heissluftballonfahrt-thurgau\/\",\"url\":\"https:\/\/www.swissraft.ch\/de\/produkt\/ballonfahrt-heissluftballonfahrt-thurgau\/\",\"name\":\"Ballonfahrt Heissluftballonfahrt in Thurgau. Flug von etwa 2 Std.\",\"isPartOf\":{\"@id\":\"https:\/\/www.swissraft.ch\/de\/#website\"},\"primaryImageOfPage\":{\"@id\":\"https:\/\/www.swissraft.ch\/de\/produkt\/ballonfahrt-heissluftballonfahrt-thurgau\/#primaryimage\"},\"image\":{\"@id\":\"https:\/\/www.swissraft.ch\/de\/produkt\/ballonfahrt-heissluftballonfahrt-thurgau\/#primaryimage\"},\"thumbnailUrl\":\"https:\/\/www.swissraft.ch\/wp-content\/uploads\/2023\/02\/1-Thurgau-Ballonfahrt-776x776-1.jpg\",\"datePublished\":\"2023-02-14T23:11:45+00:00\",\"dateModified\":\"2026-03-31T22:26:18+00:00\",\"description\":\"Ballonfahrt Heissluftballonfahrt in Thurgau. Etwa zweist\u00fcndige Fahrt im Ballon. Bei Nordwestwind fahren Sie w\u00e4hrend der Fahrt am Ufer des Bodensees entlang.\",\"breadcrumb\":{\"@id\":\"https:\/\/www.swissraft.ch\/de\/produkt\/ballonfahrt-heissluftballonfahrt-thurgau\/#breadcrumb\"},\"inLanguage\":\"de\",\"potentialAction\":[{\"@type\":\"ReadAction\",\"target\":[\"https:\/\/www.swissraft.ch\/de\/produkt\/ballonfahrt-heissluftballonfahrt-thurgau\/\"]}]},{\"@type\":\"ImageObject\",\"inLanguage\":\"de\",\"@id\":\"https:\/\/www.swissraft.ch\/de\/produkt\/ballonfahrt-heissluftballonfahrt-thurgau\/#primaryimage\",\"url\":\"https:\/\/www.swissraft.ch\/wp-content\/uploads\/2023\/02\/1-Thurgau-Ballonfahrt-776x776-1.jpg\",\"contentUrl\":\"https:\/\/www.swissraft.ch\/wp-content\/uploads\/2023\/02\/1-Thurgau-Ballonfahrt-776x776-1.jpg\",\"width\":776,\"height\":776,\"caption\":\"Ballonfahrt in Thurgau\"},{\"@type\":\"BreadcrumbList\",\"@id\":\"https:\/\/www.swissraft.ch\/de\/produkt\/ballonfahrt-heissluftballonfahrt-thurgau\/#breadcrumb\",\"itemListElement\":[{\"@type\":\"ListItem\",\"position\":1,\"name\":\"Accueil\",\"item\":\"https:\/\/www.swissraft.ch\/de\/\"},{\"@type\":\"ListItem\",\"position\":2,\"name\":\"Shop\",\"item\":\"https:\/\/www.swissraft.ch\/de\/shop\/\"},{\"@type\":\"ListItem\",\"position\":3,\"name\":\"Ballonfahrt oder Heissluftballonfahrt in Thurgau &#8211; Ab CHF 270.00\"}]},{\"@type\":\"WebSite\",\"@id\":\"https:\/\/www.swissraft.ch\/de\/#website\",\"url\":\"https:\/\/www.swissraft.ch\/de\/\",\"name\":\"Swissraft\",\"description\":\"To enjoy nature as it is\",\"publisher\":{\"@id\":\"https:\/\/www.swissraft.ch\/de\/#organization\"},\"potentialAction\":[{\"@type\":\"SearchAction\",\"target\":{\"@type\":\"EntryPoint\",\"urlTemplate\":\"https:\/\/www.swissraft.ch\/de\/?s={search_term_string}\"},\"query-input\":{\"@type\":\"PropertyValueSpecification\",\"valueRequired\":true,\"valueName\":\"search_term_string\"}}],\"inLanguage\":\"de\"},{\"@type\":\"Organization\",\"@id\":\"https:\/\/www.swissraft.ch\/de\/#organization\",\"name\":\"Swissraft\",\"url\":\"https:\/\/www.swissraft.ch\/de\/\",\"logo\":{\"@type\":\"ImageObject\",\"inLanguage\":\"de\",\"@id\":\"https:\/\/www.swissraft.ch\/de\/#\/schema\/logo\/image\/\",\"url\":\"https:\/\/www.swissraft.ch\/wp-content\/uploads\/2025\/09\/Capture.jpg\",\"contentUrl\":\"https:\/\/www.swissraft.ch\/wp-content\/uploads\/2025\/09\/Capture.jpg\",\"width\":293,\"height\":108,\"caption\":\"Swissraft\"},\"image\":{\"@id\":\"https:\/\/www.swissraft.ch\/de\/#\/schema\/logo\/image\/\"}}]}<\/script>\n<!-- \/ Yoast SEO plugin. -->","yoast_head_json":{"title":"Ballonfahrt Heissluftballonfahrt in Thurgau. Flug von etwa 2 Std.","description":"Ballonfahrt Heissluftballonfahrt in Thurgau. Etwa zweist\u00fcndige Fahrt im Ballon. Bei Nordwestwind fahren Sie w\u00e4hrend der Fahrt am Ufer des Bodensees entlang.","robots":{"index":"index","follow":"follow","max-snippet":"max-snippet:-1","max-image-preview":"max-image-preview:large","max-video-preview":"max-video-preview:-1"},"canonical":"https:\/\/www.swissraft.ch\/de\/produkt\/ballonfahrt-heissluftballonfahrt-thurgau\/","og_locale":"de_DE","og_type":"article","og_title":"Ballonfahrt Heissluftballonfahrt in Thurgau. Flug von etwa 2 Std.","og_description":"Ballonfahrt Heissluftballonfahrt in Thurgau. Etwa zweist\u00fcndige Fahrt im Ballon. Bei Nordwestwind fahren Sie w\u00e4hrend der Fahrt am Ufer des Bodensees entlang.","og_url":"https:\/\/www.swissraft.ch\/de\/produkt\/ballonfahrt-heissluftballonfahrt-thurgau\/","og_site_name":"Swissraft","article_modified_time":"2026-03-31T22:26:18+00:00","og_image":[{"width":776,"height":776,"url":"https:\/\/www.swissraft.ch\/wp-content\/uploads\/2023\/02\/1-Thurgau-Ballonfahrt-776x776-1.jpg","type":"image\/jpeg"}],"twitter_card":"summary_large_image","twitter_misc":{"Gesch\u00e4tzte Lesezeit":"2\u00a0Minuten"},"schema":{"@context":"https:\/\/schema.org","@graph":[{"@type":"WebPage","@id":"https:\/\/www.swissraft.ch\/de\/produkt\/ballonfahrt-heissluftballonfahrt-thurgau\/","url":"https:\/\/www.swissraft.ch\/de\/produkt\/ballonfahrt-heissluftballonfahrt-thurgau\/","name":"Ballonfahrt Heissluftballonfahrt in Thurgau. Flug von etwa 2 Std.","isPartOf":{"@id":"https:\/\/www.swissraft.ch\/de\/#website"},"primaryImageOfPage":{"@id":"https:\/\/www.swissraft.ch\/de\/produkt\/ballonfahrt-heissluftballonfahrt-thurgau\/#primaryimage"},"image":{"@id":"https:\/\/www.swissraft.ch\/de\/produkt\/ballonfahrt-heissluftballonfahrt-thurgau\/#primaryimage"},"thumbnailUrl":"https:\/\/www.swissraft.ch\/wp-content\/uploads\/2023\/02\/1-Thurgau-Ballonfahrt-776x776-1.jpg","datePublished":"2023-02-14T23:11:45+00:00","dateModified":"2026-03-31T22:26:18+00:00","description":"Ballonfahrt Heissluftballonfahrt in Thurgau. Etwa zweist\u00fcndige Fahrt im Ballon. Bei Nordwestwind fahren Sie w\u00e4hrend der Fahrt am Ufer des Bodensees entlang.","breadcrumb":{"@id":"https:\/\/www.swissraft.ch\/de\/produkt\/ballonfahrt-heissluftballonfahrt-thurgau\/#breadcrumb"},"inLanguage":"de","potentialAction":[{"@type":"ReadAction","target":["https:\/\/www.swissraft.ch\/de\/produkt\/ballonfahrt-heissluftballonfahrt-thurgau\/"]}]},{"@type":"ImageObject","inLanguage":"de","@id":"https:\/\/www.swissraft.ch\/de\/produkt\/ballonfahrt-heissluftballonfahrt-thurgau\/#primaryimage","url":"https:\/\/www.swissraft.ch\/wp-content\/uploads\/2023\/02\/1-Thurgau-Ballonfahrt-776x776-1.jpg","contentUrl":"https:\/\/www.swissraft.ch\/wp-content\/uploads\/2023\/02\/1-Thurgau-Ballonfahrt-776x776-1.jpg","width":776,"height":776,"caption":"Ballonfahrt in Thurgau"},{"@type":"BreadcrumbList","@id":"https:\/\/www.swissraft.ch\/de\/produkt\/ballonfahrt-heissluftballonfahrt-thurgau\/#breadcrumb","itemListElement":[{"@type":"ListItem","position":1,"name":"Accueil","item":"https:\/\/www.swissraft.ch\/de\/"},{"@type":"ListItem","position":2,"name":"Shop","item":"https:\/\/www.swissraft.ch\/de\/shop\/"},{"@type":"ListItem","position":3,"name":"Ballonfahrt oder Heissluftballonfahrt in Thurgau &#8211; Ab CHF 270.00"}]},{"@type":"WebSite","@id":"https:\/\/www.swissraft.ch\/de\/#website","url":"https:\/\/www.swissraft.ch\/de\/","name":"Swissraft","description":"To enjoy nature as it is","publisher":{"@id":"https:\/\/www.swissraft.ch\/de\/#organization"},"potentialAction":[{"@type":"SearchAction","target":{"@type":"EntryPoint","urlTemplate":"https:\/\/www.swissraft.ch\/de\/?s={search_term_string}"},"query-input":{"@type":"PropertyValueSpecification","valueRequired":true,"valueName":"search_term_string"}}],"inLanguage":"de"},{"@type":"Organization","@id":"https:\/\/www.swissraft.ch\/de\/#organization","name":"Swissraft","url":"https:\/\/www.swissraft.ch\/de\/","logo":{"@type":"ImageObject","inLanguage":"de","@id":"https:\/\/www.swissraft.ch\/de\/#\/schema\/logo\/image\/","url":"https:\/\/www.swissraft.ch\/wp-content\/uploads\/2025\/09\/Capture.jpg","contentUrl":"https:\/\/www.swissraft.ch\/wp-content\/uploads\/2025\/09\/Capture.jpg","width":293,"height":108,"caption":"Swissraft"},"image":{"@id":"https:\/\/www.swissraft.ch\/de\/#\/schema\/logo\/image\/"}}]}},"_links":{"self":[{"href":"https:\/\/www.swissraft.ch\/de\/wp-json\/wp\/v2\/product\/91598","targetHints":{"allow":["GET"]}}],"collection":[{"href":"https:\/\/www.swissraft.ch\/de\/wp-json\/wp\/v2\/product"}],"about":[{"href":"https:\/\/www.swissraft.ch\/de\/wp-json\/wp\/v2\/types\/product"}],"replies":[{"embeddable":true,"href":"https:\/\/www.swissraft.ch\/de\/wp-json\/wp\/v2\/comments?post=91598"}],"version-history":[{"count":36,"href":"https:\/\/www.swissraft.ch\/de\/wp-json\/wp\/v2\/product\/91598\/revisions"}],"predecessor-version":[{"id":135665,"href":"https:\/\/www.swissraft.ch\/de\/wp-json\/wp\/v2\/product\/91598\/revisions\/135665"}],"wp:featuredmedia":[{"embeddable":true,"href":"https:\/\/www.swissraft.ch\/de\/wp-json\/wp\/v2\/media\/88834"}],"wp:attachment":[{"href":"https:\/\/www.swissraft.ch\/de\/wp-json\/wp\/v2\/media?parent=91598"}],"wp:term":[{"taxonomy":"product_cat","embeddable":true,"href":"https:\/\/www.swissraft.ch\/de\/wp-json\/wp\/v2\/product_cat?post=91598"},{"taxonomy":"product_tag","embeddable":true,"href":"https:\/\/www.swissraft.ch\/de\/wp-json\/wp\/v2\/product_tag?post=91598"}],"curies":[{"name":"wp","href":"https:\/\/api.w.org\/{rel}","templated":true}]}}