{"id":91594,"date":"2023-02-18T22:33:18","date_gmt":"2023-02-18T21:33:18","guid":{"rendered":"https:\/\/swissraft.xyanzkdne.eu\/product\/rafting-in-valais-la-viege-stalden-viege-ab-chf-92-00\/"},"modified":"2026-04-09T22:25:22","modified_gmt":"2026-04-09T20:25:22","slug":"rafting-river-rafting-wallis-vispa-stalden-visp","status":"publish","type":"product","link":"https:\/\/www.swissraft.ch\/de\/produkt\/rafting-river-rafting-wallis-vispa-stalden-visp\/","title":{"rendered":"Rafting oder River Rafting im Wallis &#8211; Die Vispa &#8211; Stalden-Visp &#8211; Ab CHF 92.00"},"content":{"rendered":"\t\t<div data-elementor-type=\"wp-post\" data-elementor-id=\"91594\" class=\"elementor elementor-91594 elementor-31032\">\n\t\t\t\t\t\t\t\t\t<section class=\"elementor-section elementor-top-section elementor-element elementor-element-3303a7e3 elementor-section-boxed elementor-section-height-default elementor-section-height-default\" data-id=\"3303a7e3\" data-element_type=\"section\">\n\t\t\t\t\t\t<div class=\"elementor-container elementor-column-gap-default\">\n\t\t\t\t\t<div class=\"elementor-column elementor-col-100 elementor-top-column elementor-element elementor-element-16d72dbf\" data-id=\"16d72dbf\" data-element_type=\"column\">\n\t\t\t<div class=\"elementor-widget-wrap elementor-element-populated\">\n\t\t\t\t\t\t\t\t<div class=\"elementor-element elementor-element-d743c03 elementor-widget elementor-widget-text-editor\" data-id=\"d743c03\" data-element_type=\"widget\" data-widget_type=\"text-editor.default\">\n\t\t\t\t<div class=\"elementor-widget-container\">\n\t\t\t\t\t\t\t<h2>W\u00c4HLEN SIE UNTEN IHRE AKTIVIT\u00c4T AUS, UM GESCHENKGUTSCHEINE \/ TICKETS ZU VERSCHENKEN ODER ZU BUCHEN<\/h2><table border=\"0\" width=\"580\" cellspacing=\"10\" cellpadding=\"10\"><tbody><tr><td>Zus\u00e4tzliche\u00a0Informationen<\/td><td><span class=\"plbl\">&#8211; Jugendpreis<\/span> : <span class=\"patt\"><strong>CHF 92.00<\/strong> bis 18 j\u00e4hrig<br \/><\/span><span class=\"plbl\">&#8211; <\/span><span class=\"patt\">Ab 10 Pers. 10% : <strong>CHF 108.00<\/strong>\/Pers.<br \/>&#8211; Ab 21 Pers. 20% :<strong> CHF 96.00<\/strong>\/Pers.<br \/>&#8211; Mindestalter : 10 j\u00e4hrig<br \/>&#8211; Keine zus\u00e4tzlichen Rabatte auf Jugend- und Schultarife<strong><br \/><\/strong><span class=\"plbl\">&#8211; Schulpreis : <span class=\"patt\" style=\"font-family: inherit; font-size: inherit;\"><a href=\"https:\/\/www.swissraft.ch\/de\/produit\/schulreise-wallis-rafting-vispa-stalden-visp\/\" target=\"_blank\" rel=\"noopener\">Klicken Sie hier<\/a><\/span><\/span><\/span><\/td><\/tr><tr><td>Strecke<\/td><td><strong>Stalden-Visp<\/strong><\/td><\/tr><tr><td>Startzeiten<\/td><td>10.00 Uhr \/ 14.00 Uhr<\/td><\/tr><tr><td>Rafting<\/td><td>ca. 1 Std.<\/td><\/tr><tr><td>Gesamtdauer<\/td><td>ca. 2,5 Std.<\/td><\/tr><tr><td>Treffpunkt<\/td><td><a href=\"https:\/\/www.google.com\/maps\/place\/Camping+M%C3%BChleye,+3930+Vi%C3%A8ge\/@46.2977102,7.8681638,780m\/data=!3m1!1e3!4m6!3m5!1s0x478f6b3dc520eeb7:0x792310840d66bd66!8m2!3d46.2976361!4d7.8727879!16s%2Fg%2F1tqt8l6r?entry=ttu\" target=\"_blank\" rel=\"noopener\">Campingplatz M\u00fchleye in Visp<\/a><\/td><\/tr><tr><td>Schwierigkeitsgrad<\/td><td>2-3+<\/td><\/tr><tr><td><button class=\"elementor-button\" type=\"button\"><a href=\"https:\/\/swissraft.outdoorbooking.ch\/fo\/products\/1242?base_id=82&amp;category_id=1&amp;order_type=gift_voucher&amp;lang=de\" target=\"_blank\" rel=\"noopener\">GUTSCHEIN \/ TICKET KAUFEN<\/a><\/button><\/td><td style=\"text-align: left;\"><span style=\"color: #ff6600;\"><a href=\"https:\/\/swissraft.outdoorbooking.ch\/fo\/products\/1242?base_id=82&amp;category_id=1&amp;order_type=event&amp;lang=de\" target=\"_blank\" rel=\"noopener\">RESERVIEREN SIE EIN DATUM<\/a><\/span><\/td><\/tr><\/tbody><\/table>\t\t\t\t\t\t<\/div>\n\t\t\t\t<\/div>\n\t\t\t\t\t<\/div>\n\t\t<\/div>\n\t\t\t\t\t\t\t<\/div>\n\t\t<\/section>\n\t\t\t\t\t\t\t<\/div>\n\t\t","protected":false},"excerpt":{"rendered":"<div align=\"justify\">\n<h2 align=\"justify\">River Rafting auf der Vispa, ein bewegter Fluss, der h\u00e4lt, was er verspricht<\/h2>\n<h3>Der Fluss Vispa im oberen Wallis zwischen Stalden und Visp ist ein idealer Spielplatz f\u00fcr Rafting-Enthusiasten.<\/h3>\n<\/div>\n<div align=\"justify\">\n<p><strong>Rafting<\/strong> auf der Vispa im Wallis. Tauchen Sie ein in das Abenteuer von Stalden bis Visp. Diese 8 km lange <strong>Raftingstrecke<\/strong> auf dem rei\u00dfenden Fluss Vispa bietet Ihnen eine aufregende und actionreiche Fahrt.<\/p>\n<h3>Sie haben die Wahl zwischen anderen Fl\u00fcssen als der Vispa im Wallis.<\/h3>\n<p id=\"textarea\" style=\"display: none;\">\nIm Wallis k\u00f6nnen Sie z.B. auf der Rhone mit ihrer ber\u00fchmten Wildwasserstrecke raften. Aber auch die Dranse de Bagnes ab Sembrancher. Au\u00dferdem <strong>Rafting<\/strong> auf der Saane im Pays d&#8217;Enhaut im Kanton Waadt. Swissraft bietet auch <strong>Rafting<\/strong> auf dem Doron de Bozel in Savoyen an. Andererseits Riverrafting auf der Dranse in Hochsavoyen bei Thonon les Bains in der N\u00e4he von Genf. Sowie <strong>Riverrafting<\/strong> auf der L\u00fctschine bei Interlaken im Berner Oberland und auf der Simme im Simmental. Parallel dazu <strong>Rafting<\/strong> auf dem Rhein im <strong>Swiss Grand Canyon<\/strong> in Graub\u00fcnden. Sowie auf dem Inn im Unterengadin von Scuol aus mit der ber\u00fchmten Giarsunschlucht.\n<\/p>\n<p><a id=\"seeMore\" onclick=\"toggleSeeMore()\" href=\"javascript:void(0);\">Lesen Sie mehr<\/a><\/p>\n","protected":false},"featured_media":84703,"comment_status":"open","ping_status":"closed","template":"","meta":{"inline_featured_image":false,"_mi_skip_tracking":false},"product_cat":[344,251],"product_tag":[],"class_list":["post-91594","product","type-product","status-publish","has-post-thumbnail","hentry","product_cat-rafting-river-rafting-rhone-vispa-dranse-wallis","product_cat-rafting-river-rafting-in-der-schweiz"],"yoast_head":"<!-- This site is optimized with the Yoast SEO plugin v23.6 - https:\/\/yoast.com\/wordpress\/plugins\/seo\/ -->\n<title>Rafting auf der Vispa im Wallis. Erleben Sie die Action zwischen Stalden und Visp.<\/title>\n<meta name=\"description\" content=\"Rafting auf der Vispa im Wallis. Diese 8 km lange Strecke auf der Vispa ist ein schneller und st\u00fcrmischer Fluss, der Ihnen ein Rafting mit Sensationen und Emotionen bietet.\" \/>\n<meta name=\"robots\" content=\"index, follow, max-snippet:-1, max-image-preview:large, max-video-preview:-1\" \/>\n<link rel=\"canonical\" href=\"https:\/\/www.swissraft.ch\/de\/produkt\/rafting-river-rafting-wallis-vispa-stalden-visp\/\" \/>\n<meta property=\"og:locale\" content=\"de_DE\" \/>\n<meta property=\"og:type\" content=\"article\" \/>\n<meta property=\"og:title\" content=\"Rafting auf der Vispa im Wallis. Erleben Sie die Action zwischen Stalden und Visp.\" \/>\n<meta property=\"og:description\" content=\"Rafting auf der Vispa im Wallis. Diese 8 km lange Strecke auf der Vispa ist ein schneller und st\u00fcrmischer Fluss, der Ihnen ein Rafting mit Sensationen und Emotionen bietet.\" \/>\n<meta property=\"og:url\" content=\"https:\/\/www.swissraft.ch\/de\/produkt\/rafting-river-rafting-wallis-vispa-stalden-visp\/\" \/>\n<meta property=\"og:site_name\" content=\"Swissraft\" \/>\n<meta property=\"article:modified_time\" content=\"2026-04-09T20:25:22+00:00\" \/>\n<meta property=\"og:image\" content=\"https:\/\/www.swissraft.ch\/wp-content\/uploads\/2023\/02\/1-Vispa-776x776-1.jpg\" \/>\n\t<meta property=\"og:image:width\" content=\"776\" \/>\n\t<meta property=\"og:image:height\" content=\"776\" \/>\n\t<meta property=\"og:image:type\" content=\"image\/jpeg\" \/>\n<meta name=\"twitter:card\" content=\"summary_large_image\" \/>\n<meta name=\"twitter:label1\" content=\"Gesch\u00e4tzte Lesezeit\" \/>\n\t<meta name=\"twitter:data1\" content=\"1\u00a0Minute\" \/>\n<script type=\"application\/ld+json\" class=\"yoast-schema-graph\">{\"@context\":\"https:\/\/schema.org\",\"@graph\":[{\"@type\":\"WebPage\",\"@id\":\"https:\/\/www.swissraft.ch\/de\/produkt\/rafting-river-rafting-wallis-vispa-stalden-visp\/\",\"url\":\"https:\/\/www.swissraft.ch\/de\/produkt\/rafting-river-rafting-wallis-vispa-stalden-visp\/\",\"name\":\"Rafting auf der Vispa im Wallis. Erleben Sie die Action zwischen Stalden und Visp.\",\"isPartOf\":{\"@id\":\"https:\/\/www.swissraft.ch\/de\/#website\"},\"primaryImageOfPage\":{\"@id\":\"https:\/\/www.swissraft.ch\/de\/produkt\/rafting-river-rafting-wallis-vispa-stalden-visp\/#primaryimage\"},\"image\":{\"@id\":\"https:\/\/www.swissraft.ch\/de\/produkt\/rafting-river-rafting-wallis-vispa-stalden-visp\/#primaryimage\"},\"thumbnailUrl\":\"https:\/\/www.swissraft.ch\/wp-content\/uploads\/2023\/02\/1-Vispa-776x776-1.jpg\",\"datePublished\":\"2023-02-18T21:33:18+00:00\",\"dateModified\":\"2026-04-09T20:25:22+00:00\",\"description\":\"Rafting auf der Vispa im Wallis. Diese 8 km lange Strecke auf der Vispa ist ein schneller und st\u00fcrmischer Fluss, der Ihnen ein Rafting mit Sensationen und Emotionen bietet.\",\"breadcrumb\":{\"@id\":\"https:\/\/www.swissraft.ch\/de\/produkt\/rafting-river-rafting-wallis-vispa-stalden-visp\/#breadcrumb\"},\"inLanguage\":\"de\",\"potentialAction\":[{\"@type\":\"ReadAction\",\"target\":[\"https:\/\/www.swissraft.ch\/de\/produkt\/rafting-river-rafting-wallis-vispa-stalden-visp\/\"]}]},{\"@type\":\"ImageObject\",\"inLanguage\":\"de\",\"@id\":\"https:\/\/www.swissraft.ch\/de\/produkt\/rafting-river-rafting-wallis-vispa-stalden-visp\/#primaryimage\",\"url\":\"https:\/\/www.swissraft.ch\/wp-content\/uploads\/2023\/02\/1-Vispa-776x776-1.jpg\",\"contentUrl\":\"https:\/\/www.swissraft.ch\/wp-content\/uploads\/2023\/02\/1-Vispa-776x776-1.jpg\",\"width\":776,\"height\":776,\"caption\":\"Rafting auf der Vispa im Wallis\"},{\"@type\":\"BreadcrumbList\",\"@id\":\"https:\/\/www.swissraft.ch\/de\/produkt\/rafting-river-rafting-wallis-vispa-stalden-visp\/#breadcrumb\",\"itemListElement\":[{\"@type\":\"ListItem\",\"position\":1,\"name\":\"Accueil\",\"item\":\"https:\/\/www.swissraft.ch\/de\/\"},{\"@type\":\"ListItem\",\"position\":2,\"name\":\"Shop\",\"item\":\"https:\/\/www.swissraft.ch\/de\/shop\/\"},{\"@type\":\"ListItem\",\"position\":3,\"name\":\"Rafting oder River Rafting im Wallis &#8211; Die Vispa &#8211; Stalden-Visp &#8211; Ab CHF 92.00\"}]},{\"@type\":\"WebSite\",\"@id\":\"https:\/\/www.swissraft.ch\/de\/#website\",\"url\":\"https:\/\/www.swissraft.ch\/de\/\",\"name\":\"Swissraft\",\"description\":\"To enjoy nature as it is\",\"publisher\":{\"@id\":\"https:\/\/www.swissraft.ch\/de\/#organization\"},\"potentialAction\":[{\"@type\":\"SearchAction\",\"target\":{\"@type\":\"EntryPoint\",\"urlTemplate\":\"https:\/\/www.swissraft.ch\/de\/?s={search_term_string}\"},\"query-input\":{\"@type\":\"PropertyValueSpecification\",\"valueRequired\":true,\"valueName\":\"search_term_string\"}}],\"inLanguage\":\"de\"},{\"@type\":\"Organization\",\"@id\":\"https:\/\/www.swissraft.ch\/de\/#organization\",\"name\":\"Swissraft\",\"url\":\"https:\/\/www.swissraft.ch\/de\/\",\"logo\":{\"@type\":\"ImageObject\",\"inLanguage\":\"de\",\"@id\":\"https:\/\/www.swissraft.ch\/de\/#\/schema\/logo\/image\/\",\"url\":\"https:\/\/www.swissraft.ch\/wp-content\/uploads\/2025\/09\/Capture.jpg\",\"contentUrl\":\"https:\/\/www.swissraft.ch\/wp-content\/uploads\/2025\/09\/Capture.jpg\",\"width\":293,\"height\":108,\"caption\":\"Swissraft\"},\"image\":{\"@id\":\"https:\/\/www.swissraft.ch\/de\/#\/schema\/logo\/image\/\"}}]}<\/script>\n<!-- \/ Yoast SEO plugin. -->","yoast_head_json":{"title":"Rafting auf der Vispa im Wallis. Erleben Sie die Action zwischen Stalden und Visp.","description":"Rafting auf der Vispa im Wallis. Diese 8 km lange Strecke auf der Vispa ist ein schneller und st\u00fcrmischer Fluss, der Ihnen ein Rafting mit Sensationen und Emotionen bietet.","robots":{"index":"index","follow":"follow","max-snippet":"max-snippet:-1","max-image-preview":"max-image-preview:large","max-video-preview":"max-video-preview:-1"},"canonical":"https:\/\/www.swissraft.ch\/de\/produkt\/rafting-river-rafting-wallis-vispa-stalden-visp\/","og_locale":"de_DE","og_type":"article","og_title":"Rafting auf der Vispa im Wallis. Erleben Sie die Action zwischen Stalden und Visp.","og_description":"Rafting auf der Vispa im Wallis. Diese 8 km lange Strecke auf der Vispa ist ein schneller und st\u00fcrmischer Fluss, der Ihnen ein Rafting mit Sensationen und Emotionen bietet.","og_url":"https:\/\/www.swissraft.ch\/de\/produkt\/rafting-river-rafting-wallis-vispa-stalden-visp\/","og_site_name":"Swissraft","article_modified_time":"2026-04-09T20:25:22+00:00","og_image":[{"width":776,"height":776,"url":"https:\/\/www.swissraft.ch\/wp-content\/uploads\/2023\/02\/1-Vispa-776x776-1.jpg","type":"image\/jpeg"}],"twitter_card":"summary_large_image","twitter_misc":{"Gesch\u00e4tzte Lesezeit":"1\u00a0Minute"},"schema":{"@context":"https:\/\/schema.org","@graph":[{"@type":"WebPage","@id":"https:\/\/www.swissraft.ch\/de\/produkt\/rafting-river-rafting-wallis-vispa-stalden-visp\/","url":"https:\/\/www.swissraft.ch\/de\/produkt\/rafting-river-rafting-wallis-vispa-stalden-visp\/","name":"Rafting auf der Vispa im Wallis. Erleben Sie die Action zwischen Stalden und Visp.","isPartOf":{"@id":"https:\/\/www.swissraft.ch\/de\/#website"},"primaryImageOfPage":{"@id":"https:\/\/www.swissraft.ch\/de\/produkt\/rafting-river-rafting-wallis-vispa-stalden-visp\/#primaryimage"},"image":{"@id":"https:\/\/www.swissraft.ch\/de\/produkt\/rafting-river-rafting-wallis-vispa-stalden-visp\/#primaryimage"},"thumbnailUrl":"https:\/\/www.swissraft.ch\/wp-content\/uploads\/2023\/02\/1-Vispa-776x776-1.jpg","datePublished":"2023-02-18T21:33:18+00:00","dateModified":"2026-04-09T20:25:22+00:00","description":"Rafting auf der Vispa im Wallis. Diese 8 km lange Strecke auf der Vispa ist ein schneller und st\u00fcrmischer Fluss, der Ihnen ein Rafting mit Sensationen und Emotionen bietet.","breadcrumb":{"@id":"https:\/\/www.swissraft.ch\/de\/produkt\/rafting-river-rafting-wallis-vispa-stalden-visp\/#breadcrumb"},"inLanguage":"de","potentialAction":[{"@type":"ReadAction","target":["https:\/\/www.swissraft.ch\/de\/produkt\/rafting-river-rafting-wallis-vispa-stalden-visp\/"]}]},{"@type":"ImageObject","inLanguage":"de","@id":"https:\/\/www.swissraft.ch\/de\/produkt\/rafting-river-rafting-wallis-vispa-stalden-visp\/#primaryimage","url":"https:\/\/www.swissraft.ch\/wp-content\/uploads\/2023\/02\/1-Vispa-776x776-1.jpg","contentUrl":"https:\/\/www.swissraft.ch\/wp-content\/uploads\/2023\/02\/1-Vispa-776x776-1.jpg","width":776,"height":776,"caption":"Rafting auf der Vispa im Wallis"},{"@type":"BreadcrumbList","@id":"https:\/\/www.swissraft.ch\/de\/produkt\/rafting-river-rafting-wallis-vispa-stalden-visp\/#breadcrumb","itemListElement":[{"@type":"ListItem","position":1,"name":"Accueil","item":"https:\/\/www.swissraft.ch\/de\/"},{"@type":"ListItem","position":2,"name":"Shop","item":"https:\/\/www.swissraft.ch\/de\/shop\/"},{"@type":"ListItem","position":3,"name":"Rafting oder River Rafting im Wallis &#8211; Die Vispa &#8211; Stalden-Visp &#8211; Ab CHF 92.00"}]},{"@type":"WebSite","@id":"https:\/\/www.swissraft.ch\/de\/#website","url":"https:\/\/www.swissraft.ch\/de\/","name":"Swissraft","description":"To enjoy nature as it is","publisher":{"@id":"https:\/\/www.swissraft.ch\/de\/#organization"},"potentialAction":[{"@type":"SearchAction","target":{"@type":"EntryPoint","urlTemplate":"https:\/\/www.swissraft.ch\/de\/?s={search_term_string}"},"query-input":{"@type":"PropertyValueSpecification","valueRequired":true,"valueName":"search_term_string"}}],"inLanguage":"de"},{"@type":"Organization","@id":"https:\/\/www.swissraft.ch\/de\/#organization","name":"Swissraft","url":"https:\/\/www.swissraft.ch\/de\/","logo":{"@type":"ImageObject","inLanguage":"de","@id":"https:\/\/www.swissraft.ch\/de\/#\/schema\/logo\/image\/","url":"https:\/\/www.swissraft.ch\/wp-content\/uploads\/2025\/09\/Capture.jpg","contentUrl":"https:\/\/www.swissraft.ch\/wp-content\/uploads\/2025\/09\/Capture.jpg","width":293,"height":108,"caption":"Swissraft"},"image":{"@id":"https:\/\/www.swissraft.ch\/de\/#\/schema\/logo\/image\/"}}]}},"_links":{"self":[{"href":"https:\/\/www.swissraft.ch\/de\/wp-json\/wp\/v2\/product\/91594","targetHints":{"allow":["GET"]}}],"collection":[{"href":"https:\/\/www.swissraft.ch\/de\/wp-json\/wp\/v2\/product"}],"about":[{"href":"https:\/\/www.swissraft.ch\/de\/wp-json\/wp\/v2\/types\/product"}],"replies":[{"embeddable":true,"href":"https:\/\/www.swissraft.ch\/de\/wp-json\/wp\/v2\/comments?post=91594"}],"version-history":[{"count":33,"href":"https:\/\/www.swissraft.ch\/de\/wp-json\/wp\/v2\/product\/91594\/revisions"}],"predecessor-version":[{"id":138505,"href":"https:\/\/www.swissraft.ch\/de\/wp-json\/wp\/v2\/product\/91594\/revisions\/138505"}],"wp:featuredmedia":[{"embeddable":true,"href":"https:\/\/www.swissraft.ch\/de\/wp-json\/wp\/v2\/media\/84703"}],"wp:attachment":[{"href":"https:\/\/www.swissraft.ch\/de\/wp-json\/wp\/v2\/media?parent=91594"}],"wp:term":[{"taxonomy":"product_cat","embeddable":true,"href":"https:\/\/www.swissraft.ch\/de\/wp-json\/wp\/v2\/product_cat?post=91594"},{"taxonomy":"product_tag","embeddable":true,"href":"https:\/\/www.swissraft.ch\/de\/wp-json\/wp\/v2\/product_tag?post=91594"}],"curies":[{"name":"wp","href":"https:\/\/api.w.org\/{rel}","templated":true}]}}