{"id":91590,"date":"2023-02-18T22:27:56","date_gmt":"2023-02-18T21:27:56","guid":{"rendered":"https:\/\/swissraft.xyanzkdne.eu\/product\/rafting-im-valais-la-viege-und-le-rhone-stalden-viege-souste-sierre-ab-chf-168-00\/"},"modified":"2026-04-09T22:42:36","modified_gmt":"2026-04-09T20:42:36","slug":"rafting-wallis-vispa-rhone-stalden-visp-sousten-siders","status":"publish","type":"product","link":"https:\/\/www.swissraft.ch\/de\/produkt\/rafting-wallis-vispa-rhone-stalden-visp-sousten-siders\/","title":{"rendered":"Rafting oder River Rafting im Wallis &#8211; Die Vispa und die Rhone &#8211; Stalden-Visp &#8211; Susten-Siders &#8211; Ab CHF 168.00"},"content":{"rendered":"\t\t<div data-elementor-type=\"wp-post\" data-elementor-id=\"91590\" class=\"elementor elementor-91590 elementor-31027\">\n\t\t\t\t\t\t\t\t\t<section class=\"elementor-section elementor-top-section elementor-element elementor-element-3303a7e3 elementor-section-boxed elementor-section-height-default elementor-section-height-default\" data-id=\"3303a7e3\" data-element_type=\"section\">\n\t\t\t\t\t\t<div class=\"elementor-container elementor-column-gap-default\">\n\t\t\t\t\t<div class=\"elementor-column elementor-col-100 elementor-top-column elementor-element elementor-element-16d72dbf\" data-id=\"16d72dbf\" data-element_type=\"column\">\n\t\t\t<div class=\"elementor-widget-wrap elementor-element-populated\">\n\t\t\t\t\t\t\t\t<div class=\"elementor-element elementor-element-d743c03 elementor-widget elementor-widget-text-editor\" data-id=\"d743c03\" data-element_type=\"widget\" data-widget_type=\"text-editor.default\">\n\t\t\t\t<div class=\"elementor-widget-container\">\n\t\t\t\t\t\t\t<h2>W\u00c4HLEN SIE UNTEN IHRE AKTIVIT\u00c4T AUS, UM GESCHENKGUTSCHEINE \/ TICKETS ZU VERSCHENKEN ODER ZU BUCHEN.<\/h2><table border=\"0\" width=\"580\" cellspacing=\"10\" cellpadding=\"10\"><tbody><tr><td width=\"50%\"><strong>RAFTING &#8211; RIVER RAFTING &#8211; VISPA + RHONE &#8211; Tagestour + BBQ<\/strong><\/td><td><strong>CHF 210.00 pro Person<span class=\"productPrice\"><br \/><\/span><\/strong><\/td><\/tr><tr><td>Weitere Informationen<\/td><td><span class=\"plbl\">&#8211; <\/span><span class=\"patt\">Ab 10 Pers. 10% :<strong> CHF 189.00<\/strong>\/Pers.<br \/>&#8211; Ab 21 Pers. 20% : <strong>CHF 168.00<\/strong>\/Pers.<strong><br \/><\/strong>&#8211; Mindestalter : 12 j\u00e4hrig<strong><br \/><\/strong><\/span><\/td><\/tr><tr><td>Strecke<\/td><td><strong>Stalden-Visp<\/strong><br \/><strong>Susten-Siders<\/strong><\/td><\/tr><tr><td>Startzeit<\/td><td>10:00 Uhr<\/td><\/tr><tr><td>Rafting<\/td><td>ca. 3 Std.<\/td><\/tr><tr><td>Gesamtdauer<\/td><td>ca. 7 Std.<\/td><\/tr><tr><td>Treffpunkt<\/td><td><a href=\"https:\/\/www.google.com\/maps\/place\/46%C2%B017'36.8%22N+7%C2%B033'29.6%22E\/@46.2937372,7.5538556,780m\/data=!3m1!1e3!4m4!3m3!8m2!3d46.2935556!4d7.5582222?entry=ttu\" target=\"_blank\" rel=\"noopener\">Siders<\/a><\/td><\/tr><tr><td>Schwierigkeitsgrad<\/td><td>2-3+<\/td><\/tr><tr><td><button class=\"elementor-button\" type=\"button\"><a href=\"https:\/\/swissraft.outdoorbooking.ch\/fo\/products\/1243?base_id=82&amp;category_id=1&amp;order_type=gift_voucher&amp;lang=de\" target=\"_blank\" rel=\"noopener\">GUTSCHEIN \/ TICKET KAUFEN<\/a><\/button><\/td><td style=\"text-align: left;\"><a href=\"https:\/\/swissraft.outdoorbooking.ch\/fo\/products\/1243?base_id=82&amp;category_id=1&amp;order_type=event&amp;lang=de\" target=\"_blank\" rel=\"noopener\">RESERVIEREN SIE EIN DATUM<\/a><\/td><\/tr><\/tbody><\/table>\t\t\t\t\t\t<\/div>\n\t\t\t\t<\/div>\n\t\t\t\t\t<\/div>\n\t\t<\/div>\n\t\t\t\t\t\t\t<\/div>\n\t\t<\/section>\n\t\t\t\t\t\t\t<\/div>\n\t\t","protected":false},"excerpt":{"rendered":"<div align=\"justify\">\n<h2 align=\"justify\">River rafting auf der Vispa und der Rhone im Wallis<\/h2>\n<h3>Beide Strecken bieten Ihnen \u00dcberraschungen mit Stromschnellen und gro\u00dfen Wellen auf der Rhone.<\/h3>\n<\/div>\n<div align=\"justify\">\n<p><strong>Rafting<\/strong> auf der Vispa und anschlie\u00dfend auf der Rhone im Wallis. Am Morgen beginnen wir mit einer 8 km langen Strecke auf dem Fluss Vispa, die Sie in Form bringen wird. Andererseits ist die Vispa ein sch\u00f6ner, rei\u00dfender Fluss, der Ihnen eine ereignisreiche Abfahrt bietet. Au\u00dferdem werden wir eine BBQ-Pause am Flussufer machen. Am Nachmittag <strong>fahren<\/strong> wir auf der Rhone zwischen La Souste und Siders.<\/p>\n<h3>In der Schweiz und im benachbarten Frankreich gibt es zahlreiche Alternativen zu diesen beiden Fl\u00fcssen.<\/h3>\n<p id=\"textarea\" style=\"display: none;\">Ebenfalls im Wallis bietet Ihnen Swissraft <strong>Riverrafting<\/strong> auf der Dranse de Bagnes zwischen Voll\u00e8ges und Sembrancher. Au\u00dferdem machen wir <strong>Rafting<\/strong> auf der Saane von Saanen bis Ch\u00e2teau d&#8217;Oex im Kanton Waadt. Ebenfalls im Berner Oberland fahren wir auf der L\u00fctschine und der Simme zwischen Boltigen und D\u00e4rstetten. Au\u00dferdem bieten wir Riverrafting in der Umgebung von Genf auf der Dranse in Hochsavoyen bei Thonon-les-Bains an. <strong>Riverrafting<\/strong> auch in den franz\u00f6sischen Alpen auf der Is\u00e8re und dem Doron de Bozel. In Graub\u00fcnden zwischen Ilanz und Reichenau mit dem ber\u00fchmten Swiss Grand Canyon. Auch <strong>Rafting<\/strong> auf der &#8222;K\u00f6nigin der Fl\u00fcsse&#8220;, dem Inn von Scuol nach Pradella, ist m\u00f6glich.<\/p>\n<p><a id=\"seeMore\"><\/a>Lesen Sie mehr<\/p>\n<\/div>\n","protected":false},"featured_media":84766,"comment_status":"open","ping_status":"closed","template":"","meta":{"inline_featured_image":false,"_mi_skip_tracking":false},"product_cat":[344,251],"product_tag":[],"class_list":["post-91590","product","type-product","status-publish","has-post-thumbnail","hentry","product_cat-rafting-river-rafting-rhone-vispa-dranse-wallis","product_cat-rafting-river-rafting-in-der-schweiz"],"yoast_head":"<!-- This site is optimized with the Yoast SEO plugin v23.6 - https:\/\/yoast.com\/wordpress\/plugins\/seo\/ -->\n<title>Rafting auf der Vispa und der Rhone im Wallis. Au\u00dfergew\u00f6hnliche Strecken<\/title>\n<meta name=\"description\" content=\"Rafting auf der Vispa und der Rhone im Wallis. Morgens Fahrt auf der Vispa. Mittags BBQ-Pause am Wasser und nachmittags sportliche Fahrt auf der Rhone\" \/>\n<meta name=\"robots\" content=\"index, follow, max-snippet:-1, max-image-preview:large, max-video-preview:-1\" \/>\n<link rel=\"canonical\" href=\"https:\/\/www.swissraft.ch\/de\/produkt\/rafting-wallis-vispa-rhone-stalden-visp-sousten-siders\/\" \/>\n<meta property=\"og:locale\" content=\"de_DE\" \/>\n<meta property=\"og:type\" content=\"article\" \/>\n<meta property=\"og:title\" content=\"Rafting auf der Vispa und der Rhone im Wallis. Au\u00dfergew\u00f6hnliche Strecken\" \/>\n<meta property=\"og:description\" content=\"Rafting auf der Vispa und der Rhone im Wallis. Morgens Fahrt auf der Vispa. Mittags BBQ-Pause am Wasser und nachmittags sportliche Fahrt auf der Rhone\" \/>\n<meta property=\"og:url\" content=\"https:\/\/www.swissraft.ch\/de\/produkt\/rafting-wallis-vispa-rhone-stalden-visp-sousten-siders\/\" \/>\n<meta property=\"og:site_name\" content=\"Swissraft\" \/>\n<meta property=\"article:modified_time\" content=\"2026-04-09T20:42:36+00:00\" \/>\n<meta property=\"og:image\" content=\"https:\/\/www.swissraft.ch\/wp-content\/uploads\/2023\/02\/1-1-Vispa-776x776-2.jpg\" \/>\n\t<meta property=\"og:image:width\" content=\"776\" \/>\n\t<meta property=\"og:image:height\" content=\"776\" \/>\n\t<meta property=\"og:image:type\" content=\"image\/jpeg\" \/>\n<meta name=\"twitter:card\" content=\"summary_large_image\" \/>\n<meta name=\"twitter:label1\" content=\"Gesch\u00e4tzte Lesezeit\" \/>\n\t<meta name=\"twitter:data1\" content=\"1\u00a0Minute\" \/>\n<script type=\"application\/ld+json\" class=\"yoast-schema-graph\">{\"@context\":\"https:\/\/schema.org\",\"@graph\":[{\"@type\":\"WebPage\",\"@id\":\"https:\/\/www.swissraft.ch\/de\/produkt\/rafting-wallis-vispa-rhone-stalden-visp-sousten-siders\/\",\"url\":\"https:\/\/www.swissraft.ch\/de\/produkt\/rafting-wallis-vispa-rhone-stalden-visp-sousten-siders\/\",\"name\":\"Rafting auf der Vispa und der Rhone im Wallis. Au\u00dfergew\u00f6hnliche Strecken\",\"isPartOf\":{\"@id\":\"https:\/\/www.swissraft.ch\/de\/#website\"},\"primaryImageOfPage\":{\"@id\":\"https:\/\/www.swissraft.ch\/de\/produkt\/rafting-wallis-vispa-rhone-stalden-visp-sousten-siders\/#primaryimage\"},\"image\":{\"@id\":\"https:\/\/www.swissraft.ch\/de\/produkt\/rafting-wallis-vispa-rhone-stalden-visp-sousten-siders\/#primaryimage\"},\"thumbnailUrl\":\"https:\/\/www.swissraft.ch\/wp-content\/uploads\/2023\/02\/1-1-Vispa-776x776-2.jpg\",\"datePublished\":\"2023-02-18T21:27:56+00:00\",\"dateModified\":\"2026-04-09T20:42:36+00:00\",\"description\":\"Rafting auf der Vispa und der Rhone im Wallis. Morgens Fahrt auf der Vispa. Mittags BBQ-Pause am Wasser und nachmittags sportliche Fahrt auf der Rhone\",\"breadcrumb\":{\"@id\":\"https:\/\/www.swissraft.ch\/de\/produkt\/rafting-wallis-vispa-rhone-stalden-visp-sousten-siders\/#breadcrumb\"},\"inLanguage\":\"de\",\"potentialAction\":[{\"@type\":\"ReadAction\",\"target\":[\"https:\/\/www.swissraft.ch\/de\/produkt\/rafting-wallis-vispa-rhone-stalden-visp-sousten-siders\/\"]}]},{\"@type\":\"ImageObject\",\"inLanguage\":\"de\",\"@id\":\"https:\/\/www.swissraft.ch\/de\/produkt\/rafting-wallis-vispa-rhone-stalden-visp-sousten-siders\/#primaryimage\",\"url\":\"https:\/\/www.swissraft.ch\/wp-content\/uploads\/2023\/02\/1-1-Vispa-776x776-2.jpg\",\"contentUrl\":\"https:\/\/www.swissraft.ch\/wp-content\/uploads\/2023\/02\/1-1-Vispa-776x776-2.jpg\",\"width\":776,\"height\":776,\"caption\":\"Rafting auf der Vispa und der Rhone\"},{\"@type\":\"BreadcrumbList\",\"@id\":\"https:\/\/www.swissraft.ch\/de\/produkt\/rafting-wallis-vispa-rhone-stalden-visp-sousten-siders\/#breadcrumb\",\"itemListElement\":[{\"@type\":\"ListItem\",\"position\":1,\"name\":\"Accueil\",\"item\":\"https:\/\/www.swissraft.ch\/de\/\"},{\"@type\":\"ListItem\",\"position\":2,\"name\":\"Shop\",\"item\":\"https:\/\/www.swissraft.ch\/de\/shop\/\"},{\"@type\":\"ListItem\",\"position\":3,\"name\":\"Rafting oder River Rafting im Wallis &#8211; Die Vispa und die Rhone &#8211; Stalden-Visp &#8211; Susten-Siders &#8211; Ab CHF 168.00\"}]},{\"@type\":\"WebSite\",\"@id\":\"https:\/\/www.swissraft.ch\/de\/#website\",\"url\":\"https:\/\/www.swissraft.ch\/de\/\",\"name\":\"Swissraft\",\"description\":\"To enjoy nature as it is\",\"publisher\":{\"@id\":\"https:\/\/www.swissraft.ch\/de\/#organization\"},\"potentialAction\":[{\"@type\":\"SearchAction\",\"target\":{\"@type\":\"EntryPoint\",\"urlTemplate\":\"https:\/\/www.swissraft.ch\/de\/?s={search_term_string}\"},\"query-input\":{\"@type\":\"PropertyValueSpecification\",\"valueRequired\":true,\"valueName\":\"search_term_string\"}}],\"inLanguage\":\"de\"},{\"@type\":\"Organization\",\"@id\":\"https:\/\/www.swissraft.ch\/de\/#organization\",\"name\":\"Swissraft\",\"url\":\"https:\/\/www.swissraft.ch\/de\/\",\"logo\":{\"@type\":\"ImageObject\",\"inLanguage\":\"de\",\"@id\":\"https:\/\/www.swissraft.ch\/de\/#\/schema\/logo\/image\/\",\"url\":\"https:\/\/www.swissraft.ch\/wp-content\/uploads\/2025\/09\/Capture.jpg\",\"contentUrl\":\"https:\/\/www.swissraft.ch\/wp-content\/uploads\/2025\/09\/Capture.jpg\",\"width\":293,\"height\":108,\"caption\":\"Swissraft\"},\"image\":{\"@id\":\"https:\/\/www.swissraft.ch\/de\/#\/schema\/logo\/image\/\"}}]}<\/script>\n<!-- \/ Yoast SEO plugin. -->","yoast_head_json":{"title":"Rafting auf der Vispa und der Rhone im Wallis. Au\u00dfergew\u00f6hnliche Strecken","description":"Rafting auf der Vispa und der Rhone im Wallis. Morgens Fahrt auf der Vispa. Mittags BBQ-Pause am Wasser und nachmittags sportliche Fahrt auf der Rhone","robots":{"index":"index","follow":"follow","max-snippet":"max-snippet:-1","max-image-preview":"max-image-preview:large","max-video-preview":"max-video-preview:-1"},"canonical":"https:\/\/www.swissraft.ch\/de\/produkt\/rafting-wallis-vispa-rhone-stalden-visp-sousten-siders\/","og_locale":"de_DE","og_type":"article","og_title":"Rafting auf der Vispa und der Rhone im Wallis. Au\u00dfergew\u00f6hnliche Strecken","og_description":"Rafting auf der Vispa und der Rhone im Wallis. Morgens Fahrt auf der Vispa. Mittags BBQ-Pause am Wasser und nachmittags sportliche Fahrt auf der Rhone","og_url":"https:\/\/www.swissraft.ch\/de\/produkt\/rafting-wallis-vispa-rhone-stalden-visp-sousten-siders\/","og_site_name":"Swissraft","article_modified_time":"2026-04-09T20:42:36+00:00","og_image":[{"width":776,"height":776,"url":"https:\/\/www.swissraft.ch\/wp-content\/uploads\/2023\/02\/1-1-Vispa-776x776-2.jpg","type":"image\/jpeg"}],"twitter_card":"summary_large_image","twitter_misc":{"Gesch\u00e4tzte Lesezeit":"1\u00a0Minute"},"schema":{"@context":"https:\/\/schema.org","@graph":[{"@type":"WebPage","@id":"https:\/\/www.swissraft.ch\/de\/produkt\/rafting-wallis-vispa-rhone-stalden-visp-sousten-siders\/","url":"https:\/\/www.swissraft.ch\/de\/produkt\/rafting-wallis-vispa-rhone-stalden-visp-sousten-siders\/","name":"Rafting auf der Vispa und der Rhone im Wallis. Au\u00dfergew\u00f6hnliche Strecken","isPartOf":{"@id":"https:\/\/www.swissraft.ch\/de\/#website"},"primaryImageOfPage":{"@id":"https:\/\/www.swissraft.ch\/de\/produkt\/rafting-wallis-vispa-rhone-stalden-visp-sousten-siders\/#primaryimage"},"image":{"@id":"https:\/\/www.swissraft.ch\/de\/produkt\/rafting-wallis-vispa-rhone-stalden-visp-sousten-siders\/#primaryimage"},"thumbnailUrl":"https:\/\/www.swissraft.ch\/wp-content\/uploads\/2023\/02\/1-1-Vispa-776x776-2.jpg","datePublished":"2023-02-18T21:27:56+00:00","dateModified":"2026-04-09T20:42:36+00:00","description":"Rafting auf der Vispa und der Rhone im Wallis. Morgens Fahrt auf der Vispa. Mittags BBQ-Pause am Wasser und nachmittags sportliche Fahrt auf der Rhone","breadcrumb":{"@id":"https:\/\/www.swissraft.ch\/de\/produkt\/rafting-wallis-vispa-rhone-stalden-visp-sousten-siders\/#breadcrumb"},"inLanguage":"de","potentialAction":[{"@type":"ReadAction","target":["https:\/\/www.swissraft.ch\/de\/produkt\/rafting-wallis-vispa-rhone-stalden-visp-sousten-siders\/"]}]},{"@type":"ImageObject","inLanguage":"de","@id":"https:\/\/www.swissraft.ch\/de\/produkt\/rafting-wallis-vispa-rhone-stalden-visp-sousten-siders\/#primaryimage","url":"https:\/\/www.swissraft.ch\/wp-content\/uploads\/2023\/02\/1-1-Vispa-776x776-2.jpg","contentUrl":"https:\/\/www.swissraft.ch\/wp-content\/uploads\/2023\/02\/1-1-Vispa-776x776-2.jpg","width":776,"height":776,"caption":"Rafting auf der Vispa und der Rhone"},{"@type":"BreadcrumbList","@id":"https:\/\/www.swissraft.ch\/de\/produkt\/rafting-wallis-vispa-rhone-stalden-visp-sousten-siders\/#breadcrumb","itemListElement":[{"@type":"ListItem","position":1,"name":"Accueil","item":"https:\/\/www.swissraft.ch\/de\/"},{"@type":"ListItem","position":2,"name":"Shop","item":"https:\/\/www.swissraft.ch\/de\/shop\/"},{"@type":"ListItem","position":3,"name":"Rafting oder River Rafting im Wallis &#8211; Die Vispa und die Rhone &#8211; Stalden-Visp &#8211; Susten-Siders &#8211; Ab CHF 168.00"}]},{"@type":"WebSite","@id":"https:\/\/www.swissraft.ch\/de\/#website","url":"https:\/\/www.swissraft.ch\/de\/","name":"Swissraft","description":"To enjoy nature as it is","publisher":{"@id":"https:\/\/www.swissraft.ch\/de\/#organization"},"potentialAction":[{"@type":"SearchAction","target":{"@type":"EntryPoint","urlTemplate":"https:\/\/www.swissraft.ch\/de\/?s={search_term_string}"},"query-input":{"@type":"PropertyValueSpecification","valueRequired":true,"valueName":"search_term_string"}}],"inLanguage":"de"},{"@type":"Organization","@id":"https:\/\/www.swissraft.ch\/de\/#organization","name":"Swissraft","url":"https:\/\/www.swissraft.ch\/de\/","logo":{"@type":"ImageObject","inLanguage":"de","@id":"https:\/\/www.swissraft.ch\/de\/#\/schema\/logo\/image\/","url":"https:\/\/www.swissraft.ch\/wp-content\/uploads\/2025\/09\/Capture.jpg","contentUrl":"https:\/\/www.swissraft.ch\/wp-content\/uploads\/2025\/09\/Capture.jpg","width":293,"height":108,"caption":"Swissraft"},"image":{"@id":"https:\/\/www.swissraft.ch\/de\/#\/schema\/logo\/image\/"}}]}},"_links":{"self":[{"href":"https:\/\/www.swissraft.ch\/de\/wp-json\/wp\/v2\/product\/91590","targetHints":{"allow":["GET"]}}],"collection":[{"href":"https:\/\/www.swissraft.ch\/de\/wp-json\/wp\/v2\/product"}],"about":[{"href":"https:\/\/www.swissraft.ch\/de\/wp-json\/wp\/v2\/types\/product"}],"replies":[{"embeddable":true,"href":"https:\/\/www.swissraft.ch\/de\/wp-json\/wp\/v2\/comments?post=91590"}],"version-history":[{"count":36,"href":"https:\/\/www.swissraft.ch\/de\/wp-json\/wp\/v2\/product\/91590\/revisions"}],"predecessor-version":[{"id":138556,"href":"https:\/\/www.swissraft.ch\/de\/wp-json\/wp\/v2\/product\/91590\/revisions\/138556"}],"wp:featuredmedia":[{"embeddable":true,"href":"https:\/\/www.swissraft.ch\/de\/wp-json\/wp\/v2\/media\/84766"}],"wp:attachment":[{"href":"https:\/\/www.swissraft.ch\/de\/wp-json\/wp\/v2\/media?parent=91590"}],"wp:term":[{"taxonomy":"product_cat","embeddable":true,"href":"https:\/\/www.swissraft.ch\/de\/wp-json\/wp\/v2\/product_cat?post=91590"},{"taxonomy":"product_tag","embeddable":true,"href":"https:\/\/www.swissraft.ch\/de\/wp-json\/wp\/v2\/product_tag?post=91590"}],"curies":[{"name":"wp","href":"https:\/\/api.w.org\/{rel}","templated":true}]}}