{"id":91589,"date":"2023-02-18T16:46:39","date_gmt":"2023-02-18T15:46:39","guid":{"rendered":"https:\/\/swissraft.xyanzkdne.eu\/product\/rafting-in-der-savoie-lisere-bourg-st-maurice-centron-ab-chf-72-00\/"},"modified":"2024-11-15T19:17:03","modified_gmt":"2024-11-15T18:17:03","slug":"rafting-in-der-savoie-lisere-bourg-st-maurice-centron-ab-chf-72-00","status":"publish","type":"product","link":"https:\/\/www.swissraft.ch\/de\/produkt\/rafting-in-der-savoie-lisere-bourg-st-maurice-centron-ab-chf-72-00\/","title":{"rendered":"Rafting in der SAVOIE &#8211; L&#8217;IS\u00c8RE &#8211; Bourg St. Maurice-Centron &#8211; Ab CHF 72.00"},"content":{"rendered":"\t\t<div data-elementor-type=\"wp-post\" data-elementor-id=\"91589\" class=\"elementor elementor-91589 elementor-30981\">\n\t\t\t\t\t\t\t\t\t<section class=\"elementor-section elementor-top-section elementor-element elementor-element-3303a7e3 elementor-section-boxed elementor-section-height-default elementor-section-height-default\" data-id=\"3303a7e3\" data-element_type=\"section\">\n\t\t\t\t\t\t<div class=\"elementor-container elementor-column-gap-default\">\n\t\t\t\t\t<div class=\"elementor-column elementor-col-100 elementor-top-column elementor-element elementor-element-16d72dbf\" data-id=\"16d72dbf\" data-element_type=\"column\">\n\t\t\t<div class=\"elementor-widget-wrap elementor-element-populated\">\n\t\t\t\t\t\t\t\t<div class=\"elementor-element elementor-element-d743c03 elementor-widget elementor-widget-text-editor\" data-id=\"d743c03\" data-element_type=\"widget\" data-widget_type=\"text-editor.default\">\n\t\t\t\t<div class=\"elementor-widget-container\">\n\t\t\t\t\t\t\t<h2>W\u00c4HLEN SIE UNTEN IHRE AKTIVIT\u00c4T AUS, UM GESCHENKGUTSCHEINE \/ TICKETS ZU VERSCHENKEN ODER ZU BUCHEN.<\/h2>\n<table border=\"0\" width=\"580\" cellspacing=\"10\" cellpadding=\"10\">\n<tbody>\n<tr>\n<td width=\"50%\"><strong>1) L&#8216; IS\u00c8RE &#8211; Rafting + Getr\u00e4nk<\/strong><\/td>\n<td><strong>CHF 90.00 pro Person <span class=\"productPrice\"><br \/><\/span><\/strong><\/td>\n<\/tr>\n<tr>\n<td>Weitere Informationen<\/td>\n<td><span class=\"plbl\">&#8211; \u00c0<\/span><span class=\"patt\">  Ab 10 Personen. 10%:<strong> CHF 81.00 \/ Pers.<\/strong><br \/>&#8211; Ab 21 Personen. 20%: <strong>CHF 72.00 \/ Pers.<br \/><\/strong>&#8211; Mindestalter: 13 Jahre<strong><br \/><\/strong><\/span><\/td>\n<\/tr>\n<tr>\n<td>\u00d6ffnungszeiten<\/td>\n<td>09.00 Uhr \/ 14.00 Uhr<\/td>\n<\/tr>\n<tr>\n<td>Rafting<\/td>\n<td>ca. 2,5 Stunden<\/td>\n<\/tr>\n<tr>\n<td>Gesamtdauer<\/td>\n<td>ca. 3,5 Stunden<\/td>\n<\/tr>\n<tr>\n<td>Termine<\/td>\n<td><span style=\"color: #ff6600;\"><a style=\"color: #ff6600;\" href=\"https:\/\/www.google.com\/maps\/place\/45%C2%B031'56.1%22N+6%C2%B035'53.8%22E\/@45.5323402,6.5955741,502m\/data=!3m1!1e3!4m4!3m3!8m2!3d45.53225!4d6.5982778?entry=ttu\" target=\"_blank\" rel=\"noopener\">Centron<\/a><\/span><\/td>\n<\/tr>\n<tr>\n<td>Schwierigkeitsgrad<\/td>\n<td>Schwierigkeitsgrad 2-4+<\/td>\n<\/tr>\n<tr>\n<td><button class=\"elementor-button\" type=\"button\"><a href=\"https:\/\/swissraft.outdoorbooking.ch\/fo\/products\/1138?base_id=1&amp;category_id=1&amp;order_type=gift_voucher&amp;lang=de\" target=\"_blank\" rel=\"noopener\">GESCHENKGUTSCHEIN<\/a><\/button><\/td>\n<td style=\"text-align: left;\"><span style=\"color: #ff6600;\"><a style=\"color: #ff6600;\" href=\"https:\/\/swissraft.outdoorbooking.ch\/fo\/products\/1138?base_id=1&amp;category_id=1&amp;order_type=event&amp;lang=de\" target=\"_blank\" rel=\"noopener\">BUCHEN<\/a><\/span><\/td>\n<\/tr>\n<\/tbody>\n<\/table>\n<table border=\"0\" width=\"580\" cellspacing=\"10\" cellpadding=\"10\">\n<tbody>\n<tr>\n<td width=\"50%\"><strong>2) L&#8216; IS\u00c8RE RAFT PRIVATE + Getr\u00e4nk (3-8 Pers.) Pauschalpreis<\/strong><\/td>\n<td><strong>CHF 650.00 Pauschale<span class=\"productPrice\"><br \/><\/span><\/strong><\/td>\n<\/tr>\n<tr>\n<td>Weitere Informationen<\/td>\n<td>&#8211; Maximal 8 Personen pro Raft <br \/><span class=\"patt\">&#8211; Mindestalter: 13 Jahre<\/span><\/td>\n<\/tr>\n<tr>\n<td>\u00d6ffnungszeiten<\/td>\n<td>09.00 Uhr \/ 14.00 Uhr<\/td>\n<\/tr>\n<tr>\n<td>Rafting<\/td>\n<td>ca. 2,5 Stunden<\/td>\n<\/tr>\n<tr>\n<td>Gesamtdauer<\/td>\n<td>ca. 3,5 Stunden<\/td>\n<\/tr>\n<tr>\n<td>Termine<\/td>\n<td><span style=\"color: #ff6600;\"><a style=\"color: #ff6600;\" href=\"https:\/\/www.google.com\/maps\/place\/45%C2%B031'56.1%22N+6%C2%B035'53.8%22E\/@45.5323402,6.5955741,502m\/data=!3m1!1e3!4m4!3m3!8m2!3d45.53225!4d6.5982778?entry=ttu\" target=\"_blank\" rel=\"noopener\">Centron<\/a><\/span><\/td>\n<\/tr>\n<tr>\n<td>Schwierigkeitsgrad<\/td>\n<td>Schwierigkeitsgrad 2-4+<\/td>\n<\/tr>\n<tr>\n<td><button class=\"elementor-button\" type=\"button\"><a href=\"https:\/\/swissraft.outdoorbooking.ch\/fo\/products\/1141?base_id=1&amp;category_id=1&amp;order_type=gift_voucher&amp;lang=de\" target=\"_blank\" rel=\"noopener\">GESCHENKGUTSCHEIN<\/a><\/button><\/td>\n<td><span style=\"color: #ff6600;\"><a style=\"color: #ff6600;\" href=\"https:\/\/swissraft.outdoorbooking.ch\/fo\/products\/1141?base_id=1&amp;category_id=1&amp;order_type=event&amp;lang=de\" target=\"_blank\" rel=\"noopener\">BUCHEN<\/a><\/span><\/td>\n<\/tr>\n<\/tbody>\n<\/table>\n\t\t\t\t\t\t<\/div>\n\t\t\t\t<\/div>\n\t\t\t\t\t<\/div>\n\t\t<\/div>\n\t\t\t\t\t\t\t<\/div>\n\t\t<\/section>\n\t\t\t\t\t\t\t<\/div>\n\t\t","protected":false},"excerpt":{"rendered":"<div align=\"justify\">\n<h2 align=\"justify\">Rafting auf der Is\u00e8re im benachbarten Frankreich, dem Fluss der Superlative<\/h2>\n<h3>Riverrafting und Abenteuer garantiert auf dieser Strecke zwischen Bourg St.Maurice und Centron in Savoyen.<\/h3>\n<\/div>\n<div align=\"justify\">\n<p>Rafting auf der Is\u00e8re in Savoyen. Von Bourg St Maurice bis Centron ist die Is\u00e8re im Nationalpark Vanoise eine sch\u00f6ne <strong>Raftingstrecke<\/strong>. Der Fluss wird durch einen Damm reguliert und garantiert eine gute Str\u00f6mung und eine abwechslungsreiche Abfahrt.<\/p>\n<h3>Die Alternativen zum <strong>Rafting<\/strong> auf der Is\u00e8re in Savoyen sind wichtig.<\/h3>\n<p id=\"textarea\" style=\"display: none\">\nSwissraft bietet auch <strong>Riverrafting<\/strong> auf dem Doron de Bozel an. Andererseits Rafting auf der Dranse in Hochsavoyen bei Thonon les Bains in der N\u00e4he von Genf. Aber auch <strong>Rafting<\/strong> auf der Saane im Pays d&#8217;Enhaut und <strong>Riverrafting<\/strong> auf der Rh\u00f4ne im Wallis. Ebenso auf der Vispa und auf der Dranse von Bagnes bis Sembrancher, ebenfalls im Wallis. Dar\u00fcber hinaus bieten wir <strong>Riverrafting<\/strong> auf der L\u00fctschine im Berner Oberland und auf der Simme im Simmental an. Au\u00dferdem Rafting auf dem Rhein im Swiss Grand Canyon in Graub\u00fcnden zwischen Ilanz und Reichenau. Aber auch Riverrafting auf der &#8222;K\u00f6nigin der Fl\u00fcsse&#8220;, dem Inn im Engadin von Scuol aus.\n<\/p>\n<p><a id=\"seeMore\" onclick=\"toggleSeeMore()\" href=\"javascript:void(0);\">Lesen Sie mehr<\/a><\/p>\n","protected":false},"featured_media":84643,"comment_status":"open","ping_status":"closed","template":"","meta":{"inline_featured_image":false,"_mi_skip_tracking":false},"product_cat":[251],"product_tag":[],"class_list":["post-91589","product","type-product","status-publish","has-post-thumbnail","hentry","product_cat-rafting-river-rafting-in-der-schweiz"],"yoast_head":"<!-- This site is optimized with the Yoast SEO plugin v23.6 - https:\/\/yoast.com\/wordpress\/plugins\/seo\/ -->\n<title>Rafting auf der Is\u00e8re in Savoyen. Riverrafting auf der Is\u00e8re in den Alpen<\/title>\n<meta name=\"description\" content=\"Rafting auf der Is\u00e8re in Savoyen. Von Bourg St Maurice bis Centron bietet Ihnen die Is\u00e8re, die durch den Nationalpark Vanoise flie\u00dft, eine der l\u00e4ngsten Raftingstrecken der Welt.\" \/>\n<meta name=\"robots\" content=\"index, follow, max-snippet:-1, max-image-preview:large, max-video-preview:-1\" \/>\n<link rel=\"canonical\" href=\"https:\/\/www.swissraft.ch\/de\/produkt\/rafting-in-der-savoie-lisere-bourg-st-maurice-centron-ab-chf-72-00\/\" \/>\n<meta property=\"og:locale\" content=\"de_DE\" \/>\n<meta property=\"og:type\" content=\"article\" \/>\n<meta property=\"og:title\" content=\"Rafting auf der Is\u00e8re in Savoyen. Riverrafting auf der Is\u00e8re in den Alpen\" \/>\n<meta property=\"og:description\" content=\"Rafting auf der Is\u00e8re in Savoyen. Von Bourg St Maurice bis Centron bietet Ihnen die Is\u00e8re, die durch den Nationalpark Vanoise flie\u00dft, eine der l\u00e4ngsten Raftingstrecken der Welt.\" \/>\n<meta property=\"og:url\" content=\"https:\/\/www.swissraft.ch\/de\/produkt\/rafting-in-der-savoie-lisere-bourg-st-maurice-centron-ab-chf-72-00\/\" \/>\n<meta property=\"og:site_name\" content=\"Swissraft\" \/>\n<meta property=\"article:modified_time\" content=\"2024-11-15T18:17:03+00:00\" \/>\n<meta property=\"og:image\" content=\"https:\/\/www.swissraft.ch\/wp-content\/uploads\/2023\/02\/1-Isere-776x776-1.png\" \/>\n\t<meta property=\"og:image:width\" content=\"776\" \/>\n\t<meta property=\"og:image:height\" content=\"776\" \/>\n\t<meta property=\"og:image:type\" content=\"image\/png\" \/>\n<meta name=\"twitter:card\" content=\"summary_large_image\" \/>\n<script type=\"application\/ld+json\" class=\"yoast-schema-graph\">{\"@context\":\"https:\/\/schema.org\",\"@graph\":[{\"@type\":\"WebPage\",\"@id\":\"https:\/\/www.swissraft.ch\/de\/produkt\/rafting-in-der-savoie-lisere-bourg-st-maurice-centron-ab-chf-72-00\/\",\"url\":\"https:\/\/www.swissraft.ch\/de\/produkt\/rafting-in-der-savoie-lisere-bourg-st-maurice-centron-ab-chf-72-00\/\",\"name\":\"Rafting auf der Is\u00e8re in Savoyen. Riverrafting auf der Is\u00e8re in den Alpen\",\"isPartOf\":{\"@id\":\"https:\/\/www.swissraft.ch\/de\/#website\"},\"primaryImageOfPage\":{\"@id\":\"https:\/\/www.swissraft.ch\/de\/produkt\/rafting-in-der-savoie-lisere-bourg-st-maurice-centron-ab-chf-72-00\/#primaryimage\"},\"image\":{\"@id\":\"https:\/\/www.swissraft.ch\/de\/produkt\/rafting-in-der-savoie-lisere-bourg-st-maurice-centron-ab-chf-72-00\/#primaryimage\"},\"thumbnailUrl\":\"https:\/\/www.swissraft.ch\/wp-content\/uploads\/2023\/02\/1-Isere-776x776-1.png\",\"datePublished\":\"2023-02-18T15:46:39+00:00\",\"dateModified\":\"2024-11-15T18:17:03+00:00\",\"description\":\"Rafting auf der Is\u00e8re in Savoyen. Von Bourg St Maurice bis Centron bietet Ihnen die Is\u00e8re, die durch den Nationalpark Vanoise flie\u00dft, eine der l\u00e4ngsten Raftingstrecken der Welt.\",\"breadcrumb\":{\"@id\":\"https:\/\/www.swissraft.ch\/de\/produkt\/rafting-in-der-savoie-lisere-bourg-st-maurice-centron-ab-chf-72-00\/#breadcrumb\"},\"inLanguage\":\"de\",\"potentialAction\":[{\"@type\":\"ReadAction\",\"target\":[\"https:\/\/www.swissraft.ch\/de\/produkt\/rafting-in-der-savoie-lisere-bourg-st-maurice-centron-ab-chf-72-00\/\"]}]},{\"@type\":\"ImageObject\",\"inLanguage\":\"de\",\"@id\":\"https:\/\/www.swissraft.ch\/de\/produkt\/rafting-in-der-savoie-lisere-bourg-st-maurice-centron-ab-chf-72-00\/#primaryimage\",\"url\":\"https:\/\/www.swissraft.ch\/wp-content\/uploads\/2023\/02\/1-Isere-776x776-1.png\",\"contentUrl\":\"https:\/\/www.swissraft.ch\/wp-content\/uploads\/2023\/02\/1-Isere-776x776-1.png\",\"width\":776,\"height\":776,\"caption\":\"Rafting auf der Is\u00e8re zwischen Bourg-St-Maurice und Centron\"},{\"@type\":\"BreadcrumbList\",\"@id\":\"https:\/\/www.swissraft.ch\/de\/produkt\/rafting-in-der-savoie-lisere-bourg-st-maurice-centron-ab-chf-72-00\/#breadcrumb\",\"itemListElement\":[{\"@type\":\"ListItem\",\"position\":1,\"name\":\"Accueil\",\"item\":\"https:\/\/www.swissraft.ch\/de\/\"},{\"@type\":\"ListItem\",\"position\":2,\"name\":\"Shop\",\"item\":\"https:\/\/www.swissraft.ch\/de\/shop\/\"},{\"@type\":\"ListItem\",\"position\":3,\"name\":\"Rafting in der SAVOIE &#8211; L&rsquo;IS\u00c8RE &#8211; Bourg St. Maurice-Centron &#8211; Ab CHF 72.00\"}]},{\"@type\":\"WebSite\",\"@id\":\"https:\/\/www.swissraft.ch\/de\/#website\",\"url\":\"https:\/\/www.swissraft.ch\/de\/\",\"name\":\"Swissraft\",\"description\":\"To enjoy nature as it is\",\"publisher\":{\"@id\":\"https:\/\/www.swissraft.ch\/de\/#organization\"},\"potentialAction\":[{\"@type\":\"SearchAction\",\"target\":{\"@type\":\"EntryPoint\",\"urlTemplate\":\"https:\/\/www.swissraft.ch\/de\/?s={search_term_string}\"},\"query-input\":{\"@type\":\"PropertyValueSpecification\",\"valueRequired\":true,\"valueName\":\"search_term_string\"}}],\"inLanguage\":\"de\"},{\"@type\":\"Organization\",\"@id\":\"https:\/\/www.swissraft.ch\/de\/#organization\",\"name\":\"Swissraft\",\"url\":\"https:\/\/www.swissraft.ch\/de\/\",\"logo\":{\"@type\":\"ImageObject\",\"inLanguage\":\"de\",\"@id\":\"https:\/\/www.swissraft.ch\/de\/#\/schema\/logo\/image\/\",\"url\":\"https:\/\/www.swissraft.ch\/wp-content\/uploads\/2025\/09\/Capture.jpg\",\"contentUrl\":\"https:\/\/www.swissraft.ch\/wp-content\/uploads\/2025\/09\/Capture.jpg\",\"width\":293,\"height\":108,\"caption\":\"Swissraft\"},\"image\":{\"@id\":\"https:\/\/www.swissraft.ch\/de\/#\/schema\/logo\/image\/\"}}]}<\/script>\n<!-- \/ Yoast SEO plugin. -->","yoast_head_json":{"title":"Rafting auf der Is\u00e8re in Savoyen. Riverrafting auf der Is\u00e8re in den Alpen","description":"Rafting auf der Is\u00e8re in Savoyen. Von Bourg St Maurice bis Centron bietet Ihnen die Is\u00e8re, die durch den Nationalpark Vanoise flie\u00dft, eine der l\u00e4ngsten Raftingstrecken der Welt.","robots":{"index":"index","follow":"follow","max-snippet":"max-snippet:-1","max-image-preview":"max-image-preview:large","max-video-preview":"max-video-preview:-1"},"canonical":"https:\/\/www.swissraft.ch\/de\/produkt\/rafting-in-der-savoie-lisere-bourg-st-maurice-centron-ab-chf-72-00\/","og_locale":"de_DE","og_type":"article","og_title":"Rafting auf der Is\u00e8re in Savoyen. Riverrafting auf der Is\u00e8re in den Alpen","og_description":"Rafting auf der Is\u00e8re in Savoyen. Von Bourg St Maurice bis Centron bietet Ihnen die Is\u00e8re, die durch den Nationalpark Vanoise flie\u00dft, eine der l\u00e4ngsten Raftingstrecken der Welt.","og_url":"https:\/\/www.swissraft.ch\/de\/produkt\/rafting-in-der-savoie-lisere-bourg-st-maurice-centron-ab-chf-72-00\/","og_site_name":"Swissraft","article_modified_time":"2024-11-15T18:17:03+00:00","og_image":[{"width":776,"height":776,"url":"https:\/\/www.swissraft.ch\/wp-content\/uploads\/2023\/02\/1-Isere-776x776-1.png","type":"image\/png"}],"twitter_card":"summary_large_image","schema":{"@context":"https:\/\/schema.org","@graph":[{"@type":"WebPage","@id":"https:\/\/www.swissraft.ch\/de\/produkt\/rafting-in-der-savoie-lisere-bourg-st-maurice-centron-ab-chf-72-00\/","url":"https:\/\/www.swissraft.ch\/de\/produkt\/rafting-in-der-savoie-lisere-bourg-st-maurice-centron-ab-chf-72-00\/","name":"Rafting auf der Is\u00e8re in Savoyen. Riverrafting auf der Is\u00e8re in den Alpen","isPartOf":{"@id":"https:\/\/www.swissraft.ch\/de\/#website"},"primaryImageOfPage":{"@id":"https:\/\/www.swissraft.ch\/de\/produkt\/rafting-in-der-savoie-lisere-bourg-st-maurice-centron-ab-chf-72-00\/#primaryimage"},"image":{"@id":"https:\/\/www.swissraft.ch\/de\/produkt\/rafting-in-der-savoie-lisere-bourg-st-maurice-centron-ab-chf-72-00\/#primaryimage"},"thumbnailUrl":"https:\/\/www.swissraft.ch\/wp-content\/uploads\/2023\/02\/1-Isere-776x776-1.png","datePublished":"2023-02-18T15:46:39+00:00","dateModified":"2024-11-15T18:17:03+00:00","description":"Rafting auf der Is\u00e8re in Savoyen. Von Bourg St Maurice bis Centron bietet Ihnen die Is\u00e8re, die durch den Nationalpark Vanoise flie\u00dft, eine der l\u00e4ngsten Raftingstrecken der Welt.","breadcrumb":{"@id":"https:\/\/www.swissraft.ch\/de\/produkt\/rafting-in-der-savoie-lisere-bourg-st-maurice-centron-ab-chf-72-00\/#breadcrumb"},"inLanguage":"de","potentialAction":[{"@type":"ReadAction","target":["https:\/\/www.swissraft.ch\/de\/produkt\/rafting-in-der-savoie-lisere-bourg-st-maurice-centron-ab-chf-72-00\/"]}]},{"@type":"ImageObject","inLanguage":"de","@id":"https:\/\/www.swissraft.ch\/de\/produkt\/rafting-in-der-savoie-lisere-bourg-st-maurice-centron-ab-chf-72-00\/#primaryimage","url":"https:\/\/www.swissraft.ch\/wp-content\/uploads\/2023\/02\/1-Isere-776x776-1.png","contentUrl":"https:\/\/www.swissraft.ch\/wp-content\/uploads\/2023\/02\/1-Isere-776x776-1.png","width":776,"height":776,"caption":"Rafting auf der Is\u00e8re zwischen Bourg-St-Maurice und Centron"},{"@type":"BreadcrumbList","@id":"https:\/\/www.swissraft.ch\/de\/produkt\/rafting-in-der-savoie-lisere-bourg-st-maurice-centron-ab-chf-72-00\/#breadcrumb","itemListElement":[{"@type":"ListItem","position":1,"name":"Accueil","item":"https:\/\/www.swissraft.ch\/de\/"},{"@type":"ListItem","position":2,"name":"Shop","item":"https:\/\/www.swissraft.ch\/de\/shop\/"},{"@type":"ListItem","position":3,"name":"Rafting in der SAVOIE &#8211; L&rsquo;IS\u00c8RE &#8211; Bourg St. Maurice-Centron &#8211; Ab CHF 72.00"}]},{"@type":"WebSite","@id":"https:\/\/www.swissraft.ch\/de\/#website","url":"https:\/\/www.swissraft.ch\/de\/","name":"Swissraft","description":"To enjoy nature as it is","publisher":{"@id":"https:\/\/www.swissraft.ch\/de\/#organization"},"potentialAction":[{"@type":"SearchAction","target":{"@type":"EntryPoint","urlTemplate":"https:\/\/www.swissraft.ch\/de\/?s={search_term_string}"},"query-input":{"@type":"PropertyValueSpecification","valueRequired":true,"valueName":"search_term_string"}}],"inLanguage":"de"},{"@type":"Organization","@id":"https:\/\/www.swissraft.ch\/de\/#organization","name":"Swissraft","url":"https:\/\/www.swissraft.ch\/de\/","logo":{"@type":"ImageObject","inLanguage":"de","@id":"https:\/\/www.swissraft.ch\/de\/#\/schema\/logo\/image\/","url":"https:\/\/www.swissraft.ch\/wp-content\/uploads\/2025\/09\/Capture.jpg","contentUrl":"https:\/\/www.swissraft.ch\/wp-content\/uploads\/2025\/09\/Capture.jpg","width":293,"height":108,"caption":"Swissraft"},"image":{"@id":"https:\/\/www.swissraft.ch\/de\/#\/schema\/logo\/image\/"}}]}},"_links":{"self":[{"href":"https:\/\/www.swissraft.ch\/de\/wp-json\/wp\/v2\/product\/91589","targetHints":{"allow":["GET"]}}],"collection":[{"href":"https:\/\/www.swissraft.ch\/de\/wp-json\/wp\/v2\/product"}],"about":[{"href":"https:\/\/www.swissraft.ch\/de\/wp-json\/wp\/v2\/types\/product"}],"replies":[{"embeddable":true,"href":"https:\/\/www.swissraft.ch\/de\/wp-json\/wp\/v2\/comments?post=91589"}],"version-history":[{"count":0,"href":"https:\/\/www.swissraft.ch\/de\/wp-json\/wp\/v2\/product\/91589\/revisions"}],"wp:featuredmedia":[{"embeddable":true,"href":"https:\/\/www.swissraft.ch\/de\/wp-json\/wp\/v2\/media\/84643"}],"wp:attachment":[{"href":"https:\/\/www.swissraft.ch\/de\/wp-json\/wp\/v2\/media?parent=91589"}],"wp:term":[{"taxonomy":"product_cat","embeddable":true,"href":"https:\/\/www.swissraft.ch\/de\/wp-json\/wp\/v2\/product_cat?post=91589"},{"taxonomy":"product_tag","embeddable":true,"href":"https:\/\/www.swissraft.ch\/de\/wp-json\/wp\/v2\/product_tag?post=91589"}],"curies":[{"name":"wp","href":"https:\/\/api.w.org\/{rel}","templated":true}]}}