{"id":91586,"date":"2023-02-18T22:17:00","date_gmt":"2023-02-18T21:17:00","guid":{"rendered":"https:\/\/swissraft.xyanzkdne.eu\/product\/rafting-im-valais-rhone-souste-sierre-ab-chf-95-00\/"},"modified":"2026-04-09T22:38:06","modified_gmt":"2026-04-09T20:38:06","slug":"rafting-river-rafting-rhone-wallis-susten-siders","status":"publish","type":"product","link":"https:\/\/www.swissraft.ch\/de\/produkt\/rafting-river-rafting-rhone-wallis-susten-siders\/","title":{"rendered":"Rafting oder River Rafting im Wallis &#8211; Rhone &#8211; Susten-Siders &#8211; Ab CHF 95.00"},"content":{"rendered":"\t\t<div data-elementor-type=\"wp-post\" data-elementor-id=\"91586\" class=\"elementor elementor-91586 elementor-31022\">\n\t\t\t\t\t\t\t\t\t<section class=\"elementor-section elementor-top-section elementor-element elementor-element-3303a7e3 elementor-section-boxed elementor-section-height-default elementor-section-height-default\" data-id=\"3303a7e3\" data-element_type=\"section\">\n\t\t\t\t\t\t<div class=\"elementor-container elementor-column-gap-default\">\n\t\t\t\t\t<div class=\"elementor-column elementor-col-100 elementor-top-column elementor-element elementor-element-16d72dbf\" data-id=\"16d72dbf\" data-element_type=\"column\">\n\t\t\t<div class=\"elementor-widget-wrap elementor-element-populated\">\n\t\t\t\t\t\t\t\t<div class=\"elementor-element elementor-element-d743c03 elementor-widget elementor-widget-text-editor\" data-id=\"d743c03\" data-element_type=\"widget\" data-widget_type=\"text-editor.default\">\n\t\t\t\t<div class=\"elementor-widget-container\">\n\t\t\t\t\t\t\t<h2>W\u00c4HLEN SIE UNTEN IHRE AKTIVIT\u00c4T AUS, UM GESCHENKGUTSCHEINE \/ TICKETS ZU VERSCHENKEN ODER ZU BUCHEN<\/h2><table border=\"0\" width=\"580\" cellspacing=\"10\" cellpadding=\"10\"><tbody><tr><td width=\"50%\"><strong>RAFTING &#8211; RIVER RAFTING &#8211; RHONE + Imbiss<\/strong><\/td><td><strong>CHF 120.00 pro Person<span class=\"productPrice\"><br \/><\/span><\/strong><\/td><\/tr><tr><td>Zus\u00e4tzliche Informationen<\/td><td>&#8211; <span class=\"plbl\">Jugendpreis : <\/span><span class=\"patt\"><strong>CHF 95.00<\/strong> bis 18 j\u00e4hrig<\/span><span class=\"patt\"><br \/><\/span><span class=\"plbl\">&#8211; <\/span><span class=\"patt\">Ab 11 Pers. 10% : <strong>CHF 108.00<\/strong>\/Pers. <br \/>&#8211; Ab 21 Pers. 20% : <strong>CHF 96.00<\/strong>\/Pers.<strong><br \/><\/strong>&#8211; Mindestalter : 11 j\u00e4hrig<br \/>&#8211; Keine zus\u00e4tzlichen Rabatte auf Jugend- und Schultarife<br \/><\/span><span class=\"plbl\"><span class=\"patt\">&#8211; Schulpreis : <span class=\"patt\" style=\"font-family: inherit; font-size: inherit;\"><a href=\"https:\/\/www.swissraft.ch\/de\/produkt\/schulreise-wallis-rafting-rhone-sousten-siders\/\" target=\"_blank\" rel=\"noopener\">Klicken Sie hier<\/a><\/span><\/span><br \/><\/span><\/td><\/tr><tr><td>Strecke<\/td><td><strong>Susten-Siders<\/strong><\/td><\/tr><tr><td>Startzeiten<\/td><td>10:00 Uhr \/ 14:00 Uhr<\/td><\/tr><tr><td>Rafting<\/td><td>ca. 1:15 Std.<\/td><\/tr><tr><td>Gesamtdauer<\/td><td>ca. 2,5 Std.<\/td><\/tr><tr><td>Treffpunkt<\/td><td><a href=\"https:\/\/www.google.com\/maps\/place\/46%C2%B017'36.8%22N+7%C2%B033'29.6%22E\/@46.2936185,7.5540487,780m\/data=!3m1!1e3!4m4!3m3!8m2!3d46.2935556!4d7.5582222?entry=ttu\" target=\"_blank\" rel=\"noopener\">Siders<\/a><\/td><\/tr><tr><td>Schwierigkeitsgrad<\/td><td>3-3+<\/td><\/tr><tr><td><button class=\"elementor-button\" type=\"button\"><a href=\"https:\/\/swissraft.outdoorbooking.ch\/fo\/products\/1244?base_id=82&amp;category_id=1&amp;order_type=gift_voucher&amp;lang=de\" target=\"_blank\" rel=\"noopener\">GUTSCHEIN \/ TICKET KAUFEN<\/a><\/button><\/td><td style=\"text-align: left;\"><span style=\"color: #ff6600;\"><a href=\"https:\/\/swissraft.outdoorbooking.ch\/fo\/products\/1244?base_id=82&amp;category_id=1&amp;order_type=event&amp;lang=de\" target=\"_blank\" rel=\"noopener\">RESERVIEREN SIE EIN DATUM<\/a><\/span><\/td><\/tr><\/tbody><\/table>\t\t\t\t\t\t<\/div>\n\t\t\t\t<\/div>\n\t\t\t\t\t<\/div>\n\t\t<\/div>\n\t\t\t\t\t\t\t<\/div>\n\t\t<\/section>\n\t\t\t\t\t\t\t<\/div>\n\t\t","protected":false},"excerpt":{"rendered":"<div align=\"justify\">\n<h2 align=\"justify\">River Rafting auf der Rhone im Wallis genannt die wilde Rhone<\/h2>\n<h3>Die Rhone zwischen Susten und Siders wird Sie mit ihrer lebhaften w\u00e4hrend der Fahrt begeistern.<\/h3>\n<\/div>\n<div align=\"justify\">\n<p>Rafting auf der Rhone im Wallis. Von Susten bis Siders zieht die Rhone ihre Furchen durch das Tal. Au\u00dferdem ist die Raftingstrecke auf der Rhone im Wallis perfekt f\u00fcr diejenigen, die Action lieben. Auf dem Programm stehen sehr sch\u00f6ne und eindrucksvolle Stromschnellen.<\/p>\n<h3>Neben dem Rafting auf der Rhone im Wallis, der sogenannten Wilden Rhone, bieten wir noch weitere Strecken an<\/h3>\n<p id=\"textarea\" style=\"display: none;\">\nEbenfalls im Wallis k\u00f6nnen Sie auf der Vispa und der Dranse de Bagnes <strong>Rafting<\/strong> machen. Aber auch <strong>Rafting<\/strong> auf der Saane im Pays d&#8217;Enhaut im Kanton Waadt. Au\u00dferdem bieten wir Ihnen <strong>Riverrafting<\/strong> auf der L\u00fctschine im Berner Oberland und auf der Simme im Simmental an. Swissraft bietet auch <strong>Rafting<\/strong> auf dem Doron de Bozel und auf der Is\u00e8re an, ebenfalls in Hochsavoyen. Andererseits Riverrafting auf der Dranse in Hochsavoyen bei Thonon les Bains in der N\u00e4he von Genf. Ebenso Riverrafting auf dem Rhein in Graub\u00fcnden und <strong>Rafting<\/strong> auf dem Inn im Unterengadin.<br \/>\nAu\u00dferdem, wenn Sie eine ruhigere Fahrt bevorzugen, k\u00f6nnen Sie sich f\u00fcr <strong>das Easy rafting<\/strong> auf der Rhone zwischen Chippis und St. L\u00e9onard.\n<\/p>\n<p><a id=\"seeMore\" onclick=\"toggleSeeMore()\" href=\"javascript:void(0);\">Lesen Sie mehr<\/a><\/p>\n","protected":false},"featured_media":84688,"comment_status":"open","ping_status":"closed","template":"","meta":{"inline_featured_image":false,"_mi_skip_tracking":false},"product_cat":[344,251],"product_tag":[],"class_list":["post-91586","product","type-product","status-publish","has-post-thumbnail","hentry","product_cat-rafting-river-rafting-rhone-vispa-dranse-wallis","product_cat-rafting-river-rafting-in-der-schweiz"],"yoast_head":"<!-- This site is optimized with the Yoast SEO plugin v23.6 - https:\/\/yoast.com\/wordpress\/plugins\/seo\/ -->\n<title>Rafting auf der Rhone im Wallis. Von Susten nach Siders, wildes Rafting<\/title>\n<meta name=\"description\" content=\"Rafting auf der Rhone im Wallis. Von Susten bis Siders zieht die wilde Rhone ihre Furchen durch das Tal. Diese Riverrafting-Strecke ist f\u00fcr jedermann geeignet.\" \/>\n<meta name=\"robots\" content=\"index, follow, max-snippet:-1, max-image-preview:large, max-video-preview:-1\" \/>\n<link rel=\"canonical\" href=\"https:\/\/www.swissraft.ch\/de\/produkt\/rafting-river-rafting-rhone-wallis-susten-siders\/\" \/>\n<meta property=\"og:locale\" content=\"de_DE\" \/>\n<meta property=\"og:type\" content=\"article\" \/>\n<meta property=\"og:title\" content=\"Rafting auf der Rhone im Wallis. Von Susten nach Siders, wildes Rafting\" \/>\n<meta property=\"og:description\" content=\"Rafting auf der Rhone im Wallis. Von Susten bis Siders zieht die wilde Rhone ihre Furchen durch das Tal. Diese Riverrafting-Strecke ist f\u00fcr jedermann geeignet.\" \/>\n<meta property=\"og:url\" content=\"https:\/\/www.swissraft.ch\/de\/produkt\/rafting-river-rafting-rhone-wallis-susten-siders\/\" \/>\n<meta property=\"og:site_name\" content=\"Swissraft\" \/>\n<meta property=\"article:modified_time\" content=\"2026-04-09T20:38:06+00:00\" \/>\n<meta property=\"og:image\" content=\"https:\/\/www.swissraft.ch\/wp-content\/uploads\/2023\/02\/1-Rhone-776x776-1.jpg\" \/>\n\t<meta property=\"og:image:width\" content=\"776\" \/>\n\t<meta property=\"og:image:height\" content=\"776\" \/>\n\t<meta property=\"og:image:type\" content=\"image\/jpeg\" \/>\n<meta name=\"twitter:card\" content=\"summary_large_image\" \/>\n<meta name=\"twitter:label1\" content=\"Gesch\u00e4tzte Lesezeit\" \/>\n\t<meta name=\"twitter:data1\" content=\"1\u00a0Minute\" \/>\n<script type=\"application\/ld+json\" class=\"yoast-schema-graph\">{\"@context\":\"https:\/\/schema.org\",\"@graph\":[{\"@type\":\"WebPage\",\"@id\":\"https:\/\/www.swissraft.ch\/de\/produkt\/rafting-river-rafting-rhone-wallis-susten-siders\/\",\"url\":\"https:\/\/www.swissraft.ch\/de\/produkt\/rafting-river-rafting-rhone-wallis-susten-siders\/\",\"name\":\"Rafting auf der Rhone im Wallis. Von Susten nach Siders, wildes Rafting\",\"isPartOf\":{\"@id\":\"https:\/\/www.swissraft.ch\/de\/#website\"},\"primaryImageOfPage\":{\"@id\":\"https:\/\/www.swissraft.ch\/de\/produkt\/rafting-river-rafting-rhone-wallis-susten-siders\/#primaryimage\"},\"image\":{\"@id\":\"https:\/\/www.swissraft.ch\/de\/produkt\/rafting-river-rafting-rhone-wallis-susten-siders\/#primaryimage\"},\"thumbnailUrl\":\"https:\/\/www.swissraft.ch\/wp-content\/uploads\/2023\/02\/1-Rhone-776x776-1.jpg\",\"datePublished\":\"2023-02-18T21:17:00+00:00\",\"dateModified\":\"2026-04-09T20:38:06+00:00\",\"description\":\"Rafting auf der Rhone im Wallis. Von Susten bis Siders zieht die wilde Rhone ihre Furchen durch das Tal. Diese Riverrafting-Strecke ist f\u00fcr jedermann geeignet.\",\"breadcrumb\":{\"@id\":\"https:\/\/www.swissraft.ch\/de\/produkt\/rafting-river-rafting-rhone-wallis-susten-siders\/#breadcrumb\"},\"inLanguage\":\"de\",\"potentialAction\":[{\"@type\":\"ReadAction\",\"target\":[\"https:\/\/www.swissraft.ch\/de\/produkt\/rafting-river-rafting-rhone-wallis-susten-siders\/\"]}]},{\"@type\":\"ImageObject\",\"inLanguage\":\"de\",\"@id\":\"https:\/\/www.swissraft.ch\/de\/produkt\/rafting-river-rafting-rhone-wallis-susten-siders\/#primaryimage\",\"url\":\"https:\/\/www.swissraft.ch\/wp-content\/uploads\/2023\/02\/1-Rhone-776x776-1.jpg\",\"contentUrl\":\"https:\/\/www.swissraft.ch\/wp-content\/uploads\/2023\/02\/1-Rhone-776x776-1.jpg\",\"width\":776,\"height\":776,\"caption\":\"Rafting auf der Rhone\"},{\"@type\":\"BreadcrumbList\",\"@id\":\"https:\/\/www.swissraft.ch\/de\/produkt\/rafting-river-rafting-rhone-wallis-susten-siders\/#breadcrumb\",\"itemListElement\":[{\"@type\":\"ListItem\",\"position\":1,\"name\":\"Accueil\",\"item\":\"https:\/\/www.swissraft.ch\/de\/\"},{\"@type\":\"ListItem\",\"position\":2,\"name\":\"Shop\",\"item\":\"https:\/\/www.swissraft.ch\/de\/shop\/\"},{\"@type\":\"ListItem\",\"position\":3,\"name\":\"Rafting oder River Rafting im Wallis &#8211; Rhone &#8211; Susten-Siders &#8211; Ab CHF 95.00\"}]},{\"@type\":\"WebSite\",\"@id\":\"https:\/\/www.swissraft.ch\/de\/#website\",\"url\":\"https:\/\/www.swissraft.ch\/de\/\",\"name\":\"Swissraft\",\"description\":\"To enjoy nature as it is\",\"publisher\":{\"@id\":\"https:\/\/www.swissraft.ch\/de\/#organization\"},\"potentialAction\":[{\"@type\":\"SearchAction\",\"target\":{\"@type\":\"EntryPoint\",\"urlTemplate\":\"https:\/\/www.swissraft.ch\/de\/?s={search_term_string}\"},\"query-input\":{\"@type\":\"PropertyValueSpecification\",\"valueRequired\":true,\"valueName\":\"search_term_string\"}}],\"inLanguage\":\"de\"},{\"@type\":\"Organization\",\"@id\":\"https:\/\/www.swissraft.ch\/de\/#organization\",\"name\":\"Swissraft\",\"url\":\"https:\/\/www.swissraft.ch\/de\/\",\"logo\":{\"@type\":\"ImageObject\",\"inLanguage\":\"de\",\"@id\":\"https:\/\/www.swissraft.ch\/de\/#\/schema\/logo\/image\/\",\"url\":\"https:\/\/www.swissraft.ch\/wp-content\/uploads\/2025\/09\/Capture.jpg\",\"contentUrl\":\"https:\/\/www.swissraft.ch\/wp-content\/uploads\/2025\/09\/Capture.jpg\",\"width\":293,\"height\":108,\"caption\":\"Swissraft\"},\"image\":{\"@id\":\"https:\/\/www.swissraft.ch\/de\/#\/schema\/logo\/image\/\"}}]}<\/script>\n<!-- \/ Yoast SEO plugin. -->","yoast_head_json":{"title":"Rafting auf der Rhone im Wallis. Von Susten nach Siders, wildes Rafting","description":"Rafting auf der Rhone im Wallis. Von Susten bis Siders zieht die wilde Rhone ihre Furchen durch das Tal. Diese Riverrafting-Strecke ist f\u00fcr jedermann geeignet.","robots":{"index":"index","follow":"follow","max-snippet":"max-snippet:-1","max-image-preview":"max-image-preview:large","max-video-preview":"max-video-preview:-1"},"canonical":"https:\/\/www.swissraft.ch\/de\/produkt\/rafting-river-rafting-rhone-wallis-susten-siders\/","og_locale":"de_DE","og_type":"article","og_title":"Rafting auf der Rhone im Wallis. Von Susten nach Siders, wildes Rafting","og_description":"Rafting auf der Rhone im Wallis. Von Susten bis Siders zieht die wilde Rhone ihre Furchen durch das Tal. Diese Riverrafting-Strecke ist f\u00fcr jedermann geeignet.","og_url":"https:\/\/www.swissraft.ch\/de\/produkt\/rafting-river-rafting-rhone-wallis-susten-siders\/","og_site_name":"Swissraft","article_modified_time":"2026-04-09T20:38:06+00:00","og_image":[{"width":776,"height":776,"url":"https:\/\/www.swissraft.ch\/wp-content\/uploads\/2023\/02\/1-Rhone-776x776-1.jpg","type":"image\/jpeg"}],"twitter_card":"summary_large_image","twitter_misc":{"Gesch\u00e4tzte Lesezeit":"1\u00a0Minute"},"schema":{"@context":"https:\/\/schema.org","@graph":[{"@type":"WebPage","@id":"https:\/\/www.swissraft.ch\/de\/produkt\/rafting-river-rafting-rhone-wallis-susten-siders\/","url":"https:\/\/www.swissraft.ch\/de\/produkt\/rafting-river-rafting-rhone-wallis-susten-siders\/","name":"Rafting auf der Rhone im Wallis. Von Susten nach Siders, wildes Rafting","isPartOf":{"@id":"https:\/\/www.swissraft.ch\/de\/#website"},"primaryImageOfPage":{"@id":"https:\/\/www.swissraft.ch\/de\/produkt\/rafting-river-rafting-rhone-wallis-susten-siders\/#primaryimage"},"image":{"@id":"https:\/\/www.swissraft.ch\/de\/produkt\/rafting-river-rafting-rhone-wallis-susten-siders\/#primaryimage"},"thumbnailUrl":"https:\/\/www.swissraft.ch\/wp-content\/uploads\/2023\/02\/1-Rhone-776x776-1.jpg","datePublished":"2023-02-18T21:17:00+00:00","dateModified":"2026-04-09T20:38:06+00:00","description":"Rafting auf der Rhone im Wallis. Von Susten bis Siders zieht die wilde Rhone ihre Furchen durch das Tal. Diese Riverrafting-Strecke ist f\u00fcr jedermann geeignet.","breadcrumb":{"@id":"https:\/\/www.swissraft.ch\/de\/produkt\/rafting-river-rafting-rhone-wallis-susten-siders\/#breadcrumb"},"inLanguage":"de","potentialAction":[{"@type":"ReadAction","target":["https:\/\/www.swissraft.ch\/de\/produkt\/rafting-river-rafting-rhone-wallis-susten-siders\/"]}]},{"@type":"ImageObject","inLanguage":"de","@id":"https:\/\/www.swissraft.ch\/de\/produkt\/rafting-river-rafting-rhone-wallis-susten-siders\/#primaryimage","url":"https:\/\/www.swissraft.ch\/wp-content\/uploads\/2023\/02\/1-Rhone-776x776-1.jpg","contentUrl":"https:\/\/www.swissraft.ch\/wp-content\/uploads\/2023\/02\/1-Rhone-776x776-1.jpg","width":776,"height":776,"caption":"Rafting auf der Rhone"},{"@type":"BreadcrumbList","@id":"https:\/\/www.swissraft.ch\/de\/produkt\/rafting-river-rafting-rhone-wallis-susten-siders\/#breadcrumb","itemListElement":[{"@type":"ListItem","position":1,"name":"Accueil","item":"https:\/\/www.swissraft.ch\/de\/"},{"@type":"ListItem","position":2,"name":"Shop","item":"https:\/\/www.swissraft.ch\/de\/shop\/"},{"@type":"ListItem","position":3,"name":"Rafting oder River Rafting im Wallis &#8211; Rhone &#8211; Susten-Siders &#8211; Ab CHF 95.00"}]},{"@type":"WebSite","@id":"https:\/\/www.swissraft.ch\/de\/#website","url":"https:\/\/www.swissraft.ch\/de\/","name":"Swissraft","description":"To enjoy nature as it is","publisher":{"@id":"https:\/\/www.swissraft.ch\/de\/#organization"},"potentialAction":[{"@type":"SearchAction","target":{"@type":"EntryPoint","urlTemplate":"https:\/\/www.swissraft.ch\/de\/?s={search_term_string}"},"query-input":{"@type":"PropertyValueSpecification","valueRequired":true,"valueName":"search_term_string"}}],"inLanguage":"de"},{"@type":"Organization","@id":"https:\/\/www.swissraft.ch\/de\/#organization","name":"Swissraft","url":"https:\/\/www.swissraft.ch\/de\/","logo":{"@type":"ImageObject","inLanguage":"de","@id":"https:\/\/www.swissraft.ch\/de\/#\/schema\/logo\/image\/","url":"https:\/\/www.swissraft.ch\/wp-content\/uploads\/2025\/09\/Capture.jpg","contentUrl":"https:\/\/www.swissraft.ch\/wp-content\/uploads\/2025\/09\/Capture.jpg","width":293,"height":108,"caption":"Swissraft"},"image":{"@id":"https:\/\/www.swissraft.ch\/de\/#\/schema\/logo\/image\/"}}]}},"_links":{"self":[{"href":"https:\/\/www.swissraft.ch\/de\/wp-json\/wp\/v2\/product\/91586","targetHints":{"allow":["GET"]}}],"collection":[{"href":"https:\/\/www.swissraft.ch\/de\/wp-json\/wp\/v2\/product"}],"about":[{"href":"https:\/\/www.swissraft.ch\/de\/wp-json\/wp\/v2\/types\/product"}],"replies":[{"embeddable":true,"href":"https:\/\/www.swissraft.ch\/de\/wp-json\/wp\/v2\/comments?post=91586"}],"version-history":[{"count":65,"href":"https:\/\/www.swissraft.ch\/de\/wp-json\/wp\/v2\/product\/91586\/revisions"}],"predecessor-version":[{"id":138547,"href":"https:\/\/www.swissraft.ch\/de\/wp-json\/wp\/v2\/product\/91586\/revisions\/138547"}],"wp:featuredmedia":[{"embeddable":true,"href":"https:\/\/www.swissraft.ch\/de\/wp-json\/wp\/v2\/media\/84688"}],"wp:attachment":[{"href":"https:\/\/www.swissraft.ch\/de\/wp-json\/wp\/v2\/media?parent=91586"}],"wp:term":[{"taxonomy":"product_cat","embeddable":true,"href":"https:\/\/www.swissraft.ch\/de\/wp-json\/wp\/v2\/product_cat?post=91586"},{"taxonomy":"product_tag","embeddable":true,"href":"https:\/\/www.swissraft.ch\/de\/wp-json\/wp\/v2\/product_tag?post=91586"}],"curies":[{"name":"wp","href":"https:\/\/api.w.org\/{rel}","templated":true}]}}