{"id":91585,"date":"2023-02-18T16:15:42","date_gmt":"2023-02-18T15:15:42","guid":{"rendered":"https:\/\/swissraft.xyanzkdne.eu\/product\/rafting-in-der-savoie-lisere-et-le-doron-bourg-st-maurice-centron-brides-salins-ab-chf-120-00\/"},"modified":"2024-11-15T19:17:02","modified_gmt":"2024-11-15T18:17:02","slug":"rafting-in-der-savoie-lisere-et-le-doron-bourg-st-maurice-centron-brides-salins-ab-chf-120-00","status":"publish","type":"product","link":"https:\/\/www.swissraft.ch\/de\/produkt\/rafting-in-der-savoie-lisere-et-le-doron-bourg-st-maurice-centron-brides-salins-ab-chf-120-00\/","title":{"rendered":"Rafting in der SAVOIE &#8211; L&#8217;IS\u00c8RE ET LE DORON &#8211; Bourg St. Maurice-Centron &#8211; Brides-Salins &#8211; Ab CHF 120.00"},"content":{"rendered":"\t\t<div data-elementor-type=\"wp-post\" data-elementor-id=\"91585\" class=\"elementor elementor-91585 elementor-30976\">\n\t\t\t\t\t\t\t\t\t<section class=\"elementor-section elementor-top-section elementor-element elementor-element-3303a7e3 elementor-section-boxed elementor-section-height-default elementor-section-height-default\" data-id=\"3303a7e3\" data-element_type=\"section\">\n\t\t\t\t\t\t<div class=\"elementor-container elementor-column-gap-default\">\n\t\t\t\t\t<div class=\"elementor-column elementor-col-100 elementor-top-column elementor-element elementor-element-16d72dbf\" data-id=\"16d72dbf\" data-element_type=\"column\">\n\t\t\t<div class=\"elementor-widget-wrap elementor-element-populated\">\n\t\t\t\t\t\t\t\t<div class=\"elementor-element elementor-element-d743c03 elementor-widget elementor-widget-text-editor\" data-id=\"d743c03\" data-element_type=\"widget\" data-widget_type=\"text-editor.default\">\n\t\t\t\t<div class=\"elementor-widget-container\">\n\t\t\t\t\t\t\t<h2>W\u00c4HLEN SIE UNTEN IHRE AKTIVIT\u00c4T AUS, UM GESCHENKGUTSCHEINE \/ TICKETS ZU VERSCHENKEN ODER ZU BUCHEN.<\/h2>\n<table border=\"0\" width=\"580\" cellspacing=\"10\" cellpadding=\"10\">\n<tbody>\n<tr>\n<td width=\"50%\"><strong>1) L&#8217;IS\u00c8RE + LE DORON &#8211; Rafting Tag + Getr\u00e4nk<\/strong><\/td>\n<td><strong>CHF 150.00 pro Person<span class=\"productPrice\"><br \/><\/span><\/strong><\/td>\n<\/tr>\n<tr>\n<td>Weitere Informationen<\/td>\n<td><span class=\"plbl\">\u00c0<\/span><span class=\"patt\">  Ab 10 Personen. 10%: <strong>CHF 135.00 \/ Pers.<\/strong><br \/>Ab 21 Personen. 20%: <strong>CHF 120.00 \/ Pers.<br \/><\/strong>&#8211; Mindestalter 13 Jahre<\/span><\/td>\n<\/tr>\n<tr>\n<td>Zeitplan<\/td>\n<td>09h00<\/td>\n<\/tr>\n<tr>\n<td>Rafting<\/td>\n<td>ca. 4 Stunden<\/td>\n<\/tr>\n<tr>\n<td>Gesamtdauer<\/td>\n<td>ca. 6 Stunden<\/td>\n<\/tr>\n<tr>\n<td>Termine<\/td>\n<td><span style=\"color: #ff6600;\"><a style=\"color: #ff6600;\" href=\"https:\/\/www.google.com\/maps\/place\/45%C2%B031'56.1%22N+6%C2%B035'53.8%22E\/@45.5323176,6.5956707,502m\/data=!3m1!1e3!4m4!3m3!8m2!3d45.53225!4d6.5982778?entry=ttu\" target=\"_blank\" rel=\"noopener\">Centron<\/a><\/span><\/td>\n<\/tr>\n<tr>\n<td>Schwierigkeitsgrad<\/td>\n<td>Stufe 2-5<\/td>\n<\/tr>\n<tr>\n<td><button class=\"elementor-button\" type=\"button\"><a href=\"https:\/\/swissraft.outdoorbooking.ch\/fo\/products\/1139?base_id=1&amp;category_id=1&amp;order_type=gift_voucher&amp;lang=de\" target=\"_blank\" rel=\"noopener\">GESCHENKGUTSCHEIN<\/a><\/button><\/td>\n<td style=\"text-align: left;\"><span style=\"color: #ff6600;\"><a style=\"color: #ff6600;\" href=\"https:\/\/swissraft.outdoorbooking.ch\/fo\/products\/1139?base_id=1&amp;category_id=1&amp;order_type=event&amp;lang=de\" target=\"_blank\" rel=\"noopener\">BUCHEN<\/a><\/span><\/td>\n<\/tr>\n<\/tbody>\n<\/table>\n<table border=\"0\" width=\"580\" cellspacing=\"10\" cellpadding=\"10\">\n<tbody>\n<tr>\n<td width=\"50%\"><strong>2) L&#8217;IS\u00c8RE + LE DORON PRIVATE RAFT + Getr\u00e4nk (max. 6 Pers.) Pauschale<\/strong><\/td>\n<td><strong>CHF 840.00 Pauschale<span class=\"productPrice\"><br \/><\/span><\/strong><\/td>\n<\/tr>\n<tr>\n<td>Zus\u00e4tzliche Informationen<\/td>\n<td>&#8211; Mindestens 3 Personen pro Raft<br \/> &#8211;<span class=\"patt\"> Mindestalter 13 Jahre<\/span><\/td>\n<\/tr>\n<tr>\n<td>Zeitplan<\/td>\n<td>09h00<\/td>\n<\/tr>\n<tr>\n<td>Rafting<\/td>\n<td>ca. 4 Stunden<\/td>\n<\/tr>\n<tr>\n<td>Gesamtdauer<\/td>\n<td>ca. 6 Stunden<\/td>\n<\/tr>\n<tr>\n<td>Termine<\/td>\n<td><span style=\"color: #ff6600;\"><a style=\"color: #ff6600;\" href=\"https:\/\/www.google.com\/maps\/place\/45%C2%B031'56.1%22N+6%C2%B035'53.8%22E\/@45.5323176,6.5956707,502m\/data=!3m1!1e3!4m4!3m3!8m2!3d45.53225!4d6.5982778?entry=ttu\" target=\"_blank\" rel=\"noopener\">Centron<\/a><\/span><\/td>\n<\/tr>\n<tr>\n<td>Schwierigkeitsgrad<\/td>\n<td>Stufe 2-5<\/td>\n<\/tr>\n<tr>\n<td><button class=\"elementor-button\" type=\"button\"><a href=\"https:\/\/swissraft.outdoorbooking.ch\/fo\/products\/1140?base_id=1&amp;category_id=1&amp;order_type=gift_voucher&amp;lang=de\" target=\"_blank\" rel=\"noopener\">GESCHENKGUTSCHEIN<\/a><\/button><\/td>\n<td><span style=\"color: #ff6600;\"><a style=\"color: #ff6600;\" href=\"https:\/\/swissraft.outdoorbooking.ch\/fo\/products\/1140?base_id=1&amp;category_id=1&amp;order_type=event&amp;lang=de\" target=\"_blank\" rel=\"noopener\">BUCHEN<\/a><\/span><\/td>\n<\/tr>\n<\/tbody>\n<\/table>\n\t\t\t\t\t\t<\/div>\n\t\t\t\t<\/div>\n\t\t\t\t\t<\/div>\n\t\t<\/div>\n\t\t\t\t\t\t\t<\/div>\n\t\t<\/section>\n\t\t\t\t\t\t\t<\/div>\n\t\t","protected":false},"excerpt":{"rendered":"<div align=\"justify\">\n<h2 align=\"justify\">Rafting auf der Is\u00e8re und dem Doron de Bozel in Savoyen<\/h2>\n<h3>Adrenalin und starke Emotionen stehen auf dem Programm dieser beiden ber\u00fchmten Fl\u00fcsse.<\/h3>\n<\/div>\n<div align=\"justify\">\n<p><strong>Rafting<\/strong> auf der Is\u00e8re und dem Doron de Bozel in Savoyen. Zun\u00e4chst fahren Sie am Morgen die Is\u00e8re von Bourg St Maurice nach Centron hinunter. Nach der Mittagspause auf unserer Basis starten wir zu zwei <strong>sportlichen Abfahrten<\/strong> auf dem Doron de Bozel. Dieser Fluss liegt am Fu\u00dfe der renommierten Ferienorte der Trois Vall\u00e9es: Courchevel, M\u00e9ribel, Les M\u00e9nuires und Val Thorens. Einerseits k\u00f6nnen Sie unsere Grillstellen auf dem 2000 m2 gro\u00dfen, schattigen Gel\u00e4nde mit Tischen nutzen. Auf Wunsch k\u00f6nnen Sie auch Mahlzeiten f\u00fcr Ihre Ankunft an unserer Basis bestellen.<\/p>\n<h3>Swissraft bietet Ihnen mehrere Optionen f\u00fcr Rafting-Touren in der Schweiz an<\/h3>\n<p id=\"textarea\" style=\"display: none\">\nAu\u00dferdem bieten wir <strong>Riverrafting<\/strong> in der N\u00e4he von Genf auf der Dranse in Hochsavoyen bei Thonon-les-Bains an. Ebenso bieten wir <strong>Rafting<\/strong> auf der wilden Rh\u00f4ne zwischen Souste und Sierre an. Sowie <strong>Rafting<\/strong> auf der Dranse de Bagnes zwischen Voll\u00e8ges und Sembrancher. Auch Riverrafting auf der Visp, einem Fluss im Oberwallis von Stalden nach Visp. Au\u00dferdem machen wir <strong>Rafting<\/strong> auf der Saane zwischen Saanen und Ch\u00e2teau d&#8217;Oex im Kanton Waadt. Ebenfalls im Berner Oberland fahren wir auf der Simme im Simmental und auf der L\u00fctschine in der N\u00e4he von Interlaken. Sowie in Graub\u00fcnden mit dem ber\u00fchmten <a href=\"\/product\/rafting-sur-le-rhin-grisons-ilanz-reichenau\/\" target=\"_blank\" rel=\"noopener\"><strong>Swiss Grand Canyon<\/strong><\/a> zwischen Ilanz und Reichenau mit einer Strecke von 20 km. Auch Riverrafting auf dem Inn, der &#8222;K\u00f6nigin der Fl\u00fcsse&#8220; in Graub\u00fcnden im Engadin.\n<\/p>\n<p><a id=\"seeMore\" onclick=\"toggleSeeMore()\" href=\"javascript:void(0);\">Lesen Sie mehr<\/a><\/p>\n","protected":false},"featured_media":84736,"comment_status":"open","ping_status":"closed","template":"","meta":{"inline_featured_image":false,"_mi_skip_tracking":false},"product_cat":[251],"product_tag":[],"class_list":["post-91585","product","type-product","status-publish","has-post-thumbnail","hentry","product_cat-rafting-river-rafting-in-der-schweiz"],"yoast_head":"<!-- This site is optimized with the Yoast SEO plugin v23.6 - https:\/\/yoast.com\/wordpress\/plugins\/seo\/ -->\n<title>Rafting auf der Is\u00e8re und dem Doron de Bozel in Savoyen im benachbarten Frankreich<\/title>\n<meta name=\"description\" content=\"Rafting auf der Is\u00e8re und dem Doron de Bozel. Sie fahren auf der Is\u00e8re von Bourg-St-Maurice nach Centron und nach einem Picknick auf dem Doron de Bozel.\" \/>\n<meta name=\"robots\" content=\"index, follow, max-snippet:-1, max-image-preview:large, max-video-preview:-1\" \/>\n<link rel=\"canonical\" href=\"https:\/\/www.swissraft.ch\/de\/produkt\/rafting-in-der-savoie-lisere-et-le-doron-bourg-st-maurice-centron-brides-salins-ab-chf-120-00\/\" \/>\n<meta property=\"og:locale\" content=\"de_DE\" \/>\n<meta property=\"og:type\" content=\"article\" \/>\n<meta property=\"og:title\" content=\"Rafting auf der Is\u00e8re und dem Doron de Bozel in Savoyen im benachbarten Frankreich\" \/>\n<meta property=\"og:description\" content=\"Rafting auf der Is\u00e8re und dem Doron de Bozel. Sie fahren auf der Is\u00e8re von Bourg-St-Maurice nach Centron und nach einem Picknick auf dem Doron de Bozel.\" \/>\n<meta property=\"og:url\" content=\"https:\/\/www.swissraft.ch\/de\/produkt\/rafting-in-der-savoie-lisere-et-le-doron-bourg-st-maurice-centron-brides-salins-ab-chf-120-00\/\" \/>\n<meta property=\"og:site_name\" content=\"Swissraft\" \/>\n<meta property=\"article:modified_time\" content=\"2024-11-15T18:17:02+00:00\" \/>\n<meta property=\"og:image\" content=\"https:\/\/www.swissraft.ch\/wp-content\/uploads\/2023\/02\/1-1-Isere-776x776-2.jpg\" \/>\n\t<meta property=\"og:image:width\" content=\"776\" \/>\n\t<meta property=\"og:image:height\" content=\"776\" \/>\n\t<meta property=\"og:image:type\" content=\"image\/jpeg\" \/>\n<meta name=\"twitter:card\" content=\"summary_large_image\" \/>\n<script type=\"application\/ld+json\" class=\"yoast-schema-graph\">{\"@context\":\"https:\/\/schema.org\",\"@graph\":[{\"@type\":\"WebPage\",\"@id\":\"https:\/\/www.swissraft.ch\/de\/produkt\/rafting-in-der-savoie-lisere-et-le-doron-bourg-st-maurice-centron-brides-salins-ab-chf-120-00\/\",\"url\":\"https:\/\/www.swissraft.ch\/de\/produkt\/rafting-in-der-savoie-lisere-et-le-doron-bourg-st-maurice-centron-brides-salins-ab-chf-120-00\/\",\"name\":\"Rafting auf der Is\u00e8re und dem Doron de Bozel in Savoyen im benachbarten Frankreich\",\"isPartOf\":{\"@id\":\"https:\/\/www.swissraft.ch\/de\/#website\"},\"primaryImageOfPage\":{\"@id\":\"https:\/\/www.swissraft.ch\/de\/produkt\/rafting-in-der-savoie-lisere-et-le-doron-bourg-st-maurice-centron-brides-salins-ab-chf-120-00\/#primaryimage\"},\"image\":{\"@id\":\"https:\/\/www.swissraft.ch\/de\/produkt\/rafting-in-der-savoie-lisere-et-le-doron-bourg-st-maurice-centron-brides-salins-ab-chf-120-00\/#primaryimage\"},\"thumbnailUrl\":\"https:\/\/www.swissraft.ch\/wp-content\/uploads\/2023\/02\/1-1-Isere-776x776-2.jpg\",\"datePublished\":\"2023-02-18T15:15:42+00:00\",\"dateModified\":\"2024-11-15T18:17:02+00:00\",\"description\":\"Rafting auf der Is\u00e8re und dem Doron de Bozel. Sie fahren auf der Is\u00e8re von Bourg-St-Maurice nach Centron und nach einem Picknick auf dem Doron de Bozel.\",\"breadcrumb\":{\"@id\":\"https:\/\/www.swissraft.ch\/de\/produkt\/rafting-in-der-savoie-lisere-et-le-doron-bourg-st-maurice-centron-brides-salins-ab-chf-120-00\/#breadcrumb\"},\"inLanguage\":\"de\",\"potentialAction\":[{\"@type\":\"ReadAction\",\"target\":[\"https:\/\/www.swissraft.ch\/de\/produkt\/rafting-in-der-savoie-lisere-et-le-doron-bourg-st-maurice-centron-brides-salins-ab-chf-120-00\/\"]}]},{\"@type\":\"ImageObject\",\"inLanguage\":\"de\",\"@id\":\"https:\/\/www.swissraft.ch\/de\/produkt\/rafting-in-der-savoie-lisere-et-le-doron-bourg-st-maurice-centron-brides-salins-ab-chf-120-00\/#primaryimage\",\"url\":\"https:\/\/www.swissraft.ch\/wp-content\/uploads\/2023\/02\/1-1-Isere-776x776-2.jpg\",\"contentUrl\":\"https:\/\/www.swissraft.ch\/wp-content\/uploads\/2023\/02\/1-1-Isere-776x776-2.jpg\",\"width\":776,\"height\":776,\"caption\":\"Rafting auf der Is\u00e8re und dem Doron de Bozel\"},{\"@type\":\"BreadcrumbList\",\"@id\":\"https:\/\/www.swissraft.ch\/de\/produkt\/rafting-in-der-savoie-lisere-et-le-doron-bourg-st-maurice-centron-brides-salins-ab-chf-120-00\/#breadcrumb\",\"itemListElement\":[{\"@type\":\"ListItem\",\"position\":1,\"name\":\"Accueil\",\"item\":\"https:\/\/www.swissraft.ch\/de\/\"},{\"@type\":\"ListItem\",\"position\":2,\"name\":\"Shop\",\"item\":\"https:\/\/www.swissraft.ch\/de\/shop\/\"},{\"@type\":\"ListItem\",\"position\":3,\"name\":\"Rafting in der SAVOIE &#8211; L&#8217;IS\u00c8RE ET LE DORON &#8211; Bourg St. Maurice-Centron &#8211; Brides-Salins &#8211; Ab CHF 120.00\"}]},{\"@type\":\"WebSite\",\"@id\":\"https:\/\/www.swissraft.ch\/de\/#website\",\"url\":\"https:\/\/www.swissraft.ch\/de\/\",\"name\":\"Swissraft\",\"description\":\"To enjoy nature as it is\",\"publisher\":{\"@id\":\"https:\/\/www.swissraft.ch\/de\/#organization\"},\"potentialAction\":[{\"@type\":\"SearchAction\",\"target\":{\"@type\":\"EntryPoint\",\"urlTemplate\":\"https:\/\/www.swissraft.ch\/de\/?s={search_term_string}\"},\"query-input\":{\"@type\":\"PropertyValueSpecification\",\"valueRequired\":true,\"valueName\":\"search_term_string\"}}],\"inLanguage\":\"de\"},{\"@type\":\"Organization\",\"@id\":\"https:\/\/www.swissraft.ch\/de\/#organization\",\"name\":\"Swissraft\",\"url\":\"https:\/\/www.swissraft.ch\/de\/\",\"logo\":{\"@type\":\"ImageObject\",\"inLanguage\":\"de\",\"@id\":\"https:\/\/www.swissraft.ch\/de\/#\/schema\/logo\/image\/\",\"url\":\"https:\/\/www.swissraft.ch\/wp-content\/uploads\/2025\/09\/Capture.jpg\",\"contentUrl\":\"https:\/\/www.swissraft.ch\/wp-content\/uploads\/2025\/09\/Capture.jpg\",\"width\":293,\"height\":108,\"caption\":\"Swissraft\"},\"image\":{\"@id\":\"https:\/\/www.swissraft.ch\/de\/#\/schema\/logo\/image\/\"}}]}<\/script>\n<!-- \/ Yoast SEO plugin. -->","yoast_head_json":{"title":"Rafting auf der Is\u00e8re und dem Doron de Bozel in Savoyen im benachbarten Frankreich","description":"Rafting auf der Is\u00e8re und dem Doron de Bozel. Sie fahren auf der Is\u00e8re von Bourg-St-Maurice nach Centron und nach einem Picknick auf dem Doron de Bozel.","robots":{"index":"index","follow":"follow","max-snippet":"max-snippet:-1","max-image-preview":"max-image-preview:large","max-video-preview":"max-video-preview:-1"},"canonical":"https:\/\/www.swissraft.ch\/de\/produkt\/rafting-in-der-savoie-lisere-et-le-doron-bourg-st-maurice-centron-brides-salins-ab-chf-120-00\/","og_locale":"de_DE","og_type":"article","og_title":"Rafting auf der Is\u00e8re und dem Doron de Bozel in Savoyen im benachbarten Frankreich","og_description":"Rafting auf der Is\u00e8re und dem Doron de Bozel. Sie fahren auf der Is\u00e8re von Bourg-St-Maurice nach Centron und nach einem Picknick auf dem Doron de Bozel.","og_url":"https:\/\/www.swissraft.ch\/de\/produkt\/rafting-in-der-savoie-lisere-et-le-doron-bourg-st-maurice-centron-brides-salins-ab-chf-120-00\/","og_site_name":"Swissraft","article_modified_time":"2024-11-15T18:17:02+00:00","og_image":[{"width":776,"height":776,"url":"https:\/\/www.swissraft.ch\/wp-content\/uploads\/2023\/02\/1-1-Isere-776x776-2.jpg","type":"image\/jpeg"}],"twitter_card":"summary_large_image","schema":{"@context":"https:\/\/schema.org","@graph":[{"@type":"WebPage","@id":"https:\/\/www.swissraft.ch\/de\/produkt\/rafting-in-der-savoie-lisere-et-le-doron-bourg-st-maurice-centron-brides-salins-ab-chf-120-00\/","url":"https:\/\/www.swissraft.ch\/de\/produkt\/rafting-in-der-savoie-lisere-et-le-doron-bourg-st-maurice-centron-brides-salins-ab-chf-120-00\/","name":"Rafting auf der Is\u00e8re und dem Doron de Bozel in Savoyen im benachbarten Frankreich","isPartOf":{"@id":"https:\/\/www.swissraft.ch\/de\/#website"},"primaryImageOfPage":{"@id":"https:\/\/www.swissraft.ch\/de\/produkt\/rafting-in-der-savoie-lisere-et-le-doron-bourg-st-maurice-centron-brides-salins-ab-chf-120-00\/#primaryimage"},"image":{"@id":"https:\/\/www.swissraft.ch\/de\/produkt\/rafting-in-der-savoie-lisere-et-le-doron-bourg-st-maurice-centron-brides-salins-ab-chf-120-00\/#primaryimage"},"thumbnailUrl":"https:\/\/www.swissraft.ch\/wp-content\/uploads\/2023\/02\/1-1-Isere-776x776-2.jpg","datePublished":"2023-02-18T15:15:42+00:00","dateModified":"2024-11-15T18:17:02+00:00","description":"Rafting auf der Is\u00e8re und dem Doron de Bozel. Sie fahren auf der Is\u00e8re von Bourg-St-Maurice nach Centron und nach einem Picknick auf dem Doron de Bozel.","breadcrumb":{"@id":"https:\/\/www.swissraft.ch\/de\/produkt\/rafting-in-der-savoie-lisere-et-le-doron-bourg-st-maurice-centron-brides-salins-ab-chf-120-00\/#breadcrumb"},"inLanguage":"de","potentialAction":[{"@type":"ReadAction","target":["https:\/\/www.swissraft.ch\/de\/produkt\/rafting-in-der-savoie-lisere-et-le-doron-bourg-st-maurice-centron-brides-salins-ab-chf-120-00\/"]}]},{"@type":"ImageObject","inLanguage":"de","@id":"https:\/\/www.swissraft.ch\/de\/produkt\/rafting-in-der-savoie-lisere-et-le-doron-bourg-st-maurice-centron-brides-salins-ab-chf-120-00\/#primaryimage","url":"https:\/\/www.swissraft.ch\/wp-content\/uploads\/2023\/02\/1-1-Isere-776x776-2.jpg","contentUrl":"https:\/\/www.swissraft.ch\/wp-content\/uploads\/2023\/02\/1-1-Isere-776x776-2.jpg","width":776,"height":776,"caption":"Rafting auf der Is\u00e8re und dem Doron de Bozel"},{"@type":"BreadcrumbList","@id":"https:\/\/www.swissraft.ch\/de\/produkt\/rafting-in-der-savoie-lisere-et-le-doron-bourg-st-maurice-centron-brides-salins-ab-chf-120-00\/#breadcrumb","itemListElement":[{"@type":"ListItem","position":1,"name":"Accueil","item":"https:\/\/www.swissraft.ch\/de\/"},{"@type":"ListItem","position":2,"name":"Shop","item":"https:\/\/www.swissraft.ch\/de\/shop\/"},{"@type":"ListItem","position":3,"name":"Rafting in der SAVOIE &#8211; L&#8217;IS\u00c8RE ET LE DORON &#8211; Bourg St. Maurice-Centron &#8211; Brides-Salins &#8211; Ab CHF 120.00"}]},{"@type":"WebSite","@id":"https:\/\/www.swissraft.ch\/de\/#website","url":"https:\/\/www.swissraft.ch\/de\/","name":"Swissraft","description":"To enjoy nature as it is","publisher":{"@id":"https:\/\/www.swissraft.ch\/de\/#organization"},"potentialAction":[{"@type":"SearchAction","target":{"@type":"EntryPoint","urlTemplate":"https:\/\/www.swissraft.ch\/de\/?s={search_term_string}"},"query-input":{"@type":"PropertyValueSpecification","valueRequired":true,"valueName":"search_term_string"}}],"inLanguage":"de"},{"@type":"Organization","@id":"https:\/\/www.swissraft.ch\/de\/#organization","name":"Swissraft","url":"https:\/\/www.swissraft.ch\/de\/","logo":{"@type":"ImageObject","inLanguage":"de","@id":"https:\/\/www.swissraft.ch\/de\/#\/schema\/logo\/image\/","url":"https:\/\/www.swissraft.ch\/wp-content\/uploads\/2025\/09\/Capture.jpg","contentUrl":"https:\/\/www.swissraft.ch\/wp-content\/uploads\/2025\/09\/Capture.jpg","width":293,"height":108,"caption":"Swissraft"},"image":{"@id":"https:\/\/www.swissraft.ch\/de\/#\/schema\/logo\/image\/"}}]}},"_links":{"self":[{"href":"https:\/\/www.swissraft.ch\/de\/wp-json\/wp\/v2\/product\/91585","targetHints":{"allow":["GET"]}}],"collection":[{"href":"https:\/\/www.swissraft.ch\/de\/wp-json\/wp\/v2\/product"}],"about":[{"href":"https:\/\/www.swissraft.ch\/de\/wp-json\/wp\/v2\/types\/product"}],"replies":[{"embeddable":true,"href":"https:\/\/www.swissraft.ch\/de\/wp-json\/wp\/v2\/comments?post=91585"}],"version-history":[{"count":0,"href":"https:\/\/www.swissraft.ch\/de\/wp-json\/wp\/v2\/product\/91585\/revisions"}],"wp:featuredmedia":[{"embeddable":true,"href":"https:\/\/www.swissraft.ch\/de\/wp-json\/wp\/v2\/media\/84736"}],"wp:attachment":[{"href":"https:\/\/www.swissraft.ch\/de\/wp-json\/wp\/v2\/media?parent=91585"}],"wp:term":[{"taxonomy":"product_cat","embeddable":true,"href":"https:\/\/www.swissraft.ch\/de\/wp-json\/wp\/v2\/product_cat?post=91585"},{"taxonomy":"product_tag","embeddable":true,"href":"https:\/\/www.swissraft.ch\/de\/wp-json\/wp\/v2\/product_tag?post=91585"}],"curies":[{"name":"wp","href":"https:\/\/api.w.org\/{rel}","templated":true}]}}