{"id":91582,"date":"2023-02-18T22:05:56","date_gmt":"2023-02-18T21:05:56","guid":{"rendered":"https:\/\/swissraft.xyanzkdne.eu\/product\/rafting-im-valais-la-dranse-de-bagnes-volleges-sembrancher-ab-chf-92-00\/"},"modified":"2026-04-09T22:21:49","modified_gmt":"2026-04-09T20:21:49","slug":"rafting-river-rafting-wallis-dranse-de-bagnes-volleges-sembrancher","status":"publish","type":"product","link":"https:\/\/www.swissraft.ch\/de\/produkt\/rafting-river-rafting-wallis-dranse-de-bagnes-volleges-sembrancher\/","title":{"rendered":"Rafting oder River Rafting im Wallis &#8211; La Dranse de Bagnes &#8211; Voll\u00e8ges-Sembrancher &#8211; Ab CHF 92.00"},"content":{"rendered":"\t\t<div data-elementor-type=\"wp-post\" data-elementor-id=\"91582\" class=\"elementor elementor-91582 elementor-31017\">\n\t\t\t\t\t\t\t\t\t<section class=\"elementor-section elementor-top-section elementor-element elementor-element-3303a7e3 elementor-section-boxed elementor-section-height-default elementor-section-height-default\" data-id=\"3303a7e3\" data-element_type=\"section\">\n\t\t\t\t\t\t<div class=\"elementor-container elementor-column-gap-default\">\n\t\t\t\t\t<div class=\"elementor-column elementor-col-100 elementor-top-column elementor-element elementor-element-16d72dbf\" data-id=\"16d72dbf\" data-element_type=\"column\">\n\t\t\t<div class=\"elementor-widget-wrap elementor-element-populated\">\n\t\t\t\t\t\t\t\t<div class=\"elementor-element elementor-element-d743c03 elementor-widget elementor-widget-text-editor\" data-id=\"d743c03\" data-element_type=\"widget\" data-widget_type=\"text-editor.default\">\n\t\t\t\t<div class=\"elementor-widget-container\">\n\t\t\t\t\t\t\t<h2>W\u00c4HLEN SIE UNTEN IHRE AKTIVIT\u00c4T AUS, UM GESCHENKGUTSCHEINE \/ TICKETS ZU VERSCHENKEN ODER ZU BUCHEN<\/h2><table border=\"0\" width=\"580\" cellspacing=\"10\" cellpadding=\"10\"><tbody><tr><td width=\"50%\"><strong>RAFTING &#8211; RIVER RAFTING &#8211; DRANSE DE BAGNES + Imbiss<\/strong><\/td><td><strong>CHF 120.00 pro Person<span class=\"productPrice\"><br \/><\/span><\/strong><\/td><\/tr><tr><td>Zus\u00e4tzliche Informationen<\/td><td>&#8211; <span class=\"plbl\">Jugendpreis <\/span>: <span class=\"patt\">CHF 92.00 bis 18 j\u00e4hrig<br \/><\/span> &#8211; <span class=\"patt\">Ab 10 Pers. 10% : <strong>CHF 108.00<\/strong>\/Pers.<br \/>&#8211; Ab 21 Pers. 20% : <strong>CHF 96.00<\/strong>\/Pers.<strong><br \/><\/strong>&#8211; Mindestalter : 8 j\u00e4hrig<br \/><span class=\"plbl\">&#8211; Schulpreis : <span class=\"patt\" style=\"font-family: inherit; font-size: inherit;\"><a href=\"https:\/\/www.swissraft.ch\/de\/produkt\/schulreise-wallis-rafting-dranse-de-bagnes-volleges-sembrancher\/\" target=\"_blank\" rel=\"noopener\">Klicken Sie hier<\/a><\/span><\/span><\/span><\/td><\/tr><tr><td>Strecke<\/td><td><strong>Voll\u00e8ges-Sembrancher<\/strong><\/td><\/tr><tr><td>Startzeiten<\/td><td>10:00 Uhr \/ 14:00 Uhr<\/td><\/tr><tr><td>Rafting<\/td><td>ca. 1 Std.<\/td><\/tr><tr><td>Gesamtdauer<\/td><td>ca. 2:15 Std.<\/td><\/tr><tr><td>Treffpunkt<\/td><td><span style=\"color: #ff6600;\"><a href=\"https:\/\/www.google.com\/maps\/place\/46%C2%B004'41.7%22N+7%C2%B008'38.0%22E\/@46.0783691,7.1393828,783m\/data=!3m1!1e3!4m4!3m3!8m2!3d46.07825!4d7.1438889?entry=ttu\" target=\"_blank\" rel=\"noopener\">Restaurant &#8222;Le Cellier Valaisan&#8220; (Walliser Keller)<\/a><\/span><\/td><\/tr><tr><td>Schwierigkeitsgrad<\/td><td>2-3<\/td><\/tr><tr><td><button class=\"elementor-button\" type=\"button\"><a href=\"https:\/\/swissraft.outdoorbooking.ch\/fo\/products\/1316?base_id=82&amp;category_id=1&amp;order_type=gift_voucher&amp;lang=fr\" target=\"_blank\" rel=\"noopener\">GUTSCHEIN \/ TICKET KAUFEN<\/a><\/button><\/td><td style=\"text-align: left;\"><span style=\"color: #ff6600;\"><a href=\"https:\/\/swissraft.outdoorbooking.ch\/fo\/products\/1316?base_id=82&amp;category_id=1&amp;order_type=event&amp;lang=fr\" target=\"_blank\" rel=\"noopener\">RESERVIEREN SIE EIN DATUM<\/a><\/span><\/td><\/tr><\/tbody><\/table>\t\t\t\t\t\t<\/div>\n\t\t\t\t<\/div>\n\t\t\t\t\t<\/div>\n\t\t<\/div>\n\t\t\t\t\t\t\t<\/div>\n\t\t<\/section>\n\t\t\t\t\t\t\t<\/div>\n\t\t","protected":false},"excerpt":{"rendered":"<div align=\"justify\">\n<h2 align=\"justify\">River Rafting auf der Dranse de Bagnes, relativ kurze, aber intensive Raftingstrecke<\/h2>\n<h3>Abenteuer und Emotionen sind die Zutaten f\u00fcr diese Riverrafting-Tour zwischen Voll\u00e8ges und Sembrancher im Wallis.<\/h3>\n<\/div>\n<div align=\"justify\">\n<p>Rafting auf der Dranse de Bagnes im Wallis. Von Voll\u00e8ges bis Sembrancher, tauchen Sie ein in das Abenteuer. Auf der Dranse de Bagnes bietet Ihnen dieser rei\u00dfende Fluss sportliches <strong>Rafting<\/strong>, das sowohl f\u00fcr Anf\u00e4nger als auch f\u00fcr erfahrene Rafting-Fahrer geeignet ist.<\/p>\n<h3>Eine gro\u00dfe Anzahl von <strong>Rafting-Touren<\/strong> steht Ihnen zur Verf\u00fcgung.<\/h3>\n<p id=\"textarea\" style=\"display: none;\">\nEbenso auf der Vispa und auf der Dranse von Bagnes bis Sembrancher, ebenfalls im Wallis. Aber auch <strong>Rafting<\/strong> auf der Saane im Pays d&#8217;Enhaut zwischen Saanen und Les Moulins in Ch\u00e2teau d&#8217;oex. Swissraft bietet auch <strong>Riverrafting<\/strong> auf der Is\u00e8re und dem Doron de Bozel an. Andererseits Rafting auf der Dranse in Hochsavoyen bei Thonon les Bains in der N\u00e4he von Genf. Dar\u00fcber hinaus bietet Swissraft <strong>Riverrafting<\/strong> auf der L\u00fctschine im Berner Oberland und auf der Simme im Simmental an. <strong>Rafting<\/strong> auf dem Rhein in Graub\u00fcnden und auf dem Inn im Engadin von Scuol aus.\n<\/p>\n<p><a id=\"seeMore\" onclick=\"toggleSeeMore()\" href=\"javascript:void(0);\">Lesen Sie mehr<\/a><\/p>\n","protected":false},"featured_media":84673,"comment_status":"open","ping_status":"closed","template":"","meta":{"inline_featured_image":false,"_mi_skip_tracking":false},"product_cat":[344,251],"product_tag":[],"class_list":["post-91582","product","type-product","status-publish","has-post-thumbnail","hentry","product_cat-rafting-river-rafting-rhone-vispa-dranse-wallis","product_cat-rafting-river-rafting-in-der-schweiz"],"yoast_head":"<!-- This site is optimized with the Yoast SEO plugin v23.6 - https:\/\/yoast.com\/wordpress\/plugins\/seo\/ -->\n<title>Rafting auf der Dranse de Bagnes - von Voll\u00e8ges nach Sembrancher<\/title>\n<meta name=\"description\" content=\"Rafting auf der Dranse de Bagnes im Wallis. Diese Strecke auf der Dranse bietet Ihnen eine sportliche Abfahrt, die sowohl f\u00fcr Anf\u00e4nger als auch f\u00fcr erfahrene Rafter geeignet ist.\" \/>\n<meta name=\"robots\" content=\"index, follow, max-snippet:-1, max-image-preview:large, max-video-preview:-1\" \/>\n<link rel=\"canonical\" href=\"https:\/\/www.swissraft.ch\/de\/produkt\/rafting-river-rafting-wallis-dranse-de-bagnes-volleges-sembrancher\/\" \/>\n<meta property=\"og:locale\" content=\"de_DE\" \/>\n<meta property=\"og:type\" content=\"article\" \/>\n<meta property=\"og:title\" content=\"Rafting auf der Dranse de Bagnes - von Voll\u00e8ges nach Sembrancher\" \/>\n<meta property=\"og:description\" content=\"Rafting auf der Dranse de Bagnes im Wallis. Diese Strecke auf der Dranse bietet Ihnen eine sportliche Abfahrt, die sowohl f\u00fcr Anf\u00e4nger als auch f\u00fcr erfahrene Rafter geeignet ist.\" \/>\n<meta property=\"og:url\" content=\"https:\/\/www.swissraft.ch\/de\/produkt\/rafting-river-rafting-wallis-dranse-de-bagnes-volleges-sembrancher\/\" \/>\n<meta property=\"og:site_name\" content=\"Swissraft\" \/>\n<meta property=\"article:modified_time\" content=\"2026-04-09T20:21:49+00:00\" \/>\n<meta property=\"og:image\" content=\"https:\/\/www.swissraft.ch\/wp-content\/uploads\/2023\/02\/1-Dranse-de-Bagnes-776x776-1.png\" \/>\n\t<meta property=\"og:image:width\" content=\"776\" \/>\n\t<meta property=\"og:image:height\" content=\"776\" \/>\n\t<meta property=\"og:image:type\" content=\"image\/png\" \/>\n<meta name=\"twitter:card\" content=\"summary_large_image\" \/>\n<meta name=\"twitter:label1\" content=\"Gesch\u00e4tzte Lesezeit\" \/>\n\t<meta name=\"twitter:data1\" content=\"1\u00a0Minute\" \/>\n<script type=\"application\/ld+json\" class=\"yoast-schema-graph\">{\"@context\":\"https:\/\/schema.org\",\"@graph\":[{\"@type\":\"WebPage\",\"@id\":\"https:\/\/www.swissraft.ch\/de\/produkt\/rafting-river-rafting-wallis-dranse-de-bagnes-volleges-sembrancher\/\",\"url\":\"https:\/\/www.swissraft.ch\/de\/produkt\/rafting-river-rafting-wallis-dranse-de-bagnes-volleges-sembrancher\/\",\"name\":\"Rafting auf der Dranse de Bagnes - von Voll\u00e8ges nach Sembrancher\",\"isPartOf\":{\"@id\":\"https:\/\/www.swissraft.ch\/de\/#website\"},\"primaryImageOfPage\":{\"@id\":\"https:\/\/www.swissraft.ch\/de\/produkt\/rafting-river-rafting-wallis-dranse-de-bagnes-volleges-sembrancher\/#primaryimage\"},\"image\":{\"@id\":\"https:\/\/www.swissraft.ch\/de\/produkt\/rafting-river-rafting-wallis-dranse-de-bagnes-volleges-sembrancher\/#primaryimage\"},\"thumbnailUrl\":\"https:\/\/www.swissraft.ch\/wp-content\/uploads\/2023\/02\/1-Dranse-de-Bagnes-776x776-1.png\",\"datePublished\":\"2023-02-18T21:05:56+00:00\",\"dateModified\":\"2026-04-09T20:21:49+00:00\",\"description\":\"Rafting auf der Dranse de Bagnes im Wallis. Diese Strecke auf der Dranse bietet Ihnen eine sportliche Abfahrt, die sowohl f\u00fcr Anf\u00e4nger als auch f\u00fcr erfahrene Rafter geeignet ist.\",\"breadcrumb\":{\"@id\":\"https:\/\/www.swissraft.ch\/de\/produkt\/rafting-river-rafting-wallis-dranse-de-bagnes-volleges-sembrancher\/#breadcrumb\"},\"inLanguage\":\"de\",\"potentialAction\":[{\"@type\":\"ReadAction\",\"target\":[\"https:\/\/www.swissraft.ch\/de\/produkt\/rafting-river-rafting-wallis-dranse-de-bagnes-volleges-sembrancher\/\"]}]},{\"@type\":\"ImageObject\",\"inLanguage\":\"de\",\"@id\":\"https:\/\/www.swissraft.ch\/de\/produkt\/rafting-river-rafting-wallis-dranse-de-bagnes-volleges-sembrancher\/#primaryimage\",\"url\":\"https:\/\/www.swissraft.ch\/wp-content\/uploads\/2023\/02\/1-Dranse-de-Bagnes-776x776-1.png\",\"contentUrl\":\"https:\/\/www.swissraft.ch\/wp-content\/uploads\/2023\/02\/1-Dranse-de-Bagnes-776x776-1.png\",\"width\":776,\"height\":776,\"caption\":\"Rafting auf der Dranse de Bagnes\"},{\"@type\":\"BreadcrumbList\",\"@id\":\"https:\/\/www.swissraft.ch\/de\/produkt\/rafting-river-rafting-wallis-dranse-de-bagnes-volleges-sembrancher\/#breadcrumb\",\"itemListElement\":[{\"@type\":\"ListItem\",\"position\":1,\"name\":\"Accueil\",\"item\":\"https:\/\/www.swissraft.ch\/de\/\"},{\"@type\":\"ListItem\",\"position\":2,\"name\":\"Shop\",\"item\":\"https:\/\/www.swissraft.ch\/de\/shop\/\"},{\"@type\":\"ListItem\",\"position\":3,\"name\":\"Rafting oder River Rafting im Wallis &#8211; La Dranse de Bagnes &#8211; Voll\u00e8ges-Sembrancher &#8211; Ab CHF 92.00\"}]},{\"@type\":\"WebSite\",\"@id\":\"https:\/\/www.swissraft.ch\/de\/#website\",\"url\":\"https:\/\/www.swissraft.ch\/de\/\",\"name\":\"Swissraft\",\"description\":\"To enjoy nature as it is\",\"publisher\":{\"@id\":\"https:\/\/www.swissraft.ch\/de\/#organization\"},\"potentialAction\":[{\"@type\":\"SearchAction\",\"target\":{\"@type\":\"EntryPoint\",\"urlTemplate\":\"https:\/\/www.swissraft.ch\/de\/?s={search_term_string}\"},\"query-input\":{\"@type\":\"PropertyValueSpecification\",\"valueRequired\":true,\"valueName\":\"search_term_string\"}}],\"inLanguage\":\"de\"},{\"@type\":\"Organization\",\"@id\":\"https:\/\/www.swissraft.ch\/de\/#organization\",\"name\":\"Swissraft\",\"url\":\"https:\/\/www.swissraft.ch\/de\/\",\"logo\":{\"@type\":\"ImageObject\",\"inLanguage\":\"de\",\"@id\":\"https:\/\/www.swissraft.ch\/de\/#\/schema\/logo\/image\/\",\"url\":\"https:\/\/www.swissraft.ch\/wp-content\/uploads\/2025\/09\/Capture.jpg\",\"contentUrl\":\"https:\/\/www.swissraft.ch\/wp-content\/uploads\/2025\/09\/Capture.jpg\",\"width\":293,\"height\":108,\"caption\":\"Swissraft\"},\"image\":{\"@id\":\"https:\/\/www.swissraft.ch\/de\/#\/schema\/logo\/image\/\"}}]}<\/script>\n<!-- \/ Yoast SEO plugin. -->","yoast_head_json":{"title":"Rafting auf der Dranse de Bagnes - von Voll\u00e8ges nach Sembrancher","description":"Rafting auf der Dranse de Bagnes im Wallis. Diese Strecke auf der Dranse bietet Ihnen eine sportliche Abfahrt, die sowohl f\u00fcr Anf\u00e4nger als auch f\u00fcr erfahrene Rafter geeignet ist.","robots":{"index":"index","follow":"follow","max-snippet":"max-snippet:-1","max-image-preview":"max-image-preview:large","max-video-preview":"max-video-preview:-1"},"canonical":"https:\/\/www.swissraft.ch\/de\/produkt\/rafting-river-rafting-wallis-dranse-de-bagnes-volleges-sembrancher\/","og_locale":"de_DE","og_type":"article","og_title":"Rafting auf der Dranse de Bagnes - von Voll\u00e8ges nach Sembrancher","og_description":"Rafting auf der Dranse de Bagnes im Wallis. Diese Strecke auf der Dranse bietet Ihnen eine sportliche Abfahrt, die sowohl f\u00fcr Anf\u00e4nger als auch f\u00fcr erfahrene Rafter geeignet ist.","og_url":"https:\/\/www.swissraft.ch\/de\/produkt\/rafting-river-rafting-wallis-dranse-de-bagnes-volleges-sembrancher\/","og_site_name":"Swissraft","article_modified_time":"2026-04-09T20:21:49+00:00","og_image":[{"width":776,"height":776,"url":"https:\/\/www.swissraft.ch\/wp-content\/uploads\/2023\/02\/1-Dranse-de-Bagnes-776x776-1.png","type":"image\/png"}],"twitter_card":"summary_large_image","twitter_misc":{"Gesch\u00e4tzte Lesezeit":"1\u00a0Minute"},"schema":{"@context":"https:\/\/schema.org","@graph":[{"@type":"WebPage","@id":"https:\/\/www.swissraft.ch\/de\/produkt\/rafting-river-rafting-wallis-dranse-de-bagnes-volleges-sembrancher\/","url":"https:\/\/www.swissraft.ch\/de\/produkt\/rafting-river-rafting-wallis-dranse-de-bagnes-volleges-sembrancher\/","name":"Rafting auf der Dranse de Bagnes - von Voll\u00e8ges nach Sembrancher","isPartOf":{"@id":"https:\/\/www.swissraft.ch\/de\/#website"},"primaryImageOfPage":{"@id":"https:\/\/www.swissraft.ch\/de\/produkt\/rafting-river-rafting-wallis-dranse-de-bagnes-volleges-sembrancher\/#primaryimage"},"image":{"@id":"https:\/\/www.swissraft.ch\/de\/produkt\/rafting-river-rafting-wallis-dranse-de-bagnes-volleges-sembrancher\/#primaryimage"},"thumbnailUrl":"https:\/\/www.swissraft.ch\/wp-content\/uploads\/2023\/02\/1-Dranse-de-Bagnes-776x776-1.png","datePublished":"2023-02-18T21:05:56+00:00","dateModified":"2026-04-09T20:21:49+00:00","description":"Rafting auf der Dranse de Bagnes im Wallis. Diese Strecke auf der Dranse bietet Ihnen eine sportliche Abfahrt, die sowohl f\u00fcr Anf\u00e4nger als auch f\u00fcr erfahrene Rafter geeignet ist.","breadcrumb":{"@id":"https:\/\/www.swissraft.ch\/de\/produkt\/rafting-river-rafting-wallis-dranse-de-bagnes-volleges-sembrancher\/#breadcrumb"},"inLanguage":"de","potentialAction":[{"@type":"ReadAction","target":["https:\/\/www.swissraft.ch\/de\/produkt\/rafting-river-rafting-wallis-dranse-de-bagnes-volleges-sembrancher\/"]}]},{"@type":"ImageObject","inLanguage":"de","@id":"https:\/\/www.swissraft.ch\/de\/produkt\/rafting-river-rafting-wallis-dranse-de-bagnes-volleges-sembrancher\/#primaryimage","url":"https:\/\/www.swissraft.ch\/wp-content\/uploads\/2023\/02\/1-Dranse-de-Bagnes-776x776-1.png","contentUrl":"https:\/\/www.swissraft.ch\/wp-content\/uploads\/2023\/02\/1-Dranse-de-Bagnes-776x776-1.png","width":776,"height":776,"caption":"Rafting auf der Dranse de Bagnes"},{"@type":"BreadcrumbList","@id":"https:\/\/www.swissraft.ch\/de\/produkt\/rafting-river-rafting-wallis-dranse-de-bagnes-volleges-sembrancher\/#breadcrumb","itemListElement":[{"@type":"ListItem","position":1,"name":"Accueil","item":"https:\/\/www.swissraft.ch\/de\/"},{"@type":"ListItem","position":2,"name":"Shop","item":"https:\/\/www.swissraft.ch\/de\/shop\/"},{"@type":"ListItem","position":3,"name":"Rafting oder River Rafting im Wallis &#8211; La Dranse de Bagnes &#8211; Voll\u00e8ges-Sembrancher &#8211; Ab CHF 92.00"}]},{"@type":"WebSite","@id":"https:\/\/www.swissraft.ch\/de\/#website","url":"https:\/\/www.swissraft.ch\/de\/","name":"Swissraft","description":"To enjoy nature as it is","publisher":{"@id":"https:\/\/www.swissraft.ch\/de\/#organization"},"potentialAction":[{"@type":"SearchAction","target":{"@type":"EntryPoint","urlTemplate":"https:\/\/www.swissraft.ch\/de\/?s={search_term_string}"},"query-input":{"@type":"PropertyValueSpecification","valueRequired":true,"valueName":"search_term_string"}}],"inLanguage":"de"},{"@type":"Organization","@id":"https:\/\/www.swissraft.ch\/de\/#organization","name":"Swissraft","url":"https:\/\/www.swissraft.ch\/de\/","logo":{"@type":"ImageObject","inLanguage":"de","@id":"https:\/\/www.swissraft.ch\/de\/#\/schema\/logo\/image\/","url":"https:\/\/www.swissraft.ch\/wp-content\/uploads\/2025\/09\/Capture.jpg","contentUrl":"https:\/\/www.swissraft.ch\/wp-content\/uploads\/2025\/09\/Capture.jpg","width":293,"height":108,"caption":"Swissraft"},"image":{"@id":"https:\/\/www.swissraft.ch\/de\/#\/schema\/logo\/image\/"}}]}},"_links":{"self":[{"href":"https:\/\/www.swissraft.ch\/de\/wp-json\/wp\/v2\/product\/91582","targetHints":{"allow":["GET"]}}],"collection":[{"href":"https:\/\/www.swissraft.ch\/de\/wp-json\/wp\/v2\/product"}],"about":[{"href":"https:\/\/www.swissraft.ch\/de\/wp-json\/wp\/v2\/types\/product"}],"replies":[{"embeddable":true,"href":"https:\/\/www.swissraft.ch\/de\/wp-json\/wp\/v2\/comments?post=91582"}],"version-history":[{"count":68,"href":"https:\/\/www.swissraft.ch\/de\/wp-json\/wp\/v2\/product\/91582\/revisions"}],"predecessor-version":[{"id":138496,"href":"https:\/\/www.swissraft.ch\/de\/wp-json\/wp\/v2\/product\/91582\/revisions\/138496"}],"wp:featuredmedia":[{"embeddable":true,"href":"https:\/\/www.swissraft.ch\/de\/wp-json\/wp\/v2\/media\/84673"}],"wp:attachment":[{"href":"https:\/\/www.swissraft.ch\/de\/wp-json\/wp\/v2\/media?parent=91582"}],"wp:term":[{"taxonomy":"product_cat","embeddable":true,"href":"https:\/\/www.swissraft.ch\/de\/wp-json\/wp\/v2\/product_cat?post=91582"},{"taxonomy":"product_tag","embeddable":true,"href":"https:\/\/www.swissraft.ch\/de\/wp-json\/wp\/v2\/product_tag?post=91582"}],"curies":[{"name":"wp","href":"https:\/\/api.w.org\/{rel}","templated":true}]}}