{"id":91581,"date":"2023-02-18T16:05:23","date_gmt":"2023-02-18T15:05:23","guid":{"rendered":"https:\/\/swissraft.xyanzkdne.eu\/product\/rafting-in-hte-savoie-la-dranse-feternes-thonon-les-bains-ab-chf-85-00\/"},"modified":"2024-11-15T19:17:03","modified_gmt":"2024-11-15T18:17:03","slug":"rafting-in-hte-savoie-la-dranse-feternes-thonon-les-bains-ab-chf-85-00","status":"publish","type":"product","link":"https:\/\/www.swissraft.ch\/de\/produkt\/rafting-in-hte-savoie-la-dranse-feternes-thonon-les-bains-ab-chf-85-00\/","title":{"rendered":"Rafting in HTE SAVOIE &#8211; LA DRANSE &#8211; F\u00e9ternes-Thonon-les-Bains &#8211; Ab CHF 85.00"},"content":{"rendered":"\t\t<div data-elementor-type=\"wp-post\" data-elementor-id=\"91581\" class=\"elementor elementor-91581 elementor-30971\">\n\t\t\t\t\t\t\t\t\t<section class=\"elementor-section elementor-top-section elementor-element elementor-element-3303a7e3 elementor-section-boxed elementor-section-height-default elementor-section-height-default\" data-id=\"3303a7e3\" data-element_type=\"section\">\n\t\t\t\t\t\t<div class=\"elementor-container elementor-column-gap-default\">\n\t\t\t\t\t<div class=\"elementor-column elementor-col-100 elementor-top-column elementor-element elementor-element-16d72dbf\" data-id=\"16d72dbf\" data-element_type=\"column\">\n\t\t\t<div class=\"elementor-widget-wrap elementor-element-populated\">\n\t\t\t\t\t\t\t\t<div class=\"elementor-element elementor-element-d743c03 elementor-widget elementor-widget-text-editor\" data-id=\"d743c03\" data-element_type=\"widget\" data-widget_type=\"text-editor.default\">\n\t\t\t\t<div class=\"elementor-widget-container\">\n\t\t\t\t\t\t\t<h2>W\u00c4HLEN SIE UNTEN IHRE AKTIVIT\u00c4T AUS, UM GESCHENKGUTSCHEINE \/ TICKETS ZU VERSCHENKEN ODER ZU BUCHEN.<\/h2>\n<table border=\"0\" width=\"580\" cellspacing=\"10\" cellpadding=\"10\">\n<tbody>\n<tr>\n<td width=\"50%\"><strong>LA DRANSE DE HTE SAVOIE &#8211; Rafting + Getr\u00e4nk<\/strong><\/td>\n<td><strong>CHF 115.00 pro Person<span class=\"productPrice\"><br \/><\/span><\/strong><\/td>\n<\/tr>\n<tr>\n<td>Weitere Informationen<\/td>\n<td>&#8211; <span class=\"plbl\"> Schulpreis<\/span>: <span class=\"patt\">CHF 85.00 (ohne Transport)<br \/><\/span> &#8211;<span class=\"plbl\"> Jugendpreis<\/span>: <span class=\"patt\">CHF 85.00 bis 18 Jahre<br \/><\/span><span class=\"plbl\">&#8211; An<\/span><span class=\"patt\">  Ab 10 Personen. 10%: <strong>CHF 103.50 \/ Pers.<\/strong><br \/>&#8211; Ab 21 Personen. 20%: <strong>CHF 92.00 \/ Pers.<\/strong><br \/><\/span><span class=\"plbl\">&#8211; Mindestalter 10 Jahre<br \/>&#8211; P<\/span><span class=\"patt\">kein zus\u00e4tzlicher Rabatt auf Jugend- und Schultarife<\/span><\/td>\n<\/tr>\n<tr>\n<td>\u00d6ffnungszeiten<\/td>\n<td>10.00 Uhr \/ 13.30 Uhr<\/td>\n<\/tr>\n<tr>\n<td>Rafting<\/td>\n<td>ca. 1,5 Std.<\/td>\n<\/tr>\n<tr>\n<td>Dur\u00e9e totale<\/td>\n<td>env. 3 Std.<\/td>\n<\/tr>\n<tr>\n<td>Treffpunkt<\/td>\n<td><span style=\"color: #ff6600;\"><a style=\"color: #ff6600;\" href=\"https:\/\/www.google.com\/maps\/place\/46%C2%B021'38.4%22N+6%C2%B031'15.8%22E\/@46.3608444,6.5183412,495m\/data=!3m1!1e3!4m4!3m3!8m2!3d46.3606667!4d6.5210556?entry=ttu\" target=\"_blank\" rel=\"noopener\">Thonon les Bains<\/a><\/span><\/td>\n<\/tr>\n<tr>\n<td>Schwierigkeitsgrad<\/td>\n<td>Schwierigkeitsgrad 3-3+<\/td>\n<\/tr>\n<tr>\n<td><button class=\"elementor-button\" type=\"button\"><a href=\"https:\/\/swissraft.outdoorbooking.ch\/fo\/products\/767?base_id=82&amp;category_id=1&amp;order_type=gift_voucher&amp;lang=de\" target=\"_blank\" rel=\"noopener\">GESCHENKGUTSCHEIN<\/a><\/button><\/td>\n<td style=\"text-align: left;\"><span style=\"color: #ff6600;\"><a style=\"color: #ff6600;\" href=\"https:\/\/swissraft.outdoorbooking.ch\/fo\/products\/767?base_id=82&amp;category_id=1&amp;order_type=event&amp;lang=de\" target=\"_blank\" rel=\"noopener\">BUCHEN<\/a><\/span><\/td>\n<\/tr>\n<\/tbody>\n<\/table>\n\t\t\t\t\t\t<\/div>\n\t\t\t\t<\/div>\n\t\t\t\t\t<\/div>\n\t\t<\/div>\n\t\t\t\t\t\t\t<\/div>\n\t\t<\/section>\n\t\t\t\t\t\t\t<\/div>\n\t\t","protected":false},"excerpt":{"rendered":"<div align=\"justify\">\n<div align=\"justify\">\n<h2 align=\"justify\">Rafting auf der Dranse in Hte Savoie, Rafting pur mit Nervenkitzel und Adrenalinschub<\/h2>\n<h3>Diese Raftingstrecke zwischen F\u00e9ternes und Thonon-les-bains ist f\u00fcr ihre atemberaubenden Stromschnellen bekannt.<\/h3>\n<\/div>\n<div align=\"justify\">\n<p>Rafting auf der Dranse in Hochsavoyen in der N\u00e4he von Genf. Von F\u00e9ternes bis Thonon les Bains bietet Ihnen die Dranse eine sch\u00f6ne Flussfahrt. Seine Farben und Landschaften werden auch die anspruchsvollsten Rafter begeistern. Extreme Eindr\u00fccke sind garantiert.<\/p>\n<h3>Es gibt viele Alternativen zum <strong>Rafting<\/strong> auf der Dranse in Hte Savoie.<\/h3>\n<p id=\"textarea\" style=\"display: none;\">\nSwissraft bietet in Savoyen auch <strong>Rafting<\/strong> auf dem Doron de Bozel und Rafting auf der Is\u00e8re an. Aber auch <strong>Riverrafting<\/strong> auf der Saane im Pays d&#8217;Enhaut und <strong>Rafting<\/strong> auf der Rh\u00f4ne im Wallis. Ebenso Rafting im Wallis auf der Vispa und der Dranse de Bagnes. Dar\u00fcber hinaus bietet Swissraft <strong>Rafting<\/strong> auf der L\u00fctschine bei Interlaken im Berner Oberland und auf der Simme an. Aber auch Riverrafting auf dem Rhein in Graub\u00fcnden und auf dem Inn im Engadin von Scuol aus.<\/p>\n<\/p>\n<p><a id=\"seeMore\" onclick=\"toggleSeeMore()\" href=\"javascript:void(0);\">Lesen Sie mehr<\/a><\/p>\n","protected":false},"featured_media":84658,"comment_status":"open","ping_status":"closed","template":"","meta":{"inline_featured_image":false,"_mi_skip_tracking":false},"product_cat":[251],"product_tag":[],"class_list":["post-91581","product","type-product","status-publish","has-post-thumbnail","hentry","product_cat-rafting-river-rafting-in-der-schweiz"],"yoast_head":"<!-- This site is optimized with the Yoast SEO plugin v23.6 - https:\/\/yoast.com\/wordpress\/plugins\/seo\/ -->\n<title>Rafting auf der Dranse in Hte Savoie. In Frankreich in Thonon les Bains<\/title>\n<meta name=\"description\" content=\"Rafting auf der Dranse in Hte Savoie. Von F\u00e9ternes bis Thonon les Bains bietet Ihnen die Dranse eine der sch\u00f6nsten Flussfahrten in den franz\u00f6sischen Alpen.\" \/>\n<meta name=\"robots\" content=\"index, follow, max-snippet:-1, max-image-preview:large, max-video-preview:-1\" \/>\n<link rel=\"canonical\" href=\"https:\/\/www.swissraft.ch\/de\/produkt\/rafting-in-hte-savoie-la-dranse-feternes-thonon-les-bains-ab-chf-85-00\/\" \/>\n<meta property=\"og:locale\" content=\"de_DE\" \/>\n<meta property=\"og:type\" content=\"article\" \/>\n<meta property=\"og:title\" content=\"Rafting auf der Dranse in Hte Savoie. In Frankreich in Thonon les Bains\" \/>\n<meta property=\"og:description\" content=\"Rafting auf der Dranse in Hte Savoie. Von F\u00e9ternes bis Thonon les Bains bietet Ihnen die Dranse eine der sch\u00f6nsten Flussfahrten in den franz\u00f6sischen Alpen.\" \/>\n<meta property=\"og:url\" content=\"https:\/\/www.swissraft.ch\/de\/produkt\/rafting-in-hte-savoie-la-dranse-feternes-thonon-les-bains-ab-chf-85-00\/\" \/>\n<meta property=\"og:site_name\" content=\"Swissraft\" \/>\n<meta property=\"article:modified_time\" content=\"2024-11-15T18:17:03+00:00\" \/>\n<meta property=\"og:image\" content=\"https:\/\/www.swissraft.ch\/wp-content\/uploads\/2023\/02\/1-Dranse-de-Hte-savoie-776x776-1.jpg\" \/>\n\t<meta property=\"og:image:width\" content=\"776\" \/>\n\t<meta property=\"og:image:height\" content=\"776\" \/>\n\t<meta property=\"og:image:type\" content=\"image\/jpeg\" \/>\n<meta name=\"twitter:card\" content=\"summary_large_image\" \/>\n<script type=\"application\/ld+json\" class=\"yoast-schema-graph\">{\"@context\":\"https:\/\/schema.org\",\"@graph\":[{\"@type\":\"WebPage\",\"@id\":\"https:\/\/www.swissraft.ch\/de\/produkt\/rafting-in-hte-savoie-la-dranse-feternes-thonon-les-bains-ab-chf-85-00\/\",\"url\":\"https:\/\/www.swissraft.ch\/de\/produkt\/rafting-in-hte-savoie-la-dranse-feternes-thonon-les-bains-ab-chf-85-00\/\",\"name\":\"Rafting auf der Dranse in Hte Savoie. In Frankreich in Thonon les Bains\",\"isPartOf\":{\"@id\":\"https:\/\/www.swissraft.ch\/de\/#website\"},\"primaryImageOfPage\":{\"@id\":\"https:\/\/www.swissraft.ch\/de\/produkt\/rafting-in-hte-savoie-la-dranse-feternes-thonon-les-bains-ab-chf-85-00\/#primaryimage\"},\"image\":{\"@id\":\"https:\/\/www.swissraft.ch\/de\/produkt\/rafting-in-hte-savoie-la-dranse-feternes-thonon-les-bains-ab-chf-85-00\/#primaryimage\"},\"thumbnailUrl\":\"https:\/\/www.swissraft.ch\/wp-content\/uploads\/2023\/02\/1-Dranse-de-Hte-savoie-776x776-1.jpg\",\"datePublished\":\"2023-02-18T15:05:23+00:00\",\"dateModified\":\"2024-11-15T18:17:03+00:00\",\"description\":\"Rafting auf der Dranse in Hte Savoie. Von F\u00e9ternes bis Thonon les Bains bietet Ihnen die Dranse eine der sch\u00f6nsten Flussfahrten in den franz\u00f6sischen Alpen.\",\"breadcrumb\":{\"@id\":\"https:\/\/www.swissraft.ch\/de\/produkt\/rafting-in-hte-savoie-la-dranse-feternes-thonon-les-bains-ab-chf-85-00\/#breadcrumb\"},\"inLanguage\":\"de\",\"potentialAction\":[{\"@type\":\"ReadAction\",\"target\":[\"https:\/\/www.swissraft.ch\/de\/produkt\/rafting-in-hte-savoie-la-dranse-feternes-thonon-les-bains-ab-chf-85-00\/\"]}]},{\"@type\":\"ImageObject\",\"inLanguage\":\"de\",\"@id\":\"https:\/\/www.swissraft.ch\/de\/produkt\/rafting-in-hte-savoie-la-dranse-feternes-thonon-les-bains-ab-chf-85-00\/#primaryimage\",\"url\":\"https:\/\/www.swissraft.ch\/wp-content\/uploads\/2023\/02\/1-Dranse-de-Hte-savoie-776x776-1.jpg\",\"contentUrl\":\"https:\/\/www.swissraft.ch\/wp-content\/uploads\/2023\/02\/1-Dranse-de-Hte-savoie-776x776-1.jpg\",\"width\":776,\"height\":776,\"caption\":\"Rafting auf der Dranse in Hte Savoie\"},{\"@type\":\"BreadcrumbList\",\"@id\":\"https:\/\/www.swissraft.ch\/de\/produkt\/rafting-in-hte-savoie-la-dranse-feternes-thonon-les-bains-ab-chf-85-00\/#breadcrumb\",\"itemListElement\":[{\"@type\":\"ListItem\",\"position\":1,\"name\":\"Accueil\",\"item\":\"https:\/\/www.swissraft.ch\/de\/\"},{\"@type\":\"ListItem\",\"position\":2,\"name\":\"Shop\",\"item\":\"https:\/\/www.swissraft.ch\/de\/shop\/\"},{\"@type\":\"ListItem\",\"position\":3,\"name\":\"Rafting in HTE SAVOIE &#8211; LA DRANSE &#8211; F\u00e9ternes-Thonon-les-Bains &#8211; Ab CHF 85.00\"}]},{\"@type\":\"WebSite\",\"@id\":\"https:\/\/www.swissraft.ch\/de\/#website\",\"url\":\"https:\/\/www.swissraft.ch\/de\/\",\"name\":\"Swissraft\",\"description\":\"To enjoy nature as it is\",\"publisher\":{\"@id\":\"https:\/\/www.swissraft.ch\/de\/#organization\"},\"potentialAction\":[{\"@type\":\"SearchAction\",\"target\":{\"@type\":\"EntryPoint\",\"urlTemplate\":\"https:\/\/www.swissraft.ch\/de\/?s={search_term_string}\"},\"query-input\":{\"@type\":\"PropertyValueSpecification\",\"valueRequired\":true,\"valueName\":\"search_term_string\"}}],\"inLanguage\":\"de\"},{\"@type\":\"Organization\",\"@id\":\"https:\/\/www.swissraft.ch\/de\/#organization\",\"name\":\"Swissraft\",\"url\":\"https:\/\/www.swissraft.ch\/de\/\",\"logo\":{\"@type\":\"ImageObject\",\"inLanguage\":\"de\",\"@id\":\"https:\/\/www.swissraft.ch\/de\/#\/schema\/logo\/image\/\",\"url\":\"https:\/\/www.swissraft.ch\/wp-content\/uploads\/2025\/09\/Capture.jpg\",\"contentUrl\":\"https:\/\/www.swissraft.ch\/wp-content\/uploads\/2025\/09\/Capture.jpg\",\"width\":293,\"height\":108,\"caption\":\"Swissraft\"},\"image\":{\"@id\":\"https:\/\/www.swissraft.ch\/de\/#\/schema\/logo\/image\/\"}}]}<\/script>\n<!-- \/ Yoast SEO plugin. -->","yoast_head_json":{"title":"Rafting auf der Dranse in Hte Savoie. In Frankreich in Thonon les Bains","description":"Rafting auf der Dranse in Hte Savoie. Von F\u00e9ternes bis Thonon les Bains bietet Ihnen die Dranse eine der sch\u00f6nsten Flussfahrten in den franz\u00f6sischen Alpen.","robots":{"index":"index","follow":"follow","max-snippet":"max-snippet:-1","max-image-preview":"max-image-preview:large","max-video-preview":"max-video-preview:-1"},"canonical":"https:\/\/www.swissraft.ch\/de\/produkt\/rafting-in-hte-savoie-la-dranse-feternes-thonon-les-bains-ab-chf-85-00\/","og_locale":"de_DE","og_type":"article","og_title":"Rafting auf der Dranse in Hte Savoie. In Frankreich in Thonon les Bains","og_description":"Rafting auf der Dranse in Hte Savoie. Von F\u00e9ternes bis Thonon les Bains bietet Ihnen die Dranse eine der sch\u00f6nsten Flussfahrten in den franz\u00f6sischen Alpen.","og_url":"https:\/\/www.swissraft.ch\/de\/produkt\/rafting-in-hte-savoie-la-dranse-feternes-thonon-les-bains-ab-chf-85-00\/","og_site_name":"Swissraft","article_modified_time":"2024-11-15T18:17:03+00:00","og_image":[{"width":776,"height":776,"url":"https:\/\/www.swissraft.ch\/wp-content\/uploads\/2023\/02\/1-Dranse-de-Hte-savoie-776x776-1.jpg","type":"image\/jpeg"}],"twitter_card":"summary_large_image","schema":{"@context":"https:\/\/schema.org","@graph":[{"@type":"WebPage","@id":"https:\/\/www.swissraft.ch\/de\/produkt\/rafting-in-hte-savoie-la-dranse-feternes-thonon-les-bains-ab-chf-85-00\/","url":"https:\/\/www.swissraft.ch\/de\/produkt\/rafting-in-hte-savoie-la-dranse-feternes-thonon-les-bains-ab-chf-85-00\/","name":"Rafting auf der Dranse in Hte Savoie. In Frankreich in Thonon les Bains","isPartOf":{"@id":"https:\/\/www.swissraft.ch\/de\/#website"},"primaryImageOfPage":{"@id":"https:\/\/www.swissraft.ch\/de\/produkt\/rafting-in-hte-savoie-la-dranse-feternes-thonon-les-bains-ab-chf-85-00\/#primaryimage"},"image":{"@id":"https:\/\/www.swissraft.ch\/de\/produkt\/rafting-in-hte-savoie-la-dranse-feternes-thonon-les-bains-ab-chf-85-00\/#primaryimage"},"thumbnailUrl":"https:\/\/www.swissraft.ch\/wp-content\/uploads\/2023\/02\/1-Dranse-de-Hte-savoie-776x776-1.jpg","datePublished":"2023-02-18T15:05:23+00:00","dateModified":"2024-11-15T18:17:03+00:00","description":"Rafting auf der Dranse in Hte Savoie. Von F\u00e9ternes bis Thonon les Bains bietet Ihnen die Dranse eine der sch\u00f6nsten Flussfahrten in den franz\u00f6sischen Alpen.","breadcrumb":{"@id":"https:\/\/www.swissraft.ch\/de\/produkt\/rafting-in-hte-savoie-la-dranse-feternes-thonon-les-bains-ab-chf-85-00\/#breadcrumb"},"inLanguage":"de","potentialAction":[{"@type":"ReadAction","target":["https:\/\/www.swissraft.ch\/de\/produkt\/rafting-in-hte-savoie-la-dranse-feternes-thonon-les-bains-ab-chf-85-00\/"]}]},{"@type":"ImageObject","inLanguage":"de","@id":"https:\/\/www.swissraft.ch\/de\/produkt\/rafting-in-hte-savoie-la-dranse-feternes-thonon-les-bains-ab-chf-85-00\/#primaryimage","url":"https:\/\/www.swissraft.ch\/wp-content\/uploads\/2023\/02\/1-Dranse-de-Hte-savoie-776x776-1.jpg","contentUrl":"https:\/\/www.swissraft.ch\/wp-content\/uploads\/2023\/02\/1-Dranse-de-Hte-savoie-776x776-1.jpg","width":776,"height":776,"caption":"Rafting auf der Dranse in Hte Savoie"},{"@type":"BreadcrumbList","@id":"https:\/\/www.swissraft.ch\/de\/produkt\/rafting-in-hte-savoie-la-dranse-feternes-thonon-les-bains-ab-chf-85-00\/#breadcrumb","itemListElement":[{"@type":"ListItem","position":1,"name":"Accueil","item":"https:\/\/www.swissraft.ch\/de\/"},{"@type":"ListItem","position":2,"name":"Shop","item":"https:\/\/www.swissraft.ch\/de\/shop\/"},{"@type":"ListItem","position":3,"name":"Rafting in HTE SAVOIE &#8211; LA DRANSE &#8211; F\u00e9ternes-Thonon-les-Bains &#8211; Ab CHF 85.00"}]},{"@type":"WebSite","@id":"https:\/\/www.swissraft.ch\/de\/#website","url":"https:\/\/www.swissraft.ch\/de\/","name":"Swissraft","description":"To enjoy nature as it is","publisher":{"@id":"https:\/\/www.swissraft.ch\/de\/#organization"},"potentialAction":[{"@type":"SearchAction","target":{"@type":"EntryPoint","urlTemplate":"https:\/\/www.swissraft.ch\/de\/?s={search_term_string}"},"query-input":{"@type":"PropertyValueSpecification","valueRequired":true,"valueName":"search_term_string"}}],"inLanguage":"de"},{"@type":"Organization","@id":"https:\/\/www.swissraft.ch\/de\/#organization","name":"Swissraft","url":"https:\/\/www.swissraft.ch\/de\/","logo":{"@type":"ImageObject","inLanguage":"de","@id":"https:\/\/www.swissraft.ch\/de\/#\/schema\/logo\/image\/","url":"https:\/\/www.swissraft.ch\/wp-content\/uploads\/2025\/09\/Capture.jpg","contentUrl":"https:\/\/www.swissraft.ch\/wp-content\/uploads\/2025\/09\/Capture.jpg","width":293,"height":108,"caption":"Swissraft"},"image":{"@id":"https:\/\/www.swissraft.ch\/de\/#\/schema\/logo\/image\/"}}]}},"_links":{"self":[{"href":"https:\/\/www.swissraft.ch\/de\/wp-json\/wp\/v2\/product\/91581","targetHints":{"allow":["GET"]}}],"collection":[{"href":"https:\/\/www.swissraft.ch\/de\/wp-json\/wp\/v2\/product"}],"about":[{"href":"https:\/\/www.swissraft.ch\/de\/wp-json\/wp\/v2\/types\/product"}],"replies":[{"embeddable":true,"href":"https:\/\/www.swissraft.ch\/de\/wp-json\/wp\/v2\/comments?post=91581"}],"version-history":[{"count":0,"href":"https:\/\/www.swissraft.ch\/de\/wp-json\/wp\/v2\/product\/91581\/revisions"}],"wp:featuredmedia":[{"embeddable":true,"href":"https:\/\/www.swissraft.ch\/de\/wp-json\/wp\/v2\/media\/84658"}],"wp:attachment":[{"href":"https:\/\/www.swissraft.ch\/de\/wp-json\/wp\/v2\/media?parent=91581"}],"wp:term":[{"taxonomy":"product_cat","embeddable":true,"href":"https:\/\/www.swissraft.ch\/de\/wp-json\/wp\/v2\/product_cat?post=91581"},{"taxonomy":"product_tag","embeddable":true,"href":"https:\/\/www.swissraft.ch\/de\/wp-json\/wp\/v2\/product_tag?post=91581"}],"curies":[{"name":"wp","href":"https:\/\/api.w.org\/{rel}","templated":true}]}}