{"id":91578,"date":"2023-02-18T17:49:11","date_gmt":"2023-02-18T16:49:11","guid":{"rendered":"https:\/\/swissraft.xyanzkdne.eu\/product\/rafting-in-den-grisons-rhein-ilanz-reichenau-ab-chf-55-00\/"},"modified":"2026-04-27T03:13:26","modified_gmt":"2026-04-27T01:13:26","slug":"rafting-river-rafting-rhein-vorderrhein-graubunden-ilanz-reichenau","status":"publish","type":"product","link":"https:\/\/www.swissraft.ch\/de\/produkt\/rafting-river-rafting-rhein-vorderrhein-graubunden-ilanz-reichenau\/","title":{"rendered":"Rafting oder River Rafting in Graub\u00fcnden &#8211; Der Rhein &#8211; Surselva &#8211; Ilanz-Reichenau &#8211; Ab CHF 80.00"},"content":{"rendered":"\t\t<div data-elementor-type=\"wp-post\" data-elementor-id=\"91578\" class=\"elementor elementor-91578 elementor-30995\">\n\t\t\t\t\t\t\t\t\t<section class=\"elementor-section elementor-top-section elementor-element elementor-element-3303a7e3 elementor-section-boxed elementor-section-height-default elementor-section-height-default\" data-id=\"3303a7e3\" data-element_type=\"section\">\n\t\t\t\t\t\t<div class=\"elementor-container elementor-column-gap-default\">\n\t\t\t\t\t<div class=\"elementor-column elementor-col-100 elementor-top-column elementor-element elementor-element-16d72dbf\" data-id=\"16d72dbf\" data-element_type=\"column\">\n\t\t\t<div class=\"elementor-widget-wrap elementor-element-populated\">\n\t\t\t\t\t\t\t\t<div class=\"elementor-element elementor-element-d743c03 elementor-widget elementor-widget-text-editor\" data-id=\"d743c03\" data-element_type=\"widget\" data-widget_type=\"text-editor.default\">\n\t\t\t\t<div class=\"elementor-widget-container\">\n\t\t\t\t\t\t\t<h2>W\u00c4HLEN SIE UNTEN IHRE AKTIVIT\u00c4T AUS, UM GESCHENKGUTSCHEINE \/ TICKETS ZU VERSCHENKEN ODER ZU BUCHEN<\/h2><table border=\"0\" width=\"580\" cellspacing=\"10\" cellpadding=\"10\"><tbody><tr><td width=\"50%\"><strong>1) RAFTING &#8211; RIVER RAFTING\u00a0 &#8211; RHEIN + Getr\u00e4nk<\/strong><\/td><td><strong>CHF 125.00 pro Person<span class=\"productPrice\"><br \/><\/span><\/strong><\/td><\/tr><tr><td>Zus\u00e4tzliche Informationen<\/td><td>&#8211; <span class=\"plbl\">Jugendpreis <\/span>: <strong>CHF <\/strong><span class=\"patt\"><strong>80.00<\/strong> bis 17 j\u00e4hrig<br \/><\/span> &#8211; <span class=\"patt\">Ab 11 Pers. 10% : <strong>CHF 112.50<\/strong>\/Pers.<br \/><\/span><span class=\"patt\">&#8211; Ab 21 Pers. 15% : <strong>CHF 106.25<\/strong>\/Pers.<strong><br \/><\/strong>&#8211; Mindestalter : 10 j\u00e4hrig<br \/>&#8211; Keine zus\u00e4tzlichen Rabatte auf Jugend- und Schultarife<br \/><\/span><span class=\"patt\">&#8211; Auf Anfrage mehrere Men\u00fcoptionen &#8222;Nach dem Rafting&#8220;<br \/><span class=\"plbl\">&#8211; Schulpreis : <span class=\"patt\" style=\"font-family: inherit; font-size: inherit;\"><a href=\"https:\/\/www.swissraft.ch\/de\/produit\/schulreise-graubuenden-rafting-rhein-ilanz-reichenau\/\" target=\"_blank\" rel=\"noopener\">Klicken Sie hier<\/a><\/span><\/span><\/span><\/td><\/tr><tr><td>Strecke<\/td><td><strong>Ilanz-Reichenau<\/strong><\/td><\/tr><tr><td>Startzeiten<\/td><td>09.35 Uhr \/ 13.35 Uhr<\/td><\/tr><tr><td>Rafting<\/td><td>ca. 2 Std.<\/td><\/tr><tr><td>Gesamtdauer<\/td><td>ca. 3,5 Std.<\/td><\/tr><tr><td>Treffpunkt<\/td><td><span style=\"color: #ff6600;\"><a href=\"https:\/\/www.google.com\/maps\/place\/46%C2%B046'31.1%22N+9%C2%B012'26.6%22E\/@46.7754475,9.205092,386m\/data=!3m1!1e3!4m10!1m5!3m4!2zNDbCsDQ2JzMwLjkiTiA5wrAxMicyNi42IkU!8m2!3d46.77525!4d9.2073889!3m3!8m2!3d46.7753056!4d9.2073889?entry=ttu\" target=\"_blank\" rel=\"noopener\">Bahnhof Ilanz<\/a><\/span><\/td><\/tr><tr><td>Schwierigkeitsgrad<\/td><td>2-3+<\/td><\/tr><tr><td><button class=\"elementor-button\" type=\"button\"><a href=\"https:\/\/swissraft.outdoorbooking.ch\/fo\/products\/223?base_id=2&amp;category_id=1&amp;order_type=gift_voucher&amp;lang=de\" target=\"_blank\" rel=\"noopener\">GUTSCHEIN \/ TICKET KAUFEN<\/a><\/button><\/td><td style=\"text-align: left;\"><a href=\"https:\/\/swissraft.outdoorbooking.ch\/fo\/products\/223?base_id=2&amp;category_id=1&amp;order_type=event&amp;lang=de\" target=\"_blank\" rel=\"noopener\">RESERVIEREN SIE EIN DATUM<\/a>\u00a0 <strong>CHF 125.00<\/strong>\/Pers. <strong>CHF 80.00<\/strong>\/Kind<\/td><\/tr><tr><td><button class=\"elementor-button\" type=\"button\"><a href=\"https:\/\/swissraft.outdoorbooking.ch\/fo\/products\/1427?base_id=2&amp;category_id=1&amp;order_type=gift_voucher&amp;lang=de\" target=\"_blank\" rel=\"noopener\">GUTSCHEIN \/ TICKET KAUFEN<\/a><\/button><\/td><td style=\"text-align: left;\"><a href=\"https:\/\/swissraft.outdoorbooking.ch\/fo\/products\/1427?base_id=2&amp;category_id=1&amp;order_type=event&amp;lang=de\" target=\"_blank\" rel=\"noopener\">RESERVIEREN SIE EIN DATUM<\/a>\u00a0 <strong>CHF 895.00 <\/strong>&#8211; PRIVATE RAFT (4-6 Pers.)<\/td><\/tr><tr><td>\u00a0<\/td><td style=\"text-align: left;\">&#8211; PRIVATBOOT (7-9 Pers.)<strong> CHF 125.00<\/strong>\/Erw. und<strong> CHF 80.00<\/strong>\/Kind + Pauschalbetrag von<strong> CHF 100.00<br \/><\/strong>&#8211; Um zu buchung : <span class=\"patt\" style=\"font-family: inherit; font-size: inherit;\"><span class=\"plbl\"><span class=\"patt\"><a href=\"https:\/\/www.swissraft.ch\/de\/kontakt\/\">Kontaktieren Sie uns<\/a><\/span><\/span><\/span><\/td><\/tr><\/tbody><\/table><table border=\"0\" width=\"580\" cellspacing=\"10\" cellpadding=\"10\"><tbody><tr><td width=\"50%\"><strong>2) RAFTING &#8211; RIVER RAFTING &#8211; RHEIN &#8211; Tagestour + BBQ <\/strong><\/td><td><strong>CHF 175.00 pro Person<span class=\"productPrice\"><br \/><\/span><\/strong><\/td><\/tr><tr><td>Zus\u00e4tzliche Informationen<\/td><td><span class=\"patt\">&#8211; <span class=\"plbl\">Jungendpreis :<\/span> <strong>CHF <\/strong><strong>130.00 <\/strong>bis 17 j\u00e4hrig<br \/>&#8211; <span class=\"plbl\"> Ab<\/span> 11 Pers. 10% : <strong>CHF 157.50<\/strong>\/Pers.<br \/>&#8211; Ab 21 Pers. 15% : <strong>CHF 148.75<\/strong>\/Pers.<strong><br \/><\/strong>&#8211; Mindestalter : 10 j\u00e4hrig<br \/><span class=\"plbl\">&#8211; Schulpreis :<\/span><span class=\"plbl\"> <span class=\"patt\" style=\"font-family: inherit; font-size: inherit;\"><a href=\"https:\/\/www.swissraft.ch\/de\/kontakt\/\">Kontaktieren Sie uns<\/a><\/span><\/span><\/span><\/td><\/tr><tr><td>Strecke<\/td><td><strong>Ilanz-Reichenau<\/strong><\/td><\/tr><tr><td>Startzeit<\/td><td>10h35<\/td><\/tr><tr><td>Rafting<\/td><td>ca. 2 Std.<\/td><\/tr><tr><td>Gesamtdauer<\/td><td>ca. 5 Std.<\/td><\/tr><tr><td>Treffpunkt<\/td><td><span style=\"color: #ff6600;\"><a href=\"https:\/\/www.google.com\/maps\/place\/46%C2%B046'31.1%22N+9%C2%B012'26.6%22E\/@46.7754475,9.205092,386m\/data=!3m1!1e3!4m10!1m5!3m4!2zNDbCsDQ2JzMwLjkiTiA5wrAxMicyNi42IkU!8m2!3d46.77525!4d9.2073889!3m3!8m2!3d46.7753056!4d9.2073889?entry=ttu\" target=\"_blank\" rel=\"noopener\">Bahnhof Ilanz<\/a><\/span><\/td><\/tr><tr><td>Schwierigkeitsgrad<\/td><td>2-3+<\/td><\/tr><tr><td><button class=\"elementor-button\" type=\"button\"><a href=\"https:\/\/swissraft.outdoorbooking.ch\/fo\/products\/303?base_id=2&amp;category_id=1&amp;order_type=gift_voucher&amp;lang=de\" target=\"_blank\" rel=\"noopener\">GUTSCHEIN \/ TICKET KAUFEN<\/a><\/button><\/td><td><a href=\"https:\/\/swissraft.outdoorbooking.ch\/fo\/products\/303?base_id=2&amp;category_id=1&amp;order_type=event&amp;lang=de\" target=\"_blank\" rel=\"noopener\">RESERVIEREN SIE EIN DATUM<\/a>\u00a0 <strong>CHF 175.00<\/strong>\/Erw. <strong>CHF 130.00<\/strong>\/Kind<\/td><\/tr><tr><td>\u00a0<\/td><td><span class=\"patt\">&#8211; PRIVATE RAFT (4-6 Pers.) Pauschalpreis von<strong> CHF 995.00 + CHF 35.00<\/strong>\/BBQ<strong><br \/><\/strong>&#8211; PRIVATBOOT (7-9 Pers.) <strong>CHF 175.00<\/strong>\/Erw. und <strong>CHF 130.00<\/strong>\/Kind + Pauschalbetrag von <strong>CHF 150.00<br \/><\/strong>&#8211; Um zu buchung : <span class=\"patt\" style=\"font-family: inherit; font-size: inherit;\"><span class=\"plbl\"><a href=\"https:\/\/www.swissraft.ch\/de\/kontakt\/\">Kontaktieren Sie uns<\/a><\/span><\/span><strong><br \/><\/strong><\/span><\/td><\/tr><\/tbody><\/table><table border=\"0\" width=\"580\" cellspacing=\"10\" cellpadding=\"10\"><tbody><tr><td width=\"50%\"><strong>3) RAFTING &#8211; RIVER RAFTING &#8211; RHEIN &#8211; Tagestour mit Selbstverpflegung<\/strong><\/td><td><strong>CHF 150.00 pro Person<span class=\"productPrice\"><br \/><\/span><\/strong><\/td><\/tr><tr><td>Zus\u00e4tzliche Informationen<\/td><td><span class=\"patt\">&#8211; <span class=\"plbl\">Jugendpreis :<\/span> <strong>CHF <\/strong><strong>100.00<\/strong> bis 17 j\u00e4hrig<br \/>&#8211; <span class=\"plbl\"> Ab<\/span> 11 Pers. 10% : <strong>CHF 135.00<\/strong>\/Pers.<br \/>&#8211; Ab 21 Pers. 15% : <strong>CHF 127.50<\/strong>\/Pers.<strong><br \/><\/strong>&#8211; Mindestalter : 10 j\u00e4hrig<br \/><span class=\"plbl\">&#8211; Schulpreis : <span class=\"patt\" style=\"font-family: inherit; font-size: inherit;\"><a href=\"https:\/\/www.swissraft.ch\/de\/kontakt\/\">Kontaktieren Sie uns<\/a><\/span><\/span><\/span><\/td><\/tr><tr><td>Strecke<\/td><td><strong>Ilanz-Reichenau<\/strong><\/td><\/tr><tr><td>Startzeit<\/td><td>10h35<\/td><\/tr><tr><td>Rafting<\/td><td>ca. 2 Std.<\/td><\/tr><tr><td>Gesamtdauer<\/td><td>ca. 5 Std.<\/td><\/tr><tr><td>Treffpunkt<\/td><td><span style=\"color: #ff6600;\"><a href=\"https:\/\/www.google.com\/maps\/place\/46%C2%B046'31.1%22N+9%C2%B012'26.6%22E\/@46.7754475,9.205092,386m\/data=!3m1!1e3!4m10!1m5!3m4!2zNDbCsDQ2JzMwLjkiTiA5wrAxMicyNi42IkU!8m2!3d46.77525!4d9.2073889!3m3!8m2!3d46.7753056!4d9.2073889?entry=ttu\" target=\"_blank\" rel=\"noopener\">Bahnhof Ilanz<\/a><\/span><\/td><\/tr><tr><td>Schwierigkeitsgrad<\/td><td>2-3+<\/td><\/tr><tr><td><button class=\"elementor-button\" type=\"button\"><a href=\"https:\/\/swissraft.outdoorbooking.ch\/fo\/products\/725?base_id=2&amp;category_id=1&amp;order_type=gift_voucher&amp;lang=de\" target=\"_blank\" rel=\"noopener\">GUTSCHEIN \/ TICKET KAUFEN<\/a><\/button><\/td><td><strong>CHF 150.00<\/strong><span class=\"patt\">\/Erw. <strong>CHF 100.00<\/strong>\/Kind<\/span><a href=\"https:\/\/swissraft.outdoorbooking.ch\/fo\/products\/725?base_id=2&amp;category_id=1&amp;order_type=event&amp;lang=de\" target=\"_blank\" rel=\"noopener\"><br \/>RESERVIEREN SIE EIN DATUM<\/a><\/td><\/tr><tr><td><button class=\"elementor-button\" type=\"button\"><a href=\"https:\/\/swissraft.outdoorbooking.ch\/fo\/products\/1428?base_id=2&amp;category_id=1&amp;order_type=gift_voucher&amp;lang=de\" target=\"_blank\" rel=\"noopener\">GUTSCHEIN \/ TICKET KAUFEN<\/a><\/button><\/td><td><span class=\"patt\"><a href=\"https:\/\/swissraft.outdoorbooking.ch\/fo\/products\/1428?base_id=2&amp;category_id=1&amp;order_type=event&amp;lang=de\" target=\"_blank\" rel=\"noopener\">RESERVIEREN SIE EIN DATUM<\/a>\u00a0 <strong>CHF 995.00 <\/strong>&#8211; PRIVATE RAFT (4-6 Pers.)<\/span><\/td><\/tr><tr><td>\u00a0<\/td><td><span class=\"patt\">&#8211; PRIVATBOOT (7-9 Pers.) <strong>CHF 150.00<\/strong>\/Erw. und <strong>CHF 100.00<\/strong>\/KInd + Pauschalbetrag von<strong> CHF 150.00<br \/><\/strong>&#8211; Um zu buchung : <span class=\"patt\" style=\"font-family: inherit; font-size: inherit;\"><span class=\"plbl\"><a href=\"https:\/\/www.swissraft.ch\/de\/kontakt\/\">Kontaktieren Sie uns<\/a><\/span><\/span><strong><br \/><\/strong><\/span><\/td><\/tr><\/tbody><\/table>\t\t\t\t\t\t<\/div>\n\t\t\t\t<\/div>\n\t\t\t\t\t<\/div>\n\t\t<\/div>\n\t\t\t\t\t\t\t<\/div>\n\t\t<\/section>\n\t\t\t\t\t\t\t<\/div>\n\t\t","protected":false},"excerpt":{"rendered":"<div align=\"justify\">\n<h2 align=\"justify\">River Rafting auf dem Rhein, das Mekka des Raftings in Graub\u00fcnden<\/h2>\n<h3>Rafting und Abenteuer auf dem Vorderrhein, eine atemberaubende Raftingstrecke und ein atemberaubender Ort, entdeckt und gef\u00f6rdert von Daniel Ch\u00e9zi\u00e8re mit einer ersten kommerziellen Fahrt im Sommer 1982.<\/h3>\n<\/div>\n<div align=\"justify\">\n<p><strong>Rafting<\/strong> auf dem Vorderrhein in Graub\u00fcnden! Rafting zwischen Ilanz und Reichenau. Zun\u00e4chst wird Ihnen die <strong>Rafting-Tour<\/strong> in einer wundersch\u00f6nen Umgebung ein unvergessliches Erlebnis bleiben. Au\u00dferdem befinden Sie sich im GRAND CANYON SCHWEIZ, dem Mekka des <strong>Raftings<\/strong>. Wenn Sie m\u00f6chten, k\u00f6nnen Sie auf halber Strecke am Fluss ein BBQ genie\u00dfen.<\/p>\n<h3>Es gibt viele Alternativen zum Rafting auf dem Rhein in der Schweiz. Nehmen Sie sich die Zeit, unsere Website zu durchsuchen.<\/h3>\n<p id=\"textarea\" style=\"display: none;\">\nEbenfalls in Graub\u00fcnden bieten wir Rafting von Scuol aus auf der &#8222;K\u00f6nigin der Fl\u00fcsse&#8220;, dem Inn, von Susch bis Pradella an. Dar\u00fcber hinaus bietet Swissraft <strong>Riverrafting<\/strong> auf der wilden Rhone zwischen Susten und Siders an. Andererseits Rafting auf der Dranse de Bagnes zwischen Voll\u00e8ges und Sembrancher. Aber auch Rafting auf der Vispa, einem Fluss im oberen Wallis zwischen Stalden und Visp. Au\u00dferdem machen wir <strong>Rafting<\/strong> auf der Saane von Saanen bis Ch\u00e2teau d&#8217;Oex im Kanton Waadt. Ebenfalls im Berner Oberland fahren wir auf der L\u00fctschine und der Simme zwischen Boltigen und D\u00e4rstetten. Au\u00dferdem bieten wir Riverrafting in der Umgebung von Genf auf der Dranse in Hochsavoyen bei Thonon-les-Bains an. <strong>Flussabfahrten<\/strong> auch in den franz\u00f6sischen Alpen auf der Is\u00e8re und dem Doron de Bozel.\n<\/p>\n<p><a id=\"seeMore\" onclick=\"toggleSeeMore()\" href=\"javascript:void(0);\">Lesen Sie mehr<\/a><\/p>\n","protected":false},"featured_media":84598,"comment_status":"open","ping_status":"closed","template":"","meta":{"inline_featured_image":false,"_mi_skip_tracking":false},"product_cat":[251,343],"product_tag":[],"class_list":["post-91578","product","type-product","status-publish","has-post-thumbnail","hentry","product_cat-rafting-river-rafting-in-der-schweiz","product_cat-rafting-river-rafting-graubuenden-vorderrhein-rhein-inn"],"yoast_head":"<!-- This site is optimized with the Yoast SEO plugin v23.6 - https:\/\/yoast.com\/wordpress\/plugins\/seo\/ -->\n<title>Rafting River rafting Rhein in Graub\u00fcnden : Ilanz und Reichenau<\/title>\n<meta name=\"description\" content=\"Rafting River rafting Rhein in Graub\u00fcnden zwischen Ilanz und Reichenau bietet Ihnen eine herrliche Gegend und ein Abenteuer auf dem Rhein.\" \/>\n<meta name=\"robots\" content=\"index, follow, max-snippet:-1, max-image-preview:large, max-video-preview:-1\" \/>\n<link rel=\"canonical\" href=\"https:\/\/www.swissraft.ch\/de\/produkt\/rafting-river-rafting-rhein-vorderrhein-graubunden-ilanz-reichenau\/\" \/>\n<meta property=\"og:locale\" content=\"de_DE\" \/>\n<meta property=\"og:type\" content=\"article\" \/>\n<meta property=\"og:title\" content=\"Rafting River rafting Rhein in Graub\u00fcnden : Ilanz und Reichenau\" \/>\n<meta property=\"og:description\" content=\"Rafting River rafting Rhein in Graub\u00fcnden zwischen Ilanz und Reichenau bietet Ihnen eine herrliche Gegend und ein Abenteuer auf dem Rhein.\" \/>\n<meta property=\"og:url\" content=\"https:\/\/www.swissraft.ch\/de\/produkt\/rafting-river-rafting-rhein-vorderrhein-graubunden-ilanz-reichenau\/\" \/>\n<meta property=\"og:site_name\" content=\"Swissraft\" \/>\n<meta property=\"article:modified_time\" content=\"2026-04-27T01:13:26+00:00\" \/>\n<meta property=\"og:image\" content=\"https:\/\/www.swissraft.ch\/wp-content\/uploads\/2023\/02\/1-1-Rhein-776x776-1.jpg\" \/>\n\t<meta property=\"og:image:width\" content=\"776\" \/>\n\t<meta property=\"og:image:height\" content=\"776\" \/>\n\t<meta property=\"og:image:type\" content=\"image\/jpeg\" \/>\n<meta name=\"twitter:card\" content=\"summary_large_image\" \/>\n<meta name=\"twitter:label1\" content=\"Gesch\u00e4tzte Lesezeit\" \/>\n\t<meta name=\"twitter:data1\" content=\"2\u00a0Minuten\" \/>\n<script type=\"application\/ld+json\" class=\"yoast-schema-graph\">{\"@context\":\"https:\/\/schema.org\",\"@graph\":[{\"@type\":\"WebPage\",\"@id\":\"https:\/\/www.swissraft.ch\/de\/produkt\/rafting-river-rafting-rhein-vorderrhein-graubunden-ilanz-reichenau\/\",\"url\":\"https:\/\/www.swissraft.ch\/de\/produkt\/rafting-river-rafting-rhein-vorderrhein-graubunden-ilanz-reichenau\/\",\"name\":\"Rafting River rafting Rhein in Graub\u00fcnden : Ilanz und Reichenau\",\"isPartOf\":{\"@id\":\"https:\/\/www.swissraft.ch\/de\/#website\"},\"primaryImageOfPage\":{\"@id\":\"https:\/\/www.swissraft.ch\/de\/produkt\/rafting-river-rafting-rhein-vorderrhein-graubunden-ilanz-reichenau\/#primaryimage\"},\"image\":{\"@id\":\"https:\/\/www.swissraft.ch\/de\/produkt\/rafting-river-rafting-rhein-vorderrhein-graubunden-ilanz-reichenau\/#primaryimage\"},\"thumbnailUrl\":\"https:\/\/www.swissraft.ch\/wp-content\/uploads\/2023\/02\/1-1-Rhein-776x776-1.jpg\",\"datePublished\":\"2023-02-18T16:49:11+00:00\",\"dateModified\":\"2026-04-27T01:13:26+00:00\",\"description\":\"Rafting River rafting Rhein in Graub\u00fcnden zwischen Ilanz und Reichenau bietet Ihnen eine herrliche Gegend und ein Abenteuer auf dem Rhein.\",\"breadcrumb\":{\"@id\":\"https:\/\/www.swissraft.ch\/de\/produkt\/rafting-river-rafting-rhein-vorderrhein-graubunden-ilanz-reichenau\/#breadcrumb\"},\"inLanguage\":\"de\",\"potentialAction\":[{\"@type\":\"ReadAction\",\"target\":[\"https:\/\/www.swissraft.ch\/de\/produkt\/rafting-river-rafting-rhein-vorderrhein-graubunden-ilanz-reichenau\/\"]}]},{\"@type\":\"ImageObject\",\"inLanguage\":\"de\",\"@id\":\"https:\/\/www.swissraft.ch\/de\/produkt\/rafting-river-rafting-rhein-vorderrhein-graubunden-ilanz-reichenau\/#primaryimage\",\"url\":\"https:\/\/www.swissraft.ch\/wp-content\/uploads\/2023\/02\/1-1-Rhein-776x776-1.jpg\",\"contentUrl\":\"https:\/\/www.swissraft.ch\/wp-content\/uploads\/2023\/02\/1-1-Rhein-776x776-1.jpg\",\"width\":776,\"height\":776,\"caption\":\"Rafting River Rafting auf dem Rhein im Swiss Grand Canyon\"},{\"@type\":\"BreadcrumbList\",\"@id\":\"https:\/\/www.swissraft.ch\/de\/produkt\/rafting-river-rafting-rhein-vorderrhein-graubunden-ilanz-reichenau\/#breadcrumb\",\"itemListElement\":[{\"@type\":\"ListItem\",\"position\":1,\"name\":\"Accueil\",\"item\":\"https:\/\/www.swissraft.ch\/de\/\"},{\"@type\":\"ListItem\",\"position\":2,\"name\":\"Shop\",\"item\":\"https:\/\/www.swissraft.ch\/de\/shop\/\"},{\"@type\":\"ListItem\",\"position\":3,\"name\":\"Rafting oder River Rafting in Graub\u00fcnden &#8211; Der Rhein &#8211; Surselva &#8211; Ilanz-Reichenau &#8211; Ab CHF 80.00\"}]},{\"@type\":\"WebSite\",\"@id\":\"https:\/\/www.swissraft.ch\/de\/#website\",\"url\":\"https:\/\/www.swissraft.ch\/de\/\",\"name\":\"Swissraft\",\"description\":\"To enjoy nature as it is\",\"publisher\":{\"@id\":\"https:\/\/www.swissraft.ch\/de\/#organization\"},\"potentialAction\":[{\"@type\":\"SearchAction\",\"target\":{\"@type\":\"EntryPoint\",\"urlTemplate\":\"https:\/\/www.swissraft.ch\/de\/?s={search_term_string}\"},\"query-input\":{\"@type\":\"PropertyValueSpecification\",\"valueRequired\":true,\"valueName\":\"search_term_string\"}}],\"inLanguage\":\"de\"},{\"@type\":\"Organization\",\"@id\":\"https:\/\/www.swissraft.ch\/de\/#organization\",\"name\":\"Swissraft\",\"url\":\"https:\/\/www.swissraft.ch\/de\/\",\"logo\":{\"@type\":\"ImageObject\",\"inLanguage\":\"de\",\"@id\":\"https:\/\/www.swissraft.ch\/de\/#\/schema\/logo\/image\/\",\"url\":\"https:\/\/www.swissraft.ch\/wp-content\/uploads\/2025\/09\/Capture.jpg\",\"contentUrl\":\"https:\/\/www.swissraft.ch\/wp-content\/uploads\/2025\/09\/Capture.jpg\",\"width\":293,\"height\":108,\"caption\":\"Swissraft\"},\"image\":{\"@id\":\"https:\/\/www.swissraft.ch\/de\/#\/schema\/logo\/image\/\"}}]}<\/script>\n<!-- \/ Yoast SEO plugin. -->","yoast_head_json":{"title":"Rafting River rafting Rhein in Graub\u00fcnden : Ilanz und Reichenau","description":"Rafting River rafting Rhein in Graub\u00fcnden zwischen Ilanz und Reichenau bietet Ihnen eine herrliche Gegend und ein Abenteuer auf dem Rhein.","robots":{"index":"index","follow":"follow","max-snippet":"max-snippet:-1","max-image-preview":"max-image-preview:large","max-video-preview":"max-video-preview:-1"},"canonical":"https:\/\/www.swissraft.ch\/de\/produkt\/rafting-river-rafting-rhein-vorderrhein-graubunden-ilanz-reichenau\/","og_locale":"de_DE","og_type":"article","og_title":"Rafting River rafting Rhein in Graub\u00fcnden : Ilanz und Reichenau","og_description":"Rafting River rafting Rhein in Graub\u00fcnden zwischen Ilanz und Reichenau bietet Ihnen eine herrliche Gegend und ein Abenteuer auf dem Rhein.","og_url":"https:\/\/www.swissraft.ch\/de\/produkt\/rafting-river-rafting-rhein-vorderrhein-graubunden-ilanz-reichenau\/","og_site_name":"Swissraft","article_modified_time":"2026-04-27T01:13:26+00:00","og_image":[{"width":776,"height":776,"url":"https:\/\/www.swissraft.ch\/wp-content\/uploads\/2023\/02\/1-1-Rhein-776x776-1.jpg","type":"image\/jpeg"}],"twitter_card":"summary_large_image","twitter_misc":{"Gesch\u00e4tzte Lesezeit":"2\u00a0Minuten"},"schema":{"@context":"https:\/\/schema.org","@graph":[{"@type":"WebPage","@id":"https:\/\/www.swissraft.ch\/de\/produkt\/rafting-river-rafting-rhein-vorderrhein-graubunden-ilanz-reichenau\/","url":"https:\/\/www.swissraft.ch\/de\/produkt\/rafting-river-rafting-rhein-vorderrhein-graubunden-ilanz-reichenau\/","name":"Rafting River rafting Rhein in Graub\u00fcnden : Ilanz und Reichenau","isPartOf":{"@id":"https:\/\/www.swissraft.ch\/de\/#website"},"primaryImageOfPage":{"@id":"https:\/\/www.swissraft.ch\/de\/produkt\/rafting-river-rafting-rhein-vorderrhein-graubunden-ilanz-reichenau\/#primaryimage"},"image":{"@id":"https:\/\/www.swissraft.ch\/de\/produkt\/rafting-river-rafting-rhein-vorderrhein-graubunden-ilanz-reichenau\/#primaryimage"},"thumbnailUrl":"https:\/\/www.swissraft.ch\/wp-content\/uploads\/2023\/02\/1-1-Rhein-776x776-1.jpg","datePublished":"2023-02-18T16:49:11+00:00","dateModified":"2026-04-27T01:13:26+00:00","description":"Rafting River rafting Rhein in Graub\u00fcnden zwischen Ilanz und Reichenau bietet Ihnen eine herrliche Gegend und ein Abenteuer auf dem Rhein.","breadcrumb":{"@id":"https:\/\/www.swissraft.ch\/de\/produkt\/rafting-river-rafting-rhein-vorderrhein-graubunden-ilanz-reichenau\/#breadcrumb"},"inLanguage":"de","potentialAction":[{"@type":"ReadAction","target":["https:\/\/www.swissraft.ch\/de\/produkt\/rafting-river-rafting-rhein-vorderrhein-graubunden-ilanz-reichenau\/"]}]},{"@type":"ImageObject","inLanguage":"de","@id":"https:\/\/www.swissraft.ch\/de\/produkt\/rafting-river-rafting-rhein-vorderrhein-graubunden-ilanz-reichenau\/#primaryimage","url":"https:\/\/www.swissraft.ch\/wp-content\/uploads\/2023\/02\/1-1-Rhein-776x776-1.jpg","contentUrl":"https:\/\/www.swissraft.ch\/wp-content\/uploads\/2023\/02\/1-1-Rhein-776x776-1.jpg","width":776,"height":776,"caption":"Rafting River Rafting auf dem Rhein im Swiss Grand Canyon"},{"@type":"BreadcrumbList","@id":"https:\/\/www.swissraft.ch\/de\/produkt\/rafting-river-rafting-rhein-vorderrhein-graubunden-ilanz-reichenau\/#breadcrumb","itemListElement":[{"@type":"ListItem","position":1,"name":"Accueil","item":"https:\/\/www.swissraft.ch\/de\/"},{"@type":"ListItem","position":2,"name":"Shop","item":"https:\/\/www.swissraft.ch\/de\/shop\/"},{"@type":"ListItem","position":3,"name":"Rafting oder River Rafting in Graub\u00fcnden &#8211; Der Rhein &#8211; Surselva &#8211; Ilanz-Reichenau &#8211; Ab CHF 80.00"}]},{"@type":"WebSite","@id":"https:\/\/www.swissraft.ch\/de\/#website","url":"https:\/\/www.swissraft.ch\/de\/","name":"Swissraft","description":"To enjoy nature as it is","publisher":{"@id":"https:\/\/www.swissraft.ch\/de\/#organization"},"potentialAction":[{"@type":"SearchAction","target":{"@type":"EntryPoint","urlTemplate":"https:\/\/www.swissraft.ch\/de\/?s={search_term_string}"},"query-input":{"@type":"PropertyValueSpecification","valueRequired":true,"valueName":"search_term_string"}}],"inLanguage":"de"},{"@type":"Organization","@id":"https:\/\/www.swissraft.ch\/de\/#organization","name":"Swissraft","url":"https:\/\/www.swissraft.ch\/de\/","logo":{"@type":"ImageObject","inLanguage":"de","@id":"https:\/\/www.swissraft.ch\/de\/#\/schema\/logo\/image\/","url":"https:\/\/www.swissraft.ch\/wp-content\/uploads\/2025\/09\/Capture.jpg","contentUrl":"https:\/\/www.swissraft.ch\/wp-content\/uploads\/2025\/09\/Capture.jpg","width":293,"height":108,"caption":"Swissraft"},"image":{"@id":"https:\/\/www.swissraft.ch\/de\/#\/schema\/logo\/image\/"}}]}},"_links":{"self":[{"href":"https:\/\/www.swissraft.ch\/de\/wp-json\/wp\/v2\/product\/91578","targetHints":{"allow":["GET"]}}],"collection":[{"href":"https:\/\/www.swissraft.ch\/de\/wp-json\/wp\/v2\/product"}],"about":[{"href":"https:\/\/www.swissraft.ch\/de\/wp-json\/wp\/v2\/types\/product"}],"replies":[{"embeddable":true,"href":"https:\/\/www.swissraft.ch\/de\/wp-json\/wp\/v2\/comments?post=91578"}],"version-history":[{"count":192,"href":"https:\/\/www.swissraft.ch\/de\/wp-json\/wp\/v2\/product\/91578\/revisions"}],"predecessor-version":[{"id":142413,"href":"https:\/\/www.swissraft.ch\/de\/wp-json\/wp\/v2\/product\/91578\/revisions\/142413"}],"wp:featuredmedia":[{"embeddable":true,"href":"https:\/\/www.swissraft.ch\/de\/wp-json\/wp\/v2\/media\/84598"}],"wp:attachment":[{"href":"https:\/\/www.swissraft.ch\/de\/wp-json\/wp\/v2\/media?parent=91578"}],"wp:term":[{"taxonomy":"product_cat","embeddable":true,"href":"https:\/\/www.swissraft.ch\/de\/wp-json\/wp\/v2\/product_cat?post=91578"},{"taxonomy":"product_tag","embeddable":true,"href":"https:\/\/www.swissraft.ch\/de\/wp-json\/wp\/v2\/product_tag?post=91578"}],"curies":[{"name":"wp","href":"https:\/\/api.w.org\/{rel}","templated":true}]}}