{"id":91577,"date":"2023-02-18T15:50:24","date_gmt":"2023-02-18T14:50:24","guid":{"rendered":"https:\/\/swissraft.xyanzkdne.eu\/product\/rafting-im-bernerland-bernois-la-simme-boltigen-daerstetten-ab-chf-116-10\/"},"modified":"2026-04-07T00:14:54","modified_gmt":"2026-04-06T22:14:54","slug":"rafting-river-rafting-simme-berner-oberland","status":"publish","type":"product","link":"https:\/\/www.swissraft.ch\/de\/produkt\/rafting-river-rafting-simme-berner-oberland\/","title":{"rendered":"Rafting oder River Rafting im Berner oberland &#8211; Die Simme &#8211; Boltigen-D\u00e4rstetten &#8211; Ab CHF 108.00"},"content":{"rendered":"\t\t<div data-elementor-type=\"wp-post\" data-elementor-id=\"91577\" class=\"elementor elementor-91577 elementor-30963\">\n\t\t\t\t\t\t\t\t\t<section class=\"elementor-section elementor-top-section elementor-element elementor-element-3303a7e3 elementor-section-boxed elementor-section-height-default elementor-section-height-default\" data-id=\"3303a7e3\" data-element_type=\"section\">\n\t\t\t\t\t\t<div class=\"elementor-container elementor-column-gap-default\">\n\t\t\t\t\t<div class=\"elementor-column elementor-col-100 elementor-top-column elementor-element elementor-element-16d72dbf\" data-id=\"16d72dbf\" data-element_type=\"column\">\n\t\t\t<div class=\"elementor-widget-wrap elementor-element-populated\">\n\t\t\t\t\t\t\t\t<div class=\"elementor-element elementor-element-d743c03 elementor-widget elementor-widget-text-editor\" data-id=\"d743c03\" data-element_type=\"widget\" data-widget_type=\"text-editor.default\">\n\t\t\t\t<div class=\"elementor-widget-container\">\n\t\t\t\t\t\t\t<h2>W\u00c4HLEN SIE UNTEN IHRE AKTIVIT\u00c4T AUS, UM GESCHENKGUTSCHEINE \/ TICKETS ZU VERSCHENKEN ODER ZU BUCHEN<\/h2><table border=\"0\" width=\"580\" cellspacing=\"10\" cellpadding=\"10\"><tbody><tr><td width=\"50%\"><strong>RAFTING &#8211; RIVER RAFTING &#8211; SIMME + Getr\u00e4nk<\/strong><\/td><td><strong>CHF 135.00 pro Person<span class=\"productPrice\"><br \/><\/span><\/strong><\/td><\/tr><tr><td>Zus\u00e4tzliche Informationen<\/td><td><span class=\"plbl\">&#8211; Jugendpreis<\/span> : <span class=\"patt\"><strong>CHF 100.00<\/strong><span class=\"plbl\">\/Pers.<\/span> bis 15 j\u00e4hrig<\/span><br \/>&#8211; Ab 10 Pers. 10% : <strong>CHF 121.50<\/strong><span class=\"plbl\">\/pers.<br \/>&#8211; Ab 21 Pers. 20% : <strong>CHF 108.00<\/strong>\/Pers<span class=\"plbl\">.<br \/><\/span> &#8211; Mindestalter : 10 j\u00e4hrig<br \/>&#8211;<span class=\"plbl\"> <span class=\"patt\">Schulpreis : <span class=\"patt\" style=\"font-family: inherit; font-size: inherit;\"><a href=\"\/de\/produkt\/schulreise-rafting-berner-oberland-simme-boltigen-darstetten\/\" target=\"_blank\" rel=\"noopener\">Hier klicken<\/a><\/span><\/span><\/span><\/span><\/td><\/tr><tr><td>Strecke<\/td><td><strong>Boltigen-D\u00e4rstetten<\/strong><\/td><\/tr><tr><td>Startzeiten<\/td><td>10:00 Uhr \/ 14:00 Uhr<\/td><\/tr><tr><td>Rafting<\/td><td>ca. 1:30 Std.<\/td><\/tr><tr><td>Gesamtdauer<\/td><td>ca. 3 Std.<\/td><\/tr><tr><td>Treffpunkt<\/td><td><span style=\"color: #ff6600;\"><a href=\"https:\/\/www.google.com\/maps\/place\/Reidenbach+281,+3766+Boltigen,+Suisse\/@46.6232858,7.3736241,775m\/data=!3m1!1e3!4m6!3m5!1s0x478e582a4e44aa2f:0x7125591bfc6613d8!8m2!3d46.6231447!4d7.3783842!16s%2Fg%2F11h3g7x3cl?entry=ttug_ep=EgoyMDI1MDExMC4wIKXMDSoASAFQAw%3D%3D\" target=\"_blank\" rel=\"noopener\">Reidenbach 281<\/a><\/span><\/td><\/tr><tr><td>Schwierigkeitsgrad<\/td><td>2-3+<\/td><\/tr><tr><td><button class=\"elementor-button\" type=\"button\"><a href=\"https:\/\/swissraft.outdoorbooking.ch\/fo\/products\/1789?base_id=89category_id=1order_type=gift_voucherlang=de\" target=\"_blank\" rel=\"noopener\">GUTSCHEIN \/ TICKET KAUFEN<\/a><\/button><\/td><td style=\"text-align: left;\"><span class=\"plbl\"><a href=\"https:\/\/swissraft.outdoorbooking.ch\/fo\/products\/1789?base_id=89category_id=1order_type=eventlang=de\" target=\"_blank\" rel=\"noopener\">RESERVIEREN SIE EIN DATUM<\/a>\u00a0 <strong>CHF 135.00<\/strong>\/Pers.<\/span><\/td><\/tr><tr><td><button class=\"elementor-button\" type=\"button\"><a href=\"https:\/\/swissraft.outdoorbooking.ch\/fo\/products\/2136?base_id=89category_id=1order_type=gift_voucherlang=de\" target=\"_blank\" rel=\"noopener\">GUTSCHEIN \/ TICKET KAUFEN<\/a><\/button><\/td><td style=\"text-align: left;\"><a href=\"https:\/\/swissraft.outdoorbooking.ch\/fo\/products\/2136?base_id=89category_id=1order_type=eventlang=de\" target=\"_blank\" rel=\"noopener\">RESERVIEREN SIE EIN DATUM<\/a>\u00a0 <strong>CHF 1&#8217;080.00 &#8211; <\/strong>PRIVATBOOT (3-8 Pers.)<\/td><\/tr><\/tbody><\/table>\t\t\t\t\t\t<\/div>\n\t\t\t\t<\/div>\n\t\t\t\t\t<\/div>\n\t\t<\/div>\n\t\t\t\t\t\t\t<\/div>\n\t\t<\/section>\n\t\t\t\t\t\t\t<\/div>\n\t\t","protected":false},"excerpt":{"rendered":"<div align=\"justify\">\n<h2 align=\"justify\">River Rafting auf der Simme im Simmental im Berner Oberland<\/h2>\n<h3>Die Simme eine klassische und typische Raftingstrecke mit Spr\u00fcngen und beeindruckenden Wellen.<\/h3>\n<\/div>\n<div align=\"justify\">\n<p><strong>Rafting<\/strong> auf der Simme im Berner Oberland. Die Simme m\u00e4andert durch das Simmental. Au\u00dferdem ist diese Strecke von Boltigen nach D\u00e4rstetten eine Abfolge von Spr\u00fcngen und beeindruckenden Wellen. Au\u00dferdem bietet dieser Fluss Abenteuer- und Naturliebhabern eine angenehme und umfassende Variante des <strong>Riverraftings<\/strong>.<\/p>\n<h3>Die Simme ist eine der vielen Optionen, die Ihnen Swissraft bietet.<\/h3>\n<p id=\"textarea\" style=\"display: none;\">\nEbenfalls im Berner Oberland in der N\u00e4he von Interlaken Rafting auf der L\u00fctschine. Swissraft bietet auch <strong>Rafting<\/strong> auf der wilden Rhone zwischen Sousten und Siders an, eine bekannte Strecke. Au\u00dferdem Rafting auf der Dranse de Bagnes zwischen Voll\u00e8ges und Sembrancher sowie auf der Vispa ab Stalden. Au\u00dferdem machen wir <strong>Rafting<\/strong> auf der Saane von Saanen bis Ch\u00e2teau d&#8217;Oex im Pays d&#8217;Enhaut. Swissraft bietet auch Riverrafting in der Umgebung von Genf auf der Dranse in Hochsavoyen bei Thonon-les-Bains an. Aber auch <strong>Flussfahrten<\/strong> in den franz\u00f6sischen Alpen auf der Is\u00e8re und dem Doron de Bozel. Sowie in Graub\u00fcnden zwischen Ilanz und Reichenau die l\u00e4ngste Raftingstrecke auf dem Rhein. Auf dem Inn schlie\u00dflich eine hochkar\u00e4tige <strong>Riverrafting-Strecke<\/strong> im Engadin mit dem ber\u00fchmten Abschnitt der Giarsunschlucht am Nachmittag.\n<\/p>\n<p><a id=\"seeMore\" onclick=\"toggleSeeMore()\" href=\"javascript:void(0);\">Lesen Sie mehr<\/a><\/p>\n","protected":false},"featured_media":84718,"comment_status":"open","ping_status":"closed","template":"","meta":{"inline_featured_image":false,"_mi_skip_tracking":false},"product_cat":[294,251],"product_tag":[],"class_list":["post-91577","product","type-product","status-publish","has-post-thumbnail","hentry","product_cat-rafting-river-rafting-luetschine-simme-saane-berner-oberland","product_cat-rafting-river-rafting-in-der-schweiz"],"yoast_head":"<!-- This site is optimized with the Yoast SEO plugin v23.6 - https:\/\/yoast.com\/wordpress\/plugins\/seo\/ -->\n<title>Rafting auf der Simme im Berner Oberland, im Simmental<\/title>\n<meta name=\"description\" content=\"Rafting auf der Simme im Berner Oberland. Von Boltigen bis D\u00e4rstetten bietet die Simme eine Reihe von Vorspr\u00fcngen und Wellen, die Sie beeindrucken werden.\" \/>\n<meta name=\"robots\" content=\"index, follow, max-snippet:-1, max-image-preview:large, max-video-preview:-1\" \/>\n<link rel=\"canonical\" href=\"https:\/\/www.swissraft.ch\/de\/produkt\/rafting-river-rafting-simme-berner-oberland\/\" \/>\n<meta property=\"og:locale\" content=\"de_DE\" \/>\n<meta property=\"og:type\" content=\"article\" \/>\n<meta property=\"og:title\" content=\"Rafting auf der Simme im Berner Oberland, im Simmental\" \/>\n<meta property=\"og:description\" content=\"Rafting auf der Simme im Berner Oberland. Von Boltigen bis D\u00e4rstetten bietet die Simme eine Reihe von Vorspr\u00fcngen und Wellen, die Sie beeindrucken werden.\" \/>\n<meta property=\"og:url\" content=\"https:\/\/www.swissraft.ch\/de\/produkt\/rafting-river-rafting-simme-berner-oberland\/\" \/>\n<meta property=\"og:site_name\" content=\"Swissraft\" \/>\n<meta property=\"article:modified_time\" content=\"2026-04-06T22:14:54+00:00\" \/>\n<meta property=\"og:image\" content=\"https:\/\/www.swissraft.ch\/wp-content\/uploads\/2023\/02\/1-Simme-776x776-1.jpg\" \/>\n\t<meta property=\"og:image:width\" content=\"776\" \/>\n\t<meta property=\"og:image:height\" content=\"776\" \/>\n\t<meta property=\"og:image:type\" content=\"image\/jpeg\" \/>\n<meta name=\"twitter:card\" content=\"summary_large_image\" \/>\n<meta name=\"twitter:label1\" content=\"Gesch\u00e4tzte Lesezeit\" \/>\n\t<meta name=\"twitter:data1\" content=\"1\u00a0Minute\" \/>\n<script type=\"application\/ld+json\" class=\"yoast-schema-graph\">{\"@context\":\"https:\/\/schema.org\",\"@graph\":[{\"@type\":\"WebPage\",\"@id\":\"https:\/\/www.swissraft.ch\/de\/produkt\/rafting-river-rafting-simme-berner-oberland\/\",\"url\":\"https:\/\/www.swissraft.ch\/de\/produkt\/rafting-river-rafting-simme-berner-oberland\/\",\"name\":\"Rafting auf der Simme im Berner Oberland, im Simmental\",\"isPartOf\":{\"@id\":\"https:\/\/www.swissraft.ch\/de\/#website\"},\"primaryImageOfPage\":{\"@id\":\"https:\/\/www.swissraft.ch\/de\/produkt\/rafting-river-rafting-simme-berner-oberland\/#primaryimage\"},\"image\":{\"@id\":\"https:\/\/www.swissraft.ch\/de\/produkt\/rafting-river-rafting-simme-berner-oberland\/#primaryimage\"},\"thumbnailUrl\":\"https:\/\/www.swissraft.ch\/wp-content\/uploads\/2023\/02\/1-Simme-776x776-1.jpg\",\"datePublished\":\"2023-02-18T14:50:24+00:00\",\"dateModified\":\"2026-04-06T22:14:54+00:00\",\"description\":\"Rafting auf der Simme im Berner Oberland. Von Boltigen bis D\u00e4rstetten bietet die Simme eine Reihe von Vorspr\u00fcngen und Wellen, die Sie beeindrucken werden.\",\"breadcrumb\":{\"@id\":\"https:\/\/www.swissraft.ch\/de\/produkt\/rafting-river-rafting-simme-berner-oberland\/#breadcrumb\"},\"inLanguage\":\"de\",\"potentialAction\":[{\"@type\":\"ReadAction\",\"target\":[\"https:\/\/www.swissraft.ch\/de\/produkt\/rafting-river-rafting-simme-berner-oberland\/\"]}]},{\"@type\":\"ImageObject\",\"inLanguage\":\"de\",\"@id\":\"https:\/\/www.swissraft.ch\/de\/produkt\/rafting-river-rafting-simme-berner-oberland\/#primaryimage\",\"url\":\"https:\/\/www.swissraft.ch\/wp-content\/uploads\/2023\/02\/1-Simme-776x776-1.jpg\",\"contentUrl\":\"https:\/\/www.swissraft.ch\/wp-content\/uploads\/2023\/02\/1-Simme-776x776-1.jpg\",\"width\":776,\"height\":776,\"caption\":\"Rafting auf der Simme von Boltigen nach D\u00e4rstetten\"},{\"@type\":\"BreadcrumbList\",\"@id\":\"https:\/\/www.swissraft.ch\/de\/produkt\/rafting-river-rafting-simme-berner-oberland\/#breadcrumb\",\"itemListElement\":[{\"@type\":\"ListItem\",\"position\":1,\"name\":\"Accueil\",\"item\":\"https:\/\/www.swissraft.ch\/de\/\"},{\"@type\":\"ListItem\",\"position\":2,\"name\":\"Shop\",\"item\":\"https:\/\/www.swissraft.ch\/de\/shop\/\"},{\"@type\":\"ListItem\",\"position\":3,\"name\":\"Rafting oder River Rafting im Berner oberland &#8211; Die Simme &#8211; Boltigen-D\u00e4rstetten &#8211; Ab CHF 108.00\"}]},{\"@type\":\"WebSite\",\"@id\":\"https:\/\/www.swissraft.ch\/de\/#website\",\"url\":\"https:\/\/www.swissraft.ch\/de\/\",\"name\":\"Swissraft\",\"description\":\"To enjoy nature as it is\",\"publisher\":{\"@id\":\"https:\/\/www.swissraft.ch\/de\/#organization\"},\"potentialAction\":[{\"@type\":\"SearchAction\",\"target\":{\"@type\":\"EntryPoint\",\"urlTemplate\":\"https:\/\/www.swissraft.ch\/de\/?s={search_term_string}\"},\"query-input\":{\"@type\":\"PropertyValueSpecification\",\"valueRequired\":true,\"valueName\":\"search_term_string\"}}],\"inLanguage\":\"de\"},{\"@type\":\"Organization\",\"@id\":\"https:\/\/www.swissraft.ch\/de\/#organization\",\"name\":\"Swissraft\",\"url\":\"https:\/\/www.swissraft.ch\/de\/\",\"logo\":{\"@type\":\"ImageObject\",\"inLanguage\":\"de\",\"@id\":\"https:\/\/www.swissraft.ch\/de\/#\/schema\/logo\/image\/\",\"url\":\"https:\/\/www.swissraft.ch\/wp-content\/uploads\/2025\/09\/Capture.jpg\",\"contentUrl\":\"https:\/\/www.swissraft.ch\/wp-content\/uploads\/2025\/09\/Capture.jpg\",\"width\":293,\"height\":108,\"caption\":\"Swissraft\"},\"image\":{\"@id\":\"https:\/\/www.swissraft.ch\/de\/#\/schema\/logo\/image\/\"}}]}<\/script>\n<!-- \/ Yoast SEO plugin. -->","yoast_head_json":{"title":"Rafting auf der Simme im Berner Oberland, im Simmental","description":"Rafting auf der Simme im Berner Oberland. Von Boltigen bis D\u00e4rstetten bietet die Simme eine Reihe von Vorspr\u00fcngen und Wellen, die Sie beeindrucken werden.","robots":{"index":"index","follow":"follow","max-snippet":"max-snippet:-1","max-image-preview":"max-image-preview:large","max-video-preview":"max-video-preview:-1"},"canonical":"https:\/\/www.swissraft.ch\/de\/produkt\/rafting-river-rafting-simme-berner-oberland\/","og_locale":"de_DE","og_type":"article","og_title":"Rafting auf der Simme im Berner Oberland, im Simmental","og_description":"Rafting auf der Simme im Berner Oberland. Von Boltigen bis D\u00e4rstetten bietet die Simme eine Reihe von Vorspr\u00fcngen und Wellen, die Sie beeindrucken werden.","og_url":"https:\/\/www.swissraft.ch\/de\/produkt\/rafting-river-rafting-simme-berner-oberland\/","og_site_name":"Swissraft","article_modified_time":"2026-04-06T22:14:54+00:00","og_image":[{"width":776,"height":776,"url":"https:\/\/www.swissraft.ch\/wp-content\/uploads\/2023\/02\/1-Simme-776x776-1.jpg","type":"image\/jpeg"}],"twitter_card":"summary_large_image","twitter_misc":{"Gesch\u00e4tzte Lesezeit":"1\u00a0Minute"},"schema":{"@context":"https:\/\/schema.org","@graph":[{"@type":"WebPage","@id":"https:\/\/www.swissraft.ch\/de\/produkt\/rafting-river-rafting-simme-berner-oberland\/","url":"https:\/\/www.swissraft.ch\/de\/produkt\/rafting-river-rafting-simme-berner-oberland\/","name":"Rafting auf der Simme im Berner Oberland, im Simmental","isPartOf":{"@id":"https:\/\/www.swissraft.ch\/de\/#website"},"primaryImageOfPage":{"@id":"https:\/\/www.swissraft.ch\/de\/produkt\/rafting-river-rafting-simme-berner-oberland\/#primaryimage"},"image":{"@id":"https:\/\/www.swissraft.ch\/de\/produkt\/rafting-river-rafting-simme-berner-oberland\/#primaryimage"},"thumbnailUrl":"https:\/\/www.swissraft.ch\/wp-content\/uploads\/2023\/02\/1-Simme-776x776-1.jpg","datePublished":"2023-02-18T14:50:24+00:00","dateModified":"2026-04-06T22:14:54+00:00","description":"Rafting auf der Simme im Berner Oberland. Von Boltigen bis D\u00e4rstetten bietet die Simme eine Reihe von Vorspr\u00fcngen und Wellen, die Sie beeindrucken werden.","breadcrumb":{"@id":"https:\/\/www.swissraft.ch\/de\/produkt\/rafting-river-rafting-simme-berner-oberland\/#breadcrumb"},"inLanguage":"de","potentialAction":[{"@type":"ReadAction","target":["https:\/\/www.swissraft.ch\/de\/produkt\/rafting-river-rafting-simme-berner-oberland\/"]}]},{"@type":"ImageObject","inLanguage":"de","@id":"https:\/\/www.swissraft.ch\/de\/produkt\/rafting-river-rafting-simme-berner-oberland\/#primaryimage","url":"https:\/\/www.swissraft.ch\/wp-content\/uploads\/2023\/02\/1-Simme-776x776-1.jpg","contentUrl":"https:\/\/www.swissraft.ch\/wp-content\/uploads\/2023\/02\/1-Simme-776x776-1.jpg","width":776,"height":776,"caption":"Rafting auf der Simme von Boltigen nach D\u00e4rstetten"},{"@type":"BreadcrumbList","@id":"https:\/\/www.swissraft.ch\/de\/produkt\/rafting-river-rafting-simme-berner-oberland\/#breadcrumb","itemListElement":[{"@type":"ListItem","position":1,"name":"Accueil","item":"https:\/\/www.swissraft.ch\/de\/"},{"@type":"ListItem","position":2,"name":"Shop","item":"https:\/\/www.swissraft.ch\/de\/shop\/"},{"@type":"ListItem","position":3,"name":"Rafting oder River Rafting im Berner oberland &#8211; Die Simme &#8211; Boltigen-D\u00e4rstetten &#8211; Ab CHF 108.00"}]},{"@type":"WebSite","@id":"https:\/\/www.swissraft.ch\/de\/#website","url":"https:\/\/www.swissraft.ch\/de\/","name":"Swissraft","description":"To enjoy nature as it is","publisher":{"@id":"https:\/\/www.swissraft.ch\/de\/#organization"},"potentialAction":[{"@type":"SearchAction","target":{"@type":"EntryPoint","urlTemplate":"https:\/\/www.swissraft.ch\/de\/?s={search_term_string}"},"query-input":{"@type":"PropertyValueSpecification","valueRequired":true,"valueName":"search_term_string"}}],"inLanguage":"de"},{"@type":"Organization","@id":"https:\/\/www.swissraft.ch\/de\/#organization","name":"Swissraft","url":"https:\/\/www.swissraft.ch\/de\/","logo":{"@type":"ImageObject","inLanguage":"de","@id":"https:\/\/www.swissraft.ch\/de\/#\/schema\/logo\/image\/","url":"https:\/\/www.swissraft.ch\/wp-content\/uploads\/2025\/09\/Capture.jpg","contentUrl":"https:\/\/www.swissraft.ch\/wp-content\/uploads\/2025\/09\/Capture.jpg","width":293,"height":108,"caption":"Swissraft"},"image":{"@id":"https:\/\/www.swissraft.ch\/de\/#\/schema\/logo\/image\/"}}]}},"_links":{"self":[{"href":"https:\/\/www.swissraft.ch\/de\/wp-json\/wp\/v2\/product\/91577","targetHints":{"allow":["GET"]}}],"collection":[{"href":"https:\/\/www.swissraft.ch\/de\/wp-json\/wp\/v2\/product"}],"about":[{"href":"https:\/\/www.swissraft.ch\/de\/wp-json\/wp\/v2\/types\/product"}],"replies":[{"embeddable":true,"href":"https:\/\/www.swissraft.ch\/de\/wp-json\/wp\/v2\/comments?post=91577"}],"version-history":[{"count":69,"href":"https:\/\/www.swissraft.ch\/de\/wp-json\/wp\/v2\/product\/91577\/revisions"}],"predecessor-version":[{"id":138017,"href":"https:\/\/www.swissraft.ch\/de\/wp-json\/wp\/v2\/product\/91577\/revisions\/138017"}],"wp:featuredmedia":[{"embeddable":true,"href":"https:\/\/www.swissraft.ch\/de\/wp-json\/wp\/v2\/media\/84718"}],"wp:attachment":[{"href":"https:\/\/www.swissraft.ch\/de\/wp-json\/wp\/v2\/media?parent=91577"}],"wp:term":[{"taxonomy":"product_cat","embeddable":true,"href":"https:\/\/www.swissraft.ch\/de\/wp-json\/wp\/v2\/product_cat?post=91577"},{"taxonomy":"product_tag","embeddable":true,"href":"https:\/\/www.swissraft.ch\/de\/wp-json\/wp\/v2\/product_tag?post=91577"}],"curies":[{"name":"wp","href":"https:\/\/api.w.org\/{rel}","templated":true}]}}