{"id":91573,"date":"2023-02-18T14:04:15","date_gmt":"2023-02-18T13:04:15","guid":{"rendered":"https:\/\/swissraft.xyanzkdne.eu\/product\/fallschirmspringen-in-bex-tandem-springen-aus-einem-flugzeug-ab-chf-430-00\/"},"modified":"2026-04-26T18:52:22","modified_gmt":"2026-04-26T16:52:22","slug":"bex-tandemfallschirmsprung","status":"publish","type":"product","link":"https:\/\/www.swissraft.ch\/de\/produkt\/bex-tandemfallschirmsprung\/","title":{"rendered":"Fallschirmspringen &#8211; Bex &#8211; Tandemsprung aus einem Flugzeug &#8211; Ab CHF 430.00"},"content":{"rendered":"\t\t<div data-elementor-type=\"wp-post\" data-elementor-id=\"91573\" class=\"elementor elementor-91573 elementor-30922\">\n\t\t\t\t\t\t\t\t\t<section class=\"elementor-section elementor-top-section elementor-element elementor-element-3303a7e3 elementor-section-boxed elementor-section-height-default elementor-section-height-default\" data-id=\"3303a7e3\" data-element_type=\"section\">\n\t\t\t\t\t\t<div class=\"elementor-container elementor-column-gap-default\">\n\t\t\t\t\t<div class=\"elementor-column elementor-col-100 elementor-top-column elementor-element elementor-element-16d72dbf\" data-id=\"16d72dbf\" data-element_type=\"column\">\n\t\t\t<div class=\"elementor-widget-wrap elementor-element-populated\">\n\t\t\t\t\t\t\t\t<div class=\"elementor-element elementor-element-d743c03 elementor-widget elementor-widget-text-editor\" data-id=\"d743c03\" data-element_type=\"widget\" data-widget_type=\"text-editor.default\">\n\t\t\t\t<div class=\"elementor-widget-container\">\n\t\t\t\t\t\t\t<h2>W\u00c4HLEN SIE UNTEN IHRE AKTIVIT\u00c4T AUS, UM GESCHENKGUTSCHEINE \/ TICKETS ZU VERSCHENKEN ODER ZU BUCHEN<\/h2><table border=\"0\" width=\"580\" cellspacing=\"10\" cellpadding=\"10\"><tbody><tr><td width=\"50%\"><strong>TANDEMFALLSCHIRMSPRUNG &#8211; BEX<\/strong><\/td><td><strong>CHF 430.00 pro Person<span class=\"productPrice\"><br \/><\/span><\/strong><\/td><\/tr><tr><td>Zus\u00e4zliche Informationen<\/td><td>&#8211;<span class=\"plbl\"><span class=\"patt\"> Sportschuhe ohne Haken<br \/><\/span><\/span> &#8211;<span class=\"plbl\"><span class=\"patt\"> Nicht n\u00fcchtern sein<br \/>&#8211; Nicht unter dem Einfluss von Alkohol oder anderen Substanzen stehen<br \/>&#8211; Einverst\u00e4ndniserkl\u00e4rung der Eltern f\u00fcr Minderj\u00e4hrige<\/span><br \/>&#8211; Rabatt <\/span>: <span class=\"patt\">11 Tandemspr\u00fcnge (11. gratis)<\/span><\/td><\/tr><tr><td>Zeiten<\/td><td>Bei Ihrer Buchung w\u00e4hlen Sie die Uhrzeit aus<\/td><\/tr><tr><td>Dauer des freien Falls<\/td><td>ca. 50 Sekunden<\/td><\/tr><tr><td>Gesamtdauer<\/td><td>ca. 4 Std.<\/td><\/tr><tr><td>Flugplatz<\/td><td><a href=\"https:\/\/www.google.com\/maps\/place\/46%C2%B015'33.0%22N+6%C2%B059'03.9%22E\/@46.2595688,6.9655592,3121m\/data=!3m1!1e3!4m4!3m3!8m2!3d46.2591667!4d6.9844167?entry=ttu\" target=\"_blank\" rel=\"noopener\">Bex<\/a><\/td><\/tr><tr><td><button class=\"elementor-button\" type=\"button\"><a href=\"https:\/\/swissraft.outdoorbooking.ch\/fo\/products\/132?base_id=38&amp;category_id=5&amp;order_type=gift_voucher&amp;lang=de\" target=\"_blank\" rel=\"noopener\">GUTSCHEIN \/ TICKET KAUFEN<\/a><\/button><\/td><td><a href=\"https:\/\/swissraft.outdoorbooking.ch\/fo\/products\/132?base_id=38&amp;category_id=5&amp;order_type=event&amp;lang=de\" target=\"_blank\" rel=\"noopener\">DAS DATUM DES SPRUNGES BUCHEN<\/a>\u00a0 <strong>CHF 430.00<\/strong>\/Pers.<\/td><\/tr><tr><td><button class=\"elementor-button\" type=\"button\"><a href=\"https:\/\/swissraft.outdoorbooking.ch\/fo\/products\/245?base_id=38&amp;category_id=5&amp;order_type=gift_voucher&amp;lang=de\" target=\"_blank\" rel=\"noopener\">GUTSCHEIN \/ TICKET KAUFEN<\/a><\/button><\/td><td><a href=\"https:\/\/swissraft.outdoorbooking.ch\/fo\/products\/245?base_id=38&amp;category_id=5&amp;order_type=event&amp;lang=de\" target=\"_blank\" rel=\"noopener\">DAS DATUM DES SPRUNGES BUCHEN<\/a>\u00a0 <strong>CHF 550.00<\/strong>\/Pers. mit Video<\/td><\/tr><tr><td><a href=\"https:\/\/swissraft.outdoorbooking.ch:443\/fo\/products\/246?base_id=38&amp;category_id=5&amp;order_type=gift_voucher&amp;lang=de\" target=\"_blank\" rel=\"noopener\"><button class=\"elementor-button\" type=\"button\">GUTSCHEIN \/ TICKET KAUFEN<\/button><\/a><\/td><td><a href=\"https:\/\/swissraft.outdoorbooking.ch:443\/fo\/products\/246?base_id=38&amp;category_id=5&amp;order_type=event&amp;lang=de\" target=\"_blank\" rel=\"noopener\">DAS DATUM DES SPRUNGES BUCHEN<\/a>\u00a0 <strong>CHF 580.00<\/strong>\/Pers. mit Video &amp; Fotos<\/td><\/tr><\/tbody><\/table>\t\t\t\t\t\t<\/div>\n\t\t\t\t<\/div>\n\t\t\t\t\t<\/div>\n\t\t<\/div>\n\t\t\t\t\t\t\t<\/div>\n\t\t<\/section>\n\t\t\t\t\t\t\t<\/div>\n\t\t","protected":false},"excerpt":{"rendered":"<div align=\"justify\">\n<h2 align=\"justify\">\u00dcber dem Lavaux und dem Gletscher 3000 machen Sie einen Tandemsprung mit dem Fallschirm in Bex im Kanton Waadt.<\/h2>\n<h3>Es ist eine Gelegenheit, sich vom Alltag zu befreien und eine neue Welt zu erkunden, die Welt des Fallschirmspringens.<\/h3>\n<\/div>\n<div align=\"justify\">\n<p>Bei Ihrer Ankunft auf unserer Dropzone werden Sie von einem unserer Fluglehrer begr\u00fc\u00dft. Es wird schnell ein Vertrauensverh\u00e4ltnis zu Ihrem Abenteuerpartner aufgebaut. Zun\u00e4chst ziehen Sie eine Ausr\u00fcstung an, die Ihrer K\u00f6rpergr\u00f6\u00dfe entspricht. Dann wiederholen Sie gemeinsam einige Bewegungen und Positionen des K\u00f6rpers und des Kopfes. So k\u00f6nnen Sie den freien Fall ohne Anstrengung genie\u00dfen. Dann kommt der Moment, in dem Sie beide in das Flugzeug steigen. Los geht&#8217;s! Das Flugzeug startet zu einem Aufstieg auf 4000 m \u00fcber dem Boden. Ihr Pilot hat durch seine gro\u00dfe Erfahrung Vertrauen zu Ihnen aufgebaut und Sie sind relativ entspannt. W\u00e4hrend des Aufstiegs sehen Sie unter sich den 3000er Gletscher von Verbier und den Genfersee. In einer H\u00f6he von 4000 m gibt der Pilot des Flugzeugs das GO zum Absprung. Ein letzter Check von Ihrem Piloten, alles ist in Ordnung und Sie fliegen beide aus dem Flugzeug. Sie st\u00fcrzen mit einer Geschwindigkeit von \u00fcber 50 m\/s oder fast 200 km\/h; extreme Empfindungen f\u00fcr etwa 50 Sekunden. Es ist an der Zeit, den Fallschirm in einer sicheren H\u00f6he von 1500 m zu \u00f6ffnen. Das Ger\u00e4usch des Windes wird leiser, die Geschwindigkeit verringert sich und macht Platz f\u00fcr Stille und ein Gef\u00fchl der Vollkommenheit. Sie setzen Ihren Abstieg fort und genie\u00dfen die Landschaft unter Ihren F\u00fc\u00dfen. Sie landen sanft auf unserer Dropzone in Bex. Bestellen Sie bei Ihrer Buchung auf unserer Website ein Video von Ihrem Tandemsprung, um eine Erinnerung zu behalten. Wir haben einen Freifallsimulator in Sitten im Wallis und einen weiteren in der N\u00e4he von Z\u00fcrich in Winterthur. Sie sind f\u00fcr diejenigen gedacht, die verst\u00e4ndlicherweise Bedenken haben, sich direkt in das Abenteuer zu st\u00fcrzen. Das Gef\u00fchl, das Sie mit diesem Windkanal erleben, ist dem eines echten freien Falls sehr \u00e4hnlich.<\/p>\n<h3>Wenn Sie Fragen haben, rufen Sie uns an. Wir sind hier, um Sie zu beraten und zu beruhigen, wenn Sie Bedenken haben.<\/h3>\n<p id=\"textarea\" style=\"display: none;\">\nDar\u00fcber hinaus machen wir Tandemspr\u00fcnge in \u00c9cuvillens und \u00c9pagny. Aber auch Tandem-Fallschirmspr\u00fcnge in Interlaken aus einem Hubschrauber und in Reichenbach aus einem Flugzeug. Dann haben wir eine Dropzone auf den Flugpl\u00e4tzen Berom\u00fcnster und Triengen im Kanton Luzern. Au\u00dferdem machen wir auch einen Tandemsprung in Colombier am Neuenburgersee. Aber auch vom Flugplatz Grenchen im Kanton Solothurn springen wir mit dem Fallschirm ab.<br \/>\nDar\u00fcber hinaus haben wir zwei Dropzonen im Wallis, eine in Raron und eine in Sitten. Parallel dazu machen wir Tandemspr\u00fcnge in der Ostschweiz im Kanton Thurgau in Sitterdorf. Aber auch Spr\u00fcnge in Locarno im Tessin. Sowie von Rottweil in Deutschland in der N\u00e4he von Basel.\n<\/p>\n<p><a id=\"seeMore\" onclick=\"toggleSeeMore()\" href=\"javascript:void(0);\">Lesen Sie mehr<\/a><\/p>\n","protected":false},"featured_media":87880,"comment_status":"open","ping_status":"closed","template":"","meta":{"inline_featured_image":false,"_mi_skip_tracking":false},"product_cat":[292],"product_tag":[],"class_list":["post-91573","product","type-product","status-publish","has-post-thumbnail","hentry","product_cat-tandem-fallschirmsprung-tandemsprung"],"yoast_head":"<!-- This site is optimized with the Yoast SEO plugin v23.6 - https:\/\/yoast.com\/wordpress\/plugins\/seo\/ -->\n<title>Bex-Tandemfallschirmsprung mit 50 Sekunden freiem Fall<\/title>\n<meta name=\"description\" content=\"Bex-Tandemfallschirmsprung mit einem Fallschirm mit einem freien Fall von ca. 50 Sek. F\u00fcr diejenigen, die Herausforderungen und Adrenalinsch\u00fcbe lieben\" \/>\n<meta name=\"robots\" content=\"index, follow, max-snippet:-1, max-image-preview:large, max-video-preview:-1\" \/>\n<link rel=\"canonical\" href=\"https:\/\/www.swissraft.ch\/de\/produkt\/bex-tandemfallschirmsprung\/\" \/>\n<meta property=\"og:locale\" content=\"de_DE\" \/>\n<meta property=\"og:type\" content=\"article\" \/>\n<meta property=\"og:title\" content=\"Bex-Tandemfallschirmsprung mit 50 Sekunden freiem Fall\" \/>\n<meta property=\"og:description\" content=\"Bex-Tandemfallschirmsprung mit einem Fallschirm mit einem freien Fall von ca. 50 Sek. F\u00fcr diejenigen, die Herausforderungen und Adrenalinsch\u00fcbe lieben\" \/>\n<meta property=\"og:url\" content=\"https:\/\/www.swissraft.ch\/de\/produkt\/bex-tandemfallschirmsprung\/\" \/>\n<meta property=\"og:site_name\" content=\"Swissraft\" \/>\n<meta property=\"article:modified_time\" content=\"2026-04-26T16:52:22+00:00\" \/>\n<meta property=\"og:image\" content=\"https:\/\/www.swissraft.ch\/wp-content\/uploads\/2023\/02\/1-BEX-776X776.jpg\" \/>\n\t<meta property=\"og:image:width\" content=\"776\" \/>\n\t<meta property=\"og:image:height\" content=\"776\" \/>\n\t<meta property=\"og:image:type\" content=\"image\/jpeg\" \/>\n<meta name=\"twitter:card\" content=\"summary_large_image\" \/>\n<meta name=\"twitter:label1\" content=\"Gesch\u00e4tzte Lesezeit\" \/>\n\t<meta name=\"twitter:data1\" content=\"1\u00a0Minute\" \/>\n<script type=\"application\/ld+json\" class=\"yoast-schema-graph\">{\"@context\":\"https:\/\/schema.org\",\"@graph\":[{\"@type\":\"WebPage\",\"@id\":\"https:\/\/www.swissraft.ch\/de\/produkt\/bex-tandemfallschirmsprung\/\",\"url\":\"https:\/\/www.swissraft.ch\/de\/produkt\/bex-tandemfallschirmsprung\/\",\"name\":\"Bex-Tandemfallschirmsprung mit 50 Sekunden freiem Fall\",\"isPartOf\":{\"@id\":\"https:\/\/www.swissraft.ch\/de\/#website\"},\"primaryImageOfPage\":{\"@id\":\"https:\/\/www.swissraft.ch\/de\/produkt\/bex-tandemfallschirmsprung\/#primaryimage\"},\"image\":{\"@id\":\"https:\/\/www.swissraft.ch\/de\/produkt\/bex-tandemfallschirmsprung\/#primaryimage\"},\"thumbnailUrl\":\"https:\/\/www.swissraft.ch\/wp-content\/uploads\/2023\/02\/1-BEX-776X776.jpg\",\"datePublished\":\"2023-02-18T13:04:15+00:00\",\"dateModified\":\"2026-04-26T16:52:22+00:00\",\"description\":\"Bex-Tandemfallschirmsprung mit einem Fallschirm mit einem freien Fall von ca. 50 Sek. F\u00fcr diejenigen, die Herausforderungen und Adrenalinsch\u00fcbe lieben\",\"breadcrumb\":{\"@id\":\"https:\/\/www.swissraft.ch\/de\/produkt\/bex-tandemfallschirmsprung\/#breadcrumb\"},\"inLanguage\":\"de\",\"potentialAction\":[{\"@type\":\"ReadAction\",\"target\":[\"https:\/\/www.swissraft.ch\/de\/produkt\/bex-tandemfallschirmsprung\/\"]}]},{\"@type\":\"ImageObject\",\"inLanguage\":\"de\",\"@id\":\"https:\/\/www.swissraft.ch\/de\/produkt\/bex-tandemfallschirmsprung\/#primaryimage\",\"url\":\"https:\/\/www.swissraft.ch\/wp-content\/uploads\/2023\/02\/1-BEX-776X776.jpg\",\"contentUrl\":\"https:\/\/www.swissraft.ch\/wp-content\/uploads\/2023\/02\/1-BEX-776X776.jpg\",\"width\":776,\"height\":776,\"caption\":\"Tandem-Fallschirmsprung in Bex\"},{\"@type\":\"BreadcrumbList\",\"@id\":\"https:\/\/www.swissraft.ch\/de\/produkt\/bex-tandemfallschirmsprung\/#breadcrumb\",\"itemListElement\":[{\"@type\":\"ListItem\",\"position\":1,\"name\":\"Accueil\",\"item\":\"https:\/\/www.swissraft.ch\/de\/\"},{\"@type\":\"ListItem\",\"position\":2,\"name\":\"Shop\",\"item\":\"https:\/\/www.swissraft.ch\/de\/shop\/\"},{\"@type\":\"ListItem\",\"position\":3,\"name\":\"Fallschirmspringen &#8211; Bex &#8211; Tandemsprung aus einem Flugzeug &#8211; Ab CHF 430.00\"}]},{\"@type\":\"WebSite\",\"@id\":\"https:\/\/www.swissraft.ch\/de\/#website\",\"url\":\"https:\/\/www.swissraft.ch\/de\/\",\"name\":\"Swissraft\",\"description\":\"To enjoy nature as it is\",\"publisher\":{\"@id\":\"https:\/\/www.swissraft.ch\/de\/#organization\"},\"potentialAction\":[{\"@type\":\"SearchAction\",\"target\":{\"@type\":\"EntryPoint\",\"urlTemplate\":\"https:\/\/www.swissraft.ch\/de\/?s={search_term_string}\"},\"query-input\":{\"@type\":\"PropertyValueSpecification\",\"valueRequired\":true,\"valueName\":\"search_term_string\"}}],\"inLanguage\":\"de\"},{\"@type\":\"Organization\",\"@id\":\"https:\/\/www.swissraft.ch\/de\/#organization\",\"name\":\"Swissraft\",\"url\":\"https:\/\/www.swissraft.ch\/de\/\",\"logo\":{\"@type\":\"ImageObject\",\"inLanguage\":\"de\",\"@id\":\"https:\/\/www.swissraft.ch\/de\/#\/schema\/logo\/image\/\",\"url\":\"https:\/\/www.swissraft.ch\/wp-content\/uploads\/2025\/09\/Capture.jpg\",\"contentUrl\":\"https:\/\/www.swissraft.ch\/wp-content\/uploads\/2025\/09\/Capture.jpg\",\"width\":293,\"height\":108,\"caption\":\"Swissraft\"},\"image\":{\"@id\":\"https:\/\/www.swissraft.ch\/de\/#\/schema\/logo\/image\/\"}}]}<\/script>\n<!-- \/ Yoast SEO plugin. -->","yoast_head_json":{"title":"Bex-Tandemfallschirmsprung mit 50 Sekunden freiem Fall","description":"Bex-Tandemfallschirmsprung mit einem Fallschirm mit einem freien Fall von ca. 50 Sek. F\u00fcr diejenigen, die Herausforderungen und Adrenalinsch\u00fcbe lieben","robots":{"index":"index","follow":"follow","max-snippet":"max-snippet:-1","max-image-preview":"max-image-preview:large","max-video-preview":"max-video-preview:-1"},"canonical":"https:\/\/www.swissraft.ch\/de\/produkt\/bex-tandemfallschirmsprung\/","og_locale":"de_DE","og_type":"article","og_title":"Bex-Tandemfallschirmsprung mit 50 Sekunden freiem Fall","og_description":"Bex-Tandemfallschirmsprung mit einem Fallschirm mit einem freien Fall von ca. 50 Sek. F\u00fcr diejenigen, die Herausforderungen und Adrenalinsch\u00fcbe lieben","og_url":"https:\/\/www.swissraft.ch\/de\/produkt\/bex-tandemfallschirmsprung\/","og_site_name":"Swissraft","article_modified_time":"2026-04-26T16:52:22+00:00","og_image":[{"width":776,"height":776,"url":"https:\/\/www.swissraft.ch\/wp-content\/uploads\/2023\/02\/1-BEX-776X776.jpg","type":"image\/jpeg"}],"twitter_card":"summary_large_image","twitter_misc":{"Gesch\u00e4tzte Lesezeit":"1\u00a0Minute"},"schema":{"@context":"https:\/\/schema.org","@graph":[{"@type":"WebPage","@id":"https:\/\/www.swissraft.ch\/de\/produkt\/bex-tandemfallschirmsprung\/","url":"https:\/\/www.swissraft.ch\/de\/produkt\/bex-tandemfallschirmsprung\/","name":"Bex-Tandemfallschirmsprung mit 50 Sekunden freiem Fall","isPartOf":{"@id":"https:\/\/www.swissraft.ch\/de\/#website"},"primaryImageOfPage":{"@id":"https:\/\/www.swissraft.ch\/de\/produkt\/bex-tandemfallschirmsprung\/#primaryimage"},"image":{"@id":"https:\/\/www.swissraft.ch\/de\/produkt\/bex-tandemfallschirmsprung\/#primaryimage"},"thumbnailUrl":"https:\/\/www.swissraft.ch\/wp-content\/uploads\/2023\/02\/1-BEX-776X776.jpg","datePublished":"2023-02-18T13:04:15+00:00","dateModified":"2026-04-26T16:52:22+00:00","description":"Bex-Tandemfallschirmsprung mit einem Fallschirm mit einem freien Fall von ca. 50 Sek. F\u00fcr diejenigen, die Herausforderungen und Adrenalinsch\u00fcbe lieben","breadcrumb":{"@id":"https:\/\/www.swissraft.ch\/de\/produkt\/bex-tandemfallschirmsprung\/#breadcrumb"},"inLanguage":"de","potentialAction":[{"@type":"ReadAction","target":["https:\/\/www.swissraft.ch\/de\/produkt\/bex-tandemfallschirmsprung\/"]}]},{"@type":"ImageObject","inLanguage":"de","@id":"https:\/\/www.swissraft.ch\/de\/produkt\/bex-tandemfallschirmsprung\/#primaryimage","url":"https:\/\/www.swissraft.ch\/wp-content\/uploads\/2023\/02\/1-BEX-776X776.jpg","contentUrl":"https:\/\/www.swissraft.ch\/wp-content\/uploads\/2023\/02\/1-BEX-776X776.jpg","width":776,"height":776,"caption":"Tandem-Fallschirmsprung in Bex"},{"@type":"BreadcrumbList","@id":"https:\/\/www.swissraft.ch\/de\/produkt\/bex-tandemfallschirmsprung\/#breadcrumb","itemListElement":[{"@type":"ListItem","position":1,"name":"Accueil","item":"https:\/\/www.swissraft.ch\/de\/"},{"@type":"ListItem","position":2,"name":"Shop","item":"https:\/\/www.swissraft.ch\/de\/shop\/"},{"@type":"ListItem","position":3,"name":"Fallschirmspringen &#8211; Bex &#8211; Tandemsprung aus einem Flugzeug &#8211; Ab CHF 430.00"}]},{"@type":"WebSite","@id":"https:\/\/www.swissraft.ch\/de\/#website","url":"https:\/\/www.swissraft.ch\/de\/","name":"Swissraft","description":"To enjoy nature as it is","publisher":{"@id":"https:\/\/www.swissraft.ch\/de\/#organization"},"potentialAction":[{"@type":"SearchAction","target":{"@type":"EntryPoint","urlTemplate":"https:\/\/www.swissraft.ch\/de\/?s={search_term_string}"},"query-input":{"@type":"PropertyValueSpecification","valueRequired":true,"valueName":"search_term_string"}}],"inLanguage":"de"},{"@type":"Organization","@id":"https:\/\/www.swissraft.ch\/de\/#organization","name":"Swissraft","url":"https:\/\/www.swissraft.ch\/de\/","logo":{"@type":"ImageObject","inLanguage":"de","@id":"https:\/\/www.swissraft.ch\/de\/#\/schema\/logo\/image\/","url":"https:\/\/www.swissraft.ch\/wp-content\/uploads\/2025\/09\/Capture.jpg","contentUrl":"https:\/\/www.swissraft.ch\/wp-content\/uploads\/2025\/09\/Capture.jpg","width":293,"height":108,"caption":"Swissraft"},"image":{"@id":"https:\/\/www.swissraft.ch\/de\/#\/schema\/logo\/image\/"}}]}},"_links":{"self":[{"href":"https:\/\/www.swissraft.ch\/de\/wp-json\/wp\/v2\/product\/91573","targetHints":{"allow":["GET"]}}],"collection":[{"href":"https:\/\/www.swissraft.ch\/de\/wp-json\/wp\/v2\/product"}],"about":[{"href":"https:\/\/www.swissraft.ch\/de\/wp-json\/wp\/v2\/types\/product"}],"replies":[{"embeddable":true,"href":"https:\/\/www.swissraft.ch\/de\/wp-json\/wp\/v2\/comments?post=91573"}],"version-history":[{"count":36,"href":"https:\/\/www.swissraft.ch\/de\/wp-json\/wp\/v2\/product\/91573\/revisions"}],"predecessor-version":[{"id":142142,"href":"https:\/\/www.swissraft.ch\/de\/wp-json\/wp\/v2\/product\/91573\/revisions\/142142"}],"wp:featuredmedia":[{"embeddable":true,"href":"https:\/\/www.swissraft.ch\/de\/wp-json\/wp\/v2\/media\/87880"}],"wp:attachment":[{"href":"https:\/\/www.swissraft.ch\/de\/wp-json\/wp\/v2\/media?parent=91573"}],"wp:term":[{"taxonomy":"product_cat","embeddable":true,"href":"https:\/\/www.swissraft.ch\/de\/wp-json\/wp\/v2\/product_cat?post=91573"},{"taxonomy":"product_tag","embeddable":true,"href":"https:\/\/www.swissraft.ch\/de\/wp-json\/wp\/v2\/product_tag?post=91573"}],"curies":[{"name":"wp","href":"https:\/\/api.w.org\/{rel}","templated":true}]}}