{"id":91570,"date":"2023-02-18T13:51:06","date_gmt":"2023-02-18T12:51:06","guid":{"rendered":"https:\/\/swissraft.xyanzkdne.eu\/product\/fallschirmspringen-in-sitterdorf-tandem-sprung-aus-einem-flugzeug-kein-zeitplan\/"},"modified":"2026-04-26T18:50:50","modified_gmt":"2026-04-26T16:50:50","slug":"sitterdorf-tandemfallschirmsprung","status":"publish","type":"product","link":"https:\/\/www.swissraft.ch\/de\/produkt\/sitterdorf-tandemfallschirmsprung\/","title":{"rendered":"Fallschirmspringen &#8211; Sitterdorf &#8211; Tandemsprung aus einem Flugzeug &#8211; Ab CHF 405.00"},"content":{"rendered":"\t\t<div data-elementor-type=\"wp-post\" data-elementor-id=\"91570\" class=\"elementor elementor-91570 elementor-30916\">\n\t\t\t\t\t\t\t\t\t<section class=\"elementor-section elementor-top-section elementor-element elementor-element-3303a7e3 elementor-section-boxed elementor-section-height-default elementor-section-height-default\" data-id=\"3303a7e3\" data-element_type=\"section\">\n\t\t\t\t\t\t<div class=\"elementor-container elementor-column-gap-default\">\n\t\t\t\t\t<div class=\"elementor-column elementor-col-100 elementor-top-column elementor-element elementor-element-16d72dbf\" data-id=\"16d72dbf\" data-element_type=\"column\">\n\t\t\t<div class=\"elementor-widget-wrap elementor-element-populated\">\n\t\t\t\t\t\t\t\t<div class=\"elementor-element elementor-element-d743c03 elementor-widget elementor-widget-text-editor\" data-id=\"d743c03\" data-element_type=\"widget\" data-widget_type=\"text-editor.default\">\n\t\t\t\t<div class=\"elementor-widget-container\">\n\t\t\t\t\t\t\t<h2>W\u00c4HLEN SIE UNTEN IHRE AKTIVIT\u00c4T AUS, UM GESCHENKGUTSCHEINE \/ TICKETS ZU VERSCHENKEN ODER ZU BUCHEN<\/h2><table border=\"0\" width=\"580\" cellspacing=\"10\" cellpadding=\"10\"><tbody><tr><td width=\"50%\"><strong>TANDEMFALLSCHIRMSPRUNG &#8211; SITTERDORF<\/strong><\/td><td><strong>CHF 405.00 pro Person<span class=\"productPrice\"><br \/><\/span><\/strong><\/td><\/tr><tr><td>Zus\u00e4tzliche Informationen<\/td><td><span class=\"plbl\"><span class=\"patt\">&#8211; Sportschuhe ohne Haken<br \/>&#8211; Sie d\u00fcrfen nicht n\u00fcchtern sein<br \/>&#8211; Nicht unter dem Einfluss von Alkohol oder anderen Substanzen sein<br \/>&#8211; Einverst\u00e4ndniserkl\u00e4rung der Eltern f\u00fcr Minderj\u00e4hrige<\/span><\/span><\/td><\/tr><tr><td>Zeiten<\/td><td>09:00 Uhr \/ 13:15 Uhr \/ 16:00 Uhr<\/td><\/tr><tr><td>Dauer des freien Falls<\/td><td>ca. 45 Sekunden<\/td><\/tr><tr><td>Gesamtdauer<\/td><td>ca. 4 Std.<\/td><\/tr><tr><td>Flugplatz<\/td><td><a href=\"https:\/\/www.google.com\/maps\/place\/Sitterdorf+Airport\/@47.5100845,9.2437685,3049m\/data=!3m1!1e3!4m6!3m5!1s0x479ae487b817cbd5:0xbe33a8c53b7365c6!8m2!3d47.5097648!4d9.2628495!16s%2Fg%2F122mf8n4?entry=ttu\" target=\"_blank\" rel=\"noopener\">Sitterdorf<\/a><\/td><\/tr><tr><td><a href=\"https:\/\/swissraft.outdoorbooking.ch\/fo\/products\/891?base_id=41&amp;category_id=5&amp;order_type=gift_voucher&amp;lang=de\" target=\"_blank\" rel=\"noopener\"><button class=\"elementor-button\" type=\"button\">GUTSCHEIN \/ TICKET KAUFEN<\/button><\/a><\/td><td><strong>CHF 405.00<\/strong>\/Pers.<\/td><\/tr><tr><td><a href=\"https:\/\/swissraft.outdoorbooking.ch\/fo\/products\/892?base_id=41&amp;category_id=5&amp;order_type=gift_voucher&amp;lang=de\" target=\"_blank\" rel=\"noopener\"><button class=\"elementor-button\" type=\"button\">GUTSCHEIN \/ TICKET KAUFEN<\/button><\/a><\/td><td><strong>CHF 555.00<\/strong>\/Pers. mit Video<\/td><\/tr><tr><td>\u00a0<\/td><td><strong><em>WICHTIG !<\/em><\/strong><br \/><em>Um zu reservieren, rufen Sie die Nummer an, die sich oben links auf dem Gutschein \/ Ticket befindet.<\/em><\/td><\/tr><\/tbody><\/table>\t\t\t\t\t\t<\/div>\n\t\t\t\t<\/div>\n\t\t\t\t\t<\/div>\n\t\t<\/div>\n\t\t\t\t\t\t\t<\/div>\n\t\t<\/section>\n\t\t\t\t\t\t\t<\/div>\n\t\t","protected":false},"excerpt":{"rendered":"<div align=\"justify\">\n<h2 align=\"justify\">Fallschirm-Tandemsprung in Sitterdorf im Kanton Thurgau in der Ostschweiz<\/h2>\n<h3>Tandemsprung aus einem Flugzeug aus einer H\u00f6he von 4000 m \u00fcber dem Boden; Adrenalinsto\u00df garantiert.<\/h3>\n<\/div>\n<div align=\"justify\">\n<p>Auf dem Flugplatz Sitterdorf hei\u00dfen wir Sie herzlich willkommen. Erhalten Sie Anweisungen f\u00fcr den freien Fall und die Landung. Anschlie\u00dfend werden Sie mit einer Schutzbrille ausgestattet. Nachdem Sie Ihre Ausr\u00fcstung und einen Anzug angezogen haben, gehen Sie an Bord des Flugzeugs. Genie\u00dfen Sie w\u00e4hrend des Aufstiegs die herrliche Aussicht. Jetzt sind Sie bereit f\u00fcr den gro\u00dfen Sprung. Wenn Sie aus dem Flugzeug aussteigen, sp\u00fcren Sie den Adrenalinschub, der Sie durchstr\u00f6mt. Ihr Traum wird endlich wahr. Sp\u00fcren Sie bei Geschwindigkeiten von \u00fcber 200 km\/h, wie der Wind Sie zerzaust. Sie haben auch die M\u00f6glichkeit, mit uns einen Solosprung zu machen. Ein AFF-Sprung erfordert einen Tag Vorbereitung. Springen Sie mit zwei Lehrern, die Sie in der Luft stabilisieren. Nachdem sich der Fallschirm ge\u00f6ffnet hat, gehen Sie allein unter Ihrem Schirm nach unten. Am Boden werden Sie von einem Instruktor \u00fcber Funk bis zur Landung gef\u00fchrt. Ein aufregendes Erlebnis erwartet Sie.<\/p>\n<h3>Vergessen Sie nicht, dass Swissraft auf seiner Website zahlreiche Dropzones in der Schweiz und in Deutschland anbietet.<\/h3>\n<p id=\"textarea\" style=\"display: none;\">\nWir springen von verschiedenen Flugpl\u00e4tzen in der Schweiz ab: von Berom\u00fcnster, Interlaken und Reichenbach im Berner Oberland. Von Granges, \u00c9cuvillens, \u00c9pagny und Colombier. Im Kanton Waadt springen wir von Bex aus. Im Wallis machen wir Tandemspr\u00fcnge von Sitten und Raron. Ebenso springen wir vom Flugplatz K\u00e4giswil in den Kanton Obwalden. Von Locarno aus springen wir auch ins Tessin. Sowie in der N\u00e4he von Basel auf dem Flugplatz Rottweil in Deutschland.\n<\/p>\n<p><a id=\"seeMore\" onclick=\"toggleSeeMore()\" href=\"javascript:void(0);\">Lesen Sie mehr<\/a><\/p>\n","protected":false},"featured_media":89857,"comment_status":"open","ping_status":"closed","template":"","meta":{"inline_featured_image":false,"_mi_skip_tracking":false},"product_cat":[292],"product_tag":[],"class_list":["post-91570","product","type-product","status-publish","has-post-thumbnail","hentry","product_cat-tandem-fallschirmsprung-tandemsprung"],"yoast_head":"<!-- This site is optimized with the Yoast SEO plugin v23.6 - https:\/\/yoast.com\/wordpress\/plugins\/seo\/ -->\n<title>Tandemfallschirmsprung in Sitterdorf. Freier Fall von 45 Sekunden<\/title>\n<meta name=\"description\" content=\"Tandemfallschirmsprung in Sitterdorf mit einem freien Fall von ca. 45 Sek. Wenn Sie etwas Au\u00dfergew\u00f6hnliches erleben m\u00f6chten, dann machen Sie einen Sprung\" \/>\n<meta name=\"robots\" content=\"index, follow, max-snippet:-1, max-image-preview:large, max-video-preview:-1\" \/>\n<link rel=\"canonical\" href=\"https:\/\/www.swissraft.ch\/de\/produkt\/sitterdorf-tandemfallschirmsprung\/\" \/>\n<meta property=\"og:locale\" content=\"de_DE\" \/>\n<meta property=\"og:type\" content=\"article\" \/>\n<meta property=\"og:title\" content=\"Tandemfallschirmsprung in Sitterdorf. Freier Fall von 45 Sekunden\" \/>\n<meta property=\"og:description\" content=\"Tandemfallschirmsprung in Sitterdorf mit einem freien Fall von ca. 45 Sek. Wenn Sie etwas Au\u00dfergew\u00f6hnliches erleben m\u00f6chten, dann machen Sie einen Sprung\" \/>\n<meta property=\"og:url\" content=\"https:\/\/www.swissraft.ch\/de\/produkt\/sitterdorf-tandemfallschirmsprung\/\" \/>\n<meta property=\"og:site_name\" content=\"Swissraft\" \/>\n<meta property=\"article:modified_time\" content=\"2026-04-26T16:50:50+00:00\" \/>\n<meta property=\"og:image\" content=\"https:\/\/www.swissraft.ch\/wp-content\/uploads\/2023\/02\/1-Sitterdorf-saut-en-tandem-776x776-1.jpg\" \/>\n\t<meta property=\"og:image:width\" content=\"776\" \/>\n\t<meta property=\"og:image:height\" content=\"776\" \/>\n\t<meta property=\"og:image:type\" content=\"image\/jpeg\" \/>\n<meta name=\"twitter:card\" content=\"summary_large_image\" \/>\n<meta name=\"twitter:label1\" content=\"Gesch\u00e4tzte Lesezeit\" \/>\n\t<meta name=\"twitter:data1\" content=\"1\u00a0Minute\" \/>\n<script type=\"application\/ld+json\" class=\"yoast-schema-graph\">{\"@context\":\"https:\/\/schema.org\",\"@graph\":[{\"@type\":\"WebPage\",\"@id\":\"https:\/\/www.swissraft.ch\/de\/produkt\/sitterdorf-tandemfallschirmsprung\/\",\"url\":\"https:\/\/www.swissraft.ch\/de\/produkt\/sitterdorf-tandemfallschirmsprung\/\",\"name\":\"Tandemfallschirmsprung in Sitterdorf. Freier Fall von 45 Sekunden\",\"isPartOf\":{\"@id\":\"https:\/\/www.swissraft.ch\/de\/#website\"},\"primaryImageOfPage\":{\"@id\":\"https:\/\/www.swissraft.ch\/de\/produkt\/sitterdorf-tandemfallschirmsprung\/#primaryimage\"},\"image\":{\"@id\":\"https:\/\/www.swissraft.ch\/de\/produkt\/sitterdorf-tandemfallschirmsprung\/#primaryimage\"},\"thumbnailUrl\":\"https:\/\/www.swissraft.ch\/wp-content\/uploads\/2023\/02\/1-Sitterdorf-saut-en-tandem-776x776-1.jpg\",\"datePublished\":\"2023-02-18T12:51:06+00:00\",\"dateModified\":\"2026-04-26T16:50:50+00:00\",\"description\":\"Tandemfallschirmsprung in Sitterdorf mit einem freien Fall von ca. 45 Sek. Wenn Sie etwas Au\u00dfergew\u00f6hnliches erleben m\u00f6chten, dann machen Sie einen Sprung\",\"breadcrumb\":{\"@id\":\"https:\/\/www.swissraft.ch\/de\/produkt\/sitterdorf-tandemfallschirmsprung\/#breadcrumb\"},\"inLanguage\":\"de\",\"potentialAction\":[{\"@type\":\"ReadAction\",\"target\":[\"https:\/\/www.swissraft.ch\/de\/produkt\/sitterdorf-tandemfallschirmsprung\/\"]}]},{\"@type\":\"ImageObject\",\"inLanguage\":\"de\",\"@id\":\"https:\/\/www.swissraft.ch\/de\/produkt\/sitterdorf-tandemfallschirmsprung\/#primaryimage\",\"url\":\"https:\/\/www.swissraft.ch\/wp-content\/uploads\/2023\/02\/1-Sitterdorf-saut-en-tandem-776x776-1.jpg\",\"contentUrl\":\"https:\/\/www.swissraft.ch\/wp-content\/uploads\/2023\/02\/1-Sitterdorf-saut-en-tandem-776x776-1.jpg\",\"width\":776,\"height\":776,\"caption\":\"Tandemfallschirmsprung in Sitterdorf\"},{\"@type\":\"BreadcrumbList\",\"@id\":\"https:\/\/www.swissraft.ch\/de\/produkt\/sitterdorf-tandemfallschirmsprung\/#breadcrumb\",\"itemListElement\":[{\"@type\":\"ListItem\",\"position\":1,\"name\":\"Accueil\",\"item\":\"https:\/\/www.swissraft.ch\/de\/\"},{\"@type\":\"ListItem\",\"position\":2,\"name\":\"Shop\",\"item\":\"https:\/\/www.swissraft.ch\/de\/shop\/\"},{\"@type\":\"ListItem\",\"position\":3,\"name\":\"Fallschirmspringen &#8211; Sitterdorf &#8211; Tandemsprung aus einem Flugzeug &#8211; Ab CHF 405.00\"}]},{\"@type\":\"WebSite\",\"@id\":\"https:\/\/www.swissraft.ch\/de\/#website\",\"url\":\"https:\/\/www.swissraft.ch\/de\/\",\"name\":\"Swissraft\",\"description\":\"To enjoy nature as it is\",\"publisher\":{\"@id\":\"https:\/\/www.swissraft.ch\/de\/#organization\"},\"potentialAction\":[{\"@type\":\"SearchAction\",\"target\":{\"@type\":\"EntryPoint\",\"urlTemplate\":\"https:\/\/www.swissraft.ch\/de\/?s={search_term_string}\"},\"query-input\":{\"@type\":\"PropertyValueSpecification\",\"valueRequired\":true,\"valueName\":\"search_term_string\"}}],\"inLanguage\":\"de\"},{\"@type\":\"Organization\",\"@id\":\"https:\/\/www.swissraft.ch\/de\/#organization\",\"name\":\"Swissraft\",\"url\":\"https:\/\/www.swissraft.ch\/de\/\",\"logo\":{\"@type\":\"ImageObject\",\"inLanguage\":\"de\",\"@id\":\"https:\/\/www.swissraft.ch\/de\/#\/schema\/logo\/image\/\",\"url\":\"https:\/\/www.swissraft.ch\/wp-content\/uploads\/2025\/09\/Capture.jpg\",\"contentUrl\":\"https:\/\/www.swissraft.ch\/wp-content\/uploads\/2025\/09\/Capture.jpg\",\"width\":293,\"height\":108,\"caption\":\"Swissraft\"},\"image\":{\"@id\":\"https:\/\/www.swissraft.ch\/de\/#\/schema\/logo\/image\/\"}}]}<\/script>\n<!-- \/ Yoast SEO plugin. -->","yoast_head_json":{"title":"Tandemfallschirmsprung in Sitterdorf. Freier Fall von 45 Sekunden","description":"Tandemfallschirmsprung in Sitterdorf mit einem freien Fall von ca. 45 Sek. Wenn Sie etwas Au\u00dfergew\u00f6hnliches erleben m\u00f6chten, dann machen Sie einen Sprung","robots":{"index":"index","follow":"follow","max-snippet":"max-snippet:-1","max-image-preview":"max-image-preview:large","max-video-preview":"max-video-preview:-1"},"canonical":"https:\/\/www.swissraft.ch\/de\/produkt\/sitterdorf-tandemfallschirmsprung\/","og_locale":"de_DE","og_type":"article","og_title":"Tandemfallschirmsprung in Sitterdorf. Freier Fall von 45 Sekunden","og_description":"Tandemfallschirmsprung in Sitterdorf mit einem freien Fall von ca. 45 Sek. Wenn Sie etwas Au\u00dfergew\u00f6hnliches erleben m\u00f6chten, dann machen Sie einen Sprung","og_url":"https:\/\/www.swissraft.ch\/de\/produkt\/sitterdorf-tandemfallschirmsprung\/","og_site_name":"Swissraft","article_modified_time":"2026-04-26T16:50:50+00:00","og_image":[{"width":776,"height":776,"url":"https:\/\/www.swissraft.ch\/wp-content\/uploads\/2023\/02\/1-Sitterdorf-saut-en-tandem-776x776-1.jpg","type":"image\/jpeg"}],"twitter_card":"summary_large_image","twitter_misc":{"Gesch\u00e4tzte Lesezeit":"1\u00a0Minute"},"schema":{"@context":"https:\/\/schema.org","@graph":[{"@type":"WebPage","@id":"https:\/\/www.swissraft.ch\/de\/produkt\/sitterdorf-tandemfallschirmsprung\/","url":"https:\/\/www.swissraft.ch\/de\/produkt\/sitterdorf-tandemfallschirmsprung\/","name":"Tandemfallschirmsprung in Sitterdorf. Freier Fall von 45 Sekunden","isPartOf":{"@id":"https:\/\/www.swissraft.ch\/de\/#website"},"primaryImageOfPage":{"@id":"https:\/\/www.swissraft.ch\/de\/produkt\/sitterdorf-tandemfallschirmsprung\/#primaryimage"},"image":{"@id":"https:\/\/www.swissraft.ch\/de\/produkt\/sitterdorf-tandemfallschirmsprung\/#primaryimage"},"thumbnailUrl":"https:\/\/www.swissraft.ch\/wp-content\/uploads\/2023\/02\/1-Sitterdorf-saut-en-tandem-776x776-1.jpg","datePublished":"2023-02-18T12:51:06+00:00","dateModified":"2026-04-26T16:50:50+00:00","description":"Tandemfallschirmsprung in Sitterdorf mit einem freien Fall von ca. 45 Sek. Wenn Sie etwas Au\u00dfergew\u00f6hnliches erleben m\u00f6chten, dann machen Sie einen Sprung","breadcrumb":{"@id":"https:\/\/www.swissraft.ch\/de\/produkt\/sitterdorf-tandemfallschirmsprung\/#breadcrumb"},"inLanguage":"de","potentialAction":[{"@type":"ReadAction","target":["https:\/\/www.swissraft.ch\/de\/produkt\/sitterdorf-tandemfallschirmsprung\/"]}]},{"@type":"ImageObject","inLanguage":"de","@id":"https:\/\/www.swissraft.ch\/de\/produkt\/sitterdorf-tandemfallschirmsprung\/#primaryimage","url":"https:\/\/www.swissraft.ch\/wp-content\/uploads\/2023\/02\/1-Sitterdorf-saut-en-tandem-776x776-1.jpg","contentUrl":"https:\/\/www.swissraft.ch\/wp-content\/uploads\/2023\/02\/1-Sitterdorf-saut-en-tandem-776x776-1.jpg","width":776,"height":776,"caption":"Tandemfallschirmsprung in Sitterdorf"},{"@type":"BreadcrumbList","@id":"https:\/\/www.swissraft.ch\/de\/produkt\/sitterdorf-tandemfallschirmsprung\/#breadcrumb","itemListElement":[{"@type":"ListItem","position":1,"name":"Accueil","item":"https:\/\/www.swissraft.ch\/de\/"},{"@type":"ListItem","position":2,"name":"Shop","item":"https:\/\/www.swissraft.ch\/de\/shop\/"},{"@type":"ListItem","position":3,"name":"Fallschirmspringen &#8211; Sitterdorf &#8211; Tandemsprung aus einem Flugzeug &#8211; Ab CHF 405.00"}]},{"@type":"WebSite","@id":"https:\/\/www.swissraft.ch\/de\/#website","url":"https:\/\/www.swissraft.ch\/de\/","name":"Swissraft","description":"To enjoy nature as it is","publisher":{"@id":"https:\/\/www.swissraft.ch\/de\/#organization"},"potentialAction":[{"@type":"SearchAction","target":{"@type":"EntryPoint","urlTemplate":"https:\/\/www.swissraft.ch\/de\/?s={search_term_string}"},"query-input":{"@type":"PropertyValueSpecification","valueRequired":true,"valueName":"search_term_string"}}],"inLanguage":"de"},{"@type":"Organization","@id":"https:\/\/www.swissraft.ch\/de\/#organization","name":"Swissraft","url":"https:\/\/www.swissraft.ch\/de\/","logo":{"@type":"ImageObject","inLanguage":"de","@id":"https:\/\/www.swissraft.ch\/de\/#\/schema\/logo\/image\/","url":"https:\/\/www.swissraft.ch\/wp-content\/uploads\/2025\/09\/Capture.jpg","contentUrl":"https:\/\/www.swissraft.ch\/wp-content\/uploads\/2025\/09\/Capture.jpg","width":293,"height":108,"caption":"Swissraft"},"image":{"@id":"https:\/\/www.swissraft.ch\/de\/#\/schema\/logo\/image\/"}}]}},"_links":{"self":[{"href":"https:\/\/www.swissraft.ch\/de\/wp-json\/wp\/v2\/product\/91570","targetHints":{"allow":["GET"]}}],"collection":[{"href":"https:\/\/www.swissraft.ch\/de\/wp-json\/wp\/v2\/product"}],"about":[{"href":"https:\/\/www.swissraft.ch\/de\/wp-json\/wp\/v2\/types\/product"}],"replies":[{"embeddable":true,"href":"https:\/\/www.swissraft.ch\/de\/wp-json\/wp\/v2\/comments?post=91570"}],"version-history":[{"count":45,"href":"https:\/\/www.swissraft.ch\/de\/wp-json\/wp\/v2\/product\/91570\/revisions"}],"predecessor-version":[{"id":142133,"href":"https:\/\/www.swissraft.ch\/de\/wp-json\/wp\/v2\/product\/91570\/revisions\/142133"}],"wp:featuredmedia":[{"embeddable":true,"href":"https:\/\/www.swissraft.ch\/de\/wp-json\/wp\/v2\/media\/89857"}],"wp:attachment":[{"href":"https:\/\/www.swissraft.ch\/de\/wp-json\/wp\/v2\/media?parent=91570"}],"wp:term":[{"taxonomy":"product_cat","embeddable":true,"href":"https:\/\/www.swissraft.ch\/de\/wp-json\/wp\/v2\/product_cat?post=91570"},{"taxonomy":"product_tag","embeddable":true,"href":"https:\/\/www.swissraft.ch\/de\/wp-json\/wp\/v2\/product_tag?post=91570"}],"curies":[{"name":"wp","href":"https:\/\/api.w.org\/{rel}","templated":true}]}}