{"id":91566,"date":"2023-02-18T13:29:15","date_gmt":"2023-02-18T12:29:15","guid":{"rendered":"https:\/\/swissraft.xyanzkdne.eu\/product\/fallschirmspringen-in-granges-tandem-springen-aus-einem-flugzeug-ab-chf-365-00\/"},"modified":"2026-04-26T18:48:28","modified_gmt":"2026-04-26T16:48:28","slug":"grenchen-tandemfallschirmsprung","status":"publish","type":"product","link":"https:\/\/www.swissraft.ch\/de\/produkt\/grenchen-tandemfallschirmsprung\/","title":{"rendered":"Fallschirmspringen &#8211; Grenchen &#8211; Tandemsprung aus einem Flugzeug &#8211; Ab CHF 365.00"},"content":{"rendered":"\t\t<div data-elementor-type=\"wp-post\" data-elementor-id=\"91566\" class=\"elementor elementor-91566 elementor-30910\">\n\t\t\t\t\t\t\t\t\t<section class=\"elementor-section elementor-top-section elementor-element elementor-element-3303a7e3 elementor-section-boxed elementor-section-height-default elementor-section-height-default\" data-id=\"3303a7e3\" data-element_type=\"section\">\n\t\t\t\t\t\t<div class=\"elementor-container elementor-column-gap-default\">\n\t\t\t\t\t<div class=\"elementor-column elementor-col-100 elementor-top-column elementor-element elementor-element-16d72dbf\" data-id=\"16d72dbf\" data-element_type=\"column\">\n\t\t\t<div class=\"elementor-widget-wrap elementor-element-populated\">\n\t\t\t\t\t\t\t\t<div class=\"elementor-element elementor-element-d743c03 elementor-widget elementor-widget-text-editor\" data-id=\"d743c03\" data-element_type=\"widget\" data-widget_type=\"text-editor.default\">\n\t\t\t\t<div class=\"elementor-widget-container\">\n\t\t\t\t\t\t\t<h2>W\u00c4HLEN SIE UNTEN IHRE AKTIVIT\u00c4T AUS, UM GESCHENKGUTSCHEINE \/ TICKETS ZU VERSCHENKEN ODER ZU BUCHEN<\/h2><table border=\"0\" width=\"580\" cellspacing=\"10\" cellpadding=\"10\"><tbody><tr><td width=\"50%\"><strong>1) TANDEMFALLSCHIRMSPRUNG &#8211; GRENCHEN &#8211; WOCHENTAG<\/strong><\/td><td><strong>CHF 365.00 pro Person<span class=\"productPrice\"><br \/><\/span><\/strong><\/td><\/tr><tr><td>Zus\u00e4tzliche Informationen<\/td><td><span class=\"patt\">&#8211;<span class=\"plbl\"> Sportschuhe ohne Haken<br \/><\/span>&#8211;<span class=\"plbl\"> Nicht n\u00fcchtern sein<br \/>&#8211; Nicht unter dem Einfluss von Alkohol oder anderen Substanzen stehen<br \/>&#8211; Einverst\u00e4ndniserkl\u00e4rung der Eltern f\u00fcr Minderj\u00e4hrige<br \/><\/span>&#8211; Eine Begleitperson pro Flug ist auf Anfrage m\u00f6glich: <strong>CHF 70.00<\/strong><\/span><\/td><\/tr><tr><td>Zeiten<\/td><td>Bei Ihrer Buchung w\u00e4hlen Sie die Uhrzeit aus<\/td><\/tr><tr><td>Dauer des freien Falls<\/td><td>ca. 45 Sekunden<\/td><\/tr><tr><td>Gesamtdauer<\/td><td>ca. 4 Std.<\/td><\/tr><tr><td>Flugplatz<\/td><td><a href=\"https:\/\/www.google.com\/maps\/place\/47%C2%B010'58.4%22N+7%C2%B024'43.9%22E\/@47.1830642,7.4032848,1534m\/data=!3m1!1e3!4m4!3m3!8m2!3d47.1828889!4d7.4121944?entry=ttu\" target=\"_blank\" rel=\"noopener\">Grenchen<\/a><\/td><\/tr><tr><td><button class=\"elementor-button\" type=\"button\"><a href=\"https:\/\/swissraft.outdoorbooking.ch\/fo\/products\/149?base_id=40&amp;category_id=5&amp;order_type=gift_voucher&amp;lang=de\" target=\"_blank\" rel=\"noopener\">GUTSCHEIN \/ TICKET KAUFEN<\/a><\/button><\/td><td><a href=\"https:\/\/swissraft.outdoorbooking.ch\/fo\/products\/149?base_id=40&amp;category_id=5&amp;order_type=event&amp;lang=de\" target=\"_blank\" rel=\"noopener\">DATUM F\u00dcR DEN SPRUNG BUCHEN<\/a>\u00a0 <strong>CHF 365.00<\/strong>\/Pers.<\/td><\/tr><tr><td><button class=\"elementor-button\" type=\"button\"><a href=\"https:\/\/swissraft.outdoorbooking.ch\/fo\/products\/261?base_id=40&amp;category_id=5&amp;order_type=gift_voucher&amp;lang=de\" target=\"_blank\" rel=\"noopener\">GUTSCHEIN \/ TICKET KAUFEN<\/a><\/button><\/td><td><a href=\"https:\/\/swissraft.outdoorbooking.ch\/fo\/products\/261?base_id=40&amp;category_id=5&amp;order_type=event&amp;lang=de\" target=\"_blank\" rel=\"noopener\">DATUM F\u00dcR DEN SPRUNG BUCHEN<\/a>\u00a0 <strong>CHF 555.00<\/strong>\/Pers. mit Video<\/td><\/tr><\/tbody><\/table><table border=\"0\" width=\"580\" cellspacing=\"10\" cellpadding=\"10\"><tbody><tr><td width=\"50%\"><strong>2) TANDEMFALLSCHIRMSPRUNG &#8211; GRENCHEN &#8211; WOCHENENDE UND FERIENTAGE<\/strong><\/td><td><strong>CHF 395.00 pro Person<span class=\"productPrice\"><br \/><\/span><\/strong><\/td><\/tr><tr><td>Weitere Informationen<\/td><td><span class=\"patt\"><span class=\"plbl\">&#8211; Sportschuhe ohne Haken<br \/>&#8211; Nicht n\u00fcchtern sein<br \/>&#8211; Sie d\u00fcrfen nicht unter dem Einfluss von Alkohol oder anderen Substanzen stehen<br \/>&#8211; Einverst\u00e4ndniserkl\u00e4rung der Eltern f\u00fcr Minderj\u00e4hrige<br \/>&#8211; Jungendpreis : <strong>CHF 365.00<\/strong>\/Pers. bis zu 20 j\u00e4hrig<br \/><\/span>&#8211; Eine Begleitperson pro Flug ist auf Anfrage m\u00f6glich : <strong>CHF 70.00<\/strong><\/span><\/td><\/tr><tr><td>Startzeiten<\/td><td>Bei Ihrer Buchung w\u00e4hlen Sie die Uhrzeit aus<\/td><\/tr><tr><td>Dauer des freien Falls<\/td><td>ca. 45 Sekunden<\/td><\/tr><tr><td>Gesamtdauer<\/td><td>ca. 4 Std.<\/td><\/tr><tr><td>Flugplatz<\/td><td><a href=\"https:\/\/www.google.com\/maps\/place\/47%C2%B010'58.4%22N+7%C2%B024'43.9%22E\/@47.1830642,7.4032848,1534m\/data=!3m1!1e3!4m4!3m3!8m2!3d47.1828889!4d7.4121944?entry=ttu\" target=\"_blank\" rel=\"noopener\">Grenchen<\/a><\/td><\/tr><tr><td><button class=\"elementor-button\" type=\"button\"><a href=\"https:\/\/swissraft.outdoorbooking.ch\/fo\/products\/262?base_id=40&amp;category_id=5&amp;order_type=gift_voucher&amp;lang=de\" target=\"_blank\" rel=\"noopener\">GUTSCHEIN \/ TICKET KAUFEN<\/a><\/button><\/td><td><a href=\"https:\/\/swissraft.outdoorbooking.ch\/fo\/products\/262?base_id=40&amp;category_id=5&amp;order_type=event&amp;lang=de\" target=\"_blank\" rel=\"noopener\">WOCHENENDEN UND FEIERTAGE BUCHEN<\/a>\u00a0 <strong>CHF 395.00<\/strong>\/Pers.<\/td><\/tr><tr><td><button class=\"elementor-button\" type=\"button\"><a href=\"https:\/\/swissraft.outdoorbooking.ch\/fo\/products\/263?base_id=40&amp;category_id=5&amp;order_type=gift_voucher&amp;lang=de\" target=\"_blank\" rel=\"noopener\">GUTSCHEIN \/ TICKET KAUFEN<\/a><\/button><\/td><td><a href=\"https:\/\/swissraft.outdoorbooking.ch\/fo\/products\/263?base_id=40&amp;category_id=5&amp;order_type=event&amp;lang=de\" target=\"_blank\" rel=\"noopener\">WOCHENENDEN UND FEIERTAGE BUCHEN<\/a>\u00a0 <strong>CHF 545.00<\/strong>\/Pers. mit Video<\/td><\/tr><\/tbody><\/table><table border=\"0\" width=\"580\" cellspacing=\"10\" cellpadding=\"10\"><tbody><tr><td width=\"50%\"><strong>3) SOLO-SPRUNG MIT FREIEM FALL AFF &#8211; GRENCHEN<\/strong><\/td><td><strong>CHF 495.00 pro Person<span class=\"productPrice\"><br \/><\/span><\/strong><\/td><\/tr><tr><td>Zus\u00e4tzliche Informationen<\/td><td><span class=\"patt\">&#8211;<span class=\"plbl\"> Sportschuhe ohne Haken<br \/><\/span>&#8211;<span class=\"plbl\"> Nicht n\u00fcchtern sein<br \/>&#8211; Nicht unter dem Einfluss von Alkohol oder anderen Substanzen stehen<br \/>&#8211; Einverst\u00e4ndniserkl\u00e4rung der Eltern f\u00fcr Minderj\u00e4hrige<br \/>&#8211; Mindestgr\u00f6\u00dfe : 1m50<br \/><\/span>&#8211; Eine Begleitperson pro Flug ist auf Anfrage m\u00f6glich : CHF <strong>70.00<\/strong><\/span><\/td><\/tr><tr><td>Startzeiten<\/td><td>Bei Ihrer Buchung w\u00e4hlen Sie die Uhrzeit aus<\/td><\/tr><tr><td>Dauer des freien Falls<\/td><td>ca. 45 Sekunden<\/td><\/tr><tr><td>Gesamtdauer<\/td><td>1 Tag<\/td><\/tr><tr><td>Flugplatz<\/td><td><a href=\"https:\/\/www.google.com\/maps\/place\/47%C2%B010'58.4%22N+7%C2%B024'43.9%22E\/@47.1830642,7.4032848,1534m\/data=!3m1!1e3!4m4!3m3!8m2!3d47.1828889!4d7.4121944?entry=ttu\" target=\"_blank\" rel=\"noopener\">Grenchen<\/a><\/td><\/tr><tr><td><button class=\"elementor-button\" type=\"button\"><a href=\"https:\/\/swissraft.outdoorbooking.ch\/fo\/products\/1322?base_id=40&amp;category_id=5&amp;order_type=gift_voucher&amp;lang=de\" target=\"_blank\" rel=\"noopener\">GUTSCHEIN \/ TICKET KAUFEN<\/a><\/button><\/td><td><a href=\"https:\/\/swissraft.outdoorbooking.ch\/fo\/products\/1322?base_id=40&amp;category_id=5&amp;order_type=event&amp;lang=de\" target=\"_blank\" rel=\"noopener\">DATUM F\u00dcR DEN SPRUNG BUCHEN<\/a>\u00a0 <strong>CHF 495.00<\/strong>\/Pers. freier Fall AFF<\/td><\/tr><tr><td><button class=\"elementor-button\" type=\"button\"><a href=\"https:\/\/swissraft.outdoorbooking.ch\/fo\/products\/1321?base_id=40&amp;category_id=5&amp;order_type=gift_voucher&amp;lang=de\" target=\"_blank\" rel=\"noopener\">GUTSCHEIN \/ TICKET KAUFEN<\/a><\/button><\/td><td><a href=\"https:\/\/swissraft.outdoorbooking.ch\/fo\/products\/1321?base_id=40&amp;category_id=5&amp;order_type=event&amp;lang=de\" target=\"_blank\" rel=\"noopener\">DATUM F\u00dcR DEN SPRUNG BUCHEN<\/a>\u00a0 <strong>CHF 645.00<\/strong>\/Pers. freier Fall AFF mit Video<\/td><\/tr><\/tbody><\/table>\t\t\t\t\t\t<\/div>\n\t\t\t\t<\/div>\n\t\t\t\t\t<\/div>\n\t\t<\/div>\n\t\t\t\t\t\t\t<\/div>\n\t\t<\/section>\n\t\t\t\t<section class=\"elementor-section elementor-top-section elementor-element elementor-element-289e669 elementor-section-boxed elementor-section-height-default elementor-section-height-default\" data-id=\"289e669\" data-element_type=\"section\">\n\t\t\t\t\t\t<div class=\"elementor-container elementor-column-gap-default\">\n\t\t\t\t\t<div class=\"elementor-column elementor-col-100 elementor-top-column elementor-element elementor-element-6fe4bae\" data-id=\"6fe4bae\" data-element_type=\"column\">\n\t\t\t<div class=\"elementor-widget-wrap elementor-element-populated\">\n\t\t\t\t\t\t\t\t<div class=\"elementor-element elementor-element-4bf6d59 elementor-widget elementor-widget-text-editor\" data-id=\"4bf6d59\" data-element_type=\"widget\" data-widget_type=\"text-editor.default\">\n\t\t\t\t<div class=\"elementor-widget-container\">\n\t\t\t\t\t\t\t<h2><br \/><br \/><\/h2>\t\t\t\t\t\t<\/div>\n\t\t\t\t<\/div>\n\t\t\t\t\t<\/div>\n\t\t<\/div>\n\t\t\t\t\t\t\t<\/div>\n\t\t<\/section>\n\t\t\t\t\t\t\t<\/div>\n\t\t","protected":false},"excerpt":{"rendered":"<div align=\"justify\">\n<h2 align=\"justify\">Machen Sie im Kanton Solothurn einen Tandemsprung mit dem Fallschirm auf dem Flugplatz Grenchen.<\/h2>\n<h3>Eine Erfahrung, die Sie zweifellos machen sollten. Es ist eine Gelegenheit, Ihre Grenzen und \u00c4ngste zu \u00fcberwinden.<\/h3>\n<\/div>\n<div align=\"justify\">\n<p>Zun\u00e4chst werden Sie von einem Piloten auf unserer Dropzone auf dem Flugplatz von Grenchen begr\u00fc\u00dft. Dann bereiten Sie sich unter den wachsamen Augen Ihres Piloten vor. Sie machen einige K\u00f6rper\u00fcbungen; Position Ihres Kopfes und Ihrer Arme w\u00e4hrend des freien Falls. Zweitens tragen Sie eine Schutzbrille, einen Helm und eventuell einen Overall. Dann kommt der Moment, in dem Sie mit einem mulmigen Gef\u00fchl in das Flugzeug steigen. Sie brauchen sich keine Sorgen zu machen, Ihr Pilot hat Tausende von Spr\u00fcngen hinter sich.<br \/>\nW\u00e4hrend des Aufstiegs, der etwa 20 Minuten dauert, k\u00f6nnen Sie die sch\u00f6ne Aussicht genie\u00dfen, die Sie vom Flugzeug aus haben. Der Druck nimmt ab, Sie entspannen sich ein wenig. Der Pilot des Flugzeugs in 4000 m H\u00f6he gibt das GO! Sie stehen vor Ihrem Piloten und n\u00e4hern sich der Ausgangst\u00fcr. Ein letzter Check und dann geht es mit fast 200 km\/h in den freien Fall. Nach etwa 45 Sekunden \u00f6ffnet Ihr Pilot den Fallschirm und es ist pl\u00f6tzlich still, das Ger\u00e4usch des Windes wird leiser. Sie sinken ruhig ab und landen nach einigen Minuten sanft. Denken Sie daran, Ihren Tandemsprung festzuhalten, indem Sie bei Ihrer Online-Buchung auf unserer Website ein Video bestellen. Wenn Sie einen Sprung im freien Fall machen m\u00f6chten, k\u00f6nnen Sie dies bei uns tun. Dies wird als AFF-Sprung bezeichnet und erfordert einen Tag Vorbereitung. Sie springen in Begleitung von zwei Fluglehrern, die Sie w\u00e4hrend des gesamten freien Falls begleiten werden. Sobald sich Ihr Fallschirm nach ca. 45 Sekunden \u00f6ffnet, setzen Sie den Abstieg selbst\u00e4ndig fort. Sie stehen in Funkkontakt mit einem Fluglehrer am Boden, der Sie bis zur Landung f\u00fchrt. F\u00fcr die weniger Wagemutigen haben wir Freifallsimulatoren in Sitten und Winterthur. Sie haben genau das gleiche Gef\u00fchl wie bei einem echten freien Fall.<\/p>\n<h3>Wir bieten Ihnen zahlreiche Dropzones in der Schweiz von verschiedenen Flugpl\u00e4tzen aus und in Deutschland in der N\u00e4he von Basel.<\/h3>\n<p id=\"textarea\" style=\"display: none;\">\nWir machen Tandemspr\u00fcnge von den Flugpl\u00e4tzen Interlaken und Reichenbach im Berner Oberland. Ebenso springen wir von den Flugpl\u00e4tzen Berom\u00fcnster und Triengen im Kanton Luzern mit dem Fallschirm ab. Ebenso machen wir Tandem-Fallschirmspr\u00fcnge auf den Flugpl\u00e4tzen von \u00c9cuvillens und \u00c9pagny im Kanton Freiburg. Au\u00dferdem haben wir eine Dropzone auf dem Flugplatz Colombier im Kanton Neuch\u00e2tel. Ebenso wie vom Flugplatz Bex im Kanton Waadt. Au\u00dferdem machen wir Tandemspr\u00fcnge im Wallis auf dem Flughafen von Sion und dem Flugplatz von Raron. \u00dcbrigens haben wir auch eine Dropzone in Thurgau auf dem Flugplatz Sitterdorf. Aber wir machen auch Tandemspr\u00fcnge vom Flugplatz Locarno aus. In Deutschland in der N\u00e4he von Basel springen wir vom Flugplatz Rottweil aus ab, wo wir eine Dropzone haben.\n<\/p>\n<p><a id=\"seeMore\" onclick=\"toggleSeeMore()\" href=\"javascript:void(0);\">Lesen Sie mehr<\/a><\/p>\n","protected":false},"featured_media":87811,"comment_status":"open","ping_status":"closed","template":"","meta":{"inline_featured_image":false,"_mi_skip_tracking":false},"product_cat":[292],"product_tag":[],"class_list":["post-91566","product","type-product","status-publish","has-post-thumbnail","hentry","product_cat-tandem-fallschirmsprung-tandemsprung"],"yoast_head":"<!-- This site is optimized with the Yoast SEO plugin v23.6 - https:\/\/yoast.com\/wordpress\/plugins\/seo\/ -->\n<title>Tandemfallschirmsprung in Grenchen. Freier Fall von 45 Sekunden<\/title>\n<meta name=\"description\" content=\"Tandemfallschirmsprung in Grenchen. Sie springen aus 4000 m H\u00f6he ab und fallen 45 Sek. lang mit einer Geschwindigkeit von fast 200 km\/h frei.\" \/>\n<meta name=\"robots\" content=\"index, follow, max-snippet:-1, max-image-preview:large, max-video-preview:-1\" \/>\n<link rel=\"canonical\" href=\"https:\/\/www.swissraft.ch\/de\/produkt\/grenchen-tandemfallschirmsprung\/\" \/>\n<meta property=\"og:locale\" content=\"de_DE\" \/>\n<meta property=\"og:type\" content=\"article\" \/>\n<meta property=\"og:title\" content=\"Tandemfallschirmsprung in Grenchen. Freier Fall von 45 Sekunden\" \/>\n<meta property=\"og:description\" content=\"Tandemfallschirmsprung in Grenchen. Sie springen aus 4000 m H\u00f6he ab und fallen 45 Sek. lang mit einer Geschwindigkeit von fast 200 km\/h frei.\" \/>\n<meta property=\"og:url\" content=\"https:\/\/www.swissraft.ch\/de\/produkt\/grenchen-tandemfallschirmsprung\/\" \/>\n<meta property=\"og:site_name\" content=\"Swissraft\" \/>\n<meta property=\"article:modified_time\" content=\"2026-04-26T16:48:28+00:00\" \/>\n<meta property=\"og:image\" content=\"https:\/\/www.swissraft.ch\/wp-content\/uploads\/2023\/02\/1-GRENCHEN-776x776-1.jpg\" \/>\n\t<meta property=\"og:image:width\" content=\"776\" \/>\n\t<meta property=\"og:image:height\" content=\"776\" \/>\n\t<meta property=\"og:image:type\" content=\"image\/jpeg\" \/>\n<meta name=\"twitter:card\" content=\"summary_large_image\" \/>\n<meta name=\"twitter:label1\" content=\"Gesch\u00e4tzte Lesezeit\" \/>\n\t<meta name=\"twitter:data1\" content=\"2\u00a0Minuten\" \/>\n<script type=\"application\/ld+json\" class=\"yoast-schema-graph\">{\"@context\":\"https:\/\/schema.org\",\"@graph\":[{\"@type\":\"WebPage\",\"@id\":\"https:\/\/www.swissraft.ch\/de\/produkt\/grenchen-tandemfallschirmsprung\/\",\"url\":\"https:\/\/www.swissraft.ch\/de\/produkt\/grenchen-tandemfallschirmsprung\/\",\"name\":\"Tandemfallschirmsprung in Grenchen. Freier Fall von 45 Sekunden\",\"isPartOf\":{\"@id\":\"https:\/\/www.swissraft.ch\/de\/#website\"},\"primaryImageOfPage\":{\"@id\":\"https:\/\/www.swissraft.ch\/de\/produkt\/grenchen-tandemfallschirmsprung\/#primaryimage\"},\"image\":{\"@id\":\"https:\/\/www.swissraft.ch\/de\/produkt\/grenchen-tandemfallschirmsprung\/#primaryimage\"},\"thumbnailUrl\":\"https:\/\/www.swissraft.ch\/wp-content\/uploads\/2023\/02\/1-GRENCHEN-776x776-1.jpg\",\"datePublished\":\"2023-02-18T12:29:15+00:00\",\"dateModified\":\"2026-04-26T16:48:28+00:00\",\"description\":\"Tandemfallschirmsprung in Grenchen. Sie springen aus 4000 m H\u00f6he ab und fallen 45 Sek. lang mit einer Geschwindigkeit von fast 200 km\/h frei.\",\"breadcrumb\":{\"@id\":\"https:\/\/www.swissraft.ch\/de\/produkt\/grenchen-tandemfallschirmsprung\/#breadcrumb\"},\"inLanguage\":\"de\",\"potentialAction\":[{\"@type\":\"ReadAction\",\"target\":[\"https:\/\/www.swissraft.ch\/de\/produkt\/grenchen-tandemfallschirmsprung\/\"]}]},{\"@type\":\"ImageObject\",\"inLanguage\":\"de\",\"@id\":\"https:\/\/www.swissraft.ch\/de\/produkt\/grenchen-tandemfallschirmsprung\/#primaryimage\",\"url\":\"https:\/\/www.swissraft.ch\/wp-content\/uploads\/2023\/02\/1-GRENCHEN-776x776-1.jpg\",\"contentUrl\":\"https:\/\/www.swissraft.ch\/wp-content\/uploads\/2023\/02\/1-GRENCHEN-776x776-1.jpg\",\"width\":776,\"height\":776,\"caption\":\"Tandemsprung von Granges\"},{\"@type\":\"BreadcrumbList\",\"@id\":\"https:\/\/www.swissraft.ch\/de\/produkt\/grenchen-tandemfallschirmsprung\/#breadcrumb\",\"itemListElement\":[{\"@type\":\"ListItem\",\"position\":1,\"name\":\"Accueil\",\"item\":\"https:\/\/www.swissraft.ch\/de\/\"},{\"@type\":\"ListItem\",\"position\":2,\"name\":\"Shop\",\"item\":\"https:\/\/www.swissraft.ch\/de\/shop\/\"},{\"@type\":\"ListItem\",\"position\":3,\"name\":\"Fallschirmspringen &#8211; Grenchen &#8211; Tandemsprung aus einem Flugzeug &#8211; Ab CHF 365.00\"}]},{\"@type\":\"WebSite\",\"@id\":\"https:\/\/www.swissraft.ch\/de\/#website\",\"url\":\"https:\/\/www.swissraft.ch\/de\/\",\"name\":\"Swissraft\",\"description\":\"To enjoy nature as it is\",\"publisher\":{\"@id\":\"https:\/\/www.swissraft.ch\/de\/#organization\"},\"potentialAction\":[{\"@type\":\"SearchAction\",\"target\":{\"@type\":\"EntryPoint\",\"urlTemplate\":\"https:\/\/www.swissraft.ch\/de\/?s={search_term_string}\"},\"query-input\":{\"@type\":\"PropertyValueSpecification\",\"valueRequired\":true,\"valueName\":\"search_term_string\"}}],\"inLanguage\":\"de\"},{\"@type\":\"Organization\",\"@id\":\"https:\/\/www.swissraft.ch\/de\/#organization\",\"name\":\"Swissraft\",\"url\":\"https:\/\/www.swissraft.ch\/de\/\",\"logo\":{\"@type\":\"ImageObject\",\"inLanguage\":\"de\",\"@id\":\"https:\/\/www.swissraft.ch\/de\/#\/schema\/logo\/image\/\",\"url\":\"https:\/\/www.swissraft.ch\/wp-content\/uploads\/2025\/09\/Capture.jpg\",\"contentUrl\":\"https:\/\/www.swissraft.ch\/wp-content\/uploads\/2025\/09\/Capture.jpg\",\"width\":293,\"height\":108,\"caption\":\"Swissraft\"},\"image\":{\"@id\":\"https:\/\/www.swissraft.ch\/de\/#\/schema\/logo\/image\/\"}}]}<\/script>\n<!-- \/ Yoast SEO plugin. -->","yoast_head_json":{"title":"Tandemfallschirmsprung in Grenchen. Freier Fall von 45 Sekunden","description":"Tandemfallschirmsprung in Grenchen. Sie springen aus 4000 m H\u00f6he ab und fallen 45 Sek. lang mit einer Geschwindigkeit von fast 200 km\/h frei.","robots":{"index":"index","follow":"follow","max-snippet":"max-snippet:-1","max-image-preview":"max-image-preview:large","max-video-preview":"max-video-preview:-1"},"canonical":"https:\/\/www.swissraft.ch\/de\/produkt\/grenchen-tandemfallschirmsprung\/","og_locale":"de_DE","og_type":"article","og_title":"Tandemfallschirmsprung in Grenchen. Freier Fall von 45 Sekunden","og_description":"Tandemfallschirmsprung in Grenchen. Sie springen aus 4000 m H\u00f6he ab und fallen 45 Sek. lang mit einer Geschwindigkeit von fast 200 km\/h frei.","og_url":"https:\/\/www.swissraft.ch\/de\/produkt\/grenchen-tandemfallschirmsprung\/","og_site_name":"Swissraft","article_modified_time":"2026-04-26T16:48:28+00:00","og_image":[{"width":776,"height":776,"url":"https:\/\/www.swissraft.ch\/wp-content\/uploads\/2023\/02\/1-GRENCHEN-776x776-1.jpg","type":"image\/jpeg"}],"twitter_card":"summary_large_image","twitter_misc":{"Gesch\u00e4tzte Lesezeit":"2\u00a0Minuten"},"schema":{"@context":"https:\/\/schema.org","@graph":[{"@type":"WebPage","@id":"https:\/\/www.swissraft.ch\/de\/produkt\/grenchen-tandemfallschirmsprung\/","url":"https:\/\/www.swissraft.ch\/de\/produkt\/grenchen-tandemfallschirmsprung\/","name":"Tandemfallschirmsprung in Grenchen. Freier Fall von 45 Sekunden","isPartOf":{"@id":"https:\/\/www.swissraft.ch\/de\/#website"},"primaryImageOfPage":{"@id":"https:\/\/www.swissraft.ch\/de\/produkt\/grenchen-tandemfallschirmsprung\/#primaryimage"},"image":{"@id":"https:\/\/www.swissraft.ch\/de\/produkt\/grenchen-tandemfallschirmsprung\/#primaryimage"},"thumbnailUrl":"https:\/\/www.swissraft.ch\/wp-content\/uploads\/2023\/02\/1-GRENCHEN-776x776-1.jpg","datePublished":"2023-02-18T12:29:15+00:00","dateModified":"2026-04-26T16:48:28+00:00","description":"Tandemfallschirmsprung in Grenchen. Sie springen aus 4000 m H\u00f6he ab und fallen 45 Sek. lang mit einer Geschwindigkeit von fast 200 km\/h frei.","breadcrumb":{"@id":"https:\/\/www.swissraft.ch\/de\/produkt\/grenchen-tandemfallschirmsprung\/#breadcrumb"},"inLanguage":"de","potentialAction":[{"@type":"ReadAction","target":["https:\/\/www.swissraft.ch\/de\/produkt\/grenchen-tandemfallschirmsprung\/"]}]},{"@type":"ImageObject","inLanguage":"de","@id":"https:\/\/www.swissraft.ch\/de\/produkt\/grenchen-tandemfallschirmsprung\/#primaryimage","url":"https:\/\/www.swissraft.ch\/wp-content\/uploads\/2023\/02\/1-GRENCHEN-776x776-1.jpg","contentUrl":"https:\/\/www.swissraft.ch\/wp-content\/uploads\/2023\/02\/1-GRENCHEN-776x776-1.jpg","width":776,"height":776,"caption":"Tandemsprung von Granges"},{"@type":"BreadcrumbList","@id":"https:\/\/www.swissraft.ch\/de\/produkt\/grenchen-tandemfallschirmsprung\/#breadcrumb","itemListElement":[{"@type":"ListItem","position":1,"name":"Accueil","item":"https:\/\/www.swissraft.ch\/de\/"},{"@type":"ListItem","position":2,"name":"Shop","item":"https:\/\/www.swissraft.ch\/de\/shop\/"},{"@type":"ListItem","position":3,"name":"Fallschirmspringen &#8211; Grenchen &#8211; Tandemsprung aus einem Flugzeug &#8211; Ab CHF 365.00"}]},{"@type":"WebSite","@id":"https:\/\/www.swissraft.ch\/de\/#website","url":"https:\/\/www.swissraft.ch\/de\/","name":"Swissraft","description":"To enjoy nature as it is","publisher":{"@id":"https:\/\/www.swissraft.ch\/de\/#organization"},"potentialAction":[{"@type":"SearchAction","target":{"@type":"EntryPoint","urlTemplate":"https:\/\/www.swissraft.ch\/de\/?s={search_term_string}"},"query-input":{"@type":"PropertyValueSpecification","valueRequired":true,"valueName":"search_term_string"}}],"inLanguage":"de"},{"@type":"Organization","@id":"https:\/\/www.swissraft.ch\/de\/#organization","name":"Swissraft","url":"https:\/\/www.swissraft.ch\/de\/","logo":{"@type":"ImageObject","inLanguage":"de","@id":"https:\/\/www.swissraft.ch\/de\/#\/schema\/logo\/image\/","url":"https:\/\/www.swissraft.ch\/wp-content\/uploads\/2025\/09\/Capture.jpg","contentUrl":"https:\/\/www.swissraft.ch\/wp-content\/uploads\/2025\/09\/Capture.jpg","width":293,"height":108,"caption":"Swissraft"},"image":{"@id":"https:\/\/www.swissraft.ch\/de\/#\/schema\/logo\/image\/"}}]}},"_links":{"self":[{"href":"https:\/\/www.swissraft.ch\/de\/wp-json\/wp\/v2\/product\/91566","targetHints":{"allow":["GET"]}}],"collection":[{"href":"https:\/\/www.swissraft.ch\/de\/wp-json\/wp\/v2\/product"}],"about":[{"href":"https:\/\/www.swissraft.ch\/de\/wp-json\/wp\/v2\/types\/product"}],"replies":[{"embeddable":true,"href":"https:\/\/www.swissraft.ch\/de\/wp-json\/wp\/v2\/comments?post=91566"}],"version-history":[{"count":65,"href":"https:\/\/www.swissraft.ch\/de\/wp-json\/wp\/v2\/product\/91566\/revisions"}],"predecessor-version":[{"id":142124,"href":"https:\/\/www.swissraft.ch\/de\/wp-json\/wp\/v2\/product\/91566\/revisions\/142124"}],"wp:featuredmedia":[{"embeddable":true,"href":"https:\/\/www.swissraft.ch\/de\/wp-json\/wp\/v2\/media\/87811"}],"wp:attachment":[{"href":"https:\/\/www.swissraft.ch\/de\/wp-json\/wp\/v2\/media?parent=91566"}],"wp:term":[{"taxonomy":"product_cat","embeddable":true,"href":"https:\/\/www.swissraft.ch\/de\/wp-json\/wp\/v2\/product_cat?post=91566"},{"taxonomy":"product_tag","embeddable":true,"href":"https:\/\/www.swissraft.ch\/de\/wp-json\/wp\/v2\/product_tag?post=91566"}],"curies":[{"name":"wp","href":"https:\/\/api.w.org\/{rel}","templated":true}]}}