{"id":91565,"date":"2023-02-18T14:58:19","date_gmt":"2023-02-18T13:58:19","guid":{"rendered":"https:\/\/swissraft.xyanzkdne.eu\/product\/freier-fall-simulator-in-sion-ab-chf-89-00\/"},"modified":"2026-04-30T04:20:51","modified_gmt":"2026-04-30T02:20:51","slug":"bodyflying-sitten","status":"publish","type":"product","link":"https:\/\/www.swissraft.ch\/de\/produkt\/bodyflying-sitten\/","title":{"rendered":"Bodyflying &#8211; Sitten &#8211; Ab CHF 89.00"},"content":{"rendered":"\t\t<div data-elementor-type=\"wp-post\" data-elementor-id=\"91565\" class=\"elementor elementor-91565 elementor-30940\">\n\t\t\t\t\t\t\t\t\t<section class=\"elementor-section elementor-top-section elementor-element elementor-element-3303a7e3 elementor-section-boxed elementor-section-height-default elementor-section-height-default\" data-id=\"3303a7e3\" data-element_type=\"section\">\n\t\t\t\t\t\t<div class=\"elementor-container elementor-column-gap-default\">\n\t\t\t\t\t<div class=\"elementor-column elementor-col-100 elementor-top-column elementor-element elementor-element-16d72dbf\" data-id=\"16d72dbf\" data-element_type=\"column\">\n\t\t\t<div class=\"elementor-widget-wrap elementor-element-populated\">\n\t\t\t\t\t\t\t\t<div class=\"elementor-element elementor-element-d743c03 elementor-widget elementor-widget-text-editor\" data-id=\"d743c03\" data-element_type=\"widget\" data-widget_type=\"text-editor.default\">\n\t\t\t\t<div class=\"elementor-widget-container\">\n\t\t\t\t\t\t\t<h2>W\u00c4HLEN SIE UNTEN IHRE AKTIVIT\u00c4T AUS, UM GESCHENKGUTSCHEINE \/ TICKETS ZU VERSCHENKEN ODER ZU BUCHEN.<\/h2><table border=\"0\" width=\"580\" cellspacing=\"10\" cellpadding=\"10\"><tbody><tr><td width=\"50%\"><strong>BODYFLYING IN SITTEN &#8211; Ab 2&#215;1 Min.<\/strong><\/td><td><strong>Ab CHF 89.00 pro Person<span class=\"productPrice\"><br \/><\/span><\/strong><\/td><\/tr><tr><td>Zus\u00e4tzliche Informationen<\/td><td>&#8211; Wir stellen Ihnen zur Verf\u00fcgung:<br \/>&#8211; Einen Overall<br \/>&#8211; Eine Schutzbrille<\/td><\/tr><tr><td>Ort<\/td><td><a href=\"https:\/\/www.google.com\/maps\/place\/46%C2%B013'10.8%22N+7%C2%B021'07.0%22E\/@46.2197302,7.3496158,390m\/data=!3m1!1e3!4m4!3m3!8m2!3d46.2196667!4d7.3519444?entry=ttu\" target=\"_blank\" rel=\"noopener\">Sitten<\/a><\/td><\/tr><tr><td>Flugdauer nach Wahl<\/td><td>2&#215;1 Min. \/ 4&#215;1 Min. \/ 6&#215;1 Min.<\/td><\/tr><tr><td>Gesamtdauer<\/td><td>ca. 2 Std.<\/td><\/tr><tr><td>Termin<\/td><td>Per Telefon<\/td><\/tr><tr><td><a href=\"https:\/\/swissraft.outdoorbooking.ch\/fo\/products\/1255?base_id=204&amp;category_id=41&amp;order_type=gift_voucher&amp;lang=de\" target=\"_blank\" rel=\"noopener\"><button class=\"elementor-button\" type=\"button\">GUTSCHEIN \/ TICKET KAUFEN<\/button><\/a><\/td><td><strong>CHF 89.00 &#8211; 2&#215;1 Min. (1 Pers.) <\/strong><\/td><\/tr><tr><td><button class=\"elementor-button\" type=\"button\"><a href=\"https:\/\/swissraft.outdoorbooking.ch\/fo\/products\/1257?base_id=204&amp;category_id=41&amp;order_type=gift_voucher&amp;lang=de\" target=\"_blank\" rel=\"noopener\">GUTSCHEIN \/ TICKET KAUFEN<\/a><\/button><\/td><td><strong>CHF 169.00 &#8211; 4&#215;1 Min. (1 Pers.) <\/strong><\/td><\/tr><tr><td><button class=\"elementor-button\" type=\"button\"><a href=\"https:\/\/swissraft.outdoorbooking.ch\/fo\/products\/1259?base_id=204&amp;category_id=41&amp;order_type=gift_voucher&amp;lang=de\" target=\"_blank\" rel=\"noopener\">GUTSCHEIN \/ TICKET KAUFEN<\/a><\/button><\/td><td><strong>CHF 245.00 &#8211; 6&#215;1 Min. (1-2 Pers.) <\/strong><\/td><\/tr><tr><td>\u00a0<\/td><td><strong><em>WICHTIG !<\/em><\/strong><br \/><em>Um zu reservieren, rufen Sie die Nummer an, die sich oben links auf dem Gutschein \/ Ticket befindet.<\/em><\/td><\/tr><\/tbody><\/table>\t\t\t\t\t\t<\/div>\n\t\t\t\t<\/div>\n\t\t\t\t\t<\/div>\n\t\t<\/div>\n\t\t\t\t\t\t\t<\/div>\n\t\t<\/section>\n\t\t\t\t\t\t\t<\/div>\n\t\t","protected":false},"excerpt":{"rendered":"<div align=\"justify\">\n<h2 align=\"justify\">Bodyflying in Sitten erm\u00f6glicht es Ihnen, das Gef\u00fchl eines echten freien Falls bei einem Tandemsprung zu erleben.<\/h2>\n<h3>Machen Sie sich eine sch\u00f6ne Zeit und teilen Sie diese Aktivit\u00e4t mit mehreren Personen. Selbst Kinder ab 5 Jahren sind begeistert.<\/h3>\n<\/div>\n<div align=\"justify\">\n<p>Haben Sie schon immer davon getr\u00e4umt, einen Fallschirmsprung zu machen? Warum also auf dieses einzigartige Gef\u00fchl verzichten, wenn die Technologie Ihnen die M\u00f6glichkeit bietet, das gleiche Gef\u00fchl und noch mehr im ersten Freifallsimulator der Schweiz zu erleben. Sie k\u00f6nnen sich selbstbewusst bewegen, ohne Angst oder Schwindel. Ihr Fluglehrer hilft Ihnen, die Luft mit einer Geschwindigkeit von \u00fcber 280 km\/h zu sp\u00fcren, zu beherrschen und mit der Schwerelosigkeit zu spielen. Sie haben die Wahl zwischen bis zu 6 Fl\u00fcgen von je 1 Minute Dauer. Nach dieser einzigartigen Erfahrung sind Sie bereit, wenn Sie m\u00f6chten, einen Tandemsprung aus 4000 m H\u00f6he mit einem freien Fall von 40 bis 45 Sekunden in Begleitung Ihres Tandempiloten aus einem Flugzeug oder Helikopter zu machen.<\/p>\n<h3>Swissraft bietet Ihnen auf seiner Website zwei Freifallsimulatoren an.<\/h3>\n<p id=\"textarea\" style=\"display: none;\">\nTats\u00e4chlich befindet sich der zweite Freifallsimulator in Winterthur vor den Toren Z\u00fcrichs. Wenn Sie einen echten Tandemsprung mit dem Fallschirm machen m\u00f6chten, haben wir ein Dutzend Drop Zones in der Schweiz und in Deutschland.\n<\/p>\n<p><a id=\"seeMore\" onclick=\"toggleSeeMore()\" href=\"javascript:void(0);\">Lesen Sie mehr<\/a><\/p>\n","protected":false},"featured_media":89641,"comment_status":"open","ping_status":"closed","template":"","meta":{"inline_featured_image":false,"_mi_skip_tracking":false},"product_cat":[297],"product_tag":[],"class_list":["post-91565","product","type-product","status-publish","has-post-thumbnail","hentry","product_cat-bodyflying-in-der-schweiz"],"yoast_head":"<!-- This site is optimized with the Yoast SEO plugin v23.6 - https:\/\/yoast.com\/wordpress\/plugins\/seo\/ -->\n<title>Bodyflying in Sitten. Identisch mit dem echten freien Fall<\/title>\n<meta name=\"description\" content=\"Bodyflying in Sitten. Sie erleben die gleichen Empfindungen wie bei einem Fallschirmsprung mit einem freien Fall von mehreren Sekunden.\" \/>\n<meta name=\"robots\" content=\"index, follow, max-snippet:-1, max-image-preview:large, max-video-preview:-1\" \/>\n<link rel=\"canonical\" href=\"https:\/\/www.swissraft.ch\/de\/produkt\/bodyflying-sitten\/\" \/>\n<meta property=\"og:locale\" content=\"de_DE\" \/>\n<meta property=\"og:type\" content=\"article\" \/>\n<meta property=\"og:title\" content=\"Bodyflying in Sitten. Identisch mit dem echten freien Fall\" \/>\n<meta property=\"og:description\" content=\"Bodyflying in Sitten. Sie erleben die gleichen Empfindungen wie bei einem Fallschirmsprung mit einem freien Fall von mehreren Sekunden.\" \/>\n<meta property=\"og:url\" content=\"https:\/\/www.swissraft.ch\/de\/produkt\/bodyflying-sitten\/\" \/>\n<meta property=\"og:site_name\" content=\"Swissraft\" \/>\n<meta property=\"article:modified_time\" content=\"2026-04-30T02:20:51+00:00\" \/>\n<meta property=\"og:image\" content=\"https:\/\/www.swissraft.ch\/wp-content\/uploads\/2023\/02\/1-2-Realfly-776x776-1.jpg\" \/>\n\t<meta property=\"og:image:width\" content=\"776\" \/>\n\t<meta property=\"og:image:height\" content=\"776\" \/>\n\t<meta property=\"og:image:type\" content=\"image\/jpeg\" \/>\n<meta name=\"twitter:card\" content=\"summary_large_image\" \/>\n<meta name=\"twitter:label1\" content=\"Gesch\u00e4tzte Lesezeit\" \/>\n\t<meta name=\"twitter:data1\" content=\"1\u00a0Minute\" \/>\n<script type=\"application\/ld+json\" class=\"yoast-schema-graph\">{\"@context\":\"https:\/\/schema.org\",\"@graph\":[{\"@type\":\"WebPage\",\"@id\":\"https:\/\/www.swissraft.ch\/de\/produkt\/bodyflying-sitten\/\",\"url\":\"https:\/\/www.swissraft.ch\/de\/produkt\/bodyflying-sitten\/\",\"name\":\"Bodyflying in Sitten. Identisch mit dem echten freien Fall\",\"isPartOf\":{\"@id\":\"https:\/\/www.swissraft.ch\/de\/#website\"},\"primaryImageOfPage\":{\"@id\":\"https:\/\/www.swissraft.ch\/de\/produkt\/bodyflying-sitten\/#primaryimage\"},\"image\":{\"@id\":\"https:\/\/www.swissraft.ch\/de\/produkt\/bodyflying-sitten\/#primaryimage\"},\"thumbnailUrl\":\"https:\/\/www.swissraft.ch\/wp-content\/uploads\/2023\/02\/1-2-Realfly-776x776-1.jpg\",\"datePublished\":\"2023-02-18T13:58:19+00:00\",\"dateModified\":\"2026-04-30T02:20:51+00:00\",\"description\":\"Bodyflying in Sitten. Sie erleben die gleichen Empfindungen wie bei einem Fallschirmsprung mit einem freien Fall von mehreren Sekunden.\",\"breadcrumb\":{\"@id\":\"https:\/\/www.swissraft.ch\/de\/produkt\/bodyflying-sitten\/#breadcrumb\"},\"inLanguage\":\"de\",\"potentialAction\":[{\"@type\":\"ReadAction\",\"target\":[\"https:\/\/www.swissraft.ch\/de\/produkt\/bodyflying-sitten\/\"]}]},{\"@type\":\"ImageObject\",\"inLanguage\":\"de\",\"@id\":\"https:\/\/www.swissraft.ch\/de\/produkt\/bodyflying-sitten\/#primaryimage\",\"url\":\"https:\/\/www.swissraft.ch\/wp-content\/uploads\/2023\/02\/1-2-Realfly-776x776-1.jpg\",\"contentUrl\":\"https:\/\/www.swissraft.ch\/wp-content\/uploads\/2023\/02\/1-2-Realfly-776x776-1.jpg\",\"width\":776,\"height\":776,\"caption\":\"Bodyflying in Sitten\"},{\"@type\":\"BreadcrumbList\",\"@id\":\"https:\/\/www.swissraft.ch\/de\/produkt\/bodyflying-sitten\/#breadcrumb\",\"itemListElement\":[{\"@type\":\"ListItem\",\"position\":1,\"name\":\"Accueil\",\"item\":\"https:\/\/www.swissraft.ch\/de\/\"},{\"@type\":\"ListItem\",\"position\":2,\"name\":\"Shop\",\"item\":\"https:\/\/www.swissraft.ch\/de\/shop\/\"},{\"@type\":\"ListItem\",\"position\":3,\"name\":\"Bodyflying &#8211; Sitten &#8211; Ab CHF 89.00\"}]},{\"@type\":\"WebSite\",\"@id\":\"https:\/\/www.swissraft.ch\/de\/#website\",\"url\":\"https:\/\/www.swissraft.ch\/de\/\",\"name\":\"Swissraft\",\"description\":\"To enjoy nature as it is\",\"publisher\":{\"@id\":\"https:\/\/www.swissraft.ch\/de\/#organization\"},\"potentialAction\":[{\"@type\":\"SearchAction\",\"target\":{\"@type\":\"EntryPoint\",\"urlTemplate\":\"https:\/\/www.swissraft.ch\/de\/?s={search_term_string}\"},\"query-input\":{\"@type\":\"PropertyValueSpecification\",\"valueRequired\":true,\"valueName\":\"search_term_string\"}}],\"inLanguage\":\"de\"},{\"@type\":\"Organization\",\"@id\":\"https:\/\/www.swissraft.ch\/de\/#organization\",\"name\":\"Swissraft\",\"url\":\"https:\/\/www.swissraft.ch\/de\/\",\"logo\":{\"@type\":\"ImageObject\",\"inLanguage\":\"de\",\"@id\":\"https:\/\/www.swissraft.ch\/de\/#\/schema\/logo\/image\/\",\"url\":\"https:\/\/www.swissraft.ch\/wp-content\/uploads\/2025\/09\/Capture.jpg\",\"contentUrl\":\"https:\/\/www.swissraft.ch\/wp-content\/uploads\/2025\/09\/Capture.jpg\",\"width\":293,\"height\":108,\"caption\":\"Swissraft\"},\"image\":{\"@id\":\"https:\/\/www.swissraft.ch\/de\/#\/schema\/logo\/image\/\"}}]}<\/script>\n<!-- \/ Yoast SEO plugin. -->","yoast_head_json":{"title":"Bodyflying in Sitten. Identisch mit dem echten freien Fall","description":"Bodyflying in Sitten. Sie erleben die gleichen Empfindungen wie bei einem Fallschirmsprung mit einem freien Fall von mehreren Sekunden.","robots":{"index":"index","follow":"follow","max-snippet":"max-snippet:-1","max-image-preview":"max-image-preview:large","max-video-preview":"max-video-preview:-1"},"canonical":"https:\/\/www.swissraft.ch\/de\/produkt\/bodyflying-sitten\/","og_locale":"de_DE","og_type":"article","og_title":"Bodyflying in Sitten. Identisch mit dem echten freien Fall","og_description":"Bodyflying in Sitten. Sie erleben die gleichen Empfindungen wie bei einem Fallschirmsprung mit einem freien Fall von mehreren Sekunden.","og_url":"https:\/\/www.swissraft.ch\/de\/produkt\/bodyflying-sitten\/","og_site_name":"Swissraft","article_modified_time":"2026-04-30T02:20:51+00:00","og_image":[{"width":776,"height":776,"url":"https:\/\/www.swissraft.ch\/wp-content\/uploads\/2023\/02\/1-2-Realfly-776x776-1.jpg","type":"image\/jpeg"}],"twitter_card":"summary_large_image","twitter_misc":{"Gesch\u00e4tzte Lesezeit":"1\u00a0Minute"},"schema":{"@context":"https:\/\/schema.org","@graph":[{"@type":"WebPage","@id":"https:\/\/www.swissraft.ch\/de\/produkt\/bodyflying-sitten\/","url":"https:\/\/www.swissraft.ch\/de\/produkt\/bodyflying-sitten\/","name":"Bodyflying in Sitten. Identisch mit dem echten freien Fall","isPartOf":{"@id":"https:\/\/www.swissraft.ch\/de\/#website"},"primaryImageOfPage":{"@id":"https:\/\/www.swissraft.ch\/de\/produkt\/bodyflying-sitten\/#primaryimage"},"image":{"@id":"https:\/\/www.swissraft.ch\/de\/produkt\/bodyflying-sitten\/#primaryimage"},"thumbnailUrl":"https:\/\/www.swissraft.ch\/wp-content\/uploads\/2023\/02\/1-2-Realfly-776x776-1.jpg","datePublished":"2023-02-18T13:58:19+00:00","dateModified":"2026-04-30T02:20:51+00:00","description":"Bodyflying in Sitten. Sie erleben die gleichen Empfindungen wie bei einem Fallschirmsprung mit einem freien Fall von mehreren Sekunden.","breadcrumb":{"@id":"https:\/\/www.swissraft.ch\/de\/produkt\/bodyflying-sitten\/#breadcrumb"},"inLanguage":"de","potentialAction":[{"@type":"ReadAction","target":["https:\/\/www.swissraft.ch\/de\/produkt\/bodyflying-sitten\/"]}]},{"@type":"ImageObject","inLanguage":"de","@id":"https:\/\/www.swissraft.ch\/de\/produkt\/bodyflying-sitten\/#primaryimage","url":"https:\/\/www.swissraft.ch\/wp-content\/uploads\/2023\/02\/1-2-Realfly-776x776-1.jpg","contentUrl":"https:\/\/www.swissraft.ch\/wp-content\/uploads\/2023\/02\/1-2-Realfly-776x776-1.jpg","width":776,"height":776,"caption":"Bodyflying in Sitten"},{"@type":"BreadcrumbList","@id":"https:\/\/www.swissraft.ch\/de\/produkt\/bodyflying-sitten\/#breadcrumb","itemListElement":[{"@type":"ListItem","position":1,"name":"Accueil","item":"https:\/\/www.swissraft.ch\/de\/"},{"@type":"ListItem","position":2,"name":"Shop","item":"https:\/\/www.swissraft.ch\/de\/shop\/"},{"@type":"ListItem","position":3,"name":"Bodyflying &#8211; Sitten &#8211; Ab CHF 89.00"}]},{"@type":"WebSite","@id":"https:\/\/www.swissraft.ch\/de\/#website","url":"https:\/\/www.swissraft.ch\/de\/","name":"Swissraft","description":"To enjoy nature as it is","publisher":{"@id":"https:\/\/www.swissraft.ch\/de\/#organization"},"potentialAction":[{"@type":"SearchAction","target":{"@type":"EntryPoint","urlTemplate":"https:\/\/www.swissraft.ch\/de\/?s={search_term_string}"},"query-input":{"@type":"PropertyValueSpecification","valueRequired":true,"valueName":"search_term_string"}}],"inLanguage":"de"},{"@type":"Organization","@id":"https:\/\/www.swissraft.ch\/de\/#organization","name":"Swissraft","url":"https:\/\/www.swissraft.ch\/de\/","logo":{"@type":"ImageObject","inLanguage":"de","@id":"https:\/\/www.swissraft.ch\/de\/#\/schema\/logo\/image\/","url":"https:\/\/www.swissraft.ch\/wp-content\/uploads\/2025\/09\/Capture.jpg","contentUrl":"https:\/\/www.swissraft.ch\/wp-content\/uploads\/2025\/09\/Capture.jpg","width":293,"height":108,"caption":"Swissraft"},"image":{"@id":"https:\/\/www.swissraft.ch\/de\/#\/schema\/logo\/image\/"}}]}},"_links":{"self":[{"href":"https:\/\/www.swissraft.ch\/de\/wp-json\/wp\/v2\/product\/91565","targetHints":{"allow":["GET"]}}],"collection":[{"href":"https:\/\/www.swissraft.ch\/de\/wp-json\/wp\/v2\/product"}],"about":[{"href":"https:\/\/www.swissraft.ch\/de\/wp-json\/wp\/v2\/types\/product"}],"replies":[{"embeddable":true,"href":"https:\/\/www.swissraft.ch\/de\/wp-json\/wp\/v2\/comments?post=91565"}],"version-history":[{"count":15,"href":"https:\/\/www.swissraft.ch\/de\/wp-json\/wp\/v2\/product\/91565\/revisions"}],"predecessor-version":[{"id":142993,"href":"https:\/\/www.swissraft.ch\/de\/wp-json\/wp\/v2\/product\/91565\/revisions\/142993"}],"wp:featuredmedia":[{"embeddable":true,"href":"https:\/\/www.swissraft.ch\/de\/wp-json\/wp\/v2\/media\/89641"}],"wp:attachment":[{"href":"https:\/\/www.swissraft.ch\/de\/wp-json\/wp\/v2\/media?parent=91565"}],"wp:term":[{"taxonomy":"product_cat","embeddable":true,"href":"https:\/\/www.swissraft.ch\/de\/wp-json\/wp\/v2\/product_cat?post=91565"},{"taxonomy":"product_tag","embeddable":true,"href":"https:\/\/www.swissraft.ch\/de\/wp-json\/wp\/v2\/product_tag?post=91565"}],"curies":[{"name":"wp","href":"https:\/\/api.w.org\/{rel}","templated":true}]}}