{"id":91562,"date":"2023-02-18T12:28:37","date_gmt":"2023-02-18T11:28:37","guid":{"rendered":"https:\/\/swissraft.xyanzkdne.eu\/product\/fallschirmspringen-in-colombier-tandem-springen-aus-einem-flugzeug-ab-chf-430-00\/"},"modified":"2026-04-04T03:57:07","modified_gmt":"2026-04-04T01:57:07","slug":"colombier-tandemfallschirmsprung","status":"publish","type":"product","link":"https:\/\/www.swissraft.ch\/de\/produkt\/colombier-tandemfallschirmsprung\/","title":{"rendered":"Fallschirmspringen in COLOMBIER &#8211; TANDEMSPRUNG AUS EINEM FLUGZEUG &#8211; Ab CHF 430.00"},"content":{"rendered":"\t\t<div data-elementor-type=\"wp-post\" data-elementor-id=\"91562\" class=\"elementor elementor-91562 elementor-30904\">\n\t\t\t\t\t\t\t\t\t<section class=\"elementor-section elementor-top-section elementor-element elementor-element-3303a7e3 elementor-section-boxed elementor-section-height-default elementor-section-height-default\" data-id=\"3303a7e3\" data-element_type=\"section\">\n\t\t\t\t\t\t<div class=\"elementor-container elementor-column-gap-default\">\n\t\t\t\t\t<div class=\"elementor-column elementor-col-100 elementor-top-column elementor-element elementor-element-16d72dbf\" data-id=\"16d72dbf\" data-element_type=\"column\">\n\t\t\t<div class=\"elementor-widget-wrap elementor-element-populated\">\n\t\t\t\t\t\t\t\t<div class=\"elementor-element elementor-element-d743c03 elementor-widget elementor-widget-text-editor\" data-id=\"d743c03\" data-element_type=\"widget\" data-widget_type=\"text-editor.default\">\n\t\t\t\t<div class=\"elementor-widget-container\">\n\t\t\t\t\t\t\t<h2>W\u00c4HLEN SIE UNTEN IHRE AKTIVIT\u00c4T AUS, UM GESCHENKGUTSCHEINE \/ TICKETS ZU VERSCHENKEN ODER ZU BUCHEN<\/h2><table border=\"0\" width=\"580\" cellspacing=\"10\" cellpadding=\"10\"><tbody><tr><td width=\"50%\"><strong>1) TANDEMFALLSCHIRMSPRUNG &#8211; COLOMBIER<\/strong><\/td><td><strong>Ab CHF 430.00 pro Person<span class=\"productPrice\"><br \/><\/span><\/strong><\/td><\/tr><tr><td>Weitere Informationen<\/td><td>&#8211;<span class=\"plbl\"><span class=\"patt\"> Sportschuhe ohne Haken<br \/><\/span><\/span> &#8211;<span class=\"plbl\"><span class=\"patt\"> Nicht n\u00fcchtern sein<br \/>&#8211; Nicht unter dem Einfluss von Alkohol oder anderen Substanzen stehen<br \/>&#8211; Einverst\u00e4ndniserkl\u00e4rung der Eltern f\u00fcr Minderj\u00e4hrige<\/span><br \/>&#8211; Rabatt <\/span>: <span class=\"patt\">11 Tandemspr\u00fcnge (11te gratis)<\/span><\/td><\/tr><tr><td>Zeiten<\/td><td>Bei Ihrer Buchung w\u00e4hlen Sie die Uhrzeit aus<\/td><\/tr><tr><td>Dauer des freien Falls<\/td><td>ca. 50 Sekunden<\/td><\/tr><tr><td>Gesamtdauer<\/td><td>ca. 4 Std.<\/td><\/tr><tr><td>Flugplatz<\/td><td><a href=\"https:\/\/www.google.com\/maps\/place\/46%C2%B057'34.5%22N+6%C2%B052'00.1%22E\/@46.959673,6.8621592,770m\/data=!3m1!1e3!4m4!3m3!8m2!3d46.9595833!4d6.8666944?entry=ttu\" target=\"_blank\" rel=\"noopener\">Colombier<\/a><\/td><\/tr><tr><td><button class=\"elementor-button\" type=\"button\"><a href=\"https:\/\/swissraft.outdoorbooking.ch\/fo\/products\/952?base_id=42&amp;category_id=5&amp;order_type=gift_voucher&amp;lang=de\" target=\"_blank\" rel=\"noopener\">GUTSCHEIN \/ TICKET KAUFEN<\/a><\/button><\/td><td><a href=\"https:\/\/swissraft.outdoorbooking.ch\/fo\/products\/952?base_id=42&amp;category_id=5&amp;order_type=event&amp;lang=de\" target=\"_blank\" rel=\"noopener\">DAS DATUM DES SPRUNGES BUCHEN<\/a>\u00a0 <strong>CHF 430.00<\/strong>\/Pers.<\/td><\/tr><\/tbody><\/table><table border=\"0\" width=\"580\" cellspacing=\"10\" cellpadding=\"10\"><tbody><tr><td width=\"50%\"><strong>2) TANDEMFALLSCHIRMSPRUNG + VIDEO oder FOTOS &#8211; COLOMBIER<\/strong><\/td><td><strong>CHF 550.00 pro Person<span class=\"productPrice\"><br \/><\/span><\/strong><\/td><\/tr><tr><td>Zus\u00e4tzliche Informationen<\/td><td>&#8211;<span class=\"plbl\"><span class=\"patt\"> Sportschuhe ohne Haken<br \/><\/span><\/span> &#8211;<span class=\"plbl\"><span class=\"patt\"> Nicht n\u00fcchtern sein<br \/>&#8211; Nicht unter dem Einfluss von Alkohol oder anderen Substanzen stehen<br \/>&#8211; Einverst\u00e4ndniserkl\u00e4rung der Eltern f\u00fcr Minderj\u00e4hrige<\/span><br \/>&#8211; Rabatt <\/span>: <span class=\"patt\">11 Tandemspr\u00fcnge (11te gratis)<\/span><\/td><\/tr><tr><td>Zeiten<\/td><td>Bei Ihrer Buchung w\u00e4hlen Sie die Uhrzeit aus<\/td><\/tr><tr><td>Dauer des freien Falls<\/td><td>ca. 50 Sekunden<\/td><\/tr><tr><td>Gesamtdauer<\/td><td>ca. 4 Std.<\/td><\/tr><tr><td>Flugplatz<\/td><td><a href=\"https:\/\/www.google.com\/maps\/place\/46%C2%B057'34.5%22N+6%C2%B052'00.1%22E\/@46.959673,6.8621592,770m\/data=!3m1!1e3!4m4!3m3!8m2!3d46.9595833!4d6.8666944?entry=ttu\" target=\"_blank\" rel=\"noopener\">Colombier<\/a><\/td><\/tr><tr><td><button class=\"elementor-button\" type=\"button\"><a href=\"https:\/\/swissraft.outdoorbooking.ch\/fo\/products\/953?base_id=42&amp;category_id=5&amp;order_type=gift_voucher&amp;lang=de\" target=\"_blank\" rel=\"noopener\">GUTSCHEIN \/ TICKET KAUFEN<\/a><\/button><\/td><td><a href=\"https:\/\/swissraft.outdoorbooking.ch\/fo\/products\/953?base_id=42&amp;category_id=5&amp;order_type=event&amp;lang=de\" target=\"_blank\" rel=\"noopener\">DAS DATUM DES SPRUNGES BUCHEN<\/a>\u00a0 <strong>CHF 550.00<\/strong>\/Pers. mit Video oder Fotos\u00a0<\/td><\/tr><\/tbody><\/table><table border=\"0\" width=\"580\" cellspacing=\"10\" cellpadding=\"10\"><tbody><tr><td width=\"50%\"><strong>3) TANDEMFALLSCHIRMSPRUNG + VIDEO &amp; FOTOS &#8211; COLOMBIER<\/strong><\/td><td><strong>CHF 580.00 pro Person<span class=\"productPrice\"><br \/><\/span><\/strong><\/td><\/tr><tr><td>Weitere Informationen<\/td><td>&#8211;<span class=\"plbl\"><span class=\"patt\"> Sportschuhe ohne Haken<br \/><\/span><\/span> &#8211;<span class=\"plbl\"><span class=\"patt\"> Nicht n\u00fcchtern sein<br \/>&#8211; Nicht unter dem Einfluss von Alkohol oder anderen Substanzen stehen<br \/>&#8211; Einverst\u00e4ndniserkl\u00e4rung der Eltern f\u00fcr Minderj\u00e4hrige<\/span><br \/>&#8211; Rabatt <\/span>: <span class=\"patt\">11 Tandemspr\u00fcnge (11te gratis)<\/span><\/td><\/tr><tr><td>Zeiten<\/td><td>Bei Ihrer Buchung w\u00e4hlen Sie die Uhrzeit aus<\/td><\/tr><tr><td>Dauer des freien Falls<\/td><td>ca. 50 Sekunden<\/td><\/tr><tr><td>Gesamtdauer<\/td><td>ca. 4 Std.<\/td><\/tr><tr><td>Flugplatz<\/td><td><a href=\"https:\/\/www.google.com\/maps\/place\/46%C2%B057'34.5%22N+6%C2%B052'00.1%22E\/@46.959673,6.8621592,770m\/data=!3m1!1e3!4m4!3m3!8m2!3d46.9595833!4d6.8666944?entry=ttu\" target=\"_blank\" rel=\"noopener\">Colombier<\/a><\/td><\/tr><tr><td><button class=\"elementor-button\" type=\"button\"><a href=\"https:\/\/swissraft.outdoorbooking.ch\/fo\/products\/954?base_id=42&amp;category_id=5&amp;order_type=gift_voucher&amp;lang=de\" target=\"_blank\" rel=\"noopener\">GUTSCHEIN \/ TICKET KAUFEN<\/a><\/button><\/td><td><a href=\"https:\/\/swissraft.outdoorbooking.ch\/fo\/products\/954?base_id=42&amp;category_id=5&amp;order_type=event&amp;lang=de\" target=\"_blank\" rel=\"noopener\">DAS DATUM DES SPRUNGES BUCHEN<\/a>\u00a0 <strong>CHF 580.00<\/strong>\/Pers. mit Video &amp; Fotos<\/td><\/tr><\/tbody><\/table>\t\t\t\t\t\t<\/div>\n\t\t\t\t<\/div>\n\t\t\t\t\t<\/div>\n\t\t<\/div>\n\t\t\t\t\t\t\t<\/div>\n\t\t<\/section>\n\t\t\t\t\t\t\t<\/div>\n\t\t","protected":false},"excerpt":{"rendered":"<div align=\"justify\">\n<h2 align=\"justify\">Tandemsprung von Colombier am Neuenburgersee<\/h2>\n<h3>Machen Sie den gro\u00dfen Sprung und erleben Sie den Nervenkitzel Ihres Lebens mit einem Tandemfallschirmsprung.<\/h3>\n<\/div>\n<div align=\"justify\">\n<p>Unser Fluglehrer und Pilot begr\u00fc\u00dft Sie auf unserer Dropzone in Colombier. Sie sind w\u00e4hrend Ihres gesamten Abenteuers in seiner Begleitung. Zun\u00e4chst \u00fcben Sie mit ihm einige Bewegungen und Positionen Ihrer Arme und Ihres Kopfes. Dann gibt er Ihnen einen Gurt, der auf Ihre Gr\u00f6\u00dfe abgestimmt ist, sowie einen Helm und eine Schutzbrille. Dann setzen Sie sich in Begleitung Ihres Piloten in das Flugzeug mit anderen Tandems. Man schaut sich an, scherzt und der Stress wird langsam abgebaut. Sie k\u00f6nnen sich voll und ganz auf Ihren erfahrenen Piloten verlassen. Der Pilot des Flugzeugs gibt Gas und Sie heben ab ins Abenteuer. W\u00e4hrend des Fluges haben Sie die M\u00f6glichkeit, die Aussicht zu genie\u00dfen, die sich Ihnen bietet. Unter Ihren F\u00fc\u00dfen liegt der Neuenburger See und die Stadt. Das Flugzeug erreicht die Absprungh\u00f6he von 4000 m nach etwa 20 Minuten. Der gro\u00dfe Moment r\u00fcckt n\u00e4her und Ihr Pilot macht den letzten Check. Sie werden beide aus dem Flugzeug katapultiert und die Geschwindigkeit des freien Falls beginnt sich zu beschleunigen. Alles ist gut! Sie st\u00fcrzen mit einer Geschwindigkeit von fast 200 km\/h und ein Hochgef\u00fchl der Freude \u00fcberkommt Sie. In einer H\u00f6he von 1500 m bet\u00e4tigt Ihr Pilot die \u00d6ffnung des Fallschirms, die ohne Ersch\u00fctterung erfolgt. Die Geschwindigkeit reduziert sich auf weniger als 15 km\/h und Sie setzen den Abstieg unter Ihrem ge\u00f6ffneten Fallschirm ruhig fort. Ihr Pilot steuert Sie zur Dropzone von Colombier, wo Sie sanft im Sitzen landen. Denken Sie daran, eine Erinnerung an Ihre Erfahrung zu behalten, indem Sie Ihr Video bei Ihrer Buchung auf unserer Website bestellen. F\u00fcr diejenigen, die eine verst\u00e4ndliche Angst haben, bietet der Freifallsimulator ein \u00e4hnliches Gef\u00fchl. Wir haben einen Freifallsimulator in Sitten im Wallis und einen weiteren in der N\u00e4he von Z\u00fcrich in Winterthur.<\/p>\n<h3>W\u00e4hlen Sie auf unserer Swissraft-Website den Ort dieses fantastischen Erlebnisses, das Sie nicht unber\u00fchrt lassen wird.<\/h3>\n<p id=\"textarea\" style=\"display: none;\">\nEbenso springen wir in den Kanton Freiburg nach \u00c9cuvillens und \u00c9pagny im Greyerzerland. Im Berner Oberland springen wir \u00fcbrigens in Interlaken aus einem Helikopter und in Reichenbach aus einem Flugzeug mit einem Tandemfallschirm ab. Aber auch von den Flugpl\u00e4tzen Berom\u00fcnster und Triengen im Kanton Luzern. Dar\u00fcber hinaus springen wir auch in Bex im Kanton Waadt mit dem Fallschirm ab. Wir haben \u00fcbrigens Tandemspr\u00fcnge auf dem Flugplatz von Grenchen im Kanton Solothurn. Au\u00dferdem machen wir Tandemspr\u00fcnge im Wallis in Raron und Sitten. Dar\u00fcber hinaus haben wir eine Dropzone auf dem Flugplatz Sitterdorf in der Ostschweiz. Aber auch eine Dropzone vom Flugplatz Locarno-Magadino im Tessin aus. Au\u00dferdem bieten wir in Deutschland in der N\u00e4he von Basel Tandem-Fallschirmspr\u00fcnge von Rottweil aus an.\n<\/p>\n<p><a id=\"seeMore\" onclick=\"toggleSeeMore()\" href=\"javascript:void(0);\">Lesen Sie mehr<\/a><\/p>\n","protected":false},"featured_media":87865,"comment_status":"open","ping_status":"closed","template":"","meta":{"inline_featured_image":false,"_mi_skip_tracking":false},"product_cat":[292],"product_tag":[],"class_list":["post-91562","product","type-product","status-publish","has-post-thumbnail","hentry","product_cat-tandem-fallschirmsprung-tandemsprung"],"yoast_head":"<!-- This site is optimized with the Yoast SEO plugin v23.6 - https:\/\/yoast.com\/wordpress\/plugins\/seo\/ -->\n<title>Colombier-Tandemfallschirmsprung mit freiem Fall<\/title>\n<meta name=\"description\" content=\"Colombier-Tandemfallschirmsprung mit einem freien Fall von ca. 50 Sekunden. Wenn Sie ein au\u00dfergew\u00f6hnliches Abenteuer erleben m\u00f6chten sind richtig\" \/>\n<meta name=\"robots\" content=\"index, follow, max-snippet:-1, max-image-preview:large, max-video-preview:-1\" \/>\n<link rel=\"canonical\" href=\"https:\/\/www.swissraft.ch\/de\/produkt\/colombier-tandemfallschirmsprung\/\" \/>\n<meta property=\"og:locale\" content=\"de_DE\" \/>\n<meta property=\"og:type\" content=\"article\" \/>\n<meta property=\"og:title\" content=\"Colombier-Tandemfallschirmsprung mit freiem Fall\" \/>\n<meta property=\"og:description\" content=\"Colombier-Tandemfallschirmsprung mit einem freien Fall von ca. 50 Sekunden. Wenn Sie ein au\u00dfergew\u00f6hnliches Abenteuer erleben m\u00f6chten sind richtig\" \/>\n<meta property=\"og:url\" content=\"https:\/\/www.swissraft.ch\/de\/produkt\/colombier-tandemfallschirmsprung\/\" \/>\n<meta property=\"og:site_name\" content=\"Swissraft\" \/>\n<meta property=\"article:modified_time\" content=\"2026-04-04T01:57:07+00:00\" \/>\n<meta property=\"og:image\" content=\"https:\/\/www.swissraft.ch\/wp-content\/uploads\/2023\/02\/1-COLOMBIER-776x776-1.jpg\" \/>\n\t<meta property=\"og:image:width\" content=\"776\" \/>\n\t<meta property=\"og:image:height\" content=\"776\" \/>\n\t<meta property=\"og:image:type\" content=\"image\/jpeg\" \/>\n<meta name=\"twitter:card\" content=\"summary_large_image\" \/>\n<meta name=\"twitter:label1\" content=\"Gesch\u00e4tzte Lesezeit\" \/>\n\t<meta name=\"twitter:data1\" content=\"2\u00a0Minuten\" \/>\n<script type=\"application\/ld+json\" class=\"yoast-schema-graph\">{\"@context\":\"https:\/\/schema.org\",\"@graph\":[{\"@type\":\"WebPage\",\"@id\":\"https:\/\/www.swissraft.ch\/de\/produkt\/colombier-tandemfallschirmsprung\/\",\"url\":\"https:\/\/www.swissraft.ch\/de\/produkt\/colombier-tandemfallschirmsprung\/\",\"name\":\"Colombier-Tandemfallschirmsprung mit freiem Fall\",\"isPartOf\":{\"@id\":\"https:\/\/www.swissraft.ch\/de\/#website\"},\"primaryImageOfPage\":{\"@id\":\"https:\/\/www.swissraft.ch\/de\/produkt\/colombier-tandemfallschirmsprung\/#primaryimage\"},\"image\":{\"@id\":\"https:\/\/www.swissraft.ch\/de\/produkt\/colombier-tandemfallschirmsprung\/#primaryimage\"},\"thumbnailUrl\":\"https:\/\/www.swissraft.ch\/wp-content\/uploads\/2023\/02\/1-COLOMBIER-776x776-1.jpg\",\"datePublished\":\"2023-02-18T11:28:37+00:00\",\"dateModified\":\"2026-04-04T01:57:07+00:00\",\"description\":\"Colombier-Tandemfallschirmsprung mit einem freien Fall von ca. 50 Sekunden. Wenn Sie ein au\u00dfergew\u00f6hnliches Abenteuer erleben m\u00f6chten sind richtig\",\"breadcrumb\":{\"@id\":\"https:\/\/www.swissraft.ch\/de\/produkt\/colombier-tandemfallschirmsprung\/#breadcrumb\"},\"inLanguage\":\"de\",\"potentialAction\":[{\"@type\":\"ReadAction\",\"target\":[\"https:\/\/www.swissraft.ch\/de\/produkt\/colombier-tandemfallschirmsprung\/\"]}]},{\"@type\":\"ImageObject\",\"inLanguage\":\"de\",\"@id\":\"https:\/\/www.swissraft.ch\/de\/produkt\/colombier-tandemfallschirmsprung\/#primaryimage\",\"url\":\"https:\/\/www.swissraft.ch\/wp-content\/uploads\/2023\/02\/1-COLOMBIER-776x776-1.jpg\",\"contentUrl\":\"https:\/\/www.swissraft.ch\/wp-content\/uploads\/2023\/02\/1-COLOMBIER-776x776-1.jpg\",\"width\":776,\"height\":776,\"caption\":\"Tandem-Fallschirmsprung aus Colombier\"},{\"@type\":\"BreadcrumbList\",\"@id\":\"https:\/\/www.swissraft.ch\/de\/produkt\/colombier-tandemfallschirmsprung\/#breadcrumb\",\"itemListElement\":[{\"@type\":\"ListItem\",\"position\":1,\"name\":\"Accueil\",\"item\":\"https:\/\/www.swissraft.ch\/de\/\"},{\"@type\":\"ListItem\",\"position\":2,\"name\":\"Shop\",\"item\":\"https:\/\/www.swissraft.ch\/de\/shop\/\"},{\"@type\":\"ListItem\",\"position\":3,\"name\":\"Fallschirmspringen in COLOMBIER &#8211; TANDEMSPRUNG AUS EINEM FLUGZEUG &#8211; Ab CHF 430.00\"}]},{\"@type\":\"WebSite\",\"@id\":\"https:\/\/www.swissraft.ch\/de\/#website\",\"url\":\"https:\/\/www.swissraft.ch\/de\/\",\"name\":\"Swissraft\",\"description\":\"To enjoy nature as it is\",\"publisher\":{\"@id\":\"https:\/\/www.swissraft.ch\/de\/#organization\"},\"potentialAction\":[{\"@type\":\"SearchAction\",\"target\":{\"@type\":\"EntryPoint\",\"urlTemplate\":\"https:\/\/www.swissraft.ch\/de\/?s={search_term_string}\"},\"query-input\":{\"@type\":\"PropertyValueSpecification\",\"valueRequired\":true,\"valueName\":\"search_term_string\"}}],\"inLanguage\":\"de\"},{\"@type\":\"Organization\",\"@id\":\"https:\/\/www.swissraft.ch\/de\/#organization\",\"name\":\"Swissraft\",\"url\":\"https:\/\/www.swissraft.ch\/de\/\",\"logo\":{\"@type\":\"ImageObject\",\"inLanguage\":\"de\",\"@id\":\"https:\/\/www.swissraft.ch\/de\/#\/schema\/logo\/image\/\",\"url\":\"https:\/\/www.swissraft.ch\/wp-content\/uploads\/2025\/09\/Capture.jpg\",\"contentUrl\":\"https:\/\/www.swissraft.ch\/wp-content\/uploads\/2025\/09\/Capture.jpg\",\"width\":293,\"height\":108,\"caption\":\"Swissraft\"},\"image\":{\"@id\":\"https:\/\/www.swissraft.ch\/de\/#\/schema\/logo\/image\/\"}}]}<\/script>\n<!-- \/ Yoast SEO plugin. -->","yoast_head_json":{"title":"Colombier-Tandemfallschirmsprung mit freiem Fall","description":"Colombier-Tandemfallschirmsprung mit einem freien Fall von ca. 50 Sekunden. Wenn Sie ein au\u00dfergew\u00f6hnliches Abenteuer erleben m\u00f6chten sind richtig","robots":{"index":"index","follow":"follow","max-snippet":"max-snippet:-1","max-image-preview":"max-image-preview:large","max-video-preview":"max-video-preview:-1"},"canonical":"https:\/\/www.swissraft.ch\/de\/produkt\/colombier-tandemfallschirmsprung\/","og_locale":"de_DE","og_type":"article","og_title":"Colombier-Tandemfallschirmsprung mit freiem Fall","og_description":"Colombier-Tandemfallschirmsprung mit einem freien Fall von ca. 50 Sekunden. Wenn Sie ein au\u00dfergew\u00f6hnliches Abenteuer erleben m\u00f6chten sind richtig","og_url":"https:\/\/www.swissraft.ch\/de\/produkt\/colombier-tandemfallschirmsprung\/","og_site_name":"Swissraft","article_modified_time":"2026-04-04T01:57:07+00:00","og_image":[{"width":776,"height":776,"url":"https:\/\/www.swissraft.ch\/wp-content\/uploads\/2023\/02\/1-COLOMBIER-776x776-1.jpg","type":"image\/jpeg"}],"twitter_card":"summary_large_image","twitter_misc":{"Gesch\u00e4tzte Lesezeit":"2\u00a0Minuten"},"schema":{"@context":"https:\/\/schema.org","@graph":[{"@type":"WebPage","@id":"https:\/\/www.swissraft.ch\/de\/produkt\/colombier-tandemfallschirmsprung\/","url":"https:\/\/www.swissraft.ch\/de\/produkt\/colombier-tandemfallschirmsprung\/","name":"Colombier-Tandemfallschirmsprung mit freiem Fall","isPartOf":{"@id":"https:\/\/www.swissraft.ch\/de\/#website"},"primaryImageOfPage":{"@id":"https:\/\/www.swissraft.ch\/de\/produkt\/colombier-tandemfallschirmsprung\/#primaryimage"},"image":{"@id":"https:\/\/www.swissraft.ch\/de\/produkt\/colombier-tandemfallschirmsprung\/#primaryimage"},"thumbnailUrl":"https:\/\/www.swissraft.ch\/wp-content\/uploads\/2023\/02\/1-COLOMBIER-776x776-1.jpg","datePublished":"2023-02-18T11:28:37+00:00","dateModified":"2026-04-04T01:57:07+00:00","description":"Colombier-Tandemfallschirmsprung mit einem freien Fall von ca. 50 Sekunden. Wenn Sie ein au\u00dfergew\u00f6hnliches Abenteuer erleben m\u00f6chten sind richtig","breadcrumb":{"@id":"https:\/\/www.swissraft.ch\/de\/produkt\/colombier-tandemfallschirmsprung\/#breadcrumb"},"inLanguage":"de","potentialAction":[{"@type":"ReadAction","target":["https:\/\/www.swissraft.ch\/de\/produkt\/colombier-tandemfallschirmsprung\/"]}]},{"@type":"ImageObject","inLanguage":"de","@id":"https:\/\/www.swissraft.ch\/de\/produkt\/colombier-tandemfallschirmsprung\/#primaryimage","url":"https:\/\/www.swissraft.ch\/wp-content\/uploads\/2023\/02\/1-COLOMBIER-776x776-1.jpg","contentUrl":"https:\/\/www.swissraft.ch\/wp-content\/uploads\/2023\/02\/1-COLOMBIER-776x776-1.jpg","width":776,"height":776,"caption":"Tandem-Fallschirmsprung aus Colombier"},{"@type":"BreadcrumbList","@id":"https:\/\/www.swissraft.ch\/de\/produkt\/colombier-tandemfallschirmsprung\/#breadcrumb","itemListElement":[{"@type":"ListItem","position":1,"name":"Accueil","item":"https:\/\/www.swissraft.ch\/de\/"},{"@type":"ListItem","position":2,"name":"Shop","item":"https:\/\/www.swissraft.ch\/de\/shop\/"},{"@type":"ListItem","position":3,"name":"Fallschirmspringen in COLOMBIER &#8211; TANDEMSPRUNG AUS EINEM FLUGZEUG &#8211; Ab CHF 430.00"}]},{"@type":"WebSite","@id":"https:\/\/www.swissraft.ch\/de\/#website","url":"https:\/\/www.swissraft.ch\/de\/","name":"Swissraft","description":"To enjoy nature as it is","publisher":{"@id":"https:\/\/www.swissraft.ch\/de\/#organization"},"potentialAction":[{"@type":"SearchAction","target":{"@type":"EntryPoint","urlTemplate":"https:\/\/www.swissraft.ch\/de\/?s={search_term_string}"},"query-input":{"@type":"PropertyValueSpecification","valueRequired":true,"valueName":"search_term_string"}}],"inLanguage":"de"},{"@type":"Organization","@id":"https:\/\/www.swissraft.ch\/de\/#organization","name":"Swissraft","url":"https:\/\/www.swissraft.ch\/de\/","logo":{"@type":"ImageObject","inLanguage":"de","@id":"https:\/\/www.swissraft.ch\/de\/#\/schema\/logo\/image\/","url":"https:\/\/www.swissraft.ch\/wp-content\/uploads\/2025\/09\/Capture.jpg","contentUrl":"https:\/\/www.swissraft.ch\/wp-content\/uploads\/2025\/09\/Capture.jpg","width":293,"height":108,"caption":"Swissraft"},"image":{"@id":"https:\/\/www.swissraft.ch\/de\/#\/schema\/logo\/image\/"}}]}},"_links":{"self":[{"href":"https:\/\/www.swissraft.ch\/de\/wp-json\/wp\/v2\/product\/91562","targetHints":{"allow":["GET"]}}],"collection":[{"href":"https:\/\/www.swissraft.ch\/de\/wp-json\/wp\/v2\/product"}],"about":[{"href":"https:\/\/www.swissraft.ch\/de\/wp-json\/wp\/v2\/types\/product"}],"replies":[{"embeddable":true,"href":"https:\/\/www.swissraft.ch\/de\/wp-json\/wp\/v2\/comments?post=91562"}],"version-history":[{"count":21,"href":"https:\/\/www.swissraft.ch\/de\/wp-json\/wp\/v2\/product\/91562\/revisions"}],"predecessor-version":[{"id":136646,"href":"https:\/\/www.swissraft.ch\/de\/wp-json\/wp\/v2\/product\/91562\/revisions\/136646"}],"wp:featuredmedia":[{"embeddable":true,"href":"https:\/\/www.swissraft.ch\/de\/wp-json\/wp\/v2\/media\/87865"}],"wp:attachment":[{"href":"https:\/\/www.swissraft.ch\/de\/wp-json\/wp\/v2\/media?parent=91562"}],"wp:term":[{"taxonomy":"product_cat","embeddable":true,"href":"https:\/\/www.swissraft.ch\/de\/wp-json\/wp\/v2\/product_cat?post=91562"},{"taxonomy":"product_tag","embeddable":true,"href":"https:\/\/www.swissraft.ch\/de\/wp-json\/wp\/v2\/product_tag?post=91562"}],"curies":[{"name":"wp","href":"https:\/\/api.w.org\/{rel}","templated":true}]}}