{"id":91561,"date":"2023-02-18T14:41:06","date_gmt":"2023-02-18T13:41:06","guid":{"rendered":"https:\/\/swissraft.xyanzkdne.eu\/product\/fallschirmspringen-in-sion-tandem-sprung-aus-einem-flugzeug-kein-datum-zur-zeit\/"},"modified":"2026-04-26T18:55:37","modified_gmt":"2026-04-26T16:55:37","slug":"sitten-tandemfallschirmsprung","status":"publish","type":"product","link":"https:\/\/www.swissraft.ch\/de\/produkt\/sitten-tandemfallschirmsprung\/","title":{"rendered":"Fallschirmspringen &#8211; Sitten &#8211; Tandemsprung aus einem Flugzeug &#8211; Ab CHF 430.00"},"content":{"rendered":"\t\t<div data-elementor-type=\"wp-post\" data-elementor-id=\"91561\" class=\"elementor elementor-91561 elementor-30934\">\n\t\t\t\t\t\t\t\t\t<section class=\"elementor-section elementor-top-section elementor-element elementor-element-3303a7e3 elementor-section-boxed elementor-section-height-default elementor-section-height-default\" data-id=\"3303a7e3\" data-element_type=\"section\">\n\t\t\t\t\t\t<div class=\"elementor-container elementor-column-gap-default\">\n\t\t\t\t\t<div class=\"elementor-column elementor-col-100 elementor-top-column elementor-element elementor-element-16d72dbf\" data-id=\"16d72dbf\" data-element_type=\"column\">\n\t\t\t<div class=\"elementor-widget-wrap elementor-element-populated\">\n\t\t\t\t\t\t\t\t<div class=\"elementor-element elementor-element-d743c03 elementor-widget elementor-widget-text-editor\" data-id=\"d743c03\" data-element_type=\"widget\" data-widget_type=\"text-editor.default\">\n\t\t\t\t<div class=\"elementor-widget-container\">\n\t\t\t\t\t\t\t<h2>W\u00c4HLEN SIE UNTEN IHRE AKTIVIT\u00c4T AUS, UM GESCHENKGUTSCHEINE \/ TICKETS ZU VERSCHENKEN ODER ZU BUCHEN<\/h2><table border=\"0\" width=\"580\" cellspacing=\"10\" cellpadding=\"10\"><tbody><tr><td width=\"50%\"><strong>1) TANDEMFALLSCHIRMSPRUNG &#8211; SITTEN<\/strong><\/td><td><strong>CHF 430.00 pro Person<span class=\"productPrice\"><br \/><\/span><\/strong><\/td><\/tr><tr><td>Zus\u00e4tzliche Informationen<\/td><td>&#8211;<span class=\"plbl\"><span class=\"patt\"> Sportschuhe ohne Haken<br \/><\/span><\/span> &#8211;<span class=\"plbl\"><span class=\"patt\"> Nicht n\u00fcchtern sein<br \/>&#8211; Nicht unter dem Einfluss von Alkohol oder anderen Substanzen stehen<br \/>&#8211; Einverst\u00e4ndniserkl\u00e4rung der Eltern f\u00fcr Minderj\u00e4hrige<\/span><br \/>&#8211; Rabatt <\/span>: <span class=\"patt\">11 Tandemspr\u00fcnge (11te gratis)<\/span><\/td><\/tr><tr><td>Zeiten<\/td><td>Bei Ihrer Buchung w\u00e4hlen Sie die Uhrzeit aus<\/td><\/tr><tr><td>Dauer des freien Falls<\/td><td>ca. 50 Sekunden<\/td><\/tr><tr><td>Gesamtdauer<\/td><td>ca. 4 Std.<\/td><\/tr><tr><td>Flugplatz<\/td><td><a href=\"https:\/\/www.google.com\/maps\/place\/46%C2%B013'08.5%22N+7%C2%B019'10.7%22E\/@46.2191034,7.3149977,781m\/data=!3m1!1e3!4m4!3m3!8m2!3d46.2190278!4d7.3196389?entry=ttu\" target=\"_blank\" rel=\"noopener\">Sitten<\/a><\/td><\/tr><tr><td><button class=\"elementor-button\" type=\"button\"><a href=\"https:\/\/swissraft.outdoorbooking.ch\/fo\/products\/1669?base_id=250&amp;category_id=5&amp;order_type=gift_voucher&amp;lang=de\" target=\"_blank\" rel=\"noopener\">GUTSCHEIN \/ TICKET KAUFEN<\/a><\/button><\/td><td><a href=\"https:\/\/swissraft.outdoorbooking.ch\/fo\/products\/1669?base_id=250&amp;category_id=5&amp;order_type=event&amp;lang=de\" target=\"_blank\" rel=\"noopener\">DAS DATUM DES SPRUNGES BUCHEN<\/a>\u00a0 <strong>CHF 430.00<\/strong>\/Pers.<\/td><\/tr><\/tbody><\/table><table border=\"0\" width=\"580\" cellspacing=\"10\" cellpadding=\"10\"><tbody><tr><td width=\"50%\"><strong>2) TANDEMFALLSCHIRMSPRUNG + VIDEO &#8211; SITTEN<\/strong><\/td><td><strong>CHF 550.00 pro Person<span class=\"productPrice\"><br \/><\/span><\/strong><\/td><\/tr><tr><td>Zus\u00e4tzliche Informationen<\/td><td>&#8211;<span class=\"plbl\"><span class=\"patt\"> Sportschuhe ohne Haken<br \/><\/span><\/span> &#8211;<span class=\"plbl\"><span class=\"patt\"> Nicht n\u00fcchtern sein<br \/>&#8211; Nicht unter dem Einfluss von Alkohol oder anderen Substanzen stehen<br \/>&#8211; Einverst\u00e4ndniserkl\u00e4rung der Eltern f\u00fcr Minderj\u00e4hrige<\/span><br \/>&#8211; Rabatt <\/span>: <span class=\"patt\">11 Tandemspr\u00fcnge (11te gratis)<\/span><\/td><\/tr><tr><td>Zeiten<\/td><td>Bei Ihrer Buchung w\u00e4hlen Sie die Uhrzeit aus<\/td><\/tr><tr><td>Dauer des freien Falls<\/td><td>ca. 50 Sekunden<\/td><\/tr><tr><td>Gesamtdauer<\/td><td>ca. 4 Std.<\/td><\/tr><tr><td>Flugplatz<\/td><td><a href=\"https:\/\/www.google.com\/maps\/place\/46%C2%B013'08.5%22N+7%C2%B019'10.7%22E\/@46.2191034,7.3149977,781m\/data=!3m1!1e3!4m4!3m3!8m2!3d46.2190278!4d7.3196389?entry=ttu\" target=\"_blank\" rel=\"noopener\">Sitten<\/a><\/td><\/tr><tr><td><button class=\"elementor-button\" type=\"button\"><a href=\"https:\/\/swissraft.outdoorbooking.ch\/fo\/products\/1670?base_id=250&amp;category_id=5&amp;order_type=gift_voucher&amp;lang=de\" target=\"_blank\" rel=\"noopener\">GUTSCHEIN \/ TICKET KAUFEN<\/a><\/button><\/td><td><a href=\"https:\/\/swissraft.outdoorbooking.ch\/fo\/products\/1670?base_id=250&amp;category_id=5&amp;order_type=event&amp;lang=de\" target=\"_blank\" rel=\"noopener\">DAS DATUM DES SPRUNGES BUCHEN<\/a>\u00a0 <strong>CHF 550.00<\/strong>\/Pers.<\/td><\/tr><\/tbody><\/table><table border=\"0\" width=\"580\" cellspacing=\"10\" cellpadding=\"10\"><tbody><tr><td width=\"50%\"><strong>3) TANDEMFALLSCHIRMSPRUNG + VIDEO &amp; FOTOS &#8211; SITTEN<\/strong><\/td><td><strong>CHF 580.00 pro Person<span class=\"productPrice\"><br \/><\/span><\/strong><\/td><\/tr><tr><td>Zus\u00e4tzliche Informationen<\/td><td>&#8211;<span class=\"plbl\"><span class=\"patt\"> Sportschuhe ohne Haken<br \/><\/span><\/span> &#8211;<span class=\"plbl\"><span class=\"patt\"> Nicht n\u00fcchtern sein<br \/>&#8211; Nicht unter dem Einfluss von Alkohol oder anderen Substanzen stehen<br \/>&#8211; Einverst\u00e4ndniserkl\u00e4rung der Eltern f\u00fcr Minderj\u00e4hrige<\/span><br \/>&#8211; Rabatt <\/span>: <span class=\"patt\">11 Tandemspr\u00fcnge (11te gratis)<\/span><\/td><\/tr><tr><td>Zeiten<\/td><td>Bei Ihrer Buchung w\u00e4hlen Sie die Uhrzeit aus<\/td><\/tr><tr><td>Dauer des freien Falls<\/td><td>ca. 50 Sekunden<\/td><\/tr><tr><td>Gesamtdauer<\/td><td>ca. 4 Std.<\/td><\/tr><tr><td>Flugplatz<\/td><td><a href=\"https:\/\/www.google.com\/maps\/place\/46%C2%B013'08.5%22N+7%C2%B019'10.7%22E\/@46.2191034,7.3149977,781m\/data=!3m1!1e3!4m4!3m3!8m2!3d46.2190278!4d7.3196389?entry=ttu\" target=\"_blank\" rel=\"noopener\">Sitten<\/a><\/td><\/tr><tr><td><button class=\"elementor-button\" type=\"button\"><a href=\"https:\/\/swissraft.outdoorbooking.ch\/fo\/products\/1671?base_id=250&amp;category_id=5&amp;order_type=gift_voucher&amp;lang=de\" target=\"_blank\" rel=\"noopener\">GUTSCHEIN \/ TICKET KAUFEN<\/a><\/button><\/td><td><a href=\"https:\/\/swissraft.outdoorbooking.ch\/fo\/products\/1671?base_id=250&amp;category_id=5&amp;order_type=event&amp;lang=de\" target=\"_blank\" rel=\"noopener\">DAS DATUM DES SPRUNGES BUCHEN<\/a>\u00a0 <strong>CHF 580.00<\/strong>\/Pers.<\/td><\/tr><\/tbody><\/table>\t\t\t\t\t\t<\/div>\n\t\t\t\t<\/div>\n\t\t\t\t\t<\/div>\n\t\t<\/div>\n\t\t\t\t\t\t\t<\/div>\n\t\t<\/section>\n\t\t\t\t\t\t\t<\/div>\n\t\t","protected":false},"excerpt":{"rendered":"<div align=\"justify\">\n<h2 align=\"justify\">Im Wallis \u00fcber der Rhone-Ebene machen Sie einen Tandemsprung mit dem Fallschirm in Sitten.<\/h2>\n<h3>Fallschirmspringen ist eine Feier des Lebens und all der unglaublichen Erfahrungen, die es zu bieten hat.<\/h3>\n<\/div>\n<div align=\"justify\">\n<p>Sie werden bei Ihrer Ankunft am Flughafen Sion von einem Fluglehrer-Piloten betreut. Nachdem Sie sich vorgestellt haben, erhalten Sie ein Geschirr in Ihrer Gr\u00f6\u00dfe und die notwendige Ausr\u00fcstung. Dann \u00fcben Sie mit ihm einige Bewegungen und Positionen Ihres K\u00f6rpers und insbesondere des Kopfes f\u00fcr den freien Fall. Alles ist bereit, und Sie begeben sich auf den Weg zum Flugzeug. Sie nehmen an Bord Platz mit Ihrem Piloten sowie mit anderen Tandems, die sich wie Sie auf das gro\u00dfe Abenteuer freuen. An Bord des Flugzeugs herrscht eine fr\u00f6hliche Stimmung, eine Art, sich zu entspannen und zu vermeiden, dass man von einer kleinen Angst \u00fcberw\u00e4ltigt wird. Ihr erfahrener Pilot kann Sie beruhigen, wenn er das geringste Anzeichen von Besorgnis wahrnimmt. Es ist Teil seiner Ausbildung, das Vertrauen des Passagiers zu gewinnen. W\u00e4hrend des Aufstiegs \u00fcber das Rhone-Tal genie\u00dfen Sie die Landschaft, die sich Ihnen bietet. Das Flugzeug erreicht die H\u00f6he, die f\u00fcr einen sicheren Sprung erforderlich ist. Der Pilot des breiten Flugzeugs gibt das GO zum Absprung. Gemeinsam mit Ihrem Fluglehrer n\u00e4hern Sie sich der Abwurft\u00fcr. Er f\u00fchrt einen letzten Kontrollcheck durch und Sie fliegen gemeinsam aus dem Flugzeug. Dann beschleunigt sich alles: die Geschwindigkeit des freien Falls erreicht 200 km\/h, das Ger\u00e4usch des Windes wird lauter und pfeift in Ihren Ohren. Keine Sorge, Ihr Pilot steuert und stabilisiert den freien Fall meisterhaft. F\u00fcr Sie ist es eine Minute voller Aufregung, die Sie mit Freude erf\u00fcllt. Alle berechtigten Bef\u00fcrchtungen sind verschwunden. Sie erreichen eine H\u00f6he von 1500 m, bei der Ihr Pilot den Fallschirm \u00f6ffnet. Dank des Ausziehers erfolgt die \u00d6ffnung ohne harten Aufprall. Ihr Kameramann, wenn Sie ihn bestellt haben, entfernt sich mit 200 km\/h von Ihnen, bevor er seinen Fallschirm \u00f6ffnet. Die Landung erfolgt sanft auf unserer Dropzone in Sitten.<br \/>\nSie m\u00f6chten sich in dieses Abenteuer st\u00fcrzen, aber Sie sind noch ratlos. Kein Problem! Einen Freifallsimulator k\u00f6nnen Sie in Sitten oder Winterthur in der N\u00e4he von Z\u00fcrich besuchen. Die Empfindungen sind dem echten freien Fall sehr \u00e4hnlich.<\/p>\n<h3>Besuchen Sie unsere Website, wir bieten mehrere Flugpl\u00e4tze an, auf denen wir Tandem-Fallschirmspr\u00fcnge durchf\u00fchren.<\/h3>\n<p id=\"textarea\" style=\"display: none;\">\nEbenfalls im Wallis machen wir einen Tandemsprung in Raron. Vom Flugplatz Bex im Kanton Waadt aus machen wir einen Tandemsprung mit dem Fallschirm. Einerseits f\u00fchren wir Fallschirmspr\u00fcnge in \u00c9cuvillens und \u00c9pagny im Kanton Freiburg durch. Andererseits in Interlaken von einem Helikopter und auf dem Flugplatz Reichenbach von einem Flugzeug. Au\u00dferdem machen wir Tandemspr\u00fcnge von den Flugpl\u00e4tzen Triengen und Berom\u00fcnster im Kanton Luzern. Au\u00dferdem praktizieren wir Fallschirmspringen auf dem Flugplatz von Colombier am Neuenburgersee. \u00dcbrigens machen wir auch Tandem-Fallschirmspringen in Grenchen im Kanton Solothurn. Ebenso haben wir eine Dropzone auf dem Flugplatz Sitterdorf in der Ostschweiz. Dar\u00fcber hinaus betreiben wir Fallschirmspringen im Tessin vom Flugplatz Locarno-Magadino aus. Auch in Deutschland haben wir eine Dropzone in Rottweil in der N\u00e4he von Basel.\n<\/p>\n<p><a id=\"seeMore\" onclick=\"toggleSeeMore()\" href=\"javascript:void(0);\">Lesen Sie mehr<\/a><\/p>\n","protected":false},"featured_media":87913,"comment_status":"open","ping_status":"closed","template":"","meta":{"inline_featured_image":false,"_mi_skip_tracking":false},"product_cat":[292],"product_tag":[],"class_list":["post-91561","product","type-product","status-publish","has-post-thumbnail","hentry","product_cat-tandem-fallschirmsprung-tandemsprung"],"yoast_head":"<!-- This site is optimized with the Yoast SEO plugin v23.6 - https:\/\/yoast.com\/wordpress\/plugins\/seo\/ -->\n<title>Sitten-Tandemfallschirmsprung mit 50 Sekunden freiem Fall<\/title>\n<meta name=\"description\" content=\"Sitten-Tandemfallschirmsprung mit einem freien Fall von ca. 50 Sekunden. Sie lieben den Nervenkitzel und das Abenteuer, dann sind Sie richtig\" \/>\n<meta name=\"robots\" content=\"index, follow, max-snippet:-1, max-image-preview:large, max-video-preview:-1\" \/>\n<link rel=\"canonical\" href=\"https:\/\/www.swissraft.ch\/de\/produkt\/sitten-tandemfallschirmsprung\/\" \/>\n<meta property=\"og:locale\" content=\"de_DE\" \/>\n<meta property=\"og:type\" content=\"article\" \/>\n<meta property=\"og:title\" content=\"Sitten-Tandemfallschirmsprung mit 50 Sekunden freiem Fall\" \/>\n<meta property=\"og:description\" content=\"Sitten-Tandemfallschirmsprung mit einem freien Fall von ca. 50 Sekunden. Sie lieben den Nervenkitzel und das Abenteuer, dann sind Sie richtig\" \/>\n<meta property=\"og:url\" content=\"https:\/\/www.swissraft.ch\/de\/produkt\/sitten-tandemfallschirmsprung\/\" \/>\n<meta property=\"og:site_name\" content=\"Swissraft\" \/>\n<meta property=\"article:modified_time\" content=\"2026-04-26T16:55:37+00:00\" \/>\n<meta property=\"og:image\" content=\"https:\/\/www.swissraft.ch\/wp-content\/uploads\/2023\/02\/1-SITEN-776x776-1.jpg\" \/>\n\t<meta property=\"og:image:width\" content=\"776\" \/>\n\t<meta property=\"og:image:height\" content=\"776\" \/>\n\t<meta property=\"og:image:type\" content=\"image\/jpeg\" \/>\n<meta name=\"twitter:card\" content=\"summary_large_image\" \/>\n<meta name=\"twitter:label1\" content=\"Gesch\u00e4tzte Lesezeit\" \/>\n\t<meta name=\"twitter:data1\" content=\"2\u00a0Minuten\" \/>\n<script type=\"application\/ld+json\" class=\"yoast-schema-graph\">{\"@context\":\"https:\/\/schema.org\",\"@graph\":[{\"@type\":\"WebPage\",\"@id\":\"https:\/\/www.swissraft.ch\/de\/produkt\/sitten-tandemfallschirmsprung\/\",\"url\":\"https:\/\/www.swissraft.ch\/de\/produkt\/sitten-tandemfallschirmsprung\/\",\"name\":\"Sitten-Tandemfallschirmsprung mit 50 Sekunden freiem Fall\",\"isPartOf\":{\"@id\":\"https:\/\/www.swissraft.ch\/de\/#website\"},\"primaryImageOfPage\":{\"@id\":\"https:\/\/www.swissraft.ch\/de\/produkt\/sitten-tandemfallschirmsprung\/#primaryimage\"},\"image\":{\"@id\":\"https:\/\/www.swissraft.ch\/de\/produkt\/sitten-tandemfallschirmsprung\/#primaryimage\"},\"thumbnailUrl\":\"https:\/\/www.swissraft.ch\/wp-content\/uploads\/2023\/02\/1-SITEN-776x776-1.jpg\",\"datePublished\":\"2023-02-18T13:41:06+00:00\",\"dateModified\":\"2026-04-26T16:55:37+00:00\",\"description\":\"Sitten-Tandemfallschirmsprung mit einem freien Fall von ca. 50 Sekunden. Sie lieben den Nervenkitzel und das Abenteuer, dann sind Sie richtig\",\"breadcrumb\":{\"@id\":\"https:\/\/www.swissraft.ch\/de\/produkt\/sitten-tandemfallschirmsprung\/#breadcrumb\"},\"inLanguage\":\"de\",\"potentialAction\":[{\"@type\":\"ReadAction\",\"target\":[\"https:\/\/www.swissraft.ch\/de\/produkt\/sitten-tandemfallschirmsprung\/\"]}]},{\"@type\":\"ImageObject\",\"inLanguage\":\"de\",\"@id\":\"https:\/\/www.swissraft.ch\/de\/produkt\/sitten-tandemfallschirmsprung\/#primaryimage\",\"url\":\"https:\/\/www.swissraft.ch\/wp-content\/uploads\/2023\/02\/1-SITEN-776x776-1.jpg\",\"contentUrl\":\"https:\/\/www.swissraft.ch\/wp-content\/uploads\/2023\/02\/1-SITEN-776x776-1.jpg\",\"width\":776,\"height\":776,\"caption\":\"Sitten-Tandemfallschirmsprung\"},{\"@type\":\"BreadcrumbList\",\"@id\":\"https:\/\/www.swissraft.ch\/de\/produkt\/sitten-tandemfallschirmsprung\/#breadcrumb\",\"itemListElement\":[{\"@type\":\"ListItem\",\"position\":1,\"name\":\"Accueil\",\"item\":\"https:\/\/www.swissraft.ch\/de\/\"},{\"@type\":\"ListItem\",\"position\":2,\"name\":\"Shop\",\"item\":\"https:\/\/www.swissraft.ch\/de\/shop\/\"},{\"@type\":\"ListItem\",\"position\":3,\"name\":\"Fallschirmspringen &#8211; Sitten &#8211; Tandemsprung aus einem Flugzeug &#8211; Ab CHF 430.00\"}]},{\"@type\":\"WebSite\",\"@id\":\"https:\/\/www.swissraft.ch\/de\/#website\",\"url\":\"https:\/\/www.swissraft.ch\/de\/\",\"name\":\"Swissraft\",\"description\":\"To enjoy nature as it is\",\"publisher\":{\"@id\":\"https:\/\/www.swissraft.ch\/de\/#organization\"},\"potentialAction\":[{\"@type\":\"SearchAction\",\"target\":{\"@type\":\"EntryPoint\",\"urlTemplate\":\"https:\/\/www.swissraft.ch\/de\/?s={search_term_string}\"},\"query-input\":{\"@type\":\"PropertyValueSpecification\",\"valueRequired\":true,\"valueName\":\"search_term_string\"}}],\"inLanguage\":\"de\"},{\"@type\":\"Organization\",\"@id\":\"https:\/\/www.swissraft.ch\/de\/#organization\",\"name\":\"Swissraft\",\"url\":\"https:\/\/www.swissraft.ch\/de\/\",\"logo\":{\"@type\":\"ImageObject\",\"inLanguage\":\"de\",\"@id\":\"https:\/\/www.swissraft.ch\/de\/#\/schema\/logo\/image\/\",\"url\":\"https:\/\/www.swissraft.ch\/wp-content\/uploads\/2025\/09\/Capture.jpg\",\"contentUrl\":\"https:\/\/www.swissraft.ch\/wp-content\/uploads\/2025\/09\/Capture.jpg\",\"width\":293,\"height\":108,\"caption\":\"Swissraft\"},\"image\":{\"@id\":\"https:\/\/www.swissraft.ch\/de\/#\/schema\/logo\/image\/\"}}]}<\/script>\n<!-- \/ Yoast SEO plugin. -->","yoast_head_json":{"title":"Sitten-Tandemfallschirmsprung mit 50 Sekunden freiem Fall","description":"Sitten-Tandemfallschirmsprung mit einem freien Fall von ca. 50 Sekunden. Sie lieben den Nervenkitzel und das Abenteuer, dann sind Sie richtig","robots":{"index":"index","follow":"follow","max-snippet":"max-snippet:-1","max-image-preview":"max-image-preview:large","max-video-preview":"max-video-preview:-1"},"canonical":"https:\/\/www.swissraft.ch\/de\/produkt\/sitten-tandemfallschirmsprung\/","og_locale":"de_DE","og_type":"article","og_title":"Sitten-Tandemfallschirmsprung mit 50 Sekunden freiem Fall","og_description":"Sitten-Tandemfallschirmsprung mit einem freien Fall von ca. 50 Sekunden. Sie lieben den Nervenkitzel und das Abenteuer, dann sind Sie richtig","og_url":"https:\/\/www.swissraft.ch\/de\/produkt\/sitten-tandemfallschirmsprung\/","og_site_name":"Swissraft","article_modified_time":"2026-04-26T16:55:37+00:00","og_image":[{"width":776,"height":776,"url":"https:\/\/www.swissraft.ch\/wp-content\/uploads\/2023\/02\/1-SITEN-776x776-1.jpg","type":"image\/jpeg"}],"twitter_card":"summary_large_image","twitter_misc":{"Gesch\u00e4tzte Lesezeit":"2\u00a0Minuten"},"schema":{"@context":"https:\/\/schema.org","@graph":[{"@type":"WebPage","@id":"https:\/\/www.swissraft.ch\/de\/produkt\/sitten-tandemfallschirmsprung\/","url":"https:\/\/www.swissraft.ch\/de\/produkt\/sitten-tandemfallschirmsprung\/","name":"Sitten-Tandemfallschirmsprung mit 50 Sekunden freiem Fall","isPartOf":{"@id":"https:\/\/www.swissraft.ch\/de\/#website"},"primaryImageOfPage":{"@id":"https:\/\/www.swissraft.ch\/de\/produkt\/sitten-tandemfallschirmsprung\/#primaryimage"},"image":{"@id":"https:\/\/www.swissraft.ch\/de\/produkt\/sitten-tandemfallschirmsprung\/#primaryimage"},"thumbnailUrl":"https:\/\/www.swissraft.ch\/wp-content\/uploads\/2023\/02\/1-SITEN-776x776-1.jpg","datePublished":"2023-02-18T13:41:06+00:00","dateModified":"2026-04-26T16:55:37+00:00","description":"Sitten-Tandemfallschirmsprung mit einem freien Fall von ca. 50 Sekunden. Sie lieben den Nervenkitzel und das Abenteuer, dann sind Sie richtig","breadcrumb":{"@id":"https:\/\/www.swissraft.ch\/de\/produkt\/sitten-tandemfallschirmsprung\/#breadcrumb"},"inLanguage":"de","potentialAction":[{"@type":"ReadAction","target":["https:\/\/www.swissraft.ch\/de\/produkt\/sitten-tandemfallschirmsprung\/"]}]},{"@type":"ImageObject","inLanguage":"de","@id":"https:\/\/www.swissraft.ch\/de\/produkt\/sitten-tandemfallschirmsprung\/#primaryimage","url":"https:\/\/www.swissraft.ch\/wp-content\/uploads\/2023\/02\/1-SITEN-776x776-1.jpg","contentUrl":"https:\/\/www.swissraft.ch\/wp-content\/uploads\/2023\/02\/1-SITEN-776x776-1.jpg","width":776,"height":776,"caption":"Sitten-Tandemfallschirmsprung"},{"@type":"BreadcrumbList","@id":"https:\/\/www.swissraft.ch\/de\/produkt\/sitten-tandemfallschirmsprung\/#breadcrumb","itemListElement":[{"@type":"ListItem","position":1,"name":"Accueil","item":"https:\/\/www.swissraft.ch\/de\/"},{"@type":"ListItem","position":2,"name":"Shop","item":"https:\/\/www.swissraft.ch\/de\/shop\/"},{"@type":"ListItem","position":3,"name":"Fallschirmspringen &#8211; Sitten &#8211; Tandemsprung aus einem Flugzeug &#8211; Ab CHF 430.00"}]},{"@type":"WebSite","@id":"https:\/\/www.swissraft.ch\/de\/#website","url":"https:\/\/www.swissraft.ch\/de\/","name":"Swissraft","description":"To enjoy nature as it is","publisher":{"@id":"https:\/\/www.swissraft.ch\/de\/#organization"},"potentialAction":[{"@type":"SearchAction","target":{"@type":"EntryPoint","urlTemplate":"https:\/\/www.swissraft.ch\/de\/?s={search_term_string}"},"query-input":{"@type":"PropertyValueSpecification","valueRequired":true,"valueName":"search_term_string"}}],"inLanguage":"de"},{"@type":"Organization","@id":"https:\/\/www.swissraft.ch\/de\/#organization","name":"Swissraft","url":"https:\/\/www.swissraft.ch\/de\/","logo":{"@type":"ImageObject","inLanguage":"de","@id":"https:\/\/www.swissraft.ch\/de\/#\/schema\/logo\/image\/","url":"https:\/\/www.swissraft.ch\/wp-content\/uploads\/2025\/09\/Capture.jpg","contentUrl":"https:\/\/www.swissraft.ch\/wp-content\/uploads\/2025\/09\/Capture.jpg","width":293,"height":108,"caption":"Swissraft"},"image":{"@id":"https:\/\/www.swissraft.ch\/de\/#\/schema\/logo\/image\/"}}]}},"_links":{"self":[{"href":"https:\/\/www.swissraft.ch\/de\/wp-json\/wp\/v2\/product\/91561","targetHints":{"allow":["GET"]}}],"collection":[{"href":"https:\/\/www.swissraft.ch\/de\/wp-json\/wp\/v2\/product"}],"about":[{"href":"https:\/\/www.swissraft.ch\/de\/wp-json\/wp\/v2\/types\/product"}],"replies":[{"embeddable":true,"href":"https:\/\/www.swissraft.ch\/de\/wp-json\/wp\/v2\/comments?post=91561"}],"version-history":[{"count":27,"href":"https:\/\/www.swissraft.ch\/de\/wp-json\/wp\/v2\/product\/91561\/revisions"}],"predecessor-version":[{"id":142157,"href":"https:\/\/www.swissraft.ch\/de\/wp-json\/wp\/v2\/product\/91561\/revisions\/142157"}],"wp:featuredmedia":[{"embeddable":true,"href":"https:\/\/www.swissraft.ch\/de\/wp-json\/wp\/v2\/media\/87913"}],"wp:attachment":[{"href":"https:\/\/www.swissraft.ch\/de\/wp-json\/wp\/v2\/media?parent=91561"}],"wp:term":[{"taxonomy":"product_cat","embeddable":true,"href":"https:\/\/www.swissraft.ch\/de\/wp-json\/wp\/v2\/product_cat?post=91561"},{"taxonomy":"product_tag","embeddable":true,"href":"https:\/\/www.swissraft.ch\/de\/wp-json\/wp\/v2\/product_tag?post=91561"}],"curies":[{"name":"wp","href":"https:\/\/api.w.org\/{rel}","templated":true}]}}