{"id":91558,"date":"2023-02-18T14:27:52","date_gmt":"2023-02-18T13:27:52","guid":{"rendered":"https:\/\/swissraft.xyanzkdne.eu\/product\/fallschirmspringen-in-rarogne-tandem-springen-aus-einem-flugzeug-ab-chf-430-00\/"},"modified":"2026-04-26T18:42:39","modified_gmt":"2026-04-26T16:42:39","slug":"raron-tandemfallschirmsprung","status":"publish","type":"product","link":"https:\/\/www.swissraft.ch\/de\/produkt\/raron-tandemfallschirmsprung\/","title":{"rendered":"Fallschirmspringen &#8211; Raron &#8211; Tandemspring aus einem Flugzeug &#8211; Ab CHF 430.00"},"content":{"rendered":"\t\t<div data-elementor-type=\"wp-post\" data-elementor-id=\"91558\" class=\"elementor elementor-91558 elementor-30928\">\n\t\t\t\t\t\t\t\t\t<section class=\"elementor-section elementor-top-section elementor-element elementor-element-3303a7e3 elementor-section-boxed elementor-section-height-default elementor-section-height-default\" data-id=\"3303a7e3\" data-element_type=\"section\">\n\t\t\t\t\t\t<div class=\"elementor-container elementor-column-gap-default\">\n\t\t\t\t\t<div class=\"elementor-column elementor-col-100 elementor-top-column elementor-element elementor-element-16d72dbf\" data-id=\"16d72dbf\" data-element_type=\"column\">\n\t\t\t<div class=\"elementor-widget-wrap elementor-element-populated\">\n\t\t\t\t\t\t\t\t<div class=\"elementor-element elementor-element-d743c03 elementor-widget elementor-widget-text-editor\" data-id=\"d743c03\" data-element_type=\"widget\" data-widget_type=\"text-editor.default\">\n\t\t\t\t<div class=\"elementor-widget-container\">\n\t\t\t\t\t\t\t<h2>W\u00c4HLEN SIE UNTEN IHRE AKTIVIT\u00c4T AUS, UM GESCHENKGUTSCHEINE \/ TICKETS ZU VERSCHENKEN ODER ZU BUCHEN<\/h2><table border=\"0\" width=\"580\" cellspacing=\"10\" cellpadding=\"10\"><tbody><tr><td width=\"50%\"><strong>TANDEMFALLSCHIRMSPRUNG &#8211; RARON<\/strong><\/td><td><strong>CHF 430.00 pro Person<span class=\"productPrice\"><br \/><\/span><\/strong><\/td><\/tr><tr><td>Zus\u00e4tzliche Informationen<\/td><td>&#8211;<span class=\"plbl\"><span class=\"patt\"> Sportschuhe ohne Haken<br \/>&#8211; Sie d\u00fcrfen nicht n\u00fcchtern sein<br \/>&#8211; Sie d\u00fcrfen nicht unter dem Einfluss von Alkohol oder anderen Substanzen stehen<br \/>&#8211; Einverst\u00e4ndniserkl\u00e4rung der Eltern f\u00fcr Minderj\u00e4hrige<\/span><br \/>&#8211; Rabatt <\/span>: <span class=\"patt\">11 Tandemspr\u00fcnge (11te Sprung gratis)<\/span><\/td><\/tr><tr><td>Zeiten<\/td><td>Bei Ihrer Buchung w\u00e4hlen Sie die Uhrzeit aus<\/td><\/tr><tr><td>Dauer des freien Falls<\/td><td>ca. 50 Sekunden<\/td><\/tr><tr><td>Gesamtdauer<\/td><td>ca. 4 Std.<\/td><\/tr><tr><td>Flugplatz<\/td><td><a href=\"https:\/\/www.google.com\/maps\/place\/46%C2%B018'13.6%22N+7%C2%B049'18.7%22E\/@46.3040916,7.8029056,3119m\/data=!3m1!1e3!4m4!3m3!8m2!3d46.3037778!4d7.8218611?entry=ttu\" target=\"_blank\" rel=\"noopener\">Raron<\/a><\/td><\/tr><tr><td><button class=\"elementor-button\" type=\"button\"><a href=\"https:\/\/swissraft.outdoorbooking.ch\/fo\/products\/1672?base_id=249&amp;category_id=5&amp;order_type=gift_voucher&amp;lang=de\" target=\"_blank\" rel=\"noopener\">GUTSCHEIN \/ TICKET KAUFEN<\/a><\/button><\/td><td><a href=\"https:\/\/swissraft.outdoorbooking.ch\/fo\/products\/1672?base_id=249&amp;category_id=5&amp;order_type=event&amp;lang=de\" target=\"_blank\" rel=\"noopener\">DAS DATUM DES SPRUNGES BUCHEN<\/a>\u00a0 <strong>CHF 430.00<\/strong>\/Pers.<\/td><\/tr><tr><td><button class=\"elementor-button\" type=\"button\"><a href=\"https:\/\/swissraft.outdoorbooking.ch\/fo\/products\/1673?base_id=249&amp;category_id=5&amp;order_type=gift_voucher&amp;lang=de\" target=\"_blank\" rel=\"noopener\">GUTSCHEIN \/ TICKET KAUFEN<\/a><\/button><\/td><td><a href=\"https:\/\/swissraft.outdoorbooking.ch\/fo\/products\/1673?base_id=249&amp;category_id=5&amp;order_type=event&amp;lang=de\" target=\"_blank\" rel=\"noopener\">DAS DATUM DES SPRUNGES BUCHEN<\/a>\u00a0 <strong>CHF 550.00<\/strong>\/Pers. mit Video<\/td><\/tr><tr><td><button class=\"elementor-button\" type=\"button\"><a href=\"https:\/\/swissraft.outdoorbooking.ch\/fo\/products\/1674?base_id=249&amp;category_id=5&amp;order_type=gift_voucher&amp;lang=de\" target=\"_blank\" rel=\"noopener\">GUTSCHEIN \/ TICKET KAUFEN<\/a><\/button><\/td><td><a href=\"https:\/\/swissraft.outdoorbooking.ch\/fo\/products\/1674?base_id=249&amp;category_id=5&amp;order_type=event&amp;lang=de\" target=\"_blank\" rel=\"noopener\">DAS DATUM DES SPRUNGES BUCHEN<\/a>\u00a0 <strong>CHF 580.00<\/strong>\/Pers. mit Video &amp; Fotos<\/td><\/tr><\/tbody><\/table>\t\t\t\t\t\t<\/div>\n\t\t\t\t<\/div>\n\t\t\t\t\t<\/div>\n\t\t<\/div>\n\t\t\t\t\t\t\t<\/div>\n\t\t<\/section>\n\t\t\t\t\t\t\t<\/div>\n\t\t","protected":false},"excerpt":{"rendered":"<div align=\"justify\">\n<h2 align=\"justify\">Machen Sie einen Tandemsprung mit dem Fallschirm in Raron im Wallis \u00fcber dem Rhonetal.<\/h2>\n<h3>Dies ist eine Gelegenheit, Ihre Angst zu \u00fcberwinden, indem Sie Ihre Komfortzone verlassen. Wagen Sie etwas, was Ihnen unm\u00f6glich erscheint. Fallschirmspringen kann Ihr Leben ver\u00e4ndern<\/h3>\n<\/div>\n<div align=\"justify\">\n<p>Bei Ihrer Ankunft am Flughafen Raron wird Ihnen ein Fluglehrer zugeteilt, der Sie vom Anfang bis zum Ende dieses Abenteuers begleitet. Er ist derjenige, der Ihnen die gesamte Sicherheitsausr\u00fcstung mit einem auf Ihre Gr\u00f6\u00dfe zugeschnittenen Geschirr zur Verf\u00fcgung stellt. Zweitens wird Ihr Lehrer Ihnen zeigen, wie Sie Ihre Arme und Ihren Kopf w\u00e4hrend des freien Falls positionieren m\u00fcssen. Dann setzen Sie sich mit Ihrem Fluglehrer in das Flugzeug. Das Flugzeug am Ende der Landebahn beginnt zu rollen, nimmt an Geschwindigkeit zu und hebt schnell mit mehreren Tandems an Bord ab. Die Stimmung ist ausgelassen, w\u00e4hrend wir darauf warten, die Sprungh\u00f6he von 4000 m zu erreichen. W\u00e4hrend des Aufstiegs sehen Sie unter sich die Rhone-Ebene. Dann startet der Pilot des Flugzeugs das GO, das bedeutet, dass Sie springen k\u00f6nnen. Ihr Fluglehrer macht einen letzten Check, bevor er sich zur Flugzeugt\u00fcr begibt. Dann katapultieren Sie sich beide aus der Kabine. Die Geschwindigkeit steigt schnell auf fast 200 km\/h an. Ein Adrenalinsto\u00df durchflutet Sie f\u00fcr eine Sekunde und Sie halten f\u00fcr einen Moment den Atem an. Alles ist in Ordnung! Der freie Fall dauert etwa 50 Sekunden und der Kameramann, der Ihnen folgt, filmt den gesamten freien Fall. Sie erreichen eine H\u00f6he von 1500 m und es ist Zeit f\u00fcr den Piloten, die \u00d6ffnung des Fallschirms zu bet\u00e4tigen.<br \/>\nDann folgt eine fast v\u00f6llige Stille und Sie erkennen, dass Sie diesen Sprung gemacht haben und \u00fcberwinden Ihre Angst. Ihr Pilot landet sehr sanft auf der Dropzone von Raron. Um diese Erinnerung zu bewahren, vergessen Sie nicht, bei Ihrer Buchung auf unserer Website ein Video oder Fotos zu bestellen. Wenn Sie sich in das Abenteuer st\u00fcrzen wollen, aber noch etwas z\u00f6gern, dann ist der Flugsimulator genau das Richtige f\u00fcr Sie. Mit der heutigen Technologie ist es m\u00f6glich, den freien Fall in einem Windkanal zu simulieren und dabei fast das gleiche Gef\u00fchl zu haben. Wir besitzen zwei Freifallsimulatoren, einen in Sion und einen in Winterthur.<\/p>\n<h3>Swissraft bietet Ihnen auf seiner Website ein gutes Dutzend Dropzones in der Schweiz auf verschiedenen Flugpl\u00e4tzen.<\/h3>\n<p id=\"textarea\" style=\"display: none;\">\nDar\u00fcber hinaus haben wir auch eine Dropzone am Flughafen Sitten. Aber auch auf dem Flugplatz von Bex im Kanton Waadt. Wir f\u00fchren Fallschirmspr\u00fcnge in \u00c9cuvillens und \u00c9pagny im Kanton Freiburg durch. Aber auch Interlaken vom Helikopter aus und der Flugplatz Reichenbach von einem Flugzeug aus. Au\u00dferdem springen wir von den Flugpl\u00e4tzen Berom\u00fcnster und Triengen im Kanton Luzern ab. Parallel dazu machen wir einen Tandemsprung in Colombier am Neuenburgersee. Wir fliegen \u00fcbrigens auch Tandem-Fallschirmspr\u00fcnge im Kanton Solothurn vom Flugplatz Grenchen aus.<br \/>\nDar\u00fcber hinaus haben wir eine Dropzone auf dem Flugplatz Sitterdorf in Thurgau. Aber auch auf dem Flugplatz Locarno-Magadino im Tessin. Sowie in Deutschland von Rottweil in der N\u00e4he von Basel.\n<\/p>\n<p><a id=\"seeMore\" onclick=\"toggleSeeMore()\" href=\"javascript:void(0);\">Lesen Sie mehr<\/a><\/p>\n","protected":false},"featured_media":87895,"comment_status":"open","ping_status":"closed","template":"","meta":{"inline_featured_image":false,"_mi_skip_tracking":false},"product_cat":[292],"product_tag":[],"class_list":["post-91558","product","type-product","status-publish","has-post-thumbnail","hentry","product_cat-tandem-fallschirmsprung-tandemsprung"],"yoast_head":"<!-- This site is optimized with the Yoast SEO plugin v23.6 - https:\/\/yoast.com\/wordpress\/plugins\/seo\/ -->\n<title>Raron-Tandemfallschirmsprung mit 50 Sekunden freiem Fall<\/title>\n<meta name=\"description\" content=\"Raron-Tandemfallschirmsprung mit 50 Sekunden freiem Fall. Dies ist ein Erlebnis, das Sie nicht kalt l\u00e4sst. Adrenalinsto\u00df garantiert\" \/>\n<meta name=\"robots\" content=\"index, follow, max-snippet:-1, max-image-preview:large, max-video-preview:-1\" \/>\n<link rel=\"canonical\" href=\"https:\/\/www.swissraft.ch\/de\/produkt\/raron-tandemfallschirmsprung\/\" \/>\n<meta property=\"og:locale\" content=\"de_DE\" \/>\n<meta property=\"og:type\" content=\"article\" \/>\n<meta property=\"og:title\" content=\"Raron-Tandemfallschirmsprung mit 50 Sekunden freiem Fall\" \/>\n<meta property=\"og:description\" content=\"Raron-Tandemfallschirmsprung mit 50 Sekunden freiem Fall. Dies ist ein Erlebnis, das Sie nicht kalt l\u00e4sst. Adrenalinsto\u00df garantiert\" \/>\n<meta property=\"og:url\" content=\"https:\/\/www.swissraft.ch\/de\/produkt\/raron-tandemfallschirmsprung\/\" \/>\n<meta property=\"og:site_name\" content=\"Swissraft\" \/>\n<meta property=\"article:modified_time\" content=\"2026-04-26T16:42:39+00:00\" \/>\n<meta property=\"og:image\" content=\"https:\/\/www.swissraft.ch\/wp-content\/uploads\/2023\/02\/1-RARON-776x776-1.jpg\" \/>\n\t<meta property=\"og:image:width\" content=\"776\" \/>\n\t<meta property=\"og:image:height\" content=\"776\" \/>\n\t<meta property=\"og:image:type\" content=\"image\/jpeg\" \/>\n<meta name=\"twitter:card\" content=\"summary_large_image\" \/>\n<meta name=\"twitter:label1\" content=\"Gesch\u00e4tzte Lesezeit\" \/>\n\t<meta name=\"twitter:data1\" content=\"1\u00a0Minute\" \/>\n<script type=\"application\/ld+json\" class=\"yoast-schema-graph\">{\"@context\":\"https:\/\/schema.org\",\"@graph\":[{\"@type\":\"WebPage\",\"@id\":\"https:\/\/www.swissraft.ch\/de\/produkt\/raron-tandemfallschirmsprung\/\",\"url\":\"https:\/\/www.swissraft.ch\/de\/produkt\/raron-tandemfallschirmsprung\/\",\"name\":\"Raron-Tandemfallschirmsprung mit 50 Sekunden freiem Fall\",\"isPartOf\":{\"@id\":\"https:\/\/www.swissraft.ch\/de\/#website\"},\"primaryImageOfPage\":{\"@id\":\"https:\/\/www.swissraft.ch\/de\/produkt\/raron-tandemfallschirmsprung\/#primaryimage\"},\"image\":{\"@id\":\"https:\/\/www.swissraft.ch\/de\/produkt\/raron-tandemfallschirmsprung\/#primaryimage\"},\"thumbnailUrl\":\"https:\/\/www.swissraft.ch\/wp-content\/uploads\/2023\/02\/1-RARON-776x776-1.jpg\",\"datePublished\":\"2023-02-18T13:27:52+00:00\",\"dateModified\":\"2026-04-26T16:42:39+00:00\",\"description\":\"Raron-Tandemfallschirmsprung mit 50 Sekunden freiem Fall. Dies ist ein Erlebnis, das Sie nicht kalt l\u00e4sst. Adrenalinsto\u00df garantiert\",\"breadcrumb\":{\"@id\":\"https:\/\/www.swissraft.ch\/de\/produkt\/raron-tandemfallschirmsprung\/#breadcrumb\"},\"inLanguage\":\"de\",\"potentialAction\":[{\"@type\":\"ReadAction\",\"target\":[\"https:\/\/www.swissraft.ch\/de\/produkt\/raron-tandemfallschirmsprung\/\"]}]},{\"@type\":\"ImageObject\",\"inLanguage\":\"de\",\"@id\":\"https:\/\/www.swissraft.ch\/de\/produkt\/raron-tandemfallschirmsprung\/#primaryimage\",\"url\":\"https:\/\/www.swissraft.ch\/wp-content\/uploads\/2023\/02\/1-RARON-776x776-1.jpg\",\"contentUrl\":\"https:\/\/www.swissraft.ch\/wp-content\/uploads\/2023\/02\/1-RARON-776x776-1.jpg\",\"width\":776,\"height\":776,\"caption\":\"Tandemsprung von Raron\"},{\"@type\":\"BreadcrumbList\",\"@id\":\"https:\/\/www.swissraft.ch\/de\/produkt\/raron-tandemfallschirmsprung\/#breadcrumb\",\"itemListElement\":[{\"@type\":\"ListItem\",\"position\":1,\"name\":\"Accueil\",\"item\":\"https:\/\/www.swissraft.ch\/de\/\"},{\"@type\":\"ListItem\",\"position\":2,\"name\":\"Shop\",\"item\":\"https:\/\/www.swissraft.ch\/de\/shop\/\"},{\"@type\":\"ListItem\",\"position\":3,\"name\":\"Fallschirmspringen &#8211; Raron &#8211; Tandemspring aus einem Flugzeug &#8211; Ab CHF 430.00\"}]},{\"@type\":\"WebSite\",\"@id\":\"https:\/\/www.swissraft.ch\/de\/#website\",\"url\":\"https:\/\/www.swissraft.ch\/de\/\",\"name\":\"Swissraft\",\"description\":\"To enjoy nature as it is\",\"publisher\":{\"@id\":\"https:\/\/www.swissraft.ch\/de\/#organization\"},\"potentialAction\":[{\"@type\":\"SearchAction\",\"target\":{\"@type\":\"EntryPoint\",\"urlTemplate\":\"https:\/\/www.swissraft.ch\/de\/?s={search_term_string}\"},\"query-input\":{\"@type\":\"PropertyValueSpecification\",\"valueRequired\":true,\"valueName\":\"search_term_string\"}}],\"inLanguage\":\"de\"},{\"@type\":\"Organization\",\"@id\":\"https:\/\/www.swissraft.ch\/de\/#organization\",\"name\":\"Swissraft\",\"url\":\"https:\/\/www.swissraft.ch\/de\/\",\"logo\":{\"@type\":\"ImageObject\",\"inLanguage\":\"de\",\"@id\":\"https:\/\/www.swissraft.ch\/de\/#\/schema\/logo\/image\/\",\"url\":\"https:\/\/www.swissraft.ch\/wp-content\/uploads\/2025\/09\/Capture.jpg\",\"contentUrl\":\"https:\/\/www.swissraft.ch\/wp-content\/uploads\/2025\/09\/Capture.jpg\",\"width\":293,\"height\":108,\"caption\":\"Swissraft\"},\"image\":{\"@id\":\"https:\/\/www.swissraft.ch\/de\/#\/schema\/logo\/image\/\"}}]}<\/script>\n<!-- \/ Yoast SEO plugin. -->","yoast_head_json":{"title":"Raron-Tandemfallschirmsprung mit 50 Sekunden freiem Fall","description":"Raron-Tandemfallschirmsprung mit 50 Sekunden freiem Fall. Dies ist ein Erlebnis, das Sie nicht kalt l\u00e4sst. Adrenalinsto\u00df garantiert","robots":{"index":"index","follow":"follow","max-snippet":"max-snippet:-1","max-image-preview":"max-image-preview:large","max-video-preview":"max-video-preview:-1"},"canonical":"https:\/\/www.swissraft.ch\/de\/produkt\/raron-tandemfallschirmsprung\/","og_locale":"de_DE","og_type":"article","og_title":"Raron-Tandemfallschirmsprung mit 50 Sekunden freiem Fall","og_description":"Raron-Tandemfallschirmsprung mit 50 Sekunden freiem Fall. Dies ist ein Erlebnis, das Sie nicht kalt l\u00e4sst. Adrenalinsto\u00df garantiert","og_url":"https:\/\/www.swissraft.ch\/de\/produkt\/raron-tandemfallschirmsprung\/","og_site_name":"Swissraft","article_modified_time":"2026-04-26T16:42:39+00:00","og_image":[{"width":776,"height":776,"url":"https:\/\/www.swissraft.ch\/wp-content\/uploads\/2023\/02\/1-RARON-776x776-1.jpg","type":"image\/jpeg"}],"twitter_card":"summary_large_image","twitter_misc":{"Gesch\u00e4tzte Lesezeit":"1\u00a0Minute"},"schema":{"@context":"https:\/\/schema.org","@graph":[{"@type":"WebPage","@id":"https:\/\/www.swissraft.ch\/de\/produkt\/raron-tandemfallschirmsprung\/","url":"https:\/\/www.swissraft.ch\/de\/produkt\/raron-tandemfallschirmsprung\/","name":"Raron-Tandemfallschirmsprung mit 50 Sekunden freiem Fall","isPartOf":{"@id":"https:\/\/www.swissraft.ch\/de\/#website"},"primaryImageOfPage":{"@id":"https:\/\/www.swissraft.ch\/de\/produkt\/raron-tandemfallschirmsprung\/#primaryimage"},"image":{"@id":"https:\/\/www.swissraft.ch\/de\/produkt\/raron-tandemfallschirmsprung\/#primaryimage"},"thumbnailUrl":"https:\/\/www.swissraft.ch\/wp-content\/uploads\/2023\/02\/1-RARON-776x776-1.jpg","datePublished":"2023-02-18T13:27:52+00:00","dateModified":"2026-04-26T16:42:39+00:00","description":"Raron-Tandemfallschirmsprung mit 50 Sekunden freiem Fall. Dies ist ein Erlebnis, das Sie nicht kalt l\u00e4sst. Adrenalinsto\u00df garantiert","breadcrumb":{"@id":"https:\/\/www.swissraft.ch\/de\/produkt\/raron-tandemfallschirmsprung\/#breadcrumb"},"inLanguage":"de","potentialAction":[{"@type":"ReadAction","target":["https:\/\/www.swissraft.ch\/de\/produkt\/raron-tandemfallschirmsprung\/"]}]},{"@type":"ImageObject","inLanguage":"de","@id":"https:\/\/www.swissraft.ch\/de\/produkt\/raron-tandemfallschirmsprung\/#primaryimage","url":"https:\/\/www.swissraft.ch\/wp-content\/uploads\/2023\/02\/1-RARON-776x776-1.jpg","contentUrl":"https:\/\/www.swissraft.ch\/wp-content\/uploads\/2023\/02\/1-RARON-776x776-1.jpg","width":776,"height":776,"caption":"Tandemsprung von Raron"},{"@type":"BreadcrumbList","@id":"https:\/\/www.swissraft.ch\/de\/produkt\/raron-tandemfallschirmsprung\/#breadcrumb","itemListElement":[{"@type":"ListItem","position":1,"name":"Accueil","item":"https:\/\/www.swissraft.ch\/de\/"},{"@type":"ListItem","position":2,"name":"Shop","item":"https:\/\/www.swissraft.ch\/de\/shop\/"},{"@type":"ListItem","position":3,"name":"Fallschirmspringen &#8211; Raron &#8211; Tandemspring aus einem Flugzeug &#8211; Ab CHF 430.00"}]},{"@type":"WebSite","@id":"https:\/\/www.swissraft.ch\/de\/#website","url":"https:\/\/www.swissraft.ch\/de\/","name":"Swissraft","description":"To enjoy nature as it is","publisher":{"@id":"https:\/\/www.swissraft.ch\/de\/#organization"},"potentialAction":[{"@type":"SearchAction","target":{"@type":"EntryPoint","urlTemplate":"https:\/\/www.swissraft.ch\/de\/?s={search_term_string}"},"query-input":{"@type":"PropertyValueSpecification","valueRequired":true,"valueName":"search_term_string"}}],"inLanguage":"de"},{"@type":"Organization","@id":"https:\/\/www.swissraft.ch\/de\/#organization","name":"Swissraft","url":"https:\/\/www.swissraft.ch\/de\/","logo":{"@type":"ImageObject","inLanguage":"de","@id":"https:\/\/www.swissraft.ch\/de\/#\/schema\/logo\/image\/","url":"https:\/\/www.swissraft.ch\/wp-content\/uploads\/2025\/09\/Capture.jpg","contentUrl":"https:\/\/www.swissraft.ch\/wp-content\/uploads\/2025\/09\/Capture.jpg","width":293,"height":108,"caption":"Swissraft"},"image":{"@id":"https:\/\/www.swissraft.ch\/de\/#\/schema\/logo\/image\/"}}]}},"_links":{"self":[{"href":"https:\/\/www.swissraft.ch\/de\/wp-json\/wp\/v2\/product\/91558","targetHints":{"allow":["GET"]}}],"collection":[{"href":"https:\/\/www.swissraft.ch\/de\/wp-json\/wp\/v2\/product"}],"about":[{"href":"https:\/\/www.swissraft.ch\/de\/wp-json\/wp\/v2\/types\/product"}],"replies":[{"embeddable":true,"href":"https:\/\/www.swissraft.ch\/de\/wp-json\/wp\/v2\/comments?post=91558"}],"version-history":[{"count":15,"href":"https:\/\/www.swissraft.ch\/de\/wp-json\/wp\/v2\/product\/91558\/revisions"}],"predecessor-version":[{"id":142114,"href":"https:\/\/www.swissraft.ch\/de\/wp-json\/wp\/v2\/product\/91558\/revisions\/142114"}],"wp:featuredmedia":[{"embeddable":true,"href":"https:\/\/www.swissraft.ch\/de\/wp-json\/wp\/v2\/media\/87895"}],"wp:attachment":[{"href":"https:\/\/www.swissraft.ch\/de\/wp-json\/wp\/v2\/media?parent=91558"}],"wp:term":[{"taxonomy":"product_cat","embeddable":true,"href":"https:\/\/www.swissraft.ch\/de\/wp-json\/wp\/v2\/product_cat?post=91558"},{"taxonomy":"product_tag","embeddable":true,"href":"https:\/\/www.swissraft.ch\/de\/wp-json\/wp\/v2\/product_tag?post=91558"}],"curies":[{"name":"wp","href":"https:\/\/api.w.org\/{rel}","templated":true}]}}