{"id":91557,"date":"2023-02-18T12:11:22","date_gmt":"2023-02-18T11:11:22","guid":{"rendered":"https:\/\/swissraft.xyanzkdne.eu\/product\/fallschirmspringen-in-triengen-tandem-springen-aus-einem-flugzeug-ab-chf-390-00\/"},"modified":"2026-04-26T18:55:00","modified_gmt":"2026-04-26T16:55:00","slug":"triengen-tandemfallschirmsprung","status":"publish","type":"product","link":"https:\/\/www.swissraft.ch\/de\/produkt\/triengen-tandemfallschirmsprung\/","title":{"rendered":"Fallschirmspringen &#8211; Triengen &#8211; Tandemsprung aus einem Flugzeug &#8211; Ab CHF 390.00"},"content":{"rendered":"\t\t<div data-elementor-type=\"wp-post\" data-elementor-id=\"91557\" class=\"elementor elementor-91557 elementor-30898\">\n\t\t\t\t\t\t\t\t\t<section class=\"elementor-section elementor-top-section elementor-element elementor-element-3303a7e3 elementor-section-boxed elementor-section-height-default elementor-section-height-default\" data-id=\"3303a7e3\" data-element_type=\"section\">\n\t\t\t\t\t\t<div class=\"elementor-container elementor-column-gap-default\">\n\t\t\t\t\t<div class=\"elementor-column elementor-col-100 elementor-top-column elementor-element elementor-element-16d72dbf\" data-id=\"16d72dbf\" data-element_type=\"column\">\n\t\t\t<div class=\"elementor-widget-wrap elementor-element-populated\">\n\t\t\t\t\t\t\t\t<div class=\"elementor-element elementor-element-d743c03 elementor-widget elementor-widget-text-editor\" data-id=\"d743c03\" data-element_type=\"widget\" data-widget_type=\"text-editor.default\">\n\t\t\t\t<div class=\"elementor-widget-container\">\n\t\t\t\t\t\t\t<h2>W\u00c4HLEN SIE UNTEN IHRE AKTIVIT\u00c4T AUS, UM GESCHENKGUTSCHEINE \/ TICKETS ZU VERSCHENKEN ODER ZU BUCHEN<\/h2><table border=\"0\" width=\"580\" cellspacing=\"10\" cellpadding=\"10\"><tbody><tr><td width=\"50%\"><strong>1) TANDEMFALLSCHIRMSPRUNG &#8211; TRIENGEN<\/strong><\/td><td><strong>CHF 390.00 pro Person<span class=\"productPrice\"><br \/><\/span><\/strong><\/td><\/tr><tr><td>Weitere Informationen<\/td><td>&#8211; Sportschuhe ohne Haken<br \/>&#8211; Sie d\u00fcrfen nicht n\u00fcchtern sein<br \/>&#8211; Sie d\u00fcrfen nicht unter dem Einfluss von Alkohol oder anderen Substanzen stehen<br \/><span class=\"patt\">&#8211; Einverst\u00e4ndniserkl\u00e4rung der Eltern f\u00fcr Minderj\u00e4hrige<\/span><\/td><\/tr><tr><td>Zeiten<\/td><td>Bei Ihrer Buchung w\u00e4hlen Sie die Uhrzeit aus<\/td><\/tr><tr><td>Dauer des freien Falls<\/td><td>ca. 50 Sekunden<\/td><\/tr><tr><td>Gesamtdauer<\/td><td>ca. 4 Std.<\/td><\/tr><tr><td>Flugplatz<\/td><td><a href=\"https:\/\/www.google.com\/maps\/place\/47%C2%B013'36.7%22N+8%C2%B004'46.0%22E\/@47.2270183,8.0430167,6131m\/data=!3m1!1e3!4m4!3m3!8m2!3d47.2268611!4d8.0794444?entry=ttu\" target=\"_blank\" rel=\"noopener\">Triengen<\/a><\/td><\/tr><tr><td><button class=\"elementor-button\" type=\"button\"><a href=\"https:\/\/swissraft.outdoorbooking.ch\/fo\/products\/145?base_id=44&amp;category_id=5&amp;order_type=gift_voucher&amp;lang=de\" target=\"_blank\" rel=\"noopener\">GUTSCHEIN \/ TICKET KAUFEN<\/a><\/button><\/td><td><a href=\"https:\/\/swissraft.outdoorbooking.ch\/fo\/products\/145?base_id=44&amp;category_id=5&amp;order_type=event&amp;lang=fr\" target=\"_blank\" rel=\"noopener\">DAS DATUM DES SPRUNGES BUCHEN<\/a>\u00a0 <strong>CHF 390.00<\/strong>\/Pers.<\/td><\/tr><tr><td><button class=\"elementor-button\" type=\"button\"><a href=\"https:\/\/swissraft.outdoorbooking.ch\/fo\/products\/254?base_id=44&amp;category_id=5&amp;order_type=gift_voucher&amp;lang=de\" target=\"_blank\" rel=\"noopener\">GUTSCHEIN \/ TICKET KAUFEN<\/a><\/button><\/td><td><a href=\"https:\/\/swissraft.outdoorbooking.ch\/fo\/products\/254?base_id=44&amp;category_id=5&amp;order_type=event&amp;lang=de\" target=\"_blank\" rel=\"noopener\">DAS DATUM DES SPRUNGES BUCHEN<\/a>\u00a0 <strong>CHF 540.00<\/strong>\/Pers. mit Video<\/td><\/tr><\/tbody><\/table><table border=\"0\" width=\"580\" cellspacing=\"10\" cellpadding=\"10\"><tbody><tr><td width=\"50%\"><strong>2)TRIENGEN &#8211; Solosprung mit freiem Fall AFF<\/strong><\/td><td><strong>CHF 490.00 pro Person<span class=\"productPrice\"><br \/><\/span><\/strong><\/td><\/tr><tr><td>Weitere Informationen<\/td><td>&#8211; Sportschuhe ohne Haken<br \/>&#8211; Sie d\u00fcrfen nicht n\u00fcchtern sein<br \/>&#8211; Sie d\u00fcrfen nicht unter dem Einfluss von Alkohol oder anderen Substanzen stehen<br \/><span class=\"patt\">&#8211; Einverst\u00e4ndniserkl\u00e4rung der Eltern f\u00fcr Minderj\u00e4hrige<\/span><\/td><\/tr><tr><td>Zeiten<\/td><td>Bei Ihrer Buchung w\u00e4hlen Sie die Uhrzeit aus<\/td><\/tr><tr><td>Dauer des freien Falls<\/td><td>ca. 50 Sekunden<\/td><\/tr><tr><td>Gesamtdauer<\/td><td>ca. 4 Std.<\/td><\/tr><tr><td>Flugplatz<\/td><td><a href=\"https:\/\/www.google.com\/maps\/place\/47%C2%B013'36.7%22N+8%C2%B004'46.0%22E\/@47.2270183,8.0430167,6131m\/data=!3m1!1e3!4m4!3m3!8m2!3d47.2268611!4d8.0794444?entry=ttu\" target=\"_blank\" rel=\"noopener\">Triengen<\/a><\/td><\/tr><tr><td><a href=\"https:\/\/swissraft.outdoorbooking.ch\/fo\/products\/255?base_id=44&amp;category_id=5&amp;order_type=gift_voucher&amp;lang=de\" target=\"_blank\" rel=\"noopener\"><button class=\"elementor-button\" type=\"button\">GUTSCHEIN \/ TICKET KAUFEN<\/button><\/a><\/td><td><a href=\"https:\/\/swissraft.outdoorbooking.ch\/fo\/products\/255?base_id=44&amp;category_id=5&amp;order_type=event&amp;lang=de\" target=\"_blank\" rel=\"noopener\">DAS DATUM DES SPRUNGES BUCHEN<\/a>\u00a0 <strong>CHF 490.00<\/strong>\/Pers.<\/td><\/tr><tr><td><a href=\"https:\/\/swissraft.outdoorbooking.ch\/fo\/products\/256?base_id=44&amp;category_id=5&amp;order_type=gift_voucher&amp;lang=de\" target=\"_blank\" rel=\"noopener\"><button class=\"elementor-button\" type=\"button\">GUTSCHEIN \/ TICKET KAUFEN<\/button><\/a><\/td><td><a href=\"https:\/\/swissraft.outdoorbooking.ch\/fo\/products\/256?base_id=44&amp;category_id=5&amp;order_type=event&amp;lang=de\" target=\"_blank\" rel=\"noopener\">DAS DATUM DES SPRUNGES BUCHEN<\/a>\u00a0 <strong>CHF 640.00<\/strong>\/Pers. mit Video<\/td><\/tr><\/tbody><\/table><table border=\"0\" width=\"580\" cellspacing=\"10\" cellpadding=\"10\"><tbody><tr><td width=\"50%\"><strong>3) TRIENGEN &#8211; Solo-Sprung mit einem SOA<\/strong><\/td><td><strong>CHF 290.00 pro Person<span class=\"productPrice\"><br \/><\/span><\/strong><\/td><\/tr><tr><td>Weitere Informationen<\/td><td>&#8211; Sportschuhe ohne Haken<br \/>&#8211; Sie d\u00fcrfen nicht n\u00fcchtern sein<br \/>&#8211; Sie d\u00fcrfen nicht unter dem Einfluss von Alkohol oder anderen Substanzen stehen<br \/><span class=\"patt\">&#8211; Einverst\u00e4ndniserkl\u00e4rung der Eltern f\u00fcr Minderj\u00e4hrige<\/span><\/td><\/tr><tr><td>Zeiten<\/td><td>Bei Ihrer Buchung w\u00e4hlen Sie die Uhrzeit aus<\/td><\/tr><tr><td>Dauer des freien Falls<\/td><td>ca. 2 Sekunden<\/td><\/tr><tr><td>Gesamtdauer<\/td><td>Tag<\/td><\/tr><tr><td>Treffpunkt<\/td><td><a href=\"https:\/\/www.google.com\/maps\/place\/47%C2%B013'36.7%22N+8%C2%B004'46.0%22E\/@47.2270183,8.0430167,6131m\/data=!3m1!1e3!4m4!3m3!8m2!3d47.2268611!4d8.0794444?entry=ttu\" target=\"_blank\" rel=\"noopener\">Triengen<\/a><\/td><\/tr><tr><td><button class=\"elementor-button\" type=\"button\"><a href=\"https:\/\/swissraft.outdoorbooking.ch\/fo\/products\/257?base_id=44&amp;category_id=5&amp;order_type=gift_voucher&amp;lang=de\" target=\"_blank\" rel=\"noopener\">GUTSCHEIN \/ TICKET KAUFEN<\/a><\/button><\/td><td><a href=\"https:\/\/swissraft.outdoorbooking.ch\/fo\/products\/257?base_id=44&amp;category_id=5&amp;order_type=event&amp;lang=de\" target=\"_blank\" rel=\"noopener\">DAS DATUM DES SPRUNGES BUCHEN<\/a>\u00a0 <strong>CHF 290.00<\/strong>\/Pers.<\/td><\/tr><\/tbody><\/table>\t\t\t\t\t\t<\/div>\n\t\t\t\t<\/div>\n\t\t\t\t\t<\/div>\n\t\t<\/div>\n\t\t\t\t\t\t\t<\/div>\n\t\t<\/section>\n\t\t\t\t\t\t\t<\/div>\n\t\t","protected":false},"excerpt":{"rendered":"<div align=\"justify\">\n<h2 align=\"justify\">Tandem-Fallschirmsprung in Triengen im Kanton Luzern<\/h2>\n<h3>Sie springen aus einem Flugzeug aus einer H\u00f6he von 4000 m \u00fcber dem Boden.<\/h3>\n<\/div>\n<div align=\"justify\">\n<p>Sie sp\u00fcren den Wind, der Sie mit \u00fcber 200 km\/h zerzaust. Ihre Augen werden durch eine Schutzbrille gesch\u00fctzt, die Sie vor dem Sprung erhalten. Sie haben schon lange von diesem Moment getr\u00e4umt und nun wird er Wirklichkeit. Wir begr\u00fc\u00dfen Sie auf dem Flugplatz von Triengen in unserer Dropzone. Zun\u00e4chst erhalten Sie eine Einweisung, wie Sie sich w\u00e4hrend des freien Falls und bei der Landung verhalten m\u00fcssen. Sie springen aus dem Flugzeug und erleben den unvermeidlichen Adrenalinsto\u00df w\u00e4hrend der gesamten Zeit des freien Falls. Au\u00dferdem haben Sie w\u00e4hrend des Aufstiegs eine herrliche Aussicht auf die gesamte Seenlandschaft der Zentralschweiz. Wenn Sie einen Sprung im freien Fall alleine machen m\u00f6chten, k\u00f6nnen Sie dies mit uns tun. Dies nennt man einen AFF-Sprung und Sie bereiten sich einen Tag lang mit Ihrem Piloten darauf vor. Dann springen Sie mit zwei Instruktoren ab, die Sie w\u00e4hrend des freien Falls begleiten und Sie stabilisieren. Nachdem sich Ihr Fallschirm ge\u00f6ffnet hat, setzen Sie Ihren Abstieg allein fort. Selbstverst\u00e4ndlich stehen Sie unter der Kontrolle eines Instruktores am Boden, der Sie \u00fcber Funk bis zur Landung f\u00fchrt. Ein aufregendes Erlebnis erwartet Sie!<\/p>\n<h3>Swissraft bietet auf seiner Website zahlreiche Dropzones an, die \u00fcber die Schweiz und das benachbarte Deutschland verteilt sind.<\/h3>\n<p id=\"textarea\" style=\"display: none;\">\nEbenso springen wir vom Flugplatz Berom\u00fcnster im Kanton Luzern mit dem Fallschirm ab. Au\u00dferdem springen wir von den Flugpl\u00e4tzen Interlaken und Reichenbach im Berner Oberland ab. Ebenso machen wir Spr\u00fcnge vom Flugplatz Grenchen im Kanton Solothurn. Einerseits f\u00fchren wir Tandem-Fallschirmspr\u00fcnge im Kanton Freiburg von den Flugpl\u00e4tzen \u00c9cuvillens und \u00c9pagny aus durch. Andererseits bieten wir Tandem-Fallschirmspr\u00fcnge im Kanton Freiburg von den Flugpl\u00e4tzen \u00c9cuvillens und \u00c9pagny aus an. Au\u00dferdem machen wir Tandemspr\u00fcnge vom Flugplatz Colombier im Kanton Neuenburg. Dann haben wir eine Dropzone im Kanton Waadt auf dem Flugplatz von Bex. Im Wallis springen wir auch vom Flughafen Sitten und vom Flugplatz Raron ab. \u00dcbrigens haben wir auch eine Dropzone in der Ostschweiz im Kanton Thurgau auf dem Flugplatz Sitterdorf. Aber auch im Tessin machen wir Tandemspr\u00fcnge mit dem Fallschirm vom Flugplatz Locarno aus. In Deutschland schlie\u00dflich, in der N\u00e4he von Basel, machen wir einen Tandemsprung vom Flugplatz Rottweil.\n<\/p>\n<p><a id=\"seeMore\" onclick=\"toggleSeeMore()\" href=\"javascript:void(0);\">Lesen Sie mehr<\/a><\/p>\n","protected":false},"featured_media":87769,"comment_status":"open","ping_status":"closed","template":"","meta":{"inline_featured_image":false,"_mi_skip_tracking":false},"product_cat":[292],"product_tag":[],"class_list":["post-91557","product","type-product","status-publish","has-post-thumbnail","hentry","product_cat-tandem-fallschirmsprung-tandemsprung"],"yoast_head":"<!-- This site is optimized with the Yoast SEO plugin v23.6 - https:\/\/yoast.com\/wordpress\/plugins\/seo\/ -->\n<title>Triengen Tandemfallschirmsprung aus einem Flugzeug aus 4000 m<\/title>\n<meta name=\"description\" content=\"Triengen Tandemfallschirmsprung aus einem Flugzeug. Sie und Ihr Pilot springen aus einer H\u00f6he von 4000 m\/Grund ab und fallen 50 Sekunden lang frei.\" \/>\n<meta name=\"robots\" content=\"index, follow, max-snippet:-1, max-image-preview:large, max-video-preview:-1\" \/>\n<link rel=\"canonical\" href=\"https:\/\/www.swissraft.ch\/de\/produkt\/triengen-tandemfallschirmsprung\/\" \/>\n<meta property=\"og:locale\" content=\"de_DE\" \/>\n<meta property=\"og:type\" content=\"article\" \/>\n<meta property=\"og:title\" content=\"Triengen Tandemfallschirmsprung aus einem Flugzeug aus 4000 m\" \/>\n<meta property=\"og:description\" content=\"Triengen Tandemfallschirmsprung aus einem Flugzeug. Sie und Ihr Pilot springen aus einer H\u00f6he von 4000 m\/Grund ab und fallen 50 Sekunden lang frei.\" \/>\n<meta property=\"og:url\" content=\"https:\/\/www.swissraft.ch\/de\/produkt\/triengen-tandemfallschirmsprung\/\" \/>\n<meta property=\"og:site_name\" content=\"Swissraft\" \/>\n<meta property=\"article:modified_time\" content=\"2026-04-26T16:55:00+00:00\" \/>\n<meta property=\"og:image\" content=\"https:\/\/www.swissraft.ch\/wp-content\/uploads\/2023\/02\/1-TRIENGEN-776x776-1.jpg\" \/>\n\t<meta property=\"og:image:width\" content=\"776\" \/>\n\t<meta property=\"og:image:height\" content=\"776\" \/>\n\t<meta property=\"og:image:type\" content=\"image\/jpeg\" \/>\n<meta name=\"twitter:card\" content=\"summary_large_image\" \/>\n<meta name=\"twitter:label1\" content=\"Gesch\u00e4tzte Lesezeit\" \/>\n\t<meta name=\"twitter:data1\" content=\"2\u00a0Minuten\" \/>\n<script type=\"application\/ld+json\" class=\"yoast-schema-graph\">{\"@context\":\"https:\/\/schema.org\",\"@graph\":[{\"@type\":\"WebPage\",\"@id\":\"https:\/\/www.swissraft.ch\/de\/produkt\/triengen-tandemfallschirmsprung\/\",\"url\":\"https:\/\/www.swissraft.ch\/de\/produkt\/triengen-tandemfallschirmsprung\/\",\"name\":\"Triengen Tandemfallschirmsprung aus einem Flugzeug aus 4000 m\",\"isPartOf\":{\"@id\":\"https:\/\/www.swissraft.ch\/de\/#website\"},\"primaryImageOfPage\":{\"@id\":\"https:\/\/www.swissraft.ch\/de\/produkt\/triengen-tandemfallschirmsprung\/#primaryimage\"},\"image\":{\"@id\":\"https:\/\/www.swissraft.ch\/de\/produkt\/triengen-tandemfallschirmsprung\/#primaryimage\"},\"thumbnailUrl\":\"https:\/\/www.swissraft.ch\/wp-content\/uploads\/2023\/02\/1-TRIENGEN-776x776-1.jpg\",\"datePublished\":\"2023-02-18T11:11:22+00:00\",\"dateModified\":\"2026-04-26T16:55:00+00:00\",\"description\":\"Triengen Tandemfallschirmsprung aus einem Flugzeug. Sie und Ihr Pilot springen aus einer H\u00f6he von 4000 m\/Grund ab und fallen 50 Sekunden lang frei.\",\"breadcrumb\":{\"@id\":\"https:\/\/www.swissraft.ch\/de\/produkt\/triengen-tandemfallschirmsprung\/#breadcrumb\"},\"inLanguage\":\"de\",\"potentialAction\":[{\"@type\":\"ReadAction\",\"target\":[\"https:\/\/www.swissraft.ch\/de\/produkt\/triengen-tandemfallschirmsprung\/\"]}]},{\"@type\":\"ImageObject\",\"inLanguage\":\"de\",\"@id\":\"https:\/\/www.swissraft.ch\/de\/produkt\/triengen-tandemfallschirmsprung\/#primaryimage\",\"url\":\"https:\/\/www.swissraft.ch\/wp-content\/uploads\/2023\/02\/1-TRIENGEN-776x776-1.jpg\",\"contentUrl\":\"https:\/\/www.swissraft.ch\/wp-content\/uploads\/2023\/02\/1-TRIENGEN-776x776-1.jpg\",\"width\":776,\"height\":776,\"caption\":\"Tandem Sprung. Fliegen in einem freien Fall.\"},{\"@type\":\"BreadcrumbList\",\"@id\":\"https:\/\/www.swissraft.ch\/de\/produkt\/triengen-tandemfallschirmsprung\/#breadcrumb\",\"itemListElement\":[{\"@type\":\"ListItem\",\"position\":1,\"name\":\"Accueil\",\"item\":\"https:\/\/www.swissraft.ch\/de\/\"},{\"@type\":\"ListItem\",\"position\":2,\"name\":\"Shop\",\"item\":\"https:\/\/www.swissraft.ch\/de\/shop\/\"},{\"@type\":\"ListItem\",\"position\":3,\"name\":\"Fallschirmspringen &#8211; Triengen &#8211; Tandemsprung aus einem Flugzeug &#8211; Ab CHF 390.00\"}]},{\"@type\":\"WebSite\",\"@id\":\"https:\/\/www.swissraft.ch\/de\/#website\",\"url\":\"https:\/\/www.swissraft.ch\/de\/\",\"name\":\"Swissraft\",\"description\":\"To enjoy nature as it is\",\"publisher\":{\"@id\":\"https:\/\/www.swissraft.ch\/de\/#organization\"},\"potentialAction\":[{\"@type\":\"SearchAction\",\"target\":{\"@type\":\"EntryPoint\",\"urlTemplate\":\"https:\/\/www.swissraft.ch\/de\/?s={search_term_string}\"},\"query-input\":{\"@type\":\"PropertyValueSpecification\",\"valueRequired\":true,\"valueName\":\"search_term_string\"}}],\"inLanguage\":\"de\"},{\"@type\":\"Organization\",\"@id\":\"https:\/\/www.swissraft.ch\/de\/#organization\",\"name\":\"Swissraft\",\"url\":\"https:\/\/www.swissraft.ch\/de\/\",\"logo\":{\"@type\":\"ImageObject\",\"inLanguage\":\"de\",\"@id\":\"https:\/\/www.swissraft.ch\/de\/#\/schema\/logo\/image\/\",\"url\":\"https:\/\/www.swissraft.ch\/wp-content\/uploads\/2025\/09\/Capture.jpg\",\"contentUrl\":\"https:\/\/www.swissraft.ch\/wp-content\/uploads\/2025\/09\/Capture.jpg\",\"width\":293,\"height\":108,\"caption\":\"Swissraft\"},\"image\":{\"@id\":\"https:\/\/www.swissraft.ch\/de\/#\/schema\/logo\/image\/\"}}]}<\/script>\n<!-- \/ Yoast SEO plugin. -->","yoast_head_json":{"title":"Triengen Tandemfallschirmsprung aus einem Flugzeug aus 4000 m","description":"Triengen Tandemfallschirmsprung aus einem Flugzeug. Sie und Ihr Pilot springen aus einer H\u00f6he von 4000 m\/Grund ab und fallen 50 Sekunden lang frei.","robots":{"index":"index","follow":"follow","max-snippet":"max-snippet:-1","max-image-preview":"max-image-preview:large","max-video-preview":"max-video-preview:-1"},"canonical":"https:\/\/www.swissraft.ch\/de\/produkt\/triengen-tandemfallschirmsprung\/","og_locale":"de_DE","og_type":"article","og_title":"Triengen Tandemfallschirmsprung aus einem Flugzeug aus 4000 m","og_description":"Triengen Tandemfallschirmsprung aus einem Flugzeug. Sie und Ihr Pilot springen aus einer H\u00f6he von 4000 m\/Grund ab und fallen 50 Sekunden lang frei.","og_url":"https:\/\/www.swissraft.ch\/de\/produkt\/triengen-tandemfallschirmsprung\/","og_site_name":"Swissraft","article_modified_time":"2026-04-26T16:55:00+00:00","og_image":[{"width":776,"height":776,"url":"https:\/\/www.swissraft.ch\/wp-content\/uploads\/2023\/02\/1-TRIENGEN-776x776-1.jpg","type":"image\/jpeg"}],"twitter_card":"summary_large_image","twitter_misc":{"Gesch\u00e4tzte Lesezeit":"2\u00a0Minuten"},"schema":{"@context":"https:\/\/schema.org","@graph":[{"@type":"WebPage","@id":"https:\/\/www.swissraft.ch\/de\/produkt\/triengen-tandemfallschirmsprung\/","url":"https:\/\/www.swissraft.ch\/de\/produkt\/triengen-tandemfallschirmsprung\/","name":"Triengen Tandemfallschirmsprung aus einem Flugzeug aus 4000 m","isPartOf":{"@id":"https:\/\/www.swissraft.ch\/de\/#website"},"primaryImageOfPage":{"@id":"https:\/\/www.swissraft.ch\/de\/produkt\/triengen-tandemfallschirmsprung\/#primaryimage"},"image":{"@id":"https:\/\/www.swissraft.ch\/de\/produkt\/triengen-tandemfallschirmsprung\/#primaryimage"},"thumbnailUrl":"https:\/\/www.swissraft.ch\/wp-content\/uploads\/2023\/02\/1-TRIENGEN-776x776-1.jpg","datePublished":"2023-02-18T11:11:22+00:00","dateModified":"2026-04-26T16:55:00+00:00","description":"Triengen Tandemfallschirmsprung aus einem Flugzeug. Sie und Ihr Pilot springen aus einer H\u00f6he von 4000 m\/Grund ab und fallen 50 Sekunden lang frei.","breadcrumb":{"@id":"https:\/\/www.swissraft.ch\/de\/produkt\/triengen-tandemfallschirmsprung\/#breadcrumb"},"inLanguage":"de","potentialAction":[{"@type":"ReadAction","target":["https:\/\/www.swissraft.ch\/de\/produkt\/triengen-tandemfallschirmsprung\/"]}]},{"@type":"ImageObject","inLanguage":"de","@id":"https:\/\/www.swissraft.ch\/de\/produkt\/triengen-tandemfallschirmsprung\/#primaryimage","url":"https:\/\/www.swissraft.ch\/wp-content\/uploads\/2023\/02\/1-TRIENGEN-776x776-1.jpg","contentUrl":"https:\/\/www.swissraft.ch\/wp-content\/uploads\/2023\/02\/1-TRIENGEN-776x776-1.jpg","width":776,"height":776,"caption":"Tandem Sprung. Fliegen in einem freien Fall."},{"@type":"BreadcrumbList","@id":"https:\/\/www.swissraft.ch\/de\/produkt\/triengen-tandemfallschirmsprung\/#breadcrumb","itemListElement":[{"@type":"ListItem","position":1,"name":"Accueil","item":"https:\/\/www.swissraft.ch\/de\/"},{"@type":"ListItem","position":2,"name":"Shop","item":"https:\/\/www.swissraft.ch\/de\/shop\/"},{"@type":"ListItem","position":3,"name":"Fallschirmspringen &#8211; Triengen &#8211; Tandemsprung aus einem Flugzeug &#8211; Ab CHF 390.00"}]},{"@type":"WebSite","@id":"https:\/\/www.swissraft.ch\/de\/#website","url":"https:\/\/www.swissraft.ch\/de\/","name":"Swissraft","description":"To enjoy nature as it is","publisher":{"@id":"https:\/\/www.swissraft.ch\/de\/#organization"},"potentialAction":[{"@type":"SearchAction","target":{"@type":"EntryPoint","urlTemplate":"https:\/\/www.swissraft.ch\/de\/?s={search_term_string}"},"query-input":{"@type":"PropertyValueSpecification","valueRequired":true,"valueName":"search_term_string"}}],"inLanguage":"de"},{"@type":"Organization","@id":"https:\/\/www.swissraft.ch\/de\/#organization","name":"Swissraft","url":"https:\/\/www.swissraft.ch\/de\/","logo":{"@type":"ImageObject","inLanguage":"de","@id":"https:\/\/www.swissraft.ch\/de\/#\/schema\/logo\/image\/","url":"https:\/\/www.swissraft.ch\/wp-content\/uploads\/2025\/09\/Capture.jpg","contentUrl":"https:\/\/www.swissraft.ch\/wp-content\/uploads\/2025\/09\/Capture.jpg","width":293,"height":108,"caption":"Swissraft"},"image":{"@id":"https:\/\/www.swissraft.ch\/de\/#\/schema\/logo\/image\/"}}]}},"_links":{"self":[{"href":"https:\/\/www.swissraft.ch\/de\/wp-json\/wp\/v2\/product\/91557","targetHints":{"allow":["GET"]}}],"collection":[{"href":"https:\/\/www.swissraft.ch\/de\/wp-json\/wp\/v2\/product"}],"about":[{"href":"https:\/\/www.swissraft.ch\/de\/wp-json\/wp\/v2\/types\/product"}],"replies":[{"embeddable":true,"href":"https:\/\/www.swissraft.ch\/de\/wp-json\/wp\/v2\/comments?post=91557"}],"version-history":[{"count":33,"href":"https:\/\/www.swissraft.ch\/de\/wp-json\/wp\/v2\/product\/91557\/revisions"}],"predecessor-version":[{"id":142154,"href":"https:\/\/www.swissraft.ch\/de\/wp-json\/wp\/v2\/product\/91557\/revisions\/142154"}],"wp:featuredmedia":[{"embeddable":true,"href":"https:\/\/www.swissraft.ch\/de\/wp-json\/wp\/v2\/media\/87769"}],"wp:attachment":[{"href":"https:\/\/www.swissraft.ch\/de\/wp-json\/wp\/v2\/media?parent=91557"}],"wp:term":[{"taxonomy":"product_cat","embeddable":true,"href":"https:\/\/www.swissraft.ch\/de\/wp-json\/wp\/v2\/product_cat?post=91557"},{"taxonomy":"product_tag","embeddable":true,"href":"https:\/\/www.swissraft.ch\/de\/wp-json\/wp\/v2\/product_tag?post=91557"}],"curies":[{"name":"wp","href":"https:\/\/api.w.org\/{rel}","templated":true}]}}