{"id":91553,"date":"2023-02-19T17:32:54","date_gmt":"2023-02-19T16:32:54","guid":{"rendered":"https:\/\/swissraft.xyanzkdne.eu\/product\/canyoning-im-kanton-vaud-la-torneresse-ab-chf-80-00\/"},"modified":"2026-04-10T06:37:25","modified_gmt":"2026-04-10T04:37:25","slug":"canyoning-kanton-wadt-la-torneresse","status":"publish","type":"product","link":"https:\/\/www.swissraft.ch\/de\/produkt\/canyoning-kanton-wadt-la-torneresse\/","title":{"rendered":"Canyoning im Kanton Waadt &#8211; Die Torneresse &#8211; Ab CHF 103.20"},"content":{"rendered":"\t\t<div data-elementor-type=\"wp-post\" data-elementor-id=\"91553\" class=\"elementor elementor-91553 elementor-31140\">\n\t\t\t\t\t\t\t\t\t<section class=\"elementor-section elementor-top-section elementor-element elementor-element-3303a7e3 elementor-section-boxed elementor-section-height-default elementor-section-height-default\" data-id=\"3303a7e3\" data-element_type=\"section\">\n\t\t\t\t\t\t<div class=\"elementor-container elementor-column-gap-default\">\n\t\t\t\t\t<div class=\"elementor-column elementor-col-100 elementor-top-column elementor-element elementor-element-16d72dbf\" data-id=\"16d72dbf\" data-element_type=\"column\">\n\t\t\t<div class=\"elementor-widget-wrap elementor-element-populated\">\n\t\t\t\t\t\t\t\t<div class=\"elementor-element elementor-element-d743c03 elementor-widget elementor-widget-text-editor\" data-id=\"d743c03\" data-element_type=\"widget\" data-widget_type=\"text-editor.default\">\n\t\t\t\t<div class=\"elementor-widget-container\">\n\t\t\t\t\t\t\t<h2>W\u00c4HLEN SIE UNTEN IHRE AKTIVIT\u00c4T AUS, UM GESCHENKGUTSCHEINE \/ TICKETS ZU VERSCHENKEN ODER ZU BUCHEN.<\/h2><table border=\"0\" width=\"580\" cellspacing=\"10\" cellpadding=\"10\"><tbody><tr><td width=\"50%\"><strong>CANYONING &#8211; TORNERESSE + Imbiss<\/strong><\/td><td><strong>CHF 129.00 pro Person<span class=\"productPrice\"><br \/><\/span><\/strong><\/td><\/tr><tr><td>Zus\u00e4tzliche Informationen<\/td><td><span class=\"plbl\">&#8211; Schulpreis<\/span> : <span class=\"patt\"><strong>CHF 109.00<\/strong>\/Pers.<br \/>&#8211; Jugendpreis : <strong>CHF 109.00<\/strong>\/Pers. bis 18 j\u00e4hrig<br \/><\/span><span class=\"plbl\">&#8211; A<\/span><span class=\"patt\">b 11 Pers. 10% : <strong>CHF 116.10<\/strong>\/Pers.<br \/>&#8211; Ab 21Pers. 20% : <strong>CHF 103.20<\/strong>\/Pers.<strong><br \/><\/strong>&#8211; Keine zus\u00e4tzlichen Rabatte auf Schul- und Jugendtarife<br \/>&#8211; Mindestalter : 10 j\u00e4hrig<strong><br \/><\/strong><\/span><span class=\"plbl\">&#8211; <\/span><span class=\"patt\">Sonniger Canyon<\/span><\/td><\/tr><tr><td>Startzeiten<\/td><td>10:00 Uhr \/ 14:00 Uhr<\/td><\/tr><tr><td>Canyoning<\/td><td>ca. 1,5 Std.<\/td><\/tr><tr><td>Gesamtdauer<\/td><td>ca. 3 Std.<\/td><\/tr><tr><td>Treffpunkt<\/td><td><span style=\"color: #ff6600;\"><a href=\"https:\/\/www.google.com\/maps\/place\/46%C2%B028'03.8%22N+7%C2%B007'32.8%22E\/@46.4677815,7.1211928,864m\/data=!3m1!1e3!4m4!3m3!8m2!3d46.4677222!4d7.1257778?entry=ttu&amp;g_ep=EgoyMDI2MDEyNy4wIKXMDSoKLDEwMDc5MjA2OUgBUAM%3D\" target=\"_blank\" rel=\"noopener\">Camping du berceau<\/a><\/span><\/td><\/tr><tr><td>Schwierigkeitsgrad<\/td><td>Stufe 1<\/td><\/tr><tr><td><button class=\"elementor-button\" type=\"button\"><a href=\"https:\/\/swissraft.outdoorbooking.ch\/fo\/products\/2161?base_id=82&amp;category_id=2&amp;order_type=gift_voucher&amp;lang=de\" target=\"_blank\" rel=\"noopener\">GUTSCHEIN \/ TICKET KAUFEN<\/a><\/button><\/td><td style=\"text-align: left;\"><a href=\"https:\/\/swissraft.outdoorbooking.ch\/fo\/products\/2161?base_id=82&amp;category_id=2&amp;order_type=event&amp;lang=de\" target=\"_blank\" rel=\"noopener\">RESERVIEREN SIE EIN DATUM<\/a><\/td><\/tr><\/tbody><\/table>\t\t\t\t\t\t<\/div>\n\t\t\t\t<\/div>\n\t\t\t\t\t<\/div>\n\t\t<\/div>\n\t\t\t\t\t\t\t<\/div>\n\t\t<\/section>\n\t\t\t\t\t\t\t<\/div>\n\t\t","protected":false},"excerpt":{"rendered":"<div align=\"justify\">\n<h2 align=\"justify\">Canyoning in der Torneresse unterhalb von L&#8217;\u00c9tivaz f\u00fcr alle. Ein idealer Canyon f\u00fcr Anf\u00e4nger im Canyoning. <\/h2>\n<h3>Der Canyon von der Torneresse und ein Canyon f\u00fcr diejenigen, die diese J\u00fcngerschaft entdecken wollen.<\/h3>\n<\/div>\n<div align=\"justify\">\n<p>Diese Schlucht ist f\u00fcr jeden zug\u00e4nglich, der das Canyoning entdecken m\u00f6chte. W\u00e4hrend der Fahrt auf der Torneresse springen und rutschen Sie auf den Rutschen, die das Wasser im Laufe der Jahrtausende poliert hat. Canyoning in der Torneresse ist perfekt f\u00fcr eine Klassenfahrt.<\/p>\n<h3>Haben Sie Alternativen zum der Torneresse Canyon?<\/h3>\n<p id=\"textarea\" style=\"display: none;\">\nSwissraft bietet auch <strong>Canyoning<\/strong> in Greyerzerland in der Tine de Montbovon an. Aber auch im Tessin gibt es eine gro\u00dfe Anzahl von Schluchten, von denen eine sch\u00f6ner als die andere ist. Auch im Wallis gibt es viele Schluchten, die auf Sie warten. Au\u00dferdem bieten wir <strong>Canyons<\/strong> im Berner Oberland in der Umgebung von Interlaken an. Dar\u00fcber hinaus hat der Kanton St. Gallen mit dem Amden <strong>Canyon<\/strong> wird Ihnen sehr gut gefallen. Die Viamala-Schlucht mit ihren \u00fcber 150 m hohen W\u00e4nden in der N\u00e4he von Thusis wird Sie begeistern.\n<\/p>\n<p><a id=\"seeMore\" onclick=\"toggleSeeMore()\" href=\"javascript:void(0);\">Lesen Sie mehr<\/a><\/p>\n","protected":false},"featured_media":84967,"comment_status":"open","ping_status":"closed","template":"","meta":{"inline_featured_image":false,"_mi_skip_tracking":false},"product_cat":[342,320],"product_tag":[],"class_list":["post-91553","product","type-product","status-publish","has-post-thumbnail","hentry","product_cat-canyoning-welschland","product_cat-canyoning-in-der-schweiz-und-umgebung"],"yoast_head":"<!-- This site is optimized with the Yoast SEO plugin v23.6 - https:\/\/yoast.com\/wordpress\/plugins\/seo\/ -->\n<title>Canyoning in der Torneresse unterhalb von L&#039;\u00c9tivaz. F\u00fcr alle<\/title>\n<meta name=\"description\" content=\"Canyoning in der Torneresse unterhalb von L&#039;\u00c9tivaz in Greyerzerland. Zug\u00e4nglich f\u00fcr alle, die das Canyoning entdecken m\u00f6chten. Rutschen, Abseilen, ein Genuss.\" \/>\n<meta name=\"robots\" content=\"index, follow, max-snippet:-1, max-image-preview:large, max-video-preview:-1\" \/>\n<link rel=\"canonical\" href=\"https:\/\/www.swissraft.ch\/de\/produkt\/canyoning-kanton-wadt-la-torneresse\/\" \/>\n<meta property=\"og:locale\" content=\"de_DE\" \/>\n<meta property=\"og:type\" content=\"article\" \/>\n<meta property=\"og:title\" content=\"Canyoning in der Torneresse unterhalb von L&#039;\u00c9tivaz. F\u00fcr alle\" \/>\n<meta property=\"og:description\" content=\"Canyoning in der Torneresse unterhalb von L&#039;\u00c9tivaz in Greyerzerland. Zug\u00e4nglich f\u00fcr alle, die das Canyoning entdecken m\u00f6chten. Rutschen, Abseilen, ein Genuss.\" \/>\n<meta property=\"og:url\" content=\"https:\/\/www.swissraft.ch\/de\/produkt\/canyoning-kanton-wadt-la-torneresse\/\" \/>\n<meta property=\"og:site_name\" content=\"Swissraft\" \/>\n<meta property=\"article:modified_time\" content=\"2026-04-10T04:37:25+00:00\" \/>\n<meta property=\"og:image\" content=\"https:\/\/www.swissraft.ch\/wp-content\/uploads\/2023\/02\/1-La-Torneresse-776x776-1.jpg\" \/>\n\t<meta property=\"og:image:width\" content=\"776\" \/>\n\t<meta property=\"og:image:height\" content=\"776\" \/>\n\t<meta property=\"og:image:type\" content=\"image\/jpeg\" \/>\n<meta name=\"twitter:card\" content=\"summary_large_image\" \/>\n<meta name=\"twitter:label1\" content=\"Gesch\u00e4tzte Lesezeit\" \/>\n\t<meta name=\"twitter:data1\" content=\"1\u00a0Minute\" \/>\n<script type=\"application\/ld+json\" class=\"yoast-schema-graph\">{\"@context\":\"https:\/\/schema.org\",\"@graph\":[{\"@type\":\"WebPage\",\"@id\":\"https:\/\/www.swissraft.ch\/de\/produkt\/canyoning-kanton-wadt-la-torneresse\/\",\"url\":\"https:\/\/www.swissraft.ch\/de\/produkt\/canyoning-kanton-wadt-la-torneresse\/\",\"name\":\"Canyoning in der Torneresse unterhalb von L'\u00c9tivaz. F\u00fcr alle\",\"isPartOf\":{\"@id\":\"https:\/\/www.swissraft.ch\/de\/#website\"},\"primaryImageOfPage\":{\"@id\":\"https:\/\/www.swissraft.ch\/de\/produkt\/canyoning-kanton-wadt-la-torneresse\/#primaryimage\"},\"image\":{\"@id\":\"https:\/\/www.swissraft.ch\/de\/produkt\/canyoning-kanton-wadt-la-torneresse\/#primaryimage\"},\"thumbnailUrl\":\"https:\/\/www.swissraft.ch\/wp-content\/uploads\/2023\/02\/1-La-Torneresse-776x776-1.jpg\",\"datePublished\":\"2023-02-19T16:32:54+00:00\",\"dateModified\":\"2026-04-10T04:37:25+00:00\",\"description\":\"Canyoning in der Torneresse unterhalb von L'\u00c9tivaz in Greyerzerland. Zug\u00e4nglich f\u00fcr alle, die das Canyoning entdecken m\u00f6chten. Rutschen, Abseilen, ein Genuss.\",\"breadcrumb\":{\"@id\":\"https:\/\/www.swissraft.ch\/de\/produkt\/canyoning-kanton-wadt-la-torneresse\/#breadcrumb\"},\"inLanguage\":\"de\",\"potentialAction\":[{\"@type\":\"ReadAction\",\"target\":[\"https:\/\/www.swissraft.ch\/de\/produkt\/canyoning-kanton-wadt-la-torneresse\/\"]}]},{\"@type\":\"ImageObject\",\"inLanguage\":\"de\",\"@id\":\"https:\/\/www.swissraft.ch\/de\/produkt\/canyoning-kanton-wadt-la-torneresse\/#primaryimage\",\"url\":\"https:\/\/www.swissraft.ch\/wp-content\/uploads\/2023\/02\/1-La-Torneresse-776x776-1.jpg\",\"contentUrl\":\"https:\/\/www.swissraft.ch\/wp-content\/uploads\/2023\/02\/1-La-Torneresse-776x776-1.jpg\",\"width\":776,\"height\":776,\"caption\":\"Canyon de La Torneresse unterhalb von L'\u00c9tivaz\"},{\"@type\":\"BreadcrumbList\",\"@id\":\"https:\/\/www.swissraft.ch\/de\/produkt\/canyoning-kanton-wadt-la-torneresse\/#breadcrumb\",\"itemListElement\":[{\"@type\":\"ListItem\",\"position\":1,\"name\":\"Accueil\",\"item\":\"https:\/\/www.swissraft.ch\/de\/\"},{\"@type\":\"ListItem\",\"position\":2,\"name\":\"Shop\",\"item\":\"https:\/\/www.swissraft.ch\/de\/shop\/\"},{\"@type\":\"ListItem\",\"position\":3,\"name\":\"Canyoning im Kanton Waadt &#8211; Die Torneresse &#8211; Ab CHF 103.20\"}]},{\"@type\":\"WebSite\",\"@id\":\"https:\/\/www.swissraft.ch\/de\/#website\",\"url\":\"https:\/\/www.swissraft.ch\/de\/\",\"name\":\"Swissraft\",\"description\":\"To enjoy nature as it is\",\"publisher\":{\"@id\":\"https:\/\/www.swissraft.ch\/de\/#organization\"},\"potentialAction\":[{\"@type\":\"SearchAction\",\"target\":{\"@type\":\"EntryPoint\",\"urlTemplate\":\"https:\/\/www.swissraft.ch\/de\/?s={search_term_string}\"},\"query-input\":{\"@type\":\"PropertyValueSpecification\",\"valueRequired\":true,\"valueName\":\"search_term_string\"}}],\"inLanguage\":\"de\"},{\"@type\":\"Organization\",\"@id\":\"https:\/\/www.swissraft.ch\/de\/#organization\",\"name\":\"Swissraft\",\"url\":\"https:\/\/www.swissraft.ch\/de\/\",\"logo\":{\"@type\":\"ImageObject\",\"inLanguage\":\"de\",\"@id\":\"https:\/\/www.swissraft.ch\/de\/#\/schema\/logo\/image\/\",\"url\":\"https:\/\/www.swissraft.ch\/wp-content\/uploads\/2025\/09\/Capture.jpg\",\"contentUrl\":\"https:\/\/www.swissraft.ch\/wp-content\/uploads\/2025\/09\/Capture.jpg\",\"width\":293,\"height\":108,\"caption\":\"Swissraft\"},\"image\":{\"@id\":\"https:\/\/www.swissraft.ch\/de\/#\/schema\/logo\/image\/\"}}]}<\/script>\n<!-- \/ Yoast SEO plugin. -->","yoast_head_json":{"title":"Canyoning in der Torneresse unterhalb von L'\u00c9tivaz. F\u00fcr alle","description":"Canyoning in der Torneresse unterhalb von L'\u00c9tivaz in Greyerzerland. Zug\u00e4nglich f\u00fcr alle, die das Canyoning entdecken m\u00f6chten. Rutschen, Abseilen, ein Genuss.","robots":{"index":"index","follow":"follow","max-snippet":"max-snippet:-1","max-image-preview":"max-image-preview:large","max-video-preview":"max-video-preview:-1"},"canonical":"https:\/\/www.swissraft.ch\/de\/produkt\/canyoning-kanton-wadt-la-torneresse\/","og_locale":"de_DE","og_type":"article","og_title":"Canyoning in der Torneresse unterhalb von L'\u00c9tivaz. F\u00fcr alle","og_description":"Canyoning in der Torneresse unterhalb von L'\u00c9tivaz in Greyerzerland. Zug\u00e4nglich f\u00fcr alle, die das Canyoning entdecken m\u00f6chten. Rutschen, Abseilen, ein Genuss.","og_url":"https:\/\/www.swissraft.ch\/de\/produkt\/canyoning-kanton-wadt-la-torneresse\/","og_site_name":"Swissraft","article_modified_time":"2026-04-10T04:37:25+00:00","og_image":[{"width":776,"height":776,"url":"https:\/\/www.swissraft.ch\/wp-content\/uploads\/2023\/02\/1-La-Torneresse-776x776-1.jpg","type":"image\/jpeg"}],"twitter_card":"summary_large_image","twitter_misc":{"Gesch\u00e4tzte Lesezeit":"1\u00a0Minute"},"schema":{"@context":"https:\/\/schema.org","@graph":[{"@type":"WebPage","@id":"https:\/\/www.swissraft.ch\/de\/produkt\/canyoning-kanton-wadt-la-torneresse\/","url":"https:\/\/www.swissraft.ch\/de\/produkt\/canyoning-kanton-wadt-la-torneresse\/","name":"Canyoning in der Torneresse unterhalb von L'\u00c9tivaz. F\u00fcr alle","isPartOf":{"@id":"https:\/\/www.swissraft.ch\/de\/#website"},"primaryImageOfPage":{"@id":"https:\/\/www.swissraft.ch\/de\/produkt\/canyoning-kanton-wadt-la-torneresse\/#primaryimage"},"image":{"@id":"https:\/\/www.swissraft.ch\/de\/produkt\/canyoning-kanton-wadt-la-torneresse\/#primaryimage"},"thumbnailUrl":"https:\/\/www.swissraft.ch\/wp-content\/uploads\/2023\/02\/1-La-Torneresse-776x776-1.jpg","datePublished":"2023-02-19T16:32:54+00:00","dateModified":"2026-04-10T04:37:25+00:00","description":"Canyoning in der Torneresse unterhalb von L'\u00c9tivaz in Greyerzerland. Zug\u00e4nglich f\u00fcr alle, die das Canyoning entdecken m\u00f6chten. Rutschen, Abseilen, ein Genuss.","breadcrumb":{"@id":"https:\/\/www.swissraft.ch\/de\/produkt\/canyoning-kanton-wadt-la-torneresse\/#breadcrumb"},"inLanguage":"de","potentialAction":[{"@type":"ReadAction","target":["https:\/\/www.swissraft.ch\/de\/produkt\/canyoning-kanton-wadt-la-torneresse\/"]}]},{"@type":"ImageObject","inLanguage":"de","@id":"https:\/\/www.swissraft.ch\/de\/produkt\/canyoning-kanton-wadt-la-torneresse\/#primaryimage","url":"https:\/\/www.swissraft.ch\/wp-content\/uploads\/2023\/02\/1-La-Torneresse-776x776-1.jpg","contentUrl":"https:\/\/www.swissraft.ch\/wp-content\/uploads\/2023\/02\/1-La-Torneresse-776x776-1.jpg","width":776,"height":776,"caption":"Canyon de La Torneresse unterhalb von L'\u00c9tivaz"},{"@type":"BreadcrumbList","@id":"https:\/\/www.swissraft.ch\/de\/produkt\/canyoning-kanton-wadt-la-torneresse\/#breadcrumb","itemListElement":[{"@type":"ListItem","position":1,"name":"Accueil","item":"https:\/\/www.swissraft.ch\/de\/"},{"@type":"ListItem","position":2,"name":"Shop","item":"https:\/\/www.swissraft.ch\/de\/shop\/"},{"@type":"ListItem","position":3,"name":"Canyoning im Kanton Waadt &#8211; Die Torneresse &#8211; Ab CHF 103.20"}]},{"@type":"WebSite","@id":"https:\/\/www.swissraft.ch\/de\/#website","url":"https:\/\/www.swissraft.ch\/de\/","name":"Swissraft","description":"To enjoy nature as it is","publisher":{"@id":"https:\/\/www.swissraft.ch\/de\/#organization"},"potentialAction":[{"@type":"SearchAction","target":{"@type":"EntryPoint","urlTemplate":"https:\/\/www.swissraft.ch\/de\/?s={search_term_string}"},"query-input":{"@type":"PropertyValueSpecification","valueRequired":true,"valueName":"search_term_string"}}],"inLanguage":"de"},{"@type":"Organization","@id":"https:\/\/www.swissraft.ch\/de\/#organization","name":"Swissraft","url":"https:\/\/www.swissraft.ch\/de\/","logo":{"@type":"ImageObject","inLanguage":"de","@id":"https:\/\/www.swissraft.ch\/de\/#\/schema\/logo\/image\/","url":"https:\/\/www.swissraft.ch\/wp-content\/uploads\/2025\/09\/Capture.jpg","contentUrl":"https:\/\/www.swissraft.ch\/wp-content\/uploads\/2025\/09\/Capture.jpg","width":293,"height":108,"caption":"Swissraft"},"image":{"@id":"https:\/\/www.swissraft.ch\/de\/#\/schema\/logo\/image\/"}}]}},"_links":{"self":[{"href":"https:\/\/www.swissraft.ch\/de\/wp-json\/wp\/v2\/product\/91553","targetHints":{"allow":["GET"]}}],"collection":[{"href":"https:\/\/www.swissraft.ch\/de\/wp-json\/wp\/v2\/product"}],"about":[{"href":"https:\/\/www.swissraft.ch\/de\/wp-json\/wp\/v2\/types\/product"}],"replies":[{"embeddable":true,"href":"https:\/\/www.swissraft.ch\/de\/wp-json\/wp\/v2\/comments?post=91553"}],"version-history":[{"count":49,"href":"https:\/\/www.swissraft.ch\/de\/wp-json\/wp\/v2\/product\/91553\/revisions"}],"predecessor-version":[{"id":138975,"href":"https:\/\/www.swissraft.ch\/de\/wp-json\/wp\/v2\/product\/91553\/revisions\/138975"}],"wp:featuredmedia":[{"embeddable":true,"href":"https:\/\/www.swissraft.ch\/de\/wp-json\/wp\/v2\/media\/84967"}],"wp:attachment":[{"href":"https:\/\/www.swissraft.ch\/de\/wp-json\/wp\/v2\/media?parent=91553"}],"wp:term":[{"taxonomy":"product_cat","embeddable":true,"href":"https:\/\/www.swissraft.ch\/de\/wp-json\/wp\/v2\/product_cat?post=91553"},{"taxonomy":"product_tag","embeddable":true,"href":"https:\/\/www.swissraft.ch\/de\/wp-json\/wp\/v2\/product_tag?post=91553"}],"curies":[{"name":"wp","href":"https:\/\/api.w.org\/{rel}","templated":true}]}}