{"id":91549,"date":"2023-02-22T22:27:40","date_gmt":"2023-02-22T21:27:40","guid":{"rendered":"https:\/\/swissraft.xyanzkdne.eu\/product\/canyoning-in-valais-la-raspille-ab-chf-104-00\/"},"modified":"2026-04-10T22:03:54","modified_gmt":"2026-04-10T20:03:54","slug":"canyoning-wallis-raspille","status":"publish","type":"product","link":"https:\/\/www.swissraft.ch\/de\/produkt\/canyoning-wallis-raspille\/","title":{"rendered":"Canyoning im Wallis &#8211; Die Raspille &#8211; Ab CHF 104.00"},"content":{"rendered":"\t\t<div data-elementor-type=\"wp-post\" data-elementor-id=\"91549\" class=\"elementor elementor-91549 elementor-31162\">\n\t\t\t\t\t\t\t\t\t<section class=\"elementor-section elementor-top-section elementor-element elementor-element-3303a7e3 elementor-section-boxed elementor-section-height-default elementor-section-height-default\" data-id=\"3303a7e3\" data-element_type=\"section\">\n\t\t\t\t\t\t<div class=\"elementor-container elementor-column-gap-default\">\n\t\t\t\t\t<div class=\"elementor-column elementor-col-100 elementor-top-column elementor-element elementor-element-16d72dbf\" data-id=\"16d72dbf\" data-element_type=\"column\">\n\t\t\t<div class=\"elementor-widget-wrap elementor-element-populated\">\n\t\t\t\t\t\t\t\t<div class=\"elementor-element elementor-element-d743c03 elementor-widget elementor-widget-text-editor\" data-id=\"d743c03\" data-element_type=\"widget\" data-widget_type=\"text-editor.default\">\n\t\t\t\t<div class=\"elementor-widget-container\">\n\t\t\t\t\t\t\t<h2>W\u00c4HLEN SIE UNTEN IHRE AKTIVIT\u00c4T AUS, UM GESCHENKGUTSCHEINE \/ TICKETS ZU VERSCHENKEN ODER ZU BUCHEN<\/h2><table border=\"0\" width=\"580\" cellspacing=\"10\" cellpadding=\"10\"><tbody><tr><td width=\"50%\"><strong>1) CANYONING &#8211; RASPILLE + Imbiss<\/strong><\/td><td><strong>CHF 130.00 pro Person<span class=\"productPrice\"><br \/><\/span><\/strong><\/td><\/tr><tr><td>Zus\u00e4tzliche Informationen<\/td><td>&#8211; <span class=\"plbl\"> Schulpreis : <strong>CHF 105.00<\/strong>\/Pers.<\/span><strong>\u00a0<\/strong><span class=\"patt\"><br \/><\/span> &#8211; <span class=\"patt\">Ab 10 Pers. 10% : <strong>CHF 117.00<\/strong>\/Pers.<br \/>&#8211; Ab 21 Pers. 20% : <strong>CHF 104.00<\/strong>\/Pers. <br \/><\/span><span class=\"plbl\">&#8211; Kein zus\u00e4tzlicher Rabatt auf den Schulpreis<br \/>&#8211; Mindestalter : 8 j\u00e4hrig<br \/>&#8211; <\/span><span class=\"patt\">Sonniger Canyon<\/span><\/td><\/tr><tr><td>Startzeiten<\/td><td>09.00 Uhr \/ 14.00 Uhr<\/td><\/tr><tr><td>Canyoning<\/td><td>ca. 1,5 Std.<\/td><\/tr><tr><td>Gesamtdauer<\/td><td>ca. 3,5 Std.<\/td><\/tr><tr><td>Treffpunkt<\/td><td><a href=\"https:\/\/www.google.com\/maps\/place\/46%C2%B017'36.8%22N+7%C2%B033'29.6%22E\/@46.2937223,7.5537054,780m\/data=!3m1!1e3!4m4!3m3!8m2!3d46.2935556!4d7.5582222?entry=ttu\" target=\"_blank\" rel=\"noopener\">Siders<\/a><\/td><\/tr><tr><td>Schwierigkeitsgrad<\/td><td>1<\/td><\/tr><tr><td><button class=\"elementor-button\" type=\"button\"><a href=\"https:\/\/swissraft.outdoorbooking.ch\/fo\/products\/1172?base_id=82&amp;category_id=2&amp;order_type=gift_voucher&amp;lang=de\" target=\"_blank\" rel=\"noopener\">GUTSCHEIN \/ TICKET KAUFEN<\/a><\/button><\/td><td style=\"text-align: left;\"><span style=\"color: #ff6600;\"><a href=\"https:\/\/swissraft.outdoorbooking.ch\/fo\/products\/1172?base_id=82&amp;category_id=2&amp;order_type=event&amp;lang=de\" target=\"_blank\" rel=\"noopener\">RESERVIEREN SIE EIN DATUM<\/a><\/span><\/td><\/tr><\/tbody><\/table><table border=\"0\" width=\"580\" cellspacing=\"10\" cellpadding=\"10\"><tbody><tr><td width=\"50%\"><strong>2) CANYONING &#8211; RASPILLE &#8211; Seilrutsche + Imbiss<\/strong><\/td><td><strong>CHF 150.00 pro Person<span class=\"productPrice\"><br \/><\/span><\/strong><\/td><\/tr><tr><td>Zus\u00e4tzliche Informationen<\/td><td><span class=\"plbl\">&#8211; <\/span><span class=\"patt\">Ab 10 Pers. 10%: <strong>CHF 135.00<\/strong>\/Pers.<br \/>&#8211; Ab 21 Pers. 20% : <strong>CHF 120.00<\/strong>\/Pers.<strong><br \/><\/strong>&#8211; Mindestalter : 14 j\u00e4hrig<br \/><\/span><span class=\"plbl\">&#8211; <\/span><span class=\"patt\">Sonniger Canyon<\/span><\/td><\/tr><tr><td>Startzeit<\/td><td>09:00 Uhr<\/td><\/tr><tr><td>Canyoning<\/td><td>ca. 2,5 Std.<\/td><\/tr><tr><td>Gesamtdauer<\/td><td>ca. 4,5 Std.<\/td><\/tr><tr><td>Treffpunkt<\/td><td><a href=\"https:\/\/www.google.com\/maps\/place\/46%C2%B017'36.8%22N+7%C2%B033'29.6%22E\/@46.2937223,7.5537054,780m\/data=!3m1!1e3!4m4!3m3!8m2!3d46.2935556!4d7.5582222?entry=ttu\" target=\"_blank\" rel=\"noopener\">Siders<\/a><\/td><\/tr><tr><td>Schwierigkeitsgrad<\/td><td>1-2<\/td><\/tr><tr><td><button class=\"elementor-button\" type=\"button\"><a href=\"https:\/\/swissraft.outdoorbooking.ch\/fo\/products\/1276?base_id=82&amp;category_id=2&amp;order_type=gift_voucher&amp;lang=de\" target=\"_blank\" rel=\"noopener\">GUTSCHEIN \/ TICKET KAUFEN<\/a><\/button><\/td><td><span style=\"color: #ff6600;\"><a href=\"https:\/\/swissraft.outdoorbooking.ch\/fo\/products\/1276?base_id=82&amp;category_id=2&amp;order_type=event&amp;lang=de\" target=\"_blank\" rel=\"noopener\">RESERVIEREN SIE EIN DATUM<\/a><\/span><\/td><\/tr><\/tbody><\/table>\t\t\t\t\t\t<\/div>\n\t\t\t\t<\/div>\n\t\t\t\t\t<\/div>\n\t\t<\/div>\n\t\t\t\t\t\t\t<\/div>\n\t\t<\/section>\n\t\t\t\t\t\t\t<\/div>\n\t\t","protected":false},"excerpt":{"rendered":"<div align=\"justify\">\n<h2 align=\"justify\">Canyoning in La Raspille im Wallis mit zwei Strecken<\/h2>\n<h3>Der Canyon von La Raspille mit einer Seilrutsche als Bonus<\/h3>\n<\/div>\n<div align=\"justify\">\n<p>Der La Raspille Canyon im Wallis ist zwischen den Orten Crans Montana und Aminona eingebettet. Sie m\u00fcssen in guter k\u00f6rperlicher Kondition sein, um diesen Ort zu erkunden, der ohne einen F\u00fchrer nicht zug\u00e4nglich ist. Au\u00dferdem ist diese Canyon komplett, mit Schwimmen, Springen und Abseilen. Zun\u00e4chst machen Sie einen kleinen Spaziergang, bevor Sie in diese erstaunliche Natursch\u00f6nheit eintauchen. Das Beste ist, dass Sie von einem Reiseleiter begleitet werden, der Sie w\u00e4hrend des gesamten Abenteuers betreut. Es gibt zwei m\u00f6gliche Routen: eine ohne und eine mit der Seilrutsche, um das Abenteuer zu intensivieren.<\/p>\n<h3>Im Wallis gibt es zahlreiche Alternativen zum La Raspille Canyon.<\/h3>\n<p id=\"textarea\" style=\"display: none;\">\nEbenfalls im Wallis erwarten Sie Canyons wie Morge oder Rogne und viele andere. Swissraft bietet auch Canyoning im Kanton Waadt mit der Torneresse in Richtung des Col des Mosses an. Aber auch im Tessin gibt es eine gro\u00dfe Anzahl von Schluchten mit verschiedenen Schwierigkeitsgraden von leicht bis schwer. Au\u00dferdem bieten wir Canyons im Berner Oberland in der Umgebung von Interlaken an. In Kanton St. Gallen gibt es den Amden Canyon mit einer 40 m langen Abseilstrecke \u00fcber einen Damm. Schlie\u00dflich die Viamala-Schlucht mit ihren \u00fcber 150 m hohen Felsw\u00e4nden.\n<\/p>\n<p><a id=\"seeMore\" onclick=\"toggleSeeMore()\" href=\"javascript:void(0);\">Lesen Sie mehr<\/a><\/p>\n","protected":false},"featured_media":84979,"comment_status":"open","ping_status":"closed","template":"","meta":{"inline_featured_image":false,"_mi_skip_tracking":false},"product_cat":[335,320],"product_tag":[],"class_list":["post-91549","product","type-product","status-publish","has-post-thumbnail","hentry","product_cat-canyoning-wallis-italien","product_cat-canyoning-in-der-schweiz-und-umgebung"],"yoast_head":"<!-- This site is optimized with the Yoast SEO plugin v23.6 - https:\/\/yoast.com\/wordpress\/plugins\/seo\/ -->\n<title>Canyoning in La Raspille im Wallis. F\u00fcr Sportler und Anf\u00e4nger<\/title>\n<meta name=\"description\" content=\"Canyoning in La Raspille im Wallis ist ein Muss. Spr\u00fcnge, Abseilen und Rutschen stehen auf dem Programm. La Raspille liegt zwischen Crans Montana und Aminona.\" \/>\n<meta name=\"robots\" content=\"index, follow, max-snippet:-1, max-image-preview:large, max-video-preview:-1\" \/>\n<link rel=\"canonical\" href=\"https:\/\/www.swissraft.ch\/de\/produkt\/canyoning-wallis-raspille\/\" \/>\n<meta property=\"og:locale\" content=\"de_DE\" \/>\n<meta property=\"og:type\" content=\"article\" \/>\n<meta property=\"og:title\" content=\"Canyoning in La Raspille im Wallis. F\u00fcr Sportler und Anf\u00e4nger\" \/>\n<meta property=\"og:description\" content=\"Canyoning in La Raspille im Wallis ist ein Muss. Spr\u00fcnge, Abseilen und Rutschen stehen auf dem Programm. La Raspille liegt zwischen Crans Montana und Aminona.\" \/>\n<meta property=\"og:url\" content=\"https:\/\/www.swissraft.ch\/de\/produkt\/canyoning-wallis-raspille\/\" \/>\n<meta property=\"og:site_name\" content=\"Swissraft\" \/>\n<meta property=\"article:modified_time\" content=\"2026-04-10T20:03:54+00:00\" \/>\n<meta property=\"og:image\" content=\"https:\/\/www.swissraft.ch\/wp-content\/uploads\/2023\/02\/1-La-Raspille-776x776-2.jpg\" \/>\n\t<meta property=\"og:image:width\" content=\"776\" \/>\n\t<meta property=\"og:image:height\" content=\"776\" \/>\n\t<meta property=\"og:image:type\" content=\"image\/jpeg\" \/>\n<meta name=\"twitter:card\" content=\"summary_large_image\" \/>\n<meta name=\"twitter:label1\" content=\"Gesch\u00e4tzte Lesezeit\" \/>\n\t<meta name=\"twitter:data1\" content=\"1\u00a0Minute\" \/>\n<script type=\"application\/ld+json\" class=\"yoast-schema-graph\">{\"@context\":\"https:\/\/schema.org\",\"@graph\":[{\"@type\":\"WebPage\",\"@id\":\"https:\/\/www.swissraft.ch\/de\/produkt\/canyoning-wallis-raspille\/\",\"url\":\"https:\/\/www.swissraft.ch\/de\/produkt\/canyoning-wallis-raspille\/\",\"name\":\"Canyoning in La Raspille im Wallis. F\u00fcr Sportler und Anf\u00e4nger\",\"isPartOf\":{\"@id\":\"https:\/\/www.swissraft.ch\/de\/#website\"},\"primaryImageOfPage\":{\"@id\":\"https:\/\/www.swissraft.ch\/de\/produkt\/canyoning-wallis-raspille\/#primaryimage\"},\"image\":{\"@id\":\"https:\/\/www.swissraft.ch\/de\/produkt\/canyoning-wallis-raspille\/#primaryimage\"},\"thumbnailUrl\":\"https:\/\/www.swissraft.ch\/wp-content\/uploads\/2023\/02\/1-La-Raspille-776x776-2.jpg\",\"datePublished\":\"2023-02-22T21:27:40+00:00\",\"dateModified\":\"2026-04-10T20:03:54+00:00\",\"description\":\"Canyoning in La Raspille im Wallis ist ein Muss. Spr\u00fcnge, Abseilen und Rutschen stehen auf dem Programm. La Raspille liegt zwischen Crans Montana und Aminona.\",\"breadcrumb\":{\"@id\":\"https:\/\/www.swissraft.ch\/de\/produkt\/canyoning-wallis-raspille\/#breadcrumb\"},\"inLanguage\":\"de\",\"potentialAction\":[{\"@type\":\"ReadAction\",\"target\":[\"https:\/\/www.swissraft.ch\/de\/produkt\/canyoning-wallis-raspille\/\"]}]},{\"@type\":\"ImageObject\",\"inLanguage\":\"de\",\"@id\":\"https:\/\/www.swissraft.ch\/de\/produkt\/canyoning-wallis-raspille\/#primaryimage\",\"url\":\"https:\/\/www.swissraft.ch\/wp-content\/uploads\/2023\/02\/1-La-Raspille-776x776-2.jpg\",\"contentUrl\":\"https:\/\/www.swissraft.ch\/wp-content\/uploads\/2023\/02\/1-La-Raspille-776x776-2.jpg\",\"width\":776,\"height\":776,\"caption\":\"La Raspille Canyon im Wallis\"},{\"@type\":\"BreadcrumbList\",\"@id\":\"https:\/\/www.swissraft.ch\/de\/produkt\/canyoning-wallis-raspille\/#breadcrumb\",\"itemListElement\":[{\"@type\":\"ListItem\",\"position\":1,\"name\":\"Accueil\",\"item\":\"https:\/\/www.swissraft.ch\/de\/\"},{\"@type\":\"ListItem\",\"position\":2,\"name\":\"Shop\",\"item\":\"https:\/\/www.swissraft.ch\/de\/shop\/\"},{\"@type\":\"ListItem\",\"position\":3,\"name\":\"Canyoning im Wallis &#8211; Die Raspille &#8211; Ab CHF 104.00\"}]},{\"@type\":\"WebSite\",\"@id\":\"https:\/\/www.swissraft.ch\/de\/#website\",\"url\":\"https:\/\/www.swissraft.ch\/de\/\",\"name\":\"Swissraft\",\"description\":\"To enjoy nature as it is\",\"publisher\":{\"@id\":\"https:\/\/www.swissraft.ch\/de\/#organization\"},\"potentialAction\":[{\"@type\":\"SearchAction\",\"target\":{\"@type\":\"EntryPoint\",\"urlTemplate\":\"https:\/\/www.swissraft.ch\/de\/?s={search_term_string}\"},\"query-input\":{\"@type\":\"PropertyValueSpecification\",\"valueRequired\":true,\"valueName\":\"search_term_string\"}}],\"inLanguage\":\"de\"},{\"@type\":\"Organization\",\"@id\":\"https:\/\/www.swissraft.ch\/de\/#organization\",\"name\":\"Swissraft\",\"url\":\"https:\/\/www.swissraft.ch\/de\/\",\"logo\":{\"@type\":\"ImageObject\",\"inLanguage\":\"de\",\"@id\":\"https:\/\/www.swissraft.ch\/de\/#\/schema\/logo\/image\/\",\"url\":\"https:\/\/www.swissraft.ch\/wp-content\/uploads\/2025\/09\/Capture.jpg\",\"contentUrl\":\"https:\/\/www.swissraft.ch\/wp-content\/uploads\/2025\/09\/Capture.jpg\",\"width\":293,\"height\":108,\"caption\":\"Swissraft\"},\"image\":{\"@id\":\"https:\/\/www.swissraft.ch\/de\/#\/schema\/logo\/image\/\"}}]}<\/script>\n<!-- \/ Yoast SEO plugin. -->","yoast_head_json":{"title":"Canyoning in La Raspille im Wallis. F\u00fcr Sportler und Anf\u00e4nger","description":"Canyoning in La Raspille im Wallis ist ein Muss. Spr\u00fcnge, Abseilen und Rutschen stehen auf dem Programm. La Raspille liegt zwischen Crans Montana und Aminona.","robots":{"index":"index","follow":"follow","max-snippet":"max-snippet:-1","max-image-preview":"max-image-preview:large","max-video-preview":"max-video-preview:-1"},"canonical":"https:\/\/www.swissraft.ch\/de\/produkt\/canyoning-wallis-raspille\/","og_locale":"de_DE","og_type":"article","og_title":"Canyoning in La Raspille im Wallis. F\u00fcr Sportler und Anf\u00e4nger","og_description":"Canyoning in La Raspille im Wallis ist ein Muss. Spr\u00fcnge, Abseilen und Rutschen stehen auf dem Programm. La Raspille liegt zwischen Crans Montana und Aminona.","og_url":"https:\/\/www.swissraft.ch\/de\/produkt\/canyoning-wallis-raspille\/","og_site_name":"Swissraft","article_modified_time":"2026-04-10T20:03:54+00:00","og_image":[{"width":776,"height":776,"url":"https:\/\/www.swissraft.ch\/wp-content\/uploads\/2023\/02\/1-La-Raspille-776x776-2.jpg","type":"image\/jpeg"}],"twitter_card":"summary_large_image","twitter_misc":{"Gesch\u00e4tzte Lesezeit":"1\u00a0Minute"},"schema":{"@context":"https:\/\/schema.org","@graph":[{"@type":"WebPage","@id":"https:\/\/www.swissraft.ch\/de\/produkt\/canyoning-wallis-raspille\/","url":"https:\/\/www.swissraft.ch\/de\/produkt\/canyoning-wallis-raspille\/","name":"Canyoning in La Raspille im Wallis. F\u00fcr Sportler und Anf\u00e4nger","isPartOf":{"@id":"https:\/\/www.swissraft.ch\/de\/#website"},"primaryImageOfPage":{"@id":"https:\/\/www.swissraft.ch\/de\/produkt\/canyoning-wallis-raspille\/#primaryimage"},"image":{"@id":"https:\/\/www.swissraft.ch\/de\/produkt\/canyoning-wallis-raspille\/#primaryimage"},"thumbnailUrl":"https:\/\/www.swissraft.ch\/wp-content\/uploads\/2023\/02\/1-La-Raspille-776x776-2.jpg","datePublished":"2023-02-22T21:27:40+00:00","dateModified":"2026-04-10T20:03:54+00:00","description":"Canyoning in La Raspille im Wallis ist ein Muss. Spr\u00fcnge, Abseilen und Rutschen stehen auf dem Programm. La Raspille liegt zwischen Crans Montana und Aminona.","breadcrumb":{"@id":"https:\/\/www.swissraft.ch\/de\/produkt\/canyoning-wallis-raspille\/#breadcrumb"},"inLanguage":"de","potentialAction":[{"@type":"ReadAction","target":["https:\/\/www.swissraft.ch\/de\/produkt\/canyoning-wallis-raspille\/"]}]},{"@type":"ImageObject","inLanguage":"de","@id":"https:\/\/www.swissraft.ch\/de\/produkt\/canyoning-wallis-raspille\/#primaryimage","url":"https:\/\/www.swissraft.ch\/wp-content\/uploads\/2023\/02\/1-La-Raspille-776x776-2.jpg","contentUrl":"https:\/\/www.swissraft.ch\/wp-content\/uploads\/2023\/02\/1-La-Raspille-776x776-2.jpg","width":776,"height":776,"caption":"La Raspille Canyon im Wallis"},{"@type":"BreadcrumbList","@id":"https:\/\/www.swissraft.ch\/de\/produkt\/canyoning-wallis-raspille\/#breadcrumb","itemListElement":[{"@type":"ListItem","position":1,"name":"Accueil","item":"https:\/\/www.swissraft.ch\/de\/"},{"@type":"ListItem","position":2,"name":"Shop","item":"https:\/\/www.swissraft.ch\/de\/shop\/"},{"@type":"ListItem","position":3,"name":"Canyoning im Wallis &#8211; Die Raspille &#8211; Ab CHF 104.00"}]},{"@type":"WebSite","@id":"https:\/\/www.swissraft.ch\/de\/#website","url":"https:\/\/www.swissraft.ch\/de\/","name":"Swissraft","description":"To enjoy nature as it is","publisher":{"@id":"https:\/\/www.swissraft.ch\/de\/#organization"},"potentialAction":[{"@type":"SearchAction","target":{"@type":"EntryPoint","urlTemplate":"https:\/\/www.swissraft.ch\/de\/?s={search_term_string}"},"query-input":{"@type":"PropertyValueSpecification","valueRequired":true,"valueName":"search_term_string"}}],"inLanguage":"de"},{"@type":"Organization","@id":"https:\/\/www.swissraft.ch\/de\/#organization","name":"Swissraft","url":"https:\/\/www.swissraft.ch\/de\/","logo":{"@type":"ImageObject","inLanguage":"de","@id":"https:\/\/www.swissraft.ch\/de\/#\/schema\/logo\/image\/","url":"https:\/\/www.swissraft.ch\/wp-content\/uploads\/2025\/09\/Capture.jpg","contentUrl":"https:\/\/www.swissraft.ch\/wp-content\/uploads\/2025\/09\/Capture.jpg","width":293,"height":108,"caption":"Swissraft"},"image":{"@id":"https:\/\/www.swissraft.ch\/de\/#\/schema\/logo\/image\/"}}]}},"_links":{"self":[{"href":"https:\/\/www.swissraft.ch\/de\/wp-json\/wp\/v2\/product\/91549","targetHints":{"allow":["GET"]}}],"collection":[{"href":"https:\/\/www.swissraft.ch\/de\/wp-json\/wp\/v2\/product"}],"about":[{"href":"https:\/\/www.swissraft.ch\/de\/wp-json\/wp\/v2\/types\/product"}],"replies":[{"embeddable":true,"href":"https:\/\/www.swissraft.ch\/de\/wp-json\/wp\/v2\/comments?post=91549"}],"version-history":[{"count":24,"href":"https:\/\/www.swissraft.ch\/de\/wp-json\/wp\/v2\/product\/91549\/revisions"}],"predecessor-version":[{"id":139026,"href":"https:\/\/www.swissraft.ch\/de\/wp-json\/wp\/v2\/product\/91549\/revisions\/139026"}],"wp:featuredmedia":[{"embeddable":true,"href":"https:\/\/www.swissraft.ch\/de\/wp-json\/wp\/v2\/media\/84979"}],"wp:attachment":[{"href":"https:\/\/www.swissraft.ch\/de\/wp-json\/wp\/v2\/media?parent=91549"}],"wp:term":[{"taxonomy":"product_cat","embeddable":true,"href":"https:\/\/www.swissraft.ch\/de\/wp-json\/wp\/v2\/product_cat?post=91549"},{"taxonomy":"product_tag","embeddable":true,"href":"https:\/\/www.swissraft.ch\/de\/wp-json\/wp\/v2\/product_tag?post=91549"}],"curies":[{"name":"wp","href":"https:\/\/api.w.org\/{rel}","templated":true}]}}