{"id":91548,"date":"2023-02-19T16:41:42","date_gmt":"2023-02-19T15:41:42","guid":{"rendered":"https:\/\/swissraft.xyanzkdne.eu\/product\/canyoning-im-tessin-das-grande-tal-ab-chf-152-15\/"},"modified":"2026-04-06T22:17:08","modified_gmt":"2026-04-06T20:17:08","slug":"canyoning-tessin-val-grande","status":"publish","type":"product","link":"https:\/\/www.swissraft.ch\/de\/produkt\/canyoning-tessin-val-grande\/","title":{"rendered":"Canyoning im Tessin &#8211; Die Val Grande &#8211; Ab CHF 152.15"},"content":{"rendered":"\t\t<div data-elementor-type=\"wp-post\" data-elementor-id=\"91548\" class=\"elementor elementor-91548 elementor-31124\">\n\t\t\t\t\t\t\t\t\t<section class=\"elementor-section elementor-top-section elementor-element elementor-element-3303a7e3 elementor-section-boxed elementor-section-height-default elementor-section-height-default\" data-id=\"3303a7e3\" data-element_type=\"section\">\n\t\t\t\t\t\t<div class=\"elementor-container elementor-column-gap-default\">\n\t\t\t\t\t<div class=\"elementor-column elementor-col-100 elementor-top-column elementor-element elementor-element-16d72dbf\" data-id=\"16d72dbf\" data-element_type=\"column\">\n\t\t\t<div class=\"elementor-widget-wrap elementor-element-populated\">\n\t\t\t\t\t\t\t\t<div class=\"elementor-element elementor-element-d743c03 elementor-widget elementor-widget-text-editor\" data-id=\"d743c03\" data-element_type=\"widget\" data-widget_type=\"text-editor.default\">\n\t\t\t\t<div class=\"elementor-widget-container\">\n\t\t\t\t\t\t\t<h2>W\u00c4HLEN SIE UNTEN IHRE AKTIVIT\u00c4T AUS, UM GESCHENKGUTSCHEINE \/ TICKETS ZU VERSCHENKEN ODER ZU BUCHEN<\/h2><table border=\"0\" width=\"580\" cellspacing=\"10\" cellpadding=\"10\"><tbody><tr><td width=\"50%\"><strong>CANYONING &#8211; VAL GRANDE + Aperitif<\/strong><\/td><td><strong>CHF 179.00 pro Person<span class=\"productPrice\"><br \/><\/span><\/strong><\/td><\/tr><tr><td>Zus\u00e4tzliche Informationen<\/td><td>&#8211; <span class=\"plbl\"> Schulpreis <\/span>: <span class=\"patt\"><strong>CHF 159.00<\/strong>\/Pers. ab 14 j\u00e4hrig<br \/><\/span> &#8211;<span class=\"plbl\"> Jugendpreis <\/span>: <span class=\"patt\"><strong>CHF 159.00<\/strong>\/Pers.<\/span><span class=\"patt\">\u00a0bis 17 j\u00e4hrig<br \/><\/span><span class=\"plbl\">&#8211; <\/span><span class=\"patt\">Ab 11 Pers. 10% : <strong>CHF 161.10<\/strong>\/Pers.<br \/>&#8211; Ab 21 Pers. 15% : <strong>CHF 152.15<\/strong>\/Pers.<strong><br \/><\/strong>&#8211; Mindestalter : 12 j\u00e4hrig<br \/><\/span><span class=\"plbl\">&#8211; <\/span><span class=\"patt\">Sonniger Canyon<\/span><\/td><\/tr><tr><td>Startzeiten<\/td><td>09:00 Uhr \/ 14:00 Uhr<\/td><\/tr><tr><td>Canyoning<\/td><td>ca. 2,5 Std.<\/td><\/tr><tr><td>Gesamtdauer<\/td><td>ca. 4,5 Std.<\/td><\/tr><tr><td>Treffpunkt<\/td><td><a href=\"https:\/\/www.google.com\/maps\/place\/46%C2%B012'39.5%22N+8%C2%B044'43.1%22E\/@46.2109978,8.7447531,98m\/data=!3m1!1e3!4m4!3m3!8m2!3d46.2109722!4d8.7453056?entry=ttu\" target=\"_blank\" rel=\"noopener\">Avegno<\/a><\/td><\/tr><tr><td>Schwierigkeitsgrad<\/td><td>2<\/td><\/tr><tr><td><button class=\"elementor-button\" type=\"button\"><a href=\"https:\/\/swissraft.outdoorbooking.ch\/fo\/products\/12?base_id=78&amp;category_id=2&amp;order_type=gift_voucher&amp;lang=de\" target=\"_blank\" rel=\"noopener\">GUTSCHEIN \/ TICKET KAUFEN<\/a><\/button><\/td><td><span style=\"color: #ff6600;\"><a href=\"https:\/\/swissraft.outdoorbooking.ch\/fo\/products\/12?base_id=78&amp;category_id=2&amp;order_type=event&amp;lang=de\" target=\"_blank\" rel=\"noopener\">RESERVIEREN SIE EIN DATUM<\/a><\/span><\/td><\/tr><\/tbody><\/table>\t\t\t\t\t\t<\/div>\n\t\t\t\t<\/div>\n\t\t\t\t\t<\/div>\n\t\t<\/div>\n\t\t\t\t\t\t\t<\/div>\n\t\t<\/section>\n\t\t\t\t\t\t\t<\/div>\n\t\t","protected":false},"excerpt":{"rendered":"<div align=\"justify\">\n<h2 align=\"justify\">Canyoning im Val Grande im Val Maggia, mit steigendem Schwierigkeitsgrad<\/h2>\n<h3>Val Grande ist ein idealer Canyon f\u00fcr Sportler, die mit dem Canyoning beginnen m\u00f6chten<\/h3>\n<\/div>\n<div align=\"justify\">\n<p>Der Val Grande <strong>Canyon<\/strong> ist ein toller Canyon f\u00fcr alle in einer herrlichen Schlucht. Die hohen Spr\u00fcnge, Rutschen und Abseilstellen sind auch f\u00fcr unerschrockene Anf\u00e4nger geeignet. Einerseits ist der Val Grande <strong>Canyon<\/strong> ideal f\u00fcr Anf\u00e4nger, da die Schwierigkeiten allm\u00e4hlich zunehmen. Und mit zunehmender H\u00f6he bietet er denjenigen, die sich mit <strong>Canyoning<\/strong> auskennen, einen Adrenalinschub. Hohe Spr\u00fcnge (die auch abgeseilt werden k\u00f6nnen), schnelle Rutschen und eindrucksvolle Abseilstellen machen diesen Canyon sehr interessant. Der H\u00f6hepunkt des Val Grande ist eine 30 m lange Abseilstelle in einem Wasserfall mit dem Namen &#8222;Mini-Niagara&#8220;. Beim Verlassen der <strong>Schlucht<\/strong> wird Sie das &#8222;Kanonenrohr&#8220; \u00fcberraschen!<\/p>\n<h3>Es gibt viele Alternativen zur Schlucht des Val Grande im Tessin.<\/h3>\n<p id=\"textarea\" style=\"display: none;\">Die Boggera-Schlucht, Corippo, Val Lodrino oder Val Cugnasco &#8211; einer sch\u00f6ner als der andere. Au\u00dferdem erinnern wir uns daran, dass wir uns im K\u00f6nigreich des Canyoning im Tessin befinden. Im Berner Oberland haben Sie die Chli Schliere, der Grimsel und nat\u00fcrlich der Saxetenbach in der N\u00e4he von Interlaken. Weiter in <strong>Wallis und in Italien<\/strong> Sie haben die Raspille, die Salanfe, die Rogne, die Morge, der Gondo, der Feschelbach, die Massa oder der Chalamy im Aostatal. Wir bieten Ihnen auch <strong>Canyoning<\/strong> in der Schlucht von La Tine de Montbovon in Greyerzerland an. Sowie die Torneresse zum Col des Mosses in der N\u00e4he von Ch\u00e2teau d&#8217;Oex. Au\u00dferdem k\u00f6nnen Sie auf dem Amden Stausee im Kanton St. Gallen das Abseilen aus 40 m h\u00f6he \u00fcben. Mehr als 25 <strong>Schluchten<\/strong> in der Schweiz, einschlie\u00dflich der Viamala-Schlucht mit ihren spektakul\u00e4ren, \u00fcber 150 m hohen W\u00e4nden.<\/p>\n<p><a id=\"seeMore\"><\/a>Lesen Sie mehr<\/p>\n<\/div>\n","protected":false},"featured_media":85159,"comment_status":"open","ping_status":"closed","template":"","meta":{"inline_featured_image":false,"_mi_skip_tracking":false},"product_cat":[321,320],"product_tag":[],"class_list":["post-91548","product","type-product","status-publish","has-post-thumbnail","hentry","product_cat-canyoning-tessin","product_cat-canyoning-in-der-schweiz-und-umgebung"],"yoast_head":"<!-- This site is optimized with the Yoast SEO plugin v23.6 - https:\/\/yoast.com\/wordpress\/plugins\/seo\/ -->\n<title>Canyoning im Val Grande im Val Maggia im Tessin<\/title>\n<meta name=\"description\" content=\"Canyoning im Val Grande im Maggia-Tal im Tessin. Ein toller Canyon f\u00fcr alle. Hohe Spr\u00fcnge, lange Rutschen und spektakul\u00e4re Abseilstellen.\" \/>\n<meta name=\"robots\" content=\"index, follow, max-snippet:-1, max-image-preview:large, max-video-preview:-1\" \/>\n<link rel=\"canonical\" href=\"https:\/\/www.swissraft.ch\/de\/produkt\/canyoning-tessin-val-grande\/\" \/>\n<meta property=\"og:locale\" content=\"de_DE\" \/>\n<meta property=\"og:type\" content=\"article\" \/>\n<meta property=\"og:title\" content=\"Canyoning im Val Grande im Val Maggia im Tessin\" \/>\n<meta property=\"og:description\" content=\"Canyoning im Val Grande im Maggia-Tal im Tessin. Ein toller Canyon f\u00fcr alle. Hohe Spr\u00fcnge, lange Rutschen und spektakul\u00e4re Abseilstellen.\" \/>\n<meta property=\"og:url\" content=\"https:\/\/www.swissraft.ch\/de\/produkt\/canyoning-tessin-val-grande\/\" \/>\n<meta property=\"og:site_name\" content=\"Swissraft\" \/>\n<meta property=\"article:modified_time\" content=\"2026-04-06T20:17:08+00:00\" \/>\n<meta property=\"og:image\" content=\"https:\/\/www.swissraft.ch\/wp-content\/uploads\/2023\/02\/1-Valgrande-776x776-1.jpg\" \/>\n\t<meta property=\"og:image:width\" content=\"776\" \/>\n\t<meta property=\"og:image:height\" content=\"776\" \/>\n\t<meta property=\"og:image:type\" content=\"image\/jpeg\" \/>\n<meta name=\"twitter:card\" content=\"summary_large_image\" \/>\n<meta name=\"twitter:label1\" content=\"Gesch\u00e4tzte Lesezeit\" \/>\n\t<meta name=\"twitter:data1\" content=\"1\u00a0Minute\" \/>\n<script type=\"application\/ld+json\" class=\"yoast-schema-graph\">{\"@context\":\"https:\/\/schema.org\",\"@graph\":[{\"@type\":\"WebPage\",\"@id\":\"https:\/\/www.swissraft.ch\/de\/produkt\/canyoning-tessin-val-grande\/\",\"url\":\"https:\/\/www.swissraft.ch\/de\/produkt\/canyoning-tessin-val-grande\/\",\"name\":\"Canyoning im Val Grande im Val Maggia im Tessin\",\"isPartOf\":{\"@id\":\"https:\/\/www.swissraft.ch\/de\/#website\"},\"primaryImageOfPage\":{\"@id\":\"https:\/\/www.swissraft.ch\/de\/produkt\/canyoning-tessin-val-grande\/#primaryimage\"},\"image\":{\"@id\":\"https:\/\/www.swissraft.ch\/de\/produkt\/canyoning-tessin-val-grande\/#primaryimage\"},\"thumbnailUrl\":\"https:\/\/www.swissraft.ch\/wp-content\/uploads\/2023\/02\/1-Valgrande-776x776-1.jpg\",\"datePublished\":\"2023-02-19T15:41:42+00:00\",\"dateModified\":\"2026-04-06T20:17:08+00:00\",\"description\":\"Canyoning im Val Grande im Maggia-Tal im Tessin. Ein toller Canyon f\u00fcr alle. Hohe Spr\u00fcnge, lange Rutschen und spektakul\u00e4re Abseilstellen.\",\"breadcrumb\":{\"@id\":\"https:\/\/www.swissraft.ch\/de\/produkt\/canyoning-tessin-val-grande\/#breadcrumb\"},\"inLanguage\":\"de\",\"potentialAction\":[{\"@type\":\"ReadAction\",\"target\":[\"https:\/\/www.swissraft.ch\/de\/produkt\/canyoning-tessin-val-grande\/\"]}]},{\"@type\":\"ImageObject\",\"inLanguage\":\"de\",\"@id\":\"https:\/\/www.swissraft.ch\/de\/produkt\/canyoning-tessin-val-grande\/#primaryimage\",\"url\":\"https:\/\/www.swissraft.ch\/wp-content\/uploads\/2023\/02\/1-Valgrande-776x776-1.jpg\",\"contentUrl\":\"https:\/\/www.swissraft.ch\/wp-content\/uploads\/2023\/02\/1-Valgrande-776x776-1.jpg\",\"width\":776,\"height\":776,\"caption\":\"OLYMPUS DIGITAL CAMERA\"},{\"@type\":\"BreadcrumbList\",\"@id\":\"https:\/\/www.swissraft.ch\/de\/produkt\/canyoning-tessin-val-grande\/#breadcrumb\",\"itemListElement\":[{\"@type\":\"ListItem\",\"position\":1,\"name\":\"Accueil\",\"item\":\"https:\/\/www.swissraft.ch\/de\/\"},{\"@type\":\"ListItem\",\"position\":2,\"name\":\"Shop\",\"item\":\"https:\/\/www.swissraft.ch\/de\/shop\/\"},{\"@type\":\"ListItem\",\"position\":3,\"name\":\"Canyoning im Tessin &#8211; Die Val Grande &#8211; Ab CHF 152.15\"}]},{\"@type\":\"WebSite\",\"@id\":\"https:\/\/www.swissraft.ch\/de\/#website\",\"url\":\"https:\/\/www.swissraft.ch\/de\/\",\"name\":\"Swissraft\",\"description\":\"To enjoy nature as it is\",\"publisher\":{\"@id\":\"https:\/\/www.swissraft.ch\/de\/#organization\"},\"potentialAction\":[{\"@type\":\"SearchAction\",\"target\":{\"@type\":\"EntryPoint\",\"urlTemplate\":\"https:\/\/www.swissraft.ch\/de\/?s={search_term_string}\"},\"query-input\":{\"@type\":\"PropertyValueSpecification\",\"valueRequired\":true,\"valueName\":\"search_term_string\"}}],\"inLanguage\":\"de\"},{\"@type\":\"Organization\",\"@id\":\"https:\/\/www.swissraft.ch\/de\/#organization\",\"name\":\"Swissraft\",\"url\":\"https:\/\/www.swissraft.ch\/de\/\",\"logo\":{\"@type\":\"ImageObject\",\"inLanguage\":\"de\",\"@id\":\"https:\/\/www.swissraft.ch\/de\/#\/schema\/logo\/image\/\",\"url\":\"https:\/\/www.swissraft.ch\/wp-content\/uploads\/2025\/09\/Capture.jpg\",\"contentUrl\":\"https:\/\/www.swissraft.ch\/wp-content\/uploads\/2025\/09\/Capture.jpg\",\"width\":293,\"height\":108,\"caption\":\"Swissraft\"},\"image\":{\"@id\":\"https:\/\/www.swissraft.ch\/de\/#\/schema\/logo\/image\/\"}}]}<\/script>\n<!-- \/ Yoast SEO plugin. -->","yoast_head_json":{"title":"Canyoning im Val Grande im Val Maggia im Tessin","description":"Canyoning im Val Grande im Maggia-Tal im Tessin. Ein toller Canyon f\u00fcr alle. Hohe Spr\u00fcnge, lange Rutschen und spektakul\u00e4re Abseilstellen.","robots":{"index":"index","follow":"follow","max-snippet":"max-snippet:-1","max-image-preview":"max-image-preview:large","max-video-preview":"max-video-preview:-1"},"canonical":"https:\/\/www.swissraft.ch\/de\/produkt\/canyoning-tessin-val-grande\/","og_locale":"de_DE","og_type":"article","og_title":"Canyoning im Val Grande im Val Maggia im Tessin","og_description":"Canyoning im Val Grande im Maggia-Tal im Tessin. Ein toller Canyon f\u00fcr alle. Hohe Spr\u00fcnge, lange Rutschen und spektakul\u00e4re Abseilstellen.","og_url":"https:\/\/www.swissraft.ch\/de\/produkt\/canyoning-tessin-val-grande\/","og_site_name":"Swissraft","article_modified_time":"2026-04-06T20:17:08+00:00","og_image":[{"width":776,"height":776,"url":"https:\/\/www.swissraft.ch\/wp-content\/uploads\/2023\/02\/1-Valgrande-776x776-1.jpg","type":"image\/jpeg"}],"twitter_card":"summary_large_image","twitter_misc":{"Gesch\u00e4tzte Lesezeit":"1\u00a0Minute"},"schema":{"@context":"https:\/\/schema.org","@graph":[{"@type":"WebPage","@id":"https:\/\/www.swissraft.ch\/de\/produkt\/canyoning-tessin-val-grande\/","url":"https:\/\/www.swissraft.ch\/de\/produkt\/canyoning-tessin-val-grande\/","name":"Canyoning im Val Grande im Val Maggia im Tessin","isPartOf":{"@id":"https:\/\/www.swissraft.ch\/de\/#website"},"primaryImageOfPage":{"@id":"https:\/\/www.swissraft.ch\/de\/produkt\/canyoning-tessin-val-grande\/#primaryimage"},"image":{"@id":"https:\/\/www.swissraft.ch\/de\/produkt\/canyoning-tessin-val-grande\/#primaryimage"},"thumbnailUrl":"https:\/\/www.swissraft.ch\/wp-content\/uploads\/2023\/02\/1-Valgrande-776x776-1.jpg","datePublished":"2023-02-19T15:41:42+00:00","dateModified":"2026-04-06T20:17:08+00:00","description":"Canyoning im Val Grande im Maggia-Tal im Tessin. Ein toller Canyon f\u00fcr alle. Hohe Spr\u00fcnge, lange Rutschen und spektakul\u00e4re Abseilstellen.","breadcrumb":{"@id":"https:\/\/www.swissraft.ch\/de\/produkt\/canyoning-tessin-val-grande\/#breadcrumb"},"inLanguage":"de","potentialAction":[{"@type":"ReadAction","target":["https:\/\/www.swissraft.ch\/de\/produkt\/canyoning-tessin-val-grande\/"]}]},{"@type":"ImageObject","inLanguage":"de","@id":"https:\/\/www.swissraft.ch\/de\/produkt\/canyoning-tessin-val-grande\/#primaryimage","url":"https:\/\/www.swissraft.ch\/wp-content\/uploads\/2023\/02\/1-Valgrande-776x776-1.jpg","contentUrl":"https:\/\/www.swissraft.ch\/wp-content\/uploads\/2023\/02\/1-Valgrande-776x776-1.jpg","width":776,"height":776,"caption":"OLYMPUS DIGITAL CAMERA"},{"@type":"BreadcrumbList","@id":"https:\/\/www.swissraft.ch\/de\/produkt\/canyoning-tessin-val-grande\/#breadcrumb","itemListElement":[{"@type":"ListItem","position":1,"name":"Accueil","item":"https:\/\/www.swissraft.ch\/de\/"},{"@type":"ListItem","position":2,"name":"Shop","item":"https:\/\/www.swissraft.ch\/de\/shop\/"},{"@type":"ListItem","position":3,"name":"Canyoning im Tessin &#8211; Die Val Grande &#8211; Ab CHF 152.15"}]},{"@type":"WebSite","@id":"https:\/\/www.swissraft.ch\/de\/#website","url":"https:\/\/www.swissraft.ch\/de\/","name":"Swissraft","description":"To enjoy nature as it is","publisher":{"@id":"https:\/\/www.swissraft.ch\/de\/#organization"},"potentialAction":[{"@type":"SearchAction","target":{"@type":"EntryPoint","urlTemplate":"https:\/\/www.swissraft.ch\/de\/?s={search_term_string}"},"query-input":{"@type":"PropertyValueSpecification","valueRequired":true,"valueName":"search_term_string"}}],"inLanguage":"de"},{"@type":"Organization","@id":"https:\/\/www.swissraft.ch\/de\/#organization","name":"Swissraft","url":"https:\/\/www.swissraft.ch\/de\/","logo":{"@type":"ImageObject","inLanguage":"de","@id":"https:\/\/www.swissraft.ch\/de\/#\/schema\/logo\/image\/","url":"https:\/\/www.swissraft.ch\/wp-content\/uploads\/2025\/09\/Capture.jpg","contentUrl":"https:\/\/www.swissraft.ch\/wp-content\/uploads\/2025\/09\/Capture.jpg","width":293,"height":108,"caption":"Swissraft"},"image":{"@id":"https:\/\/www.swissraft.ch\/de\/#\/schema\/logo\/image\/"}}]}},"_links":{"self":[{"href":"https:\/\/www.swissraft.ch\/de\/wp-json\/wp\/v2\/product\/91548","targetHints":{"allow":["GET"]}}],"collection":[{"href":"https:\/\/www.swissraft.ch\/de\/wp-json\/wp\/v2\/product"}],"about":[{"href":"https:\/\/www.swissraft.ch\/de\/wp-json\/wp\/v2\/types\/product"}],"replies":[{"embeddable":true,"href":"https:\/\/www.swissraft.ch\/de\/wp-json\/wp\/v2\/comments?post=91548"}],"version-history":[{"count":22,"href":"https:\/\/www.swissraft.ch\/de\/wp-json\/wp\/v2\/product\/91548\/revisions"}],"predecessor-version":[{"id":137743,"href":"https:\/\/www.swissraft.ch\/de\/wp-json\/wp\/v2\/product\/91548\/revisions\/137743"}],"wp:featuredmedia":[{"embeddable":true,"href":"https:\/\/www.swissraft.ch\/de\/wp-json\/wp\/v2\/media\/85159"}],"wp:attachment":[{"href":"https:\/\/www.swissraft.ch\/de\/wp-json\/wp\/v2\/media?parent=91548"}],"wp:term":[{"taxonomy":"product_cat","embeddable":true,"href":"https:\/\/www.swissraft.ch\/de\/wp-json\/wp\/v2\/product_cat?post=91548"},{"taxonomy":"product_tag","embeddable":true,"href":"https:\/\/www.swissraft.ch\/de\/wp-json\/wp\/v2\/product_tag?post=91548"}],"curies":[{"name":"wp","href":"https:\/\/api.w.org\/{rel}","templated":true}]}}