{"id":91547,"date":"2023-02-22T23:46:31","date_gmt":"2023-02-22T22:46:31","guid":{"rendered":"https:\/\/swissraft.xyanzkdne.eu\/product\/easy-rafting-auf-la-reuss-bremgarten-gebenstorf-ab-chf-109-00\/"},"modified":"2026-02-28T22:01:04","modified_gmt":"2026-02-28T21:01:04","slug":"easy-rafting-reuss-bremgarten-gebenstorf","status":"publish","type":"product","link":"https:\/\/www.swissraft.ch\/de\/produkt\/easy-rafting-reuss-bremgarten-gebenstorf\/","title":{"rendered":"Easy Rafting auf DER REUSS &#8211; BREMGARTEN-GEBENSTORF &#8211; Ab CHF 109.00"},"content":{"rendered":"\t\t<div data-elementor-type=\"wp-post\" data-elementor-id=\"91547\" class=\"elementor elementor-91547 elementor-31211\">\n\t\t\t\t\t\t\t\t\t<section class=\"elementor-section elementor-top-section elementor-element elementor-element-3303a7e3 elementor-section-boxed elementor-section-height-default elementor-section-height-default\" data-id=\"3303a7e3\" data-element_type=\"section\">\n\t\t\t\t\t\t<div class=\"elementor-container elementor-column-gap-default\">\n\t\t\t\t\t<div class=\"elementor-column elementor-col-100 elementor-top-column elementor-element elementor-element-16d72dbf\" data-id=\"16d72dbf\" data-element_type=\"column\">\n\t\t\t<div class=\"elementor-widget-wrap elementor-element-populated\">\n\t\t\t\t\t\t\t\t<div class=\"elementor-element elementor-element-d743c03 elementor-widget elementor-widget-text-editor\" data-id=\"d743c03\" data-element_type=\"widget\" data-widget_type=\"text-editor.default\">\n\t\t\t\t<div class=\"elementor-widget-container\">\n\t\t\t\t\t\t\t<h2>W\u00c4HLEN SIE UNTEN IHRE AKTIVIT\u00c4T AUS, UM GESCHENKGUTSCHEINE \/ TICKETS ZU VERSCHENKEN ODER ZU BUCHEN.<\/h2><table border=\"0\" width=\"580\" cellspacing=\"10\" cellpadding=\"10\"><tbody><tr><td width=\"50%\"><strong>FUN RAFTING &#8211; BREMGARTEN-GEBENSTORF Tag + Aperitif (1-12 Pers.)<\/strong><\/td><td><strong><span class=\"productPrice\">CHF 1&#8217;849.00 Pauschalpreis<\/span><\/strong><\/td><\/tr><tr><td>Weitere Informationen<\/td><td><span class=\"patt\">&#8211; <span class=\"plbl\">Jugendpreis <\/span>: <strong>CHF 109.00<\/strong>\/Pers.<br \/>&#8211; <span class=\"plbl\"> Mindestalter : 5 j\u00e4hrig<br \/><\/span>&#8211; Auf Anfrage Lunchpaket : <strong>CHF 40.00<\/strong>\/Pers.<br \/>&#8211; Schulpreis : <span class=\"patt\" style=\"font-family: inherit; font-size: inherit;\"><span class=\"plbl\"><a href=\"https:\/\/www.swissraft.ch\/de\/kontakt\/\">kontaktieren Sie uns<\/a><\/span><\/span><\/span><\/td><\/tr><tr><td>Strecke<\/td><td><strong>Bremgarten-Gebenstorf<\/strong><\/td><\/tr><tr><td>Starzeit<\/td><td>10:00 Uhr<\/td><\/tr><tr><td>Easy Rafting oder Fun Rafting<\/td><td>ca. 4,5 Std.<\/td><\/tr><tr><td>Gesamtdauer<\/td><td>ca. 6,5 Std.<\/td><\/tr><tr><td>Treffpunkt<\/td><td><span style=\"color: #ff6600;\"><a href=\"https:\/\/www.google.com\/maps\/place\/47%C2%B020'58.8%22N+8%C2%B020'24.2%22E\/@47.3499284,8.3355817,765m\/data=!3m1!1e3!4m4!3m3!8m2!3d47.3496667!4d8.3400556?entry=ttu\" target=\"_blank\" rel=\"noopener\">Bremgarten<\/a><\/span><\/td><\/tr><tr><td>Schwierigkeitsgrad<\/td><td>Stufe 1<\/td><\/tr><tr><td><button class=\"elementor-button\" type=\"button\"><a href=\"https:\/\/swissraft.outdoorbooking.ch\/fo\/products\/1313?base_id=91&amp;category_id=10&amp;order_type=gift_voucher&amp;lang=de\" target=\"_blank\" rel=\"noopener\">GUTSCHEIN \/ TICKET KAUFEN<\/a><\/button><\/td><td><a href=\"https:\/\/swissraft.outdoorbooking.ch\/fo\/products\/1313?base_id=91&amp;category_id=10&amp;order_type=event&amp;lang=de\" target=\"_blank\" rel=\"noopener\">RESERVIEREN SIE EIN DATUM<\/a> \u00a0<strong>CHF 1&#8217;849.00 (1-12 Pers.)<\/strong><\/td><\/tr><tr><td><button class=\"elementor-button\" type=\"button\"><a href=\"https:\/\/swissraft.outdoorbooking.ch\/fo\/products\/1946?base_id=91&amp;category_id=10&amp;order_type=gift_voucher&amp;lang=de\" target=\"_blank\" rel=\"noopener\">GUTSCHEIN \/ TICKET KAUFEN<\/a><\/button><\/td><td><span style=\"color: #ff6600;\"><a href=\"https:\/\/swissraft.outdoorbooking.ch\/fo\/products\/1946?base_id=91&amp;category_id=10&amp;order_type=event&amp;lang=de\" target=\"_blank\" rel=\"noopener\">RESERVIEREN SIE EIN DATUM<\/a> \u00a0<\/span><strong>CHF 154.00<\/strong>\/Erw. <strong>109.00<\/strong>\/Kind <strong>(13-20 Pers.) &#8211; Minimum 1&#8217;849.00 Pauschal<\/strong><\/td><\/tr><tr><td><button class=\"elementor-button\" type=\"button\"><a href=\"https:\/\/swissraft.outdoorbooking.ch\/fo\/products\/1947?base_id=91&amp;category_id=10&amp;order_type=gift_voucher&amp;lang=de\" target=\"_blank\" rel=\"noopener\">GUTSCHEIN \/ TICKET KAUFEN<\/a><\/button><\/td><td><span style=\"color: #ff6600;\"><a href=\"https:\/\/swissraft.outdoorbooking.ch\/fo\/products\/1947?base_id=91&amp;category_id=10&amp;order_type=event&amp;lang=de\" target=\"_blank\" rel=\"noopener\">RESERVIEREN SIE EIN DATUM<\/a> \u00a0<\/span><strong>CHF 144.00<\/strong>\/Erw. <strong>109.00<\/strong>\/Kind<strong> (21-30 Pers.)<\/strong><\/td><\/tr><tr><td><button class=\"elementor-button\" type=\"button\"><a href=\"https:\/\/swissraft.outdoorbooking.ch\/fo\/products\/1948?base_id=91&amp;category_id=10&amp;order_type=gift_voucher&amp;lang=fr\" target=\"_blank\" rel=\"noopener\">GUTSCHEIN \/ TICKET KAUFEN<\/a><\/button><\/td><td><span style=\"color: #ff6600;\"><a href=\"https:\/\/swissraft.outdoorbooking.ch\/fo\/products\/1948?base_id=91&amp;category_id=10&amp;order_type=event&amp;lang=fr\" target=\"_blank\" rel=\"noopener\">RESERVIEREN SIE EIN DATUM<\/a> \u00a0<\/span><strong>CHF 134.00<\/strong>\/Erw. <strong>109.00<\/strong>\/Kind <strong>(31 Pers. und mehr)<\/strong><\/td><\/tr><\/tbody><\/table>\t\t\t\t\t\t<\/div>\n\t\t\t\t<\/div>\n\t\t\t\t\t<\/div>\n\t\t<\/div>\n\t\t\t\t\t\t\t<\/div>\n\t\t<\/section>\n\t\t\t\t\t\t\t<\/div>\n\t\t","protected":false},"excerpt":{"rendered":"<div align=\"justify\">\n<h2 align=\"justify\">Easy Rafting Bremgarten-Gebenstorf auf der Reuss, ein entspannter Tag<\/h2>\n<h3>Easy Rafting und Picknick auf dem ruhigen Fluss Reuss<\/h3>\n<\/div>\n<div align=\"justify\">\n<p><strong>Easy Rafting<\/strong> auf der Reuss im Kanton Aargau! F\u00fcr alle, ob gro\u00df oder klein. <strong>Fun Rafting<\/strong> oder Easy Rafting ist die perfekte Aktivit\u00e4t f\u00fcr diejenigen, die ein weiches Abenteuer suchen. Sie fahren in gro\u00dfen Rafts mit einem F\u00fchrer auf der Reuss von Bremgarten nach Gebenstorf.<\/p>\n<h3>Ebenfalls auf der Reuss und auch auf anderen Fl\u00fcssen bietet Swissraft eine gro\u00dfe Auswahl an Fun Rafting Strecken an.<\/h3>\n<p id=\"textarea\" style=\"display: none;\">\nSwissraft bietet auch vier weitere <strong>Easy Rafting<\/strong> Strecken auf der Reuss an: Bremgarten &#8211; Mellingen sowie Mellingen &#8211; Gebenstorf, Bremgarten &#8211; Gnadental. Au\u00dferdem gibt es noch das Easy Rafting auf der Reuss zwischen Gisikon und Ottenbach in den Kantonen Luzern und Z\u00fcrich. Aber auch <strong>Easy Rafting<\/strong> auf der Saane und der Rhone. Fun Rafting auf der L\u00fctschine bei Interlaken im Berner Oberland und Easy Rafting auf der Aare zwischen Thun und Bern. Aber auch <strong>Fun Rafting<\/strong> auf dem Ticino im Tessin und auf dem Inn zwischen Scuol und Pradella im Unterengadin.<br \/>\nF\u00fcr gro\u00dfe Abenteurer w\u00e4hlen Sie einen Fluss mit mehr Bewegung als die Reuss.<br \/>\nDar\u00fcber hinaus bietet Swissraft auch Rafting an. <strong><a href=\"https:\/\/www.swissraft.ch\/de\/produkt-kategorie\/wassersportzentrum-in-der-schweiz-und-umgebung\/rafting-in-der-schweiz-und-umgebung\/\">Rafting<\/a><\/strong> Auf vielen Fl\u00fcssen in der Schweiz gibt es Rafting mit sportlicheren Strecken.\n<\/p>\n<p><a id=\"seeMore\" onclick=\"toggleSeeMore()\" href=\"javascript:void(0);\">Lesen Sie mehr<\/a><\/p>\n","protected":false},"featured_media":84898,"comment_status":"open","ping_status":"closed","template":"","meta":{"inline_featured_image":false,"_mi_skip_tracking":false},"product_cat":[318,314],"product_tag":[],"class_list":["post-91547","product","type-product","status-publish","has-post-thumbnail","hentry","product_cat-easy-rafting-reuss","product_cat-easy-rafting-in-der-schweiz"],"yoast_head":"<!-- This site is optimized with the Yoast SEO plugin v23.6 - https:\/\/yoast.com\/wordpress\/plugins\/seo\/ -->\n<title>Fun Rafting Bremgarten-Gebenstorf. Tag mit BBQ<\/title>\n<meta name=\"description\" content=\"Fun Rafting Bremgarten-Gebenstorf. Es ist eine Strecke f\u00fcr alle, ob gro\u00df oder klein. Easy Rafting ist ein Spa\u00df f\u00fcr alle.\" \/>\n<meta name=\"robots\" content=\"index, follow, max-snippet:-1, max-image-preview:large, max-video-preview:-1\" \/>\n<link rel=\"canonical\" href=\"https:\/\/www.swissraft.ch\/de\/produkt\/easy-rafting-reuss-bremgarten-gebenstorf\/\" \/>\n<meta property=\"og:locale\" content=\"de_DE\" \/>\n<meta property=\"og:type\" content=\"article\" \/>\n<meta property=\"og:title\" content=\"Fun Rafting Bremgarten-Gebenstorf. Tag mit BBQ\" \/>\n<meta property=\"og:description\" content=\"Fun Rafting Bremgarten-Gebenstorf. Es ist eine Strecke f\u00fcr alle, ob gro\u00df oder klein. Easy Rafting ist ein Spa\u00df f\u00fcr alle.\" \/>\n<meta property=\"og:url\" content=\"https:\/\/www.swissraft.ch\/de\/produkt\/easy-rafting-reuss-bremgarten-gebenstorf\/\" \/>\n<meta property=\"og:site_name\" content=\"Swissraft\" \/>\n<meta property=\"article:modified_time\" content=\"2026-02-28T21:01:04+00:00\" \/>\n<meta property=\"og:image\" content=\"https:\/\/www.swissraft.ch\/wp-content\/uploads\/2023\/02\/1-4-Easy-Rafting-Bemgarten-Gebenstorf-776x776-1.jpg\" \/>\n\t<meta property=\"og:image:width\" content=\"776\" \/>\n\t<meta property=\"og:image:height\" content=\"776\" \/>\n\t<meta property=\"og:image:type\" content=\"image\/jpeg\" \/>\n<meta name=\"twitter:card\" content=\"summary_large_image\" \/>\n<meta name=\"twitter:label1\" content=\"Gesch\u00e4tzte Lesezeit\" \/>\n\t<meta name=\"twitter:data1\" content=\"1\u00a0Minute\" \/>\n<script type=\"application\/ld+json\" class=\"yoast-schema-graph\">{\"@context\":\"https:\/\/schema.org\",\"@graph\":[{\"@type\":\"WebPage\",\"@id\":\"https:\/\/www.swissraft.ch\/de\/produkt\/easy-rafting-reuss-bremgarten-gebenstorf\/\",\"url\":\"https:\/\/www.swissraft.ch\/de\/produkt\/easy-rafting-reuss-bremgarten-gebenstorf\/\",\"name\":\"Fun Rafting Bremgarten-Gebenstorf. Tag mit BBQ\",\"isPartOf\":{\"@id\":\"https:\/\/www.swissraft.ch\/de\/#website\"},\"primaryImageOfPage\":{\"@id\":\"https:\/\/www.swissraft.ch\/de\/produkt\/easy-rafting-reuss-bremgarten-gebenstorf\/#primaryimage\"},\"image\":{\"@id\":\"https:\/\/www.swissraft.ch\/de\/produkt\/easy-rafting-reuss-bremgarten-gebenstorf\/#primaryimage\"},\"thumbnailUrl\":\"https:\/\/www.swissraft.ch\/wp-content\/uploads\/2023\/02\/1-4-Easy-Rafting-Bemgarten-Gebenstorf-776x776-1.jpg\",\"datePublished\":\"2023-02-22T22:46:31+00:00\",\"dateModified\":\"2026-02-28T21:01:04+00:00\",\"description\":\"Fun Rafting Bremgarten-Gebenstorf. Es ist eine Strecke f\u00fcr alle, ob gro\u00df oder klein. Easy Rafting ist ein Spa\u00df f\u00fcr alle.\",\"breadcrumb\":{\"@id\":\"https:\/\/www.swissraft.ch\/de\/produkt\/easy-rafting-reuss-bremgarten-gebenstorf\/#breadcrumb\"},\"inLanguage\":\"de\",\"potentialAction\":[{\"@type\":\"ReadAction\",\"target\":[\"https:\/\/www.swissraft.ch\/de\/produkt\/easy-rafting-reuss-bremgarten-gebenstorf\/\"]}]},{\"@type\":\"ImageObject\",\"inLanguage\":\"de\",\"@id\":\"https:\/\/www.swissraft.ch\/de\/produkt\/easy-rafting-reuss-bremgarten-gebenstorf\/#primaryimage\",\"url\":\"https:\/\/www.swissraft.ch\/wp-content\/uploads\/2023\/02\/1-4-Easy-Rafting-Bemgarten-Gebenstorf-776x776-1.jpg\",\"contentUrl\":\"https:\/\/www.swissraft.ch\/wp-content\/uploads\/2023\/02\/1-4-Easy-Rafting-Bemgarten-Gebenstorf-776x776-1.jpg\",\"width\":776,\"height\":776,\"caption\":\"Easy Rafting auf der Reuss von Bremgarten bis Gebenstorf\"},{\"@type\":\"BreadcrumbList\",\"@id\":\"https:\/\/www.swissraft.ch\/de\/produkt\/easy-rafting-reuss-bremgarten-gebenstorf\/#breadcrumb\",\"itemListElement\":[{\"@type\":\"ListItem\",\"position\":1,\"name\":\"Accueil\",\"item\":\"https:\/\/www.swissraft.ch\/de\/\"},{\"@type\":\"ListItem\",\"position\":2,\"name\":\"Shop\",\"item\":\"https:\/\/www.swissraft.ch\/de\/shop\/\"},{\"@type\":\"ListItem\",\"position\":3,\"name\":\"Easy Rafting auf DER REUSS &#8211; BREMGARTEN-GEBENSTORF &#8211; Ab CHF 109.00\"}]},{\"@type\":\"WebSite\",\"@id\":\"https:\/\/www.swissraft.ch\/de\/#website\",\"url\":\"https:\/\/www.swissraft.ch\/de\/\",\"name\":\"Swissraft\",\"description\":\"To enjoy nature as it is\",\"publisher\":{\"@id\":\"https:\/\/www.swissraft.ch\/de\/#organization\"},\"potentialAction\":[{\"@type\":\"SearchAction\",\"target\":{\"@type\":\"EntryPoint\",\"urlTemplate\":\"https:\/\/www.swissraft.ch\/de\/?s={search_term_string}\"},\"query-input\":{\"@type\":\"PropertyValueSpecification\",\"valueRequired\":true,\"valueName\":\"search_term_string\"}}],\"inLanguage\":\"de\"},{\"@type\":\"Organization\",\"@id\":\"https:\/\/www.swissraft.ch\/de\/#organization\",\"name\":\"Swissraft\",\"url\":\"https:\/\/www.swissraft.ch\/de\/\",\"logo\":{\"@type\":\"ImageObject\",\"inLanguage\":\"de\",\"@id\":\"https:\/\/www.swissraft.ch\/de\/#\/schema\/logo\/image\/\",\"url\":\"https:\/\/www.swissraft.ch\/wp-content\/uploads\/2025\/09\/Capture.jpg\",\"contentUrl\":\"https:\/\/www.swissraft.ch\/wp-content\/uploads\/2025\/09\/Capture.jpg\",\"width\":293,\"height\":108,\"caption\":\"Swissraft\"},\"image\":{\"@id\":\"https:\/\/www.swissraft.ch\/de\/#\/schema\/logo\/image\/\"}}]}<\/script>\n<!-- \/ Yoast SEO plugin. -->","yoast_head_json":{"title":"Fun Rafting Bremgarten-Gebenstorf. Tag mit BBQ","description":"Fun Rafting Bremgarten-Gebenstorf. Es ist eine Strecke f\u00fcr alle, ob gro\u00df oder klein. Easy Rafting ist ein Spa\u00df f\u00fcr alle.","robots":{"index":"index","follow":"follow","max-snippet":"max-snippet:-1","max-image-preview":"max-image-preview:large","max-video-preview":"max-video-preview:-1"},"canonical":"https:\/\/www.swissraft.ch\/de\/produkt\/easy-rafting-reuss-bremgarten-gebenstorf\/","og_locale":"de_DE","og_type":"article","og_title":"Fun Rafting Bremgarten-Gebenstorf. Tag mit BBQ","og_description":"Fun Rafting Bremgarten-Gebenstorf. Es ist eine Strecke f\u00fcr alle, ob gro\u00df oder klein. Easy Rafting ist ein Spa\u00df f\u00fcr alle.","og_url":"https:\/\/www.swissraft.ch\/de\/produkt\/easy-rafting-reuss-bremgarten-gebenstorf\/","og_site_name":"Swissraft","article_modified_time":"2026-02-28T21:01:04+00:00","og_image":[{"width":776,"height":776,"url":"https:\/\/www.swissraft.ch\/wp-content\/uploads\/2023\/02\/1-4-Easy-Rafting-Bemgarten-Gebenstorf-776x776-1.jpg","type":"image\/jpeg"}],"twitter_card":"summary_large_image","twitter_misc":{"Gesch\u00e4tzte Lesezeit":"1\u00a0Minute"},"schema":{"@context":"https:\/\/schema.org","@graph":[{"@type":"WebPage","@id":"https:\/\/www.swissraft.ch\/de\/produkt\/easy-rafting-reuss-bremgarten-gebenstorf\/","url":"https:\/\/www.swissraft.ch\/de\/produkt\/easy-rafting-reuss-bremgarten-gebenstorf\/","name":"Fun Rafting Bremgarten-Gebenstorf. Tag mit BBQ","isPartOf":{"@id":"https:\/\/www.swissraft.ch\/de\/#website"},"primaryImageOfPage":{"@id":"https:\/\/www.swissraft.ch\/de\/produkt\/easy-rafting-reuss-bremgarten-gebenstorf\/#primaryimage"},"image":{"@id":"https:\/\/www.swissraft.ch\/de\/produkt\/easy-rafting-reuss-bremgarten-gebenstorf\/#primaryimage"},"thumbnailUrl":"https:\/\/www.swissraft.ch\/wp-content\/uploads\/2023\/02\/1-4-Easy-Rafting-Bemgarten-Gebenstorf-776x776-1.jpg","datePublished":"2023-02-22T22:46:31+00:00","dateModified":"2026-02-28T21:01:04+00:00","description":"Fun Rafting Bremgarten-Gebenstorf. Es ist eine Strecke f\u00fcr alle, ob gro\u00df oder klein. Easy Rafting ist ein Spa\u00df f\u00fcr alle.","breadcrumb":{"@id":"https:\/\/www.swissraft.ch\/de\/produkt\/easy-rafting-reuss-bremgarten-gebenstorf\/#breadcrumb"},"inLanguage":"de","potentialAction":[{"@type":"ReadAction","target":["https:\/\/www.swissraft.ch\/de\/produkt\/easy-rafting-reuss-bremgarten-gebenstorf\/"]}]},{"@type":"ImageObject","inLanguage":"de","@id":"https:\/\/www.swissraft.ch\/de\/produkt\/easy-rafting-reuss-bremgarten-gebenstorf\/#primaryimage","url":"https:\/\/www.swissraft.ch\/wp-content\/uploads\/2023\/02\/1-4-Easy-Rafting-Bemgarten-Gebenstorf-776x776-1.jpg","contentUrl":"https:\/\/www.swissraft.ch\/wp-content\/uploads\/2023\/02\/1-4-Easy-Rafting-Bemgarten-Gebenstorf-776x776-1.jpg","width":776,"height":776,"caption":"Easy Rafting auf der Reuss von Bremgarten bis Gebenstorf"},{"@type":"BreadcrumbList","@id":"https:\/\/www.swissraft.ch\/de\/produkt\/easy-rafting-reuss-bremgarten-gebenstorf\/#breadcrumb","itemListElement":[{"@type":"ListItem","position":1,"name":"Accueil","item":"https:\/\/www.swissraft.ch\/de\/"},{"@type":"ListItem","position":2,"name":"Shop","item":"https:\/\/www.swissraft.ch\/de\/shop\/"},{"@type":"ListItem","position":3,"name":"Easy Rafting auf DER REUSS &#8211; BREMGARTEN-GEBENSTORF &#8211; Ab CHF 109.00"}]},{"@type":"WebSite","@id":"https:\/\/www.swissraft.ch\/de\/#website","url":"https:\/\/www.swissraft.ch\/de\/","name":"Swissraft","description":"To enjoy nature as it is","publisher":{"@id":"https:\/\/www.swissraft.ch\/de\/#organization"},"potentialAction":[{"@type":"SearchAction","target":{"@type":"EntryPoint","urlTemplate":"https:\/\/www.swissraft.ch\/de\/?s={search_term_string}"},"query-input":{"@type":"PropertyValueSpecification","valueRequired":true,"valueName":"search_term_string"}}],"inLanguage":"de"},{"@type":"Organization","@id":"https:\/\/www.swissraft.ch\/de\/#organization","name":"Swissraft","url":"https:\/\/www.swissraft.ch\/de\/","logo":{"@type":"ImageObject","inLanguage":"de","@id":"https:\/\/www.swissraft.ch\/de\/#\/schema\/logo\/image\/","url":"https:\/\/www.swissraft.ch\/wp-content\/uploads\/2025\/09\/Capture.jpg","contentUrl":"https:\/\/www.swissraft.ch\/wp-content\/uploads\/2025\/09\/Capture.jpg","width":293,"height":108,"caption":"Swissraft"},"image":{"@id":"https:\/\/www.swissraft.ch\/de\/#\/schema\/logo\/image\/"}}]}},"_links":{"self":[{"href":"https:\/\/www.swissraft.ch\/de\/wp-json\/wp\/v2\/product\/91547","targetHints":{"allow":["GET"]}}],"collection":[{"href":"https:\/\/www.swissraft.ch\/de\/wp-json\/wp\/v2\/product"}],"about":[{"href":"https:\/\/www.swissraft.ch\/de\/wp-json\/wp\/v2\/types\/product"}],"replies":[{"embeddable":true,"href":"https:\/\/www.swissraft.ch\/de\/wp-json\/wp\/v2\/comments?post=91547"}],"version-history":[{"count":29,"href":"https:\/\/www.swissraft.ch\/de\/wp-json\/wp\/v2\/product\/91547\/revisions"}],"predecessor-version":[{"id":131170,"href":"https:\/\/www.swissraft.ch\/de\/wp-json\/wp\/v2\/product\/91547\/revisions\/131170"}],"wp:featuredmedia":[{"embeddable":true,"href":"https:\/\/www.swissraft.ch\/de\/wp-json\/wp\/v2\/media\/84898"}],"wp:attachment":[{"href":"https:\/\/www.swissraft.ch\/de\/wp-json\/wp\/v2\/media?parent=91547"}],"wp:term":[{"taxonomy":"product_cat","embeddable":true,"href":"https:\/\/www.swissraft.ch\/de\/wp-json\/wp\/v2\/product_cat?post=91547"},{"taxonomy":"product_tag","embeddable":true,"href":"https:\/\/www.swissraft.ch\/de\/wp-json\/wp\/v2\/product_tag?post=91547"}],"curies":[{"name":"wp","href":"https:\/\/api.w.org\/{rel}","templated":true}]}}