{"id":91542,"date":"2023-02-19T18:04:03","date_gmt":"2023-02-19T17:04:03","guid":{"rendered":"https:\/\/swissraft.xyanzkdne.eu\/product\/canyoning-in-valais-la-morge-ab-chf-136-00\/"},"modified":"2026-04-10T23:40:18","modified_gmt":"2026-04-10T21:40:18","slug":"canyoning-wallis-morge","status":"publish","type":"product","link":"https:\/\/www.swissraft.ch\/de\/produkt\/canyoning-wallis-morge\/","title":{"rendered":"Canyoning im Wallis &#8211; Die Morge &#8211; Ab CHF 136.00"},"content":{"rendered":"\t\t<div data-elementor-type=\"wp-post\" data-elementor-id=\"91542\" class=\"elementor elementor-91542 elementor-31156\">\n\t\t\t\t\t\t\t\t\t<section class=\"elementor-section elementor-top-section elementor-element elementor-element-3303a7e3 elementor-section-boxed elementor-section-height-default elementor-section-height-default\" data-id=\"3303a7e3\" data-element_type=\"section\">\n\t\t\t\t\t\t<div class=\"elementor-container elementor-column-gap-default\">\n\t\t\t\t\t<div class=\"elementor-column elementor-col-100 elementor-top-column elementor-element elementor-element-16d72dbf\" data-id=\"16d72dbf\" data-element_type=\"column\">\n\t\t\t<div class=\"elementor-widget-wrap elementor-element-populated\">\n\t\t\t\t\t\t\t\t<div class=\"elementor-element elementor-element-d743c03 elementor-widget elementor-widget-text-editor\" data-id=\"d743c03\" data-element_type=\"widget\" data-widget_type=\"text-editor.default\">\n\t\t\t\t<div class=\"elementor-widget-container\">\n\t\t\t\t\t\t\t<h2>W\u00c4HLEN SIE UNTEN IHRE AKTIVIT\u00c4T AUS, UM GESCHENKGUTSCHEINE \/ TICKETS ZU VERSCHENKEN ODER ZU BUCHEN<\/h2><table border=\"0\" width=\"580\" cellspacing=\"10\" cellpadding=\"10\"><tbody><tr><td width=\"50%\"><strong>CANYONING &#8211; MORGE + Imbiss<\/strong><\/td><td><strong>CHF 170.00 pro Person<span class=\"productPrice\"><br \/><\/span><\/strong><\/td><\/tr><tr><td>Zus\u00e4tzliche Informationen<\/td><td><span class=\"plbl\">&#8211; <\/span><span class=\"patt\">Ab 10 Pers. 10% : <strong>CHF 153.00<\/strong>\/Pers.<br \/>&#8211; Ab 21 Pers. 20% : <strong>CHF 136.00<\/strong>\/Pers.<strong><br \/><\/strong>&#8211; Mindestalter : 12 j\u00e4hrig<br \/><\/span><span class=\"plbl\">&#8211; <\/span><span class=\"patt\">Sonniger Canyon<\/span><\/td><\/tr><tr><td>Startzeit<\/td><td>09h00<\/td><\/tr><tr><td>Canyoning<\/td><td>ca. 2,5 Std.<\/td><\/tr><tr><td>Gesamtdauer<\/td><td>ca. 4 Std.<\/td><\/tr><tr><td>Treffpunkt<\/td><td><a href=\"https:\/\/www.google.com\/maps\/place\/46%C2%B017'36.8%22N+7%C2%B033'29.6%22E\/@46.2937223,7.5537054,780m\/data=!3m1!1e3!4m4!3m3!8m2!3d46.2935556!4d7.5582222?entry=ttu\" target=\"_blank\" rel=\"noopener\">Siders<\/a><\/td><\/tr><tr><td>Schwierigkeitsgrad<\/td><td>2<\/td><\/tr><tr><td><button class=\"elementor-button\" type=\"button\"><a href=\"https:\/\/swissraft.outdoorbooking.ch\/fo\/products\/1171?base_id=82&amp;category_id=2&amp;order_type=gift_voucher&amp;lang=de\" target=\"_blank\" rel=\"noopener\">GUTSCHEIN \/ TICKET KAUFEN<\/a><\/button><\/td><td><span style=\"color: #ff6600;\"><a href=\"https:\/\/swissraft.outdoorbooking.ch\/fo\/products\/1171?base_id=82&amp;category_id=2&amp;order_type=event&amp;lang=de\" target=\"_blank\" rel=\"noopener\">RESERVIEREN SIE EIN DATUM<\/a><\/span><\/td><\/tr><\/tbody><\/table>\t\t\t\t\t\t<\/div>\n\t\t\t\t<\/div>\n\t\t\t\t\t<\/div>\n\t\t<\/div>\n\t\t\t\t\t\t\t<\/div>\n\t\t<\/section>\n\t\t\t\t<section class=\"elementor-section elementor-top-section elementor-element elementor-element-91093d6 elementor-section-boxed elementor-section-height-default elementor-section-height-default\" data-id=\"91093d6\" data-element_type=\"section\">\n\t\t\t\t\t\t<div class=\"elementor-container elementor-column-gap-default\">\n\t\t\t\t\t<div class=\"elementor-column elementor-col-100 elementor-top-column elementor-element elementor-element-31f6084\" data-id=\"31f6084\" data-element_type=\"column\">\n\t\t\t<div class=\"elementor-widget-wrap elementor-element-populated\">\n\t\t\t\t\t\t\t\t<div class=\"elementor-element elementor-element-5c52c98 elementor-widget elementor-widget-text-editor\" data-id=\"5c52c98\" data-element_type=\"widget\" data-widget_type=\"text-editor.default\">\n\t\t\t\t<div class=\"elementor-widget-container\">\n\t\t\t\t\t\t\t<h2>W\u00c4HLEN SIE UNTEN IHRE AKTIVIT\u00c4T AUS, UM GESCHENKGUTSCHEINE \/ TICKETS ZU VERSCHENKEN ODER ZU BUCHEN.<\/h2>\n\t\t\t\t\t\t<\/div>\n\t\t\t\t<\/div>\n\t\t\t\t\t<\/div>\n\t\t<\/div>\n\t\t\t\t\t\t\t<\/div>\n\t\t<\/section>\n\t\t\t\t\t\t\t<\/div>\n\t\t","protected":false},"excerpt":{"rendered":"<div align=\"justify\">\n<h2 align=\"justify\">Canyoning im Canyon la Morge im Wallis, ein vielseitiger Canyon<\/h2>\n<h3>Der Canyon von La Morge, ein garantierter Adrenalinsto\u00df<\/h3>\n<\/div>\n<div align=\"justify\">\n<p>Canyoning im Canyon de la Morge im Wallis ist von seltener Sch\u00f6nheit. Einerseits das kristallklare Wasser, die von der Str\u00f6mung gegl\u00e4tteten Felsen : mit Schwimmen, Springen, Abseilen und mit seinen engen Schluchten, erinnert er uns daran, dass wir uns in einem Canyon befinden. Au\u00dferdem ist er an einigen Stellen nicht sehr tief, so dass Sie sich w\u00e4hrend dieser sportlichen Aktivit\u00e4t beruhigen und verschnaufen k\u00f6nnen.<\/p>\n<h3>Die Alternativen zum La Morge Canyon im Wallis sind vielf\u00e4ltig.<\/h3>\n<p id=\"textarea\" style=\"display: none;\">Zum Beispiel La Raspille oder der Feschelbach. Swissraft bietet auch <strong>Canyoning<\/strong> in der Torneresse Richtung des Mosses Passes und in Gruy\u00e8re La Tine de Montbovon an. Nat\u00fcrlich gibt es auch im Tessin viele spektakul\u00e4re Canyons in allen Schwierigkeitsgraden. Auch im Wallis gibt es noch viele andere Schluchten, die auf Sie warten. Au\u00dferdem bieten wir <strong>Canyons<\/strong> im Berner Oberland wie die Chli Schliere, der Grimsel oder der Saxeten an. Im Kanton St. Gallen wird Ihnen der Amden <strong>Canyon<\/strong> sicher gut gefallen. Die Viamala-Schlucht mit ihren \u00fcber 150 m hohen W\u00e4nden in der N\u00e4he von Thusis wird Ihnen gefallen.\n<\/p>\n<p><a id=\"seeMore\" onclick=\"toggleSeeMore()\" href=\"javascript:void(0);\">Lesen Sie mehr<\/a><\/p>\n","protected":false},"featured_media":85009,"comment_status":"open","ping_status":"closed","template":"","meta":{"inline_featured_image":false,"_mi_skip_tracking":false},"product_cat":[335,320],"product_tag":[],"class_list":["post-91542","product","type-product","status-publish","has-post-thumbnail","hentry","product_cat-canyoning-wallis-italien","product_cat-canyoning-in-der-schweiz-und-umgebung"],"yoast_head":"<!-- This site is optimized with the Yoast SEO plugin v23.6 - https:\/\/yoast.com\/wordpress\/plugins\/seo\/ -->\n<title>Canyoning la Morge im Wallis, eine wahre Perle<\/title>\n<meta name=\"description\" content=\"Canyoning in der Morge im Wallis. Dieser Canyon ist von seltener Sch\u00f6nheit, klares Wasser, gegl\u00e4ttete Felsen. Schwimmen, Springen und Abseilen\" \/>\n<meta name=\"robots\" content=\"index, follow, max-snippet:-1, max-image-preview:large, max-video-preview:-1\" \/>\n<link rel=\"canonical\" href=\"https:\/\/www.swissraft.ch\/de\/produkt\/canyoning-wallis-morge\/\" \/>\n<meta property=\"og:locale\" content=\"de_DE\" \/>\n<meta property=\"og:type\" content=\"article\" \/>\n<meta property=\"og:title\" content=\"Canyoning la Morge im Wallis, eine wahre Perle\" \/>\n<meta property=\"og:description\" content=\"Canyoning in der Morge im Wallis. Dieser Canyon ist von seltener Sch\u00f6nheit, klares Wasser, gegl\u00e4ttete Felsen. Schwimmen, Springen und Abseilen\" \/>\n<meta property=\"og:url\" content=\"https:\/\/www.swissraft.ch\/de\/produkt\/canyoning-wallis-morge\/\" \/>\n<meta property=\"og:site_name\" content=\"Swissraft\" \/>\n<meta property=\"article:modified_time\" content=\"2026-04-10T21:40:18+00:00\" \/>\n<meta property=\"og:image\" content=\"https:\/\/www.swissraft.ch\/wp-content\/uploads\/2023\/02\/1-La-Morge-776x776-2.png\" \/>\n\t<meta property=\"og:image:width\" content=\"776\" \/>\n\t<meta property=\"og:image:height\" content=\"776\" \/>\n\t<meta property=\"og:image:type\" content=\"image\/png\" \/>\n<meta name=\"twitter:card\" content=\"summary_large_image\" \/>\n<meta name=\"twitter:label1\" content=\"Gesch\u00e4tzte Lesezeit\" \/>\n\t<meta name=\"twitter:data1\" content=\"1\u00a0Minute\" \/>\n<script type=\"application\/ld+json\" class=\"yoast-schema-graph\">{\"@context\":\"https:\/\/schema.org\",\"@graph\":[{\"@type\":\"WebPage\",\"@id\":\"https:\/\/www.swissraft.ch\/de\/produkt\/canyoning-wallis-morge\/\",\"url\":\"https:\/\/www.swissraft.ch\/de\/produkt\/canyoning-wallis-morge\/\",\"name\":\"Canyoning la Morge im Wallis, eine wahre Perle\",\"isPartOf\":{\"@id\":\"https:\/\/www.swissraft.ch\/de\/#website\"},\"primaryImageOfPage\":{\"@id\":\"https:\/\/www.swissraft.ch\/de\/produkt\/canyoning-wallis-morge\/#primaryimage\"},\"image\":{\"@id\":\"https:\/\/www.swissraft.ch\/de\/produkt\/canyoning-wallis-morge\/#primaryimage\"},\"thumbnailUrl\":\"https:\/\/www.swissraft.ch\/wp-content\/uploads\/2023\/02\/1-La-Morge-776x776-2.png\",\"datePublished\":\"2023-02-19T17:04:03+00:00\",\"dateModified\":\"2026-04-10T21:40:18+00:00\",\"description\":\"Canyoning in der Morge im Wallis. Dieser Canyon ist von seltener Sch\u00f6nheit, klares Wasser, gegl\u00e4ttete Felsen. Schwimmen, Springen und Abseilen\",\"breadcrumb\":{\"@id\":\"https:\/\/www.swissraft.ch\/de\/produkt\/canyoning-wallis-morge\/#breadcrumb\"},\"inLanguage\":\"de\",\"potentialAction\":[{\"@type\":\"ReadAction\",\"target\":[\"https:\/\/www.swissraft.ch\/de\/produkt\/canyoning-wallis-morge\/\"]}]},{\"@type\":\"ImageObject\",\"inLanguage\":\"de\",\"@id\":\"https:\/\/www.swissraft.ch\/de\/produkt\/canyoning-wallis-morge\/#primaryimage\",\"url\":\"https:\/\/www.swissraft.ch\/wp-content\/uploads\/2023\/02\/1-La-Morge-776x776-2.png\",\"contentUrl\":\"https:\/\/www.swissraft.ch\/wp-content\/uploads\/2023\/02\/1-La-Morge-776x776-2.png\",\"width\":776,\"height\":776,\"caption\":\"Canyoning Morge im Wallis\"},{\"@type\":\"BreadcrumbList\",\"@id\":\"https:\/\/www.swissraft.ch\/de\/produkt\/canyoning-wallis-morge\/#breadcrumb\",\"itemListElement\":[{\"@type\":\"ListItem\",\"position\":1,\"name\":\"Accueil\",\"item\":\"https:\/\/www.swissraft.ch\/de\/\"},{\"@type\":\"ListItem\",\"position\":2,\"name\":\"Shop\",\"item\":\"https:\/\/www.swissraft.ch\/de\/shop\/\"},{\"@type\":\"ListItem\",\"position\":3,\"name\":\"Canyoning im Wallis &#8211; Die Morge &#8211; Ab CHF 136.00\"}]},{\"@type\":\"WebSite\",\"@id\":\"https:\/\/www.swissraft.ch\/de\/#website\",\"url\":\"https:\/\/www.swissraft.ch\/de\/\",\"name\":\"Swissraft\",\"description\":\"To enjoy nature as it is\",\"publisher\":{\"@id\":\"https:\/\/www.swissraft.ch\/de\/#organization\"},\"potentialAction\":[{\"@type\":\"SearchAction\",\"target\":{\"@type\":\"EntryPoint\",\"urlTemplate\":\"https:\/\/www.swissraft.ch\/de\/?s={search_term_string}\"},\"query-input\":{\"@type\":\"PropertyValueSpecification\",\"valueRequired\":true,\"valueName\":\"search_term_string\"}}],\"inLanguage\":\"de\"},{\"@type\":\"Organization\",\"@id\":\"https:\/\/www.swissraft.ch\/de\/#organization\",\"name\":\"Swissraft\",\"url\":\"https:\/\/www.swissraft.ch\/de\/\",\"logo\":{\"@type\":\"ImageObject\",\"inLanguage\":\"de\",\"@id\":\"https:\/\/www.swissraft.ch\/de\/#\/schema\/logo\/image\/\",\"url\":\"https:\/\/www.swissraft.ch\/wp-content\/uploads\/2025\/09\/Capture.jpg\",\"contentUrl\":\"https:\/\/www.swissraft.ch\/wp-content\/uploads\/2025\/09\/Capture.jpg\",\"width\":293,\"height\":108,\"caption\":\"Swissraft\"},\"image\":{\"@id\":\"https:\/\/www.swissraft.ch\/de\/#\/schema\/logo\/image\/\"}}]}<\/script>\n<!-- \/ Yoast SEO plugin. -->","yoast_head_json":{"title":"Canyoning la Morge im Wallis, eine wahre Perle","description":"Canyoning in der Morge im Wallis. Dieser Canyon ist von seltener Sch\u00f6nheit, klares Wasser, gegl\u00e4ttete Felsen. Schwimmen, Springen und Abseilen","robots":{"index":"index","follow":"follow","max-snippet":"max-snippet:-1","max-image-preview":"max-image-preview:large","max-video-preview":"max-video-preview:-1"},"canonical":"https:\/\/www.swissraft.ch\/de\/produkt\/canyoning-wallis-morge\/","og_locale":"de_DE","og_type":"article","og_title":"Canyoning la Morge im Wallis, eine wahre Perle","og_description":"Canyoning in der Morge im Wallis. Dieser Canyon ist von seltener Sch\u00f6nheit, klares Wasser, gegl\u00e4ttete Felsen. Schwimmen, Springen und Abseilen","og_url":"https:\/\/www.swissraft.ch\/de\/produkt\/canyoning-wallis-morge\/","og_site_name":"Swissraft","article_modified_time":"2026-04-10T21:40:18+00:00","og_image":[{"width":776,"height":776,"url":"https:\/\/www.swissraft.ch\/wp-content\/uploads\/2023\/02\/1-La-Morge-776x776-2.png","type":"image\/png"}],"twitter_card":"summary_large_image","twitter_misc":{"Gesch\u00e4tzte Lesezeit":"1\u00a0Minute"},"schema":{"@context":"https:\/\/schema.org","@graph":[{"@type":"WebPage","@id":"https:\/\/www.swissraft.ch\/de\/produkt\/canyoning-wallis-morge\/","url":"https:\/\/www.swissraft.ch\/de\/produkt\/canyoning-wallis-morge\/","name":"Canyoning la Morge im Wallis, eine wahre Perle","isPartOf":{"@id":"https:\/\/www.swissraft.ch\/de\/#website"},"primaryImageOfPage":{"@id":"https:\/\/www.swissraft.ch\/de\/produkt\/canyoning-wallis-morge\/#primaryimage"},"image":{"@id":"https:\/\/www.swissraft.ch\/de\/produkt\/canyoning-wallis-morge\/#primaryimage"},"thumbnailUrl":"https:\/\/www.swissraft.ch\/wp-content\/uploads\/2023\/02\/1-La-Morge-776x776-2.png","datePublished":"2023-02-19T17:04:03+00:00","dateModified":"2026-04-10T21:40:18+00:00","description":"Canyoning in der Morge im Wallis. Dieser Canyon ist von seltener Sch\u00f6nheit, klares Wasser, gegl\u00e4ttete Felsen. Schwimmen, Springen und Abseilen","breadcrumb":{"@id":"https:\/\/www.swissraft.ch\/de\/produkt\/canyoning-wallis-morge\/#breadcrumb"},"inLanguage":"de","potentialAction":[{"@type":"ReadAction","target":["https:\/\/www.swissraft.ch\/de\/produkt\/canyoning-wallis-morge\/"]}]},{"@type":"ImageObject","inLanguage":"de","@id":"https:\/\/www.swissraft.ch\/de\/produkt\/canyoning-wallis-morge\/#primaryimage","url":"https:\/\/www.swissraft.ch\/wp-content\/uploads\/2023\/02\/1-La-Morge-776x776-2.png","contentUrl":"https:\/\/www.swissraft.ch\/wp-content\/uploads\/2023\/02\/1-La-Morge-776x776-2.png","width":776,"height":776,"caption":"Canyoning Morge im Wallis"},{"@type":"BreadcrumbList","@id":"https:\/\/www.swissraft.ch\/de\/produkt\/canyoning-wallis-morge\/#breadcrumb","itemListElement":[{"@type":"ListItem","position":1,"name":"Accueil","item":"https:\/\/www.swissraft.ch\/de\/"},{"@type":"ListItem","position":2,"name":"Shop","item":"https:\/\/www.swissraft.ch\/de\/shop\/"},{"@type":"ListItem","position":3,"name":"Canyoning im Wallis &#8211; Die Morge &#8211; Ab CHF 136.00"}]},{"@type":"WebSite","@id":"https:\/\/www.swissraft.ch\/de\/#website","url":"https:\/\/www.swissraft.ch\/de\/","name":"Swissraft","description":"To enjoy nature as it is","publisher":{"@id":"https:\/\/www.swissraft.ch\/de\/#organization"},"potentialAction":[{"@type":"SearchAction","target":{"@type":"EntryPoint","urlTemplate":"https:\/\/www.swissraft.ch\/de\/?s={search_term_string}"},"query-input":{"@type":"PropertyValueSpecification","valueRequired":true,"valueName":"search_term_string"}}],"inLanguage":"de"},{"@type":"Organization","@id":"https:\/\/www.swissraft.ch\/de\/#organization","name":"Swissraft","url":"https:\/\/www.swissraft.ch\/de\/","logo":{"@type":"ImageObject","inLanguage":"de","@id":"https:\/\/www.swissraft.ch\/de\/#\/schema\/logo\/image\/","url":"https:\/\/www.swissraft.ch\/wp-content\/uploads\/2025\/09\/Capture.jpg","contentUrl":"https:\/\/www.swissraft.ch\/wp-content\/uploads\/2025\/09\/Capture.jpg","width":293,"height":108,"caption":"Swissraft"},"image":{"@id":"https:\/\/www.swissraft.ch\/de\/#\/schema\/logo\/image\/"}}]}},"_links":{"self":[{"href":"https:\/\/www.swissraft.ch\/de\/wp-json\/wp\/v2\/product\/91542","targetHints":{"allow":["GET"]}}],"collection":[{"href":"https:\/\/www.swissraft.ch\/de\/wp-json\/wp\/v2\/product"}],"about":[{"href":"https:\/\/www.swissraft.ch\/de\/wp-json\/wp\/v2\/types\/product"}],"replies":[{"embeddable":true,"href":"https:\/\/www.swissraft.ch\/de\/wp-json\/wp\/v2\/comments?post=91542"}],"version-history":[{"count":18,"href":"https:\/\/www.swissraft.ch\/de\/wp-json\/wp\/v2\/product\/91542\/revisions"}],"predecessor-version":[{"id":139246,"href":"https:\/\/www.swissraft.ch\/de\/wp-json\/wp\/v2\/product\/91542\/revisions\/139246"}],"wp:featuredmedia":[{"embeddable":true,"href":"https:\/\/www.swissraft.ch\/de\/wp-json\/wp\/v2\/media\/85009"}],"wp:attachment":[{"href":"https:\/\/www.swissraft.ch\/de\/wp-json\/wp\/v2\/media?parent=91542"}],"wp:term":[{"taxonomy":"product_cat","embeddable":true,"href":"https:\/\/www.swissraft.ch\/de\/wp-json\/wp\/v2\/product_cat?post=91542"},{"taxonomy":"product_tag","embeddable":true,"href":"https:\/\/www.swissraft.ch\/de\/wp-json\/wp\/v2\/product_tag?post=91542"}],"curies":[{"name":"wp","href":"https:\/\/api.w.org\/{rel}","templated":true}]}}