{"id":91541,"date":"2023-02-22T23:14:17","date_gmt":"2023-02-22T22:14:17","guid":{"rendered":"https:\/\/swissraft.xyanzkdne.eu\/product\/canyoning-in-valais-le-gondo-ab-chf-140-00\/"},"modified":"2026-04-10T23:39:03","modified_gmt":"2026-04-10T21:39:03","slug":"canyoning-wallis-le-gondo","status":"publish","type":"product","link":"https:\/\/www.swissraft.ch\/de\/produkt\/canyoning-wallis-le-gondo\/","title":{"rendered":"Canyoning im Wallis &#8211; Die Gondo &#8211; Ab CHF 140.00"},"content":{"rendered":"\t\t<div data-elementor-type=\"wp-post\" data-elementor-id=\"91541\" class=\"elementor elementor-91541 elementor-31190\">\n\t\t\t\t\t\t\t\t\t<section class=\"elementor-section elementor-top-section elementor-element elementor-element-3303a7e3 elementor-section-boxed elementor-section-height-default elementor-section-height-default\" data-id=\"3303a7e3\" data-element_type=\"section\">\n\t\t\t\t\t\t<div class=\"elementor-container elementor-column-gap-default\">\n\t\t\t\t\t<div class=\"elementor-column elementor-col-100 elementor-top-column elementor-element elementor-element-16d72dbf\" data-id=\"16d72dbf\" data-element_type=\"column\">\n\t\t\t<div class=\"elementor-widget-wrap elementor-element-populated\">\n\t\t\t\t\t\t\t\t<div class=\"elementor-element elementor-element-d743c03 elementor-widget elementor-widget-text-editor\" data-id=\"d743c03\" data-element_type=\"widget\" data-widget_type=\"text-editor.default\">\n\t\t\t\t<div class=\"elementor-widget-container\">\n\t\t\t\t\t\t\t<h2>W\u00c4HLEN SIE UNTEN IHRE AKTIVIT\u00c4T AUS, UM GESCHENKGUTSCHEINE \/ TICKETS ZU VERSCHENKEN ODER ZU BUCHEN<\/h2><table border=\"0\" width=\"580\" cellspacing=\"10\" cellpadding=\"10\"><tbody><tr><td width=\"50%\"><strong>1) CANYONING &#8211; GONDO + Imbiss<\/strong><\/td><td><strong>CHF 175.00 pro Person<span class=\"productPrice\"><br \/><\/span><\/strong><\/td><\/tr><tr><td>Zus\u00e4tzliche Informationen<\/td><td><span class=\"plbl\">&#8211; <\/span><span class=\"patt\">Ab 10 Pers. 10% : <strong>CHF 157.50<\/strong>\/Pers.<br \/>&#8211; Ab 21 Pers. 20% : <strong>CHF 140.00<\/strong>\/Pers.<strong><br \/><\/strong>&#8211; Mindestalter : 16 j\u00e4hrig<br \/>&#8211; <\/span><span class=\"patt\">Sehr sonniger Canyon<\/span><\/td><\/tr><tr><td>Startzeiten<\/td><td>08.00 Uhr \/ 14.00 Uhr<\/td><\/tr><tr><td>Canyoning<\/td><td>ca. 2 Std.<\/td><\/tr><tr><td>Gesamtdauer<\/td><td>ca. 5 Std.<\/td><\/tr><tr><td>Treffpunkt<\/td><td><a href=\"https:\/\/www.google.com\/maps\/place\/46%C2%B017'36.8%22N+7%C2%B033'29.6%22E\/@46.2937223,7.5537054,780m\/data=!3m1!1e3!4m4!3m3!8m2!3d46.2935556!4d7.5582222?entry=ttu\" target=\"_blank\" rel=\"noopener\">Siders<\/a><\/td><\/tr><tr><td>Schwierigkeitsgrad<\/td><td>2<\/td><\/tr><tr><td><button class=\"elementor-button\" type=\"button\"><a href=\"https:\/\/swissraft.outdoorbooking.ch\/fo\/products\/1365?base_id=82&amp;category_id=2&amp;order_type=gift_voucher&amp;lang=de\" target=\"_blank\" rel=\"noopener\">GUTSCHEIN \/ TICKET KAUFEN<\/a><\/button><\/td><td><span style=\"color: #ff6600;\"><a href=\"https:\/\/swissraft.outdoorbooking.ch\/fo\/products\/1365?base_id=82&amp;category_id=2&amp;order_type=event&amp;lang=de\" target=\"_blank\" rel=\"noopener\">RESERVIEREN SIE EIN DATUM<\/a><\/span><\/td><\/tr><\/tbody><\/table><table border=\"0\" width=\"580\" cellspacing=\"10\" cellpadding=\"10\"><tbody><tr><td width=\"50%\"><strong>2) CANYONING &#8211; GONDO &#8211; Tagestour + Picknick<\/strong><\/td><td><strong>CHF 215.00 pro Person<span class=\"productPrice\"><br \/><\/span><\/strong><\/td><\/tr><tr><td>Zus\u00e4tzliche Informationen<\/td><td><span class=\"plbl\">&#8211; <\/span><span class=\"patt\">Ab 10 Pers. 10% : <strong>CHF 193.50<\/strong>\/Pers.<br \/>&#8211; Ab 21 Pers. 20% : <strong>CHF 172.00<\/strong>\/Pers.<br \/>&#8211; Mindestalter : 16 j\u00e4hrig<br \/>&#8211; <\/span><span class=\"patt\">Sehr sonniger Canyon<\/span><\/td><\/tr><tr><td>Startzeit<\/td><td>08h00<\/td><\/tr><tr><td>Canyoning<\/td><td>ca. 4 Std.<\/td><\/tr><tr><td>\u00a0Gesamtdauer<\/td><td>ca. 6,5 Std.<\/td><\/tr><tr><td>Treffpunkt<\/td><td><a href=\"https:\/\/www.google.com\/maps\/place\/46%C2%B017'36.8%22N+7%C2%B033'29.6%22E\/@46.2937223,7.5537054,780m\/data=!3m1!1e3!4m4!3m3!8m2!3d46.2935556!4d7.5582222?entry=ttu\" target=\"_blank\" rel=\"noopener\">Siders<\/a><\/td><\/tr><tr><td>Schwierigkeitsgrad<\/td><td>3<\/td><\/tr><tr><td><button class=\"elementor-button\" type=\"button\"><a href=\"https:\/\/swissraft.outdoorbooking.ch\/fo\/products\/1173?base_id=82&amp;category_id=2&amp;order_type=gift_voucher&amp;lang=de\" target=\"_blank\" rel=\"noopener\">GUTSCHEIN \/ TICKET KAUFEN<\/a><\/button><\/td><td><span style=\"color: #ff6600;\"><a href=\"https:\/\/swissraft.outdoorbooking.ch\/fo\/products\/1173?base_id=82&amp;category_id=2&amp;order_type=event&amp;lang=de\" target=\"_blank\" rel=\"noopener\">RESERVIEREN SIE EIN DATUM<\/a><\/span><\/td><\/tr><\/tbody><\/table>\t\t\t\t\t\t<\/div>\n\t\t\t\t<\/div>\n\t\t\t\t\t<\/div>\n\t\t<\/div>\n\t\t\t\t\t\t\t<\/div>\n\t\t<\/section>\n\t\t\t\t\t\t\t<\/div>\n\t\t","protected":false},"excerpt":{"rendered":"<h2>Canyoning im Gondo im Wallis<\/h2>\n<h3>Der Gondo Canyon ist ein Klassiker im Bereich des Canyoning.<\/h3>\n<div align=\"justify\">\n<p>Der Gondo <strong>Canyon<\/strong> im Oberwallis ist ein wahres Naturjuwel. Es handelt sich um eine Wasserstrecke mit Schwimmen, Spr\u00fcngen und Rutschen, die einen beliebten Cocktail f\u00fcr <strong>Canyoning-Fans<\/strong> bilden. Andererseits werden Sie erstaunt sein, eine noch unber\u00fchrte Natur zu entdecken, die durch Jahrtausende der Erosion versch\u00f6nert wurde. Dieser <strong>Canyon<\/strong> erfordert eine gute k\u00f6rperliche Verfassung, um den Abstieg zu genie\u00dfen.<\/p>\n<h3>Eine gro\u00dfe Auswahl au\u00dfer dem Gondo Canyon im Oberwallis erwartet Sie.<\/h3>\n<p id=\"textarea\" style=\"display: none;\">\nIm Wallis werden Ihnen die <strong>Schluchten<\/strong> wie der Feschelbach oder die Massa und andere gefallen. Swissraft bietet auch den Canyon von La Torneresse in Richtung Mosses Passes an. Sowie der <strong>Canyon<\/strong> von La Tine de Montbovon im Greyerzerland im Kanton Freiburg. Aber auch im Tessin gibt es mehrere Schluchten wie die Boggera oder der Pontirone, die f\u00fcr alle zug\u00e4nglich sind. Ebenso haben wir <strong>Schluchten<\/strong> im Berner Oberland wie Saxeten, Grimsel, Chli Schliere. Au\u00dferdem gibt es den Amden Canyon mit einer 40 m langen Abseilstrecke entlang eines Staudamms. Und schlie\u00dflich die Viamala-Schlucht mit ihren \u00fcber 150 m hohen W\u00e4nden in Graub\u00fcnden.\n<\/p>\n<p><a id=\"seeMore\" onclick=\"toggleSeeMore()\" href=\"javascript:void(0);\">Lesen Sie mehr<\/a><\/p>\n","protected":false},"featured_media":85054,"comment_status":"open","ping_status":"closed","template":"","meta":{"inline_featured_image":false,"_mi_skip_tracking":false},"product_cat":[335,320],"product_tag":[],"class_list":["post-91541","product","type-product","status-publish","has-post-thumbnail","hentry","product_cat-canyoning-wallis-italien","product_cat-canyoning-in-der-schweiz-und-umgebung"],"yoast_head":"<!-- This site is optimized with the Yoast SEO plugin v23.6 - https:\/\/yoast.com\/wordpress\/plugins\/seo\/ -->\n<title>Canyoning im Gondo im Oberwallis, sehr sportliche Schlucht<\/title>\n<meta name=\"description\" content=\"Canyoning im Gondo im Oberwallis ist eine Wasserstrecke mit Schwimmen, Spr\u00fcngen und Rutschen. Eine gute k\u00f6rperliche Verfassung ist erforderlich.\" \/>\n<meta name=\"robots\" content=\"index, follow, max-snippet:-1, max-image-preview:large, max-video-preview:-1\" \/>\n<link rel=\"canonical\" href=\"https:\/\/www.swissraft.ch\/de\/produkt\/canyoning-wallis-le-gondo\/\" \/>\n<meta property=\"og:locale\" content=\"de_DE\" \/>\n<meta property=\"og:type\" content=\"article\" \/>\n<meta property=\"og:title\" content=\"Canyoning im Gondo im Oberwallis, sehr sportliche Schlucht\" \/>\n<meta property=\"og:description\" content=\"Canyoning im Gondo im Oberwallis ist eine Wasserstrecke mit Schwimmen, Spr\u00fcngen und Rutschen. Eine gute k\u00f6rperliche Verfassung ist erforderlich.\" \/>\n<meta property=\"og:url\" content=\"https:\/\/www.swissraft.ch\/de\/produkt\/canyoning-wallis-le-gondo\/\" \/>\n<meta property=\"og:site_name\" content=\"Swissraft\" \/>\n<meta property=\"article:modified_time\" content=\"2026-04-10T21:39:03+00:00\" \/>\n<meta property=\"og:image\" content=\"https:\/\/www.swissraft.ch\/wp-content\/uploads\/2023\/02\/1-Gondo-776x776-1.png\" \/>\n\t<meta property=\"og:image:width\" content=\"776\" \/>\n\t<meta property=\"og:image:height\" content=\"776\" \/>\n\t<meta property=\"og:image:type\" content=\"image\/png\" \/>\n<meta name=\"twitter:card\" content=\"summary_large_image\" \/>\n<meta name=\"twitter:label1\" content=\"Gesch\u00e4tzte Lesezeit\" \/>\n\t<meta name=\"twitter:data1\" content=\"1\u00a0Minute\" \/>\n<script type=\"application\/ld+json\" class=\"yoast-schema-graph\">{\"@context\":\"https:\/\/schema.org\",\"@graph\":[{\"@type\":\"WebPage\",\"@id\":\"https:\/\/www.swissraft.ch\/de\/produkt\/canyoning-wallis-le-gondo\/\",\"url\":\"https:\/\/www.swissraft.ch\/de\/produkt\/canyoning-wallis-le-gondo\/\",\"name\":\"Canyoning im Gondo im Oberwallis, sehr sportliche Schlucht\",\"isPartOf\":{\"@id\":\"https:\/\/www.swissraft.ch\/de\/#website\"},\"primaryImageOfPage\":{\"@id\":\"https:\/\/www.swissraft.ch\/de\/produkt\/canyoning-wallis-le-gondo\/#primaryimage\"},\"image\":{\"@id\":\"https:\/\/www.swissraft.ch\/de\/produkt\/canyoning-wallis-le-gondo\/#primaryimage\"},\"thumbnailUrl\":\"https:\/\/www.swissraft.ch\/wp-content\/uploads\/2023\/02\/1-Gondo-776x776-1.png\",\"datePublished\":\"2023-02-22T22:14:17+00:00\",\"dateModified\":\"2026-04-10T21:39:03+00:00\",\"description\":\"Canyoning im Gondo im Oberwallis ist eine Wasserstrecke mit Schwimmen, Spr\u00fcngen und Rutschen. Eine gute k\u00f6rperliche Verfassung ist erforderlich.\",\"breadcrumb\":{\"@id\":\"https:\/\/www.swissraft.ch\/de\/produkt\/canyoning-wallis-le-gondo\/#breadcrumb\"},\"inLanguage\":\"de\",\"potentialAction\":[{\"@type\":\"ReadAction\",\"target\":[\"https:\/\/www.swissraft.ch\/de\/produkt\/canyoning-wallis-le-gondo\/\"]}]},{\"@type\":\"ImageObject\",\"inLanguage\":\"de\",\"@id\":\"https:\/\/www.swissraft.ch\/de\/produkt\/canyoning-wallis-le-gondo\/#primaryimage\",\"url\":\"https:\/\/www.swissraft.ch\/wp-content\/uploads\/2023\/02\/1-Gondo-776x776-1.png\",\"contentUrl\":\"https:\/\/www.swissraft.ch\/wp-content\/uploads\/2023\/02\/1-Gondo-776x776-1.png\",\"width\":776,\"height\":776,\"caption\":\"Gondo Canyon im Oberwallis\"},{\"@type\":\"BreadcrumbList\",\"@id\":\"https:\/\/www.swissraft.ch\/de\/produkt\/canyoning-wallis-le-gondo\/#breadcrumb\",\"itemListElement\":[{\"@type\":\"ListItem\",\"position\":1,\"name\":\"Accueil\",\"item\":\"https:\/\/www.swissraft.ch\/de\/\"},{\"@type\":\"ListItem\",\"position\":2,\"name\":\"Shop\",\"item\":\"https:\/\/www.swissraft.ch\/de\/shop\/\"},{\"@type\":\"ListItem\",\"position\":3,\"name\":\"Canyoning im Wallis &#8211; Die Gondo &#8211; Ab CHF 140.00\"}]},{\"@type\":\"WebSite\",\"@id\":\"https:\/\/www.swissraft.ch\/de\/#website\",\"url\":\"https:\/\/www.swissraft.ch\/de\/\",\"name\":\"Swissraft\",\"description\":\"To enjoy nature as it is\",\"publisher\":{\"@id\":\"https:\/\/www.swissraft.ch\/de\/#organization\"},\"potentialAction\":[{\"@type\":\"SearchAction\",\"target\":{\"@type\":\"EntryPoint\",\"urlTemplate\":\"https:\/\/www.swissraft.ch\/de\/?s={search_term_string}\"},\"query-input\":{\"@type\":\"PropertyValueSpecification\",\"valueRequired\":true,\"valueName\":\"search_term_string\"}}],\"inLanguage\":\"de\"},{\"@type\":\"Organization\",\"@id\":\"https:\/\/www.swissraft.ch\/de\/#organization\",\"name\":\"Swissraft\",\"url\":\"https:\/\/www.swissraft.ch\/de\/\",\"logo\":{\"@type\":\"ImageObject\",\"inLanguage\":\"de\",\"@id\":\"https:\/\/www.swissraft.ch\/de\/#\/schema\/logo\/image\/\",\"url\":\"https:\/\/www.swissraft.ch\/wp-content\/uploads\/2025\/09\/Capture.jpg\",\"contentUrl\":\"https:\/\/www.swissraft.ch\/wp-content\/uploads\/2025\/09\/Capture.jpg\",\"width\":293,\"height\":108,\"caption\":\"Swissraft\"},\"image\":{\"@id\":\"https:\/\/www.swissraft.ch\/de\/#\/schema\/logo\/image\/\"}}]}<\/script>\n<!-- \/ Yoast SEO plugin. -->","yoast_head_json":{"title":"Canyoning im Gondo im Oberwallis, sehr sportliche Schlucht","description":"Canyoning im Gondo im Oberwallis ist eine Wasserstrecke mit Schwimmen, Spr\u00fcngen und Rutschen. Eine gute k\u00f6rperliche Verfassung ist erforderlich.","robots":{"index":"index","follow":"follow","max-snippet":"max-snippet:-1","max-image-preview":"max-image-preview:large","max-video-preview":"max-video-preview:-1"},"canonical":"https:\/\/www.swissraft.ch\/de\/produkt\/canyoning-wallis-le-gondo\/","og_locale":"de_DE","og_type":"article","og_title":"Canyoning im Gondo im Oberwallis, sehr sportliche Schlucht","og_description":"Canyoning im Gondo im Oberwallis ist eine Wasserstrecke mit Schwimmen, Spr\u00fcngen und Rutschen. Eine gute k\u00f6rperliche Verfassung ist erforderlich.","og_url":"https:\/\/www.swissraft.ch\/de\/produkt\/canyoning-wallis-le-gondo\/","og_site_name":"Swissraft","article_modified_time":"2026-04-10T21:39:03+00:00","og_image":[{"width":776,"height":776,"url":"https:\/\/www.swissraft.ch\/wp-content\/uploads\/2023\/02\/1-Gondo-776x776-1.png","type":"image\/png"}],"twitter_card":"summary_large_image","twitter_misc":{"Gesch\u00e4tzte Lesezeit":"1\u00a0Minute"},"schema":{"@context":"https:\/\/schema.org","@graph":[{"@type":"WebPage","@id":"https:\/\/www.swissraft.ch\/de\/produkt\/canyoning-wallis-le-gondo\/","url":"https:\/\/www.swissraft.ch\/de\/produkt\/canyoning-wallis-le-gondo\/","name":"Canyoning im Gondo im Oberwallis, sehr sportliche Schlucht","isPartOf":{"@id":"https:\/\/www.swissraft.ch\/de\/#website"},"primaryImageOfPage":{"@id":"https:\/\/www.swissraft.ch\/de\/produkt\/canyoning-wallis-le-gondo\/#primaryimage"},"image":{"@id":"https:\/\/www.swissraft.ch\/de\/produkt\/canyoning-wallis-le-gondo\/#primaryimage"},"thumbnailUrl":"https:\/\/www.swissraft.ch\/wp-content\/uploads\/2023\/02\/1-Gondo-776x776-1.png","datePublished":"2023-02-22T22:14:17+00:00","dateModified":"2026-04-10T21:39:03+00:00","description":"Canyoning im Gondo im Oberwallis ist eine Wasserstrecke mit Schwimmen, Spr\u00fcngen und Rutschen. Eine gute k\u00f6rperliche Verfassung ist erforderlich.","breadcrumb":{"@id":"https:\/\/www.swissraft.ch\/de\/produkt\/canyoning-wallis-le-gondo\/#breadcrumb"},"inLanguage":"de","potentialAction":[{"@type":"ReadAction","target":["https:\/\/www.swissraft.ch\/de\/produkt\/canyoning-wallis-le-gondo\/"]}]},{"@type":"ImageObject","inLanguage":"de","@id":"https:\/\/www.swissraft.ch\/de\/produkt\/canyoning-wallis-le-gondo\/#primaryimage","url":"https:\/\/www.swissraft.ch\/wp-content\/uploads\/2023\/02\/1-Gondo-776x776-1.png","contentUrl":"https:\/\/www.swissraft.ch\/wp-content\/uploads\/2023\/02\/1-Gondo-776x776-1.png","width":776,"height":776,"caption":"Gondo Canyon im Oberwallis"},{"@type":"BreadcrumbList","@id":"https:\/\/www.swissraft.ch\/de\/produkt\/canyoning-wallis-le-gondo\/#breadcrumb","itemListElement":[{"@type":"ListItem","position":1,"name":"Accueil","item":"https:\/\/www.swissraft.ch\/de\/"},{"@type":"ListItem","position":2,"name":"Shop","item":"https:\/\/www.swissraft.ch\/de\/shop\/"},{"@type":"ListItem","position":3,"name":"Canyoning im Wallis &#8211; Die Gondo &#8211; Ab CHF 140.00"}]},{"@type":"WebSite","@id":"https:\/\/www.swissraft.ch\/de\/#website","url":"https:\/\/www.swissraft.ch\/de\/","name":"Swissraft","description":"To enjoy nature as it is","publisher":{"@id":"https:\/\/www.swissraft.ch\/de\/#organization"},"potentialAction":[{"@type":"SearchAction","target":{"@type":"EntryPoint","urlTemplate":"https:\/\/www.swissraft.ch\/de\/?s={search_term_string}"},"query-input":{"@type":"PropertyValueSpecification","valueRequired":true,"valueName":"search_term_string"}}],"inLanguage":"de"},{"@type":"Organization","@id":"https:\/\/www.swissraft.ch\/de\/#organization","name":"Swissraft","url":"https:\/\/www.swissraft.ch\/de\/","logo":{"@type":"ImageObject","inLanguage":"de","@id":"https:\/\/www.swissraft.ch\/de\/#\/schema\/logo\/image\/","url":"https:\/\/www.swissraft.ch\/wp-content\/uploads\/2025\/09\/Capture.jpg","contentUrl":"https:\/\/www.swissraft.ch\/wp-content\/uploads\/2025\/09\/Capture.jpg","width":293,"height":108,"caption":"Swissraft"},"image":{"@id":"https:\/\/www.swissraft.ch\/de\/#\/schema\/logo\/image\/"}}]}},"_links":{"self":[{"href":"https:\/\/www.swissraft.ch\/de\/wp-json\/wp\/v2\/product\/91541","targetHints":{"allow":["GET"]}}],"collection":[{"href":"https:\/\/www.swissraft.ch\/de\/wp-json\/wp\/v2\/product"}],"about":[{"href":"https:\/\/www.swissraft.ch\/de\/wp-json\/wp\/v2\/types\/product"}],"replies":[{"embeddable":true,"href":"https:\/\/www.swissraft.ch\/de\/wp-json\/wp\/v2\/comments?post=91541"}],"version-history":[{"count":18,"href":"https:\/\/www.swissraft.ch\/de\/wp-json\/wp\/v2\/product\/91541\/revisions"}],"predecessor-version":[{"id":139243,"href":"https:\/\/www.swissraft.ch\/de\/wp-json\/wp\/v2\/product\/91541\/revisions\/139243"}],"wp:featuredmedia":[{"embeddable":true,"href":"https:\/\/www.swissraft.ch\/de\/wp-json\/wp\/v2\/media\/85054"}],"wp:attachment":[{"href":"https:\/\/www.swissraft.ch\/de\/wp-json\/wp\/v2\/media?parent=91541"}],"wp:term":[{"taxonomy":"product_cat","embeddable":true,"href":"https:\/\/www.swissraft.ch\/de\/wp-json\/wp\/v2\/product_cat?post=91541"},{"taxonomy":"product_tag","embeddable":true,"href":"https:\/\/www.swissraft.ch\/de\/wp-json\/wp\/v2\/product_tag?post=91541"}],"curies":[{"name":"wp","href":"https:\/\/api.w.org\/{rel}","templated":true}]}}