{"id":91534,"date":"2023-02-19T16:04:54","date_gmt":"2023-02-19T15:04:54","guid":{"rendered":"https:\/\/swissraft.xyanzkdne.eu\/product\/canyoning-in-tessin-le-malvaglia-ein-tag-ab-chf-187-00\/"},"modified":"2026-04-09T23:28:21","modified_gmt":"2026-04-09T21:28:21","slug":"canyoning-tessin-malvaglia","status":"publish","type":"product","link":"https:\/\/www.swissraft.ch\/de\/produkt\/canyoning-tessin-malvaglia\/","title":{"rendered":"Canyoning im Tessin &#8211; Die Malvaglia &#8211; Tagestour &#8211; Ab CHF 187.00"},"content":{"rendered":"\t\t<div data-elementor-type=\"wp-post\" data-elementor-id=\"91534\" class=\"elementor elementor-91534 elementor-31103\">\n\t\t\t\t\t\t\t\t\t<section class=\"elementor-section elementor-top-section elementor-element elementor-element-3303a7e3 elementor-section-boxed elementor-section-height-default elementor-section-height-default\" data-id=\"3303a7e3\" data-element_type=\"section\">\n\t\t\t\t\t\t<div class=\"elementor-container elementor-column-gap-default\">\n\t\t\t\t\t<div class=\"elementor-column elementor-col-100 elementor-top-column elementor-element elementor-element-16d72dbf\" data-id=\"16d72dbf\" data-element_type=\"column\">\n\t\t\t<div class=\"elementor-widget-wrap elementor-element-populated\">\n\t\t\t\t\t\t\t\t<div class=\"elementor-element elementor-element-d743c03 elementor-widget elementor-widget-text-editor\" data-id=\"d743c03\" data-element_type=\"widget\" data-widget_type=\"text-editor.default\">\n\t\t\t\t<div class=\"elementor-widget-container\">\n\t\t\t\t\t\t\t<h2>W\u00c4HLEN SIE UNTEN IHRE AKTIVIT\u00c4T AUS, UM GESCHENKGUTSCHEINE \/ TICKETS ZU VERSCHENKEN ODER ZU BUCHEN<\/h2><table border=\"0\" width=\"580\" cellspacing=\"10\" cellpadding=\"10\"><tbody><tr><td width=\"50%\"><strong>CANYONING MALVAGLIA &#8211;\u00a0 Tagestour + Imbiss<\/strong><\/td><td><strong>CHF 220 pro Person<span class=\"productPrice\"><br \/><\/span><\/strong><\/td><\/tr><tr><td>Zus\u00e4tzliche Informationen<\/td><td><span class=\"plbl\">&#8211; <\/span><span class=\"patt\">Ab 11 Pers. 10% : <strong>CHF 198.00<\/strong>\/Pers.<br \/>&#8211; Ab 21 Pers. 15% : <strong>CHF 187.00<\/strong>\/Pers.<br \/>&#8211; Mindestalter : 16 Jahre<br \/><\/span><span class=\"plbl\">&#8211; <\/span><span class=\"patt\">Sonniger Canyon<\/span><\/td><\/tr><tr><td>Startzeit<\/td><td>09:30 Uhr<\/td><\/tr><tr><td>Canyoning<\/td><td>ca. 5 Std.<\/td><\/tr><tr><td>Gesamtdauer<\/td><td>ca. 7 Std.<\/td><\/tr><tr><td>Treffpunkt<\/td><td><a href=\"https:\/\/www.google.com\/maps\/place\/46%C2%B017'57.9%22N+8%C2%B059'38.9%22E\/@46.2996539,8.9896757,780m\/data=!3m1!1e3!4m4!3m3!8m2!3d46.2994167!4d8.9941389?entry=ttu\" target=\"_blank\" rel=\"noopener\">Cresciano Stazione<\/a><\/td><\/tr><tr><td>Schwierigkeitsgrad<\/td><td>3<\/td><\/tr><tr><td><button class=\"elementor-button\" type=\"button\"><a href=\"https:\/\/swissraft.outdoorbooking.ch\/fo\/products\/299?base_id=71&amp;category_id=2&amp;order_type=gift_voucher&amp;lang=de\" target=\"_blank\" rel=\"noopener\">GUTSCHEIN \/ TICKET KAUFEN<\/a><\/button><\/td><td><span style=\"color: #ff6600;\"><a href=\"https:\/\/swissraft.outdoorbooking.ch\/fo\/products\/299?base_id=71&amp;category_id=2&amp;order_type=event&amp;lang=de\" target=\"_blank\" rel=\"noopener\">RESERVIEREN SIE EIN DATUM<\/a><\/span><\/td><\/tr><\/tbody><\/table>\t\t\t\t\t\t<\/div>\n\t\t\t\t<\/div>\n\t\t\t\t\t<\/div>\n\t\t<\/div>\n\t\t\t\t\t\t\t<\/div>\n\t\t<\/section>\n\t\t\t\t\t\t\t<\/div>\n\t\t","protected":false},"excerpt":{"rendered":"<div align=\"justify\">\n<h2 align=\"justify\">Malvaglia-Schlucht und Abseilen aus 80 m H\u00f6he<\/h2>\n<h3>Canyoning im Malvaglia; ein Tag voller Spa\u00df und Abenteuer im Tessin<\/h3>\n<\/div>\n<div align=\"justify\">\n<p><strong>Canyoning-Tag<\/strong> in Malvaglia Plus im Tessin. Er besteht aus einem Gebiet mit einzigartigen Felsbl\u00f6cken. Es sah aus, als h\u00e4tte ein Riese seine Legosteine \u00fcberall hingeworfen und sie \u00fcbereinander gelegt, bis sie diese wundersch\u00f6ne, sonnige Schlucht bildeten. Ein unber\u00fchrter Wald, Becken mit kristallklarem Wasser, Abseilen, Rutschen und Spr\u00fcnge sind die Zutaten f\u00fcr diese <strong>Canyoning-Tour<\/strong>.<\/p>\n<h3>Im Tessin gibt es mehr als 10 Canyoningstrecken.<\/h3>\n<p id=\"textarea\" style=\"display: none;\">\nIm Tessin bietet Ihnen Swissraft, der Pionier des <strong>Canyoning<\/strong> in Europa, die sch\u00f6nsten Schluchten der Schweiz. Zum Beispiel die Schlucht von Val Grande oder der Corippo im Maggia-Tal. Auch der Cugasco oder der Boggera mit seinen drei Parcours. Ebenfalls im Pays d&#8217;Enhaut befindet sich der <strong>Canyon<\/strong> von La Torneresse, der ideal f\u00fcr Klassenausfl\u00fcge ist. F\u00fcr Neulinge, im Kanton Freiburg, gibt es den Canyon La Tine de Montbovon. Auch im Wallis bieten wir Ihnen mehrere Schluchten wie den Feschelbach f\u00fcr Sportler oder den Gondo. Au\u00dferdem bieten wir <strong>Canyons<\/strong> f\u00fcr alle Erfahrungsstufen im Berner Oberland wie den Saxetenbach in der N\u00e4he von Interlaken. <strong>Canyoning<\/strong> in der Amden-Schlucht mit einer 40 m hohen Abseilstelle an einem Staudamm. Nicht zu vergessen die leichte Viamala-Schlucht bei Thusis, ein wahres Naturjuwel in Graub\u00fcnden.\n<\/p>\n<p><a id=\"seeMore\" onclick=\"toggleSeeMore()\" href=\"javascript:void(0);\">Lesen Sie mehr<\/a><\/p>\n","protected":false},"featured_media":85696,"comment_status":"open","ping_status":"closed","template":"","meta":{"inline_featured_image":false,"_mi_skip_tracking":false},"product_cat":[321,320],"product_tag":[],"class_list":["post-91534","product","type-product","status-publish","has-post-thumbnail","hentry","product_cat-canyoning-tessin","product_cat-canyoning-in-der-schweiz-und-umgebung"],"yoast_head":"<!-- This site is optimized with the Yoast SEO plugin v23.6 - https:\/\/yoast.com\/wordpress\/plugins\/seo\/ -->\n<title>Canyoning in der Malvaglia im Tessin. Ein faszinierender Canyon<\/title>\n<meta name=\"description\" content=\"Canyoning in Malvaglia im Tessin, bestehend aus riesigen Granitbl\u00f6cken, die in der Natur verstreut sind und den Malvaglia Canyon bilden.\" \/>\n<meta name=\"robots\" content=\"index, follow, max-snippet:-1, max-image-preview:large, max-video-preview:-1\" \/>\n<link rel=\"canonical\" href=\"https:\/\/www.swissraft.ch\/de\/produkt\/canyoning-tessin-malvaglia\/\" \/>\n<meta property=\"og:locale\" content=\"de_DE\" \/>\n<meta property=\"og:type\" content=\"article\" \/>\n<meta property=\"og:title\" content=\"Canyoning in der Malvaglia im Tessin. Ein faszinierender Canyon\" \/>\n<meta property=\"og:description\" content=\"Canyoning in Malvaglia im Tessin, bestehend aus riesigen Granitbl\u00f6cken, die in der Natur verstreut sind und den Malvaglia Canyon bilden.\" \/>\n<meta property=\"og:url\" content=\"https:\/\/www.swissraft.ch\/de\/produkt\/canyoning-tessin-malvaglia\/\" \/>\n<meta property=\"og:site_name\" content=\"Swissraft\" \/>\n<meta property=\"article:modified_time\" content=\"2026-04-09T21:28:21+00:00\" \/>\n<meta property=\"og:image\" content=\"https:\/\/www.swissraft.ch\/wp-content\/uploads\/2023\/02\/1-Malvaglia-776x776-2.jpg\" \/>\n\t<meta property=\"og:image:width\" content=\"776\" \/>\n\t<meta property=\"og:image:height\" content=\"776\" \/>\n\t<meta property=\"og:image:type\" content=\"image\/jpeg\" \/>\n<meta name=\"twitter:card\" content=\"summary_large_image\" \/>\n<meta name=\"twitter:label1\" content=\"Gesch\u00e4tzte Lesezeit\" \/>\n\t<meta name=\"twitter:data1\" content=\"1\u00a0Minute\" \/>\n<script type=\"application\/ld+json\" class=\"yoast-schema-graph\">{\"@context\":\"https:\/\/schema.org\",\"@graph\":[{\"@type\":\"WebPage\",\"@id\":\"https:\/\/www.swissraft.ch\/de\/produkt\/canyoning-tessin-malvaglia\/\",\"url\":\"https:\/\/www.swissraft.ch\/de\/produkt\/canyoning-tessin-malvaglia\/\",\"name\":\"Canyoning in der Malvaglia im Tessin. Ein faszinierender Canyon\",\"isPartOf\":{\"@id\":\"https:\/\/www.swissraft.ch\/de\/#website\"},\"primaryImageOfPage\":{\"@id\":\"https:\/\/www.swissraft.ch\/de\/produkt\/canyoning-tessin-malvaglia\/#primaryimage\"},\"image\":{\"@id\":\"https:\/\/www.swissraft.ch\/de\/produkt\/canyoning-tessin-malvaglia\/#primaryimage\"},\"thumbnailUrl\":\"https:\/\/www.swissraft.ch\/wp-content\/uploads\/2023\/02\/1-Malvaglia-776x776-2.jpg\",\"datePublished\":\"2023-02-19T15:04:54+00:00\",\"dateModified\":\"2026-04-09T21:28:21+00:00\",\"description\":\"Canyoning in Malvaglia im Tessin, bestehend aus riesigen Granitbl\u00f6cken, die in der Natur verstreut sind und den Malvaglia Canyon bilden.\",\"breadcrumb\":{\"@id\":\"https:\/\/www.swissraft.ch\/de\/produkt\/canyoning-tessin-malvaglia\/#breadcrumb\"},\"inLanguage\":\"de\",\"potentialAction\":[{\"@type\":\"ReadAction\",\"target\":[\"https:\/\/www.swissraft.ch\/de\/produkt\/canyoning-tessin-malvaglia\/\"]}]},{\"@type\":\"ImageObject\",\"inLanguage\":\"de\",\"@id\":\"https:\/\/www.swissraft.ch\/de\/produkt\/canyoning-tessin-malvaglia\/#primaryimage\",\"url\":\"https:\/\/www.swissraft.ch\/wp-content\/uploads\/2023\/02\/1-Malvaglia-776x776-2.jpg\",\"contentUrl\":\"https:\/\/www.swissraft.ch\/wp-content\/uploads\/2023\/02\/1-Malvaglia-776x776-2.jpg\",\"width\":776,\"height\":776,\"caption\":\"Malvaglia im Tessin\"},{\"@type\":\"BreadcrumbList\",\"@id\":\"https:\/\/www.swissraft.ch\/de\/produkt\/canyoning-tessin-malvaglia\/#breadcrumb\",\"itemListElement\":[{\"@type\":\"ListItem\",\"position\":1,\"name\":\"Accueil\",\"item\":\"https:\/\/www.swissraft.ch\/de\/\"},{\"@type\":\"ListItem\",\"position\":2,\"name\":\"Shop\",\"item\":\"https:\/\/www.swissraft.ch\/de\/shop\/\"},{\"@type\":\"ListItem\",\"position\":3,\"name\":\"Canyoning im Tessin &#8211; Die Malvaglia &#8211; Tagestour &#8211; Ab CHF 187.00\"}]},{\"@type\":\"WebSite\",\"@id\":\"https:\/\/www.swissraft.ch\/de\/#website\",\"url\":\"https:\/\/www.swissraft.ch\/de\/\",\"name\":\"Swissraft\",\"description\":\"To enjoy nature as it is\",\"publisher\":{\"@id\":\"https:\/\/www.swissraft.ch\/de\/#organization\"},\"potentialAction\":[{\"@type\":\"SearchAction\",\"target\":{\"@type\":\"EntryPoint\",\"urlTemplate\":\"https:\/\/www.swissraft.ch\/de\/?s={search_term_string}\"},\"query-input\":{\"@type\":\"PropertyValueSpecification\",\"valueRequired\":true,\"valueName\":\"search_term_string\"}}],\"inLanguage\":\"de\"},{\"@type\":\"Organization\",\"@id\":\"https:\/\/www.swissraft.ch\/de\/#organization\",\"name\":\"Swissraft\",\"url\":\"https:\/\/www.swissraft.ch\/de\/\",\"logo\":{\"@type\":\"ImageObject\",\"inLanguage\":\"de\",\"@id\":\"https:\/\/www.swissraft.ch\/de\/#\/schema\/logo\/image\/\",\"url\":\"https:\/\/www.swissraft.ch\/wp-content\/uploads\/2025\/09\/Capture.jpg\",\"contentUrl\":\"https:\/\/www.swissraft.ch\/wp-content\/uploads\/2025\/09\/Capture.jpg\",\"width\":293,\"height\":108,\"caption\":\"Swissraft\"},\"image\":{\"@id\":\"https:\/\/www.swissraft.ch\/de\/#\/schema\/logo\/image\/\"}}]}<\/script>\n<!-- \/ Yoast SEO plugin. -->","yoast_head_json":{"title":"Canyoning in der Malvaglia im Tessin. Ein faszinierender Canyon","description":"Canyoning in Malvaglia im Tessin, bestehend aus riesigen Granitbl\u00f6cken, die in der Natur verstreut sind und den Malvaglia Canyon bilden.","robots":{"index":"index","follow":"follow","max-snippet":"max-snippet:-1","max-image-preview":"max-image-preview:large","max-video-preview":"max-video-preview:-1"},"canonical":"https:\/\/www.swissraft.ch\/de\/produkt\/canyoning-tessin-malvaglia\/","og_locale":"de_DE","og_type":"article","og_title":"Canyoning in der Malvaglia im Tessin. Ein faszinierender Canyon","og_description":"Canyoning in Malvaglia im Tessin, bestehend aus riesigen Granitbl\u00f6cken, die in der Natur verstreut sind und den Malvaglia Canyon bilden.","og_url":"https:\/\/www.swissraft.ch\/de\/produkt\/canyoning-tessin-malvaglia\/","og_site_name":"Swissraft","article_modified_time":"2026-04-09T21:28:21+00:00","og_image":[{"width":776,"height":776,"url":"https:\/\/www.swissraft.ch\/wp-content\/uploads\/2023\/02\/1-Malvaglia-776x776-2.jpg","type":"image\/jpeg"}],"twitter_card":"summary_large_image","twitter_misc":{"Gesch\u00e4tzte Lesezeit":"1\u00a0Minute"},"schema":{"@context":"https:\/\/schema.org","@graph":[{"@type":"WebPage","@id":"https:\/\/www.swissraft.ch\/de\/produkt\/canyoning-tessin-malvaglia\/","url":"https:\/\/www.swissraft.ch\/de\/produkt\/canyoning-tessin-malvaglia\/","name":"Canyoning in der Malvaglia im Tessin. Ein faszinierender Canyon","isPartOf":{"@id":"https:\/\/www.swissraft.ch\/de\/#website"},"primaryImageOfPage":{"@id":"https:\/\/www.swissraft.ch\/de\/produkt\/canyoning-tessin-malvaglia\/#primaryimage"},"image":{"@id":"https:\/\/www.swissraft.ch\/de\/produkt\/canyoning-tessin-malvaglia\/#primaryimage"},"thumbnailUrl":"https:\/\/www.swissraft.ch\/wp-content\/uploads\/2023\/02\/1-Malvaglia-776x776-2.jpg","datePublished":"2023-02-19T15:04:54+00:00","dateModified":"2026-04-09T21:28:21+00:00","description":"Canyoning in Malvaglia im Tessin, bestehend aus riesigen Granitbl\u00f6cken, die in der Natur verstreut sind und den Malvaglia Canyon bilden.","breadcrumb":{"@id":"https:\/\/www.swissraft.ch\/de\/produkt\/canyoning-tessin-malvaglia\/#breadcrumb"},"inLanguage":"de","potentialAction":[{"@type":"ReadAction","target":["https:\/\/www.swissraft.ch\/de\/produkt\/canyoning-tessin-malvaglia\/"]}]},{"@type":"ImageObject","inLanguage":"de","@id":"https:\/\/www.swissraft.ch\/de\/produkt\/canyoning-tessin-malvaglia\/#primaryimage","url":"https:\/\/www.swissraft.ch\/wp-content\/uploads\/2023\/02\/1-Malvaglia-776x776-2.jpg","contentUrl":"https:\/\/www.swissraft.ch\/wp-content\/uploads\/2023\/02\/1-Malvaglia-776x776-2.jpg","width":776,"height":776,"caption":"Malvaglia im Tessin"},{"@type":"BreadcrumbList","@id":"https:\/\/www.swissraft.ch\/de\/produkt\/canyoning-tessin-malvaglia\/#breadcrumb","itemListElement":[{"@type":"ListItem","position":1,"name":"Accueil","item":"https:\/\/www.swissraft.ch\/de\/"},{"@type":"ListItem","position":2,"name":"Shop","item":"https:\/\/www.swissraft.ch\/de\/shop\/"},{"@type":"ListItem","position":3,"name":"Canyoning im Tessin &#8211; Die Malvaglia &#8211; Tagestour &#8211; Ab CHF 187.00"}]},{"@type":"WebSite","@id":"https:\/\/www.swissraft.ch\/de\/#website","url":"https:\/\/www.swissraft.ch\/de\/","name":"Swissraft","description":"To enjoy nature as it is","publisher":{"@id":"https:\/\/www.swissraft.ch\/de\/#organization"},"potentialAction":[{"@type":"SearchAction","target":{"@type":"EntryPoint","urlTemplate":"https:\/\/www.swissraft.ch\/de\/?s={search_term_string}"},"query-input":{"@type":"PropertyValueSpecification","valueRequired":true,"valueName":"search_term_string"}}],"inLanguage":"de"},{"@type":"Organization","@id":"https:\/\/www.swissraft.ch\/de\/#organization","name":"Swissraft","url":"https:\/\/www.swissraft.ch\/de\/","logo":{"@type":"ImageObject","inLanguage":"de","@id":"https:\/\/www.swissraft.ch\/de\/#\/schema\/logo\/image\/","url":"https:\/\/www.swissraft.ch\/wp-content\/uploads\/2025\/09\/Capture.jpg","contentUrl":"https:\/\/www.swissraft.ch\/wp-content\/uploads\/2025\/09\/Capture.jpg","width":293,"height":108,"caption":"Swissraft"},"image":{"@id":"https:\/\/www.swissraft.ch\/de\/#\/schema\/logo\/image\/"}}]}},"_links":{"self":[{"href":"https:\/\/www.swissraft.ch\/de\/wp-json\/wp\/v2\/product\/91534","targetHints":{"allow":["GET"]}}],"collection":[{"href":"https:\/\/www.swissraft.ch\/de\/wp-json\/wp\/v2\/product"}],"about":[{"href":"https:\/\/www.swissraft.ch\/de\/wp-json\/wp\/v2\/types\/product"}],"replies":[{"embeddable":true,"href":"https:\/\/www.swissraft.ch\/de\/wp-json\/wp\/v2\/comments?post=91534"}],"version-history":[{"count":21,"href":"https:\/\/www.swissraft.ch\/de\/wp-json\/wp\/v2\/product\/91534\/revisions"}],"predecessor-version":[{"id":138679,"href":"https:\/\/www.swissraft.ch\/de\/wp-json\/wp\/v2\/product\/91534\/revisions\/138679"}],"wp:featuredmedia":[{"embeddable":true,"href":"https:\/\/www.swissraft.ch\/de\/wp-json\/wp\/v2\/media\/85696"}],"wp:attachment":[{"href":"https:\/\/www.swissraft.ch\/de\/wp-json\/wp\/v2\/media?parent=91534"}],"wp:term":[{"taxonomy":"product_cat","embeddable":true,"href":"https:\/\/www.swissraft.ch\/de\/wp-json\/wp\/v2\/product_cat?post=91534"},{"taxonomy":"product_tag","embeddable":true,"href":"https:\/\/www.swissraft.ch\/de\/wp-json\/wp\/v2\/product_tag?post=91534"}],"curies":[{"name":"wp","href":"https:\/\/api.w.org\/{rel}","templated":true}]}}