{"id":91533,"date":"2023-02-19T17:42:06","date_gmt":"2023-02-19T16:42:06","guid":{"rendered":"https:\/\/swissraft.xyanzkdne.eu\/product\/canyoning-in-valais-la-massa-ein-tag-ab-chf-200-00\/"},"modified":"2026-04-10T23:59:31","modified_gmt":"2026-04-10T21:59:31","slug":"canyoning-wallis-massa","status":"publish","type":"product","link":"https:\/\/www.swissraft.ch\/de\/produkt\/canyoning-wallis-massa\/","title":{"rendered":"Canyoning im Wallis &#8211; Die Massa &#8211; Ab CHF 200.00"},"content":{"rendered":"\t\t<div data-elementor-type=\"wp-post\" data-elementor-id=\"91533\" class=\"elementor elementor-91533 elementor-31145\">\n\t\t\t\t\t\t\t\t\t<section class=\"elementor-section elementor-top-section elementor-element elementor-element-3303a7e3 elementor-section-boxed elementor-section-height-default elementor-section-height-default\" data-id=\"3303a7e3\" data-element_type=\"section\">\n\t\t\t\t\t\t<div class=\"elementor-container elementor-column-gap-default\">\n\t\t\t\t\t<div class=\"elementor-column elementor-col-100 elementor-top-column elementor-element elementor-element-16d72dbf\" data-id=\"16d72dbf\" data-element_type=\"column\">\n\t\t\t<div class=\"elementor-widget-wrap elementor-element-populated\">\n\t\t\t\t\t\t\t\t<div class=\"elementor-element elementor-element-d743c03 elementor-widget elementor-widget-text-editor\" data-id=\"d743c03\" data-element_type=\"widget\" data-widget_type=\"text-editor.default\">\n\t\t\t\t<div class=\"elementor-widget-container\">\n\t\t\t\t\t\t\t<h2>W\u00c4HLEN SIE UNTEN IHRE AKTIVIT\u00c4T AUS, UM GESCHENKGUTSCHEINE \/ TICKETS ZU VERSCHENKEN ODER ZU BUCHEN.<\/h2><table border=\"0\" width=\"580\" cellspacing=\"10\" cellpadding=\"10\"><tbody><tr><td width=\"50%\"><strong>CANYONING &#8211; MASSA &#8211; Tagestour + Imbiss<\/strong><\/td><td><strong>CHF 250 pro Person<span class=\"productPrice\"><br \/><\/span><\/strong><\/td><\/tr><tr><td>Zus\u00e4tzliche Informationen<\/td><td><span class=\"plbl\">&#8211; <\/span><span class=\"patt\">Ab 10 Pers. 10% : <strong>CHF 225.00<\/strong>\/Pers.<br \/>&#8211; Ab 21 Pers. 20% : <strong>CHF 200.00<\/strong>\/Pers.<br \/><\/span><span class=\"plbl\">&#8211; Mindestalter : 16 j\u00e4hrig<br \/>&#8211; <\/span><span class=\"patt\">Sehr sonniger Canyon<\/span><\/td><\/tr><tr><td>Startzeit<\/td><td>08h30<\/td><\/tr><tr><td>Canyoning<\/td><td>ca. 6 Std.<\/td><\/tr><tr><td>Gesamtdauer<\/td><td>ca. 7 Std.<\/td><\/tr><tr><td>Treffpunkt<\/td><td><a href=\"https:\/\/www.google.com\/maps\/place\/Camping+M%C3%BChleye,+3930+Vi%C3%A8ge\/@46.2977102,7.8681638,780m\/data=!3m1!1e3!4m6!3m5!1s0x478f6b3dc520eeb7:0x792310840d66bd66!8m2!3d46.2976361!4d7.8727879!16s%2Fg%2F1tqt8l6r?entry=ttu\" target=\"_blank\" rel=\"noopener\">Campingplatz M\u00fchleye in Visp<\/a><\/td><\/tr><tr><td>Schwierigkeitsgrad<\/td><td>2-3<\/td><\/tr><tr><td><button class=\"elementor-button\" type=\"button\"><a href=\"https:\/\/swissraft.outdoorbooking.ch\/fo\/products\/1174?base_id=82&amp;category_id=2&amp;order_type=gift_voucher&amp;lang=fr\" target=\"_blank\" rel=\"noopener\">GUTSCHEIN \/ TICKET KAUFEN<\/a><\/button><\/td><td><span style=\"color: #ff6600;\"><a href=\"https:\/\/swissraft.outdoorbooking.ch\/fo\/products\/1174?base_id=82&amp;category_id=2&amp;order_type=event&amp;lang=fr\" target=\"_blank\" rel=\"noopener\">RESERVIEREN SIE EIN DATUM<\/a><\/span><\/td><\/tr><\/tbody><\/table>\t\t\t\t\t\t<\/div>\n\t\t\t\t<\/div>\n\t\t\t\t\t<\/div>\n\t\t<\/div>\n\t\t\t\t\t\t\t<\/div>\n\t\t<\/section>\n\t\t\t\t\t\t\t<\/div>\n\t\t","protected":false},"excerpt":{"rendered":"<div align=\"justify\">\n<h2 align=\"justify\">Canyoning in La Massa im Wallis f\u00fcr Sportler ohne Canyoningerfahrung<\/h2>\n<h3>Der La Massa Canyon im Wallis mit seinen Spr\u00fcngen und zahlreichen Abseilstellen.<\/h3>\n<\/div>\n<div align=\"justify\">\n<p>La Massa <strong>Canyon<\/strong> im Wallis. Zum einen ist dieser Canyon mit einer L\u00e4nge von 6,5 km ein Traum f\u00fcr Sportbegeisterte. Das glasklare Wasser und die von der Str\u00f6mung gegl\u00e4tteten Felsen bieten Ihnen ein komplettes <strong>Canyoning-Programm<\/strong>. Au\u00dferdem gibt es Spr\u00fcnge, zahlreiche Abseilstellen bis zu 30 m, Wandern, Schwimmen und Sportler werden begeistert sein. Es liegt an Ihnen, kommen Sie um diese beinahe 6-st\u00fcndige <strong>Canyoning-Tour <\/strong> zu machen.<\/p>\n<h3>Im Wallis gibt es mehrere Canyons, die Ihnen gefallen werden, da sind wir uns sicher.<\/h3>\n<p id=\"textarea\" style=\"display: none;\">\nDie <strong>Schluchten<\/strong> wie der Gondo,der Feschelbach und viele andere werden Ihre Erwartungen erf\u00fcllen. Aber auch der Canyon von La Torneresse in Richtung des Mosses Passes. Ebenso der <strong>Canyon<\/strong> La Tine de Montbovon im Gryerzerland im Kanton Freiburg, ein Canyon f\u00fcr Anf\u00e4nger. Auch im Tessin gibt es viele <strong>Schluchten<\/strong> wie der Val Grande, die Vira f\u00fcr Anf\u00e4nger, die f\u00fcr alle zug\u00e4nglich sind. Ebenso haben wir Schluchten im Berner Oberland wie dier Chli Schliere, der Saxeten und der Grimsel. Sowie der Amden <strong>Canyon<\/strong> mit einer 40 m hohen Abseilstelle entlang eines Staudamms. Schlie\u00dflich die Viamala-Schlucht mit ihren \u00fcber 150 m hohen W\u00e4nden in Graub\u00fcnden.\n<\/p>\n<p><a id=\"seeMore\" onclick=\"toggleSeeMore()\" href=\"javascript:void(0);\">Lesen Sie mehr<\/a><\/p>\n","protected":false},"featured_media":85237,"comment_status":"open","ping_status":"closed","template":"","meta":{"inline_featured_image":false,"_mi_skip_tracking":false},"product_cat":[335,320],"product_tag":[],"class_list":["post-91533","product","type-product","status-publish","has-post-thumbnail","hentry","product_cat-canyoning-wallis-italien","product_cat-canyoning-in-der-schweiz-und-umgebung"],"yoast_head":"<!-- This site is optimized with the Yoast SEO plugin v23.6 - https:\/\/yoast.com\/wordpress\/plugins\/seo\/ -->\n<title>Canyoning in La Massa mit Spr\u00fcngen und vielen Abseilstellen<\/title>\n<meta name=\"description\" content=\"Canyoning in La Massa im Wallis. Dieser 6,5 km lange Canyon ist ein absoluter Traum f\u00fcr jeden Sportliebhaber; ein umfangreiches Canyoning-Programm.\" \/>\n<meta name=\"robots\" content=\"index, follow, max-snippet:-1, max-image-preview:large, max-video-preview:-1\" \/>\n<link rel=\"canonical\" href=\"https:\/\/www.swissraft.ch\/de\/produkt\/canyoning-wallis-massa\/\" \/>\n<meta property=\"og:locale\" content=\"de_DE\" \/>\n<meta property=\"og:type\" content=\"article\" \/>\n<meta property=\"og:title\" content=\"Canyoning in La Massa mit Spr\u00fcngen und vielen Abseilstellen\" \/>\n<meta property=\"og:description\" content=\"Canyoning in La Massa im Wallis. Dieser 6,5 km lange Canyon ist ein absoluter Traum f\u00fcr jeden Sportliebhaber; ein umfangreiches Canyoning-Programm.\" \/>\n<meta property=\"og:url\" content=\"https:\/\/www.swissraft.ch\/de\/produkt\/canyoning-wallis-massa\/\" \/>\n<meta property=\"og:site_name\" content=\"Swissraft\" \/>\n<meta property=\"article:modified_time\" content=\"2026-04-10T21:59:31+00:00\" \/>\n<meta property=\"og:image\" content=\"https:\/\/www.swissraft.ch\/wp-content\/uploads\/2023\/02\/1-La-Massa-776x776-1.jpg\" \/>\n\t<meta property=\"og:image:width\" content=\"776\" \/>\n\t<meta property=\"og:image:height\" content=\"776\" \/>\n\t<meta property=\"og:image:type\" content=\"image\/jpeg\" \/>\n<meta name=\"twitter:card\" content=\"summary_large_image\" \/>\n<meta name=\"twitter:label1\" content=\"Gesch\u00e4tzte Lesezeit\" \/>\n\t<meta name=\"twitter:data1\" content=\"1\u00a0Minute\" \/>\n<script type=\"application\/ld+json\" class=\"yoast-schema-graph\">{\"@context\":\"https:\/\/schema.org\",\"@graph\":[{\"@type\":\"WebPage\",\"@id\":\"https:\/\/www.swissraft.ch\/de\/produkt\/canyoning-wallis-massa\/\",\"url\":\"https:\/\/www.swissraft.ch\/de\/produkt\/canyoning-wallis-massa\/\",\"name\":\"Canyoning in La Massa mit Spr\u00fcngen und vielen Abseilstellen\",\"isPartOf\":{\"@id\":\"https:\/\/www.swissraft.ch\/de\/#website\"},\"primaryImageOfPage\":{\"@id\":\"https:\/\/www.swissraft.ch\/de\/produkt\/canyoning-wallis-massa\/#primaryimage\"},\"image\":{\"@id\":\"https:\/\/www.swissraft.ch\/de\/produkt\/canyoning-wallis-massa\/#primaryimage\"},\"thumbnailUrl\":\"https:\/\/www.swissraft.ch\/wp-content\/uploads\/2023\/02\/1-La-Massa-776x776-1.jpg\",\"datePublished\":\"2023-02-19T16:42:06+00:00\",\"dateModified\":\"2026-04-10T21:59:31+00:00\",\"description\":\"Canyoning in La Massa im Wallis. Dieser 6,5 km lange Canyon ist ein absoluter Traum f\u00fcr jeden Sportliebhaber; ein umfangreiches Canyoning-Programm.\",\"breadcrumb\":{\"@id\":\"https:\/\/www.swissraft.ch\/de\/produkt\/canyoning-wallis-massa\/#breadcrumb\"},\"inLanguage\":\"de\",\"potentialAction\":[{\"@type\":\"ReadAction\",\"target\":[\"https:\/\/www.swissraft.ch\/de\/produkt\/canyoning-wallis-massa\/\"]}]},{\"@type\":\"ImageObject\",\"inLanguage\":\"de\",\"@id\":\"https:\/\/www.swissraft.ch\/de\/produkt\/canyoning-wallis-massa\/#primaryimage\",\"url\":\"https:\/\/www.swissraft.ch\/wp-content\/uploads\/2023\/02\/1-La-Massa-776x776-1.jpg\",\"contentUrl\":\"https:\/\/www.swissraft.ch\/wp-content\/uploads\/2023\/02\/1-La-Massa-776x776-1.jpg\",\"width\":776,\"height\":776,\"caption\":\"La Massa Schlucht\"},{\"@type\":\"BreadcrumbList\",\"@id\":\"https:\/\/www.swissraft.ch\/de\/produkt\/canyoning-wallis-massa\/#breadcrumb\",\"itemListElement\":[{\"@type\":\"ListItem\",\"position\":1,\"name\":\"Accueil\",\"item\":\"https:\/\/www.swissraft.ch\/de\/\"},{\"@type\":\"ListItem\",\"position\":2,\"name\":\"Shop\",\"item\":\"https:\/\/www.swissraft.ch\/de\/shop\/\"},{\"@type\":\"ListItem\",\"position\":3,\"name\":\"Canyoning im Wallis &#8211; Die Massa &#8211; Ab CHF 200.00\"}]},{\"@type\":\"WebSite\",\"@id\":\"https:\/\/www.swissraft.ch\/de\/#website\",\"url\":\"https:\/\/www.swissraft.ch\/de\/\",\"name\":\"Swissraft\",\"description\":\"To enjoy nature as it is\",\"publisher\":{\"@id\":\"https:\/\/www.swissraft.ch\/de\/#organization\"},\"potentialAction\":[{\"@type\":\"SearchAction\",\"target\":{\"@type\":\"EntryPoint\",\"urlTemplate\":\"https:\/\/www.swissraft.ch\/de\/?s={search_term_string}\"},\"query-input\":{\"@type\":\"PropertyValueSpecification\",\"valueRequired\":true,\"valueName\":\"search_term_string\"}}],\"inLanguage\":\"de\"},{\"@type\":\"Organization\",\"@id\":\"https:\/\/www.swissraft.ch\/de\/#organization\",\"name\":\"Swissraft\",\"url\":\"https:\/\/www.swissraft.ch\/de\/\",\"logo\":{\"@type\":\"ImageObject\",\"inLanguage\":\"de\",\"@id\":\"https:\/\/www.swissraft.ch\/de\/#\/schema\/logo\/image\/\",\"url\":\"https:\/\/www.swissraft.ch\/wp-content\/uploads\/2025\/09\/Capture.jpg\",\"contentUrl\":\"https:\/\/www.swissraft.ch\/wp-content\/uploads\/2025\/09\/Capture.jpg\",\"width\":293,\"height\":108,\"caption\":\"Swissraft\"},\"image\":{\"@id\":\"https:\/\/www.swissraft.ch\/de\/#\/schema\/logo\/image\/\"}}]}<\/script>\n<!-- \/ Yoast SEO plugin. -->","yoast_head_json":{"title":"Canyoning in La Massa mit Spr\u00fcngen und vielen Abseilstellen","description":"Canyoning in La Massa im Wallis. Dieser 6,5 km lange Canyon ist ein absoluter Traum f\u00fcr jeden Sportliebhaber; ein umfangreiches Canyoning-Programm.","robots":{"index":"index","follow":"follow","max-snippet":"max-snippet:-1","max-image-preview":"max-image-preview:large","max-video-preview":"max-video-preview:-1"},"canonical":"https:\/\/www.swissraft.ch\/de\/produkt\/canyoning-wallis-massa\/","og_locale":"de_DE","og_type":"article","og_title":"Canyoning in La Massa mit Spr\u00fcngen und vielen Abseilstellen","og_description":"Canyoning in La Massa im Wallis. Dieser 6,5 km lange Canyon ist ein absoluter Traum f\u00fcr jeden Sportliebhaber; ein umfangreiches Canyoning-Programm.","og_url":"https:\/\/www.swissraft.ch\/de\/produkt\/canyoning-wallis-massa\/","og_site_name":"Swissraft","article_modified_time":"2026-04-10T21:59:31+00:00","og_image":[{"width":776,"height":776,"url":"https:\/\/www.swissraft.ch\/wp-content\/uploads\/2023\/02\/1-La-Massa-776x776-1.jpg","type":"image\/jpeg"}],"twitter_card":"summary_large_image","twitter_misc":{"Gesch\u00e4tzte Lesezeit":"1\u00a0Minute"},"schema":{"@context":"https:\/\/schema.org","@graph":[{"@type":"WebPage","@id":"https:\/\/www.swissraft.ch\/de\/produkt\/canyoning-wallis-massa\/","url":"https:\/\/www.swissraft.ch\/de\/produkt\/canyoning-wallis-massa\/","name":"Canyoning in La Massa mit Spr\u00fcngen und vielen Abseilstellen","isPartOf":{"@id":"https:\/\/www.swissraft.ch\/de\/#website"},"primaryImageOfPage":{"@id":"https:\/\/www.swissraft.ch\/de\/produkt\/canyoning-wallis-massa\/#primaryimage"},"image":{"@id":"https:\/\/www.swissraft.ch\/de\/produkt\/canyoning-wallis-massa\/#primaryimage"},"thumbnailUrl":"https:\/\/www.swissraft.ch\/wp-content\/uploads\/2023\/02\/1-La-Massa-776x776-1.jpg","datePublished":"2023-02-19T16:42:06+00:00","dateModified":"2026-04-10T21:59:31+00:00","description":"Canyoning in La Massa im Wallis. Dieser 6,5 km lange Canyon ist ein absoluter Traum f\u00fcr jeden Sportliebhaber; ein umfangreiches Canyoning-Programm.","breadcrumb":{"@id":"https:\/\/www.swissraft.ch\/de\/produkt\/canyoning-wallis-massa\/#breadcrumb"},"inLanguage":"de","potentialAction":[{"@type":"ReadAction","target":["https:\/\/www.swissraft.ch\/de\/produkt\/canyoning-wallis-massa\/"]}]},{"@type":"ImageObject","inLanguage":"de","@id":"https:\/\/www.swissraft.ch\/de\/produkt\/canyoning-wallis-massa\/#primaryimage","url":"https:\/\/www.swissraft.ch\/wp-content\/uploads\/2023\/02\/1-La-Massa-776x776-1.jpg","contentUrl":"https:\/\/www.swissraft.ch\/wp-content\/uploads\/2023\/02\/1-La-Massa-776x776-1.jpg","width":776,"height":776,"caption":"La Massa Schlucht"},{"@type":"BreadcrumbList","@id":"https:\/\/www.swissraft.ch\/de\/produkt\/canyoning-wallis-massa\/#breadcrumb","itemListElement":[{"@type":"ListItem","position":1,"name":"Accueil","item":"https:\/\/www.swissraft.ch\/de\/"},{"@type":"ListItem","position":2,"name":"Shop","item":"https:\/\/www.swissraft.ch\/de\/shop\/"},{"@type":"ListItem","position":3,"name":"Canyoning im Wallis &#8211; Die Massa &#8211; Ab CHF 200.00"}]},{"@type":"WebSite","@id":"https:\/\/www.swissraft.ch\/de\/#website","url":"https:\/\/www.swissraft.ch\/de\/","name":"Swissraft","description":"To enjoy nature as it is","publisher":{"@id":"https:\/\/www.swissraft.ch\/de\/#organization"},"potentialAction":[{"@type":"SearchAction","target":{"@type":"EntryPoint","urlTemplate":"https:\/\/www.swissraft.ch\/de\/?s={search_term_string}"},"query-input":{"@type":"PropertyValueSpecification","valueRequired":true,"valueName":"search_term_string"}}],"inLanguage":"de"},{"@type":"Organization","@id":"https:\/\/www.swissraft.ch\/de\/#organization","name":"Swissraft","url":"https:\/\/www.swissraft.ch\/de\/","logo":{"@type":"ImageObject","inLanguage":"de","@id":"https:\/\/www.swissraft.ch\/de\/#\/schema\/logo\/image\/","url":"https:\/\/www.swissraft.ch\/wp-content\/uploads\/2025\/09\/Capture.jpg","contentUrl":"https:\/\/www.swissraft.ch\/wp-content\/uploads\/2025\/09\/Capture.jpg","width":293,"height":108,"caption":"Swissraft"},"image":{"@id":"https:\/\/www.swissraft.ch\/de\/#\/schema\/logo\/image\/"}}]}},"_links":{"self":[{"href":"https:\/\/www.swissraft.ch\/de\/wp-json\/wp\/v2\/product\/91533","targetHints":{"allow":["GET"]}}],"collection":[{"href":"https:\/\/www.swissraft.ch\/de\/wp-json\/wp\/v2\/product"}],"about":[{"href":"https:\/\/www.swissraft.ch\/de\/wp-json\/wp\/v2\/types\/product"}],"replies":[{"embeddable":true,"href":"https:\/\/www.swissraft.ch\/de\/wp-json\/wp\/v2\/comments?post=91533"}],"version-history":[{"count":22,"href":"https:\/\/www.swissraft.ch\/de\/wp-json\/wp\/v2\/product\/91533\/revisions"}],"predecessor-version":[{"id":139288,"href":"https:\/\/www.swissraft.ch\/de\/wp-json\/wp\/v2\/product\/91533\/revisions\/139288"}],"wp:featuredmedia":[{"embeddable":true,"href":"https:\/\/www.swissraft.ch\/de\/wp-json\/wp\/v2\/media\/85237"}],"wp:attachment":[{"href":"https:\/\/www.swissraft.ch\/de\/wp-json\/wp\/v2\/media?parent=91533"}],"wp:term":[{"taxonomy":"product_cat","embeddable":true,"href":"https:\/\/www.swissraft.ch\/de\/wp-json\/wp\/v2\/product_cat?post=91533"},{"taxonomy":"product_tag","embeddable":true,"href":"https:\/\/www.swissraft.ch\/de\/wp-json\/wp\/v2\/product_tag?post=91533"}],"curies":[{"name":"wp","href":"https:\/\/api.w.org\/{rel}","templated":true}]}}