{"id":91530,"date":"2023-02-19T13:40:40","date_gmt":"2023-02-19T12:40:40","guid":{"rendered":"https:\/\/swissraft.xyanzkdne.eu\/product\/canyoning-in-den-grisons-die-viamala-schlucht-ab-chf-140-25\/"},"modified":"2026-04-16T02:27:45","modified_gmt":"2026-04-16T00:27:45","slug":"canyoning-graubuenden-viamala-schlucht","status":"publish","type":"product","link":"https:\/\/www.swissraft.ch\/de\/produkt\/canyoning-graubuenden-viamala-schlucht\/","title":{"rendered":"Canyoning in Graub\u00fcnden &#8211; Viamala-Schlucht &#8211; Ab CHF 140.25"},"content":{"rendered":"\t\t<div data-elementor-type=\"wp-post\" data-elementor-id=\"91530\" class=\"elementor elementor-91530 elementor-31062\">\n\t\t\t\t\t\t\t\t\t<section class=\"elementor-section elementor-top-section elementor-element elementor-element-3303a7e3 elementor-section-boxed elementor-section-height-default elementor-section-height-default\" data-id=\"3303a7e3\" data-element_type=\"section\">\n\t\t\t\t\t\t<div class=\"elementor-container elementor-column-gap-default\">\n\t\t\t\t\t<div class=\"elementor-column elementor-col-100 elementor-top-column elementor-element elementor-element-16d72dbf\" data-id=\"16d72dbf\" data-element_type=\"column\">\n\t\t\t<div class=\"elementor-widget-wrap elementor-element-populated\">\n\t\t\t\t\t\t\t\t<div class=\"elementor-element elementor-element-d743c03 elementor-widget elementor-widget-text-editor\" data-id=\"d743c03\" data-element_type=\"widget\" data-widget_type=\"text-editor.default\">\n\t\t\t\t<div class=\"elementor-widget-container\">\n\t\t\t\t\t\t\t<h2>W\u00c4HLEN SIE UNTEN IHRE AKTIVIT\u00c4T AUS, UM GESCHENKGUTSCHEINE \/ TICKETS ZU VERSCHENKEN ODER ZU BUCHEN.<\/h2><table border=\"0\" width=\"580\" cellspacing=\"10\" cellpadding=\"10\"><tbody><tr><td width=\"50%\"><strong>CANYONING &#8211; VIAMALA + Aperitif<\/strong><\/td><td><strong>CHF 165.00 pro Person<span class=\"productPrice\"><br \/><\/span><\/strong><\/td><\/tr><tr><td>Zus\u00e4tzliche Informationen<\/td><td>&#8211; <span class=\"plbl\">Schulpreis :<\/span> <span class=\"patt\"><strong>CHF 155.00<\/strong>\/Pers.<\/span><span class=\"patt\"> ab 16 j\u00e4hrig <br \/><\/span><span class=\"plbl\">&#8211; <\/span><span class=\"plbl\">Jugendpreis<\/span> : <span class=\"patt\"><strong>CHF 155.00<\/strong>\/Pers.<\/span><span class=\"patt\">\u00a0bis 17 j\u00e4hrig<br \/><\/span><span class=\"patt\">&#8211; Ab 11 Pers. 10% : <strong>CHF 148.50\/<\/strong>Pers.<br \/>&#8211; Ab 21 Pers. 15% : <strong>CHF 140.25<\/strong>\/Pers.<strong><br \/><\/strong>&#8211; Mindestalter : 14 j\u00e4hrig<br \/><\/span><span class=\"patt\">&#8211; Wenig sonnige Canyon<br \/>&#8211; Reservierung t\u00e4glich ab 4 Pers. m\u00f6glich<\/span><\/td><\/tr><tr><td>Startzeiten<\/td><td>09:45 Uhr \/ 13:45 Uhr<\/td><\/tr><tr><td>Canyoning<\/td><td>ca. 2 Std.<\/td><\/tr><tr><td>Gesamtdauer<\/td><td>ca. 3 Std.<\/td><\/tr><tr><td>Treffpunkt<\/td><td><span style=\"color: #ff6600;\"><a href=\"https:\/\/www.google.com\/maps\/place\/46%C2%B040'24.8%22N+9%C2%B026'55.7%22E\/@46.6738591,9.4395465,1549m\/data=!3m1!1e3!4m4!3m3!8m2!3d46.6735556!4d9.4488056!5m1!1e4?entry=ttu\" target=\"_blank\" rel=\"noopener\">Bistro &#8222;Alte Post<\/a><a href=\"https:\/\/www.google.com\/maps\/place\/46%C2%B040'24.8%22N+9%C2%B026'55.7%22E\/@46.6738591,9.4395465,1549m\/data=!3m1!1e3!4m4!3m3!8m2!3d46.6735556!4d9.4488056!5m1!1e4?entry=ttu\" target=\"_blank\" rel=\"noopener\">&#8222;<\/a><\/span><\/td><\/tr><tr><td>Schwierigkeitsgrad<\/td><td>Stufe 1<\/td><\/tr><tr><td><button class=\"elementor-button\" type=\"button\"><a href=\"https:\/\/swissraft.outdoorbooking.ch\/fo\/products\/21?base_id=2&amp;category_id=2&amp;order_type=gift_voucher&amp;lang=de\" target=\"_blank\" rel=\"noopener\">GUTSCHEIN \/ TICKET KAUFEN<\/a><\/button><\/td><td><a href=\"https:\/\/swissraft.outdoorbooking.ch\/fo\/products\/21?base_id=2&amp;category_id=2&amp;order_type=event&amp;lang=de\" target=\"_blank\" rel=\"noopener\">RESERVIEREN SIE EIN DATUM<\/a><\/td><\/tr><\/tbody><\/table>\t\t\t\t\t\t<\/div>\n\t\t\t\t<\/div>\n\t\t\t\t\t<\/div>\n\t\t<\/div>\n\t\t\t\t\t\t\t<\/div>\n\t\t<\/section>\n\t\t\t\t\t\t\t<\/div>\n\t\t","protected":false},"excerpt":{"rendered":"<div align=\"justify\">\n<h2 align=\"justify\">Canyoning in der Viamala-Schlucht, eine Wasserwanderung<\/h2>\n<h3>Der Viamala Canyon war der erste Canyon, der 1982 von Daniel Ch\u00e9zi\u00e8re in der Schweiz begangen wurde.<\/h3>\n<\/div>\n<div align=\"justify\">\n<p>Bei dieser Einf\u00fchrung in das <strong>Canyoning<\/strong> entdecken Sie ein Naturgebiet von seltener Sch\u00f6nheit. Au\u00dferdem sind Sie gut ausger\u00fcstet und werden von Ihrem Reiseleiter begleitet, der Ihnen erkl\u00e4rt, wie Sie die Spr\u00fcnge und Rutschen angehen m\u00fcssen. Einerseits gibt es in Viamala keinen R\u00fcckruf, daher sprechen wir von einer Wasserwanderung. Andererseits ist dieser sehr enge Canyon von beeindruckenden W\u00e4nden umgeben, die \u00fcber 150 m hoch sind. Sie brauchen kein Seil und keine Klettertechnik. Der <strong>Canyon<\/strong> der Viamala-Schlucht wird sich Ihnen wie eine G\u00f6ttin darbieten. Au\u00dferdem werden Sie mit ihm einen unvergesslichen halben Tag voller Aufregung und Emotionen erleben. Au\u00dferdem lernen Sie den Fluss zu z\u00e4hmen, indem Sie die Rutschen hinunterrutschen und in das kristallklare, smaragdgr\u00fcne Wasser eintauchen. Der Viamala <strong>Canyon<\/strong> ist in der Tat ein Naturjuwel.<\/p>\n<h3>In der Schweiz gibt es zahlreiche Alternativen zum Viamala Gorge Canyon.<\/h3>\n<p id=\"textarea\" style=\"display: none;\">\nIm Tessin das Val Grande oder in der Riviera bei Cresciano die Schlucht von Boggera. Im Wallis erwarten Sie die Schluchten von La Raspille, La Morge oder La Rogne und mehr. Swissraft bietet auch <strong>Canyoning<\/strong> im Kanton Waadt mit La Torneresse zum Col des Mosses an. Aber auch der Canyon de la Tine de Montbovon in Greyerzerland. Au\u00dferdem bieten wir <strong>Schluchten<\/strong> im Berner Oberland in der Umgebung von Interlaken an, wie z.B. den Saxetenbach. Dar\u00fcber hinaus hat der Kanton St. Ein Ausflug nach St. Gallen mit dem Amden Canyon und einem Abseilen aus 40 m H\u00f6he wird Ihnen sicher gefallen.\n<\/p>\n<p><a id=\"seeMore\" onclick=\"toggleSeeMore()\" href=\"javascript:void(0);\">Lesen Sie mehr<\/a><\/p>\n","protected":false},"featured_media":85084,"comment_status":"open","ping_status":"closed","template":"","meta":{"inline_featured_image":false,"_mi_skip_tracking":false},"product_cat":[340,320],"product_tag":[],"class_list":["post-91530","product","type-product","status-publish","has-post-thumbnail","hentry","product_cat-canyoning-ostschweiz","product_cat-canyoning-in-der-schweiz-und-umgebung"],"yoast_head":"<!-- This site is optimized with the Yoast SEO plugin v23.6 - https:\/\/yoast.com\/wordpress\/plugins\/seo\/ -->\n<title>Canyoning im Viamala in Graub\u00fcnden in Thusis<\/title>\n<meta name=\"description\" content=\"Canyoning im Viamala in Graub\u00fcnden. Entdecken Sie bei dieser Wasserwanderung die Wunder dieses Gebietes. Einf\u00fchrung in das Canyoning\" \/>\n<meta name=\"robots\" content=\"index, follow, max-snippet:-1, max-image-preview:large, max-video-preview:-1\" \/>\n<link rel=\"canonical\" href=\"https:\/\/www.swissraft.ch\/de\/produkt\/canyoning-graubuenden-viamala-schlucht\/\" \/>\n<meta property=\"og:locale\" content=\"de_DE\" \/>\n<meta property=\"og:type\" content=\"article\" \/>\n<meta property=\"og:title\" content=\"Canyoning im Viamala in Graub\u00fcnden in Thusis\" \/>\n<meta property=\"og:description\" content=\"Canyoning im Viamala in Graub\u00fcnden. Entdecken Sie bei dieser Wasserwanderung die Wunder dieses Gebietes. Einf\u00fchrung in das Canyoning\" \/>\n<meta property=\"og:url\" content=\"https:\/\/www.swissraft.ch\/de\/produkt\/canyoning-graubuenden-viamala-schlucht\/\" \/>\n<meta property=\"og:site_name\" content=\"Swissraft\" \/>\n<meta property=\"article:modified_time\" content=\"2026-04-16T00:27:45+00:00\" \/>\n<meta property=\"og:image\" content=\"https:\/\/www.swissraft.ch\/wp-content\/uploads\/2023\/02\/1-Viamala-776x776-1.jpg\" \/>\n\t<meta property=\"og:image:width\" content=\"776\" \/>\n\t<meta property=\"og:image:height\" content=\"776\" \/>\n\t<meta property=\"og:image:type\" content=\"image\/jpeg\" \/>\n<meta name=\"twitter:card\" content=\"summary_large_image\" \/>\n<meta name=\"twitter:label1\" content=\"Gesch\u00e4tzte Lesezeit\" \/>\n\t<meta name=\"twitter:data1\" content=\"1\u00a0Minute\" \/>\n<script type=\"application\/ld+json\" class=\"yoast-schema-graph\">{\"@context\":\"https:\/\/schema.org\",\"@graph\":[{\"@type\":\"WebPage\",\"@id\":\"https:\/\/www.swissraft.ch\/de\/produkt\/canyoning-graubuenden-viamala-schlucht\/\",\"url\":\"https:\/\/www.swissraft.ch\/de\/produkt\/canyoning-graubuenden-viamala-schlucht\/\",\"name\":\"Canyoning im Viamala in Graub\u00fcnden in Thusis\",\"isPartOf\":{\"@id\":\"https:\/\/www.swissraft.ch\/de\/#website\"},\"primaryImageOfPage\":{\"@id\":\"https:\/\/www.swissraft.ch\/de\/produkt\/canyoning-graubuenden-viamala-schlucht\/#primaryimage\"},\"image\":{\"@id\":\"https:\/\/www.swissraft.ch\/de\/produkt\/canyoning-graubuenden-viamala-schlucht\/#primaryimage\"},\"thumbnailUrl\":\"https:\/\/www.swissraft.ch\/wp-content\/uploads\/2023\/02\/1-Viamala-776x776-1.jpg\",\"datePublished\":\"2023-02-19T12:40:40+00:00\",\"dateModified\":\"2026-04-16T00:27:45+00:00\",\"description\":\"Canyoning im Viamala in Graub\u00fcnden. Entdecken Sie bei dieser Wasserwanderung die Wunder dieses Gebietes. Einf\u00fchrung in das Canyoning\",\"breadcrumb\":{\"@id\":\"https:\/\/www.swissraft.ch\/de\/produkt\/canyoning-graubuenden-viamala-schlucht\/#breadcrumb\"},\"inLanguage\":\"de\",\"potentialAction\":[{\"@type\":\"ReadAction\",\"target\":[\"https:\/\/www.swissraft.ch\/de\/produkt\/canyoning-graubuenden-viamala-schlucht\/\"]}]},{\"@type\":\"ImageObject\",\"inLanguage\":\"de\",\"@id\":\"https:\/\/www.swissraft.ch\/de\/produkt\/canyoning-graubuenden-viamala-schlucht\/#primaryimage\",\"url\":\"https:\/\/www.swissraft.ch\/wp-content\/uploads\/2023\/02\/1-Viamala-776x776-1.jpg\",\"contentUrl\":\"https:\/\/www.swissraft.ch\/wp-content\/uploads\/2023\/02\/1-Viamala-776x776-1.jpg\",\"width\":776,\"height\":776,\"caption\":\"Canyoning im Viamala\"},{\"@type\":\"BreadcrumbList\",\"@id\":\"https:\/\/www.swissraft.ch\/de\/produkt\/canyoning-graubuenden-viamala-schlucht\/#breadcrumb\",\"itemListElement\":[{\"@type\":\"ListItem\",\"position\":1,\"name\":\"Accueil\",\"item\":\"https:\/\/www.swissraft.ch\/de\/\"},{\"@type\":\"ListItem\",\"position\":2,\"name\":\"Shop\",\"item\":\"https:\/\/www.swissraft.ch\/de\/shop\/\"},{\"@type\":\"ListItem\",\"position\":3,\"name\":\"Canyoning in Graub\u00fcnden &#8211; Viamala-Schlucht &#8211; Ab CHF 140.25\"}]},{\"@type\":\"WebSite\",\"@id\":\"https:\/\/www.swissraft.ch\/de\/#website\",\"url\":\"https:\/\/www.swissraft.ch\/de\/\",\"name\":\"Swissraft\",\"description\":\"To enjoy nature as it is\",\"publisher\":{\"@id\":\"https:\/\/www.swissraft.ch\/de\/#organization\"},\"potentialAction\":[{\"@type\":\"SearchAction\",\"target\":{\"@type\":\"EntryPoint\",\"urlTemplate\":\"https:\/\/www.swissraft.ch\/de\/?s={search_term_string}\"},\"query-input\":{\"@type\":\"PropertyValueSpecification\",\"valueRequired\":true,\"valueName\":\"search_term_string\"}}],\"inLanguage\":\"de\"},{\"@type\":\"Organization\",\"@id\":\"https:\/\/www.swissraft.ch\/de\/#organization\",\"name\":\"Swissraft\",\"url\":\"https:\/\/www.swissraft.ch\/de\/\",\"logo\":{\"@type\":\"ImageObject\",\"inLanguage\":\"de\",\"@id\":\"https:\/\/www.swissraft.ch\/de\/#\/schema\/logo\/image\/\",\"url\":\"https:\/\/www.swissraft.ch\/wp-content\/uploads\/2025\/09\/Capture.jpg\",\"contentUrl\":\"https:\/\/www.swissraft.ch\/wp-content\/uploads\/2025\/09\/Capture.jpg\",\"width\":293,\"height\":108,\"caption\":\"Swissraft\"},\"image\":{\"@id\":\"https:\/\/www.swissraft.ch\/de\/#\/schema\/logo\/image\/\"}}]}<\/script>\n<!-- \/ Yoast SEO plugin. -->","yoast_head_json":{"title":"Canyoning im Viamala in Graub\u00fcnden in Thusis","description":"Canyoning im Viamala in Graub\u00fcnden. Entdecken Sie bei dieser Wasserwanderung die Wunder dieses Gebietes. Einf\u00fchrung in das Canyoning","robots":{"index":"index","follow":"follow","max-snippet":"max-snippet:-1","max-image-preview":"max-image-preview:large","max-video-preview":"max-video-preview:-1"},"canonical":"https:\/\/www.swissraft.ch\/de\/produkt\/canyoning-graubuenden-viamala-schlucht\/","og_locale":"de_DE","og_type":"article","og_title":"Canyoning im Viamala in Graub\u00fcnden in Thusis","og_description":"Canyoning im Viamala in Graub\u00fcnden. Entdecken Sie bei dieser Wasserwanderung die Wunder dieses Gebietes. Einf\u00fchrung in das Canyoning","og_url":"https:\/\/www.swissraft.ch\/de\/produkt\/canyoning-graubuenden-viamala-schlucht\/","og_site_name":"Swissraft","article_modified_time":"2026-04-16T00:27:45+00:00","og_image":[{"width":776,"height":776,"url":"https:\/\/www.swissraft.ch\/wp-content\/uploads\/2023\/02\/1-Viamala-776x776-1.jpg","type":"image\/jpeg"}],"twitter_card":"summary_large_image","twitter_misc":{"Gesch\u00e4tzte Lesezeit":"1\u00a0Minute"},"schema":{"@context":"https:\/\/schema.org","@graph":[{"@type":"WebPage","@id":"https:\/\/www.swissraft.ch\/de\/produkt\/canyoning-graubuenden-viamala-schlucht\/","url":"https:\/\/www.swissraft.ch\/de\/produkt\/canyoning-graubuenden-viamala-schlucht\/","name":"Canyoning im Viamala in Graub\u00fcnden in Thusis","isPartOf":{"@id":"https:\/\/www.swissraft.ch\/de\/#website"},"primaryImageOfPage":{"@id":"https:\/\/www.swissraft.ch\/de\/produkt\/canyoning-graubuenden-viamala-schlucht\/#primaryimage"},"image":{"@id":"https:\/\/www.swissraft.ch\/de\/produkt\/canyoning-graubuenden-viamala-schlucht\/#primaryimage"},"thumbnailUrl":"https:\/\/www.swissraft.ch\/wp-content\/uploads\/2023\/02\/1-Viamala-776x776-1.jpg","datePublished":"2023-02-19T12:40:40+00:00","dateModified":"2026-04-16T00:27:45+00:00","description":"Canyoning im Viamala in Graub\u00fcnden. Entdecken Sie bei dieser Wasserwanderung die Wunder dieses Gebietes. Einf\u00fchrung in das Canyoning","breadcrumb":{"@id":"https:\/\/www.swissraft.ch\/de\/produkt\/canyoning-graubuenden-viamala-schlucht\/#breadcrumb"},"inLanguage":"de","potentialAction":[{"@type":"ReadAction","target":["https:\/\/www.swissraft.ch\/de\/produkt\/canyoning-graubuenden-viamala-schlucht\/"]}]},{"@type":"ImageObject","inLanguage":"de","@id":"https:\/\/www.swissraft.ch\/de\/produkt\/canyoning-graubuenden-viamala-schlucht\/#primaryimage","url":"https:\/\/www.swissraft.ch\/wp-content\/uploads\/2023\/02\/1-Viamala-776x776-1.jpg","contentUrl":"https:\/\/www.swissraft.ch\/wp-content\/uploads\/2023\/02\/1-Viamala-776x776-1.jpg","width":776,"height":776,"caption":"Canyoning im Viamala"},{"@type":"BreadcrumbList","@id":"https:\/\/www.swissraft.ch\/de\/produkt\/canyoning-graubuenden-viamala-schlucht\/#breadcrumb","itemListElement":[{"@type":"ListItem","position":1,"name":"Accueil","item":"https:\/\/www.swissraft.ch\/de\/"},{"@type":"ListItem","position":2,"name":"Shop","item":"https:\/\/www.swissraft.ch\/de\/shop\/"},{"@type":"ListItem","position":3,"name":"Canyoning in Graub\u00fcnden &#8211; Viamala-Schlucht &#8211; Ab CHF 140.25"}]},{"@type":"WebSite","@id":"https:\/\/www.swissraft.ch\/de\/#website","url":"https:\/\/www.swissraft.ch\/de\/","name":"Swissraft","description":"To enjoy nature as it is","publisher":{"@id":"https:\/\/www.swissraft.ch\/de\/#organization"},"potentialAction":[{"@type":"SearchAction","target":{"@type":"EntryPoint","urlTemplate":"https:\/\/www.swissraft.ch\/de\/?s={search_term_string}"},"query-input":{"@type":"PropertyValueSpecification","valueRequired":true,"valueName":"search_term_string"}}],"inLanguage":"de"},{"@type":"Organization","@id":"https:\/\/www.swissraft.ch\/de\/#organization","name":"Swissraft","url":"https:\/\/www.swissraft.ch\/de\/","logo":{"@type":"ImageObject","inLanguage":"de","@id":"https:\/\/www.swissraft.ch\/de\/#\/schema\/logo\/image\/","url":"https:\/\/www.swissraft.ch\/wp-content\/uploads\/2025\/09\/Capture.jpg","contentUrl":"https:\/\/www.swissraft.ch\/wp-content\/uploads\/2025\/09\/Capture.jpg","width":293,"height":108,"caption":"Swissraft"},"image":{"@id":"https:\/\/www.swissraft.ch\/de\/#\/schema\/logo\/image\/"}}]}},"_links":{"self":[{"href":"https:\/\/www.swissraft.ch\/de\/wp-json\/wp\/v2\/product\/91530","targetHints":{"allow":["GET"]}}],"collection":[{"href":"https:\/\/www.swissraft.ch\/de\/wp-json\/wp\/v2\/product"}],"about":[{"href":"https:\/\/www.swissraft.ch\/de\/wp-json\/wp\/v2\/types\/product"}],"replies":[{"embeddable":true,"href":"https:\/\/www.swissraft.ch\/de\/wp-json\/wp\/v2\/comments?post=91530"}],"version-history":[{"count":23,"href":"https:\/\/www.swissraft.ch\/de\/wp-json\/wp\/v2\/product\/91530\/revisions"}],"predecessor-version":[{"id":140143,"href":"https:\/\/www.swissraft.ch\/de\/wp-json\/wp\/v2\/product\/91530\/revisions\/140143"}],"wp:featuredmedia":[{"embeddable":true,"href":"https:\/\/www.swissraft.ch\/de\/wp-json\/wp\/v2\/media\/85084"}],"wp:attachment":[{"href":"https:\/\/www.swissraft.ch\/de\/wp-json\/wp\/v2\/media?parent=91530"}],"wp:term":[{"taxonomy":"product_cat","embeddable":true,"href":"https:\/\/www.swissraft.ch\/de\/wp-json\/wp\/v2\/product_cat?post=91530"},{"taxonomy":"product_tag","embeddable":true,"href":"https:\/\/www.swissraft.ch\/de\/wp-json\/wp\/v2\/product_tag?post=91530"}],"curies":[{"name":"wp","href":"https:\/\/api.w.org\/{rel}","templated":true}]}}