{"id":91526,"date":"2023-02-19T12:13:49","date_gmt":"2023-02-19T11:13:49","guid":{"rendered":"https:\/\/swissraft.xyanzkdne.eu\/product\/canyoning-in-gruyere-la-tine-de-montbovon-ab-chf-80-00\/"},"modified":"2026-04-10T06:43:26","modified_gmt":"2026-04-10T04:43:26","slug":"canyoning-greyerzerland-tine-de-montbovon","status":"publish","type":"product","link":"https:\/\/www.swissraft.ch\/de\/produkt\/canyoning-greyerzerland-tine-de-montbovon\/","title":{"rendered":"Canyoning im Greyerzerland &#8211; Die Tine de Montbovon &#8211; Ab CHF 103.20"},"content":{"rendered":"\t\t<div data-elementor-type=\"wp-post\" data-elementor-id=\"91526\" class=\"elementor elementor-91526 elementor-31057\">\n\t\t\t\t\t\t\t\t\t<section class=\"elementor-section elementor-top-section elementor-element elementor-element-3303a7e3 elementor-section-boxed elementor-section-height-default elementor-section-height-default\" data-id=\"3303a7e3\" data-element_type=\"section\">\n\t\t\t\t\t\t<div class=\"elementor-container elementor-column-gap-default\">\n\t\t\t\t\t<div class=\"elementor-column elementor-col-100 elementor-top-column elementor-element elementor-element-16d72dbf\" data-id=\"16d72dbf\" data-element_type=\"column\">\n\t\t\t<div class=\"elementor-widget-wrap elementor-element-populated\">\n\t\t\t\t\t\t\t\t<div class=\"elementor-element elementor-element-d743c03 elementor-widget elementor-widget-text-editor\" data-id=\"d743c03\" data-element_type=\"widget\" data-widget_type=\"text-editor.default\">\n\t\t\t\t<div class=\"elementor-widget-container\">\n\t\t\t\t\t\t\t<h2>W\u00c4HLEN SIE UNTEN IHRE AKTIVIT\u00c4T AUS, UM GESCHENKGUTSCHEINE \/ TICKETS ZU VERSCHENKEN ODER ZU BUCHEN<\/h2><table border=\"0\" width=\"580\" cellspacing=\"10\" cellpadding=\"10\"><tbody><tr><td width=\"50%\"><strong>CANYONING &#8211; TINE DE MONTBOVON + Imbiss<\/strong><\/td><td><strong>CHF 129.00 pro Person<span class=\"productPrice\"><br \/><\/span><\/strong><\/td><\/tr><tr><td>ZUs\u00e4tzliche Informationen<\/td><td>&#8211; <span class=\"plbl\">Schulpreis :<\/span> <span class=\"patt\"><strong>CHF 109.00<\/strong>\/Pers.<br \/>&#8211; Jugendpreis : <strong>CHF 109.00<\/strong>\/Pers. bis 15 j\u00e4hrig<br \/>&#8211; Keine zus\u00e4tzlichen Rabatte auf Schul- und Jugendtarife<br \/><\/span><span class=\"plbl\">&#8211; <\/span><span class=\"patt\">Ab 11 Pers. 10% : <strong>CHF 116.10<\/strong>\/Pers.<br \/>&#8211; Ab 21 Pers. 20% : <strong>CHF 103.20<\/strong>\/Pers.<strong><br \/><\/strong><\/span><span class=\"patt\">&#8211; Keine zus\u00e4tzlichen Rabatte auf Schul- und Jugendtarife<br \/>&#8211; Mindestalter : 10 j\u00e4hrig<br \/><\/span><span class=\"plbl\">&#8211; <\/span><span class=\"patt\">Sehr sonniger Canyon<\/span><\/td><\/tr><tr><td>Startzeiten<\/td><td>10:00 Uhr \/ 14:00 Uhr<\/td><\/tr><tr><td>Canyoning<\/td><td>ca. 1,5 Std.<\/td><\/tr><tr><td>Gesamtdauer<\/td><td>ca. 3 Std.<\/td><\/tr><tr><td>Treffpunkt<\/td><td><span style=\"color: #ff6600;\"><a href=\"https:\/\/www.google.com\/maps\/place\/46%C2%B027'53.6%22N+7%C2%B004'56.9%22E\/@46.4650707,7.0780112,943m\/data=!3m1!1e3!4m10!1m5!3m4!2zNDbCsDI3JzUzLjAiTiA3wrAwNScwMC4wIkU!8m2!3d46.4647222!4d7.0833333!3m3!8m2!3d46.4648889!4d7.0824722?entry=ttu&amp;g_ep=EgoyMDI1MDIwOS4wIKXMDSoASAFQAw%3D%3D\" target=\"_blank\" rel=\"noopener\">Bahnhof La Tine in Rossini\u00e8re<\/a><\/span><\/td><\/tr><tr><td>Schwierigkeit<\/td><td>1<\/td><\/tr><tr><td><button class=\"elementor-button\" type=\"button\"><a href=\"https:\/\/swissraft.outdoorbooking.ch\/fo\/products\/2159?base_id=82&amp;category_id=4&amp;order_type=gift_voucher&amp;lang=de\" target=\"_blank\" rel=\"noopener\">GUTSCHEIN \/ TICKET KAUFEN<\/a><\/button><\/td><td style=\"text-align: left;\"><span style=\"color: #ff6600;\"><a href=\"https:\/\/swissraft.outdoorbooking.ch\/fo\/products\/2159?base_id=82&amp;category_id=5&amp;order_type=event&amp;lang=de\" target=\"_blank\" rel=\"noopener\">RESERVIEREN SIE EIN DATUM<\/a><\/span><\/td><\/tr><\/tbody><\/table>\t\t\t\t\t\t<\/div>\n\t\t\t\t<\/div>\n\t\t\t\t\t<\/div>\n\t\t<\/div>\n\t\t\t\t\t\t\t<\/div>\n\t\t<\/section>\n\t\t\t\t<section class=\"elementor-section elementor-top-section elementor-element elementor-element-2bfb484 elementor-section-boxed elementor-section-height-default elementor-section-height-default\" data-id=\"2bfb484\" data-element_type=\"section\">\n\t\t\t\t\t\t<div class=\"elementor-container elementor-column-gap-default\">\n\t\t\t\t\t<div class=\"elementor-column elementor-col-100 elementor-top-column elementor-element elementor-element-a4534d3\" data-id=\"a4534d3\" data-element_type=\"column\">\n\t\t\t<div class=\"elementor-widget-wrap elementor-element-populated\">\n\t\t\t\t\t\t\t\t<div class=\"elementor-element elementor-element-5f72e44 elementor-widget elementor-widget-text-editor\" data-id=\"5f72e44\" data-element_type=\"widget\" data-widget_type=\"text-editor.default\">\n\t\t\t\t<div class=\"elementor-widget-container\">\n\t\t\t\t\t\t\t<h2>W\u00c4HLEN SIE UNTEN IHRE AKTIVIT\u00c4T AUS, UM GESCHENKGUTSCHEINE \/ TICKETS ZU VERSCHENKEN ODER ZU BUCHEN.<\/h2><\/p>\n\t\t\t\t\t\t<\/div>\n\t\t\t\t<\/div>\n\t\t\t\t\t<\/div>\n\t\t<\/div>\n\t\t\t\t\t\t\t<\/div>\n\t\t<\/section>\n\t\t\t\t\t\t\t<\/div>\n\t\t","protected":false},"excerpt":{"rendered":"<div align=\"justify\">\n<h2 align=\"justify\">Canyoning im Tine de Montbovon im Kanton Freiburg, ein idealer Canyon f\u00fcr Anf\u00e4nger<\/h2>\n<h3>Canyoning und Abenteuer in der Tine de Montbovon in Greyerzerland, einem nat\u00fcrlichen Spielplatz<\/h3>\n<\/div>\n<div align=\"justify\">\n<p>Die Disziplin Canyoning in der Tine de Montbovon im Greyerzerland mit ihren engen Passagen, Gletschert\u00f6pfen und kristallklarem Wildwasser erwartet Sie. Sie springen zwischen den Bl\u00f6cken bis zum Ausgang des Tine <strong>Canyon<\/strong> von Montbovon in Greyerzerland.<\/p>\n<h3>Alternativen zum Canyoning im Canyon de la Tine de Montbovon in Greyerzerland<\/h3>\n<p id=\"textarea\" style=\"display: none;\">\nNeben Canyoning im Canyon de la Tine de Montbovon bietet Swissraft auch <strong>Canyoning<\/strong> im Pays d&#8217;Enhaut in der Torneresse in Richtung Col des Mosses an. Aber auch im Tessin gibt es eine gro\u00dfe Anzahl von Schluchten, von denen eine sch\u00f6ner als die andere ist. Auch im Wallis gibt es viele Schluchten, die auf Sie warten. Au\u00dferdem bieten wir <strong>Canyons<\/strong> im Berner Oberland in der Umgebung von Interlaken an. Dar\u00fcber hinaus hat der Kanton St. Gallen mit dem Amden <strong>Canyon<\/strong> wird Ihnen sehr gut gefallen. Die Viamala-Schlucht mit ihren \u00fcber 150 m hohen W\u00e4nden in der N\u00e4he von Thusis wird Sie begeistern.\n<\/p>\n<p><a id=\"seeMore\" onclick=\"toggleSeeMore()\" href=\"javascript:void(0);\">Lesen Sie mehr<\/a><\/p>\n","protected":false},"featured_media":84952,"comment_status":"open","ping_status":"closed","template":"","meta":{"inline_featured_image":false,"_mi_skip_tracking":false},"product_cat":[342,320],"product_tag":[],"class_list":["post-91526","product","type-product","status-publish","has-post-thumbnail","hentry","product_cat-canyoning-welschland","product_cat-canyoning-in-der-schweiz-und-umgebung"],"yoast_head":"<!-- This site is optimized with the Yoast SEO plugin v23.6 - https:\/\/yoast.com\/wordpress\/plugins\/seo\/ -->\n<title>Canyoning im Tine de Montbovon im Greyerzerland<\/title>\n<meta name=\"description\" content=\"Canyoning in der Tine de Montbovon in Greyerzerland. Dieser Canyon besteht aus Spr\u00fcngen, Abseilen, Rutschen und einer Seilbahn. Kristallklares Wasser.\" \/>\n<meta name=\"robots\" content=\"index, follow, max-snippet:-1, max-image-preview:large, max-video-preview:-1\" \/>\n<link rel=\"canonical\" href=\"https:\/\/www.swissraft.ch\/de\/produkt\/canyoning-greyerzerland-tine-de-montbovon\/\" \/>\n<meta property=\"og:locale\" content=\"de_DE\" \/>\n<meta property=\"og:type\" content=\"article\" \/>\n<meta property=\"og:title\" content=\"Canyoning im Tine de Montbovon im Greyerzerland\" \/>\n<meta property=\"og:description\" content=\"Canyoning in der Tine de Montbovon in Greyerzerland. Dieser Canyon besteht aus Spr\u00fcngen, Abseilen, Rutschen und einer Seilbahn. Kristallklares Wasser.\" \/>\n<meta property=\"og:url\" content=\"https:\/\/www.swissraft.ch\/de\/produkt\/canyoning-greyerzerland-tine-de-montbovon\/\" \/>\n<meta property=\"og:site_name\" content=\"Swissraft\" \/>\n<meta property=\"article:modified_time\" content=\"2026-04-10T04:43:26+00:00\" \/>\n<meta property=\"og:image\" content=\"https:\/\/www.swissraft.ch\/wp-content\/uploads\/2023\/02\/1-La-Tine-de-Montbovon-776x776-2.jpg\" \/>\n\t<meta property=\"og:image:width\" content=\"776\" \/>\n\t<meta property=\"og:image:height\" content=\"776\" \/>\n\t<meta property=\"og:image:type\" content=\"image\/jpeg\" \/>\n<meta name=\"twitter:card\" content=\"summary_large_image\" \/>\n<meta name=\"twitter:label1\" content=\"Gesch\u00e4tzte Lesezeit\" \/>\n\t<meta name=\"twitter:data1\" content=\"1\u00a0Minute\" \/>\n<script type=\"application\/ld+json\" class=\"yoast-schema-graph\">{\"@context\":\"https:\/\/schema.org\",\"@graph\":[{\"@type\":\"WebPage\",\"@id\":\"https:\/\/www.swissraft.ch\/de\/produkt\/canyoning-greyerzerland-tine-de-montbovon\/\",\"url\":\"https:\/\/www.swissraft.ch\/de\/produkt\/canyoning-greyerzerland-tine-de-montbovon\/\",\"name\":\"Canyoning im Tine de Montbovon im Greyerzerland\",\"isPartOf\":{\"@id\":\"https:\/\/www.swissraft.ch\/de\/#website\"},\"primaryImageOfPage\":{\"@id\":\"https:\/\/www.swissraft.ch\/de\/produkt\/canyoning-greyerzerland-tine-de-montbovon\/#primaryimage\"},\"image\":{\"@id\":\"https:\/\/www.swissraft.ch\/de\/produkt\/canyoning-greyerzerland-tine-de-montbovon\/#primaryimage\"},\"thumbnailUrl\":\"https:\/\/www.swissraft.ch\/wp-content\/uploads\/2023\/02\/1-La-Tine-de-Montbovon-776x776-2.jpg\",\"datePublished\":\"2023-02-19T11:13:49+00:00\",\"dateModified\":\"2026-04-10T04:43:26+00:00\",\"description\":\"Canyoning in der Tine de Montbovon in Greyerzerland. Dieser Canyon besteht aus Spr\u00fcngen, Abseilen, Rutschen und einer Seilbahn. Kristallklares Wasser.\",\"breadcrumb\":{\"@id\":\"https:\/\/www.swissraft.ch\/de\/produkt\/canyoning-greyerzerland-tine-de-montbovon\/#breadcrumb\"},\"inLanguage\":\"de\",\"potentialAction\":[{\"@type\":\"ReadAction\",\"target\":[\"https:\/\/www.swissraft.ch\/de\/produkt\/canyoning-greyerzerland-tine-de-montbovon\/\"]}]},{\"@type\":\"ImageObject\",\"inLanguage\":\"de\",\"@id\":\"https:\/\/www.swissraft.ch\/de\/produkt\/canyoning-greyerzerland-tine-de-montbovon\/#primaryimage\",\"url\":\"https:\/\/www.swissraft.ch\/wp-content\/uploads\/2023\/02\/1-La-Tine-de-Montbovon-776x776-2.jpg\",\"contentUrl\":\"https:\/\/www.swissraft.ch\/wp-content\/uploads\/2023\/02\/1-La-Tine-de-Montbovon-776x776-2.jpg\",\"width\":776,\"height\":776,\"caption\":\"Seilrutsche in der Schlucht der Tine de Montbovon im Kanton Freiburg\"},{\"@type\":\"BreadcrumbList\",\"@id\":\"https:\/\/www.swissraft.ch\/de\/produkt\/canyoning-greyerzerland-tine-de-montbovon\/#breadcrumb\",\"itemListElement\":[{\"@type\":\"ListItem\",\"position\":1,\"name\":\"Accueil\",\"item\":\"https:\/\/www.swissraft.ch\/de\/\"},{\"@type\":\"ListItem\",\"position\":2,\"name\":\"Shop\",\"item\":\"https:\/\/www.swissraft.ch\/de\/shop\/\"},{\"@type\":\"ListItem\",\"position\":3,\"name\":\"Canyoning im Greyerzerland &#8211; Die Tine de Montbovon &#8211; Ab CHF 103.20\"}]},{\"@type\":\"WebSite\",\"@id\":\"https:\/\/www.swissraft.ch\/de\/#website\",\"url\":\"https:\/\/www.swissraft.ch\/de\/\",\"name\":\"Swissraft\",\"description\":\"To enjoy nature as it is\",\"publisher\":{\"@id\":\"https:\/\/www.swissraft.ch\/de\/#organization\"},\"potentialAction\":[{\"@type\":\"SearchAction\",\"target\":{\"@type\":\"EntryPoint\",\"urlTemplate\":\"https:\/\/www.swissraft.ch\/de\/?s={search_term_string}\"},\"query-input\":{\"@type\":\"PropertyValueSpecification\",\"valueRequired\":true,\"valueName\":\"search_term_string\"}}],\"inLanguage\":\"de\"},{\"@type\":\"Organization\",\"@id\":\"https:\/\/www.swissraft.ch\/de\/#organization\",\"name\":\"Swissraft\",\"url\":\"https:\/\/www.swissraft.ch\/de\/\",\"logo\":{\"@type\":\"ImageObject\",\"inLanguage\":\"de\",\"@id\":\"https:\/\/www.swissraft.ch\/de\/#\/schema\/logo\/image\/\",\"url\":\"https:\/\/www.swissraft.ch\/wp-content\/uploads\/2025\/09\/Capture.jpg\",\"contentUrl\":\"https:\/\/www.swissraft.ch\/wp-content\/uploads\/2025\/09\/Capture.jpg\",\"width\":293,\"height\":108,\"caption\":\"Swissraft\"},\"image\":{\"@id\":\"https:\/\/www.swissraft.ch\/de\/#\/schema\/logo\/image\/\"}}]}<\/script>\n<!-- \/ Yoast SEO plugin. -->","yoast_head_json":{"title":"Canyoning im Tine de Montbovon im Greyerzerland","description":"Canyoning in der Tine de Montbovon in Greyerzerland. Dieser Canyon besteht aus Spr\u00fcngen, Abseilen, Rutschen und einer Seilbahn. Kristallklares Wasser.","robots":{"index":"index","follow":"follow","max-snippet":"max-snippet:-1","max-image-preview":"max-image-preview:large","max-video-preview":"max-video-preview:-1"},"canonical":"https:\/\/www.swissraft.ch\/de\/produkt\/canyoning-greyerzerland-tine-de-montbovon\/","og_locale":"de_DE","og_type":"article","og_title":"Canyoning im Tine de Montbovon im Greyerzerland","og_description":"Canyoning in der Tine de Montbovon in Greyerzerland. Dieser Canyon besteht aus Spr\u00fcngen, Abseilen, Rutschen und einer Seilbahn. Kristallklares Wasser.","og_url":"https:\/\/www.swissraft.ch\/de\/produkt\/canyoning-greyerzerland-tine-de-montbovon\/","og_site_name":"Swissraft","article_modified_time":"2026-04-10T04:43:26+00:00","og_image":[{"width":776,"height":776,"url":"https:\/\/www.swissraft.ch\/wp-content\/uploads\/2023\/02\/1-La-Tine-de-Montbovon-776x776-2.jpg","type":"image\/jpeg"}],"twitter_card":"summary_large_image","twitter_misc":{"Gesch\u00e4tzte Lesezeit":"1\u00a0Minute"},"schema":{"@context":"https:\/\/schema.org","@graph":[{"@type":"WebPage","@id":"https:\/\/www.swissraft.ch\/de\/produkt\/canyoning-greyerzerland-tine-de-montbovon\/","url":"https:\/\/www.swissraft.ch\/de\/produkt\/canyoning-greyerzerland-tine-de-montbovon\/","name":"Canyoning im Tine de Montbovon im Greyerzerland","isPartOf":{"@id":"https:\/\/www.swissraft.ch\/de\/#website"},"primaryImageOfPage":{"@id":"https:\/\/www.swissraft.ch\/de\/produkt\/canyoning-greyerzerland-tine-de-montbovon\/#primaryimage"},"image":{"@id":"https:\/\/www.swissraft.ch\/de\/produkt\/canyoning-greyerzerland-tine-de-montbovon\/#primaryimage"},"thumbnailUrl":"https:\/\/www.swissraft.ch\/wp-content\/uploads\/2023\/02\/1-La-Tine-de-Montbovon-776x776-2.jpg","datePublished":"2023-02-19T11:13:49+00:00","dateModified":"2026-04-10T04:43:26+00:00","description":"Canyoning in der Tine de Montbovon in Greyerzerland. Dieser Canyon besteht aus Spr\u00fcngen, Abseilen, Rutschen und einer Seilbahn. Kristallklares Wasser.","breadcrumb":{"@id":"https:\/\/www.swissraft.ch\/de\/produkt\/canyoning-greyerzerland-tine-de-montbovon\/#breadcrumb"},"inLanguage":"de","potentialAction":[{"@type":"ReadAction","target":["https:\/\/www.swissraft.ch\/de\/produkt\/canyoning-greyerzerland-tine-de-montbovon\/"]}]},{"@type":"ImageObject","inLanguage":"de","@id":"https:\/\/www.swissraft.ch\/de\/produkt\/canyoning-greyerzerland-tine-de-montbovon\/#primaryimage","url":"https:\/\/www.swissraft.ch\/wp-content\/uploads\/2023\/02\/1-La-Tine-de-Montbovon-776x776-2.jpg","contentUrl":"https:\/\/www.swissraft.ch\/wp-content\/uploads\/2023\/02\/1-La-Tine-de-Montbovon-776x776-2.jpg","width":776,"height":776,"caption":"Seilrutsche in der Schlucht der Tine de Montbovon im Kanton Freiburg"},{"@type":"BreadcrumbList","@id":"https:\/\/www.swissraft.ch\/de\/produkt\/canyoning-greyerzerland-tine-de-montbovon\/#breadcrumb","itemListElement":[{"@type":"ListItem","position":1,"name":"Accueil","item":"https:\/\/www.swissraft.ch\/de\/"},{"@type":"ListItem","position":2,"name":"Shop","item":"https:\/\/www.swissraft.ch\/de\/shop\/"},{"@type":"ListItem","position":3,"name":"Canyoning im Greyerzerland &#8211; Die Tine de Montbovon &#8211; Ab CHF 103.20"}]},{"@type":"WebSite","@id":"https:\/\/www.swissraft.ch\/de\/#website","url":"https:\/\/www.swissraft.ch\/de\/","name":"Swissraft","description":"To enjoy nature as it is","publisher":{"@id":"https:\/\/www.swissraft.ch\/de\/#organization"},"potentialAction":[{"@type":"SearchAction","target":{"@type":"EntryPoint","urlTemplate":"https:\/\/www.swissraft.ch\/de\/?s={search_term_string}"},"query-input":{"@type":"PropertyValueSpecification","valueRequired":true,"valueName":"search_term_string"}}],"inLanguage":"de"},{"@type":"Organization","@id":"https:\/\/www.swissraft.ch\/de\/#organization","name":"Swissraft","url":"https:\/\/www.swissraft.ch\/de\/","logo":{"@type":"ImageObject","inLanguage":"de","@id":"https:\/\/www.swissraft.ch\/de\/#\/schema\/logo\/image\/","url":"https:\/\/www.swissraft.ch\/wp-content\/uploads\/2025\/09\/Capture.jpg","contentUrl":"https:\/\/www.swissraft.ch\/wp-content\/uploads\/2025\/09\/Capture.jpg","width":293,"height":108,"caption":"Swissraft"},"image":{"@id":"https:\/\/www.swissraft.ch\/de\/#\/schema\/logo\/image\/"}}]}},"_links":{"self":[{"href":"https:\/\/www.swissraft.ch\/de\/wp-json\/wp\/v2\/product\/91526","targetHints":{"allow":["GET"]}}],"collection":[{"href":"https:\/\/www.swissraft.ch\/de\/wp-json\/wp\/v2\/product"}],"about":[{"href":"https:\/\/www.swissraft.ch\/de\/wp-json\/wp\/v2\/types\/product"}],"replies":[{"embeddable":true,"href":"https:\/\/www.swissraft.ch\/de\/wp-json\/wp\/v2\/comments?post=91526"}],"version-history":[{"count":33,"href":"https:\/\/www.swissraft.ch\/de\/wp-json\/wp\/v2\/product\/91526\/revisions"}],"predecessor-version":[{"id":138988,"href":"https:\/\/www.swissraft.ch\/de\/wp-json\/wp\/v2\/product\/91526\/revisions\/138988"}],"wp:featuredmedia":[{"embeddable":true,"href":"https:\/\/www.swissraft.ch\/de\/wp-json\/wp\/v2\/media\/84952"}],"wp:attachment":[{"href":"https:\/\/www.swissraft.ch\/de\/wp-json\/wp\/v2\/media?parent=91526"}],"wp:term":[{"taxonomy":"product_cat","embeddable":true,"href":"https:\/\/www.swissraft.ch\/de\/wp-json\/wp\/v2\/product_cat?post=91526"},{"taxonomy":"product_tag","embeddable":true,"href":"https:\/\/www.swissraft.ch\/de\/wp-json\/wp\/v2\/product_tag?post=91526"}],"curies":[{"name":"wp","href":"https:\/\/api.w.org\/{rel}","templated":true}]}}