{"id":91525,"date":"2023-02-19T14:24:23","date_gmt":"2023-02-19T13:24:23","guid":{"rendered":"https:\/\/swissraft.xyanzkdne.eu\/product\/canyoning-in-tessin-le-corippo-val-verzasca-ab-chf-136-00\/"},"modified":"2026-04-09T23:09:30","modified_gmt":"2026-04-09T21:09:30","slug":"canyoning-tessin-corippo-val-verzasca","status":"publish","type":"product","link":"https:\/\/www.swissraft.ch\/de\/produkt\/canyoning-tessin-corippo-val-verzasca\/","title":{"rendered":"Canyoning im Tessin &#8211; Die Corippo &#8211; Val Verzasca &#8211; Ab CHF 136.00"},"content":{"rendered":"\t\t<div data-elementor-type=\"wp-post\" data-elementor-id=\"91525\" class=\"elementor elementor-91525 elementor-31084\">\n\t\t\t\t\t\t\t\t\t<section class=\"elementor-section elementor-top-section elementor-element elementor-element-3303a7e3 elementor-section-boxed elementor-section-height-default elementor-section-height-default\" data-id=\"3303a7e3\" data-element_type=\"section\">\n\t\t\t\t\t\t<div class=\"elementor-container elementor-column-gap-default\">\n\t\t\t\t\t<div class=\"elementor-column elementor-col-100 elementor-top-column elementor-element elementor-element-16d72dbf\" data-id=\"16d72dbf\" data-element_type=\"column\">\n\t\t\t<div class=\"elementor-widget-wrap elementor-element-populated\">\n\t\t\t\t\t\t\t\t<div class=\"elementor-element elementor-element-d743c03 elementor-widget elementor-widget-text-editor\" data-id=\"d743c03\" data-element_type=\"widget\" data-widget_type=\"text-editor.default\">\n\t\t\t\t<div class=\"elementor-widget-container\">\n\t\t\t\t\t\t\t<h2>W\u00c4HLEN SIE UNTEN IHRE AKTIVIT\u00c4T AUS, UM GESCHENKGUTSCHEINE \/ TICKETS ZU VERSCHENKEN ODER ZU BUCHEN<\/h2><table border=\"0\" width=\"580\" cellspacing=\"10\" cellpadding=\"10\"><tbody><tr><td width=\"50%\"><strong>CANYONING &#8211; CORIPPO + Aperitif<\/strong><\/td><td><strong>CHF 160.00 pro Person<span class=\"productPrice\"><br \/><\/span><\/strong><\/td><\/tr><tr><td>Zus\u00e4tzliche Informationen<\/td><td>&#8211; <span class=\"plbl\"> Schulpreis : <span class=\"patt\"><strong>CHF 140.00<\/strong>\/Pers<strong>.<\/strong> ab 14 j\u00e4hrig<\/span><br \/><\/span> &#8211; <span class=\"plbl\"> Jugendpreis <\/span>: <span class=\"patt\"><strong>CHF 140.00<\/strong>\/Pers. bis 17 j\u00e4hrig<br \/><\/span><span class=\"plbl\">&#8211; A<\/span><span class=\"patt\">b 11 Pers. 10% : <strong>CHF 144.00<\/strong>\/Pers. <br \/>&#8211; <span class=\"plbl\"> Ab<\/span> 21 Pers. 15% : <strong>CHF 136.00<\/strong>\/Pers.<br \/>&#8211; Mindestalter : 12 j\u00e4hrig<br \/><\/span><span class=\"patt\">&#8211; Sonniger Canyon<\/span><\/td><\/tr><tr><td>Startzeiten<\/td><td>09:00 Uhr \/ 14:00 Uhr<\/td><\/tr><tr><td>Canyoning<\/td><td>ca. 2,5 Std.<\/td><\/tr><tr><td>Gesamtdauer<\/td><td>ca. 3,5 Std.<\/td><\/tr><tr><td>Treffpunkt<\/td><td><span style=\"color: #ff6600;\"><a href=\"https:\/\/www.google.com\/maps\/place\/46%C2%B014'24.9%22N+8%C2%B050'40.2%22E\/@46.2406304,8.8355765,1561m\/data=!3m1!1e3!4m4!3m3!8m2!3d46.24025!4d8.8445?entry=ttu\" target=\"_blank\" rel=\"noopener\">Corippo-Br\u00fccke Piee 7<\/a><\/span><\/td><\/tr><tr><td>Schwierigkeitsgrad<\/td><td>2<\/td><\/tr><tr><td><button class=\"elementor-button\" type=\"button\"><a href=\"https:\/\/swissraft.outdoorbooking.ch\/fo\/products\/17?base_id=71&amp;category_id=2&amp;order_type=gift_voucher&amp;lang=de\" target=\"_blank\" rel=\"noopener\">GUTSCHEIN \/ TICKET KAUFEN<\/a><\/button><\/td><td><strong><em>WICHTIG !<\/em><\/strong><br \/><em>Um zu reservieren, rufen Sie die Nummer an, die sich oben links auf dem Gutschein \/ Ticket befindet.<\/em><\/td><\/tr><\/tbody><\/table>\t\t\t\t\t\t<\/div>\n\t\t\t\t<\/div>\n\t\t\t\t\t<\/div>\n\t\t<\/div>\n\t\t\t\t\t\t\t<\/div>\n\t\t<\/section>\n\t\t\t\t\t\t\t<\/div>\n\t\t","protected":false},"excerpt":{"rendered":"<div align=\"justify\">\n<h2 align=\"justify\">Canyoning Corippo im Tessin, ein Muss<\/h2>\n<h3>Der Corippo Canyon im Verzasca-Tal ist das Beste, was es gibt<\/h3>\n<\/div>\n<div align=\"justify\">\n<p>Der Corippo <strong>Canyon<\/strong> im Verzasca-Tal bietet Ihnen eine wundersch\u00f6ne Landschaft. Zum einen stehen schnelle Rutschen, sch\u00f6ne Spr\u00fcnge und Abseilen aus bis zu 40 m H\u00f6he auf dem Programm. Andererseits ist der Corippo wahrscheinlich einer der wenigen <strong>Canyons<\/strong>, die f\u00fcr verschiedene Niveaus mit normaler K\u00f6rperlicher Kondition geeignet sind. Vom Anf\u00e4nger bis zum <strong>Canyoning-Kenner<\/strong> kommen alle auf ihre Kosten. Au\u00dferdem ist dieser Canyon mit dem Ausstieg im farbenfrohen Dorf Corippo einen Besuch wert. Zum Abschluss schwimmen wir zum Vogorno-See.<\/p>\n<h3>Im Tessin bieten wir zahlreiche Canyons an<\/h3>\n<p id=\"textarea\" style=\"display: none;\">\nBoggera, Pontirone und Val Grande sind einige der bekanntesten. Aber auch im Wallis sind die Canyons wie Massa, Gondo oder Feschelbach bemerkenswert lang. Swissraft bietet auch den <strong>Canyon<\/strong> von La Torneresse am Col des Mosses in der N\u00e4he von Ch\u00e2teau d&#8217;Oex an. Ebenfalls Canyoning in Gruy\u00e8re im Kanton Freiburg: La Tine de Montbovon. Grimsel, Chli Schliere oder der Saxetenbach in der N\u00e4he von Interlaken. Ebenso im Kanton St. Gallen gibt es den Amden <strong>Canyon<\/strong> mit einer 40 m langen Abseilstrecke \u00fcber einen Damm. Und schlie\u00dflich die Viamala-Schlucht in Graub\u00fcnden mit ihren \u00fcber 150 m hohen W\u00e4nden.\n<\/p>\n<p><a id=\"seeMore\" onclick=\"toggleSeeMore()\" href=\"javascript:void(0);\">Lesen Sie mehr<\/a><\/p>\n","protected":false},"featured_media":85099,"comment_status":"open","ping_status":"closed","template":"","meta":{"inline_featured_image":false,"_mi_skip_tracking":false},"product_cat":[321,320],"product_tag":[],"class_list":["post-91525","product","type-product","status-publish","has-post-thumbnail","hentry","product_cat-canyoning-tessin","product_cat-canyoning-in-der-schweiz-und-umgebung"],"yoast_head":"<!-- This site is optimized with the Yoast SEO plugin v23.6 - https:\/\/yoast.com\/wordpress\/plugins\/seo\/ -->\n<title>Canyoning im Corippo im Verzasca-Tal. Das Nonplusultra<\/title>\n<meta name=\"description\" content=\"Canyoning im Corippo im Verzascatal. Hier gibt es schnelle Rutschen, sch\u00f6ne Spr\u00fcnge und Abseilen aus bis zu 40 m H\u00f6he.\" \/>\n<meta name=\"robots\" content=\"index, follow, max-snippet:-1, max-image-preview:large, max-video-preview:-1\" \/>\n<link rel=\"canonical\" href=\"https:\/\/www.swissraft.ch\/de\/produkt\/canyoning-tessin-corippo-val-verzasca\/\" \/>\n<meta property=\"og:locale\" content=\"de_DE\" \/>\n<meta property=\"og:type\" content=\"article\" \/>\n<meta property=\"og:title\" content=\"Canyoning im Corippo im Verzasca-Tal. Das Nonplusultra\" \/>\n<meta property=\"og:description\" content=\"Canyoning im Corippo im Verzascatal. Hier gibt es schnelle Rutschen, sch\u00f6ne Spr\u00fcnge und Abseilen aus bis zu 40 m H\u00f6he.\" \/>\n<meta property=\"og:url\" content=\"https:\/\/www.swissraft.ch\/de\/produkt\/canyoning-tessin-corippo-val-verzasca\/\" \/>\n<meta property=\"og:site_name\" content=\"Swissraft\" \/>\n<meta property=\"article:modified_time\" content=\"2026-04-09T21:09:30+00:00\" \/>\n<meta property=\"og:image\" content=\"https:\/\/www.swissraft.ch\/wp-content\/uploads\/2023\/02\/1-Corippo-776x776-1.jpg\" \/>\n\t<meta property=\"og:image:width\" content=\"776\" \/>\n\t<meta property=\"og:image:height\" content=\"776\" \/>\n\t<meta property=\"og:image:type\" content=\"image\/jpeg\" \/>\n<meta name=\"twitter:card\" content=\"summary_large_image\" \/>\n<meta name=\"twitter:label1\" content=\"Gesch\u00e4tzte Lesezeit\" \/>\n\t<meta name=\"twitter:data1\" content=\"1\u00a0Minute\" \/>\n<script type=\"application\/ld+json\" class=\"yoast-schema-graph\">{\"@context\":\"https:\/\/schema.org\",\"@graph\":[{\"@type\":\"WebPage\",\"@id\":\"https:\/\/www.swissraft.ch\/de\/produkt\/canyoning-tessin-corippo-val-verzasca\/\",\"url\":\"https:\/\/www.swissraft.ch\/de\/produkt\/canyoning-tessin-corippo-val-verzasca\/\",\"name\":\"Canyoning im Corippo im Verzasca-Tal. Das Nonplusultra\",\"isPartOf\":{\"@id\":\"https:\/\/www.swissraft.ch\/de\/#website\"},\"primaryImageOfPage\":{\"@id\":\"https:\/\/www.swissraft.ch\/de\/produkt\/canyoning-tessin-corippo-val-verzasca\/#primaryimage\"},\"image\":{\"@id\":\"https:\/\/www.swissraft.ch\/de\/produkt\/canyoning-tessin-corippo-val-verzasca\/#primaryimage\"},\"thumbnailUrl\":\"https:\/\/www.swissraft.ch\/wp-content\/uploads\/2023\/02\/1-Corippo-776x776-1.jpg\",\"datePublished\":\"2023-02-19T13:24:23+00:00\",\"dateModified\":\"2026-04-09T21:09:30+00:00\",\"description\":\"Canyoning im Corippo im Verzascatal. Hier gibt es schnelle Rutschen, sch\u00f6ne Spr\u00fcnge und Abseilen aus bis zu 40 m H\u00f6he.\",\"breadcrumb\":{\"@id\":\"https:\/\/www.swissraft.ch\/de\/produkt\/canyoning-tessin-corippo-val-verzasca\/#breadcrumb\"},\"inLanguage\":\"de\",\"potentialAction\":[{\"@type\":\"ReadAction\",\"target\":[\"https:\/\/www.swissraft.ch\/de\/produkt\/canyoning-tessin-corippo-val-verzasca\/\"]}]},{\"@type\":\"ImageObject\",\"inLanguage\":\"de\",\"@id\":\"https:\/\/www.swissraft.ch\/de\/produkt\/canyoning-tessin-corippo-val-verzasca\/#primaryimage\",\"url\":\"https:\/\/www.swissraft.ch\/wp-content\/uploads\/2023\/02\/1-Corippo-776x776-1.jpg\",\"contentUrl\":\"https:\/\/www.swissraft.ch\/wp-content\/uploads\/2023\/02\/1-Corippo-776x776-1.jpg\",\"width\":776,\"height\":776,\"caption\":\"Corippo Canyon im Verzasca-Tal\"},{\"@type\":\"BreadcrumbList\",\"@id\":\"https:\/\/www.swissraft.ch\/de\/produkt\/canyoning-tessin-corippo-val-verzasca\/#breadcrumb\",\"itemListElement\":[{\"@type\":\"ListItem\",\"position\":1,\"name\":\"Accueil\",\"item\":\"https:\/\/www.swissraft.ch\/de\/\"},{\"@type\":\"ListItem\",\"position\":2,\"name\":\"Shop\",\"item\":\"https:\/\/www.swissraft.ch\/de\/shop\/\"},{\"@type\":\"ListItem\",\"position\":3,\"name\":\"Canyoning im Tessin &#8211; Die Corippo &#8211; Val Verzasca &#8211; Ab CHF 136.00\"}]},{\"@type\":\"WebSite\",\"@id\":\"https:\/\/www.swissraft.ch\/de\/#website\",\"url\":\"https:\/\/www.swissraft.ch\/de\/\",\"name\":\"Swissraft\",\"description\":\"To enjoy nature as it is\",\"publisher\":{\"@id\":\"https:\/\/www.swissraft.ch\/de\/#organization\"},\"potentialAction\":[{\"@type\":\"SearchAction\",\"target\":{\"@type\":\"EntryPoint\",\"urlTemplate\":\"https:\/\/www.swissraft.ch\/de\/?s={search_term_string}\"},\"query-input\":{\"@type\":\"PropertyValueSpecification\",\"valueRequired\":true,\"valueName\":\"search_term_string\"}}],\"inLanguage\":\"de\"},{\"@type\":\"Organization\",\"@id\":\"https:\/\/www.swissraft.ch\/de\/#organization\",\"name\":\"Swissraft\",\"url\":\"https:\/\/www.swissraft.ch\/de\/\",\"logo\":{\"@type\":\"ImageObject\",\"inLanguage\":\"de\",\"@id\":\"https:\/\/www.swissraft.ch\/de\/#\/schema\/logo\/image\/\",\"url\":\"https:\/\/www.swissraft.ch\/wp-content\/uploads\/2025\/09\/Capture.jpg\",\"contentUrl\":\"https:\/\/www.swissraft.ch\/wp-content\/uploads\/2025\/09\/Capture.jpg\",\"width\":293,\"height\":108,\"caption\":\"Swissraft\"},\"image\":{\"@id\":\"https:\/\/www.swissraft.ch\/de\/#\/schema\/logo\/image\/\"}}]}<\/script>\n<!-- \/ Yoast SEO plugin. -->","yoast_head_json":{"title":"Canyoning im Corippo im Verzasca-Tal. Das Nonplusultra","description":"Canyoning im Corippo im Verzascatal. Hier gibt es schnelle Rutschen, sch\u00f6ne Spr\u00fcnge und Abseilen aus bis zu 40 m H\u00f6he.","robots":{"index":"index","follow":"follow","max-snippet":"max-snippet:-1","max-image-preview":"max-image-preview:large","max-video-preview":"max-video-preview:-1"},"canonical":"https:\/\/www.swissraft.ch\/de\/produkt\/canyoning-tessin-corippo-val-verzasca\/","og_locale":"de_DE","og_type":"article","og_title":"Canyoning im Corippo im Verzasca-Tal. Das Nonplusultra","og_description":"Canyoning im Corippo im Verzascatal. Hier gibt es schnelle Rutschen, sch\u00f6ne Spr\u00fcnge und Abseilen aus bis zu 40 m H\u00f6he.","og_url":"https:\/\/www.swissraft.ch\/de\/produkt\/canyoning-tessin-corippo-val-verzasca\/","og_site_name":"Swissraft","article_modified_time":"2026-04-09T21:09:30+00:00","og_image":[{"width":776,"height":776,"url":"https:\/\/www.swissraft.ch\/wp-content\/uploads\/2023\/02\/1-Corippo-776x776-1.jpg","type":"image\/jpeg"}],"twitter_card":"summary_large_image","twitter_misc":{"Gesch\u00e4tzte Lesezeit":"1\u00a0Minute"},"schema":{"@context":"https:\/\/schema.org","@graph":[{"@type":"WebPage","@id":"https:\/\/www.swissraft.ch\/de\/produkt\/canyoning-tessin-corippo-val-verzasca\/","url":"https:\/\/www.swissraft.ch\/de\/produkt\/canyoning-tessin-corippo-val-verzasca\/","name":"Canyoning im Corippo im Verzasca-Tal. Das Nonplusultra","isPartOf":{"@id":"https:\/\/www.swissraft.ch\/de\/#website"},"primaryImageOfPage":{"@id":"https:\/\/www.swissraft.ch\/de\/produkt\/canyoning-tessin-corippo-val-verzasca\/#primaryimage"},"image":{"@id":"https:\/\/www.swissraft.ch\/de\/produkt\/canyoning-tessin-corippo-val-verzasca\/#primaryimage"},"thumbnailUrl":"https:\/\/www.swissraft.ch\/wp-content\/uploads\/2023\/02\/1-Corippo-776x776-1.jpg","datePublished":"2023-02-19T13:24:23+00:00","dateModified":"2026-04-09T21:09:30+00:00","description":"Canyoning im Corippo im Verzascatal. Hier gibt es schnelle Rutschen, sch\u00f6ne Spr\u00fcnge und Abseilen aus bis zu 40 m H\u00f6he.","breadcrumb":{"@id":"https:\/\/www.swissraft.ch\/de\/produkt\/canyoning-tessin-corippo-val-verzasca\/#breadcrumb"},"inLanguage":"de","potentialAction":[{"@type":"ReadAction","target":["https:\/\/www.swissraft.ch\/de\/produkt\/canyoning-tessin-corippo-val-verzasca\/"]}]},{"@type":"ImageObject","inLanguage":"de","@id":"https:\/\/www.swissraft.ch\/de\/produkt\/canyoning-tessin-corippo-val-verzasca\/#primaryimage","url":"https:\/\/www.swissraft.ch\/wp-content\/uploads\/2023\/02\/1-Corippo-776x776-1.jpg","contentUrl":"https:\/\/www.swissraft.ch\/wp-content\/uploads\/2023\/02\/1-Corippo-776x776-1.jpg","width":776,"height":776,"caption":"Corippo Canyon im Verzasca-Tal"},{"@type":"BreadcrumbList","@id":"https:\/\/www.swissraft.ch\/de\/produkt\/canyoning-tessin-corippo-val-verzasca\/#breadcrumb","itemListElement":[{"@type":"ListItem","position":1,"name":"Accueil","item":"https:\/\/www.swissraft.ch\/de\/"},{"@type":"ListItem","position":2,"name":"Shop","item":"https:\/\/www.swissraft.ch\/de\/shop\/"},{"@type":"ListItem","position":3,"name":"Canyoning im Tessin &#8211; Die Corippo &#8211; Val Verzasca &#8211; Ab CHF 136.00"}]},{"@type":"WebSite","@id":"https:\/\/www.swissraft.ch\/de\/#website","url":"https:\/\/www.swissraft.ch\/de\/","name":"Swissraft","description":"To enjoy nature as it is","publisher":{"@id":"https:\/\/www.swissraft.ch\/de\/#organization"},"potentialAction":[{"@type":"SearchAction","target":{"@type":"EntryPoint","urlTemplate":"https:\/\/www.swissraft.ch\/de\/?s={search_term_string}"},"query-input":{"@type":"PropertyValueSpecification","valueRequired":true,"valueName":"search_term_string"}}],"inLanguage":"de"},{"@type":"Organization","@id":"https:\/\/www.swissraft.ch\/de\/#organization","name":"Swissraft","url":"https:\/\/www.swissraft.ch\/de\/","logo":{"@type":"ImageObject","inLanguage":"de","@id":"https:\/\/www.swissraft.ch\/de\/#\/schema\/logo\/image\/","url":"https:\/\/www.swissraft.ch\/wp-content\/uploads\/2025\/09\/Capture.jpg","contentUrl":"https:\/\/www.swissraft.ch\/wp-content\/uploads\/2025\/09\/Capture.jpg","width":293,"height":108,"caption":"Swissraft"},"image":{"@id":"https:\/\/www.swissraft.ch\/de\/#\/schema\/logo\/image\/"}}]}},"_links":{"self":[{"href":"https:\/\/www.swissraft.ch\/de\/wp-json\/wp\/v2\/product\/91525","targetHints":{"allow":["GET"]}}],"collection":[{"href":"https:\/\/www.swissraft.ch\/de\/wp-json\/wp\/v2\/product"}],"about":[{"href":"https:\/\/www.swissraft.ch\/de\/wp-json\/wp\/v2\/types\/product"}],"replies":[{"embeddable":true,"href":"https:\/\/www.swissraft.ch\/de\/wp-json\/wp\/v2\/comments?post=91525"}],"version-history":[{"count":30,"href":"https:\/\/www.swissraft.ch\/de\/wp-json\/wp\/v2\/product\/91525\/revisions"}],"predecessor-version":[{"id":138622,"href":"https:\/\/www.swissraft.ch\/de\/wp-json\/wp\/v2\/product\/91525\/revisions\/138622"}],"wp:featuredmedia":[{"embeddable":true,"href":"https:\/\/www.swissraft.ch\/de\/wp-json\/wp\/v2\/media\/85099"}],"wp:attachment":[{"href":"https:\/\/www.swissraft.ch\/de\/wp-json\/wp\/v2\/media?parent=91525"}],"wp:term":[{"taxonomy":"product_cat","embeddable":true,"href":"https:\/\/www.swissraft.ch\/de\/wp-json\/wp\/v2\/product_cat?post=91525"},{"taxonomy":"product_tag","embeddable":true,"href":"https:\/\/www.swissraft.ch\/de\/wp-json\/wp\/v2\/product_tag?post=91525"}],"curies":[{"name":"wp","href":"https:\/\/api.w.org\/{rel}","templated":true}]}}