{"id":91522,"date":"2023-02-19T14:16:34","date_gmt":"2023-02-19T13:16:34","guid":{"rendered":"https:\/\/swissraft.xyanzkdne.eu\/product\/canyoning-in-tessin-der-boggera-der-pontrone-ab-chf-246-50\/"},"modified":"2026-04-09T23:42:47","modified_gmt":"2026-04-09T21:42:47","slug":"canyoning-tessin-boggera-pontirone","status":"publish","type":"product","link":"https:\/\/www.swissraft.ch\/de\/produkt\/canyoning-tessin-boggera-pontirone\/","title":{"rendered":"Canyoning im Tessin &#8211; Die Boggera + Die Pontrone &#8211; Ab CHF 246.50"},"content":{"rendered":"\t\t<div data-elementor-type=\"wp-post\" data-elementor-id=\"91522\" class=\"elementor elementor-91522 elementor-31079\">\n\t\t\t\t\t\t\t\t\t<section class=\"elementor-section elementor-top-section elementor-element elementor-element-3303a7e3 elementor-section-boxed elementor-section-height-default elementor-section-height-default\" data-id=\"3303a7e3\" data-element_type=\"section\">\n\t\t\t\t\t\t<div class=\"elementor-container elementor-column-gap-default\">\n\t\t\t\t\t<div class=\"elementor-column elementor-col-100 elementor-top-column elementor-element elementor-element-16d72dbf\" data-id=\"16d72dbf\" data-element_type=\"column\">\n\t\t\t<div class=\"elementor-widget-wrap elementor-element-populated\">\n\t\t\t\t\t\t\t\t<div class=\"elementor-element elementor-element-d743c03 elementor-widget elementor-widget-text-editor\" data-id=\"d743c03\" data-element_type=\"widget\" data-widget_type=\"text-editor.default\">\n\t\t\t\t<div class=\"elementor-widget-container\">\n\t\t\t\t\t\t\t<h2>W\u00c4HLEN SIE UNTEN IHRE AKTIVIT\u00c4T AUS, UM GESCHENKGUTSCHEINE \/ TICKETS ZU VERSCHENKEN ODER ZU BUCHEN<\/h2><table border=\"0\" width=\"580\" cellspacing=\"10\" cellpadding=\"10\"><tbody><tr><td width=\"50%\"><strong>CANYONING &#8211; BOGGERA + PONTIRONE COMBI &#8211; Tagestour + Imbiss<\/strong><\/td><td><strong>CHF 290 pro Person<span class=\"productPrice\"><br \/><\/span><\/strong><\/td><\/tr><tr><td>Zus\u00e4tzliche Informationen<\/td><td><span class=\"plbl\">&#8211; <\/span><span class=\"patt\">Ab 11 Pers. 10% : <strong>CHF 261.00<\/strong>\/Pers.<br \/>&#8211; Ab 21 Pers. 15% : <strong>CHF 246.50<\/strong>\/Pers.<strong><br \/><\/strong>&#8211; Mindestalter : 16 j\u00e4hrig<strong><br \/><\/strong><\/span><span class=\"plbl\">&#8211; <\/span><span class=\"patt\">Sonnige Canyons<\/span><\/td><\/tr><tr><td>Startzeiten<\/td><td>09:00 Uhr \/ 10:00 Uhr<\/td><\/tr><tr><td>Canyoning<\/td><td>ca. 3,5 Std.<\/td><\/tr><tr><td>Gesamtdauer<\/td><td>ca. 8 Std.<\/td><\/tr><tr><td>Treffpunkt<\/td><td><a href=\"https:\/\/www.google.com\/maps\/place\/46%C2%B017'57.9%22N+8%C2%B059'38.9%22E\/@46.2996539,8.9896757,780m\/data=!3m1!1e3!4m4!3m3!8m2!3d46.2994167!4d8.9941389?entry=ttu\" target=\"_blank\" rel=\"noopener\">Cresciano Stazione<\/a><\/td><\/tr><tr><td>Schwierigkeitsgrad<\/td><td>2-3<\/td><\/tr><tr><td><button class=\"elementor-button\" type=\"button\"><a href=\"https:\/\/swissraft.outdoorbooking.ch\/fo\/products\/1290?base_id=71&amp;category_id=2&amp;order_type=gift_voucher&amp;lang=fr\" target=\"_blank\" rel=\"noopener\">GUTSCHEIN \/ TICKET\u00a0 KAUFEN<\/a><\/button><\/td><td><span style=\"color: #ff6600;\"><a href=\"https:\/\/swissraft.outdoorbooking.ch\/fo\/products\/1290?base_id=71&amp;category_id=2&amp;order_type=event&amp;lang=fr\" target=\"_blank\" rel=\"noopener\">RESERVIEREN SIE EIN DATUM<\/a><\/span><\/td><\/tr><\/tbody><\/table>\t\t\t\t\t\t<\/div>\n\t\t\t\t<\/div>\n\t\t\t\t\t<\/div>\n\t\t<\/div>\n\t\t\t\t\t\t\t<\/div>\n\t\t<\/section>\n\t\t\t\t\t\t\t<\/div>\n\t\t","protected":false},"excerpt":{"rendered":"<div align=\"justify\">\n<h2 align=\"justify\">Boggera und Pontirone Canyons im Tessin f\u00fcr Ihr Vergn\u00fcgen<\/h2>\n<h3>Canyoning im Tessin, ein Tag mit zwei wundersch\u00f6nen Canyons<\/h3>\n<\/div>\n<div align=\"justify\">\n<p>Die Schluchten Boggera und Pontirone im Tessin. Einerseits macht die Kombination dieser beiden <strong>Canyoningstrecken<\/strong> einen der attraktivsten Tage in dieser Disziplin aus. Auch <strong>Canyoning-Fans<\/strong> kommen auf ihre Kosten. Au\u00dferdem gibt es eine Vielzahl von Spr\u00fcngen, Abseilstellen, Rutschen und Wasserf\u00e4llen. M\u00f6gen Sie Canyoning? Dann sollten Sie diesen emotionalen Tag genie\u00dfen. Nach der Boggera-Schlucht legen wir eine Pause ein, um einen Snack zu essen. Danach geht es weiter zum Pontirone <strong>Canyon<\/strong>, der eine sportlichere Route ist. Spr\u00fcnge, Rutschen und Abseilen aus bis zu 45 m H\u00f6he stehen in beiden Canyons auf dem Programm und bieten f\u00fcr jeden etwas.<\/p>\n<h3>Im Tessin gibt es mehr als 10 Canyons mit unterschiedlichen Schwierigkeitsgraden, die f\u00fcr jedermann zug\u00e4nglich sind.<\/h3>\n<p id=\"textarea\" style=\"display: none;\">\nWir bieten auch im Tessin z.B. den <strong>Canyon<\/strong> des Val Grande oder Le Malvaglia in der Region Bl\u00e9nio an. Aber auch der Canyon von La Torneresse im Pays d&#8217;Enhaut. La Tine de Montbovon im Kanton Freiburg f\u00fcr Neulinge in dieser Disziplin. Swissraft bietet auch <strong>Canyoning<\/strong> im Wallis mit dem Massa, dem Gondo oder dem Feschelbach und anderen. Au\u00dferdem bieten wir den Saxetenbach bei Interlaken, den Grimsel und den Chli Schiere im Berner Oberland an. Dar\u00fcber hinaus ist die Amden-Schlucht im Kanton St. Petersburg eine der sch\u00f6nsten <strong>Schluchten<\/strong> der Welt. Gall ist mit seiner 40 m hohen Abseilstelle sehr interessant. Ebenfalls in Thusis befindet sich die Viamala-Schlucht mit ihren \u00fcber 150 Meter hohen W\u00e4nden, die Sie \u00fcberraschen werden.\n<\/p>\n<p><a id=\"seeMore\" onclick=\"toggleSeeMore()\" href=\"javascript:void(0);\">Lesen Sie mehr<\/a><\/p>\n","protected":false},"featured_media":85252,"comment_status":"open","ping_status":"closed","template":"","meta":{"inline_featured_image":false,"_mi_skip_tracking":false},"product_cat":[321,320],"product_tag":[],"class_list":["post-91522","product","type-product","status-publish","has-post-thumbnail","hentry","product_cat-canyoning-tessin","product_cat-canyoning-in-der-schweiz-und-umgebung"],"yoast_head":"<!-- This site is optimized with the Yoast SEO plugin v23.6 - https:\/\/yoast.com\/wordpress\/plugins\/seo\/ -->\n<title>Boggera- und Pontirone-Schluchten im Tessin mit Abseilen von 80 m H\u00f6he<\/title>\n<meta name=\"description\" content=\"Die Schluchten Boggera und Pontirone im Tessin. Die Kombination dieser beiden Schluchten macht sie zu einem der attraktivsten Tage f\u00fcr Canyoning.\" \/>\n<meta name=\"robots\" content=\"index, follow, max-snippet:-1, max-image-preview:large, max-video-preview:-1\" \/>\n<link rel=\"canonical\" href=\"https:\/\/www.swissraft.ch\/de\/produkt\/canyoning-tessin-boggera-pontirone\/\" \/>\n<meta property=\"og:locale\" content=\"de_DE\" \/>\n<meta property=\"og:type\" content=\"article\" \/>\n<meta property=\"og:title\" content=\"Boggera- und Pontirone-Schluchten im Tessin mit Abseilen von 80 m H\u00f6he\" \/>\n<meta property=\"og:description\" content=\"Die Schluchten Boggera und Pontirone im Tessin. Die Kombination dieser beiden Schluchten macht sie zu einem der attraktivsten Tage f\u00fcr Canyoning.\" \/>\n<meta property=\"og:url\" content=\"https:\/\/www.swissraft.ch\/de\/produkt\/canyoning-tessin-boggera-pontirone\/\" \/>\n<meta property=\"og:site_name\" content=\"Swissraft\" \/>\n<meta property=\"article:modified_time\" content=\"2026-04-09T21:42:47+00:00\" \/>\n<meta property=\"og:image\" content=\"https:\/\/www.swissraft.ch\/wp-content\/uploads\/2023\/02\/1-Boggera-Pontirone-776x776-1.jpg\" \/>\n\t<meta property=\"og:image:width\" content=\"776\" \/>\n\t<meta property=\"og:image:height\" content=\"776\" \/>\n\t<meta property=\"og:image:type\" content=\"image\/jpeg\" \/>\n<meta name=\"twitter:card\" content=\"summary_large_image\" \/>\n<meta name=\"twitter:label1\" content=\"Gesch\u00e4tzte Lesezeit\" \/>\n\t<meta name=\"twitter:data1\" content=\"1\u00a0Minute\" \/>\n<script type=\"application\/ld+json\" class=\"yoast-schema-graph\">{\"@context\":\"https:\/\/schema.org\",\"@graph\":[{\"@type\":\"WebPage\",\"@id\":\"https:\/\/www.swissraft.ch\/de\/produkt\/canyoning-tessin-boggera-pontirone\/\",\"url\":\"https:\/\/www.swissraft.ch\/de\/produkt\/canyoning-tessin-boggera-pontirone\/\",\"name\":\"Boggera- und Pontirone-Schluchten im Tessin mit Abseilen von 80 m H\u00f6he\",\"isPartOf\":{\"@id\":\"https:\/\/www.swissraft.ch\/de\/#website\"},\"primaryImageOfPage\":{\"@id\":\"https:\/\/www.swissraft.ch\/de\/produkt\/canyoning-tessin-boggera-pontirone\/#primaryimage\"},\"image\":{\"@id\":\"https:\/\/www.swissraft.ch\/de\/produkt\/canyoning-tessin-boggera-pontirone\/#primaryimage\"},\"thumbnailUrl\":\"https:\/\/www.swissraft.ch\/wp-content\/uploads\/2023\/02\/1-Boggera-Pontirone-776x776-1.jpg\",\"datePublished\":\"2023-02-19T13:16:34+00:00\",\"dateModified\":\"2026-04-09T21:42:47+00:00\",\"description\":\"Die Schluchten Boggera und Pontirone im Tessin. Die Kombination dieser beiden Schluchten macht sie zu einem der attraktivsten Tage f\u00fcr Canyoning.\",\"breadcrumb\":{\"@id\":\"https:\/\/www.swissraft.ch\/de\/produkt\/canyoning-tessin-boggera-pontirone\/#breadcrumb\"},\"inLanguage\":\"de\",\"potentialAction\":[{\"@type\":\"ReadAction\",\"target\":[\"https:\/\/www.swissraft.ch\/de\/produkt\/canyoning-tessin-boggera-pontirone\/\"]}]},{\"@type\":\"ImageObject\",\"inLanguage\":\"de\",\"@id\":\"https:\/\/www.swissraft.ch\/de\/produkt\/canyoning-tessin-boggera-pontirone\/#primaryimage\",\"url\":\"https:\/\/www.swissraft.ch\/wp-content\/uploads\/2023\/02\/1-Boggera-Pontirone-776x776-1.jpg\",\"contentUrl\":\"https:\/\/www.swissraft.ch\/wp-content\/uploads\/2023\/02\/1-Boggera-Pontirone-776x776-1.jpg\",\"width\":776,\"height\":776,\"caption\":\"OLYMPUS DIGITAL CAMERA\"},{\"@type\":\"BreadcrumbList\",\"@id\":\"https:\/\/www.swissraft.ch\/de\/produkt\/canyoning-tessin-boggera-pontirone\/#breadcrumb\",\"itemListElement\":[{\"@type\":\"ListItem\",\"position\":1,\"name\":\"Accueil\",\"item\":\"https:\/\/www.swissraft.ch\/de\/\"},{\"@type\":\"ListItem\",\"position\":2,\"name\":\"Shop\",\"item\":\"https:\/\/www.swissraft.ch\/de\/shop\/\"},{\"@type\":\"ListItem\",\"position\":3,\"name\":\"Canyoning im Tessin &#8211; Die Boggera + Die Pontrone &#8211; Ab CHF 246.50\"}]},{\"@type\":\"WebSite\",\"@id\":\"https:\/\/www.swissraft.ch\/de\/#website\",\"url\":\"https:\/\/www.swissraft.ch\/de\/\",\"name\":\"Swissraft\",\"description\":\"To enjoy nature as it is\",\"publisher\":{\"@id\":\"https:\/\/www.swissraft.ch\/de\/#organization\"},\"potentialAction\":[{\"@type\":\"SearchAction\",\"target\":{\"@type\":\"EntryPoint\",\"urlTemplate\":\"https:\/\/www.swissraft.ch\/de\/?s={search_term_string}\"},\"query-input\":{\"@type\":\"PropertyValueSpecification\",\"valueRequired\":true,\"valueName\":\"search_term_string\"}}],\"inLanguage\":\"de\"},{\"@type\":\"Organization\",\"@id\":\"https:\/\/www.swissraft.ch\/de\/#organization\",\"name\":\"Swissraft\",\"url\":\"https:\/\/www.swissraft.ch\/de\/\",\"logo\":{\"@type\":\"ImageObject\",\"inLanguage\":\"de\",\"@id\":\"https:\/\/www.swissraft.ch\/de\/#\/schema\/logo\/image\/\",\"url\":\"https:\/\/www.swissraft.ch\/wp-content\/uploads\/2025\/09\/Capture.jpg\",\"contentUrl\":\"https:\/\/www.swissraft.ch\/wp-content\/uploads\/2025\/09\/Capture.jpg\",\"width\":293,\"height\":108,\"caption\":\"Swissraft\"},\"image\":{\"@id\":\"https:\/\/www.swissraft.ch\/de\/#\/schema\/logo\/image\/\"}}]}<\/script>\n<!-- \/ Yoast SEO plugin. -->","yoast_head_json":{"title":"Boggera- und Pontirone-Schluchten im Tessin mit Abseilen von 80 m H\u00f6he","description":"Die Schluchten Boggera und Pontirone im Tessin. Die Kombination dieser beiden Schluchten macht sie zu einem der attraktivsten Tage f\u00fcr Canyoning.","robots":{"index":"index","follow":"follow","max-snippet":"max-snippet:-1","max-image-preview":"max-image-preview:large","max-video-preview":"max-video-preview:-1"},"canonical":"https:\/\/www.swissraft.ch\/de\/produkt\/canyoning-tessin-boggera-pontirone\/","og_locale":"de_DE","og_type":"article","og_title":"Boggera- und Pontirone-Schluchten im Tessin mit Abseilen von 80 m H\u00f6he","og_description":"Die Schluchten Boggera und Pontirone im Tessin. Die Kombination dieser beiden Schluchten macht sie zu einem der attraktivsten Tage f\u00fcr Canyoning.","og_url":"https:\/\/www.swissraft.ch\/de\/produkt\/canyoning-tessin-boggera-pontirone\/","og_site_name":"Swissraft","article_modified_time":"2026-04-09T21:42:47+00:00","og_image":[{"width":776,"height":776,"url":"https:\/\/www.swissraft.ch\/wp-content\/uploads\/2023\/02\/1-Boggera-Pontirone-776x776-1.jpg","type":"image\/jpeg"}],"twitter_card":"summary_large_image","twitter_misc":{"Gesch\u00e4tzte Lesezeit":"1\u00a0Minute"},"schema":{"@context":"https:\/\/schema.org","@graph":[{"@type":"WebPage","@id":"https:\/\/www.swissraft.ch\/de\/produkt\/canyoning-tessin-boggera-pontirone\/","url":"https:\/\/www.swissraft.ch\/de\/produkt\/canyoning-tessin-boggera-pontirone\/","name":"Boggera- und Pontirone-Schluchten im Tessin mit Abseilen von 80 m H\u00f6he","isPartOf":{"@id":"https:\/\/www.swissraft.ch\/de\/#website"},"primaryImageOfPage":{"@id":"https:\/\/www.swissraft.ch\/de\/produkt\/canyoning-tessin-boggera-pontirone\/#primaryimage"},"image":{"@id":"https:\/\/www.swissraft.ch\/de\/produkt\/canyoning-tessin-boggera-pontirone\/#primaryimage"},"thumbnailUrl":"https:\/\/www.swissraft.ch\/wp-content\/uploads\/2023\/02\/1-Boggera-Pontirone-776x776-1.jpg","datePublished":"2023-02-19T13:16:34+00:00","dateModified":"2026-04-09T21:42:47+00:00","description":"Die Schluchten Boggera und Pontirone im Tessin. Die Kombination dieser beiden Schluchten macht sie zu einem der attraktivsten Tage f\u00fcr Canyoning.","breadcrumb":{"@id":"https:\/\/www.swissraft.ch\/de\/produkt\/canyoning-tessin-boggera-pontirone\/#breadcrumb"},"inLanguage":"de","potentialAction":[{"@type":"ReadAction","target":["https:\/\/www.swissraft.ch\/de\/produkt\/canyoning-tessin-boggera-pontirone\/"]}]},{"@type":"ImageObject","inLanguage":"de","@id":"https:\/\/www.swissraft.ch\/de\/produkt\/canyoning-tessin-boggera-pontirone\/#primaryimage","url":"https:\/\/www.swissraft.ch\/wp-content\/uploads\/2023\/02\/1-Boggera-Pontirone-776x776-1.jpg","contentUrl":"https:\/\/www.swissraft.ch\/wp-content\/uploads\/2023\/02\/1-Boggera-Pontirone-776x776-1.jpg","width":776,"height":776,"caption":"OLYMPUS DIGITAL CAMERA"},{"@type":"BreadcrumbList","@id":"https:\/\/www.swissraft.ch\/de\/produkt\/canyoning-tessin-boggera-pontirone\/#breadcrumb","itemListElement":[{"@type":"ListItem","position":1,"name":"Accueil","item":"https:\/\/www.swissraft.ch\/de\/"},{"@type":"ListItem","position":2,"name":"Shop","item":"https:\/\/www.swissraft.ch\/de\/shop\/"},{"@type":"ListItem","position":3,"name":"Canyoning im Tessin &#8211; Die Boggera + Die Pontrone &#8211; Ab CHF 246.50"}]},{"@type":"WebSite","@id":"https:\/\/www.swissraft.ch\/de\/#website","url":"https:\/\/www.swissraft.ch\/de\/","name":"Swissraft","description":"To enjoy nature as it is","publisher":{"@id":"https:\/\/www.swissraft.ch\/de\/#organization"},"potentialAction":[{"@type":"SearchAction","target":{"@type":"EntryPoint","urlTemplate":"https:\/\/www.swissraft.ch\/de\/?s={search_term_string}"},"query-input":{"@type":"PropertyValueSpecification","valueRequired":true,"valueName":"search_term_string"}}],"inLanguage":"de"},{"@type":"Organization","@id":"https:\/\/www.swissraft.ch\/de\/#organization","name":"Swissraft","url":"https:\/\/www.swissraft.ch\/de\/","logo":{"@type":"ImageObject","inLanguage":"de","@id":"https:\/\/www.swissraft.ch\/de\/#\/schema\/logo\/image\/","url":"https:\/\/www.swissraft.ch\/wp-content\/uploads\/2025\/09\/Capture.jpg","contentUrl":"https:\/\/www.swissraft.ch\/wp-content\/uploads\/2025\/09\/Capture.jpg","width":293,"height":108,"caption":"Swissraft"},"image":{"@id":"https:\/\/www.swissraft.ch\/de\/#\/schema\/logo\/image\/"}}]}},"_links":{"self":[{"href":"https:\/\/www.swissraft.ch\/de\/wp-json\/wp\/v2\/product\/91522","targetHints":{"allow":["GET"]}}],"collection":[{"href":"https:\/\/www.swissraft.ch\/de\/wp-json\/wp\/v2\/product"}],"about":[{"href":"https:\/\/www.swissraft.ch\/de\/wp-json\/wp\/v2\/types\/product"}],"replies":[{"embeddable":true,"href":"https:\/\/www.swissraft.ch\/de\/wp-json\/wp\/v2\/comments?post=91522"}],"version-history":[{"count":26,"href":"https:\/\/www.swissraft.ch\/de\/wp-json\/wp\/v2\/product\/91522\/revisions"}],"predecessor-version":[{"id":138724,"href":"https:\/\/www.swissraft.ch\/de\/wp-json\/wp\/v2\/product\/91522\/revisions\/138724"}],"wp:featuredmedia":[{"embeddable":true,"href":"https:\/\/www.swissraft.ch\/de\/wp-json\/wp\/v2\/media\/85252"}],"wp:attachment":[{"href":"https:\/\/www.swissraft.ch\/de\/wp-json\/wp\/v2\/media?parent=91522"}],"wp:term":[{"taxonomy":"product_cat","embeddable":true,"href":"https:\/\/www.swissraft.ch\/de\/wp-json\/wp\/v2\/product_cat?post=91522"},{"taxonomy":"product_tag","embeddable":true,"href":"https:\/\/www.swissraft.ch\/de\/wp-json\/wp\/v2\/product_tag?post=91522"}],"curies":[{"name":"wp","href":"https:\/\/api.w.org\/{rel}","templated":true}]}}