{"id":91521,"date":"2023-02-19T11:59:59","date_gmt":"2023-02-19T10:59:59","guid":{"rendered":"https:\/\/swissraft.xyanzkdne.eu\/product\/canyoning-im-oberland-bern-die-saxeten-ab-chf-134-10\/"},"modified":"2026-04-08T22:24:12","modified_gmt":"2026-04-08T20:24:12","slug":"canyoning-berner-oberland-saxeten","status":"publish","type":"product","link":"https:\/\/www.swissraft.ch\/de\/produkt\/canyoning-berner-oberland-saxeten\/","title":{"rendered":"Canyoning im Berner oberland &#8211; Die Saxeten &#8211; Ab CHF 143.10"},"content":{"rendered":"\t\t<div data-elementor-type=\"wp-post\" data-elementor-id=\"91521\" class=\"elementor elementor-91521 elementor-31051\">\n\t\t\t\t\t\t\t\t\t<section class=\"elementor-section elementor-top-section elementor-element elementor-element-3303a7e3 elementor-section-boxed elementor-section-height-default elementor-section-height-default\" data-id=\"3303a7e3\" data-element_type=\"section\">\n\t\t\t\t\t\t<div class=\"elementor-container elementor-column-gap-default\">\n\t\t\t\t\t<div class=\"elementor-column elementor-col-100 elementor-top-column elementor-element elementor-element-16d72dbf\" data-id=\"16d72dbf\" data-element_type=\"column\">\n\t\t\t<div class=\"elementor-widget-wrap elementor-element-populated\">\n\t\t\t\t\t\t\t\t<div class=\"elementor-element elementor-element-d743c03 elementor-widget elementor-widget-text-editor\" data-id=\"d743c03\" data-element_type=\"widget\" data-widget_type=\"text-editor.default\">\n\t\t\t\t<div class=\"elementor-widget-container\">\n\t\t\t\t\t\t\t<h2>W\u00c4HLEN SIE UNTEN IHRE AKTIVIT\u00c4T AUS, UM GESCHENKGUTSCHEINE \/ TICKETS ZU VERSCHENKEN ODER ZU BUCHEN<\/h2><table border=\"0\" width=\"580\" cellspacing=\"10\" cellpadding=\"10\"><tbody><tr><td width=\"50%\"><strong>CANYONING &#8211; SAXETEN + Getr\u00e4nk<\/strong><\/td><td><strong>CHF 159.00 pro Person<span class=\"productPrice\"><br \/><\/span><\/strong><\/td><\/tr><tr><td>Zus\u00e4tzliche Informationen<\/td><td><span class=\"patt\">&#8211; Ab 10 Pers. 10% : <strong>CHF 143.10<\/strong>\/Pers.<strong><br \/><\/strong>&#8211; Mindestalter : 12 Jahre<strong><br \/><\/strong><\/span><span class=\"patt\">&#8211; Sehr sonniger Canyon<\/span><\/td><\/tr><tr><td>Startzeiten<\/td><td>10:00 Uhr \/ 14:00 Uhr<\/td><\/tr><tr><td>Canyoning<\/td><td>ca. 1,5 Std.<\/td><\/tr><tr><td>Gesamtdauer<\/td><td>ca. 3 Std.<\/td><\/tr><tr><td>Treffpunkt<\/td><td><span style=\"color: #ff6600;\"><a href=\"https:\/\/www.google.com\/maps\/place\/46%C2%B041'26.0%22N+7%C2%B052'08.0%22E\/@46.690666,7.8665071,387m\/data=!3m1!1e3!4m4!3m3!8m2!3d46.6905556!4d7.8688889?entry=ttu&amp;g_ep=EgoyMDI1MDEyMi4wIKXMDSoASAFQAw%3D%3D\" target=\"_blank\" rel=\"noopener\">Bahnhof Ost Interlaken<\/a><\/span><\/td><\/tr><tr><td>Schwierigkeitsgrad<\/td><td>Stufe 1<\/td><\/tr><tr><td><button class=\"elementor-button\" type=\"button\"><a href=\"https:\/\/swissraft.outdoorbooking.ch\/fo\/products\/2146?base_id=89&amp;category_id=2&amp;order_type=gift_voucher&amp;lang=fr\" target=\"_blank\" rel=\"noopener\">GUTSCHEIN \/ TICKET KAUFEN<\/a><\/button><\/td><td><strong><span style=\"color: #ff6600;\"><a href=\"https:\/\/swissraft.outdoorbooking.ch\/fo\/products\/2146?base_id=89&amp;category_id=1&amp;order_type=event&amp;lang=fr\" target=\"_blank\" rel=\"noopener\">RESERVIEREN SIE EIN DATUM<\/a><\/span>\u00a0 CHF 159.00<\/strong>\/Pers.<span style=\"color: #ff6600;\"><br \/><\/span><\/td><\/tr><tr><td><a href=\"https:\/\/swissraft.outdoorbooking.ch\/fo\/products\/2147?base_id=89&amp;category_id=2&amp;order_type=gift_voucher&amp;lang=fr\" target=\"_blank\" rel=\"noopener\"><button class=\"elementor-button\" type=\"button\">GUTSCHEIN \/ TICKET KAUFEN<\/button><\/a><\/td><td><strong><span style=\"color: #ff6600;\"><a href=\"https:\/\/swissraft.outdoorbooking.ch\/fo\/products\/2147?base_id=89&amp;category_id=2&amp;order_type=event&amp;lang=fr\" target=\"_blank\" rel=\"noopener\">RESERVIEREN SIE EIN DATUM<\/a><\/span>\u00a0 CHF 1&#8217;690.00<\/strong>\/PRIVATE TOUR (1-12 Pers.)<\/td><\/tr><\/tbody><\/table>\t\t\t\t\t\t<\/div>\n\t\t\t\t<\/div>\n\t\t\t\t\t<\/div>\n\t\t<\/div>\n\t\t\t\t\t\t\t<\/div>\n\t\t<\/section>\n\t\t\t\t<section class=\"elementor-section elementor-top-section elementor-element elementor-element-563b14b elementor-section-boxed elementor-section-height-default elementor-section-height-default\" data-id=\"563b14b\" data-element_type=\"section\">\n\t\t\t\t\t\t<div class=\"elementor-container elementor-column-gap-default\">\n\t\t\t\t\t<div class=\"elementor-column elementor-col-100 elementor-top-column elementor-element elementor-element-62045c2\" data-id=\"62045c2\" data-element_type=\"column\">\n\t\t\t<div class=\"elementor-widget-wrap elementor-element-populated\">\n\t\t\t\t\t\t\t\t<div class=\"elementor-element elementor-element-a62578d elementor-widget elementor-widget-text-editor\" data-id=\"a62578d\" data-element_type=\"widget\" data-widget_type=\"text-editor.default\">\n\t\t\t\t<div class=\"elementor-widget-container\">\n\t\t\t\t\t\t\t<h2>W\u00c4HLEN SIE UNTEN IHRE AKTIVIT\u00c4T AUS, UM GESCHENKGUTSCHEINE \/ TICKETS ZU VERSCHENKEN ODER ZU BUCHEN.<\/h2><\/p>\n\t\t\t\t\t\t<\/div>\n\t\t\t\t<\/div>\n\t\t\t\t\t<\/div>\n\t\t<\/div>\n\t\t\t\t\t\t\t<\/div>\n\t\t<\/section>\n\t\t\t\t\t\t\t<\/div>\n\t\t","protected":false},"excerpt":{"rendered":"<div align=\"justify\">\n<h2 align=\"justify\">Saxeten Canyon in Interlaken. Canyoning in der Saxeten im Berner Oberland, ein Canyon f\u00fcr alle <\/h2>\n<h3>Saxeten Canyon in Interlaken. Der Saxeten Canyon liegt in der N\u00e4he von Interlaken <\/h3>\n<\/div>\n<div align=\"justify\">\n<p>Der Saxetenbach <strong>Canyon<\/strong> in der N\u00e4he von Interlaken im Berner Oberland bietet eine interessante Kombination aus Abseilen, Spr\u00fcngen und Rutschen. Dies ist der ideale Kurs f\u00fcr diejenigen, die diese sportliche und aufregende Aktivit\u00e4t entdecken m\u00f6chten.<\/p>\n<h3>Andere Canyons als der Saxeten im Berner Oberland warten auf Sie<\/h3>\n<p id=\"textarea\" style=\"display: none;\">\nZum einen der Grimsel und zum anderen der Chli Schliere, ebenfalls im Berner Oberland. Im Wallis die <strong>Canyons<\/strong> wie Massa oder Gondo und andere. Swissraft bietet auch den <strong>Canyon<\/strong> von La Torneresse in Richtung Col des Mosses an. Aber auch der Canyon von La Tine de Montbovon in Greyerzerland. Dasselbe gilt f\u00fcr das Tessin mit mehreren spektakul\u00e4ren <strong>Schluchten<\/strong> mit unterschiedlichen Schwierigkeitsgraden. Au\u00dferdem k\u00f6nnen Sie den Amden Canyon mit seinem Highlight, dem Abseilen von 40 m \u00fcber einen Damm, begehen. In Graub\u00fcnden k\u00f6nnen Sie die Viamala-Schlucht mit ihren \u00fcber 150 m hohen W\u00e4nden besuchen.\n<\/p>\n<p><a id=\"seeMore\" onclick=\"toggleSeeMore()\" href=\"javascript:void(0);\">Lesen Sie mehr<\/a><\/p>\n","protected":false},"featured_media":85039,"comment_status":"open","ping_status":"closed","template":"","meta":{"inline_featured_image":false,"_mi_skip_tracking":false},"product_cat":[341,320],"product_tag":[],"class_list":["post-91521","product","type-product","status-publish","has-post-thumbnail","hentry","product_cat-canyoning-berner-oberland","product_cat-canyoning-in-der-schweiz-und-umgebung"],"yoast_head":"<!-- This site is optimized with the Yoast SEO plugin v23.6 - https:\/\/yoast.com\/wordpress\/plugins\/seo\/ -->\n<title>Canyoning im Saxeten bei Interlaken im Berner Oberland<\/title>\n<meta name=\"description\" content=\"Canyoning im Saxeten in Interlaken. Dieser Canyon bietet eine Kombination aus Abseilen, Spr\u00fcngen und Rutschen. Dies ist der ideale Weg, um das Canyoning zu entdecken.\" \/>\n<meta name=\"robots\" content=\"index, follow, max-snippet:-1, max-image-preview:large, max-video-preview:-1\" \/>\n<link rel=\"canonical\" href=\"https:\/\/www.swissraft.ch\/de\/produkt\/canyoning-berner-oberland-saxeten\/\" \/>\n<meta property=\"og:locale\" content=\"de_DE\" \/>\n<meta property=\"og:type\" content=\"article\" \/>\n<meta property=\"og:title\" content=\"Canyoning im Saxeten bei Interlaken im Berner Oberland\" \/>\n<meta property=\"og:description\" content=\"Canyoning im Saxeten in Interlaken. Dieser Canyon bietet eine Kombination aus Abseilen, Spr\u00fcngen und Rutschen. Dies ist der ideale Weg, um das Canyoning zu entdecken.\" \/>\n<meta property=\"og:url\" content=\"https:\/\/www.swissraft.ch\/de\/produkt\/canyoning-berner-oberland-saxeten\/\" \/>\n<meta property=\"og:site_name\" content=\"Swissraft\" \/>\n<meta property=\"article:modified_time\" content=\"2026-04-08T20:24:12+00:00\" \/>\n<meta property=\"og:image\" content=\"https:\/\/www.swissraft.ch\/wp-content\/uploads\/2023\/02\/1-Saxeten-776x776-2.jpg\" \/>\n\t<meta property=\"og:image:width\" content=\"776\" \/>\n\t<meta property=\"og:image:height\" content=\"776\" \/>\n\t<meta property=\"og:image:type\" content=\"image\/jpeg\" \/>\n<meta name=\"twitter:card\" content=\"summary_large_image\" \/>\n<meta name=\"twitter:label1\" content=\"Gesch\u00e4tzte Lesezeit\" \/>\n\t<meta name=\"twitter:data1\" content=\"1\u00a0Minute\" \/>\n<script type=\"application\/ld+json\" class=\"yoast-schema-graph\">{\"@context\":\"https:\/\/schema.org\",\"@graph\":[{\"@type\":\"WebPage\",\"@id\":\"https:\/\/www.swissraft.ch\/de\/produkt\/canyoning-berner-oberland-saxeten\/\",\"url\":\"https:\/\/www.swissraft.ch\/de\/produkt\/canyoning-berner-oberland-saxeten\/\",\"name\":\"Canyoning im Saxeten bei Interlaken im Berner Oberland\",\"isPartOf\":{\"@id\":\"https:\/\/www.swissraft.ch\/de\/#website\"},\"primaryImageOfPage\":{\"@id\":\"https:\/\/www.swissraft.ch\/de\/produkt\/canyoning-berner-oberland-saxeten\/#primaryimage\"},\"image\":{\"@id\":\"https:\/\/www.swissraft.ch\/de\/produkt\/canyoning-berner-oberland-saxeten\/#primaryimage\"},\"thumbnailUrl\":\"https:\/\/www.swissraft.ch\/wp-content\/uploads\/2023\/02\/1-Saxeten-776x776-2.jpg\",\"datePublished\":\"2023-02-19T10:59:59+00:00\",\"dateModified\":\"2026-04-08T20:24:12+00:00\",\"description\":\"Canyoning im Saxeten in Interlaken. Dieser Canyon bietet eine Kombination aus Abseilen, Spr\u00fcngen und Rutschen. Dies ist der ideale Weg, um das Canyoning zu entdecken.\",\"breadcrumb\":{\"@id\":\"https:\/\/www.swissraft.ch\/de\/produkt\/canyoning-berner-oberland-saxeten\/#breadcrumb\"},\"inLanguage\":\"de\",\"potentialAction\":[{\"@type\":\"ReadAction\",\"target\":[\"https:\/\/www.swissraft.ch\/de\/produkt\/canyoning-berner-oberland-saxeten\/\"]}]},{\"@type\":\"ImageObject\",\"inLanguage\":\"de\",\"@id\":\"https:\/\/www.swissraft.ch\/de\/produkt\/canyoning-berner-oberland-saxeten\/#primaryimage\",\"url\":\"https:\/\/www.swissraft.ch\/wp-content\/uploads\/2023\/02\/1-Saxeten-776x776-2.jpg\",\"contentUrl\":\"https:\/\/www.swissraft.ch\/wp-content\/uploads\/2023\/02\/1-Saxeten-776x776-2.jpg\",\"width\":776,\"height\":776,\"caption\":\"Saxeten Canyon in Interlaken\"},{\"@type\":\"BreadcrumbList\",\"@id\":\"https:\/\/www.swissraft.ch\/de\/produkt\/canyoning-berner-oberland-saxeten\/#breadcrumb\",\"itemListElement\":[{\"@type\":\"ListItem\",\"position\":1,\"name\":\"Accueil\",\"item\":\"https:\/\/www.swissraft.ch\/de\/\"},{\"@type\":\"ListItem\",\"position\":2,\"name\":\"Shop\",\"item\":\"https:\/\/www.swissraft.ch\/de\/shop\/\"},{\"@type\":\"ListItem\",\"position\":3,\"name\":\"Canyoning im Berner oberland &#8211; Die Saxeten &#8211; Ab CHF 143.10\"}]},{\"@type\":\"WebSite\",\"@id\":\"https:\/\/www.swissraft.ch\/de\/#website\",\"url\":\"https:\/\/www.swissraft.ch\/de\/\",\"name\":\"Swissraft\",\"description\":\"To enjoy nature as it is\",\"publisher\":{\"@id\":\"https:\/\/www.swissraft.ch\/de\/#organization\"},\"potentialAction\":[{\"@type\":\"SearchAction\",\"target\":{\"@type\":\"EntryPoint\",\"urlTemplate\":\"https:\/\/www.swissraft.ch\/de\/?s={search_term_string}\"},\"query-input\":{\"@type\":\"PropertyValueSpecification\",\"valueRequired\":true,\"valueName\":\"search_term_string\"}}],\"inLanguage\":\"de\"},{\"@type\":\"Organization\",\"@id\":\"https:\/\/www.swissraft.ch\/de\/#organization\",\"name\":\"Swissraft\",\"url\":\"https:\/\/www.swissraft.ch\/de\/\",\"logo\":{\"@type\":\"ImageObject\",\"inLanguage\":\"de\",\"@id\":\"https:\/\/www.swissraft.ch\/de\/#\/schema\/logo\/image\/\",\"url\":\"https:\/\/www.swissraft.ch\/wp-content\/uploads\/2025\/09\/Capture.jpg\",\"contentUrl\":\"https:\/\/www.swissraft.ch\/wp-content\/uploads\/2025\/09\/Capture.jpg\",\"width\":293,\"height\":108,\"caption\":\"Swissraft\"},\"image\":{\"@id\":\"https:\/\/www.swissraft.ch\/de\/#\/schema\/logo\/image\/\"}}]}<\/script>\n<!-- \/ Yoast SEO plugin. -->","yoast_head_json":{"title":"Canyoning im Saxeten bei Interlaken im Berner Oberland","description":"Canyoning im Saxeten in Interlaken. Dieser Canyon bietet eine Kombination aus Abseilen, Spr\u00fcngen und Rutschen. Dies ist der ideale Weg, um das Canyoning zu entdecken.","robots":{"index":"index","follow":"follow","max-snippet":"max-snippet:-1","max-image-preview":"max-image-preview:large","max-video-preview":"max-video-preview:-1"},"canonical":"https:\/\/www.swissraft.ch\/de\/produkt\/canyoning-berner-oberland-saxeten\/","og_locale":"de_DE","og_type":"article","og_title":"Canyoning im Saxeten bei Interlaken im Berner Oberland","og_description":"Canyoning im Saxeten in Interlaken. Dieser Canyon bietet eine Kombination aus Abseilen, Spr\u00fcngen und Rutschen. Dies ist der ideale Weg, um das Canyoning zu entdecken.","og_url":"https:\/\/www.swissraft.ch\/de\/produkt\/canyoning-berner-oberland-saxeten\/","og_site_name":"Swissraft","article_modified_time":"2026-04-08T20:24:12+00:00","og_image":[{"width":776,"height":776,"url":"https:\/\/www.swissraft.ch\/wp-content\/uploads\/2023\/02\/1-Saxeten-776x776-2.jpg","type":"image\/jpeg"}],"twitter_card":"summary_large_image","twitter_misc":{"Gesch\u00e4tzte Lesezeit":"1\u00a0Minute"},"schema":{"@context":"https:\/\/schema.org","@graph":[{"@type":"WebPage","@id":"https:\/\/www.swissraft.ch\/de\/produkt\/canyoning-berner-oberland-saxeten\/","url":"https:\/\/www.swissraft.ch\/de\/produkt\/canyoning-berner-oberland-saxeten\/","name":"Canyoning im Saxeten bei Interlaken im Berner Oberland","isPartOf":{"@id":"https:\/\/www.swissraft.ch\/de\/#website"},"primaryImageOfPage":{"@id":"https:\/\/www.swissraft.ch\/de\/produkt\/canyoning-berner-oberland-saxeten\/#primaryimage"},"image":{"@id":"https:\/\/www.swissraft.ch\/de\/produkt\/canyoning-berner-oberland-saxeten\/#primaryimage"},"thumbnailUrl":"https:\/\/www.swissraft.ch\/wp-content\/uploads\/2023\/02\/1-Saxeten-776x776-2.jpg","datePublished":"2023-02-19T10:59:59+00:00","dateModified":"2026-04-08T20:24:12+00:00","description":"Canyoning im Saxeten in Interlaken. Dieser Canyon bietet eine Kombination aus Abseilen, Spr\u00fcngen und Rutschen. Dies ist der ideale Weg, um das Canyoning zu entdecken.","breadcrumb":{"@id":"https:\/\/www.swissraft.ch\/de\/produkt\/canyoning-berner-oberland-saxeten\/#breadcrumb"},"inLanguage":"de","potentialAction":[{"@type":"ReadAction","target":["https:\/\/www.swissraft.ch\/de\/produkt\/canyoning-berner-oberland-saxeten\/"]}]},{"@type":"ImageObject","inLanguage":"de","@id":"https:\/\/www.swissraft.ch\/de\/produkt\/canyoning-berner-oberland-saxeten\/#primaryimage","url":"https:\/\/www.swissraft.ch\/wp-content\/uploads\/2023\/02\/1-Saxeten-776x776-2.jpg","contentUrl":"https:\/\/www.swissraft.ch\/wp-content\/uploads\/2023\/02\/1-Saxeten-776x776-2.jpg","width":776,"height":776,"caption":"Saxeten Canyon in Interlaken"},{"@type":"BreadcrumbList","@id":"https:\/\/www.swissraft.ch\/de\/produkt\/canyoning-berner-oberland-saxeten\/#breadcrumb","itemListElement":[{"@type":"ListItem","position":1,"name":"Accueil","item":"https:\/\/www.swissraft.ch\/de\/"},{"@type":"ListItem","position":2,"name":"Shop","item":"https:\/\/www.swissraft.ch\/de\/shop\/"},{"@type":"ListItem","position":3,"name":"Canyoning im Berner oberland &#8211; Die Saxeten &#8211; Ab CHF 143.10"}]},{"@type":"WebSite","@id":"https:\/\/www.swissraft.ch\/de\/#website","url":"https:\/\/www.swissraft.ch\/de\/","name":"Swissraft","description":"To enjoy nature as it is","publisher":{"@id":"https:\/\/www.swissraft.ch\/de\/#organization"},"potentialAction":[{"@type":"SearchAction","target":{"@type":"EntryPoint","urlTemplate":"https:\/\/www.swissraft.ch\/de\/?s={search_term_string}"},"query-input":{"@type":"PropertyValueSpecification","valueRequired":true,"valueName":"search_term_string"}}],"inLanguage":"de"},{"@type":"Organization","@id":"https:\/\/www.swissraft.ch\/de\/#organization","name":"Swissraft","url":"https:\/\/www.swissraft.ch\/de\/","logo":{"@type":"ImageObject","inLanguage":"de","@id":"https:\/\/www.swissraft.ch\/de\/#\/schema\/logo\/image\/","url":"https:\/\/www.swissraft.ch\/wp-content\/uploads\/2025\/09\/Capture.jpg","contentUrl":"https:\/\/www.swissraft.ch\/wp-content\/uploads\/2025\/09\/Capture.jpg","width":293,"height":108,"caption":"Swissraft"},"image":{"@id":"https:\/\/www.swissraft.ch\/de\/#\/schema\/logo\/image\/"}}]}},"_links":{"self":[{"href":"https:\/\/www.swissraft.ch\/de\/wp-json\/wp\/v2\/product\/91521","targetHints":{"allow":["GET"]}}],"collection":[{"href":"https:\/\/www.swissraft.ch\/de\/wp-json\/wp\/v2\/product"}],"about":[{"href":"https:\/\/www.swissraft.ch\/de\/wp-json\/wp\/v2\/types\/product"}],"replies":[{"embeddable":true,"href":"https:\/\/www.swissraft.ch\/de\/wp-json\/wp\/v2\/comments?post=91521"}],"version-history":[{"count":27,"href":"https:\/\/www.swissraft.ch\/de\/wp-json\/wp\/v2\/product\/91521\/revisions"}],"predecessor-version":[{"id":138132,"href":"https:\/\/www.swissraft.ch\/de\/wp-json\/wp\/v2\/product\/91521\/revisions\/138132"}],"wp:featuredmedia":[{"embeddable":true,"href":"https:\/\/www.swissraft.ch\/de\/wp-json\/wp\/v2\/media\/85039"}],"wp:attachment":[{"href":"https:\/\/www.swissraft.ch\/de\/wp-json\/wp\/v2\/media?parent=91521"}],"wp:term":[{"taxonomy":"product_cat","embeddable":true,"href":"https:\/\/www.swissraft.ch\/de\/wp-json\/wp\/v2\/product_cat?post=91521"},{"taxonomy":"product_tag","embeddable":true,"href":"https:\/\/www.swissraft.ch\/de\/wp-json\/wp\/v2\/product_tag?post=91521"}],"curies":[{"name":"wp","href":"https:\/\/api.w.org\/{rel}","templated":true}]}}