{"id":91517,"date":"2023-02-19T14:00:32","date_gmt":"2023-02-19T13:00:32","guid":{"rendered":"https:\/\/swissraft.xyanzkdne.eu\/product\/canyoning-in-tessin-die-boggera-ab-chf-119-00\/"},"modified":"2026-04-09T23:02:41","modified_gmt":"2026-04-09T21:02:41","slug":"canyoning-tessin-boggera","status":"publish","type":"product","link":"https:\/\/www.swissraft.ch\/de\/produkt\/canyoning-tessin-boggera\/","title":{"rendered":"Canyoning im Tessin &#8211; Die Boggera &#8211; Ab CHF 119.00"},"content":{"rendered":"\t\t<div data-elementor-type=\"wp-post\" data-elementor-id=\"91517\" class=\"elementor elementor-91517 elementor-31073\">\n\t\t\t\t\t\t\t\t\t<section class=\"elementor-section elementor-top-section elementor-element elementor-element-3303a7e3 elementor-section-boxed elementor-section-height-default elementor-section-height-default\" data-id=\"3303a7e3\" data-element_type=\"section\">\n\t\t\t\t\t\t<div class=\"elementor-container elementor-column-gap-default\">\n\t\t\t\t\t<div class=\"elementor-column elementor-col-100 elementor-top-column elementor-element elementor-element-16d72dbf\" data-id=\"16d72dbf\" data-element_type=\"column\">\n\t\t\t<div class=\"elementor-widget-wrap elementor-element-populated\">\n\t\t\t\t\t\t\t\t<div class=\"elementor-element elementor-element-d743c03 elementor-widget elementor-widget-text-editor\" data-id=\"d743c03\" data-element_type=\"widget\" data-widget_type=\"text-editor.default\">\n\t\t\t\t<div class=\"elementor-widget-container\">\n\t\t\t\t\t\t\t<h2>W\u00c4HLEN SIE UNTEN IHRE AKTIVIT\u00c4T AUS, UM GESCHENKGUTSCHEINE \/ TICKETS ZU VERSCHENKEN ODER ZU BUCHEN<\/h2><table border=\"0\" width=\"580\" cellspacing=\"10\" cellpadding=\"10\"><tbody><tr><td width=\"50%\"><strong>1) CANYONING &#8211; BOGGERA &#8211; FAMILY + Aperitif<\/strong><\/td><td><strong>CHF 140.00 pro Person<span class=\"productPrice\"><br \/><\/span><\/strong><\/td><\/tr><tr><td>Zus\u00e4tzliche Informationen<\/td><td>&#8211; <span class=\"plbl\"> Schulpreis : <span class=\"patt\"><strong>CHF 110.00<\/strong>\/Pers. ab 12 j\u00e4hrig m\u00f6glich\u00a0<\/span><br \/><\/span> &#8211; <span class=\"plbl\">Jugendpreis <\/span>: <span class=\"patt\"><strong>CHF 120.00<\/strong>\/Pers. bis 17 j\u00e4hrig<br \/><\/span><span class=\"plbl\">&#8211; <\/span><span class=\"patt\">Ab 11 Pers. 10% : <strong>CHF 126.00<\/strong>\/Pers.<br \/>&#8211; Ab 21 Pers. 15% : <strong>CHF 119.00<\/strong>\/Pers.<br \/><\/span><span class=\"plbl\">&#8211; Keine zus\u00e4tzlichen Rabatt auf Schul- und Jugendtarife<br \/>&#8211; Mindestalter : 8 j\u00e4hrig<br \/>&#8211; <\/span><span class=\"patt\">Sehr sonniger Canyon<\/span><\/td><\/tr><tr><td>Startzeiten<\/td><td>09:00 Uhr \/ 10:00 Uhr \/ 14:00 Uhr<\/td><\/tr><tr><td>Canyoning<\/td><td>ca. 2 Std.<\/td><\/tr><tr><td>Gesamtdauer<\/td><td>ca. 3,5 Std.<\/td><\/tr><tr><td>Treffpunkt<\/td><td><a href=\"https:\/\/www.google.com\/maps\/place\/46%C2%B017'57.9%22N+8%C2%B059'38.9%22E\/@46.2996539,8.9896757,780m\/data=!3m1!1e3!4m4!3m3!8m2!3d46.2994167!4d8.9941389?entry=ttu\" target=\"_blank\" rel=\"noopener\">Cresciano Stazione<\/a><\/td><\/tr><tr><td>Schwierigkeitsgrad<\/td><td>1<\/td><\/tr><tr><td><button class=\"elementor-button\" type=\"button\"><a href=\"https:\/\/swissraft.outdoorbooking.ch\/fo\/products\/630?base_id=71&amp;category_id=2&amp;order_type=gift_voucher&amp;lang=de\" target=\"_blank\" rel=\"noopener\">GUTSCHEIN \/ TICKET KAUFEN<\/a><\/button><\/td><td style=\"text-align: left;\"><span style=\"color: #ff6600;\"><a href=\"https:\/\/swissraft.outdoorbooking.ch\/fo\/products\/630?base_id=71&amp;category_id=2&amp;order_type=event&amp;lang=de\" target=\"_blank\" rel=\"noopener\">RESERVIEREN SIE EIN DATUM<\/a><\/span><\/td><\/tr><\/tbody><\/table><table border=\"0\" width=\"580\" cellspacing=\"10\" cellpadding=\"10\"><tbody><tr><td width=\"50%\"><strong>2) CANYONING &#8211; BOGGERA + Aperitif<\/strong><\/td><td><strong>CHF 160.00 pro Person<span class=\"productPrice\"><br \/><\/span><\/strong><\/td><\/tr><tr><td>Weitere Informationen<\/td><td>&#8211; <span class=\"plbl\"> Schulpreis : <span class=\"patt\"><strong>CHF 130.00<\/strong>\/Pers. ab 12 j\u00e4hrig m\u00f6glich\u00a0<\/span><br \/><\/span> &#8211; <span class=\"plbl\">Jugendpreis <\/span>: <span class=\"patt\"><strong>CHF 140.00<\/strong>\/Pers. bis 17 j\u00e4hrig<br \/><\/span><span class=\"plbl\">&#8211; An<\/span><span class=\"patt\"> ab 11 Pers. 10% : <strong>CHF 144.00<\/strong>\/Pers. <br \/>&#8211; Ab 21 Pers. 15% : <strong>CHF 136.00<\/strong>\/Pers.<br \/><\/span><span class=\"plbl\">&#8211; Keine zus\u00e4tzlichen Rabatt auf Schul- und Jugendtarife<br \/>&#8211; Mindestalter : 12 j\u00e4hrig<br \/>&#8211; <\/span><span class=\"patt\">Sehr sonniger Canyon<\/span><\/td><\/tr><tr><td>Startzeiten<\/td><td>09:00 Uhr \/ 10:00 Uhr \/ 14:00 Uhr<\/td><\/tr><tr><td>Canyoning<\/td><td>ca. 2,5 Std.<\/td><\/tr><tr><td>Gesamtdauer<\/td><td>ca. 4 Std.<\/td><\/tr><tr><td>Treffpunkt<\/td><td><a href=\"https:\/\/www.google.com\/maps\/place\/46%C2%B017'57.9%22N+8%C2%B059'38.9%22E\/@46.2996539,8.9896757,780m\/data=!3m1!1e3!4m4!3m3!8m2!3d46.2994167!4d8.9941389?entry=ttu\" target=\"_blank\" rel=\"noopener\">Cresciano Stazione<\/a><\/td><\/tr><tr><td>Schwierigkeitsgrad<\/td><td>2<\/td><\/tr><tr><td><button class=\"elementor-button\" type=\"button\"><a href=\"https:\/\/swissraft.outdoorbooking.ch\/fo\/products\/632?base_id=71&amp;category_id=2&amp;order_type=gift_voucher&amp;lang=de\" target=\"_blank\" rel=\"noopener\">GUTSCHEIN\/ TICKET KAUFEN<\/a><\/button><\/td><td><span style=\"color: #ff6600;\"><a href=\"https:\/\/swissraft.outdoorbooking.ch\/fo\/products\/632?base_id=71&amp;category_id=2&amp;order_type=event&amp;lang=de\" target=\"_blank\" rel=\"noopener\">RESERVIEREN SIE EIN DATUM<\/a><\/span><\/td><\/tr><\/tbody><\/table><table border=\"0\" width=\"580\" cellspacing=\"10\" cellpadding=\"10\"><tbody><tr><td width=\"50%\"><strong>3) CANYONING &#8211; BOGGERA PLUS &#8211; Tagestour + Imbiss<\/strong><\/td><td><strong>CHF 190.00 pro Person<span class=\"productPrice\"><br \/><\/span><\/strong><\/td><\/tr><tr><td>Weitere Informationen<\/td><td>&#8211; <span class=\"plbl\"> Schulpreis <\/span>: <span class=\"patt\"><strong>CHF 160.0<\/strong>0\/pers. ab 16 j\u00e4hrig m\u00f6glich<br \/><\/span> &#8211; <span class=\"patt\"><span class=\"plbl\"> Jugendpreis <\/span>: <strong>CHF 165.00<\/strong>\/pers. bis 17 j\u00e4hrig<br \/><\/span><span class=\"plbl\">&#8211; A<\/span><span class=\"patt\">b 11 Pers. 10% : <strong>CHF 171<\/strong>\/Pers. <br \/><\/span><span class=\"patt\">&#8211; Ab 21 Pers. 15% : <strong>CHF 161.50<\/strong>\/Pers. <strong><br \/><\/strong>&#8211; Mindestalter : 14 j\u00e4hrig<br \/>&#8211; <\/span><span class=\"patt\">Sehr sonniger Canyon<\/span><\/td><\/tr><tr><td>Startzeiten<\/td><td>09:00 \/ 10:00 Uhr<\/td><\/tr><tr><td>Canyoning<\/td><td>ca. 3,5 Std.<\/td><\/tr><tr><td>Gesamtdauer<\/td><td>ca. 5 Std.<\/td><\/tr><tr><td>Treffpunkt<\/td><td><a href=\"https:\/\/www.google.com\/maps\/place\/46%C2%B017'57.9%22N+8%C2%B059'38.9%22E\/@46.2996539,8.9896757,780m\/data=!3m1!1e3!4m4!3m3!8m2!3d46.2994167!4d8.9941389?entry=ttu\" target=\"_blank\" rel=\"noopener\">Cresciano Stazione<\/a><\/td><\/tr><tr><td>Schwierigkeit<\/td><td>2-3<\/td><\/tr><tr><td><button class=\"elementor-button\" type=\"button\"><a href=\"https:\/\/swissraft.outdoorbooking.ch\/fo\/products\/633?base_id=71&amp;category_id=2&amp;order_type=gift_voucher&amp;lang=de\" target=\"_blank\" rel=\"noopener\">GUTSCHEIN \/ TICKET KAUFEN<\/a><\/button><\/td><td><span style=\"color: #ff6600;\"><a href=\"https:\/\/swissraft.outdoorbooking.ch\/fo\/products\/633?base_id=71&amp;category_id=2&amp;order_type=event&amp;lang=de\" target=\"_blank\" rel=\"noopener\">RESERVIEREN SIE EIN DATUM<\/a><\/span><\/td><\/tr><\/tbody><\/table><table border=\"0\" width=\"580\" cellspacing=\"10\" cellpadding=\"10\"><tbody><tr><td width=\"50%\"><strong>4) CANYONING BOGGERA + PONTIRONE COMBI -Tagestour + Imbiss<\/strong><\/td><td><strong>CHF 290 pro Person<span class=\"productPrice\"><br \/><\/span><\/strong><\/td><\/tr><tr><td>gendeitere Informationen<\/td><td><span class=\"patt\">&#8211; Maximum 8 Teilnehmer<br \/>&#8211; <span class=\"plbl\"> Ab <\/span>11 Pers. 10% : <strong>CHF 261.00<\/strong>\/Pers.<br \/>&#8211; Ab 21 Pers. 15% : <strong>CHF 246.50<\/strong>\/Pers.<strong><br \/><\/strong>&#8211; Mindestalter : 16 j\u00e4hrig<br \/><\/span><span class=\"plbl\">&#8211; <\/span><span class=\"patt\">Sehr sonnige Canyon<\/span><\/td><\/tr><tr><td>Startzeiten<\/td><td>09:00 \/ 10:00 Uhr<\/td><\/tr><tr><td>Canyoning<\/td><td>ca. 3,5 Std.<\/td><\/tr><tr><td>Gesamtdauer<\/td><td>ca. 8 Std.<\/td><\/tr><tr><td>Treffpunkt<\/td><td><a href=\"https:\/\/www.google.com\/maps\/place\/46%C2%B017'57.9%22N+8%C2%B059'38.9%22E\/@46.2996539,8.9896757,780m\/data=!3m1!1e3!4m4!3m3!8m2!3d46.2994167!4d8.9941389?entry=ttu\" target=\"_blank\" rel=\"noopener\">Cresciano Stazione<\/a><\/td><\/tr><tr><td>Schwierigkeit<\/td><td>2-3<\/td><\/tr><tr><td><button class=\"elementor-button\" type=\"button\"><a href=\"https:\/\/swissraft.outdoorbooking.ch\/fo\/products\/1290?base_id=71&amp;category_id=2&amp;order_type=gift_voucher&amp;lang=de\" target=\"_blank\" rel=\"noopener\">GUTSCHEIN \/ TICKET KAUFEN<\/a><\/button><\/td><td><span style=\"color: #ff6600;\"><a href=\"https:\/\/swissraft.outdoorbooking.ch\/fo\/products\/1290?base_id=71&amp;category_id=2&amp;order_type=event&amp;lang=de\" target=\"_blank\" rel=\"noopener\">RESERVIEREN SIE EIN DATUM<\/a><\/span><\/td><\/tr><\/tbody><\/table>\t\t\t\t\t\t<\/div>\n\t\t\t\t<\/div>\n\t\t\t\t\t<\/div>\n\t\t<\/div>\n\t\t\t\t\t\t\t<\/div>\n\t\t<\/section>\n\t\t\t\t\t\t\t<\/div>\n\t\t","protected":false},"excerpt":{"rendered":"<div align=\"justify\">\n<h2 align=\"justify\">Canyoning im Boggera im Tessin mit drei Strecken<\/h2>\n<h3>Der Boggera Canyon f\u00fcr Fans und Familien<\/h3>\n<\/div>\n<div align=\"justify\">\n<p>Der <strong>Boggera Canyon<\/strong> ist actionreich und wird Sie verzaubern. Au\u00dferdem ist dies einer der sch\u00f6nsten Canyoning-Wege im Tessin. Die Boggera ist ideal f\u00fcr Anf\u00e4nger und Liebhaber des <strong>Canyoning<\/strong>. Zuerst beginnen Sie mit dem Familienpfad mit Kindern, dann folgt der zweite Teil mit steigendem Schwierigkeitsgrad. Dann machen Sie Spr\u00fcnge, rutschen auf Rutschen und seilen sich ab. Sie k\u00f6nnen aber auch zwischen einer halbt\u00e4gigen Canyoning-Tour oder dem Tag mit der l\u00e4ngsten Strecke w\u00e4hlen. Au\u00dferdem k\u00f6nnen Sie jederzeit auf weitere Schritte verzichten, wenn diese f\u00fcr Sie zu schwierig werden. In Wirklichkeit ist es ein kompletter <strong>Canyon<\/strong>, der sowohl f\u00fcr Anf\u00e4nger als auch f\u00fcr <strong>Canyoning-Fans<\/strong> geeignet ist.<\/p>\n<h3>Zahlreiche Alternativen zum Boggera-Canyon im Tessin in der Riviera<\/h3>\n<p id=\"textarea\" style=\"display: none;\">\nNeben dem Boggera-Canyon in der Riviera im Tessin bietet Swissraft im Tessin eine bedeutende Anzahl anderer Canyons an. Zum Beispiel die Schlucht von Val Lodrino und f\u00fcr Anf\u00e4nger die Schlucht von Vira am Ufer des Lago Maggiore. Aber auch am Col des Mosses in der Schlucht im Kanton Waadt: La Torneresse. Sowie im Greyerzerland mit dem Canyon von La Tine de Montbovon. Ebenfalls im Wallis bietet Ihnen Swissraft zahlreiche Schluchten mit unterschiedlichen Schwierigkeitsgraden. Au\u00dferdem bieten wir <strong>Schluchten<\/strong> im Berner Oberland in der Umgebung von Interlaken wie Grimsel oder Saxetenbach an. Dar\u00fcber hinaus gibt es im Kanton St. Gall eine gro\u00dfe Anzahl von Schluchten. Im Kanton St. Gallen gibt es den Amden <strong>Canyon<\/strong> und die Abseilstelle. In Graub\u00fcnden in der N\u00e4he von Thusis liegt die Viamala-Schlucht mit ihren \u00fcber 150 m hohen W\u00e4nden.\n<\/p>\n<p><a id=\"seeMore\" onclick=\"toggleSeeMore()\" href=\"javascript:void(0);\">Lesen Sie mehr<\/a><\/p>\n","protected":false},"featured_media":84994,"comment_status":"open","ping_status":"closed","template":"","meta":{"inline_featured_image":false,"_mi_skip_tracking":false},"product_cat":[321,320],"product_tag":[],"class_list":["post-91517","product","type-product","status-publish","has-post-thumbnail","hentry","product_cat-canyoning-tessin","product_cat-canyoning-in-der-schweiz-und-umgebung"],"yoast_head":"<!-- This site is optimized with the Yoast SEO plugin v23.6 - https:\/\/yoast.com\/wordpress\/plugins\/seo\/ -->\n<title>Canyoning im Boggera, einer wundersch\u00f6nen, sonnigen Schlucht<\/title>\n<meta name=\"description\" content=\"Canyoning im Boggera in der Riviera. Die Boggera ist zweifellos einer der sch\u00f6nsten Canyons im Tessin f\u00fcr Anf\u00e4nger und Aficionados. Es ist ein Superlativ\" \/>\n<meta name=\"robots\" content=\"index, follow, max-snippet:-1, max-image-preview:large, max-video-preview:-1\" \/>\n<link rel=\"canonical\" href=\"https:\/\/www.swissraft.ch\/de\/produkt\/canyoning-tessin-boggera\/\" \/>\n<meta property=\"og:locale\" content=\"de_DE\" \/>\n<meta property=\"og:type\" content=\"article\" \/>\n<meta property=\"og:title\" content=\"Canyoning im Boggera, einer wundersch\u00f6nen, sonnigen Schlucht\" \/>\n<meta property=\"og:description\" content=\"Canyoning im Boggera in der Riviera. Die Boggera ist zweifellos einer der sch\u00f6nsten Canyons im Tessin f\u00fcr Anf\u00e4nger und Aficionados. Es ist ein Superlativ\" \/>\n<meta property=\"og:url\" content=\"https:\/\/www.swissraft.ch\/de\/produkt\/canyoning-tessin-boggera\/\" \/>\n<meta property=\"og:site_name\" content=\"Swissraft\" \/>\n<meta property=\"article:modified_time\" content=\"2026-04-09T21:02:41+00:00\" \/>\n<meta property=\"og:image\" content=\"https:\/\/www.swissraft.ch\/wp-content\/uploads\/2023\/02\/1-Boggera-776x776-2.jpg\" \/>\n\t<meta property=\"og:image:width\" content=\"776\" \/>\n\t<meta property=\"og:image:height\" content=\"776\" \/>\n\t<meta property=\"og:image:type\" content=\"image\/jpeg\" \/>\n<meta name=\"twitter:card\" content=\"summary_large_image\" \/>\n<meta name=\"twitter:label1\" content=\"Gesch\u00e4tzte Lesezeit\" \/>\n\t<meta name=\"twitter:data1\" content=\"2\u00a0Minuten\" \/>\n<script type=\"application\/ld+json\" class=\"yoast-schema-graph\">{\"@context\":\"https:\/\/schema.org\",\"@graph\":[{\"@type\":\"WebPage\",\"@id\":\"https:\/\/www.swissraft.ch\/de\/produkt\/canyoning-tessin-boggera\/\",\"url\":\"https:\/\/www.swissraft.ch\/de\/produkt\/canyoning-tessin-boggera\/\",\"name\":\"Canyoning im Boggera, einer wundersch\u00f6nen, sonnigen Schlucht\",\"isPartOf\":{\"@id\":\"https:\/\/www.swissraft.ch\/de\/#website\"},\"primaryImageOfPage\":{\"@id\":\"https:\/\/www.swissraft.ch\/de\/produkt\/canyoning-tessin-boggera\/#primaryimage\"},\"image\":{\"@id\":\"https:\/\/www.swissraft.ch\/de\/produkt\/canyoning-tessin-boggera\/#primaryimage\"},\"thumbnailUrl\":\"https:\/\/www.swissraft.ch\/wp-content\/uploads\/2023\/02\/1-Boggera-776x776-2.jpg\",\"datePublished\":\"2023-02-19T13:00:32+00:00\",\"dateModified\":\"2026-04-09T21:02:41+00:00\",\"description\":\"Canyoning im Boggera in der Riviera. Die Boggera ist zweifellos einer der sch\u00f6nsten Canyons im Tessin f\u00fcr Anf\u00e4nger und Aficionados. Es ist ein Superlativ\",\"breadcrumb\":{\"@id\":\"https:\/\/www.swissraft.ch\/de\/produkt\/canyoning-tessin-boggera\/#breadcrumb\"},\"inLanguage\":\"de\",\"potentialAction\":[{\"@type\":\"ReadAction\",\"target\":[\"https:\/\/www.swissraft.ch\/de\/produkt\/canyoning-tessin-boggera\/\"]}]},{\"@type\":\"ImageObject\",\"inLanguage\":\"de\",\"@id\":\"https:\/\/www.swissraft.ch\/de\/produkt\/canyoning-tessin-boggera\/#primaryimage\",\"url\":\"https:\/\/www.swissraft.ch\/wp-content\/uploads\/2023\/02\/1-Boggera-776x776-2.jpg\",\"contentUrl\":\"https:\/\/www.swissraft.ch\/wp-content\/uploads\/2023\/02\/1-Boggera-776x776-2.jpg\",\"width\":776,\"height\":776,\"caption\":\"Sprung in den Boggera-Canyon im Tessin\"},{\"@type\":\"BreadcrumbList\",\"@id\":\"https:\/\/www.swissraft.ch\/de\/produkt\/canyoning-tessin-boggera\/#breadcrumb\",\"itemListElement\":[{\"@type\":\"ListItem\",\"position\":1,\"name\":\"Accueil\",\"item\":\"https:\/\/www.swissraft.ch\/de\/\"},{\"@type\":\"ListItem\",\"position\":2,\"name\":\"Shop\",\"item\":\"https:\/\/www.swissraft.ch\/de\/shop\/\"},{\"@type\":\"ListItem\",\"position\":3,\"name\":\"Canyoning im Tessin &#8211; Die Boggera &#8211; Ab CHF 119.00\"}]},{\"@type\":\"WebSite\",\"@id\":\"https:\/\/www.swissraft.ch\/de\/#website\",\"url\":\"https:\/\/www.swissraft.ch\/de\/\",\"name\":\"Swissraft\",\"description\":\"To enjoy nature as it is\",\"publisher\":{\"@id\":\"https:\/\/www.swissraft.ch\/de\/#organization\"},\"potentialAction\":[{\"@type\":\"SearchAction\",\"target\":{\"@type\":\"EntryPoint\",\"urlTemplate\":\"https:\/\/www.swissraft.ch\/de\/?s={search_term_string}\"},\"query-input\":{\"@type\":\"PropertyValueSpecification\",\"valueRequired\":true,\"valueName\":\"search_term_string\"}}],\"inLanguage\":\"de\"},{\"@type\":\"Organization\",\"@id\":\"https:\/\/www.swissraft.ch\/de\/#organization\",\"name\":\"Swissraft\",\"url\":\"https:\/\/www.swissraft.ch\/de\/\",\"logo\":{\"@type\":\"ImageObject\",\"inLanguage\":\"de\",\"@id\":\"https:\/\/www.swissraft.ch\/de\/#\/schema\/logo\/image\/\",\"url\":\"https:\/\/www.swissraft.ch\/wp-content\/uploads\/2025\/09\/Capture.jpg\",\"contentUrl\":\"https:\/\/www.swissraft.ch\/wp-content\/uploads\/2025\/09\/Capture.jpg\",\"width\":293,\"height\":108,\"caption\":\"Swissraft\"},\"image\":{\"@id\":\"https:\/\/www.swissraft.ch\/de\/#\/schema\/logo\/image\/\"}}]}<\/script>\n<!-- \/ Yoast SEO plugin. -->","yoast_head_json":{"title":"Canyoning im Boggera, einer wundersch\u00f6nen, sonnigen Schlucht","description":"Canyoning im Boggera in der Riviera. Die Boggera ist zweifellos einer der sch\u00f6nsten Canyons im Tessin f\u00fcr Anf\u00e4nger und Aficionados. Es ist ein Superlativ","robots":{"index":"index","follow":"follow","max-snippet":"max-snippet:-1","max-image-preview":"max-image-preview:large","max-video-preview":"max-video-preview:-1"},"canonical":"https:\/\/www.swissraft.ch\/de\/produkt\/canyoning-tessin-boggera\/","og_locale":"de_DE","og_type":"article","og_title":"Canyoning im Boggera, einer wundersch\u00f6nen, sonnigen Schlucht","og_description":"Canyoning im Boggera in der Riviera. Die Boggera ist zweifellos einer der sch\u00f6nsten Canyons im Tessin f\u00fcr Anf\u00e4nger und Aficionados. Es ist ein Superlativ","og_url":"https:\/\/www.swissraft.ch\/de\/produkt\/canyoning-tessin-boggera\/","og_site_name":"Swissraft","article_modified_time":"2026-04-09T21:02:41+00:00","og_image":[{"width":776,"height":776,"url":"https:\/\/www.swissraft.ch\/wp-content\/uploads\/2023\/02\/1-Boggera-776x776-2.jpg","type":"image\/jpeg"}],"twitter_card":"summary_large_image","twitter_misc":{"Gesch\u00e4tzte Lesezeit":"2\u00a0Minuten"},"schema":{"@context":"https:\/\/schema.org","@graph":[{"@type":"WebPage","@id":"https:\/\/www.swissraft.ch\/de\/produkt\/canyoning-tessin-boggera\/","url":"https:\/\/www.swissraft.ch\/de\/produkt\/canyoning-tessin-boggera\/","name":"Canyoning im Boggera, einer wundersch\u00f6nen, sonnigen Schlucht","isPartOf":{"@id":"https:\/\/www.swissraft.ch\/de\/#website"},"primaryImageOfPage":{"@id":"https:\/\/www.swissraft.ch\/de\/produkt\/canyoning-tessin-boggera\/#primaryimage"},"image":{"@id":"https:\/\/www.swissraft.ch\/de\/produkt\/canyoning-tessin-boggera\/#primaryimage"},"thumbnailUrl":"https:\/\/www.swissraft.ch\/wp-content\/uploads\/2023\/02\/1-Boggera-776x776-2.jpg","datePublished":"2023-02-19T13:00:32+00:00","dateModified":"2026-04-09T21:02:41+00:00","description":"Canyoning im Boggera in der Riviera. Die Boggera ist zweifellos einer der sch\u00f6nsten Canyons im Tessin f\u00fcr Anf\u00e4nger und Aficionados. Es ist ein Superlativ","breadcrumb":{"@id":"https:\/\/www.swissraft.ch\/de\/produkt\/canyoning-tessin-boggera\/#breadcrumb"},"inLanguage":"de","potentialAction":[{"@type":"ReadAction","target":["https:\/\/www.swissraft.ch\/de\/produkt\/canyoning-tessin-boggera\/"]}]},{"@type":"ImageObject","inLanguage":"de","@id":"https:\/\/www.swissraft.ch\/de\/produkt\/canyoning-tessin-boggera\/#primaryimage","url":"https:\/\/www.swissraft.ch\/wp-content\/uploads\/2023\/02\/1-Boggera-776x776-2.jpg","contentUrl":"https:\/\/www.swissraft.ch\/wp-content\/uploads\/2023\/02\/1-Boggera-776x776-2.jpg","width":776,"height":776,"caption":"Sprung in den Boggera-Canyon im Tessin"},{"@type":"BreadcrumbList","@id":"https:\/\/www.swissraft.ch\/de\/produkt\/canyoning-tessin-boggera\/#breadcrumb","itemListElement":[{"@type":"ListItem","position":1,"name":"Accueil","item":"https:\/\/www.swissraft.ch\/de\/"},{"@type":"ListItem","position":2,"name":"Shop","item":"https:\/\/www.swissraft.ch\/de\/shop\/"},{"@type":"ListItem","position":3,"name":"Canyoning im Tessin &#8211; Die Boggera &#8211; Ab CHF 119.00"}]},{"@type":"WebSite","@id":"https:\/\/www.swissraft.ch\/de\/#website","url":"https:\/\/www.swissraft.ch\/de\/","name":"Swissraft","description":"To enjoy nature as it is","publisher":{"@id":"https:\/\/www.swissraft.ch\/de\/#organization"},"potentialAction":[{"@type":"SearchAction","target":{"@type":"EntryPoint","urlTemplate":"https:\/\/www.swissraft.ch\/de\/?s={search_term_string}"},"query-input":{"@type":"PropertyValueSpecification","valueRequired":true,"valueName":"search_term_string"}}],"inLanguage":"de"},{"@type":"Organization","@id":"https:\/\/www.swissraft.ch\/de\/#organization","name":"Swissraft","url":"https:\/\/www.swissraft.ch\/de\/","logo":{"@type":"ImageObject","inLanguage":"de","@id":"https:\/\/www.swissraft.ch\/de\/#\/schema\/logo\/image\/","url":"https:\/\/www.swissraft.ch\/wp-content\/uploads\/2025\/09\/Capture.jpg","contentUrl":"https:\/\/www.swissraft.ch\/wp-content\/uploads\/2025\/09\/Capture.jpg","width":293,"height":108,"caption":"Swissraft"},"image":{"@id":"https:\/\/www.swissraft.ch\/de\/#\/schema\/logo\/image\/"}}]}},"_links":{"self":[{"href":"https:\/\/www.swissraft.ch\/de\/wp-json\/wp\/v2\/product\/91517","targetHints":{"allow":["GET"]}}],"collection":[{"href":"https:\/\/www.swissraft.ch\/de\/wp-json\/wp\/v2\/product"}],"about":[{"href":"https:\/\/www.swissraft.ch\/de\/wp-json\/wp\/v2\/types\/product"}],"replies":[{"embeddable":true,"href":"https:\/\/www.swissraft.ch\/de\/wp-json\/wp\/v2\/comments?post=91517"}],"version-history":[{"count":39,"href":"https:\/\/www.swissraft.ch\/de\/wp-json\/wp\/v2\/product\/91517\/revisions"}],"predecessor-version":[{"id":138607,"href":"https:\/\/www.swissraft.ch\/de\/wp-json\/wp\/v2\/product\/91517\/revisions\/138607"}],"wp:featuredmedia":[{"embeddable":true,"href":"https:\/\/www.swissraft.ch\/de\/wp-json\/wp\/v2\/media\/84994"}],"wp:attachment":[{"href":"https:\/\/www.swissraft.ch\/de\/wp-json\/wp\/v2\/media?parent=91517"}],"wp:term":[{"taxonomy":"product_cat","embeddable":true,"href":"https:\/\/www.swissraft.ch\/de\/wp-json\/wp\/v2\/product_cat?post=91517"},{"taxonomy":"product_tag","embeddable":true,"href":"https:\/\/www.swissraft.ch\/de\/wp-json\/wp\/v2\/product_tag?post=91517"}],"curies":[{"name":"wp","href":"https:\/\/api.w.org\/{rel}","templated":true}]}}