{"id":91513,"date":"2023-02-19T13:49:40","date_gmt":"2023-02-19T12:49:40","guid":{"rendered":"https:\/\/swissraft.xyanzkdne.eu\/product\/canyoning-im-kanton-st-gall-lamden-ab-chf-169-00\/"},"modified":"2026-04-10T00:10:35","modified_gmt":"2026-04-09T22:10:35","slug":"canyoning-st-gallen-amden","status":"publish","type":"product","link":"https:\/\/www.swissraft.ch\/de\/produkt\/canyoning-st-gallen-amden\/","title":{"rendered":"Canyoning im Kanton St. Gallen &#8211; Amden &#8211; Ab CHF 169.00"},"content":{"rendered":"\t\t<div data-elementor-type=\"wp-post\" data-elementor-id=\"91513\" class=\"elementor elementor-91513 elementor-31067\">\n\t\t\t\t\t\t\t\t\t<section class=\"elementor-section elementor-top-section elementor-element elementor-element-3303a7e3 elementor-section-boxed elementor-section-height-default elementor-section-height-default\" data-id=\"3303a7e3\" data-element_type=\"section\">\n\t\t\t\t\t\t<div class=\"elementor-container elementor-column-gap-default\">\n\t\t\t\t\t<div class=\"elementor-column elementor-col-100 elementor-top-column elementor-element elementor-element-16d72dbf\" data-id=\"16d72dbf\" data-element_type=\"column\">\n\t\t\t<div class=\"elementor-widget-wrap elementor-element-populated\">\n\t\t\t\t\t\t\t\t<div class=\"elementor-element elementor-element-d743c03 elementor-widget elementor-widget-text-editor\" data-id=\"d743c03\" data-element_type=\"widget\" data-widget_type=\"text-editor.default\">\n\t\t\t\t<div class=\"elementor-widget-container\">\n\t\t\t\t\t\t\t<h2>W\u00c4HLEN SIE UNTEN IHRE AKTIVIT\u00c4T AUS, UM GESCHENKGUTSCHEINE \/ TICKETS ZU VERSCHENKEN ODER ZU BUCHEN<\/h2><table border=\"0\" width=\"580\" cellspacing=\"10\" cellpadding=\"10\"><tbody><tr><td width=\"50%\"><strong>1) CANYONING &#8211; AMDEN + Aperitif<\/strong><\/td><td><strong>CHF 169.00 pro Person<span class=\"productPrice\"><br \/><\/span><\/strong><\/td><\/tr><tr><td>Zus\u00e4tzliche Informationen<\/td><td><span class=\"plbl\">&#8211; Ab<\/span><span class=\"patt\"> 4 Teilnehmern<br \/>&#8211; Mindestalter : 12 j\u00e4hrig<br \/>&#8211; Sonniger Canyon<br \/><\/span><strong>Inklusive<\/strong><br \/>&#8211; Digitale Fotos<br \/><strong>Mitnehmen (pers\u00f6nliche Gegenst\u00e4nde)<\/strong><br \/>&#8211; Badeanzug<br \/>&#8211; Badehandtuch<br \/>&#8211; Synthetisches T-Shirt<br \/>&#8211; Snacks und Getr\u00e4nke w\u00e4hrend der Aktivit\u00e4t<br \/>&#8211; Ein Rucksack kann Ihnen zur Verf\u00fcgung gestellt werden<br \/>&#8211; Gute Wanderschuhe<br \/>&#8211; Die Brille richtig befestigen, wenn Sie eine Brille tragen<\/td><\/tr><tr><td>Startzeit<\/td><td>08:00 Uhr<\/td><\/tr><tr><td>Canyoning<\/td><td>ca. 2 Std.<\/td><\/tr><tr><td>Gesamtdauer<\/td><td>ca. 3 Std.<\/td><\/tr><tr><td>Treffpunkt<\/td><td><span style=\"color: #ff6600;\"><a href=\"https:\/\/www.google.ch\/maps\/place\/Amden,+Lehni\/@47.141218,9.1270571,768m\/data=!3m1!1e3!4m6!3m5!1s0x479ad394578d519d:0x7dc48720e231ed01!8m2!3d47.141094!4d9.132282!16s%2Fg%2F11b62x3s2w!5m1!1e1?hl=fr&amp;entry=ttu\" target=\"_blank\" rel=\"noopener\">Bushaltestelle Lehni<\/a><\/span><\/td><\/tr><tr><td>Schwierigkeitsgrad<\/td><td>1<\/td><\/tr><tr><td><button class=\"elementor-button\" type=\"button\"><a href=\"https:\/\/swissraft.outdoorbooking.ch\/fo\/products\/340?base_id=4&amp;category_id=2&amp;order_type=gift_voucher&amp;lang=de\" target=\"_blank\" rel=\"noopener\">GUTSCHEIN \/ TICKET KAUFEN<\/a><\/button><\/td><td><span style=\"color: #ff6600;\"><a href=\"https:\/\/swissraft.outdoorbooking.ch\/fo\/products\/340?base_id=4&amp;category_id=2&amp;order_type=event&amp;lang=de\" target=\"_blank\" rel=\"noopener\">RESERVIEREN SIE EIN DATUM<\/a><\/span><\/td><\/tr><\/tbody><\/table><table border=\"0\" width=\"580\" cellspacing=\"10\" cellpadding=\"10\"><tbody><tr><td width=\"50%\"><strong>2) CANYONING &#8211; AMDEN &#8211; Tagestour + Abseilen am Staudamm + Aperitif<\/strong><\/td><td><strong>CHF 189.00 pro Person<\/strong><span class=\"productPrice\"><br \/><\/span><\/td><\/tr><tr><td>Zus\u00e4tzliche Informationen<\/td><td><span class=\"plbl\">&#8211; Ab<\/span><span class=\"patt\"> 4 Teilnehmern<br \/>&#8211; Mindestalter : 12 j\u00e4hrig<br \/>&#8211; Sonniger Canyon<br \/><\/span><strong>Inklusive<\/strong><br \/>&#8211; Digitale Fotos<br \/><strong>Mitnehmen (pers\u00f6nliche Gegenst\u00e4nde)<\/strong><br \/>&#8211; Badeanzug<br \/>&#8211; Badehandtuch<br \/>&#8211; Synthetisches T-Shirt<br \/>&#8211; Snacks und Getr\u00e4nke w\u00e4hrend der Aktivit\u00e4t<br \/>&#8211; Ein Rucksack kann Ihnen zur Verf\u00fcgung gestellt werden<br \/>&#8211; Gute Wanderschuhe<br \/>&#8211; Die Brille richtig befestigen, wenn Sie eine Brille tragen<\/td><\/tr><tr><td>Startzeit<\/td><td>08.00 Uhr<\/td><\/tr><tr><td>Canyoning<\/td><td>ca. 4 Std.<\/td><\/tr><tr><td>Gesamtdauer<\/td><td>ca. 6 Std.<\/td><\/tr><tr><td>Treffpunkt<\/td><td><span style=\"color: #ff6600;\"><a href=\"https:\/\/www.google.ch\/maps\/place\/Amden,+Lehni\/@47.1413202,9.1294174,488m\/data=!3m1!1e3!4m6!3m5!1s0x479ad394578d519d:0x7dc48720e231ed01!8m2!3d47.141094!4d9.132282!16s%2Fg%2F11b62x3s2w?hl=fr&amp;entry=ttu\" target=\"_blank\" rel=\"noopener\">Bushaltestelle Lehni<\/a><\/span><\/td><\/tr><tr><td>Schwierigkeitsgrad<\/td><td>1<\/td><\/tr><tr><td><a href=\"https:\/\/swissraft.outdoorbooking.ch:443\/fo\/products\/341?base_id=4&amp;category_id=2&amp;order_type=gift_voucher&amp;lang=de\" target=\"_blank\" rel=\"noopener\"><button class=\"elementor-button\" type=\"button\">GUTSCHEIN \/ TICKET KAUFEN<\/button><\/a><\/td><td><span style=\"color: #ff6600;\"><a href=\"https:\/\/swissraft.outdoorbooking.ch\/fo\/products\/341?base_id=4&amp;category_id=2&amp;order_type=event&amp;lang=de\" target=\"_blank\" rel=\"noopener\">RESERVIEREN SIE EIN DATUM<\/a><\/span><\/td><\/tr><\/tbody><\/table>\t\t\t\t\t\t<\/div>\n\t\t\t\t<\/div>\n\t\t\t\t\t<\/div>\n\t\t<\/div>\n\t\t\t\t\t\t\t<\/div>\n\t\t<\/section>\n\t\t\t\t\t\t\t<\/div>\n\t\t","protected":false},"excerpt":{"rendered":"<div align=\"justify\">\n<h2 align=\"justify\">Der Amden Canyon mit Blick auf den Walensee; ein Canyon f\u00fcr alle<\/h2>\n<h3>Amden Canyon mit einer 40 m langen Abseilstrecke \u00fcber den Damm<\/h3>\n<\/div>\n<div align=\"justify\">\n<p><strong>Canyoning<\/strong> im Amden Canyon im Kanton St. Gallen St. Gallen ist weniger als eine Stunde von Z\u00fcrich entfernt. Sie beginnen mit einer beeindruckenden Abseil\u00fcbung entlang des Damms mit einer H\u00f6he von \u00fcber 40m. Danach machen Sie den oberen Teil des Amden Canyon. Die Natur und das Lichtspiel des Ortes werden Sie verzaubern. Nat\u00fcrlich ist dieser <strong>Canyon<\/strong> sowohl f\u00fcr Anf\u00e4nger als auch f\u00fcr Fortgeschrittene geeignet. Der Amden Canyon bietet eine gro\u00dfe Vielfalt an Passagen, die allen viel Spa\u00df bereiten werden.<\/p>\n<h3>Andere Alternativen zum Amden Canyon<\/h3>\n<p id=\"textarea\" style=\"display: none;\">Wir bieten in Graub\u00fcnden die ber\u00fchmte <strong><a href=\"\/product\/canyoning-dans-les-gorges-du-viamala\/\">Viamala Gorge Canyon an.<\/a><\/strong> auf dem Weg zum San Bernardino. Aber auch im Tessin, Le Vira, Iragna, Val Cugnasco oder Malvaglia; alle Schluchten sind unterschiedlich und haben verschiedene Schwierigkeitsgrade. Auch im Wallis bieten wir zahlreiche Canyons an, wie z.B. <strong><a href=\"\/product\/canyoning-de-la-raspille-en-valais-un-must-pour-les-sportifs\/\">La Raspille<\/a><\/strong> Die Schluchten, die Sie besuchen k\u00f6nnen, sind z.B. La Morge, Gondo. Swissraft bietet auch Canyoning auf dem Col des Mosses in der N\u00e4he von Ch\u00e2teau d&#8217;Oex an: den Canyon de La Torneresse. Auch <strong>Canyoning<\/strong> im Kanton Freiburg in Gruy\u00e8re: der Canyon von La Tine de Montbovon. Swissraft bietet auch Canyons im Berner Oberland an, wie den Saxeten <strong>Canyon<\/strong> in der N\u00e4he von Interlaken, aber auch Grimsel und Chli Schliere im Berner Oberland. Auch der Amden <strong>Canyon<\/strong> mit seiner 40 m langen Abseilstrecke \u00fcber den Damm, die Sie mehrmals durchlaufen k\u00f6nnen.<\/p>\n<p><a id=\"seeMore\"><\/a>Read more<\/p>\n<\/div>\n","protected":false},"featured_media":85129,"comment_status":"open","ping_status":"closed","template":"","meta":{"inline_featured_image":false,"_mi_skip_tracking":false},"product_cat":[340,320],"product_tag":[],"class_list":["post-91513","product","type-product","status-publish","has-post-thumbnail","hentry","product_cat-canyoning-ostschweiz","product_cat-canyoning-in-der-schweiz-und-umgebung"],"yoast_head":"<!-- This site is optimized with the Yoast SEO plugin v23.6 - https:\/\/yoast.com\/wordpress\/plugins\/seo\/ -->\n<title>Canyoning Amden St. Gallen mit Abseilen an einem Staudamm<\/title>\n<meta name=\"description\" content=\"Canyoning Amden St. Gallen mit Abseilen von einem Staudamm. Sie beginnen mit einer beeindruckenden Abseil\u00fcbung von 40 m \u00fcber den Damm am Ende der Strecke\" \/>\n<meta name=\"robots\" content=\"index, follow, max-snippet:-1, max-image-preview:large, max-video-preview:-1\" \/>\n<link rel=\"canonical\" href=\"https:\/\/www.swissraft.ch\/de\/produkt\/canyoning-st-gallen-amden\/\" \/>\n<meta property=\"og:locale\" content=\"de_DE\" \/>\n<meta property=\"og:type\" content=\"article\" \/>\n<meta property=\"og:title\" content=\"Canyoning Amden St. Gallen mit Abseilen an einem Staudamm\" \/>\n<meta property=\"og:description\" content=\"Canyoning Amden St. Gallen mit Abseilen von einem Staudamm. Sie beginnen mit einer beeindruckenden Abseil\u00fcbung von 40 m \u00fcber den Damm am Ende der Strecke\" \/>\n<meta property=\"og:url\" content=\"https:\/\/www.swissraft.ch\/de\/produkt\/canyoning-st-gallen-amden\/\" \/>\n<meta property=\"og:site_name\" content=\"Swissraft\" \/>\n<meta property=\"article:modified_time\" content=\"2026-04-09T22:10:35+00:00\" \/>\n<meta property=\"og:image\" content=\"https:\/\/www.swissraft.ch\/wp-content\/uploads\/2023\/02\/1-Amden-776x776-1.png\" \/>\n\t<meta property=\"og:image:width\" content=\"776\" \/>\n\t<meta property=\"og:image:height\" content=\"776\" \/>\n\t<meta property=\"og:image:type\" content=\"image\/png\" \/>\n<meta name=\"twitter:card\" content=\"summary_large_image\" \/>\n<meta name=\"twitter:label1\" content=\"Gesch\u00e4tzte Lesezeit\" \/>\n\t<meta name=\"twitter:data1\" content=\"1\u00a0Minute\" \/>\n<script type=\"application\/ld+json\" class=\"yoast-schema-graph\">{\"@context\":\"https:\/\/schema.org\",\"@graph\":[{\"@type\":\"WebPage\",\"@id\":\"https:\/\/www.swissraft.ch\/de\/produkt\/canyoning-st-gallen-amden\/\",\"url\":\"https:\/\/www.swissraft.ch\/de\/produkt\/canyoning-st-gallen-amden\/\",\"name\":\"Canyoning Amden St. Gallen mit Abseilen an einem Staudamm\",\"isPartOf\":{\"@id\":\"https:\/\/www.swissraft.ch\/de\/#website\"},\"primaryImageOfPage\":{\"@id\":\"https:\/\/www.swissraft.ch\/de\/produkt\/canyoning-st-gallen-amden\/#primaryimage\"},\"image\":{\"@id\":\"https:\/\/www.swissraft.ch\/de\/produkt\/canyoning-st-gallen-amden\/#primaryimage\"},\"thumbnailUrl\":\"https:\/\/www.swissraft.ch\/wp-content\/uploads\/2023\/02\/1-Amden-776x776-1.png\",\"datePublished\":\"2023-02-19T12:49:40+00:00\",\"dateModified\":\"2026-04-09T22:10:35+00:00\",\"description\":\"Canyoning Amden St. Gallen mit Abseilen von einem Staudamm. Sie beginnen mit einer beeindruckenden Abseil\u00fcbung von 40 m \u00fcber den Damm am Ende der Strecke\",\"breadcrumb\":{\"@id\":\"https:\/\/www.swissraft.ch\/de\/produkt\/canyoning-st-gallen-amden\/#breadcrumb\"},\"inLanguage\":\"de\",\"potentialAction\":[{\"@type\":\"ReadAction\",\"target\":[\"https:\/\/www.swissraft.ch\/de\/produkt\/canyoning-st-gallen-amden\/\"]}]},{\"@type\":\"ImageObject\",\"inLanguage\":\"de\",\"@id\":\"https:\/\/www.swissraft.ch\/de\/produkt\/canyoning-st-gallen-amden\/#primaryimage\",\"url\":\"https:\/\/www.swissraft.ch\/wp-content\/uploads\/2023\/02\/1-Amden-776x776-1.png\",\"contentUrl\":\"https:\/\/www.swissraft.ch\/wp-content\/uploads\/2023\/02\/1-Amden-776x776-1.png\",\"width\":776,\"height\":776,\"caption\":\"Canyoning Amden St. Gallen\"},{\"@type\":\"BreadcrumbList\",\"@id\":\"https:\/\/www.swissraft.ch\/de\/produkt\/canyoning-st-gallen-amden\/#breadcrumb\",\"itemListElement\":[{\"@type\":\"ListItem\",\"position\":1,\"name\":\"Accueil\",\"item\":\"https:\/\/www.swissraft.ch\/de\/\"},{\"@type\":\"ListItem\",\"position\":2,\"name\":\"Shop\",\"item\":\"https:\/\/www.swissraft.ch\/de\/shop\/\"},{\"@type\":\"ListItem\",\"position\":3,\"name\":\"Canyoning im Kanton St. Gallen &#8211; Amden &#8211; Ab CHF 169.00\"}]},{\"@type\":\"WebSite\",\"@id\":\"https:\/\/www.swissraft.ch\/de\/#website\",\"url\":\"https:\/\/www.swissraft.ch\/de\/\",\"name\":\"Swissraft\",\"description\":\"To enjoy nature as it is\",\"publisher\":{\"@id\":\"https:\/\/www.swissraft.ch\/de\/#organization\"},\"potentialAction\":[{\"@type\":\"SearchAction\",\"target\":{\"@type\":\"EntryPoint\",\"urlTemplate\":\"https:\/\/www.swissraft.ch\/de\/?s={search_term_string}\"},\"query-input\":{\"@type\":\"PropertyValueSpecification\",\"valueRequired\":true,\"valueName\":\"search_term_string\"}}],\"inLanguage\":\"de\"},{\"@type\":\"Organization\",\"@id\":\"https:\/\/www.swissraft.ch\/de\/#organization\",\"name\":\"Swissraft\",\"url\":\"https:\/\/www.swissraft.ch\/de\/\",\"logo\":{\"@type\":\"ImageObject\",\"inLanguage\":\"de\",\"@id\":\"https:\/\/www.swissraft.ch\/de\/#\/schema\/logo\/image\/\",\"url\":\"https:\/\/www.swissraft.ch\/wp-content\/uploads\/2025\/09\/Capture.jpg\",\"contentUrl\":\"https:\/\/www.swissraft.ch\/wp-content\/uploads\/2025\/09\/Capture.jpg\",\"width\":293,\"height\":108,\"caption\":\"Swissraft\"},\"image\":{\"@id\":\"https:\/\/www.swissraft.ch\/de\/#\/schema\/logo\/image\/\"}}]}<\/script>\n<!-- \/ Yoast SEO plugin. -->","yoast_head_json":{"title":"Canyoning Amden St. Gallen mit Abseilen an einem Staudamm","description":"Canyoning Amden St. Gallen mit Abseilen von einem Staudamm. Sie beginnen mit einer beeindruckenden Abseil\u00fcbung von 40 m \u00fcber den Damm am Ende der Strecke","robots":{"index":"index","follow":"follow","max-snippet":"max-snippet:-1","max-image-preview":"max-image-preview:large","max-video-preview":"max-video-preview:-1"},"canonical":"https:\/\/www.swissraft.ch\/de\/produkt\/canyoning-st-gallen-amden\/","og_locale":"de_DE","og_type":"article","og_title":"Canyoning Amden St. Gallen mit Abseilen an einem Staudamm","og_description":"Canyoning Amden St. Gallen mit Abseilen von einem Staudamm. Sie beginnen mit einer beeindruckenden Abseil\u00fcbung von 40 m \u00fcber den Damm am Ende der Strecke","og_url":"https:\/\/www.swissraft.ch\/de\/produkt\/canyoning-st-gallen-amden\/","og_site_name":"Swissraft","article_modified_time":"2026-04-09T22:10:35+00:00","og_image":[{"width":776,"height":776,"url":"https:\/\/www.swissraft.ch\/wp-content\/uploads\/2023\/02\/1-Amden-776x776-1.png","type":"image\/png"}],"twitter_card":"summary_large_image","twitter_misc":{"Gesch\u00e4tzte Lesezeit":"1\u00a0Minute"},"schema":{"@context":"https:\/\/schema.org","@graph":[{"@type":"WebPage","@id":"https:\/\/www.swissraft.ch\/de\/produkt\/canyoning-st-gallen-amden\/","url":"https:\/\/www.swissraft.ch\/de\/produkt\/canyoning-st-gallen-amden\/","name":"Canyoning Amden St. Gallen mit Abseilen an einem Staudamm","isPartOf":{"@id":"https:\/\/www.swissraft.ch\/de\/#website"},"primaryImageOfPage":{"@id":"https:\/\/www.swissraft.ch\/de\/produkt\/canyoning-st-gallen-amden\/#primaryimage"},"image":{"@id":"https:\/\/www.swissraft.ch\/de\/produkt\/canyoning-st-gallen-amden\/#primaryimage"},"thumbnailUrl":"https:\/\/www.swissraft.ch\/wp-content\/uploads\/2023\/02\/1-Amden-776x776-1.png","datePublished":"2023-02-19T12:49:40+00:00","dateModified":"2026-04-09T22:10:35+00:00","description":"Canyoning Amden St. Gallen mit Abseilen von einem Staudamm. Sie beginnen mit einer beeindruckenden Abseil\u00fcbung von 40 m \u00fcber den Damm am Ende der Strecke","breadcrumb":{"@id":"https:\/\/www.swissraft.ch\/de\/produkt\/canyoning-st-gallen-amden\/#breadcrumb"},"inLanguage":"de","potentialAction":[{"@type":"ReadAction","target":["https:\/\/www.swissraft.ch\/de\/produkt\/canyoning-st-gallen-amden\/"]}]},{"@type":"ImageObject","inLanguage":"de","@id":"https:\/\/www.swissraft.ch\/de\/produkt\/canyoning-st-gallen-amden\/#primaryimage","url":"https:\/\/www.swissraft.ch\/wp-content\/uploads\/2023\/02\/1-Amden-776x776-1.png","contentUrl":"https:\/\/www.swissraft.ch\/wp-content\/uploads\/2023\/02\/1-Amden-776x776-1.png","width":776,"height":776,"caption":"Canyoning Amden St. Gallen"},{"@type":"BreadcrumbList","@id":"https:\/\/www.swissraft.ch\/de\/produkt\/canyoning-st-gallen-amden\/#breadcrumb","itemListElement":[{"@type":"ListItem","position":1,"name":"Accueil","item":"https:\/\/www.swissraft.ch\/de\/"},{"@type":"ListItem","position":2,"name":"Shop","item":"https:\/\/www.swissraft.ch\/de\/shop\/"},{"@type":"ListItem","position":3,"name":"Canyoning im Kanton St. Gallen &#8211; Amden &#8211; Ab CHF 169.00"}]},{"@type":"WebSite","@id":"https:\/\/www.swissraft.ch\/de\/#website","url":"https:\/\/www.swissraft.ch\/de\/","name":"Swissraft","description":"To enjoy nature as it is","publisher":{"@id":"https:\/\/www.swissraft.ch\/de\/#organization"},"potentialAction":[{"@type":"SearchAction","target":{"@type":"EntryPoint","urlTemplate":"https:\/\/www.swissraft.ch\/de\/?s={search_term_string}"},"query-input":{"@type":"PropertyValueSpecification","valueRequired":true,"valueName":"search_term_string"}}],"inLanguage":"de"},{"@type":"Organization","@id":"https:\/\/www.swissraft.ch\/de\/#organization","name":"Swissraft","url":"https:\/\/www.swissraft.ch\/de\/","logo":{"@type":"ImageObject","inLanguage":"de","@id":"https:\/\/www.swissraft.ch\/de\/#\/schema\/logo\/image\/","url":"https:\/\/www.swissraft.ch\/wp-content\/uploads\/2025\/09\/Capture.jpg","contentUrl":"https:\/\/www.swissraft.ch\/wp-content\/uploads\/2025\/09\/Capture.jpg","width":293,"height":108,"caption":"Swissraft"},"image":{"@id":"https:\/\/www.swissraft.ch\/de\/#\/schema\/logo\/image\/"}}]}},"_links":{"self":[{"href":"https:\/\/www.swissraft.ch\/de\/wp-json\/wp\/v2\/product\/91513","targetHints":{"allow":["GET"]}}],"collection":[{"href":"https:\/\/www.swissraft.ch\/de\/wp-json\/wp\/v2\/product"}],"about":[{"href":"https:\/\/www.swissraft.ch\/de\/wp-json\/wp\/v2\/types\/product"}],"replies":[{"embeddable":true,"href":"https:\/\/www.swissraft.ch\/de\/wp-json\/wp\/v2\/comments?post=91513"}],"version-history":[{"count":37,"href":"https:\/\/www.swissraft.ch\/de\/wp-json\/wp\/v2\/product\/91513\/revisions"}],"predecessor-version":[{"id":138793,"href":"https:\/\/www.swissraft.ch\/de\/wp-json\/wp\/v2\/product\/91513\/revisions\/138793"}],"wp:featuredmedia":[{"embeddable":true,"href":"https:\/\/www.swissraft.ch\/de\/wp-json\/wp\/v2\/media\/85129"}],"wp:attachment":[{"href":"https:\/\/www.swissraft.ch\/de\/wp-json\/wp\/v2\/media?parent=91513"}],"wp:term":[{"taxonomy":"product_cat","embeddable":true,"href":"https:\/\/www.swissraft.ch\/de\/wp-json\/wp\/v2\/product_cat?post=91513"},{"taxonomy":"product_tag","embeddable":true,"href":"https:\/\/www.swissraft.ch\/de\/wp-json\/wp\/v2\/product_tag?post=91513"}],"curies":[{"name":"wp","href":"https:\/\/api.w.org\/{rel}","templated":true}]}}