{"id":91511,"date":"2023-02-25T16:10:57","date_gmt":"2023-02-25T15:10:57","guid":{"rendered":"https:\/\/swissraft.xyanzkdne.eu\/product\/kanufahrt-funyak-auf-la-reuss-bremgarten-gebenstorf-ab-chf-109-00\/"},"modified":"2026-04-12T17:34:16","modified_gmt":"2026-04-12T15:34:16","slug":"kanu-funyak-reuss-bremgarten-gebenstorf","status":"publish","type":"product","link":"https:\/\/www.swissraft.ch\/de\/produkt\/kanu-funyak-reuss-bremgarten-gebenstorf\/","title":{"rendered":"Kanu oder Funyak &#8211; Reuss &#8211; Bremgarten-Gebenstorf &#8211; Ab CHF 109.00"},"content":{"rendered":"\t\t<div data-elementor-type=\"wp-post\" data-elementor-id=\"91511\" class=\"elementor elementor-91511 elementor-31272\">\n\t\t\t\t\t\t\t\t\t<section class=\"elementor-section elementor-top-section elementor-element elementor-element-3303a7e3 elementor-section-boxed elementor-section-height-default elementor-section-height-default\" data-id=\"3303a7e3\" data-element_type=\"section\">\n\t\t\t\t\t\t<div class=\"elementor-container elementor-column-gap-default\">\n\t\t\t\t\t<div class=\"elementor-column elementor-col-100 elementor-top-column elementor-element elementor-element-16d72dbf\" data-id=\"16d72dbf\" data-element_type=\"column\">\n\t\t\t<div class=\"elementor-widget-wrap elementor-element-populated\">\n\t\t\t\t\t\t\t\t<div class=\"elementor-element elementor-element-d743c03 elementor-widget elementor-widget-text-editor\" data-id=\"d743c03\" data-element_type=\"widget\" data-widget_type=\"text-editor.default\">\n\t\t\t\t<div class=\"elementor-widget-container\">\n\t\t\t\t\t\t\t<h2>W\u00c4HLEN SIE UNTEN IHRE AKTIVIT\u00c4T AUS, UM GESCHENKGUTSCHEINE \/ TICKETS ZU VERSCHENKEN ODER ZU BUCHEN<\/h2><table border=\"0\" width=\"580\" cellspacing=\"10\" cellpadding=\"10\"><tbody><tr><td width=\"50%\"><strong>KANU ODER FUNYAK &#8211; REUSS + Tag + aperitif<\/strong><\/td><td><strong>CHF 1&#8217;849.00 pro Person<span class=\"productPrice\"><br \/><\/span><\/strong><\/td><\/tr><tr><td>Zus\u00e4tzliche Informationen<\/td><td>&#8211; <span class=\"plbl\">Jugendpreis <\/span>: <span class=\"patt\"><strong>CHF 119.00<\/strong>\/Pers. bis 17 j\u00e4hrig<br \/><\/span><span class=\"plbl\">&#8211; Mindestalter : 7 j\u00e4hrig<br \/><\/span><span class=\"patt\">&#8211; Auf Anfrage Lunchpaket : <strong>CHF 40.00<\/strong>\/Pers.<br \/>&#8211; Schulpreis : <span class=\"patt\" style=\"font-family: inherit; font-size: inherit;\"><span class=\"plbl\"><a href=\"https:\/\/www.swissraft.ch\/de\/kontakt\/\">Kontaktieren Sie uns<\/a><\/span><\/span><\/span><\/td><\/tr><tr><td>Strecke<\/td><td><strong>Bremgarten-Gebenstorf<\/strong><\/td><\/tr><tr><td>Starzeit<\/td><td>10h00<\/td><\/tr><tr><td>Kanu oder Funyak<\/td><td>ca. 4,5 Std.<\/td><\/tr><tr><td>Gesamtdauer<\/td><td>ca. 6,5 Std.<\/td><\/tr><tr><td>Treffpunkt<\/td><td><span style=\"color: #ff6600;\"><a href=\"https:\/\/www.google.com\/maps\/place\/47%C2%B020'58.8%22N+8%C2%B020'24.2%22E\/@47.3499284,8.3355817,765m\/data=!3m1!1e3!4m4!3m3!8m2!3d47.3496667!4d8.3400556?entry=ttu\" target=\"_blank\" rel=\"noopener\">Bremgarten<\/a><\/span><\/td><\/tr><tr><td>Schwierigkeit<\/td><td>1<\/td><\/tr><tr><td><a href=\"https:\/\/swissraft.outdoorbooking.ch\/fo\/products\/387?base_id=91&amp;category_id=9&amp;order_type=gift_voucher&amp;lang=de\" target=\"_blank\" rel=\"noopener\"><button class=\"elementor-button\" type=\"button\">GUTSCHEIN \/ TICKET KAUFEN<\/button><\/a><\/td><td><span style=\"color: #ff6600;\"><a href=\"https:\/\/swissraft.outdoorbooking.ch\/fo\/products\/387?base_id=91&amp;category_id=9&amp;order_type=event&amp;lang=de\" target=\"_blank\" rel=\"noopener\">RESERVIEREN SIE EIN DATUM <\/a><\/span>\u00a0<strong>CHF 1&#8217;849.00 (1-12 Pers.)<\/strong><\/td><\/tr><tr><td><a href=\"https:\/\/swissraft.outdoorbooking.ch\/fo\/products\/1278?base_id=91&amp;category_id=9&amp;order_type=gift_voucher&amp;lang=de\" target=\"_blank\" rel=\"noopener\"><button class=\"elementor-button\" type=\"button\">GUTSCHEIN \/ TICKET KAUFEN<\/button><\/a><\/td><td><span style=\"color: #ff6600;\"><a href=\"https:\/\/swissraft.outdoorbooking.ch\/fo\/products\/1278?base_id=91&amp;category_id=9&amp;order_type=event&amp;lang=de\" target=\"_blank\" rel=\"noopener\">RESERVIEREN SIE EIN DATUM <\/a>\u00a0<\/span><strong>CHF 154.00<\/strong>\/Pers. <strong>(13-20<\/strong><strong>Pers<\/strong>. <strong>)<\/strong><\/td><\/tr><tr><td><a href=\"https:\/\/swissraft.outdoorbooking.ch\/fo\/products\/1975?base_id=91&amp;category_id=9&amp;order_type=gift_voucher&amp;lang=de\" target=\"_blank\" rel=\"noopener\"><button class=\"elementor-button\" type=\"button\">GUTSCHEIN \/ TICKET KAUFEN<\/button><\/a><\/td><td><span style=\"color: #ff6600;\"><a href=\"https:\/\/swissraft.outdoorbooking.ch\/fo\/products\/1975?base_id=91&amp;category_id=9&amp;order_type=event&amp;lang=de\" target=\"_blank\" rel=\"noopener\">RESERVIEREN SIE EIN DATUM <\/a><\/span>\u00a0<strong>CHF 144.00<\/strong>\/Pers.<strong> (21-30<\/strong> <strong>Pers<\/strong><strong>.)<\/strong><\/td><\/tr><tr><td><a href=\"https:\/\/swissraft.outdoorbooking.ch\/fo\/products\/2192?base_id=91&amp;category_id=9&amp;order_type=gift_voucher&amp;lang=de\" target=\"_blank\" rel=\"noopener\"><button class=\"elementor-button\" type=\"button\">GUTSCHEIN \/ TICKET KAUFEN<\/button><\/a><\/td><td><span style=\"color: #ff6600;\"><a href=\"https:\/\/swissraft.outdoorbooking.ch\/fo\/products\/2192?base_id=91&amp;category_id=9&amp;order_type=event&amp;lang=fr\" target=\"_blank\" rel=\"noopener\">RESERVIEREN SIE EIN DATUM <\/a><\/span>\u00a0<strong>CHF 134.00<\/strong>\/Pers.<strong> (31<\/strong>\u00a0<strong>Pers<\/strong><strong>. und mehr)<\/strong><\/td><\/tr><\/tbody><\/table>\t\t\t\t\t\t<\/div>\n\t\t\t\t<\/div>\n\t\t\t\t\t<\/div>\n\t\t<\/div>\n\t\t\t\t\t\t\t<\/div>\n\t\t<\/section>\n\t\t\t\t\t\t\t<\/div>\n\t\t","protected":false},"excerpt":{"rendered":"<div align=\"justify\">\n<h2 align=\"justify\">Von Bremgarten nach Gebenstorf im Kanu, auch Funyak oder Ducky genannt, wird Ihnen in bester Erinnerung bleiben.<\/h2>\n<h3>Wenn Sie mit Ihrem Funyak die Reuss hinunterfahren, k\u00f6nnen Sie es selbstst\u00e4ndig man\u00f6vrieren.<\/h3>\n<\/div>\n<div align=\"justify\">\n<p>Kanufahren, auch Funyak oder Ducky genannt, begeistert und ist f\u00fcr jeden zug\u00e4nglich. Er erm\u00f6glicht es Ihnen, die Fl\u00fcsse auf spielerische und sichere Weise zu entdecken. Diese Aktivit\u00e4t bietet abwechslungsreiche Routen, die f\u00fcr alle Niveaus und Altersgruppen geeignet sind. Ob Sie Anf\u00e4nger oder erfahrener Reisender sind, Sie werden immer eine Route finden, die Ihren Erwartungen entspricht.<br \/>\nIn der Gruppe st\u00e4rkt das Kanu- oder Duckyfahren die Beziehungen zwischen den Teilnehmern und bietet einen Tag an der frischen Luft. Ideal f\u00fcr Familien, Freunde oder Kollegen, verspricht er gesellige Momente.<\/p>\n<h3>Swissraft bietet zahlreiche Kanu-, Funyak- und Ducky-Strecken in der Schweiz an.<\/h3>\n<p id=\"textarea\" style=\"display: none;\">\nAuf der Reuss k\u00f6nnen Sie zwischen zwei Halbtagestouren w\u00e4hlen: Bremgarten &#8211; Mellingen und Mellingen &#8211; Gebenstorf. Im Wallis k\u00f6nnen Sie die Rh\u00f4ne zwischen Chippis und St. L\u00e9onard, ein ruhiger Abschnitt, der ideal f\u00fcr Familien mit Kindern ist. Aber auch die Strecke Souste &#8211; Sierre ist sehr viel sportlicher. Dar\u00fcber hinaus bietet Swissraft drei aufblasbare Kanufahrten in Graub\u00fcnden an, unter anderem auf dem Rhein ab Ilanz in der Surselva. Der Klassiker Versam-Reichenau und zwei sportlichere Strecken: Ilanz-Valendas, ein halber Tag und Ilanz-Reichenau, ein Tag mit Picknick. Ob mit Freunden, Familie oder Kollegen, diese Routen bieten ein tolles Abenteuer in der wundersch\u00f6nen Umgebung des ber\u00fchmten Swiss Grand Canyon. Mai auch den unteren Teil des Rheins unterhalb des Rheinfalls ab Schaffhausen bei Neuhausen. Ein halber Tag zwischen Schaffhausen und Rheinau oder ein ganzer Tag zwischen Schaffhausen und R\u00fcdlingen. Auch ein Schulausflug ins Tessin wird ein Erfolg, wenn Sie auf dem Ticino zwischen Cresciano und Gorduno Kanu Funyak betreiben. Mit einem Kanu, Funyak oder Ducky k\u00f6nnen Sie nicht nur Spa\u00df haben, sondern auch die Sch\u00f6nheit der Landschaft entlang der Fl\u00fcsse genie\u00dfen. Aber auch das Ticino in Cresciano und Gorduno.\n<\/p>\n<p><a id=\"seeMore\" onclick=\"toggleSeeMore()\" href=\"javascript:void(0);\">Lesen Sie mehr<\/a><\/p>\n","protected":false},"featured_media":90430,"comment_status":"open","ping_status":"closed","template":"","meta":{"inline_featured_image":false,"_mi_skip_tracking":false},"product_cat":[268,338],"product_tag":[],"class_list":["post-91511","product","type-product","status-publish","has-post-thumbnail","hentry","product_cat-kanu-funyak-oder-ducky-in-der-schweiz","product_cat-kanu-funyak-reuss"],"yoast_head":"<!-- This site is optimized with the Yoast SEO plugin v23.6 - https:\/\/yoast.com\/wordpress\/plugins\/seo\/ -->\n<title>Kanu Funyak Bremgarten-Gebenstorf auf der Reuss; Softparcours<\/title>\n<meta name=\"description\" content=\"Kanu Funyak Bremgarten-Gebenstorf auf der Reuss, eine Kanu-, Funyak- oder Duckyfahrt, die f\u00fcr Gruppenausfl\u00fcge f\u00fcr ein weiches Abenteuer empfohlen wird.\" \/>\n<meta name=\"robots\" content=\"index, follow, max-snippet:-1, max-image-preview:large, max-video-preview:-1\" \/>\n<link rel=\"canonical\" href=\"https:\/\/www.swissraft.ch\/de\/produkt\/kanu-funyak-reuss-bremgarten-gebenstorf\/\" \/>\n<meta property=\"og:locale\" content=\"de_DE\" \/>\n<meta property=\"og:type\" content=\"article\" \/>\n<meta property=\"og:title\" content=\"Kanu Funyak Bremgarten-Gebenstorf auf der Reuss; Softparcours\" \/>\n<meta property=\"og:description\" content=\"Kanu Funyak Bremgarten-Gebenstorf auf der Reuss, eine Kanu-, Funyak- oder Duckyfahrt, die f\u00fcr Gruppenausfl\u00fcge f\u00fcr ein weiches Abenteuer empfohlen wird.\" \/>\n<meta property=\"og:url\" content=\"https:\/\/www.swissraft.ch\/de\/produkt\/kanu-funyak-reuss-bremgarten-gebenstorf\/\" \/>\n<meta property=\"og:site_name\" content=\"Swissraft\" \/>\n<meta property=\"article:modified_time\" content=\"2026-04-12T15:34:16+00:00\" \/>\n<meta property=\"og:image\" content=\"https:\/\/www.swissraft.ch\/wp-content\/uploads\/2023\/02\/1-2-Kanufahrt-Bermgarten.Gebenstorf-776x776-1.jpg\" \/>\n\t<meta property=\"og:image:width\" content=\"776\" \/>\n\t<meta property=\"og:image:height\" content=\"776\" \/>\n\t<meta property=\"og:image:type\" content=\"image\/jpeg\" \/>\n<meta name=\"twitter:card\" content=\"summary_large_image\" \/>\n<meta name=\"twitter:label1\" content=\"Gesch\u00e4tzte Lesezeit\" \/>\n\t<meta name=\"twitter:data1\" content=\"1\u00a0Minute\" \/>\n<script type=\"application\/ld+json\" class=\"yoast-schema-graph\">{\"@context\":\"https:\/\/schema.org\",\"@graph\":[{\"@type\":\"WebPage\",\"@id\":\"https:\/\/www.swissraft.ch\/de\/produkt\/kanu-funyak-reuss-bremgarten-gebenstorf\/\",\"url\":\"https:\/\/www.swissraft.ch\/de\/produkt\/kanu-funyak-reuss-bremgarten-gebenstorf\/\",\"name\":\"Kanu Funyak Bremgarten-Gebenstorf auf der Reuss; Softparcours\",\"isPartOf\":{\"@id\":\"https:\/\/www.swissraft.ch\/de\/#website\"},\"primaryImageOfPage\":{\"@id\":\"https:\/\/www.swissraft.ch\/de\/produkt\/kanu-funyak-reuss-bremgarten-gebenstorf\/#primaryimage\"},\"image\":{\"@id\":\"https:\/\/www.swissraft.ch\/de\/produkt\/kanu-funyak-reuss-bremgarten-gebenstorf\/#primaryimage\"},\"thumbnailUrl\":\"https:\/\/www.swissraft.ch\/wp-content\/uploads\/2023\/02\/1-2-Kanufahrt-Bermgarten.Gebenstorf-776x776-1.jpg\",\"datePublished\":\"2023-02-25T15:10:57+00:00\",\"dateModified\":\"2026-04-12T15:34:16+00:00\",\"description\":\"Kanu Funyak Bremgarten-Gebenstorf auf der Reuss, eine Kanu-, Funyak- oder Duckyfahrt, die f\u00fcr Gruppenausfl\u00fcge f\u00fcr ein weiches Abenteuer empfohlen wird.\",\"breadcrumb\":{\"@id\":\"https:\/\/www.swissraft.ch\/de\/produkt\/kanu-funyak-reuss-bremgarten-gebenstorf\/#breadcrumb\"},\"inLanguage\":\"de\",\"potentialAction\":[{\"@type\":\"ReadAction\",\"target\":[\"https:\/\/www.swissraft.ch\/de\/produkt\/kanu-funyak-reuss-bremgarten-gebenstorf\/\"]}]},{\"@type\":\"ImageObject\",\"inLanguage\":\"de\",\"@id\":\"https:\/\/www.swissraft.ch\/de\/produkt\/kanu-funyak-reuss-bremgarten-gebenstorf\/#primaryimage\",\"url\":\"https:\/\/www.swissraft.ch\/wp-content\/uploads\/2023\/02\/1-2-Kanufahrt-Bermgarten.Gebenstorf-776x776-1.jpg\",\"contentUrl\":\"https:\/\/www.swissraft.ch\/wp-content\/uploads\/2023\/02\/1-2-Kanufahrt-Bermgarten.Gebenstorf-776x776-1.jpg\",\"width\":776,\"height\":776,\"caption\":\"Kanufunyak Bremgarten-Gebenstorf auf der Reuss\"},{\"@type\":\"BreadcrumbList\",\"@id\":\"https:\/\/www.swissraft.ch\/de\/produkt\/kanu-funyak-reuss-bremgarten-gebenstorf\/#breadcrumb\",\"itemListElement\":[{\"@type\":\"ListItem\",\"position\":1,\"name\":\"Accueil\",\"item\":\"https:\/\/www.swissraft.ch\/de\/\"},{\"@type\":\"ListItem\",\"position\":2,\"name\":\"Shop\",\"item\":\"https:\/\/www.swissraft.ch\/de\/shop\/\"},{\"@type\":\"ListItem\",\"position\":3,\"name\":\"Kanu oder Funyak &#8211; Reuss &#8211; Bremgarten-Gebenstorf &#8211; Ab CHF 109.00\"}]},{\"@type\":\"WebSite\",\"@id\":\"https:\/\/www.swissraft.ch\/de\/#website\",\"url\":\"https:\/\/www.swissraft.ch\/de\/\",\"name\":\"Swissraft\",\"description\":\"To enjoy nature as it is\",\"publisher\":{\"@id\":\"https:\/\/www.swissraft.ch\/de\/#organization\"},\"potentialAction\":[{\"@type\":\"SearchAction\",\"target\":{\"@type\":\"EntryPoint\",\"urlTemplate\":\"https:\/\/www.swissraft.ch\/de\/?s={search_term_string}\"},\"query-input\":{\"@type\":\"PropertyValueSpecification\",\"valueRequired\":true,\"valueName\":\"search_term_string\"}}],\"inLanguage\":\"de\"},{\"@type\":\"Organization\",\"@id\":\"https:\/\/www.swissraft.ch\/de\/#organization\",\"name\":\"Swissraft\",\"url\":\"https:\/\/www.swissraft.ch\/de\/\",\"logo\":{\"@type\":\"ImageObject\",\"inLanguage\":\"de\",\"@id\":\"https:\/\/www.swissraft.ch\/de\/#\/schema\/logo\/image\/\",\"url\":\"https:\/\/www.swissraft.ch\/wp-content\/uploads\/2025\/09\/Capture.jpg\",\"contentUrl\":\"https:\/\/www.swissraft.ch\/wp-content\/uploads\/2025\/09\/Capture.jpg\",\"width\":293,\"height\":108,\"caption\":\"Swissraft\"},\"image\":{\"@id\":\"https:\/\/www.swissraft.ch\/de\/#\/schema\/logo\/image\/\"}}]}<\/script>\n<!-- \/ Yoast SEO plugin. -->","yoast_head_json":{"title":"Kanu Funyak Bremgarten-Gebenstorf auf der Reuss; Softparcours","description":"Kanu Funyak Bremgarten-Gebenstorf auf der Reuss, eine Kanu-, Funyak- oder Duckyfahrt, die f\u00fcr Gruppenausfl\u00fcge f\u00fcr ein weiches Abenteuer empfohlen wird.","robots":{"index":"index","follow":"follow","max-snippet":"max-snippet:-1","max-image-preview":"max-image-preview:large","max-video-preview":"max-video-preview:-1"},"canonical":"https:\/\/www.swissraft.ch\/de\/produkt\/kanu-funyak-reuss-bremgarten-gebenstorf\/","og_locale":"de_DE","og_type":"article","og_title":"Kanu Funyak Bremgarten-Gebenstorf auf der Reuss; Softparcours","og_description":"Kanu Funyak Bremgarten-Gebenstorf auf der Reuss, eine Kanu-, Funyak- oder Duckyfahrt, die f\u00fcr Gruppenausfl\u00fcge f\u00fcr ein weiches Abenteuer empfohlen wird.","og_url":"https:\/\/www.swissraft.ch\/de\/produkt\/kanu-funyak-reuss-bremgarten-gebenstorf\/","og_site_name":"Swissraft","article_modified_time":"2026-04-12T15:34:16+00:00","og_image":[{"width":776,"height":776,"url":"https:\/\/www.swissraft.ch\/wp-content\/uploads\/2023\/02\/1-2-Kanufahrt-Bermgarten.Gebenstorf-776x776-1.jpg","type":"image\/jpeg"}],"twitter_card":"summary_large_image","twitter_misc":{"Gesch\u00e4tzte Lesezeit":"1\u00a0Minute"},"schema":{"@context":"https:\/\/schema.org","@graph":[{"@type":"WebPage","@id":"https:\/\/www.swissraft.ch\/de\/produkt\/kanu-funyak-reuss-bremgarten-gebenstorf\/","url":"https:\/\/www.swissraft.ch\/de\/produkt\/kanu-funyak-reuss-bremgarten-gebenstorf\/","name":"Kanu Funyak Bremgarten-Gebenstorf auf der Reuss; Softparcours","isPartOf":{"@id":"https:\/\/www.swissraft.ch\/de\/#website"},"primaryImageOfPage":{"@id":"https:\/\/www.swissraft.ch\/de\/produkt\/kanu-funyak-reuss-bremgarten-gebenstorf\/#primaryimage"},"image":{"@id":"https:\/\/www.swissraft.ch\/de\/produkt\/kanu-funyak-reuss-bremgarten-gebenstorf\/#primaryimage"},"thumbnailUrl":"https:\/\/www.swissraft.ch\/wp-content\/uploads\/2023\/02\/1-2-Kanufahrt-Bermgarten.Gebenstorf-776x776-1.jpg","datePublished":"2023-02-25T15:10:57+00:00","dateModified":"2026-04-12T15:34:16+00:00","description":"Kanu Funyak Bremgarten-Gebenstorf auf der Reuss, eine Kanu-, Funyak- oder Duckyfahrt, die f\u00fcr Gruppenausfl\u00fcge f\u00fcr ein weiches Abenteuer empfohlen wird.","breadcrumb":{"@id":"https:\/\/www.swissraft.ch\/de\/produkt\/kanu-funyak-reuss-bremgarten-gebenstorf\/#breadcrumb"},"inLanguage":"de","potentialAction":[{"@type":"ReadAction","target":["https:\/\/www.swissraft.ch\/de\/produkt\/kanu-funyak-reuss-bremgarten-gebenstorf\/"]}]},{"@type":"ImageObject","inLanguage":"de","@id":"https:\/\/www.swissraft.ch\/de\/produkt\/kanu-funyak-reuss-bremgarten-gebenstorf\/#primaryimage","url":"https:\/\/www.swissraft.ch\/wp-content\/uploads\/2023\/02\/1-2-Kanufahrt-Bermgarten.Gebenstorf-776x776-1.jpg","contentUrl":"https:\/\/www.swissraft.ch\/wp-content\/uploads\/2023\/02\/1-2-Kanufahrt-Bermgarten.Gebenstorf-776x776-1.jpg","width":776,"height":776,"caption":"Kanufunyak Bremgarten-Gebenstorf auf der Reuss"},{"@type":"BreadcrumbList","@id":"https:\/\/www.swissraft.ch\/de\/produkt\/kanu-funyak-reuss-bremgarten-gebenstorf\/#breadcrumb","itemListElement":[{"@type":"ListItem","position":1,"name":"Accueil","item":"https:\/\/www.swissraft.ch\/de\/"},{"@type":"ListItem","position":2,"name":"Shop","item":"https:\/\/www.swissraft.ch\/de\/shop\/"},{"@type":"ListItem","position":3,"name":"Kanu oder Funyak &#8211; Reuss &#8211; Bremgarten-Gebenstorf &#8211; Ab CHF 109.00"}]},{"@type":"WebSite","@id":"https:\/\/www.swissraft.ch\/de\/#website","url":"https:\/\/www.swissraft.ch\/de\/","name":"Swissraft","description":"To enjoy nature as it is","publisher":{"@id":"https:\/\/www.swissraft.ch\/de\/#organization"},"potentialAction":[{"@type":"SearchAction","target":{"@type":"EntryPoint","urlTemplate":"https:\/\/www.swissraft.ch\/de\/?s={search_term_string}"},"query-input":{"@type":"PropertyValueSpecification","valueRequired":true,"valueName":"search_term_string"}}],"inLanguage":"de"},{"@type":"Organization","@id":"https:\/\/www.swissraft.ch\/de\/#organization","name":"Swissraft","url":"https:\/\/www.swissraft.ch\/de\/","logo":{"@type":"ImageObject","inLanguage":"de","@id":"https:\/\/www.swissraft.ch\/de\/#\/schema\/logo\/image\/","url":"https:\/\/www.swissraft.ch\/wp-content\/uploads\/2025\/09\/Capture.jpg","contentUrl":"https:\/\/www.swissraft.ch\/wp-content\/uploads\/2025\/09\/Capture.jpg","width":293,"height":108,"caption":"Swissraft"},"image":{"@id":"https:\/\/www.swissraft.ch\/de\/#\/schema\/logo\/image\/"}}]}},"_links":{"self":[{"href":"https:\/\/www.swissraft.ch\/de\/wp-json\/wp\/v2\/product\/91511","targetHints":{"allow":["GET"]}}],"collection":[{"href":"https:\/\/www.swissraft.ch\/de\/wp-json\/wp\/v2\/product"}],"about":[{"href":"https:\/\/www.swissraft.ch\/de\/wp-json\/wp\/v2\/types\/product"}],"replies":[{"embeddable":true,"href":"https:\/\/www.swissraft.ch\/de\/wp-json\/wp\/v2\/comments?post=91511"}],"version-history":[{"count":33,"href":"https:\/\/www.swissraft.ch\/de\/wp-json\/wp\/v2\/product\/91511\/revisions"}],"predecessor-version":[{"id":139706,"href":"https:\/\/www.swissraft.ch\/de\/wp-json\/wp\/v2\/product\/91511\/revisions\/139706"}],"wp:featuredmedia":[{"embeddable":true,"href":"https:\/\/www.swissraft.ch\/de\/wp-json\/wp\/v2\/media\/90430"}],"wp:attachment":[{"href":"https:\/\/www.swissraft.ch\/de\/wp-json\/wp\/v2\/media?parent=91511"}],"wp:term":[{"taxonomy":"product_cat","embeddable":true,"href":"https:\/\/www.swissraft.ch\/de\/wp-json\/wp\/v2\/product_cat?post=91511"},{"taxonomy":"product_tag","embeddable":true,"href":"https:\/\/www.swissraft.ch\/de\/wp-json\/wp\/v2\/product_tag?post=91511"}],"curies":[{"name":"wp","href":"https:\/\/api.w.org\/{rel}","templated":true}]}}