{"id":91506,"date":"2023-02-26T15:26:31","date_gmt":"2023-02-26T14:26:31","guid":{"rendered":"https:\/\/swissraft.xyanzkdne.eu\/product\/funyak-kanu-auf-dem-ticino-cresciano-gorduno-ab-chf-79-00\/"},"modified":"2026-04-12T23:38:35","modified_gmt":"2026-04-12T21:38:35","slug":"kanu-funyak-ticino-cresciano-gorduno","status":"publish","type":"product","link":"https:\/\/www.swissraft.ch\/de\/produkt\/kanu-funyak-ticino-cresciano-gorduno\/","title":{"rendered":"Kanu oder Funyak &#8211; Ticino &#8211; Cresciano-Gorduno &#8211; Ab CHF 79.00"},"content":{"rendered":"\t\t<div data-elementor-type=\"wp-post\" data-elementor-id=\"91506\" class=\"elementor elementor-91506 elementor-31297\">\n\t\t\t\t\t\t\t\t\t<section class=\"elementor-section elementor-top-section elementor-element elementor-element-3303a7e3 elementor-section-boxed elementor-section-height-default elementor-section-height-default\" data-id=\"3303a7e3\" data-element_type=\"section\">\n\t\t\t\t\t\t<div class=\"elementor-container elementor-column-gap-default\">\n\t\t\t\t\t<div class=\"elementor-column elementor-col-100 elementor-top-column elementor-element elementor-element-16d72dbf\" data-id=\"16d72dbf\" data-element_type=\"column\">\n\t\t\t<div class=\"elementor-widget-wrap elementor-element-populated\">\n\t\t\t\t\t\t\t\t<div class=\"elementor-element elementor-element-d743c03 elementor-widget elementor-widget-text-editor\" data-id=\"d743c03\" data-element_type=\"widget\" data-widget_type=\"text-editor.default\">\n\t\t\t\t<div class=\"elementor-widget-container\">\n\t\t\t\t\t\t\t<h2>W\u00c4HLEN SIE UNTEN IHRE AKTIVIT\u00c4T AUS, UM GESCHENKGUTSCHEINE \/ TICKETS ZU VERSCHENKEN ODER ZU BUCHEN<\/h2><table border=\"0\" width=\"580\" cellspacing=\"10\" cellpadding=\"10\"><tbody><tr><td width=\"50%\"><strong>KANU FUNYAK &#8211; TICINO + Aperitif<\/strong><\/td><td><strong><span class=\"productPrice\">CHF 99.00 pro Person<\/span><\/strong><\/td><\/tr><tr><td>Zus\u00e4tzliche Informationen<\/td><td><span class=\"plbl\">&#8211; Jugendpreis : <span class=\"patt\"><strong>CHF 79.00<\/strong>\/Pers. von 7 bis 17 j\u00e4hrig <\/span><br \/><\/span><span class=\"patt\">&#8211; Mindestalter : 7 j\u00e4hrig in Begleitung eines Erwachsenen<br \/>&#8211; Provisorisch Reservierung bis 5 Pers.<br \/>&#8211; Schulpreis : <span class=\"patt\" style=\"font-family: inherit; font-size: inherit;\"><span class=\"plbl\"><a href=\"https:\/\/www.swissraft.ch\/de\/kontakt\/\">Kontaktieren Sie uns<\/a><\/span><\/span><\/span><\/td><\/tr><tr><td>Startzeiten<\/td><td>09.45 Uhr \/ 14.15 Uhr<\/td><\/tr><tr><td>Kanu oder Funyak<\/td><td>ca. 1,5 Std.<\/td><\/tr><tr><td>Gesamtdauer<\/td><td>ca. 3,5 Std.<\/td><\/tr><tr><td>Treffpunkt<\/td><td><a href=\"https:\/\/www.google.com\/maps\/place\/46%C2%B017'57.9%22N+8%C2%B059'38.9%22E\/@46.2996094,8.9894719,780m\/data=!3m1!1e3!4m4!3m3!8m2!3d46.2994167!4d8.9941389?entry=ttu\" target=\"_blank\" rel=\"noopener\">Cresciano Stazione<\/a><\/td><\/tr><tr><td>Schwierigkeitsgrad<\/td><td>1 \u00e0 1+<\/td><\/tr><tr><td><button class=\"elementor-button\" type=\"button\"><a href=\"https:\/\/swissraft.outdoorbooking.ch\/fo\/products\/734?base_id=71&amp;category_id=9&amp;order_type=gift_voucher&amp;lang=de\" target=\"_blank\" rel=\"noopener\">GUTSCHEIN \/ TICKET KAUFEN<\/a><\/button><\/td><td><span style=\"color: #ff6600;\"><a href=\"https:\/\/swissraft.outdoorbooking.ch\/fo\/products\/734?base_id=71&amp;category_id=9&amp;order_type=event&amp;lang=de\" target=\"_blank\" rel=\"noopener\">RESERVIEREN SIE EIN DATUM<\/a><\/span><\/td><\/tr><\/tbody><\/table>\t\t\t\t\t\t<\/div>\n\t\t\t\t<\/div>\n\t\t\t\t\t<\/div>\n\t\t<\/div>\n\t\t\t\t\t\t\t<\/div>\n\t\t<\/section>\n\t\t\t\t\t\t\t<\/div>\n\t\t","protected":false},"excerpt":{"rendered":"<div align=\"justify\">\n<h2 align=\"justify\">Kanu oder Funyak im Tessin zwischen Cresciano und Arbedo\/Gorduno auf dem Ticino ist eine Fahrt auf dem Wasser<\/h2>\n<h3>Auf dieser Strecke k\u00f6nnen Sie unbesorgt baden und das milde Tessiner Klima genie\u00dfen<\/h3>\n<\/div>\n<div align=\"justify\">\n<p>Wir beginnen unsere Fahrt mit dem Funyak in Cresciano am Ticino. Wir paddeln durch sch\u00f6ne Landschaften. Das klare Wasser glitzert in der Sonne. Von Zeit zu Zeit treffen wir auf kleine Stromschnellen. Der Nervenkitzel ist gro\u00df.<br \/>\nAuf dem Weg bewundern wir die nat\u00fcrliche Sch\u00f6nheit des Tessins. Die gr\u00fcnen Berge erheben sich majest\u00e4tisch um uns herum. Dann beschlie\u00dfen wir, an einem malerischen Ort eine Pause zu machen. Wir landen an einem kleinen Kiesel- und Sandstrand. Einige gehen schwimmen, andere entspannen sich einfach am Wasser. Nach unserer Pause setzen wir unsere Fahrt mit dem Funyak fort. Die Str\u00f6mungen tragen uns langsam in Richtung Arbedo\/Gorduno. Wir sind zufrieden, dass wir den Abstieg geschafft haben. Wir tauschen unsere Eindr\u00fccke aus und freuen uns \u00fcber dieses Abenteuer. Die Erinnerungen an diesen Tag werden in unserem Ged\u00e4chtnis bleiben. Dieses Erlebnis auf dem Ticino ist ein absolutes Muss.<\/p>\n<h3>Swissraft bietet mehr als ein Dutzend Kanu- und Funyak-Touren auf verschiedenen Fl\u00fcssen in der Schweiz an.<\/h3>\n<p id=\"textarea\" style=\"display: none;\">\nSie k\u00f6nnen auch von Ilanz nach Valendas mit dem Funyak auf dem Vorderrhein einen halben Tag lang hinunterfahren. Au\u00dferdem k\u00f6nnen Sie zwischen Ilanz und Reichenau einen Tag lang Kanufunyak auf dem Vorderrhein erleben. Ebenso haben Sie die klassische Funyakfahrt von Versam nach Reichenau, ebenfalls am Vorderrhein. Weiter unten am Rheinfall bieten wir zwei Strecken an: Schaffhausen &#8211; Rheinau ein halber Tag oder Schaffhausen &#8211; R\u00fcdlingen ein ganzer Tag Kanu Funyak. Auf der Reuss gibt es die Halbtagestouren von Bremgarten nach Mellingen und von Mellingen nach Gebenstorf zu entdecken. Der Abschnitt Bremgarten &#8211; Gebenstorf ist sehr beliebt f\u00fcr einen Tagesausflug. F\u00fcr Familien mit ihren Kindern ist die Strecke Chippis &#8211; St. Leonard auf der Rhone im Wallis wird Sie begeistern. F\u00fcr Sportbegeisterte bietet sich der Abschnitt Susten-Siders an.\n<\/p>\n<p><a id=\"seeMore\" onclick=\"toggleSeeMore()\" href=\"javascript:void(0);\">Lesen Sie mehr<\/a><\/p>\n","protected":false},"featured_media":90445,"comment_status":"open","ping_status":"closed","template":"","meta":{"inline_featured_image":false,"_mi_skip_tracking":false},"product_cat":[268,339],"product_tag":[],"class_list":["post-91506","product","type-product","status-publish","has-post-thumbnail","hentry","product_cat-kanu-funyak-oder-ducky-in-der-schweiz","product_cat-kanu-funyak-ticino"],"yoast_head":"<!-- This site is optimized with the Yoast SEO plugin v23.6 - https:\/\/yoast.com\/wordpress\/plugins\/seo\/ -->\n<title>Kanu Cresciano-Gorduno auf dem Ticino im Tessin<\/title>\n<meta name=\"description\" content=\"Cresciano-Gorduno Kanu auf dem Ticino in Tessin. Mediterranes Ambiente, Sonne, W\u00e4rme und Farniente stehen auf diesem Kurs auf dem Programm\" \/>\n<meta name=\"robots\" content=\"index, follow, max-snippet:-1, max-image-preview:large, max-video-preview:-1\" \/>\n<link rel=\"canonical\" href=\"https:\/\/www.swissraft.ch\/de\/produkt\/kanu-funyak-ticino-cresciano-gorduno\/\" \/>\n<meta property=\"og:locale\" content=\"de_DE\" \/>\n<meta property=\"og:type\" content=\"article\" \/>\n<meta property=\"og:title\" content=\"Kanu Cresciano-Gorduno auf dem Ticino im Tessin\" \/>\n<meta property=\"og:description\" content=\"Cresciano-Gorduno Kanu auf dem Ticino in Tessin. Mediterranes Ambiente, Sonne, W\u00e4rme und Farniente stehen auf diesem Kurs auf dem Programm\" \/>\n<meta property=\"og:url\" content=\"https:\/\/www.swissraft.ch\/de\/produkt\/kanu-funyak-ticino-cresciano-gorduno\/\" \/>\n<meta property=\"og:site_name\" content=\"Swissraft\" \/>\n<meta property=\"article:modified_time\" content=\"2026-04-12T21:38:35+00:00\" \/>\n<meta property=\"og:image\" content=\"https:\/\/www.swissraft.ch\/wp-content\/uploads\/2023\/02\/1-1-Kanufahrt-Ticino-776x776-1.jpg\" \/>\n\t<meta property=\"og:image:width\" content=\"776\" \/>\n\t<meta property=\"og:image:height\" content=\"776\" \/>\n\t<meta property=\"og:image:type\" content=\"image\/jpeg\" \/>\n<meta name=\"twitter:card\" content=\"summary_large_image\" \/>\n<meta name=\"twitter:label1\" content=\"Gesch\u00e4tzte Lesezeit\" \/>\n\t<meta name=\"twitter:data1\" content=\"1\u00a0Minute\" \/>\n<script type=\"application\/ld+json\" class=\"yoast-schema-graph\">{\"@context\":\"https:\/\/schema.org\",\"@graph\":[{\"@type\":\"WebPage\",\"@id\":\"https:\/\/www.swissraft.ch\/de\/produkt\/kanu-funyak-ticino-cresciano-gorduno\/\",\"url\":\"https:\/\/www.swissraft.ch\/de\/produkt\/kanu-funyak-ticino-cresciano-gorduno\/\",\"name\":\"Kanu Cresciano-Gorduno auf dem Ticino im Tessin\",\"isPartOf\":{\"@id\":\"https:\/\/www.swissraft.ch\/de\/#website\"},\"primaryImageOfPage\":{\"@id\":\"https:\/\/www.swissraft.ch\/de\/produkt\/kanu-funyak-ticino-cresciano-gorduno\/#primaryimage\"},\"image\":{\"@id\":\"https:\/\/www.swissraft.ch\/de\/produkt\/kanu-funyak-ticino-cresciano-gorduno\/#primaryimage\"},\"thumbnailUrl\":\"https:\/\/www.swissraft.ch\/wp-content\/uploads\/2023\/02\/1-1-Kanufahrt-Ticino-776x776-1.jpg\",\"datePublished\":\"2023-02-26T14:26:31+00:00\",\"dateModified\":\"2026-04-12T21:38:35+00:00\",\"description\":\"Cresciano-Gorduno Kanu auf dem Ticino in Tessin. Mediterranes Ambiente, Sonne, W\u00e4rme und Farniente stehen auf diesem Kurs auf dem Programm\",\"breadcrumb\":{\"@id\":\"https:\/\/www.swissraft.ch\/de\/produkt\/kanu-funyak-ticino-cresciano-gorduno\/#breadcrumb\"},\"inLanguage\":\"de\",\"potentialAction\":[{\"@type\":\"ReadAction\",\"target\":[\"https:\/\/www.swissraft.ch\/de\/produkt\/kanu-funyak-ticino-cresciano-gorduno\/\"]}]},{\"@type\":\"ImageObject\",\"inLanguage\":\"de\",\"@id\":\"https:\/\/www.swissraft.ch\/de\/produkt\/kanu-funyak-ticino-cresciano-gorduno\/#primaryimage\",\"url\":\"https:\/\/www.swissraft.ch\/wp-content\/uploads\/2023\/02\/1-1-Kanufahrt-Ticino-776x776-1.jpg\",\"contentUrl\":\"https:\/\/www.swissraft.ch\/wp-content\/uploads\/2023\/02\/1-1-Kanufahrt-Ticino-776x776-1.jpg\",\"width\":776,\"height\":776,\"caption\":\"Kanu Funyak auf dem Ticino zwischen Cresciano und Gorduno\"},{\"@type\":\"BreadcrumbList\",\"@id\":\"https:\/\/www.swissraft.ch\/de\/produkt\/kanu-funyak-ticino-cresciano-gorduno\/#breadcrumb\",\"itemListElement\":[{\"@type\":\"ListItem\",\"position\":1,\"name\":\"Accueil\",\"item\":\"https:\/\/www.swissraft.ch\/de\/\"},{\"@type\":\"ListItem\",\"position\":2,\"name\":\"Shop\",\"item\":\"https:\/\/www.swissraft.ch\/de\/shop\/\"},{\"@type\":\"ListItem\",\"position\":3,\"name\":\"Kanu oder Funyak &#8211; Ticino &#8211; Cresciano-Gorduno &#8211; Ab CHF 79.00\"}]},{\"@type\":\"WebSite\",\"@id\":\"https:\/\/www.swissraft.ch\/de\/#website\",\"url\":\"https:\/\/www.swissraft.ch\/de\/\",\"name\":\"Swissraft\",\"description\":\"To enjoy nature as it is\",\"publisher\":{\"@id\":\"https:\/\/www.swissraft.ch\/de\/#organization\"},\"potentialAction\":[{\"@type\":\"SearchAction\",\"target\":{\"@type\":\"EntryPoint\",\"urlTemplate\":\"https:\/\/www.swissraft.ch\/de\/?s={search_term_string}\"},\"query-input\":{\"@type\":\"PropertyValueSpecification\",\"valueRequired\":true,\"valueName\":\"search_term_string\"}}],\"inLanguage\":\"de\"},{\"@type\":\"Organization\",\"@id\":\"https:\/\/www.swissraft.ch\/de\/#organization\",\"name\":\"Swissraft\",\"url\":\"https:\/\/www.swissraft.ch\/de\/\",\"logo\":{\"@type\":\"ImageObject\",\"inLanguage\":\"de\",\"@id\":\"https:\/\/www.swissraft.ch\/de\/#\/schema\/logo\/image\/\",\"url\":\"https:\/\/www.swissraft.ch\/wp-content\/uploads\/2025\/09\/Capture.jpg\",\"contentUrl\":\"https:\/\/www.swissraft.ch\/wp-content\/uploads\/2025\/09\/Capture.jpg\",\"width\":293,\"height\":108,\"caption\":\"Swissraft\"},\"image\":{\"@id\":\"https:\/\/www.swissraft.ch\/de\/#\/schema\/logo\/image\/\"}}]}<\/script>\n<!-- \/ Yoast SEO plugin. -->","yoast_head_json":{"title":"Kanu Cresciano-Gorduno auf dem Ticino im Tessin","description":"Cresciano-Gorduno Kanu auf dem Ticino in Tessin. Mediterranes Ambiente, Sonne, W\u00e4rme und Farniente stehen auf diesem Kurs auf dem Programm","robots":{"index":"index","follow":"follow","max-snippet":"max-snippet:-1","max-image-preview":"max-image-preview:large","max-video-preview":"max-video-preview:-1"},"canonical":"https:\/\/www.swissraft.ch\/de\/produkt\/kanu-funyak-ticino-cresciano-gorduno\/","og_locale":"de_DE","og_type":"article","og_title":"Kanu Cresciano-Gorduno auf dem Ticino im Tessin","og_description":"Cresciano-Gorduno Kanu auf dem Ticino in Tessin. Mediterranes Ambiente, Sonne, W\u00e4rme und Farniente stehen auf diesem Kurs auf dem Programm","og_url":"https:\/\/www.swissraft.ch\/de\/produkt\/kanu-funyak-ticino-cresciano-gorduno\/","og_site_name":"Swissraft","article_modified_time":"2026-04-12T21:38:35+00:00","og_image":[{"width":776,"height":776,"url":"https:\/\/www.swissraft.ch\/wp-content\/uploads\/2023\/02\/1-1-Kanufahrt-Ticino-776x776-1.jpg","type":"image\/jpeg"}],"twitter_card":"summary_large_image","twitter_misc":{"Gesch\u00e4tzte Lesezeit":"1\u00a0Minute"},"schema":{"@context":"https:\/\/schema.org","@graph":[{"@type":"WebPage","@id":"https:\/\/www.swissraft.ch\/de\/produkt\/kanu-funyak-ticino-cresciano-gorduno\/","url":"https:\/\/www.swissraft.ch\/de\/produkt\/kanu-funyak-ticino-cresciano-gorduno\/","name":"Kanu Cresciano-Gorduno auf dem Ticino im Tessin","isPartOf":{"@id":"https:\/\/www.swissraft.ch\/de\/#website"},"primaryImageOfPage":{"@id":"https:\/\/www.swissraft.ch\/de\/produkt\/kanu-funyak-ticino-cresciano-gorduno\/#primaryimage"},"image":{"@id":"https:\/\/www.swissraft.ch\/de\/produkt\/kanu-funyak-ticino-cresciano-gorduno\/#primaryimage"},"thumbnailUrl":"https:\/\/www.swissraft.ch\/wp-content\/uploads\/2023\/02\/1-1-Kanufahrt-Ticino-776x776-1.jpg","datePublished":"2023-02-26T14:26:31+00:00","dateModified":"2026-04-12T21:38:35+00:00","description":"Cresciano-Gorduno Kanu auf dem Ticino in Tessin. Mediterranes Ambiente, Sonne, W\u00e4rme und Farniente stehen auf diesem Kurs auf dem Programm","breadcrumb":{"@id":"https:\/\/www.swissraft.ch\/de\/produkt\/kanu-funyak-ticino-cresciano-gorduno\/#breadcrumb"},"inLanguage":"de","potentialAction":[{"@type":"ReadAction","target":["https:\/\/www.swissraft.ch\/de\/produkt\/kanu-funyak-ticino-cresciano-gorduno\/"]}]},{"@type":"ImageObject","inLanguage":"de","@id":"https:\/\/www.swissraft.ch\/de\/produkt\/kanu-funyak-ticino-cresciano-gorduno\/#primaryimage","url":"https:\/\/www.swissraft.ch\/wp-content\/uploads\/2023\/02\/1-1-Kanufahrt-Ticino-776x776-1.jpg","contentUrl":"https:\/\/www.swissraft.ch\/wp-content\/uploads\/2023\/02\/1-1-Kanufahrt-Ticino-776x776-1.jpg","width":776,"height":776,"caption":"Kanu Funyak auf dem Ticino zwischen Cresciano und Gorduno"},{"@type":"BreadcrumbList","@id":"https:\/\/www.swissraft.ch\/de\/produkt\/kanu-funyak-ticino-cresciano-gorduno\/#breadcrumb","itemListElement":[{"@type":"ListItem","position":1,"name":"Accueil","item":"https:\/\/www.swissraft.ch\/de\/"},{"@type":"ListItem","position":2,"name":"Shop","item":"https:\/\/www.swissraft.ch\/de\/shop\/"},{"@type":"ListItem","position":3,"name":"Kanu oder Funyak &#8211; Ticino &#8211; Cresciano-Gorduno &#8211; Ab CHF 79.00"}]},{"@type":"WebSite","@id":"https:\/\/www.swissraft.ch\/de\/#website","url":"https:\/\/www.swissraft.ch\/de\/","name":"Swissraft","description":"To enjoy nature as it is","publisher":{"@id":"https:\/\/www.swissraft.ch\/de\/#organization"},"potentialAction":[{"@type":"SearchAction","target":{"@type":"EntryPoint","urlTemplate":"https:\/\/www.swissraft.ch\/de\/?s={search_term_string}"},"query-input":{"@type":"PropertyValueSpecification","valueRequired":true,"valueName":"search_term_string"}}],"inLanguage":"de"},{"@type":"Organization","@id":"https:\/\/www.swissraft.ch\/de\/#organization","name":"Swissraft","url":"https:\/\/www.swissraft.ch\/de\/","logo":{"@type":"ImageObject","inLanguage":"de","@id":"https:\/\/www.swissraft.ch\/de\/#\/schema\/logo\/image\/","url":"https:\/\/www.swissraft.ch\/wp-content\/uploads\/2025\/09\/Capture.jpg","contentUrl":"https:\/\/www.swissraft.ch\/wp-content\/uploads\/2025\/09\/Capture.jpg","width":293,"height":108,"caption":"Swissraft"},"image":{"@id":"https:\/\/www.swissraft.ch\/de\/#\/schema\/logo\/image\/"}}]}},"_links":{"self":[{"href":"https:\/\/www.swissraft.ch\/de\/wp-json\/wp\/v2\/product\/91506","targetHints":{"allow":["GET"]}}],"collection":[{"href":"https:\/\/www.swissraft.ch\/de\/wp-json\/wp\/v2\/product"}],"about":[{"href":"https:\/\/www.swissraft.ch\/de\/wp-json\/wp\/v2\/types\/product"}],"replies":[{"embeddable":true,"href":"https:\/\/www.swissraft.ch\/de\/wp-json\/wp\/v2\/comments?post=91506"}],"version-history":[{"count":41,"href":"https:\/\/www.swissraft.ch\/de\/wp-json\/wp\/v2\/product\/91506\/revisions"}],"predecessor-version":[{"id":139911,"href":"https:\/\/www.swissraft.ch\/de\/wp-json\/wp\/v2\/product\/91506\/revisions\/139911"}],"wp:featuredmedia":[{"embeddable":true,"href":"https:\/\/www.swissraft.ch\/de\/wp-json\/wp\/v2\/media\/90445"}],"wp:attachment":[{"href":"https:\/\/www.swissraft.ch\/de\/wp-json\/wp\/v2\/media?parent=91506"}],"wp:term":[{"taxonomy":"product_cat","embeddable":true,"href":"https:\/\/www.swissraft.ch\/de\/wp-json\/wp\/v2\/product_cat?post=91506"},{"taxonomy":"product_tag","embeddable":true,"href":"https:\/\/www.swissraft.ch\/de\/wp-json\/wp\/v2\/product_tag?post=91506"}],"curies":[{"name":"wp","href":"https:\/\/api.w.org\/{rel}","templated":true}]}}