{"id":91502,"date":"2023-02-25T23:00:59","date_gmt":"2023-02-25T22:00:59","guid":{"rendered":"https:\/\/swissraft.xyanzkdne.eu\/product\/kanufahrt-funyak-auf-la-reuss-mellingen-gebenstorf-ab-chf-79-00\/"},"modified":"2026-04-11T19:29:19","modified_gmt":"2026-04-11T17:29:19","slug":"kanu-funyak-reuss-mellingen-gebenstorf","status":"publish","type":"product","link":"https:\/\/www.swissraft.ch\/de\/produkt\/kanu-funyak-reuss-mellingen-gebenstorf\/","title":{"rendered":"Kanu oder Funyak &#8211; Reuss &#8211; Mellingen-Gebenstorf &#8211; Ab CHF 79.00"},"content":{"rendered":"\t\t<div data-elementor-type=\"wp-post\" data-elementor-id=\"91502\" class=\"elementor elementor-91502 elementor-31282\">\n\t\t\t\t\t\t\t\t\t<section class=\"elementor-section elementor-top-section elementor-element elementor-element-3303a7e3 elementor-section-boxed elementor-section-height-default elementor-section-height-default\" data-id=\"3303a7e3\" data-element_type=\"section\">\n\t\t\t\t\t\t<div class=\"elementor-container elementor-column-gap-default\">\n\t\t\t\t\t<div class=\"elementor-column elementor-col-100 elementor-top-column elementor-element elementor-element-16d72dbf\" data-id=\"16d72dbf\" data-element_type=\"column\">\n\t\t\t<div class=\"elementor-widget-wrap elementor-element-populated\">\n\t\t\t\t\t\t\t\t<div class=\"elementor-element elementor-element-d743c03 elementor-widget elementor-widget-text-editor\" data-id=\"d743c03\" data-element_type=\"widget\" data-widget_type=\"text-editor.default\">\n\t\t\t\t<div class=\"elementor-widget-container\">\n\t\t\t\t\t\t\t<h2>W\u00c4HLEN SIE UNTEN IHRE AKTIVIT\u00c4T AUS, UM GESCHENKGUTSCHEINE \/ TICKETS ZU VERSCHENKEN ODER ZU BUCHEN.<\/h2><table border=\"0\" width=\"580\" cellspacing=\"10\" cellpadding=\"10\"><tbody><tr><td width=\"50%\"><strong>KANU ODER FUNYAK &#8211; REUSS + Aperitif (1-12 Pers.)<\/strong><\/td><td><strong><span class=\"productPrice\">CHF 1&#8217;360.00 Pauschalpreis<\/span><\/strong><\/td><\/tr><tr><td>Zus\u00e4tzliche INformationen<\/td><td>&#8211; <span class=\"plbl\">Jugendpreis <\/span>: <span class=\"patt\"><strong>CHF 79.00<\/strong>\/Pers. bis 17 j\u00e4hrig<br \/>&#8211; Mindestalter : 7 j\u00e4hrig<br \/>&#8211; Schulpreis : <span class=\"patt\" style=\"font-family: inherit; font-size: inherit;\"><span class=\"plbl\"><a href=\"https:\/\/www.swissraft.ch\/de\/kontakt\/\">Kontaktieren Sie uns<\/a><\/span><\/span><\/span><\/td><\/tr><tr><td>Strecke<\/td><td><strong>Mellingen-Gebenstorf<\/strong><\/td><\/tr><tr><td>Startzeit<\/td><td>13:30<\/td><\/tr><tr><td>Kanu oder Funyak<\/td><td>ca. 2 Std.<\/td><\/tr><tr><td>Gesamtdauer<\/td><td>ca. 3,5 Std.<\/td><\/tr><tr><td>Treffpunkt<\/td><td><a href=\"https:\/\/www.google.com\/maps\/place\/47%C2%B025'02.3%22N+8%C2%B016'30.8%22E\/@47.4175524,8.2707269,764m\/data=!3m1!1e3!4m4!3m3!8m2!3d47.4173056!4d8.2752222?entry=ttu\" target=\"_blank\" rel=\"noopener\">Mellingen<\/a><\/td><\/tr><tr><td>Schwierigkeitsgrad<\/td><td>1<\/td><\/tr><tr><td><a href=\"https:\/\/swissraft.outdoorbooking.ch\/fo\/products\/1972?base_id=91&amp;category_id=9&amp;order_type=gift_voucher&amp;lang=de\" target=\"_blank\" rel=\"noopener\"><button class=\"elementor-button\" type=\"button\">GUTSCHEIN \/ TICKET KAUFEN<\/button><\/a><\/td><td><a href=\"https:\/\/swissraft.outdoorbooking.ch\/fo\/products\/1972?base_id=91&amp;category_id=9&amp;order_type=event&amp;lang=de\" target=\"_blank\" rel=\"noopener\">RESERVIEREN SIE EIN DATUM\u00a0<\/a> <strong>CHF 1&#8217;360.00 (1-12 Pers.)<\/strong><\/td><\/tr><tr><td><a href=\"https:\/\/swissraft.outdoorbooking.ch\/fo\/products\/1973?base_id=91&amp;category_id=9&amp;order_type=gift_voucher&amp;lang=de\" target=\"_blank\" rel=\"noopener\"><button class=\"elementor-button\" type=\"button\">GUTSCHEIN \/ TICKET KAUFEN<\/button><\/a><\/td><td><a href=\"https:\/\/swissraft.outdoorbooking.ch\/fo\/products\/1973?base_id=91&amp;category_id=9&amp;order_type=event&amp;lang=de\" target=\"_blank\" rel=\"noopener\">RESERVIEREN SIE EIN DATUM <\/a>\u00a0<strong>CHF 114.00<\/strong>\/Pers.<strong> (13-20<\/strong> <strong>Pers<\/strong><strong>.)<\/strong><\/td><\/tr><tr><td><a href=\"https:\/\/swissraft.outdoorbooking.ch\/fo\/products\/1974?base_id=91&amp;category_id=9&amp;order_type=gift_voucher&amp;lang=de\" target=\"_blank\" rel=\"noopener\"><button class=\"elementor-button\" type=\"button\">GUTSCHEIN \/ TICKET KAUFEN<\/button><\/a><\/td><td><a href=\"https:\/\/swissraft.outdoorbooking.ch\/fo\/products\/1974?base_id=91&amp;category_id=9&amp;order_type=event&amp;lang=de\" target=\"_blank\" rel=\"noopener\">RESERVIEREN SIE EIN DATUM <\/a>\u00a0<strong>CHF 104.00<\/strong>\/Pers.<strong> 21-30<\/strong> <strong>Pers<\/strong>.<strong> )<\/strong><\/td><\/tr><tr><td><a href=\"https:\/\/swissraft.outdoorbooking.ch\/fo\/products\/2190?base_id=91&amp;category_id=9&amp;order_type=gift_voucher&amp;lang=de\" target=\"_blank\" rel=\"noopener\"><button class=\"elementor-button\" type=\"button\">GUTSCHEIN \/ TICKET KAUFEN<\/button><\/a><\/td><td><a href=\"https:\/\/swissraft.outdoorbooking.ch\/fo\/products\/2190?base_id=91&amp;category_id=9&amp;order_type=event&amp;lang=de\" target=\"_blank\" rel=\"noopener\">RESERVIEREN SIE EIN DATUM <\/a> <strong>CHF 94.00<\/strong>\/Pers.<strong> (31 Pers. und mehr)<\/strong><\/td><\/tr><\/tbody><\/table>\t\t\t\t\t\t<\/div>\n\t\t\t\t<\/div>\n\t\t\t\t\t<\/div>\n\t\t<\/div>\n\t\t\t\t\t\t\t<\/div>\n\t\t<\/section>\n\t\t\t\t\t\t\t<\/div>\n\t\t","protected":false},"excerpt":{"rendered":"<div align=\"justify\">\n<h2 align=\"justify\">Kanufahren auf der Reuss zwischen Mellingen und Gebenstorf ist ein weiches Abenteuer.<\/h2>\n<h3>Eine angenehme Abfahrt auf der Reuss erwartet Sie<\/h3>\n<\/div>\n<div align=\"justify\">\n<p>Kanufahren, auch Funyak oder Ducky genannt, ist eine spannende Aktivit\u00e4t, die f\u00fcr alle zug\u00e4nglich ist. Diese Aktivit\u00e4t erm\u00f6glicht es Ihnen, die Fl\u00fcsse auf spielerische und sichere Weise zu entdecken. Dar\u00fcber hinaus bietet Funyak eine gro\u00dfe Vielfalt an Routen, die f\u00fcr jedes Niveau und Alter geeignet sind. Ob Anf\u00e4nger oder Fortgeschrittener, Sie werden immer eine Route finden, die Ihren Erwartungen entspricht.<br \/>\nIn der Gruppe st\u00e4rkt Funyak die Beziehungen zwischen den Teilnehmern und bietet einen angenehmen Tag im Freien. Au\u00dferdem ist diese Aktivit\u00e4t ideal f\u00fcr Familien, Freunde und Arbeitskollegen. So k\u00f6nnen Sie gemeinsam einen gem\u00fctlichen Moment verbringen.<\/p>\n<h3>Swissraft bietet zahlreiche Kanu-, Funyak- und Ducky-Routen in der Schweiz an.<\/h3>\n<p id=\"textarea\" style=\"display: none;\">\nEbenfalls auf der Reuss bieten wir die folgenden Strecken an: Bremgarten &#8211; Mellingen als Halbtagesausflug und Bremgarten &#8211; Gebenstorf als Tagesausflug. Um die Rh\u00f4ne zu erkunden, ist der Abschnitt zwischen Chippis und St. Petersburg ideal. L\u00e9onard ist besonders empfehlenswert. Dieser Teil des Flusses ist ruhig und sicher, geeignet f\u00fcr die J\u00fcngsten und diejenigen, die eine ruhige Fahrt bevorzugen. Auch auf der Rh\u00f4ne zwischen Souste und Sierre k\u00f6nnen Sie eine andere, viel turbulentere Route w\u00e4hlen. Swissraft bietet auch Funyak-Kanufahrten in Graub\u00fcnden und auf dem Rhein ab Ilanz in der Surselva an. Ob mit Freunden, Familie oder Kollegen, diese Strecken bieten ein unvergessliches Erlebnis in einer au\u00dfergew\u00f6hnlichen nat\u00fcrlichen Umgebung. Unterhalb des Rheinfalls k\u00f6nnen Sie den unteren Teil des Rheins von Schaffhausen bis Rheinau f\u00fcr einen halben Tag oder von Schaffhausen bis R\u00fcdlingen f\u00fcr einen Tag mit dem Funyak erkunden. Auf dem Ticino im Tessin ist die Strecke Cresciano-Gorduno perfekt f\u00fcr einen Schulausflug. Ob Sie ein Familienabenteuer, einen Ausflug mit Freunden oder eine teambildende Aktivit\u00e4t suchen, Funyak-Kanu bietet vielf\u00e4ltige Erlebnisse, die f\u00fcr alle zug\u00e4nglich sind. Genie\u00dfen Sie die Sch\u00f6nheit der Schweizer Fl\u00fcsse und erleben Sie unvergessliche Momente auf dem Wasser.\n<\/p>\n<p><a id=\"seeMore\" onclick=\"toggleSeeMore()\" href=\"javascript:void(0);\">Lesen Sie mehr<\/a><\/p>\n","protected":false},"featured_media":90310,"comment_status":"open","ping_status":"closed","template":"","meta":{"inline_featured_image":false,"_mi_skip_tracking":false},"product_cat":[268,338],"product_tag":[],"class_list":["post-91502","product","type-product","status-publish","has-post-thumbnail","hentry","product_cat-kanu-funyak-oder-ducky-in-der-schweiz","product_cat-kanu-funyak-reuss"],"yoast_head":"<!-- This site is optimized with the Yoast SEO plugin v23.6 - https:\/\/yoast.com\/wordpress\/plugins\/seo\/ -->\n<title>Kanu Mellingen-Gebenstorf, eine weiche Strecke f\u00fcr alle<\/title>\n<meta name=\"description\" content=\"Kanu Mellingen-Gebenstorf oder Funyak, ein wundersch\u00f6n und Softstrecke f\u00fcr alle auf der Reuss, der zum Teil im Kanton Aargau liegt.\" \/>\n<meta name=\"robots\" content=\"index, follow, max-snippet:-1, max-image-preview:large, max-video-preview:-1\" \/>\n<link rel=\"canonical\" href=\"https:\/\/www.swissraft.ch\/de\/produkt\/kanu-funyak-reuss-mellingen-gebenstorf\/\" \/>\n<meta property=\"og:locale\" content=\"de_DE\" \/>\n<meta property=\"og:type\" content=\"article\" \/>\n<meta property=\"og:title\" content=\"Kanu Mellingen-Gebenstorf, eine weiche Strecke f\u00fcr alle\" \/>\n<meta property=\"og:description\" content=\"Kanu Mellingen-Gebenstorf oder Funyak, ein wundersch\u00f6n und Softstrecke f\u00fcr alle auf der Reuss, der zum Teil im Kanton Aargau liegt.\" \/>\n<meta property=\"og:url\" content=\"https:\/\/www.swissraft.ch\/de\/produkt\/kanu-funyak-reuss-mellingen-gebenstorf\/\" \/>\n<meta property=\"og:site_name\" content=\"Swissraft\" \/>\n<meta property=\"article:modified_time\" content=\"2026-04-11T17:29:19+00:00\" \/>\n<meta property=\"og:image\" content=\"https:\/\/www.swissraft.ch\/wp-content\/uploads\/2023\/02\/1-1-Mellingen-Gebenstorf-776x776-1.jpg\" \/>\n\t<meta property=\"og:image:width\" content=\"776\" \/>\n\t<meta property=\"og:image:height\" content=\"776\" \/>\n\t<meta property=\"og:image:type\" content=\"image\/jpeg\" \/>\n<meta name=\"twitter:card\" content=\"summary_large_image\" \/>\n<meta name=\"twitter:label1\" content=\"Gesch\u00e4tzte Lesezeit\" \/>\n\t<meta name=\"twitter:data1\" content=\"1\u00a0Minute\" \/>\n<script type=\"application\/ld+json\" class=\"yoast-schema-graph\">{\"@context\":\"https:\/\/schema.org\",\"@graph\":[{\"@type\":\"WebPage\",\"@id\":\"https:\/\/www.swissraft.ch\/de\/produkt\/kanu-funyak-reuss-mellingen-gebenstorf\/\",\"url\":\"https:\/\/www.swissraft.ch\/de\/produkt\/kanu-funyak-reuss-mellingen-gebenstorf\/\",\"name\":\"Kanu Mellingen-Gebenstorf, eine weiche Strecke f\u00fcr alle\",\"isPartOf\":{\"@id\":\"https:\/\/www.swissraft.ch\/de\/#website\"},\"primaryImageOfPage\":{\"@id\":\"https:\/\/www.swissraft.ch\/de\/produkt\/kanu-funyak-reuss-mellingen-gebenstorf\/#primaryimage\"},\"image\":{\"@id\":\"https:\/\/www.swissraft.ch\/de\/produkt\/kanu-funyak-reuss-mellingen-gebenstorf\/#primaryimage\"},\"thumbnailUrl\":\"https:\/\/www.swissraft.ch\/wp-content\/uploads\/2023\/02\/1-1-Mellingen-Gebenstorf-776x776-1.jpg\",\"datePublished\":\"2023-02-25T22:00:59+00:00\",\"dateModified\":\"2026-04-11T17:29:19+00:00\",\"description\":\"Kanu Mellingen-Gebenstorf oder Funyak, ein wundersch\u00f6n und Softstrecke f\u00fcr alle auf der Reuss, der zum Teil im Kanton Aargau liegt.\",\"breadcrumb\":{\"@id\":\"https:\/\/www.swissraft.ch\/de\/produkt\/kanu-funyak-reuss-mellingen-gebenstorf\/#breadcrumb\"},\"inLanguage\":\"de\",\"potentialAction\":[{\"@type\":\"ReadAction\",\"target\":[\"https:\/\/www.swissraft.ch\/de\/produkt\/kanu-funyak-reuss-mellingen-gebenstorf\/\"]}]},{\"@type\":\"ImageObject\",\"inLanguage\":\"de\",\"@id\":\"https:\/\/www.swissraft.ch\/de\/produkt\/kanu-funyak-reuss-mellingen-gebenstorf\/#primaryimage\",\"url\":\"https:\/\/www.swissraft.ch\/wp-content\/uploads\/2023\/02\/1-1-Mellingen-Gebenstorf-776x776-1.jpg\",\"contentUrl\":\"https:\/\/www.swissraft.ch\/wp-content\/uploads\/2023\/02\/1-1-Mellingen-Gebenstorf-776x776-1.jpg\",\"width\":776,\"height\":776,\"caption\":\"Kanufunyak auf der Reuss zwischen Mellingen und Gebenstorf\"},{\"@type\":\"BreadcrumbList\",\"@id\":\"https:\/\/www.swissraft.ch\/de\/produkt\/kanu-funyak-reuss-mellingen-gebenstorf\/#breadcrumb\",\"itemListElement\":[{\"@type\":\"ListItem\",\"position\":1,\"name\":\"Accueil\",\"item\":\"https:\/\/www.swissraft.ch\/de\/\"},{\"@type\":\"ListItem\",\"position\":2,\"name\":\"Shop\",\"item\":\"https:\/\/www.swissraft.ch\/de\/shop\/\"},{\"@type\":\"ListItem\",\"position\":3,\"name\":\"Kanu oder Funyak &#8211; Reuss &#8211; Mellingen-Gebenstorf &#8211; Ab CHF 79.00\"}]},{\"@type\":\"WebSite\",\"@id\":\"https:\/\/www.swissraft.ch\/de\/#website\",\"url\":\"https:\/\/www.swissraft.ch\/de\/\",\"name\":\"Swissraft\",\"description\":\"To enjoy nature as it is\",\"publisher\":{\"@id\":\"https:\/\/www.swissraft.ch\/de\/#organization\"},\"potentialAction\":[{\"@type\":\"SearchAction\",\"target\":{\"@type\":\"EntryPoint\",\"urlTemplate\":\"https:\/\/www.swissraft.ch\/de\/?s={search_term_string}\"},\"query-input\":{\"@type\":\"PropertyValueSpecification\",\"valueRequired\":true,\"valueName\":\"search_term_string\"}}],\"inLanguage\":\"de\"},{\"@type\":\"Organization\",\"@id\":\"https:\/\/www.swissraft.ch\/de\/#organization\",\"name\":\"Swissraft\",\"url\":\"https:\/\/www.swissraft.ch\/de\/\",\"logo\":{\"@type\":\"ImageObject\",\"inLanguage\":\"de\",\"@id\":\"https:\/\/www.swissraft.ch\/de\/#\/schema\/logo\/image\/\",\"url\":\"https:\/\/www.swissraft.ch\/wp-content\/uploads\/2025\/09\/Capture.jpg\",\"contentUrl\":\"https:\/\/www.swissraft.ch\/wp-content\/uploads\/2025\/09\/Capture.jpg\",\"width\":293,\"height\":108,\"caption\":\"Swissraft\"},\"image\":{\"@id\":\"https:\/\/www.swissraft.ch\/de\/#\/schema\/logo\/image\/\"}}]}<\/script>\n<!-- \/ Yoast SEO plugin. -->","yoast_head_json":{"title":"Kanu Mellingen-Gebenstorf, eine weiche Strecke f\u00fcr alle","description":"Kanu Mellingen-Gebenstorf oder Funyak, ein wundersch\u00f6n und Softstrecke f\u00fcr alle auf der Reuss, der zum Teil im Kanton Aargau liegt.","robots":{"index":"index","follow":"follow","max-snippet":"max-snippet:-1","max-image-preview":"max-image-preview:large","max-video-preview":"max-video-preview:-1"},"canonical":"https:\/\/www.swissraft.ch\/de\/produkt\/kanu-funyak-reuss-mellingen-gebenstorf\/","og_locale":"de_DE","og_type":"article","og_title":"Kanu Mellingen-Gebenstorf, eine weiche Strecke f\u00fcr alle","og_description":"Kanu Mellingen-Gebenstorf oder Funyak, ein wundersch\u00f6n und Softstrecke f\u00fcr alle auf der Reuss, der zum Teil im Kanton Aargau liegt.","og_url":"https:\/\/www.swissraft.ch\/de\/produkt\/kanu-funyak-reuss-mellingen-gebenstorf\/","og_site_name":"Swissraft","article_modified_time":"2026-04-11T17:29:19+00:00","og_image":[{"width":776,"height":776,"url":"https:\/\/www.swissraft.ch\/wp-content\/uploads\/2023\/02\/1-1-Mellingen-Gebenstorf-776x776-1.jpg","type":"image\/jpeg"}],"twitter_card":"summary_large_image","twitter_misc":{"Gesch\u00e4tzte Lesezeit":"1\u00a0Minute"},"schema":{"@context":"https:\/\/schema.org","@graph":[{"@type":"WebPage","@id":"https:\/\/www.swissraft.ch\/de\/produkt\/kanu-funyak-reuss-mellingen-gebenstorf\/","url":"https:\/\/www.swissraft.ch\/de\/produkt\/kanu-funyak-reuss-mellingen-gebenstorf\/","name":"Kanu Mellingen-Gebenstorf, eine weiche Strecke f\u00fcr alle","isPartOf":{"@id":"https:\/\/www.swissraft.ch\/de\/#website"},"primaryImageOfPage":{"@id":"https:\/\/www.swissraft.ch\/de\/produkt\/kanu-funyak-reuss-mellingen-gebenstorf\/#primaryimage"},"image":{"@id":"https:\/\/www.swissraft.ch\/de\/produkt\/kanu-funyak-reuss-mellingen-gebenstorf\/#primaryimage"},"thumbnailUrl":"https:\/\/www.swissraft.ch\/wp-content\/uploads\/2023\/02\/1-1-Mellingen-Gebenstorf-776x776-1.jpg","datePublished":"2023-02-25T22:00:59+00:00","dateModified":"2026-04-11T17:29:19+00:00","description":"Kanu Mellingen-Gebenstorf oder Funyak, ein wundersch\u00f6n und Softstrecke f\u00fcr alle auf der Reuss, der zum Teil im Kanton Aargau liegt.","breadcrumb":{"@id":"https:\/\/www.swissraft.ch\/de\/produkt\/kanu-funyak-reuss-mellingen-gebenstorf\/#breadcrumb"},"inLanguage":"de","potentialAction":[{"@type":"ReadAction","target":["https:\/\/www.swissraft.ch\/de\/produkt\/kanu-funyak-reuss-mellingen-gebenstorf\/"]}]},{"@type":"ImageObject","inLanguage":"de","@id":"https:\/\/www.swissraft.ch\/de\/produkt\/kanu-funyak-reuss-mellingen-gebenstorf\/#primaryimage","url":"https:\/\/www.swissraft.ch\/wp-content\/uploads\/2023\/02\/1-1-Mellingen-Gebenstorf-776x776-1.jpg","contentUrl":"https:\/\/www.swissraft.ch\/wp-content\/uploads\/2023\/02\/1-1-Mellingen-Gebenstorf-776x776-1.jpg","width":776,"height":776,"caption":"Kanufunyak auf der Reuss zwischen Mellingen und Gebenstorf"},{"@type":"BreadcrumbList","@id":"https:\/\/www.swissraft.ch\/de\/produkt\/kanu-funyak-reuss-mellingen-gebenstorf\/#breadcrumb","itemListElement":[{"@type":"ListItem","position":1,"name":"Accueil","item":"https:\/\/www.swissraft.ch\/de\/"},{"@type":"ListItem","position":2,"name":"Shop","item":"https:\/\/www.swissraft.ch\/de\/shop\/"},{"@type":"ListItem","position":3,"name":"Kanu oder Funyak &#8211; Reuss &#8211; Mellingen-Gebenstorf &#8211; Ab CHF 79.00"}]},{"@type":"WebSite","@id":"https:\/\/www.swissraft.ch\/de\/#website","url":"https:\/\/www.swissraft.ch\/de\/","name":"Swissraft","description":"To enjoy nature as it is","publisher":{"@id":"https:\/\/www.swissraft.ch\/de\/#organization"},"potentialAction":[{"@type":"SearchAction","target":{"@type":"EntryPoint","urlTemplate":"https:\/\/www.swissraft.ch\/de\/?s={search_term_string}"},"query-input":{"@type":"PropertyValueSpecification","valueRequired":true,"valueName":"search_term_string"}}],"inLanguage":"de"},{"@type":"Organization","@id":"https:\/\/www.swissraft.ch\/de\/#organization","name":"Swissraft","url":"https:\/\/www.swissraft.ch\/de\/","logo":{"@type":"ImageObject","inLanguage":"de","@id":"https:\/\/www.swissraft.ch\/de\/#\/schema\/logo\/image\/","url":"https:\/\/www.swissraft.ch\/wp-content\/uploads\/2025\/09\/Capture.jpg","contentUrl":"https:\/\/www.swissraft.ch\/wp-content\/uploads\/2025\/09\/Capture.jpg","width":293,"height":108,"caption":"Swissraft"},"image":{"@id":"https:\/\/www.swissraft.ch\/de\/#\/schema\/logo\/image\/"}}]}},"_links":{"self":[{"href":"https:\/\/www.swissraft.ch\/de\/wp-json\/wp\/v2\/product\/91502","targetHints":{"allow":["GET"]}}],"collection":[{"href":"https:\/\/www.swissraft.ch\/de\/wp-json\/wp\/v2\/product"}],"about":[{"href":"https:\/\/www.swissraft.ch\/de\/wp-json\/wp\/v2\/types\/product"}],"replies":[{"embeddable":true,"href":"https:\/\/www.swissraft.ch\/de\/wp-json\/wp\/v2\/comments?post=91502"}],"version-history":[{"count":45,"href":"https:\/\/www.swissraft.ch\/de\/wp-json\/wp\/v2\/product\/91502\/revisions"}],"predecessor-version":[{"id":139432,"href":"https:\/\/www.swissraft.ch\/de\/wp-json\/wp\/v2\/product\/91502\/revisions\/139432"}],"wp:featuredmedia":[{"embeddable":true,"href":"https:\/\/www.swissraft.ch\/de\/wp-json\/wp\/v2\/media\/90310"}],"wp:attachment":[{"href":"https:\/\/www.swissraft.ch\/de\/wp-json\/wp\/v2\/media?parent=91502"}],"wp:term":[{"taxonomy":"product_cat","embeddable":true,"href":"https:\/\/www.swissraft.ch\/de\/wp-json\/wp\/v2\/product_cat?post=91502"},{"taxonomy":"product_tag","embeddable":true,"href":"https:\/\/www.swissraft.ch\/de\/wp-json\/wp\/v2\/product_tag?post=91502"}],"curies":[{"name":"wp","href":"https:\/\/api.w.org\/{rel}","templated":true}]}}