{"id":91498,"date":"2023-02-25T14:45:03","date_gmt":"2023-02-25T13:45:03","guid":{"rendered":"https:\/\/swissraft.xyanzkdne.eu\/product\/easy-rafting-auf-dem-rhein-schaffhouse-ruedlingen-ab-chf-109-00\/"},"modified":"2026-03-02T21:32:31","modified_gmt":"2026-03-02T20:32:31","slug":"easy-rafting-rhein-schaffhausen-ruedlingen","status":"publish","type":"product","link":"https:\/\/www.swissraft.ch\/de\/produkt\/easy-rafting-rhein-schaffhausen-ruedlingen\/","title":{"rendered":"Easy Rafting auf dem RHEIN &#8211; SCHAFFHAUSEN &#8211; R\u00dcDLINGEN &#8211; Ab CHF 109.00"},"content":{"rendered":"\t\t<div data-elementor-type=\"wp-post\" data-elementor-id=\"91498\" class=\"elementor elementor-91498 elementor-31252\">\n\t\t\t\t\t\t\t\t\t<section class=\"elementor-section elementor-top-section elementor-element elementor-element-3303a7e3 elementor-section-boxed elementor-section-height-default elementor-section-height-default\" data-id=\"3303a7e3\" data-element_type=\"section\">\n\t\t\t\t\t\t<div class=\"elementor-container elementor-column-gap-default\">\n\t\t\t\t\t<div class=\"elementor-column elementor-col-100 elementor-top-column elementor-element elementor-element-16d72dbf\" data-id=\"16d72dbf\" data-element_type=\"column\">\n\t\t\t<div class=\"elementor-widget-wrap elementor-element-populated\">\n\t\t\t\t\t\t\t\t<div class=\"elementor-element elementor-element-d743c03 elementor-widget elementor-widget-text-editor\" data-id=\"d743c03\" data-element_type=\"widget\" data-widget_type=\"text-editor.default\">\n\t\t\t\t<div class=\"elementor-widget-container\">\n\t\t\t\t\t\t\t<h2>W\u00c4HLEN SIE UNTEN IHRE AKTIVIT\u00c4T AUS, UM GESCHENKGUTSCHEINE \/ TICKETS ZU VERSCHENKEN ODER ZU BUCHEN.<\/h2><table border=\"0\" width=\"580\" cellspacing=\"10\" cellpadding=\"10\"><tbody><tr><td width=\"50%\"><strong>EASY RAFTING &#8211; SCHAFFHAUSEN-R\u00dcDLINGEN Tagestour + Aperitif (1-12 Pers.)<\/strong><\/td><td><strong>CHF 1&#8217;849.00 Pauschal<span class=\"productPrice\"><br \/><\/span><\/strong><\/td><\/tr><tr><td>Weitere Informationen<\/td><td><span class=\"plbl\">&#8211; Jugendpreis : <span class=\"patt\"><strong>CHF 79.00<\/strong>\/Pers. bis 17 j\u00e4hrig <br \/><\/span><\/span><span class=\"patt\">&#8211; Mindestalter : 5 j\u00e4hrig<br \/><\/span><span class=\"patt\">&#8211; Auf Anfrage Lunchpaket : <strong>CHF 35.00<\/strong>\/Pers.<br \/>&#8211; Schulpreis : <span class=\"patt\" style=\"font-family: inherit; font-size: inherit;\"><span class=\"plbl\"><a href=\"https:\/\/www.swissraft.ch\/de\/kontakt\/\">Kontaktieren Sie uns<\/a><\/span><\/span><\/span><\/td><\/tr><tr><td>Strecke<\/td><td><strong>Schaffhausen-R\u00fcdlingen<\/strong><\/td><\/tr><tr><td>Starzeit<\/td><td>10h00<\/td><\/tr><tr><td>Easy Rafting oder Fun Rafting<\/td><td>ca. 4,5 Std.<\/td><\/tr><tr><td>Gesamtdauer<\/td><td>ca. 6,5 Std.<\/td><\/tr><tr><td>Treffpunkt<\/td><td><span style=\"color: #ff6600;\"><a href=\"https:\/\/www.google.com\/maps\/place\/47%C2%B040'41.3%22N+8%C2%B036'40.1%22E\/@47.6782617,8.6083065,483m\/data=!3m1!1e3!4m4!3m3!8m2!3d47.6781389!4d8.6111389?entry=ttu\" target=\"_blank\" rel=\"noopener\">Neuhausen<\/a><\/span><\/td><\/tr><tr><td>Schwierigkeit<\/td><td>1<\/td><\/tr><tr><td><button class=\"elementor-button\" type=\"button\"><a href=\"https:\/\/swissraft.outdoorbooking.ch\/fo\/products\/1813?base_id=78&amp;category_id=10&amp;order_type=gift_voucher&amp;lang=fr\" target=\"_blank\" rel=\"noopener\">GUTSCHEIN \/ TICKET KAUFEN<\/a><\/button><\/td><td style=\"text-align: left;\"><a href=\"https:\/\/swissraft.outdoorbooking.ch\/fo\/products\/1813?base_id=78&amp;category_id=10&amp;order_type=event&amp;lang=de\" target=\"_blank\" rel=\"noopener\">RESERVIEREN SIE EIN DATUM<\/a>\u00a0\u00a0<br \/><strong>\u00a0CHF 1&#8217;849.00 (1-12 Pers.)<\/strong><\/td><\/tr><tr><td><button class=\"elementor-button\" type=\"button\"><a href=\"https:\/\/swissraft.outdoorbooking.ch\/fo\/products\/1889?base_id=78&amp;category_id=10&amp;order_type=gift_voucher&amp;lang=fr\" target=\"_blank\" rel=\"noopener\">GUTSCHEIN \/ TICKET KAUFEN<\/a><\/button><\/td><td style=\"text-align: left;\"><a href=\"https:\/\/swissraft.outdoorbooking.ch\/fo\/products\/1889?base_id=78&amp;category_id=10&amp;order_type=event&amp;lang=de\" target=\"_blank\" rel=\"noopener\">RESERVIEREN SIE EIN DATUM<\/a>\u00a0 \u00a0<strong>CHF 154.00<\/strong>\/Pers.<strong> (13-20 <\/strong><strong>Pers<\/strong><strong>.)<\/strong><\/td><\/tr><tr><td><button class=\"elementor-button\" type=\"button\"><a href=\"https:\/\/swissraft.outdoorbooking.ch\/fo\/products\/1890?base_id=78&amp;category_id=10&amp;order_type=gift_voucher&amp;lang=fr\" target=\"_blank\" rel=\"noopener\">GUTSCHEIN \/ TICKET KAUFEN<\/a><\/button><\/td><td style=\"text-align: left;\"><a href=\"https:\/\/swissraft.outdoorbooking.ch\/fo\/products\/1890?base_id=78&amp;category_id=10&amp;order_type=event&amp;lang=de\" target=\"_blank\" rel=\"noopener\">RESERVIEREN SIE EIN DATUM<\/a>\u00a0 \u00a0<strong>CHF 144.00<\/strong>\/Pers.<strong> (21-30 <\/strong><strong>Pers<\/strong><strong>.)<\/strong><\/td><\/tr><tr><td><button class=\"elementor-button\" type=\"button\"><a href=\"https:\/\/swissraft.outdoorbooking.ch\/fo\/products\/1958?base_id=78&amp;category_id=10&amp;order_type=gift_voucher&amp;lang=fr\" target=\"_blank\" rel=\"noopener\">GUTSCHEIN \/ TICKET KAUFEN<\/a><\/button><\/td><td style=\"text-align: left;\"><a href=\"https:\/\/swissraft.outdoorbooking.ch\/fo\/products\/1958?base_id=78&amp;category_id=10&amp;order_type=event&amp;lang=de\" target=\"_blank\" rel=\"noopener\">RESERVIEREN SIE EIN DATUM<\/a>\u00a0 \u00a0<strong>CHF 134.00<\/strong>\/Pers.<strong> (31\u00a0<\/strong><strong>Pers.<\/strong><strong>\u00a0und mehr)<\/strong><\/td><\/tr><\/tbody><\/table>\t\t\t\t\t\t<\/div>\n\t\t\t\t<\/div>\n\t\t\t\t<div class=\"elementor-element elementor-element-b6b70fd elementor-widget elementor-widget-text-editor\" data-id=\"b6b70fd\" data-element_type=\"widget\" data-widget_type=\"text-editor.default\">\n\t\t\t\t<div class=\"elementor-widget-container\">\n\t\t\t\t\t\t\t\t\t\t\t\t\t<\/div>\n\t\t\t\t<\/div>\n\t\t\t\t\t<\/div>\n\t\t<\/div>\n\t\t\t\t\t\t\t<\/div>\n\t\t<\/section>\n\t\t\t\t\t\t\t<\/div>\n\t\t","protected":false},"excerpt":{"rendered":"<div align=\"justify\">\n<h2 align=\"justify\">Easy Rafting Schaffhausen-R\u00fcdlingen auf dem Rhein, das Abenteuer eines Tages zwischen Schaffhausen und R\u00fcdlingen<\/h2>\n<h3>Easy Rafting und ein entspannter Tag auf dem Rhein; Sie werden diese Fahrt genie\u00dfen.<\/h3>\n<\/div>\n<div align=\"justify\">\n<p>Ein Tag <strong>Easy Rafting<\/strong> auf dem Rhein zwischen Schaffhausen und R\u00fcdlingen! Diese Strecke ist ideal f\u00fcr Unternehmen, die ihren Mitarbeitern einen entspannenden Tag bieten m\u00f6chten. Am Morgen umrunden wir einen Staudamm, bevor wir neben dem Kloster Rheinau ein Picknick machen. Nach einer gem\u00fctlichen Mittagspause setzen wir unsere <strong>Easy Rafting<\/strong> Tour auf dem Rhein fort. Am Nachmittag erwarten uns zwei weitere Wehre, bevor wir die Thurm\u00fcndung passieren und R\u00fcdlingen erreichen.<\/p>\n<h3>In der Schweiz gibt es viele Alternativen zum Easy Rafting auf dem Rhein.<\/h3>\n<p id=\"textarea\" style=\"display: none;\">\nSwissraft bietet auch f\u00fcnf <strong>Fun Rafting<\/strong> Strecken auf der Reuss an: Mellingen &#8211; Gebenstorf, Bremgarten &#8211; Gebenstorf, Bremgarten &#8211; Gnadental, Bremgarten &#8211; Mellingen. Aber auch Gisikon &#8211; Ottenbach in den Kantonen Luzern und Z\u00fcrich. Au\u00dferdem bieten wir Ihnen <strong>Easy Rafting<\/strong> auf der Saane im Kanton Waadt an. Easy Rafting auf der Rh\u00f4ne zwischen Chippis und St. L\u00e9onard im Wallis. Die L\u00fctschine in Interlaken im Berner Oberland. <strong>Easy Rafting<\/strong> auf der Aare zwischen Thun und Bern sowie Easy Rafting auf dem Ticino im Tessin und auf dem Inn im unteren Engadin.<br \/>\nM\u00f6chten Sie mehr Aktionen als diese Rheinfahrt?<br \/>\nNehmen Sie sich einen Moment Zeit, um sich unsere <strong>Riverrafting-Angebote<\/strong> anzusehen. Swissraft bietet <strong>Raftingstrecken<\/strong> auf allen befahrbaren Fl\u00fcssen in der Schweiz und im benachbarten Frankreich an.\n<\/p>\n<p><a id=\"seeMore\" onclick=\"toggleSeeMore()\" href=\"javascript:void(0);\">Lesen Sie mehr<\/a><\/p>\n","protected":false},"featured_media":84910,"comment_status":"open","ping_status":"closed","template":"","meta":{"inline_featured_image":false,"_mi_skip_tracking":false},"product_cat":[337,314],"product_tag":[],"class_list":["post-91498","product","type-product","status-publish","has-post-thumbnail","hentry","product_cat-easy-rafting-rhein","product_cat-easy-rafting-in-der-schweiz"],"yoast_head":"<!-- This site is optimized with the Yoast SEO plugin v23.6 - https:\/\/yoast.com\/wordpress\/plugins\/seo\/ -->\n<title>Easy Rafting Schaffhausen-R\u00fcdlingen auf dem Rhein; ein Tag<\/title>\n<meta name=\"description\" content=\"Easy rafting Schaffhausen-R\u00fcdlingen f\u00fcr ein Unternehmen, das seinen Mitarbeitern einen entspannenden Tag mit Picknick bieten m\u00f6chte.\" \/>\n<meta name=\"robots\" content=\"index, follow, max-snippet:-1, max-image-preview:large, max-video-preview:-1\" \/>\n<link rel=\"canonical\" href=\"https:\/\/www.swissraft.ch\/de\/produkt\/easy-rafting-rhein-schaffhausen-ruedlingen\/\" \/>\n<meta property=\"og:locale\" content=\"de_DE\" \/>\n<meta property=\"og:type\" content=\"article\" \/>\n<meta property=\"og:title\" content=\"Easy Rafting Schaffhausen-R\u00fcdlingen auf dem Rhein; ein Tag\" \/>\n<meta property=\"og:description\" content=\"Easy rafting Schaffhausen-R\u00fcdlingen f\u00fcr ein Unternehmen, das seinen Mitarbeitern einen entspannenden Tag mit Picknick bieten m\u00f6chte.\" \/>\n<meta property=\"og:url\" content=\"https:\/\/www.swissraft.ch\/de\/produkt\/easy-rafting-rhein-schaffhausen-ruedlingen\/\" \/>\n<meta property=\"og:site_name\" content=\"Swissraft\" \/>\n<meta property=\"article:modified_time\" content=\"2026-03-02T20:32:31+00:00\" \/>\n<meta property=\"og:image\" content=\"https:\/\/www.swissraft.ch\/wp-content\/uploads\/2023\/02\/1-Schaffhausen-Rudlingen-776x776-1.jpg\" \/>\n\t<meta property=\"og:image:width\" content=\"776\" \/>\n\t<meta property=\"og:image:height\" content=\"776\" \/>\n\t<meta property=\"og:image:type\" content=\"image\/jpeg\" \/>\n<meta name=\"twitter:card\" content=\"summary_large_image\" \/>\n<meta name=\"twitter:label1\" content=\"Gesch\u00e4tzte Lesezeit\" \/>\n\t<meta name=\"twitter:data1\" content=\"1\u00a0Minute\" \/>\n<script type=\"application\/ld+json\" class=\"yoast-schema-graph\">{\"@context\":\"https:\/\/schema.org\",\"@graph\":[{\"@type\":\"WebPage\",\"@id\":\"https:\/\/www.swissraft.ch\/de\/produkt\/easy-rafting-rhein-schaffhausen-ruedlingen\/\",\"url\":\"https:\/\/www.swissraft.ch\/de\/produkt\/easy-rafting-rhein-schaffhausen-ruedlingen\/\",\"name\":\"Easy Rafting Schaffhausen-R\u00fcdlingen auf dem Rhein; ein Tag\",\"isPartOf\":{\"@id\":\"https:\/\/www.swissraft.ch\/de\/#website\"},\"primaryImageOfPage\":{\"@id\":\"https:\/\/www.swissraft.ch\/de\/produkt\/easy-rafting-rhein-schaffhausen-ruedlingen\/#primaryimage\"},\"image\":{\"@id\":\"https:\/\/www.swissraft.ch\/de\/produkt\/easy-rafting-rhein-schaffhausen-ruedlingen\/#primaryimage\"},\"thumbnailUrl\":\"https:\/\/www.swissraft.ch\/wp-content\/uploads\/2023\/02\/1-Schaffhausen-Rudlingen-776x776-1.jpg\",\"datePublished\":\"2023-02-25T13:45:03+00:00\",\"dateModified\":\"2026-03-02T20:32:31+00:00\",\"description\":\"Easy rafting Schaffhausen-R\u00fcdlingen f\u00fcr ein Unternehmen, das seinen Mitarbeitern einen entspannenden Tag mit Picknick bieten m\u00f6chte.\",\"breadcrumb\":{\"@id\":\"https:\/\/www.swissraft.ch\/de\/produkt\/easy-rafting-rhein-schaffhausen-ruedlingen\/#breadcrumb\"},\"inLanguage\":\"de\",\"potentialAction\":[{\"@type\":\"ReadAction\",\"target\":[\"https:\/\/www.swissraft.ch\/de\/produkt\/easy-rafting-rhein-schaffhausen-ruedlingen\/\"]}]},{\"@type\":\"ImageObject\",\"inLanguage\":\"de\",\"@id\":\"https:\/\/www.swissraft.ch\/de\/produkt\/easy-rafting-rhein-schaffhausen-ruedlingen\/#primaryimage\",\"url\":\"https:\/\/www.swissraft.ch\/wp-content\/uploads\/2023\/02\/1-Schaffhausen-Rudlingen-776x776-1.jpg\",\"contentUrl\":\"https:\/\/www.swissraft.ch\/wp-content\/uploads\/2023\/02\/1-Schaffhausen-Rudlingen-776x776-1.jpg\",\"width\":776,\"height\":776,\"caption\":\"Easy Rafting auf dem Rhein von Schaffhausen nach R\u00fcdlingen\"},{\"@type\":\"BreadcrumbList\",\"@id\":\"https:\/\/www.swissraft.ch\/de\/produkt\/easy-rafting-rhein-schaffhausen-ruedlingen\/#breadcrumb\",\"itemListElement\":[{\"@type\":\"ListItem\",\"position\":1,\"name\":\"Accueil\",\"item\":\"https:\/\/www.swissraft.ch\/de\/\"},{\"@type\":\"ListItem\",\"position\":2,\"name\":\"Shop\",\"item\":\"https:\/\/www.swissraft.ch\/de\/shop\/\"},{\"@type\":\"ListItem\",\"position\":3,\"name\":\"Easy Rafting auf dem RHEIN &#8211; SCHAFFHAUSEN &#8211; R\u00dcDLINGEN &#8211; Ab CHF 109.00\"}]},{\"@type\":\"WebSite\",\"@id\":\"https:\/\/www.swissraft.ch\/de\/#website\",\"url\":\"https:\/\/www.swissraft.ch\/de\/\",\"name\":\"Swissraft\",\"description\":\"To enjoy nature as it is\",\"publisher\":{\"@id\":\"https:\/\/www.swissraft.ch\/de\/#organization\"},\"potentialAction\":[{\"@type\":\"SearchAction\",\"target\":{\"@type\":\"EntryPoint\",\"urlTemplate\":\"https:\/\/www.swissraft.ch\/de\/?s={search_term_string}\"},\"query-input\":{\"@type\":\"PropertyValueSpecification\",\"valueRequired\":true,\"valueName\":\"search_term_string\"}}],\"inLanguage\":\"de\"},{\"@type\":\"Organization\",\"@id\":\"https:\/\/www.swissraft.ch\/de\/#organization\",\"name\":\"Swissraft\",\"url\":\"https:\/\/www.swissraft.ch\/de\/\",\"logo\":{\"@type\":\"ImageObject\",\"inLanguage\":\"de\",\"@id\":\"https:\/\/www.swissraft.ch\/de\/#\/schema\/logo\/image\/\",\"url\":\"https:\/\/www.swissraft.ch\/wp-content\/uploads\/2025\/09\/Capture.jpg\",\"contentUrl\":\"https:\/\/www.swissraft.ch\/wp-content\/uploads\/2025\/09\/Capture.jpg\",\"width\":293,\"height\":108,\"caption\":\"Swissraft\"},\"image\":{\"@id\":\"https:\/\/www.swissraft.ch\/de\/#\/schema\/logo\/image\/\"}}]}<\/script>\n<!-- \/ Yoast SEO plugin. -->","yoast_head_json":{"title":"Easy Rafting Schaffhausen-R\u00fcdlingen auf dem Rhein; ein Tag","description":"Easy rafting Schaffhausen-R\u00fcdlingen f\u00fcr ein Unternehmen, das seinen Mitarbeitern einen entspannenden Tag mit Picknick bieten m\u00f6chte.","robots":{"index":"index","follow":"follow","max-snippet":"max-snippet:-1","max-image-preview":"max-image-preview:large","max-video-preview":"max-video-preview:-1"},"canonical":"https:\/\/www.swissraft.ch\/de\/produkt\/easy-rafting-rhein-schaffhausen-ruedlingen\/","og_locale":"de_DE","og_type":"article","og_title":"Easy Rafting Schaffhausen-R\u00fcdlingen auf dem Rhein; ein Tag","og_description":"Easy rafting Schaffhausen-R\u00fcdlingen f\u00fcr ein Unternehmen, das seinen Mitarbeitern einen entspannenden Tag mit Picknick bieten m\u00f6chte.","og_url":"https:\/\/www.swissraft.ch\/de\/produkt\/easy-rafting-rhein-schaffhausen-ruedlingen\/","og_site_name":"Swissraft","article_modified_time":"2026-03-02T20:32:31+00:00","og_image":[{"width":776,"height":776,"url":"https:\/\/www.swissraft.ch\/wp-content\/uploads\/2023\/02\/1-Schaffhausen-Rudlingen-776x776-1.jpg","type":"image\/jpeg"}],"twitter_card":"summary_large_image","twitter_misc":{"Gesch\u00e4tzte Lesezeit":"1\u00a0Minute"},"schema":{"@context":"https:\/\/schema.org","@graph":[{"@type":"WebPage","@id":"https:\/\/www.swissraft.ch\/de\/produkt\/easy-rafting-rhein-schaffhausen-ruedlingen\/","url":"https:\/\/www.swissraft.ch\/de\/produkt\/easy-rafting-rhein-schaffhausen-ruedlingen\/","name":"Easy Rafting Schaffhausen-R\u00fcdlingen auf dem Rhein; ein Tag","isPartOf":{"@id":"https:\/\/www.swissraft.ch\/de\/#website"},"primaryImageOfPage":{"@id":"https:\/\/www.swissraft.ch\/de\/produkt\/easy-rafting-rhein-schaffhausen-ruedlingen\/#primaryimage"},"image":{"@id":"https:\/\/www.swissraft.ch\/de\/produkt\/easy-rafting-rhein-schaffhausen-ruedlingen\/#primaryimage"},"thumbnailUrl":"https:\/\/www.swissraft.ch\/wp-content\/uploads\/2023\/02\/1-Schaffhausen-Rudlingen-776x776-1.jpg","datePublished":"2023-02-25T13:45:03+00:00","dateModified":"2026-03-02T20:32:31+00:00","description":"Easy rafting Schaffhausen-R\u00fcdlingen f\u00fcr ein Unternehmen, das seinen Mitarbeitern einen entspannenden Tag mit Picknick bieten m\u00f6chte.","breadcrumb":{"@id":"https:\/\/www.swissraft.ch\/de\/produkt\/easy-rafting-rhein-schaffhausen-ruedlingen\/#breadcrumb"},"inLanguage":"de","potentialAction":[{"@type":"ReadAction","target":["https:\/\/www.swissraft.ch\/de\/produkt\/easy-rafting-rhein-schaffhausen-ruedlingen\/"]}]},{"@type":"ImageObject","inLanguage":"de","@id":"https:\/\/www.swissraft.ch\/de\/produkt\/easy-rafting-rhein-schaffhausen-ruedlingen\/#primaryimage","url":"https:\/\/www.swissraft.ch\/wp-content\/uploads\/2023\/02\/1-Schaffhausen-Rudlingen-776x776-1.jpg","contentUrl":"https:\/\/www.swissraft.ch\/wp-content\/uploads\/2023\/02\/1-Schaffhausen-Rudlingen-776x776-1.jpg","width":776,"height":776,"caption":"Easy Rafting auf dem Rhein von Schaffhausen nach R\u00fcdlingen"},{"@type":"BreadcrumbList","@id":"https:\/\/www.swissraft.ch\/de\/produkt\/easy-rafting-rhein-schaffhausen-ruedlingen\/#breadcrumb","itemListElement":[{"@type":"ListItem","position":1,"name":"Accueil","item":"https:\/\/www.swissraft.ch\/de\/"},{"@type":"ListItem","position":2,"name":"Shop","item":"https:\/\/www.swissraft.ch\/de\/shop\/"},{"@type":"ListItem","position":3,"name":"Easy Rafting auf dem RHEIN &#8211; SCHAFFHAUSEN &#8211; R\u00dcDLINGEN &#8211; Ab CHF 109.00"}]},{"@type":"WebSite","@id":"https:\/\/www.swissraft.ch\/de\/#website","url":"https:\/\/www.swissraft.ch\/de\/","name":"Swissraft","description":"To enjoy nature as it is","publisher":{"@id":"https:\/\/www.swissraft.ch\/de\/#organization"},"potentialAction":[{"@type":"SearchAction","target":{"@type":"EntryPoint","urlTemplate":"https:\/\/www.swissraft.ch\/de\/?s={search_term_string}"},"query-input":{"@type":"PropertyValueSpecification","valueRequired":true,"valueName":"search_term_string"}}],"inLanguage":"de"},{"@type":"Organization","@id":"https:\/\/www.swissraft.ch\/de\/#organization","name":"Swissraft","url":"https:\/\/www.swissraft.ch\/de\/","logo":{"@type":"ImageObject","inLanguage":"de","@id":"https:\/\/www.swissraft.ch\/de\/#\/schema\/logo\/image\/","url":"https:\/\/www.swissraft.ch\/wp-content\/uploads\/2025\/09\/Capture.jpg","contentUrl":"https:\/\/www.swissraft.ch\/wp-content\/uploads\/2025\/09\/Capture.jpg","width":293,"height":108,"caption":"Swissraft"},"image":{"@id":"https:\/\/www.swissraft.ch\/de\/#\/schema\/logo\/image\/"}}]}},"_links":{"self":[{"href":"https:\/\/www.swissraft.ch\/de\/wp-json\/wp\/v2\/product\/91498","targetHints":{"allow":["GET"]}}],"collection":[{"href":"https:\/\/www.swissraft.ch\/de\/wp-json\/wp\/v2\/product"}],"about":[{"href":"https:\/\/www.swissraft.ch\/de\/wp-json\/wp\/v2\/types\/product"}],"replies":[{"embeddable":true,"href":"https:\/\/www.swissraft.ch\/de\/wp-json\/wp\/v2\/comments?post=91498"}],"version-history":[{"count":38,"href":"https:\/\/www.swissraft.ch\/de\/wp-json\/wp\/v2\/product\/91498\/revisions"}],"predecessor-version":[{"id":131338,"href":"https:\/\/www.swissraft.ch\/de\/wp-json\/wp\/v2\/product\/91498\/revisions\/131338"}],"wp:featuredmedia":[{"embeddable":true,"href":"https:\/\/www.swissraft.ch\/de\/wp-json\/wp\/v2\/media\/84910"}],"wp:attachment":[{"href":"https:\/\/www.swissraft.ch\/de\/wp-json\/wp\/v2\/media?parent=91498"}],"wp:term":[{"taxonomy":"product_cat","embeddable":true,"href":"https:\/\/www.swissraft.ch\/de\/wp-json\/wp\/v2\/product_cat?post=91498"},{"taxonomy":"product_tag","embeddable":true,"href":"https:\/\/www.swissraft.ch\/de\/wp-json\/wp\/v2\/product_tag?post=91498"}],"curies":[{"name":"wp","href":"https:\/\/api.w.org\/{rel}","templated":true}]}}